{"id":16263,"date":"2019-07-04T09:34:19","date_gmt":"2019-07-04T09:34:19","guid":{"rendered":"https:\/\/stg.visualarq.com\/rhinobim\/"},"modified":"2024-09-03T16:08:56","modified_gmt":"2024-09-03T16:08:56","slug":"rhinobim","status":"publish","type":"page","link":"https:\/\/stg.visualarq.com\/es\/info\/rhinobim\/","title":{"rendered":"RhinoBIM"},"content":{"rendered":"<img loading=\"lazy\" decoding=\"async\" src=\"https:\/\/stg.visualarq.com\/wp-content\/uploads\/2019\/07\/RhinoBIM-Randall-Stout-500.jpg\" alt=\"\" width=\"500\" height=\"506\" class=\"alignright size-full wp-image-16105\" srcset=\"https:\/\/stg.visualarq.com\/wp-content\/uploads\/2019\/07\/RhinoBIM-Randall-Stout-500.jpg 500w, https:\/\/stg.visualarq.com\/wp-content\/uploads\/2019\/07\/RhinoBIM-Randall-Stout-500-296x300.jpg 296w\" sizes=\"(max-width: 500px) 100vw, 500px\" \/>\n<h1>RhinoBIM<\/h1>\nRhinoBIM era un plug-in de Rhino que ofrec\u00eda herramientas para el dise\u00f1o y el an\u00e1lisis estructural con el fin de mejorar Rhino para las industrias de arquitectura, ingenier\u00eda y construcci\u00f3n. \n\nEl desarrollo que empezaron Virtual Build Technologies LLC. y Asuni se ha suspendido y el plug-in ya no est\u00e1 disponible.\n\n&nbsp;\n<h3>Funciones de RhinoBIM en VisualARQ<\/h3>\nMuchas de las funciones existentes de RhinoBIM est\u00e1n disponibles en VisualARQ:\n<ul>\n<li>Librer\u00eda de perfiles de acero (EURO y AISC) para generar vigas y pilares param\u00e9tricos.<\/li>\n<li>Herramienta para generar vigas desde curvas (<a href=\"https:\/\/youtu.be\/R54yzuQ9UWw\">v\u00eddeo<\/a>)<\/li>\n<li>Componentes en Grasshopper para generar elementos estructurales. (<a href=\"https:\/\/youtu.be\/SyX2MPU8b7k\">v\u00eddeo<\/a>)<\/li>\n<li><a href=\"https:\/\/stg.visualarq.com\/features\/collaboration\/ifc\/\">Importaci\u00f3n y exportaci\u00f3n IFC<\/a><\/li>\n<li>Tablas de cuantificaci\u00f3n (<a href=\"https:\/\/youtu.be\/JluPcjB02Is\">v\u00eddeo<\/a>)<\/li>\n<\/ul>\n\n&nbsp;\n<h3>&#8230;Pr\u00f3ximamente:<\/h3>\nHay otras funciones que se integrar\u00e1n en VisualARQ 3:\n<ul>\n<li>Herramientas de an\u00e1lisis de interferencias<\/li>\n<li>Librer\u00edas de perfiles de acero globales<\/li>\n<\/ul>\n\nSi quiere que alguna de las funciones existentes en RhinoBIM est\u00e9 en VisualARQ, <a href=\"mailto:visualarq@asuni.com\">escr\u00edbanos<\/a> y la integraremos en futuras versiones.\n\nSi tiene una licencia de RhinoBIM, puede obtener VisualARQ a un precio especial. Para obtener m\u00e1s informaci\u00f3n, p\u00f3ngase en contacto con <a href=\"mailto:visualarq@asuni.com\">visualarq@asuni.com<\/a>.\n","protected":false},"excerpt":{"rendered":"<p>RhinoBIM RhinoBIM era un plug-in de Rhino que ofrec\u00eda herramientas para el dise\u00f1o y el an\u00e1lisis estructural con el fin de mejorar Rhino para las industrias de arquitectura, ingenier\u00eda y construcci\u00f3n. El desarrollo que empezaron Virtual Build Technologies LLC. y Asuni se ha suspendido y el plug-in ya no est\u00e1 disponible. &nbsp; Funciones de RhinoBIM [&hellip;]<\/p>\n","protected":false},"author":6,"featured_media":0,"parent":11700,"menu_order":0,"comment_status":"closed","ping_status":"closed","template":"","meta":{"_et_pb_use_builder":"","_et_pb_old_content":"","_et_gb_content_width":"","footnotes":""},"class_list":["post-16263","page","type-page","status-publish","hentry"],"yoast_head":"<!-- This site is optimized with the Yoast SEO plugin v27.3 - https:\/\/yoast.com\/product\/yoast-seo-wordpress\/ -->\n<title>RhinoBIM - VisualARQ<\/title>\n<meta name=\"robots\" content=\"noindex, follow, max-snippet:-1, max-image-preview:large, max-video-preview:-1\" \/>\n<meta property=\"og:locale\" content=\"es_ES\" \/>\n<meta property=\"og:type\" content=\"article\" \/>\n<meta property=\"og:title\" content=\"RhinoBIM - VisualARQ\" \/>\n<meta property=\"og:description\" content=\"RhinoBIM RhinoBIM era un plug-in de Rhino que ofrec\u00eda herramientas para el dise\u00f1o y el an\u00e1lisis estructural con el fin de mejorar Rhino para las industrias de arquitectura, ingenier\u00eda y construcci\u00f3n. El desarrollo que empezaron Virtual Build Technologies LLC. y Asuni se ha suspendido y el plug-in ya no est\u00e1 disponible. &nbsp; Funciones de RhinoBIM [&hellip;]\" \/>\n<meta property=\"og:url\" content=\"https:\/\/stg.visualarq.com\/es\/info\/rhinobim\/\" \/>\n<meta property=\"og:site_name\" content=\"VisualARQ\" \/>\n<meta property=\"article:publisher\" content=\"https:\/\/www.facebook.com\/visualarq\" \/>\n<meta property=\"article:modified_time\" content=\"2024-09-03T16:08:56+00:00\" \/>\n<meta property=\"og:image\" content=\"https:\/\/stg.visualarq.com\/wp-content\/uploads\/2019\/07\/RhinoBIM-Randall-Stout-500.jpg\" \/>\n<meta name=\"twitter:card\" content=\"summary_large_image\" \/>\n<meta name=\"twitter:site\" content=\"@VisualARQ\" \/>\n<meta name=\"twitter:label1\" content=\"Tiempo de lectura\" \/>\n\t<meta name=\"twitter:data1\" content=\"1 minuto\" \/>\n<script type=\"application\/ld+json\" class=\"yoast-schema-graph\">{\"@context\":\"https:\\\/\\\/schema.org\",\"@graph\":[{\"@type\":\"WebPage\",\"@id\":\"https:\\\/\\\/stg.visualarq.com\\\/es\\\/info\\\/rhinobim\\\/\",\"url\":\"https:\\\/\\\/stg.visualarq.com\\\/es\\\/info\\\/rhinobim\\\/\",\"name\":\"RhinoBIM - VisualARQ\",\"isPartOf\":{\"@id\":\"https:\\\/\\\/stg.visualarq.com\\\/es\\\/#website\"},\"primaryImageOfPage\":{\"@id\":\"https:\\\/\\\/stg.visualarq.com\\\/es\\\/info\\\/rhinobim\\\/#primaryimage\"},\"image\":{\"@id\":\"https:\\\/\\\/stg.visualarq.com\\\/es\\\/info\\\/rhinobim\\\/#primaryimage\"},\"thumbnailUrl\":\"https:\\\/\\\/stg.visualarq.com\\\/wp-content\\\/uploads\\\/2019\\\/07\\\/RhinoBIM-Randall-Stout-500.jpg\",\"datePublished\":\"2019-07-04T09:34:19+00:00\",\"dateModified\":\"2024-09-03T16:08:56+00:00\",\"breadcrumb\":{\"@id\":\"https:\\\/\\\/stg.visualarq.com\\\/es\\\/info\\\/rhinobim\\\/#breadcrumb\"},\"inLanguage\":\"es\",\"potentialAction\":[{\"@type\":\"ReadAction\",\"target\":[\"https:\\\/\\\/stg.visualarq.com\\\/es\\\/info\\\/rhinobim\\\/\"]}]},{\"@type\":\"ImageObject\",\"inLanguage\":\"es\",\"@id\":\"https:\\\/\\\/stg.visualarq.com\\\/es\\\/info\\\/rhinobim\\\/#primaryimage\",\"url\":\"https:\\\/\\\/stg.visualarq.com\\\/wp-content\\\/uploads\\\/2019\\\/07\\\/RhinoBIM-Randall-Stout-500.jpg\",\"contentUrl\":\"https:\\\/\\\/stg.visualarq.com\\\/wp-content\\\/uploads\\\/2019\\\/07\\\/RhinoBIM-Randall-Stout-500.jpg\"},{\"@type\":\"BreadcrumbList\",\"@id\":\"https:\\\/\\\/stg.visualarq.com\\\/es\\\/info\\\/rhinobim\\\/#breadcrumb\",\"itemListElement\":[{\"@type\":\"ListItem\",\"position\":1,\"name\":\"Home\",\"item\":\"https:\\\/\\\/stg.visualarq.com\\\/es\\\/home\\\/\"},{\"@type\":\"ListItem\",\"position\":2,\"name\":\"Info\",\"item\":\"https:\\\/\\\/stg.visualarq.com\\\/es\\\/info\\\/\"},{\"@type\":\"ListItem\",\"position\":3,\"name\":\"RhinoBIM\"}]},{\"@type\":\"WebSite\",\"@id\":\"https:\\\/\\\/stg.visualarq.com\\\/es\\\/#website\",\"url\":\"https:\\\/\\\/stg.visualarq.com\\\/es\\\/\",\"name\":\"VisualARQ\",\"description\":\"Flexible BIM for Rhino\",\"potentialAction\":[{\"@type\":\"SearchAction\",\"target\":{\"@type\":\"EntryPoint\",\"urlTemplate\":\"https:\\\/\\\/stg.visualarq.com\\\/es\\\/?s={search_term_string}\"},\"query-input\":{\"@type\":\"PropertyValueSpecification\",\"valueRequired\":true,\"valueName\":\"search_term_string\"}}],\"inLanguage\":\"es\"}]}<\/script>\n<!-- \/ Yoast SEO plugin. -->","yoast_head_json":{"title":"RhinoBIM - VisualARQ","robots":{"index":"noindex","follow":"follow","max-snippet":"max-snippet:-1","max-image-preview":"max-image-preview:large","max-video-preview":"max-video-preview:-1"},"og_locale":"es_ES","og_type":"article","og_title":"RhinoBIM - VisualARQ","og_description":"RhinoBIM RhinoBIM era un plug-in de Rhino que ofrec\u00eda herramientas para el dise\u00f1o y el an\u00e1lisis estructural con el fin de mejorar Rhino para las industrias de arquitectura, ingenier\u00eda y construcci\u00f3n. El desarrollo que empezaron Virtual Build Technologies LLC. y Asuni se ha suspendido y el plug-in ya no est\u00e1 disponible. &nbsp; Funciones de RhinoBIM [&hellip;]","og_url":"https:\/\/stg.visualarq.com\/es\/info\/rhinobim\/","og_site_name":"VisualARQ","article_publisher":"https:\/\/www.facebook.com\/visualarq","article_modified_time":"2024-09-03T16:08:56+00:00","og_image":[{"url":"https:\/\/stg.visualarq.com\/wp-content\/uploads\/2019\/07\/RhinoBIM-Randall-Stout-500.jpg","type":"","width":"","height":""}],"twitter_card":"summary_large_image","twitter_site":"@VisualARQ","twitter_misc":{"Tiempo de lectura":"1 minuto"},"schema":{"@context":"https:\/\/schema.org","@graph":[{"@type":"WebPage","@id":"https:\/\/stg.visualarq.com\/es\/info\/rhinobim\/","url":"https:\/\/stg.visualarq.com\/es\/info\/rhinobim\/","name":"RhinoBIM - VisualARQ","isPartOf":{"@id":"https:\/\/stg.visualarq.com\/es\/#website"},"primaryImageOfPage":{"@id":"https:\/\/stg.visualarq.com\/es\/info\/rhinobim\/#primaryimage"},"image":{"@id":"https:\/\/stg.visualarq.com\/es\/info\/rhinobim\/#primaryimage"},"thumbnailUrl":"https:\/\/stg.visualarq.com\/wp-content\/uploads\/2019\/07\/RhinoBIM-Randall-Stout-500.jpg","datePublished":"2019-07-04T09:34:19+00:00","dateModified":"2024-09-03T16:08:56+00:00","breadcrumb":{"@id":"https:\/\/stg.visualarq.com\/es\/info\/rhinobim\/#breadcrumb"},"inLanguage":"es","potentialAction":[{"@type":"ReadAction","target":["https:\/\/stg.visualarq.com\/es\/info\/rhinobim\/"]}]},{"@type":"ImageObject","inLanguage":"es","@id":"https:\/\/stg.visualarq.com\/es\/info\/rhinobim\/#primaryimage","url":"https:\/\/stg.visualarq.com\/wp-content\/uploads\/2019\/07\/RhinoBIM-Randall-Stout-500.jpg","contentUrl":"https:\/\/stg.visualarq.com\/wp-content\/uploads\/2019\/07\/RhinoBIM-Randall-Stout-500.jpg"},{"@type":"BreadcrumbList","@id":"https:\/\/stg.visualarq.com\/es\/info\/rhinobim\/#breadcrumb","itemListElement":[{"@type":"ListItem","position":1,"name":"Home","item":"https:\/\/stg.visualarq.com\/es\/home\/"},{"@type":"ListItem","position":2,"name":"Info","item":"https:\/\/stg.visualarq.com\/es\/info\/"},{"@type":"ListItem","position":3,"name":"RhinoBIM"}]},{"@type":"WebSite","@id":"https:\/\/stg.visualarq.com\/es\/#website","url":"https:\/\/stg.visualarq.com\/es\/","name":"VisualARQ","description":"Flexible BIM for Rhino","potentialAction":[{"@type":"SearchAction","target":{"@type":"EntryPoint","urlTemplate":"https:\/\/stg.visualarq.com\/es\/?s={search_term_string}"},"query-input":{"@type":"PropertyValueSpecification","valueRequired":true,"valueName":"search_term_string"}}],"inLanguage":"es"}]}},"_links":{"self":[{"href":"https:\/\/stg.visualarq.com\/es\/wp-json\/wp\/v2\/pages\/16263","targetHints":{"allow":["GET"]}}],"collection":[{"href":"https:\/\/stg.visualarq.com\/es\/wp-json\/wp\/v2\/pages"}],"about":[{"href":"https:\/\/stg.visualarq.com\/es\/wp-json\/wp\/v2\/types\/page"}],"author":[{"embeddable":true,"href":"https:\/\/stg.visualarq.com\/es\/wp-json\/wp\/v2\/users\/6"}],"replies":[{"embeddable":true,"href":"https:\/\/stg.visualarq.com\/es\/wp-json\/wp\/v2\/comments?post=16263"}],"version-history":[{"count":0,"href":"https:\/\/stg.visualarq.com\/es\/wp-json\/wp\/v2\/pages\/16263\/revisions"}],"up":[{"embeddable":true,"href":"https:\/\/stg.visualarq.com\/es\/wp-json\/wp\/v2\/pages\/11700"}],"wp:attachment":[{"href":"https:\/\/stg.visualarq.com\/es\/wp-json\/wp\/v2\/media?parent=16263"}],"curies":[{"name":"wp","href":"https:\/\/api.w.org\/{rel}","templated":true}]}}