{"id":20605,"date":"2020-10-21T14:29:06","date_gmt":"2020-10-21T14:29:06","guid":{"rendered":"https:\/\/stg.visualarq.com\/?page_id=20605"},"modified":"2024-10-01T07:45:18","modified_gmt":"2024-10-01T07:45:18","slug":"rhino7","status":"publish","type":"page","link":"https:\/\/stg.visualarq.com\/es\/download\/eval\/rhino7\/","title":{"rendered":"Evaluaci\u00f3n de Rhinoceros 7"},"content":{"rendered":"\n<h1 class=\"wp-block-heading\">Gracias por descargar VisualARQ<\/h1>\n\n<p>La descarga del instalador de la <strong>versi\u00f3n de evaluaci\u00f3n de 90 d\u00edas de VisualARQ para Rhinoceros 7<\/strong> empezar\u00e1 en unos segundos. Si la descarga no empieza autom\u00e1ticamente, <a href=\"[download-link]\">haga clic aqu\u00ed<\/a>.<\/p>\n\n<h3 class=\"wp-block-heading\">Requisitos<\/h3>\n\n<ul class=\"wp-block-list\">\n<li>Windows 8 \/ 10 \/ 11 (64 bits)<\/li>\n\n\n\n<li>Rhino 7 SR23 (<a href=\"https:\/\/www.rhino3d.com\/download\/rhino-for-windows\/7\/latest\">o posterior<\/a>)<\/li>\n<\/ul>\n\n\n<h3 class=\"wp-block-heading\">Instrucciones de instalaci\u00f3n<\/h3>\n\n<ul class=\"wp-block-list\">\n<li>Siga las instrucciones en pantalla para guardar el archivo en el disco duro.<\/li>\n\n\n\n<li>Cierre cualquier instancia de Rhinoceros en ejecuci\u00f3n.<\/li>\n\n\n\n<li>Si ten\u00eda una versi\u00f3n anterior de VisualARQ instalada, desinst\u00e1lela primero con la opci\u00f3n \u00abAgregar o eliminar programas\u00bb del panel de control de Windows\u00ae.<\/li>\n\n\n\n<li>Ejecute el instalador descargado y siga las instrucciones en pantalla hasta finalizar la instalaci\u00f3n.<\/li>\n\n\n\n<li>Si es necesario reiniciar, reinicie el equipo antes de ejecutar Rhinoceros.<\/li>\n<\/ul>\n\n<h3 class=\"wp-block-heading\">Notas de la evaluaci\u00f3n<\/h3>\n\n<ul class=\"wp-block-list\">\n<li>Si no ha probado VisualARQ en este equipo, la versi\u00f3n de evaluaci\u00f3n caducar\u00e1 90 d\u00edas despu\u00e9s de la instalaci\u00f3n.<\/li>\n\n\n\n<li>Si ha probado una versi\u00f3n anterior de VisualARQ en este equipo, la versi\u00f3n de evaluaci\u00f3n caducar\u00e1 15 d\u00edas despu\u00e9s de la instalaci\u00f3n.<\/li>\n<\/ul>\n","protected":false},"excerpt":{"rendered":"<p>Gracias por descargar VisualARQ La descarga del instalador de la versi\u00f3n de evaluaci\u00f3n de 90 d\u00edas de VisualARQ para Rhinoceros 7 empezar\u00e1 en unos segundos. Si la descarga no empieza autom\u00e1ticamente, haga clic aqu\u00ed. Requisitos Instrucciones de instalaci\u00f3n Notas de la evaluaci\u00f3n<\/p>\n","protected":false},"author":6,"featured_media":0,"parent":11579,"menu_order":0,"comment_status":"closed","ping_status":"closed","template":"page-download.php","meta":{"_et_pb_use_builder":"","_et_pb_old_content":"","_et_gb_content_width":"","footnotes":""},"class_list":["post-20605","page","type-page","status-publish","hentry"],"yoast_head":"<!-- This site is optimized with the Yoast SEO plugin v27.3 - https:\/\/yoast.com\/product\/yoast-seo-wordpress\/ -->\n<title>Evaluaci\u00f3n de Rhinoceros 7 - VisualARQ<\/title>\n<meta name=\"robots\" content=\"noindex, follow, max-snippet:-1, max-image-preview:large, max-video-preview:-1\" \/>\n<meta property=\"og:locale\" content=\"es_ES\" \/>\n<meta property=\"og:type\" content=\"article\" \/>\n<meta property=\"og:title\" content=\"Evaluaci\u00f3n de Rhinoceros 7 - VisualARQ\" \/>\n<meta property=\"og:description\" content=\"Gracias por descargar VisualARQ La descarga del instalador de la versi\u00f3n de evaluaci\u00f3n de 90 d\u00edas de VisualARQ para Rhinoceros 7 empezar\u00e1 en unos segundos. Si la descarga no empieza autom\u00e1ticamente, haga clic aqu\u00ed. Requisitos Instrucciones de instalaci\u00f3n Notas de la evaluaci\u00f3n\" \/>\n<meta property=\"og:url\" content=\"https:\/\/stg.visualarq.com\/es\/download\/eval\/rhino7\/\" \/>\n<meta property=\"og:site_name\" content=\"VisualARQ\" \/>\n<meta property=\"article:publisher\" content=\"https:\/\/www.facebook.com\/visualarq\" \/>\n<meta property=\"article:modified_time\" content=\"2024-10-01T07:45:18+00:00\" \/>\n<meta name=\"twitter:card\" content=\"summary_large_image\" \/>\n<meta name=\"twitter:site\" content=\"@VisualARQ\" \/>\n<meta name=\"twitter:label1\" content=\"Tiempo de lectura\" \/>\n\t<meta name=\"twitter:data1\" content=\"1 minuto\" \/>\n<script type=\"application\/ld+json\" class=\"yoast-schema-graph\">{\"@context\":\"https:\\\/\\\/schema.org\",\"@graph\":[{\"@type\":\"WebPage\",\"@id\":\"https:\\\/\\\/stg.visualarq.com\\\/es\\\/download\\\/eval\\\/rhino7\\\/\",\"url\":\"https:\\\/\\\/stg.visualarq.com\\\/es\\\/download\\\/eval\\\/rhino7\\\/\",\"name\":\"Evaluaci\u00f3n de Rhinoceros 7 - VisualARQ\",\"isPartOf\":{\"@id\":\"https:\\\/\\\/stg.visualarq.com\\\/es\\\/#website\"},\"datePublished\":\"2020-10-21T14:29:06+00:00\",\"dateModified\":\"2024-10-01T07:45:18+00:00\",\"breadcrumb\":{\"@id\":\"https:\\\/\\\/stg.visualarq.com\\\/es\\\/download\\\/eval\\\/rhino7\\\/#breadcrumb\"},\"inLanguage\":\"es\",\"potentialAction\":[{\"@type\":\"ReadAction\",\"target\":[\"https:\\\/\\\/stg.visualarq.com\\\/es\\\/download\\\/eval\\\/rhino7\\\/\"]}]},{\"@type\":\"BreadcrumbList\",\"@id\":\"https:\\\/\\\/stg.visualarq.com\\\/es\\\/download\\\/eval\\\/rhino7\\\/#breadcrumb\",\"itemListElement\":[{\"@type\":\"ListItem\",\"position\":1,\"name\":\"Home\",\"item\":\"https:\\\/\\\/stg.visualarq.com\\\/es\\\/home\\\/\"},{\"@type\":\"ListItem\",\"position\":2,\"name\":\"Descargar\",\"item\":\"https:\\\/\\\/stg.visualarq.com\\\/es\\\/download\\\/\"},{\"@type\":\"ListItem\",\"position\":3,\"name\":\"Descargar evaluaci\u00f3n\",\"item\":\"https:\\\/\\\/stg.visualarq.com\\\/es\\\/download\\\/eval\\\/\"},{\"@type\":\"ListItem\",\"position\":4,\"name\":\"Evaluaci\u00f3n de Rhinoceros 7\"}]},{\"@type\":\"WebSite\",\"@id\":\"https:\\\/\\\/stg.visualarq.com\\\/es\\\/#website\",\"url\":\"https:\\\/\\\/stg.visualarq.com\\\/es\\\/\",\"name\":\"VisualARQ\",\"description\":\"Flexible BIM for Rhino\",\"potentialAction\":[{\"@type\":\"SearchAction\",\"target\":{\"@type\":\"EntryPoint\",\"urlTemplate\":\"https:\\\/\\\/stg.visualarq.com\\\/es\\\/?s={search_term_string}\"},\"query-input\":{\"@type\":\"PropertyValueSpecification\",\"valueRequired\":true,\"valueName\":\"search_term_string\"}}],\"inLanguage\":\"es\"}]}<\/script>\n<!-- \/ Yoast SEO plugin. -->","yoast_head_json":{"title":"Evaluaci\u00f3n de Rhinoceros 7 - VisualARQ","robots":{"index":"noindex","follow":"follow","max-snippet":"max-snippet:-1","max-image-preview":"max-image-preview:large","max-video-preview":"max-video-preview:-1"},"og_locale":"es_ES","og_type":"article","og_title":"Evaluaci\u00f3n de Rhinoceros 7 - VisualARQ","og_description":"Gracias por descargar VisualARQ La descarga del instalador de la versi\u00f3n de evaluaci\u00f3n de 90 d\u00edas de VisualARQ para Rhinoceros 7 empezar\u00e1 en unos segundos. Si la descarga no empieza autom\u00e1ticamente, haga clic aqu\u00ed. Requisitos Instrucciones de instalaci\u00f3n Notas de la evaluaci\u00f3n","og_url":"https:\/\/stg.visualarq.com\/es\/download\/eval\/rhino7\/","og_site_name":"VisualARQ","article_publisher":"https:\/\/www.facebook.com\/visualarq","article_modified_time":"2024-10-01T07:45:18+00:00","twitter_card":"summary_large_image","twitter_site":"@VisualARQ","twitter_misc":{"Tiempo de lectura":"1 minuto"},"schema":{"@context":"https:\/\/schema.org","@graph":[{"@type":"WebPage","@id":"https:\/\/stg.visualarq.com\/es\/download\/eval\/rhino7\/","url":"https:\/\/stg.visualarq.com\/es\/download\/eval\/rhino7\/","name":"Evaluaci\u00f3n de Rhinoceros 7 - VisualARQ","isPartOf":{"@id":"https:\/\/stg.visualarq.com\/es\/#website"},"datePublished":"2020-10-21T14:29:06+00:00","dateModified":"2024-10-01T07:45:18+00:00","breadcrumb":{"@id":"https:\/\/stg.visualarq.com\/es\/download\/eval\/rhino7\/#breadcrumb"},"inLanguage":"es","potentialAction":[{"@type":"ReadAction","target":["https:\/\/stg.visualarq.com\/es\/download\/eval\/rhino7\/"]}]},{"@type":"BreadcrumbList","@id":"https:\/\/stg.visualarq.com\/es\/download\/eval\/rhino7\/#breadcrumb","itemListElement":[{"@type":"ListItem","position":1,"name":"Home","item":"https:\/\/stg.visualarq.com\/es\/home\/"},{"@type":"ListItem","position":2,"name":"Descargar","item":"https:\/\/stg.visualarq.com\/es\/download\/"},{"@type":"ListItem","position":3,"name":"Descargar evaluaci\u00f3n","item":"https:\/\/stg.visualarq.com\/es\/download\/eval\/"},{"@type":"ListItem","position":4,"name":"Evaluaci\u00f3n de Rhinoceros 7"}]},{"@type":"WebSite","@id":"https:\/\/stg.visualarq.com\/es\/#website","url":"https:\/\/stg.visualarq.com\/es\/","name":"VisualARQ","description":"Flexible BIM for Rhino","potentialAction":[{"@type":"SearchAction","target":{"@type":"EntryPoint","urlTemplate":"https:\/\/stg.visualarq.com\/es\/?s={search_term_string}"},"query-input":{"@type":"PropertyValueSpecification","valueRequired":true,"valueName":"search_term_string"}}],"inLanguage":"es"}]}},"_links":{"self":[{"href":"https:\/\/stg.visualarq.com\/es\/wp-json\/wp\/v2\/pages\/20605","targetHints":{"allow":["GET"]}}],"collection":[{"href":"https:\/\/stg.visualarq.com\/es\/wp-json\/wp\/v2\/pages"}],"about":[{"href":"https:\/\/stg.visualarq.com\/es\/wp-json\/wp\/v2\/types\/page"}],"author":[{"embeddable":true,"href":"https:\/\/stg.visualarq.com\/es\/wp-json\/wp\/v2\/users\/6"}],"replies":[{"embeddable":true,"href":"https:\/\/stg.visualarq.com\/es\/wp-json\/wp\/v2\/comments?post=20605"}],"version-history":[{"count":1,"href":"https:\/\/stg.visualarq.com\/es\/wp-json\/wp\/v2\/pages\/20605\/revisions"}],"predecessor-version":[{"id":40780,"href":"https:\/\/stg.visualarq.com\/es\/wp-json\/wp\/v2\/pages\/20605\/revisions\/40780"}],"up":[{"embeddable":true,"href":"https:\/\/stg.visualarq.com\/es\/wp-json\/wp\/v2\/pages\/11579"}],"wp:attachment":[{"href":"https:\/\/stg.visualarq.com\/es\/wp-json\/wp\/v2\/media?parent=20605"}],"curies":[{"name":"wp","href":"https:\/\/api.w.org\/{rel}","templated":true}]}}