{"id":26022,"date":"2022-03-23T13:02:29","date_gmt":"2022-03-23T13:02:29","guid":{"rendered":"https:\/\/stg.visualarq.com\/?page_id=26022"},"modified":"2025-01-14T11:08:20","modified_gmt":"2025-01-14T11:08:20","slug":"savanna-3d-r7","status":"publish","type":"page","link":"https:\/\/stg.visualarq.com\/es\/download\/savanna-3d-r7\/","title":{"rendered":"Savanna 3D R7"},"content":{"rendered":"\n<h1 class=\"wp-block-heading\">Gracias por comprar Savanna 3D R7<\/h1>\n\n<p>Con el <strong>c\u00f3digo promocional<\/strong> obtendr\u00e1 acceso para descargar el contenido de la librer\u00eda de Savanna desde la plataforma McNeel Miami, incluidos consejos y trucos, nuevas actualizaciones y mejoras que se agreguen durante un a\u00f1o.<\/p>\n\n<p>Tambi\u00e9n obtendr\u00e1 acceso para descargar la librer\u00eda Savanna 3D R6 (para Rhino 6).<\/p>\n\n<p>Despu\u00e9s de este per\u00edodo, puede seguir usando el contenido de la biblioteca descargada, pero el acceso a la plataforma ya no estar\u00e1 disponible.<\/p>\n\n<p><\/p>\n\n<ul class=\"wp-block-list\">\n<li>Para acceder a la plataforma de McNeel Miami, haga clic en <a href=\"https:\/\/www.rhino3d.education\/p\/savanna3d-r7\" target=\"_blank\" rel=\"noopener\"><strong>el siguiente enlace<\/strong><\/a>.<\/li>\n\n\n\n<li>Haga clic en el bot\u00f3n \u00abSubscribe to the SAVANNA3D Library\u00bb<\/li>\n\n\n\n<li>En la siguiente p\u00e1gina, haga clic en \u00abAdd Coupon Code\u00bb, introduzca el c\u00f3digo promocional y haga clic en el bot\u00f3n Apply.<\/li>\n\n\n\n<li>Agregue su informaci\u00f3n de contacto e inicie sesi\u00f3n.<\/li>\n<\/ul>\n\n<p><\/p>\n\n<h2 class=\"wp-block-heading\">Requisitos<\/h2>\n\n<ul class=\"wp-block-list\">\n<li>Windows 8.1 o posterior<\/li>\n\n\n\n<li>Rhinoceros 7<\/li>\n<\/ul>\n","protected":false},"excerpt":{"rendered":"<p>Gracias por comprar Savanna 3D R7 Con el c\u00f3digo promocional obtendr\u00e1 acceso para descargar el contenido de la librer\u00eda de Savanna desde la plataforma McNeel Miami, incluidos consejos y trucos, nuevas actualizaciones y mejoras que se agreguen durante un a\u00f1o. Tambi\u00e9n obtendr\u00e1 acceso para descargar la librer\u00eda Savanna 3D R6 (para Rhino 6). Despu\u00e9s de [&hellip;]<\/p>\n","protected":false},"author":6,"featured_media":0,"parent":11698,"menu_order":0,"comment_status":"closed","ping_status":"closed","template":"page-download.php","meta":{"_et_pb_use_builder":"","_et_pb_old_content":"","_et_gb_content_width":"","footnotes":""},"class_list":["post-26022","page","type-page","status-publish","hentry"],"yoast_head":"<!-- This site is optimized with the Yoast SEO plugin v27.3 - https:\/\/yoast.com\/product\/yoast-seo-wordpress\/ -->\n<title>Savanna 3D R7 - VisualARQ<\/title>\n<meta name=\"robots\" content=\"noindex, follow, max-snippet:-1, max-image-preview:large, max-video-preview:-1\" \/>\n<meta property=\"og:locale\" content=\"es_ES\" \/>\n<meta property=\"og:type\" content=\"article\" \/>\n<meta property=\"og:title\" content=\"Savanna 3D R7 - VisualARQ\" \/>\n<meta property=\"og:description\" content=\"Gracias por comprar Savanna 3D R7 Con el c\u00f3digo promocional obtendr\u00e1 acceso para descargar el contenido de la librer\u00eda de Savanna desde la plataforma McNeel Miami, incluidos consejos y trucos, nuevas actualizaciones y mejoras que se agreguen durante un a\u00f1o. Tambi\u00e9n obtendr\u00e1 acceso para descargar la librer\u00eda Savanna 3D R6 (para Rhino 6). Despu\u00e9s de [&hellip;]\" \/>\n<meta property=\"og:url\" content=\"https:\/\/stg.visualarq.com\/es\/download\/savanna-3d-r7\/\" \/>\n<meta property=\"og:site_name\" content=\"VisualARQ\" \/>\n<meta property=\"article:publisher\" content=\"https:\/\/www.facebook.com\/visualarq\" \/>\n<meta property=\"article:modified_time\" content=\"2025-01-14T11:08:20+00:00\" \/>\n<meta name=\"twitter:card\" content=\"summary_large_image\" \/>\n<meta name=\"twitter:site\" content=\"@VisualARQ\" \/>\n<meta name=\"twitter:label1\" content=\"Tiempo de lectura\" \/>\n\t<meta name=\"twitter:data1\" content=\"1 minuto\" \/>\n<script type=\"application\/ld+json\" class=\"yoast-schema-graph\">{\"@context\":\"https:\\\/\\\/schema.org\",\"@graph\":[{\"@type\":\"WebPage\",\"@id\":\"https:\\\/\\\/stg.visualarq.com\\\/es\\\/download\\\/savanna-3d-r7\\\/\",\"url\":\"https:\\\/\\\/stg.visualarq.com\\\/es\\\/download\\\/savanna-3d-r7\\\/\",\"name\":\"Savanna 3D R7 - VisualARQ\",\"isPartOf\":{\"@id\":\"https:\\\/\\\/stg.visualarq.com\\\/es\\\/#website\"},\"datePublished\":\"2022-03-23T13:02:29+00:00\",\"dateModified\":\"2025-01-14T11:08:20+00:00\",\"breadcrumb\":{\"@id\":\"https:\\\/\\\/stg.visualarq.com\\\/es\\\/download\\\/savanna-3d-r7\\\/#breadcrumb\"},\"inLanguage\":\"es\",\"potentialAction\":[{\"@type\":\"ReadAction\",\"target\":[\"https:\\\/\\\/stg.visualarq.com\\\/es\\\/download\\\/savanna-3d-r7\\\/\"]}]},{\"@type\":\"BreadcrumbList\",\"@id\":\"https:\\\/\\\/stg.visualarq.com\\\/es\\\/download\\\/savanna-3d-r7\\\/#breadcrumb\",\"itemListElement\":[{\"@type\":\"ListItem\",\"position\":1,\"name\":\"Home\",\"item\":\"https:\\\/\\\/stg.visualarq.com\\\/es\\\/home\\\/\"},{\"@type\":\"ListItem\",\"position\":2,\"name\":\"Descargar\",\"item\":\"https:\\\/\\\/stg.visualarq.com\\\/es\\\/download\\\/\"},{\"@type\":\"ListItem\",\"position\":3,\"name\":\"Savanna 3D R7\"}]},{\"@type\":\"WebSite\",\"@id\":\"https:\\\/\\\/stg.visualarq.com\\\/es\\\/#website\",\"url\":\"https:\\\/\\\/stg.visualarq.com\\\/es\\\/\",\"name\":\"VisualARQ\",\"description\":\"Flexible BIM for Rhino\",\"potentialAction\":[{\"@type\":\"SearchAction\",\"target\":{\"@type\":\"EntryPoint\",\"urlTemplate\":\"https:\\\/\\\/stg.visualarq.com\\\/es\\\/?s={search_term_string}\"},\"query-input\":{\"@type\":\"PropertyValueSpecification\",\"valueRequired\":true,\"valueName\":\"search_term_string\"}}],\"inLanguage\":\"es\"}]}<\/script>\n<!-- \/ Yoast SEO plugin. -->","yoast_head_json":{"title":"Savanna 3D R7 - VisualARQ","robots":{"index":"noindex","follow":"follow","max-snippet":"max-snippet:-1","max-image-preview":"max-image-preview:large","max-video-preview":"max-video-preview:-1"},"og_locale":"es_ES","og_type":"article","og_title":"Savanna 3D R7 - VisualARQ","og_description":"Gracias por comprar Savanna 3D R7 Con el c\u00f3digo promocional obtendr\u00e1 acceso para descargar el contenido de la librer\u00eda de Savanna desde la plataforma McNeel Miami, incluidos consejos y trucos, nuevas actualizaciones y mejoras que se agreguen durante un a\u00f1o. Tambi\u00e9n obtendr\u00e1 acceso para descargar la librer\u00eda Savanna 3D R6 (para Rhino 6). Despu\u00e9s de [&hellip;]","og_url":"https:\/\/stg.visualarq.com\/es\/download\/savanna-3d-r7\/","og_site_name":"VisualARQ","article_publisher":"https:\/\/www.facebook.com\/visualarq","article_modified_time":"2025-01-14T11:08:20+00:00","twitter_card":"summary_large_image","twitter_site":"@VisualARQ","twitter_misc":{"Tiempo de lectura":"1 minuto"},"schema":{"@context":"https:\/\/schema.org","@graph":[{"@type":"WebPage","@id":"https:\/\/stg.visualarq.com\/es\/download\/savanna-3d-r7\/","url":"https:\/\/stg.visualarq.com\/es\/download\/savanna-3d-r7\/","name":"Savanna 3D R7 - VisualARQ","isPartOf":{"@id":"https:\/\/stg.visualarq.com\/es\/#website"},"datePublished":"2022-03-23T13:02:29+00:00","dateModified":"2025-01-14T11:08:20+00:00","breadcrumb":{"@id":"https:\/\/stg.visualarq.com\/es\/download\/savanna-3d-r7\/#breadcrumb"},"inLanguage":"es","potentialAction":[{"@type":"ReadAction","target":["https:\/\/stg.visualarq.com\/es\/download\/savanna-3d-r7\/"]}]},{"@type":"BreadcrumbList","@id":"https:\/\/stg.visualarq.com\/es\/download\/savanna-3d-r7\/#breadcrumb","itemListElement":[{"@type":"ListItem","position":1,"name":"Home","item":"https:\/\/stg.visualarq.com\/es\/home\/"},{"@type":"ListItem","position":2,"name":"Descargar","item":"https:\/\/stg.visualarq.com\/es\/download\/"},{"@type":"ListItem","position":3,"name":"Savanna 3D R7"}]},{"@type":"WebSite","@id":"https:\/\/stg.visualarq.com\/es\/#website","url":"https:\/\/stg.visualarq.com\/es\/","name":"VisualARQ","description":"Flexible BIM for Rhino","potentialAction":[{"@type":"SearchAction","target":{"@type":"EntryPoint","urlTemplate":"https:\/\/stg.visualarq.com\/es\/?s={search_term_string}"},"query-input":{"@type":"PropertyValueSpecification","valueRequired":true,"valueName":"search_term_string"}}],"inLanguage":"es"}]}},"_links":{"self":[{"href":"https:\/\/stg.visualarq.com\/es\/wp-json\/wp\/v2\/pages\/26022","targetHints":{"allow":["GET"]}}],"collection":[{"href":"https:\/\/stg.visualarq.com\/es\/wp-json\/wp\/v2\/pages"}],"about":[{"href":"https:\/\/stg.visualarq.com\/es\/wp-json\/wp\/v2\/types\/page"}],"author":[{"embeddable":true,"href":"https:\/\/stg.visualarq.com\/es\/wp-json\/wp\/v2\/users\/6"}],"replies":[{"embeddable":true,"href":"https:\/\/stg.visualarq.com\/es\/wp-json\/wp\/v2\/comments?post=26022"}],"version-history":[{"count":2,"href":"https:\/\/stg.visualarq.com\/es\/wp-json\/wp\/v2\/pages\/26022\/revisions"}],"predecessor-version":[{"id":41853,"href":"https:\/\/stg.visualarq.com\/es\/wp-json\/wp\/v2\/pages\/26022\/revisions\/41853"}],"up":[{"embeddable":true,"href":"https:\/\/stg.visualarq.com\/es\/wp-json\/wp\/v2\/pages\/11698"}],"wp:attachment":[{"href":"https:\/\/stg.visualarq.com\/es\/wp-json\/wp\/v2\/media?parent=26022"}],"curies":[{"name":"wp","href":"https:\/\/api.w.org\/{rel}","templated":true}]}}