{"id":28097,"date":"2022-06-09T09:37:00","date_gmt":"2022-06-09T09:37:00","guid":{"rendered":"https:\/\/stg.visualarq.com\/download\/utilidades\/"},"modified":"2023-11-17T15:50:15","modified_gmt":"2023-11-17T15:50:15","slug":"utilities","status":"publish","type":"page","link":"https:\/\/stg.visualarq.com\/es\/download\/utilities\/","title":{"rendered":"Utilidades"},"content":{"rendered":"\n<h1 class=\"wp-block-heading\">Utilidades<\/h1>\n\n<p>Esta p\u00e1gina tiene como objetivo ofrecer herramientas adicionales relacionadas con VisualARQ que le ayuden a acelerar y automatizar diferentes procesos de modelado. <\/p>\n\n<p>La mayor\u00eda de estas utilidades son <strong>definiciones de Grasshopper gratuitas<\/strong> (disponibles desde la p\u00e1gina web de <a href=\"https:\/\/www.food4rhino.com\/\">Food4Rhino<\/a>) que est\u00e1n listas para utilizar con conocimientos m\u00ednimos de Grasshopper.<\/p>\n\n<p><\/p>\n\n<div class=\"wp-block-columns is-layout-flex wp-container-core-columns-is-layout-9d6595d7 wp-block-columns-is-layout-flex\">\n<div class=\"wp-block-column is-layout-flow wp-block-column-is-layout-flow\">\n<p><a href=\"https:\/\/www.food4rhino.com\/en\/resource\/create-multiple-levels\"><img loading=\"lazy\" decoding=\"async\" width=\"150\" height=\"100\" class=\"wp-image-27788\" style=\"width: 150px;\" src=\"https:\/\/stg.visualarq.com\/wp-content\/uploads\/2022\/06\/LevelManagerMultipleLevels_300.png\" alt=\"Creaci&#xF3;n de varios niveles\"\/><\/a><\/p>\n\n\n\n<p><a href=\"https:\/\/www.food4rhino.com\/en\/resource\/create-multiple-levels\"><strong>Crear varios niveles<\/strong><\/a><\/p>\n\n\n\n<p>Genera un edificio y varios niveles a la vez indicando los nombres, la altura y el n\u00famero total de niveles.<\/p>\n<\/div>\n\n\n\n<div class=\"wp-block-column is-layout-flow wp-block-column-is-layout-flow\">\n<p><a href=\"https:\/\/www.food4rhino.com\/en\/resource\/beam-split\"><img loading=\"lazy\" decoding=\"async\" width=\"150\" height=\"100\" class=\"wp-image-27800\" style=\"width: 150px;\" src=\"https:\/\/stg.visualarq.com\/wp-content\/uploads\/2022\/06\/beam_split_300.png\" alt=\"Divisi&#xF3;n de viga\"\/><\/a><\/p>\n\n\n\n<p><strong><a href=\"https:\/\/www.food4rhino.com\/en\/resource\/beam-split\">Dividir una viga en varias vigas<\/a><\/strong><\/p>\n\n\n\n<p>Permite seleccionar una viga y dividirla en el n\u00famero de vigas especificado.<\/p>\n<\/div>\n\n\n\n<div class=\"wp-block-column is-layout-flow wp-block-column-is-layout-flow\">\n<p><a href=\"https:\/\/www.food4rhino.com\/en\/resource\/stair-flip\"><img loading=\"lazy\" decoding=\"async\" width=\"150\" height=\"100\" class=\"wp-image-27870\" style=\"width: 150px;\" src=\"https:\/\/stg.visualarq.com\/wp-content\/uploads\/2022\/06\/Stair_Flip_300-1.png\" alt=\"Girar escalera\"\/><\/a><\/p>\n\n\n\n<p><strong><a href=\"https:\/\/www.food4rhino.com\/en\/resource\/stair-flip\">Girar escalera<\/a><\/strong><\/p>\n\n\n\n<p>Genera una nueva escalera a partir de una existente en la que la parte final de la escalera original se convierte en el inicio de la nueva.<\/p>\n<\/div>\n\n\n\n<div class=\"wp-block-column is-layout-flow wp-block-column-is-layout-flow\">\n<p><a href=\"https:\/\/www.food4rhino.com\/en\/resource\/automatic-naming\"><img loading=\"lazy\" decoding=\"async\" width=\"150\" height=\"100\" class=\"wp-image-27830\" style=\"width: 150px;\" src=\"https:\/\/stg.visualarq.com\/wp-content\/uploads\/2022\/06\/Update_Property_Name.png\" alt=\"Actualizar nombre de propiedad\"\/><\/a><\/p>\n\n\n\n<p><strong><a href=\"https:\/\/www.food4rhino.com\/en\/resource\/automatic-naming\">Nombrado autom\u00e1tico<\/a><\/strong><\/p>\n\n\n\n<p>Pone nombre a m\u00faltiples objetos referenciados bas\u00e1ndose en una lista autom\u00e1tica de nombres.<\/p>\n<\/div>\n<\/div>\n\n<div class=\"wp-block-columns is-layout-flex wp-container-core-columns-is-layout-9d6595d7 wp-block-columns-is-layout-flex\">\n<div class=\"wp-block-column is-layout-flow wp-block-column-is-layout-flow\">\n<p><a href=\"https:\/\/www.food4rhino.com\/en\/resource\/2d-elevations-space\"><img loading=\"lazy\" decoding=\"async\" width=\"150\" height=\"100\" class=\"wp-image-27839\" style=\"width: 150px;\" src=\"https:\/\/stg.visualarq.com\/wp-content\/uploads\/2022\/06\/elevations_from_space_300.jpg\" alt=\"Alzados desde un espacio\"\/><\/a><\/p>\n\n\n\n<p><a href=\"https:\/\/www.food4rhino.com\/en\/resource\/2d-elevations-space\"><strong>Alzados 2D desde un espacio<\/strong><\/a><\/p>\n\n\n\n<p>Permite insertar un objeto de Espacio, referenciarlo en Grasshopper, definir el punto de inserci\u00f3n y generar autom\u00e1ticamente las 4 cotas del espacio.<\/p>\n<\/div>\n\n\n\n<div class=\"wp-block-column is-layout-flow wp-block-column-is-layout-flow\">\n<p><a href=\"https:\/\/www.food4rhino.com\/en\/resource\/4-elevations-and-2-sections-2d\"><img loading=\"lazy\" decoding=\"async\" width=\"150\" height=\"100\" class=\"wp-image-27846\" style=\"width: 150px;\" src=\"https:\/\/stg.visualarq.com\/wp-content\/uploads\/2022\/06\/4-Elevation-and-2-Section-Views_300.png\" alt=\"4 vistas de alzado y 2 de secci&#xF3;n\"\/><\/a><\/p>\n\n\n\n<p><strong><a href=\"https:\/\/www.food4rhino.com\/en\/resource\/4-elevations-and-2-sections-2d\">Alzados 2D y secciones transversales desde un modelo 3D<\/a><\/strong><\/p>\n\n\n\n<p>Genere 4 vistas de alzado 2D y 2 vistas de secci\u00f3n transversal de cualquier modelo 3D.<\/p>\n<\/div>\n\n\n\n<div class=\"wp-block-column is-layout-flow wp-block-column-is-layout-flow\">\n<p><a href=\"https:\/\/www.food4rhino.com\/en\/resource\/space-dimensions\"><img loading=\"lazy\" decoding=\"async\" width=\"150\" height=\"100\" class=\"wp-image-27854\" style=\"width: 150px;\" src=\"https:\/\/stg.visualarq.com\/wp-content\/uploads\/2022\/06\/Space_Dimensions_300.png\" alt=\"Cotas de espacio\"\/><\/a><\/p>\n\n\n\n<p><strong><a href=\"https:\/\/www.food4rhino.com\/en\/resource\/space-dimensions\">Cotas de espacio<\/a><\/strong><\/p>\n\n\n\n<p>Genera las cotas interiores de un espacio referenciado.<\/p>\n<\/div>\n\n\n\n<div class=\"wp-block-column is-layout-flow wp-block-column-is-layout-flow\">\n<p><a href=\"https:\/\/www.food4rhino.com\/en\/resource\/visualarq-opening-selector\"><img loading=\"lazy\" decoding=\"async\" width=\"150\" height=\"100\" class=\"wp-image-27956\" style=\"width: 150px;\" src=\"https:\/\/stg.visualarq.com\/wp-content\/uploads\/2022\/06\/Door-Window-Selector-300.png\" alt=\"\"\/><\/a><\/p>\n\n\n\n<p><strong><a href=\"https:\/\/www.food4rhino.com\/en\/resource\/visualarq-opening-selector\">Selector de carpinter\u00eda<\/a><\/strong><\/p>\n\n\n\n<p>Selecciona todas las puertas y ventanas con el mismo estilo y\/o las mismas cotas de perfil que las referenciadas.<\/p>\n<\/div>\n<\/div>\n\n<div class=\"wp-block-columns is-layout-flex wp-container-core-columns-is-layout-9d6595d7 wp-block-columns-is-layout-flex\">\n<div class=\"wp-block-column is-layout-flow wp-block-column-is-layout-flow\">\n<p><a href=\"https:\/\/www.food4rhino.com\/en\/resource\/list-wall-and-slab-layers-information\"><img loading=\"lazy\" decoding=\"async\" width=\"150\" height=\"100\" class=\"wp-image-29083\" style=\"width: 150px;\" src=\"https:\/\/stg.visualarq.com\/wp-content\/uploads\/2022\/09\/listinfototxt_200.png\" alt=\"Listar informaci&#xF3;n de capas de muros y losas\"\/><\/a><a href=\"https:\/\/www.food4rhino.com\/en\/resource\/list-wall-and-slab-layers-information\"><\/a><\/p>\n\n\n\n<p><strong><a href=\"https:\/\/www.food4rhino.com\/en\/resource\/list-wall-and-slab-layers-information\">Listar capas de muros y losas<\/a><\/strong><\/p>\n\n\n\n<p>Genera un archivo txt con la informaci\u00f3n de las capas de losas y muros existentes en un modelo.<\/p>\n<\/div>\n\n\n\n<div class=\"wp-block-column is-layout-flow wp-block-column-is-layout-flow\">\n<p><a href=\"https:\/\/www.food4rhino.com\/en\/resource\/wall-hatches-projection\"><img loading=\"lazy\" decoding=\"async\" width=\"150\" height=\"100\" class=\"wp-image-30373\" style=\"width: 150px;\" src=\"https:\/\/stg.visualarq.com\/wp-content\/uploads\/2023\/03\/Wall-Hatches-Projection.png\" alt=\"Tramas de muro en proyecci&#xF3;n\"\/><\/a><a href=\"https:\/\/www.food4rhino.com\/en\/resource\/list-wall-and-slab-layers-information\"><\/a><\/p>\n\n\n\n<p><strong><a href=\"https:\/\/www.food4rhino.com\/en\/resource\/wall-hatches-projection\">Tramas de muro en proyecci\u00f3n<\/a><\/strong><\/p>\n\n\n\n<p>Genera tramas en las caras interiores y exteriores de los muros de VisualARQ.<\/p>\n<\/div>\n\n\n\n<div class=\"wp-block-column is-layout-flow wp-block-column-is-layout-flow\">\n<p><a href=\"https:\/\/www.food4rhino.com\/en\/resource\/slab-hatches-projection\"><img loading=\"lazy\" decoding=\"async\" width=\"150\" height=\"100\" class=\"wp-image-30380\" style=\"width: 150px;\" src=\"https:\/\/stg.visualarq.com\/wp-content\/uploads\/2023\/03\/Slab-Hatch-in-Projection.png\" alt=\"Tramas de losa en proyecci&#xF3;n\"\/><\/a><a href=\"https:\/\/www.food4rhino.com\/en\/resource\/list-wall-and-slab-layers-information\"><\/a><\/p>\n\n\n\n<p><a href=\"https:\/\/www.food4rhino.com\/en\/resource\/slab-hatches-projection\"><strong>Tramas de losa en proyecci\u00f3n<\/strong><\/a><\/p>\n\n\n\n<p>Genera tramas en las superficies superiores de las losas de VisualARQ.<\/p>\n<\/div>\n\n\n\n<div class=\"wp-block-column is-layout-flow wp-block-column-is-layout-flow\">\n<p><a href=\"https:\/\/www.food4rhino.com\/en\/resource\/select-objects-level?lang=en\"><img loading=\"lazy\" decoding=\"async\" width=\"150\" height=\"100\" class=\"wp-image-31080\" style=\"width: 150px;\" src=\"https:\/\/stg.visualarq.com\/wp-content\/uploads\/2023\/05\/Logo-for-Utilities.png\" alt=\"\"\/><\/a><a href=\"https:\/\/www.food4rhino.com\/en\/resource\/list-wall-and-slab-layers-information\"><\/a><\/p>\n\n\n\n<p><strong><a href=\"https:\/\/www.food4rhino.com\/en\/resource\/select-objects-level?lang=en\">Seleccionar objetos por nivel<\/a><\/strong><\/p>\n\n\n\n<p>Selecciona objetos en un nivel espec\u00edfico de VisualARQ.<\/p>\n<\/div>\n<\/div>\n\n<div class=\"wp-block-columns is-layout-flex wp-container-core-columns-is-layout-9d6595d7 wp-block-columns-is-layout-flex\">\n<div class=\"wp-block-column is-layout-flow wp-block-column-is-layout-flow\">\n<p><a href=\"https:\/\/www.food4rhino.com\/en\/resource\/center-gravity\"><img loading=\"lazy\" decoding=\"async\" width=\"150\" height=\"100\" class=\"wp-image-31087\" style=\"width: 150px;\" src=\"https:\/\/stg.visualarq.com\/wp-content\/uploads\/2023\/05\/Logo-for-utilities-1.png\" alt=\"\"\/><\/a><a href=\"https:\/\/www.food4rhino.com\/en\/resource\/list-wall-and-slab-layers-information\"><\/a><\/p>\n\n\n\n<p><strong><a href=\"https:\/\/www.food4rhino.com\/en\/resource\/center-gravity\">Centro de gravedad<\/a><\/strong><\/p>\n\n\n\n<p>Calcula el centro de gravedad de los objetos de Rhino y VisualARQ defini\u00e9ndolo en un par\u00e1metro personalizado para cada objeto.<\/p>\n<\/div>\n\n\n\n<div class=\"wp-block-column is-layout-flow wp-block-column-is-layout-flow\">\n<p><a href=\"https:\/\/www.food4rhino.com\/en\/resource\/wall-layer-area-and-volume\"><img loading=\"lazy\" decoding=\"async\" width=\"150\" height=\"100\" class=\"wp-image-31518\" style=\"width: 150px;\" src=\"https:\/\/stg.visualarq.com\/wp-content\/uploads\/2023\/06\/Wall-Layer-Area-and-Volume_300.png\" alt=\"&#xC1;rea y volumen de muro por capa\"\/><\/a><a href=\"https:\/\/www.food4rhino.com\/en\/resource\/list-wall-and-slab-layers-information\"><\/a><\/p>\n\n\n\n<p><strong><a href=\"https:\/\/www.food4rhino.com\/en\/resource\/wall-layer-area-and-volume\">\u00c1rea y volumen de capa de muro<\/a><\/strong><\/p>\n\n\n\n<p>Calcula las \u00e1reas y vol\u00famenes de las capas de muros de VisualARQ a partir de un nombre de capa espec\u00edfico.<\/p>\n<\/div>\n\n\n\n<div class=\"wp-block-column is-layout-flow wp-block-column-is-layout-flow\"><\/div>\n\n\n\n<div class=\"wp-block-column is-layout-flow wp-block-column-is-layout-flow\"><\/div>\n<\/div>\n\n<p><\/p>\n","protected":false},"excerpt":{"rendered":"<p>Utilidades Esta p\u00e1gina tiene como objetivo ofrecer herramientas adicionales relacionadas con VisualARQ que le ayuden a acelerar y automatizar diferentes procesos de modelado. La mayor\u00eda de estas utilidades son definiciones de Grasshopper gratuitas (disponibles desde la p\u00e1gina web de Food4Rhino) que est\u00e1n listas para utilizar con conocimientos m\u00ednimos de Grasshopper. Crear varios niveles Genera un [&hellip;]<\/p>\n","protected":false},"author":6,"featured_media":0,"parent":11698,"menu_order":6,"comment_status":"closed","ping_status":"closed","template":"","meta":{"_et_pb_use_builder":"","_et_pb_old_content":"","_et_gb_content_width":"","footnotes":""},"class_list":["post-28097","page","type-page","status-publish","hentry"],"yoast_head":"<!-- This site is optimized with the Yoast SEO plugin v27.3 - https:\/\/yoast.com\/product\/yoast-seo-wordpress\/ -->\n<title>Utilidades - VisualARQ<\/title>\n<meta name=\"robots\" content=\"noindex, follow, max-snippet:-1, max-image-preview:large, max-video-preview:-1\" \/>\n<meta property=\"og:locale\" content=\"es_ES\" \/>\n<meta property=\"og:type\" content=\"article\" \/>\n<meta property=\"og:title\" content=\"Utilidades - VisualARQ\" \/>\n<meta property=\"og:description\" content=\"Utilidades Esta p\u00e1gina tiene como objetivo ofrecer herramientas adicionales relacionadas con VisualARQ que le ayuden a acelerar y automatizar diferentes procesos de modelado. La mayor\u00eda de estas utilidades son definiciones de Grasshopper gratuitas (disponibles desde la p\u00e1gina web de Food4Rhino) que est\u00e1n listas para utilizar con conocimientos m\u00ednimos de Grasshopper. Crear varios niveles Genera un [&hellip;]\" \/>\n<meta property=\"og:url\" content=\"https:\/\/stg.visualarq.com\/es\/download\/utilities\/\" \/>\n<meta property=\"og:site_name\" content=\"VisualARQ\" \/>\n<meta property=\"article:publisher\" content=\"https:\/\/www.facebook.com\/visualarq\" \/>\n<meta property=\"article:modified_time\" content=\"2023-11-17T15:50:15+00:00\" \/>\n<meta property=\"og:image\" content=\"https:\/\/stg.visualarq.com\/wp-content\/uploads\/2022\/06\/LevelManagerMultipleLevels_300.png\" \/>\n<meta name=\"twitter:card\" content=\"summary_large_image\" \/>\n<meta name=\"twitter:site\" content=\"@VisualARQ\" \/>\n<meta name=\"twitter:label1\" content=\"Tiempo de lectura\" \/>\n\t<meta name=\"twitter:data1\" content=\"2 minutos\" \/>\n<script type=\"application\/ld+json\" class=\"yoast-schema-graph\">{\"@context\":\"https:\\\/\\\/schema.org\",\"@graph\":[{\"@type\":\"WebPage\",\"@id\":\"https:\\\/\\\/stg.visualarq.com\\\/es\\\/download\\\/utilities\\\/\",\"url\":\"https:\\\/\\\/stg.visualarq.com\\\/es\\\/download\\\/utilities\\\/\",\"name\":\"Utilidades - VisualARQ\",\"isPartOf\":{\"@id\":\"https:\\\/\\\/stg.visualarq.com\\\/es\\\/#website\"},\"primaryImageOfPage\":{\"@id\":\"https:\\\/\\\/stg.visualarq.com\\\/es\\\/download\\\/utilities\\\/#primaryimage\"},\"image\":{\"@id\":\"https:\\\/\\\/stg.visualarq.com\\\/es\\\/download\\\/utilities\\\/#primaryimage\"},\"thumbnailUrl\":\"https:\\\/\\\/stg.visualarq.com\\\/wp-content\\\/uploads\\\/2022\\\/06\\\/LevelManagerMultipleLevels_300.png\",\"datePublished\":\"2022-06-09T09:37:00+00:00\",\"dateModified\":\"2023-11-17T15:50:15+00:00\",\"breadcrumb\":{\"@id\":\"https:\\\/\\\/stg.visualarq.com\\\/es\\\/download\\\/utilities\\\/#breadcrumb\"},\"inLanguage\":\"es\",\"potentialAction\":[{\"@type\":\"ReadAction\",\"target\":[\"https:\\\/\\\/stg.visualarq.com\\\/es\\\/download\\\/utilities\\\/\"]}]},{\"@type\":\"ImageObject\",\"inLanguage\":\"es\",\"@id\":\"https:\\\/\\\/stg.visualarq.com\\\/es\\\/download\\\/utilities\\\/#primaryimage\",\"url\":\"https:\\\/\\\/stg.visualarq.com\\\/wp-content\\\/uploads\\\/2022\\\/06\\\/LevelManagerMultipleLevels_300.png\",\"contentUrl\":\"https:\\\/\\\/stg.visualarq.com\\\/wp-content\\\/uploads\\\/2022\\\/06\\\/LevelManagerMultipleLevels_300.png\"},{\"@type\":\"BreadcrumbList\",\"@id\":\"https:\\\/\\\/stg.visualarq.com\\\/es\\\/download\\\/utilities\\\/#breadcrumb\",\"itemListElement\":[{\"@type\":\"ListItem\",\"position\":1,\"name\":\"Home\",\"item\":\"https:\\\/\\\/stg.visualarq.com\\\/es\\\/home\\\/\"},{\"@type\":\"ListItem\",\"position\":2,\"name\":\"Descargar\",\"item\":\"https:\\\/\\\/stg.visualarq.com\\\/es\\\/download\\\/\"},{\"@type\":\"ListItem\",\"position\":3,\"name\":\"Utilidades\"}]},{\"@type\":\"WebSite\",\"@id\":\"https:\\\/\\\/stg.visualarq.com\\\/es\\\/#website\",\"url\":\"https:\\\/\\\/stg.visualarq.com\\\/es\\\/\",\"name\":\"VisualARQ\",\"description\":\"Flexible BIM for Rhino\",\"potentialAction\":[{\"@type\":\"SearchAction\",\"target\":{\"@type\":\"EntryPoint\",\"urlTemplate\":\"https:\\\/\\\/stg.visualarq.com\\\/es\\\/?s={search_term_string}\"},\"query-input\":{\"@type\":\"PropertyValueSpecification\",\"valueRequired\":true,\"valueName\":\"search_term_string\"}}],\"inLanguage\":\"es\"}]}<\/script>\n<!-- \/ Yoast SEO plugin. -->","yoast_head_json":{"title":"Utilidades - VisualARQ","robots":{"index":"noindex","follow":"follow","max-snippet":"max-snippet:-1","max-image-preview":"max-image-preview:large","max-video-preview":"max-video-preview:-1"},"og_locale":"es_ES","og_type":"article","og_title":"Utilidades - VisualARQ","og_description":"Utilidades Esta p\u00e1gina tiene como objetivo ofrecer herramientas adicionales relacionadas con VisualARQ que le ayuden a acelerar y automatizar diferentes procesos de modelado. La mayor\u00eda de estas utilidades son definiciones de Grasshopper gratuitas (disponibles desde la p\u00e1gina web de Food4Rhino) que est\u00e1n listas para utilizar con conocimientos m\u00ednimos de Grasshopper. Crear varios niveles Genera un [&hellip;]","og_url":"https:\/\/stg.visualarq.com\/es\/download\/utilities\/","og_site_name":"VisualARQ","article_publisher":"https:\/\/www.facebook.com\/visualarq","article_modified_time":"2023-11-17T15:50:15+00:00","og_image":[{"url":"https:\/\/stg.visualarq.com\/wp-content\/uploads\/2022\/06\/LevelManagerMultipleLevels_300.png","type":"","width":"","height":""}],"twitter_card":"summary_large_image","twitter_site":"@VisualARQ","twitter_misc":{"Tiempo de lectura":"2 minutos"},"schema":{"@context":"https:\/\/schema.org","@graph":[{"@type":"WebPage","@id":"https:\/\/stg.visualarq.com\/es\/download\/utilities\/","url":"https:\/\/stg.visualarq.com\/es\/download\/utilities\/","name":"Utilidades - VisualARQ","isPartOf":{"@id":"https:\/\/stg.visualarq.com\/es\/#website"},"primaryImageOfPage":{"@id":"https:\/\/stg.visualarq.com\/es\/download\/utilities\/#primaryimage"},"image":{"@id":"https:\/\/stg.visualarq.com\/es\/download\/utilities\/#primaryimage"},"thumbnailUrl":"https:\/\/stg.visualarq.com\/wp-content\/uploads\/2022\/06\/LevelManagerMultipleLevels_300.png","datePublished":"2022-06-09T09:37:00+00:00","dateModified":"2023-11-17T15:50:15+00:00","breadcrumb":{"@id":"https:\/\/stg.visualarq.com\/es\/download\/utilities\/#breadcrumb"},"inLanguage":"es","potentialAction":[{"@type":"ReadAction","target":["https:\/\/stg.visualarq.com\/es\/download\/utilities\/"]}]},{"@type":"ImageObject","inLanguage":"es","@id":"https:\/\/stg.visualarq.com\/es\/download\/utilities\/#primaryimage","url":"https:\/\/stg.visualarq.com\/wp-content\/uploads\/2022\/06\/LevelManagerMultipleLevels_300.png","contentUrl":"https:\/\/stg.visualarq.com\/wp-content\/uploads\/2022\/06\/LevelManagerMultipleLevels_300.png"},{"@type":"BreadcrumbList","@id":"https:\/\/stg.visualarq.com\/es\/download\/utilities\/#breadcrumb","itemListElement":[{"@type":"ListItem","position":1,"name":"Home","item":"https:\/\/stg.visualarq.com\/es\/home\/"},{"@type":"ListItem","position":2,"name":"Descargar","item":"https:\/\/stg.visualarq.com\/es\/download\/"},{"@type":"ListItem","position":3,"name":"Utilidades"}]},{"@type":"WebSite","@id":"https:\/\/stg.visualarq.com\/es\/#website","url":"https:\/\/stg.visualarq.com\/es\/","name":"VisualARQ","description":"Flexible BIM for Rhino","potentialAction":[{"@type":"SearchAction","target":{"@type":"EntryPoint","urlTemplate":"https:\/\/stg.visualarq.com\/es\/?s={search_term_string}"},"query-input":{"@type":"PropertyValueSpecification","valueRequired":true,"valueName":"search_term_string"}}],"inLanguage":"es"}]}},"_links":{"self":[{"href":"https:\/\/stg.visualarq.com\/es\/wp-json\/wp\/v2\/pages\/28097","targetHints":{"allow":["GET"]}}],"collection":[{"href":"https:\/\/stg.visualarq.com\/es\/wp-json\/wp\/v2\/pages"}],"about":[{"href":"https:\/\/stg.visualarq.com\/es\/wp-json\/wp\/v2\/types\/page"}],"author":[{"embeddable":true,"href":"https:\/\/stg.visualarq.com\/es\/wp-json\/wp\/v2\/users\/6"}],"replies":[{"embeddable":true,"href":"https:\/\/stg.visualarq.com\/es\/wp-json\/wp\/v2\/comments?post=28097"}],"version-history":[{"count":0,"href":"https:\/\/stg.visualarq.com\/es\/wp-json\/wp\/v2\/pages\/28097\/revisions"}],"up":[{"embeddable":true,"href":"https:\/\/stg.visualarq.com\/es\/wp-json\/wp\/v2\/pages\/11698"}],"wp:attachment":[{"href":"https:\/\/stg.visualarq.com\/es\/wp-json\/wp\/v2\/media?parent=28097"}],"curies":[{"name":"wp","href":"https:\/\/api.w.org\/{rel}","templated":true}]}}