{"id":31795,"date":"2023-06-13T15:02:46","date_gmt":"2023-06-13T15:02:46","guid":{"rendered":"https:\/\/stg.visualarq.com\/sales\/school-kit\/"},"modified":"2023-07-20T11:56:42","modified_gmt":"2023-07-20T11:56:42","slug":"school-kit","status":"publish","type":"page","link":"https:\/\/stg.visualarq.com\/es\/sales\/school-kit\/","title":{"rendered":"School Kit"},"content":{"rendered":"\n<h1 class=\"wp-block-heading\"><strong>School Kit<\/strong>:<\/h1>\n\n<p>Un School Kit de VisualARQ es una compra educacional de gran volumen que consiste en un conjunto de <strong>(30 o m\u00e1s<\/strong>) <strong><a href=\"https:\/\/stg.visualarq.com\/es\/sales\/proof-of-academic-status\/\">licencias educacionales monopuesto<\/a><\/strong> a un precio especial:<\/p>\n\n<p><\/p>\n\n<ul class=\"wp-block-list\">\n<li>El School Kit de VisualARQ incluye un m\u00ednimo de 30 licencias educacionales monopuesto, que puede ampliarse a un n\u00famero superior en la misma compra.<\/li>\n\n\n\n<li>A las licencias que se incluyen en el School Kit se aplican las condiciones generales de la <a href=\"https:\/\/stg.visualarq.com\/es\/sales\/proof-of-academic-status\/\">Licencia educacional monopuesto<\/a>.<\/li>\n\n\n\n<li>Solo las escuelas, los institutos y las universidades pueden beneficiarse de esta oferta (es necesario <a href=\"https:\/\/stg.visualarq.com\/es\/sales\/proof-of-academic-status\/\">certificar<\/a> la condici\u00f3n de instituci\u00f3n acad\u00e9mica o centro educativo).<\/li>\n\n\n\n<li>Los particulares (profesores y estudiantes) pueden adquirir los <a href=\"\/sales\/#tab|1\">productos educacionales habituales<\/a> en cualquier momento.<\/li>\n\n\n\n<li>Si el centro educativo no puede alcanzar el n\u00famero m\u00ednimo requerido de licencias educacionales monopuesto, puede solicitar <a href=\"\/sales\/#tab|1\">licencias educacionales de VisualARQ<\/a> al precio est\u00e1ndar.<\/li>\n<\/ul>\n","protected":false},"excerpt":{"rendered":"<p>School Kit: Un School Kit de VisualARQ es una compra educacional de gran volumen que consiste en un conjunto de (30 o m\u00e1s) licencias educacionales monopuesto a un precio especial:<\/p>\n","protected":false},"author":6,"featured_media":0,"parent":11563,"menu_order":0,"comment_status":"closed","ping_status":"closed","template":"","meta":{"_et_pb_use_builder":"","_et_pb_old_content":"","_et_gb_content_width":"","footnotes":""},"class_list":["post-31795","page","type-page","status-publish","hentry"],"yoast_head":"<!-- This site is optimized with the Yoast SEO plugin v27.2 - https:\/\/yoast.com\/product\/yoast-seo-wordpress\/ -->\n<title>School Kit - VisualARQ<\/title>\n<meta name=\"robots\" content=\"noindex, follow, max-snippet:-1, max-image-preview:large, max-video-preview:-1\" \/>\n<meta property=\"og:locale\" content=\"es_ES\" \/>\n<meta property=\"og:type\" content=\"article\" \/>\n<meta property=\"og:title\" content=\"School Kit - VisualARQ\" \/>\n<meta property=\"og:description\" content=\"School Kit: Un School Kit de VisualARQ es una compra educacional de gran volumen que consiste en un conjunto de (30 o m\u00e1s) licencias educacionales monopuesto a un precio especial:\" \/>\n<meta property=\"og:url\" content=\"https:\/\/stg.visualarq.com\/es\/sales\/school-kit\/\" \/>\n<meta property=\"og:site_name\" content=\"VisualARQ\" \/>\n<meta property=\"article:publisher\" content=\"https:\/\/www.facebook.com\/visualarq\" \/>\n<meta property=\"article:modified_time\" content=\"2023-07-20T11:56:42+00:00\" \/>\n<meta name=\"twitter:card\" content=\"summary_large_image\" \/>\n<meta name=\"twitter:site\" content=\"@VisualARQ\" \/>\n<meta name=\"twitter:label1\" content=\"Tiempo de lectura\" \/>\n\t<meta name=\"twitter:data1\" content=\"1 minuto\" \/>\n<script type=\"application\/ld+json\" class=\"yoast-schema-graph\">{\"@context\":\"https:\/\/schema.org\",\"@graph\":[{\"@type\":\"WebPage\",\"@id\":\"https:\/\/stg.visualarq.com\/es\/sales\/school-kit\/\",\"url\":\"https:\/\/stg.visualarq.com\/es\/sales\/school-kit\/\",\"name\":\"School Kit - VisualARQ\",\"isPartOf\":{\"@id\":\"https:\/\/stg.visualarq.com\/es\/#website\"},\"datePublished\":\"2023-06-13T15:02:46+00:00\",\"dateModified\":\"2023-07-20T11:56:42+00:00\",\"breadcrumb\":{\"@id\":\"https:\/\/stg.visualarq.com\/es\/sales\/school-kit\/#breadcrumb\"},\"inLanguage\":\"es\",\"potentialAction\":[{\"@type\":\"ReadAction\",\"target\":[\"https:\/\/stg.visualarq.com\/es\/sales\/school-kit\/\"]}]},{\"@type\":\"BreadcrumbList\",\"@id\":\"https:\/\/stg.visualarq.com\/es\/sales\/school-kit\/#breadcrumb\",\"itemListElement\":[{\"@type\":\"ListItem\",\"position\":1,\"name\":\"Home\",\"item\":\"https:\/\/stg.visualarq.com\/es\/home\/\"},{\"@type\":\"ListItem\",\"position\":2,\"name\":\"Ventas\",\"item\":\"https:\/\/stg.visualarq.com\/es\/sales\/\"},{\"@type\":\"ListItem\",\"position\":3,\"name\":\"School Kit\"}]},{\"@type\":\"WebSite\",\"@id\":\"https:\/\/stg.visualarq.com\/es\/#website\",\"url\":\"https:\/\/stg.visualarq.com\/es\/\",\"name\":\"VisualARQ\",\"description\":\"Flexible BIM for Rhino\",\"potentialAction\":[{\"@type\":\"SearchAction\",\"target\":{\"@type\":\"EntryPoint\",\"urlTemplate\":\"https:\/\/stg.visualarq.com\/es\/?s={search_term_string}\"},\"query-input\":{\"@type\":\"PropertyValueSpecification\",\"valueRequired\":true,\"valueName\":\"search_term_string\"}}],\"inLanguage\":\"es\"}]}<\/script>\n<!-- \/ Yoast SEO plugin. -->","yoast_head_json":{"title":"School Kit - VisualARQ","robots":{"index":"noindex","follow":"follow","max-snippet":"max-snippet:-1","max-image-preview":"max-image-preview:large","max-video-preview":"max-video-preview:-1"},"og_locale":"es_ES","og_type":"article","og_title":"School Kit - VisualARQ","og_description":"School Kit: Un School Kit de VisualARQ es una compra educacional de gran volumen que consiste en un conjunto de (30 o m\u00e1s) licencias educacionales monopuesto a un precio especial:","og_url":"https:\/\/stg.visualarq.com\/es\/sales\/school-kit\/","og_site_name":"VisualARQ","article_publisher":"https:\/\/www.facebook.com\/visualarq","article_modified_time":"2023-07-20T11:56:42+00:00","twitter_card":"summary_large_image","twitter_site":"@VisualARQ","twitter_misc":{"Tiempo de lectura":"1 minuto"},"schema":{"@context":"https:\/\/schema.org","@graph":[{"@type":"WebPage","@id":"https:\/\/stg.visualarq.com\/es\/sales\/school-kit\/","url":"https:\/\/stg.visualarq.com\/es\/sales\/school-kit\/","name":"School Kit - VisualARQ","isPartOf":{"@id":"https:\/\/stg.visualarq.com\/es\/#website"},"datePublished":"2023-06-13T15:02:46+00:00","dateModified":"2023-07-20T11:56:42+00:00","breadcrumb":{"@id":"https:\/\/stg.visualarq.com\/es\/sales\/school-kit\/#breadcrumb"},"inLanguage":"es","potentialAction":[{"@type":"ReadAction","target":["https:\/\/stg.visualarq.com\/es\/sales\/school-kit\/"]}]},{"@type":"BreadcrumbList","@id":"https:\/\/stg.visualarq.com\/es\/sales\/school-kit\/#breadcrumb","itemListElement":[{"@type":"ListItem","position":1,"name":"Home","item":"https:\/\/stg.visualarq.com\/es\/home\/"},{"@type":"ListItem","position":2,"name":"Ventas","item":"https:\/\/stg.visualarq.com\/es\/sales\/"},{"@type":"ListItem","position":3,"name":"School Kit"}]},{"@type":"WebSite","@id":"https:\/\/stg.visualarq.com\/es\/#website","url":"https:\/\/stg.visualarq.com\/es\/","name":"VisualARQ","description":"Flexible BIM for Rhino","potentialAction":[{"@type":"SearchAction","target":{"@type":"EntryPoint","urlTemplate":"https:\/\/stg.visualarq.com\/es\/?s={search_term_string}"},"query-input":{"@type":"PropertyValueSpecification","valueRequired":true,"valueName":"search_term_string"}}],"inLanguage":"es"}]}},"_links":{"self":[{"href":"https:\/\/stg.visualarq.com\/es\/wp-json\/wp\/v2\/pages\/31795","targetHints":{"allow":["GET"]}}],"collection":[{"href":"https:\/\/stg.visualarq.com\/es\/wp-json\/wp\/v2\/pages"}],"about":[{"href":"https:\/\/stg.visualarq.com\/es\/wp-json\/wp\/v2\/types\/page"}],"author":[{"embeddable":true,"href":"https:\/\/stg.visualarq.com\/es\/wp-json\/wp\/v2\/users\/6"}],"replies":[{"embeddable":true,"href":"https:\/\/stg.visualarq.com\/es\/wp-json\/wp\/v2\/comments?post=31795"}],"version-history":[{"count":0,"href":"https:\/\/stg.visualarq.com\/es\/wp-json\/wp\/v2\/pages\/31795\/revisions"}],"up":[{"embeddable":true,"href":"https:\/\/stg.visualarq.com\/es\/wp-json\/wp\/v2\/pages\/11563"}],"wp:attachment":[{"href":"https:\/\/stg.visualarq.com\/es\/wp-json\/wp\/v2\/media?parent=31795"}],"curies":[{"name":"wp","href":"https:\/\/api.w.org\/{rel}","templated":true}]}}