{"id":32414,"date":"2024-01-10T11:31:24","date_gmt":"2024-01-10T11:31:24","guid":{"rendered":"https:\/\/stg.visualarq.com\/?page_id=32414"},"modified":"2024-08-28T14:30:28","modified_gmt":"2024-08-28T14:30:28","slug":"rhino8","status":"publish","type":"page","link":"https:\/\/stg.visualarq.com\/es\/download\/beta\/rhino8\/","title":{"rendered":"Rhinoceros 8"},"content":{"rendered":"\n<h1 class=\"wp-block-heading\">Gracias por descargar VisualARQ 3 Beta<\/h1>\n\n<p>La descarga del instalador de <strong>VisualARQ 3 Beta para Rhinoceros 8<\/strong> empezar\u00e1 en unos segundos. Si la descarga no empieza autom\u00e1ticamente, <a href=\"[download-link]\">haga clic aqu\u00ed<\/a>.<\/p>\n\n<h2 class=\"wp-block-heading\">Requisitos<\/h2>\n\n<ul class=\"wp-block-list\">\n<li>Windows 10 \/ 11 (64 bits)<\/li>\n\n\n\n<li>Rhino 8  (<a href=\"https:\/\/www.rhino3d.com\/download\/rhino-for-windows\/8\/latest\">o posterior<\/a>)<\/li>\n<\/ul>\n\n\n<p><\/p>\n\n<h2 class=\"wp-block-heading\">Instrucciones de instalaci\u00f3n<\/h2>\n\n<ul class=\"wp-block-list\">\n<li>Siga las instrucciones en pantalla para guardar el archivo en el disco duro.<\/li>\n\n\n\n<li>Cierre cualquier instancia de Rhinoceros en ejecuci\u00f3n.<\/li>\n\n\n\n<li>Si ten\u00eda una versi\u00f3n anterior de VisualARQ instalada, desinst\u00e1lela primero con la opci\u00f3n \u00abAgregar o eliminar programas\u00bb del panel de control de Windows\u00ae.<\/li>\n\n\n\n<li>Ejecute el instalador descargado y siga las instrucciones en pantalla hasta finalizar la instalaci\u00f3n.<\/li>\n\n\n\n<li>Si es necesario reiniciar, reinicie el equipo antes de ejecutar Rhinoceros.<\/li>\n<\/ul>\n\n<p><\/p>\n\n<h2 class=\"wp-block-heading\">Validaci\u00f3n<\/h2>\n\n<p>VisualARQ 3 requiere una licencia de VisualARQ 2 para funcionar. Si ya ha validado VisualARQ 2 en el mismo equipo donde ha instalado VisualARQ 3, Rhino detectar\u00e1 autom\u00e1ticamente la licencia. Si no lo ha hecho, tendr\u00e1 que validar VisualARQ escribiendo el comando <strong><em>_vaLicense<\/em><\/strong> y siguiendo las instrucciones indicadas.<\/p>\n\n<p><\/p>\n\n<h2 class=\"wp-block-heading\">Archivos<\/h2>\n\n<ul class=\"wp-block-list\">\n<li>VisualARQ 3 abre archivos guardados con VisualARQ 2 o VisualARQ 1.<\/li>\n\n\n\n<li>Los archivos guardados con VisualARQ 3 no se abrir\u00e1n correctamente en Rhino con VisualARQ 2.<\/li>\n<\/ul>\n\n<p><\/p>\n\n<h2 class=\"wp-block-heading\">Nuevas funciones<\/h2>\n\n<p>Consulte la lista completa de novedades y mejoras en la p\u00e1gina de <a href=\"http:\/\/stg.visualarq.com\/features\/v3\/\">Novedades<\/a>.<\/p>\n","protected":false},"excerpt":{"rendered":"<p>Gracias por descargar VisualARQ 3 Beta La descarga del instalador de VisualARQ 3 Beta para Rhinoceros 8 empezar\u00e1 en unos segundos. Si la descarga no empieza autom\u00e1ticamente, haga clic aqu\u00ed. Requisitos Instrucciones de instalaci\u00f3n Validaci\u00f3n VisualARQ 3 requiere una licencia de VisualARQ 2 para funcionar. Si ya ha validado VisualARQ 2 en el mismo equipo [&hellip;]<\/p>\n","protected":false},"author":6,"featured_media":0,"parent":33247,"menu_order":0,"comment_status":"closed","ping_status":"closed","template":"page-download.php","meta":{"_et_pb_use_builder":"","_et_pb_old_content":"","_et_gb_content_width":"","footnotes":""},"class_list":["post-32414","page","type-page","status-publish","hentry"],"yoast_head":"<!-- This site is optimized with the Yoast SEO plugin v27.3 - https:\/\/yoast.com\/product\/yoast-seo-wordpress\/ -->\n<title>Rhinoceros 8 - VisualARQ<\/title>\n<meta name=\"robots\" content=\"noindex, follow, max-snippet:-1, max-image-preview:large, max-video-preview:-1\" \/>\n<meta property=\"og:locale\" content=\"es_ES\" \/>\n<meta property=\"og:type\" content=\"article\" \/>\n<meta property=\"og:title\" content=\"Rhinoceros 8 - VisualARQ\" \/>\n<meta property=\"og:description\" content=\"Gracias por descargar VisualARQ 3 Beta La descarga del instalador de VisualARQ 3 Beta para Rhinoceros 8 empezar\u00e1 en unos segundos. Si la descarga no empieza autom\u00e1ticamente, haga clic aqu\u00ed. Requisitos Instrucciones de instalaci\u00f3n Validaci\u00f3n VisualARQ 3 requiere una licencia de VisualARQ 2 para funcionar. Si ya ha validado VisualARQ 2 en el mismo equipo [&hellip;]\" \/>\n<meta property=\"og:url\" content=\"https:\/\/stg.visualarq.com\/es\/download\/beta\/rhino8\/\" \/>\n<meta property=\"og:site_name\" content=\"VisualARQ\" \/>\n<meta property=\"article:publisher\" content=\"https:\/\/www.facebook.com\/visualarq\" \/>\n<meta property=\"article:modified_time\" content=\"2024-08-28T14:30:28+00:00\" \/>\n<meta name=\"twitter:card\" content=\"summary_large_image\" \/>\n<meta name=\"twitter:site\" content=\"@VisualARQ\" \/>\n<meta name=\"twitter:label1\" content=\"Tiempo de lectura\" \/>\n\t<meta name=\"twitter:data1\" content=\"1 minuto\" \/>\n<script type=\"application\/ld+json\" class=\"yoast-schema-graph\">{\"@context\":\"https:\\\/\\\/schema.org\",\"@graph\":[{\"@type\":\"WebPage\",\"@id\":\"https:\\\/\\\/stg.visualarq.com\\\/es\\\/download\\\/beta\\\/rhino8\\\/\",\"url\":\"https:\\\/\\\/stg.visualarq.com\\\/es\\\/download\\\/beta\\\/rhino8\\\/\",\"name\":\"Rhinoceros 8 - VisualARQ\",\"isPartOf\":{\"@id\":\"https:\\\/\\\/stg.visualarq.com\\\/es\\\/#website\"},\"datePublished\":\"2024-01-10T11:31:24+00:00\",\"dateModified\":\"2024-08-28T14:30:28+00:00\",\"breadcrumb\":{\"@id\":\"https:\\\/\\\/stg.visualarq.com\\\/es\\\/download\\\/beta\\\/rhino8\\\/#breadcrumb\"},\"inLanguage\":\"es\",\"potentialAction\":[{\"@type\":\"ReadAction\",\"target\":[\"https:\\\/\\\/stg.visualarq.com\\\/es\\\/download\\\/beta\\\/rhino8\\\/\"]}]},{\"@type\":\"BreadcrumbList\",\"@id\":\"https:\\\/\\\/stg.visualarq.com\\\/es\\\/download\\\/beta\\\/rhino8\\\/#breadcrumb\",\"itemListElement\":[{\"@type\":\"ListItem\",\"position\":1,\"name\":\"Home\",\"item\":\"https:\\\/\\\/stg.visualarq.com\\\/es\\\/home\\\/\"},{\"@type\":\"ListItem\",\"position\":2,\"name\":\"Descargar\",\"item\":\"https:\\\/\\\/stg.visualarq.com\\\/es\\\/download\\\/\"},{\"@type\":\"ListItem\",\"position\":3,\"name\":\"Beta\",\"item\":\"https:\\\/\\\/stg.visualarq.com\\\/es\\\/download\\\/beta\\\/\"},{\"@type\":\"ListItem\",\"position\":4,\"name\":\"Rhinoceros 8\"}]},{\"@type\":\"WebSite\",\"@id\":\"https:\\\/\\\/stg.visualarq.com\\\/es\\\/#website\",\"url\":\"https:\\\/\\\/stg.visualarq.com\\\/es\\\/\",\"name\":\"VisualARQ\",\"description\":\"Flexible BIM for Rhino\",\"potentialAction\":[{\"@type\":\"SearchAction\",\"target\":{\"@type\":\"EntryPoint\",\"urlTemplate\":\"https:\\\/\\\/stg.visualarq.com\\\/es\\\/?s={search_term_string}\"},\"query-input\":{\"@type\":\"PropertyValueSpecification\",\"valueRequired\":true,\"valueName\":\"search_term_string\"}}],\"inLanguage\":\"es\"}]}<\/script>\n<!-- \/ Yoast SEO plugin. -->","yoast_head_json":{"title":"Rhinoceros 8 - VisualARQ","robots":{"index":"noindex","follow":"follow","max-snippet":"max-snippet:-1","max-image-preview":"max-image-preview:large","max-video-preview":"max-video-preview:-1"},"og_locale":"es_ES","og_type":"article","og_title":"Rhinoceros 8 - VisualARQ","og_description":"Gracias por descargar VisualARQ 3 Beta La descarga del instalador de VisualARQ 3 Beta para Rhinoceros 8 empezar\u00e1 en unos segundos. Si la descarga no empieza autom\u00e1ticamente, haga clic aqu\u00ed. Requisitos Instrucciones de instalaci\u00f3n Validaci\u00f3n VisualARQ 3 requiere una licencia de VisualARQ 2 para funcionar. Si ya ha validado VisualARQ 2 en el mismo equipo [&hellip;]","og_url":"https:\/\/stg.visualarq.com\/es\/download\/beta\/rhino8\/","og_site_name":"VisualARQ","article_publisher":"https:\/\/www.facebook.com\/visualarq","article_modified_time":"2024-08-28T14:30:28+00:00","twitter_card":"summary_large_image","twitter_site":"@VisualARQ","twitter_misc":{"Tiempo de lectura":"1 minuto"},"schema":{"@context":"https:\/\/schema.org","@graph":[{"@type":"WebPage","@id":"https:\/\/stg.visualarq.com\/es\/download\/beta\/rhino8\/","url":"https:\/\/stg.visualarq.com\/es\/download\/beta\/rhino8\/","name":"Rhinoceros 8 - VisualARQ","isPartOf":{"@id":"https:\/\/stg.visualarq.com\/es\/#website"},"datePublished":"2024-01-10T11:31:24+00:00","dateModified":"2024-08-28T14:30:28+00:00","breadcrumb":{"@id":"https:\/\/stg.visualarq.com\/es\/download\/beta\/rhino8\/#breadcrumb"},"inLanguage":"es","potentialAction":[{"@type":"ReadAction","target":["https:\/\/stg.visualarq.com\/es\/download\/beta\/rhino8\/"]}]},{"@type":"BreadcrumbList","@id":"https:\/\/stg.visualarq.com\/es\/download\/beta\/rhino8\/#breadcrumb","itemListElement":[{"@type":"ListItem","position":1,"name":"Home","item":"https:\/\/stg.visualarq.com\/es\/home\/"},{"@type":"ListItem","position":2,"name":"Descargar","item":"https:\/\/stg.visualarq.com\/es\/download\/"},{"@type":"ListItem","position":3,"name":"Beta","item":"https:\/\/stg.visualarq.com\/es\/download\/beta\/"},{"@type":"ListItem","position":4,"name":"Rhinoceros 8"}]},{"@type":"WebSite","@id":"https:\/\/stg.visualarq.com\/es\/#website","url":"https:\/\/stg.visualarq.com\/es\/","name":"VisualARQ","description":"Flexible BIM for Rhino","potentialAction":[{"@type":"SearchAction","target":{"@type":"EntryPoint","urlTemplate":"https:\/\/stg.visualarq.com\/es\/?s={search_term_string}"},"query-input":{"@type":"PropertyValueSpecification","valueRequired":true,"valueName":"search_term_string"}}],"inLanguage":"es"}]}},"_links":{"self":[{"href":"https:\/\/stg.visualarq.com\/es\/wp-json\/wp\/v2\/pages\/32414","targetHints":{"allow":["GET"]}}],"collection":[{"href":"https:\/\/stg.visualarq.com\/es\/wp-json\/wp\/v2\/pages"}],"about":[{"href":"https:\/\/stg.visualarq.com\/es\/wp-json\/wp\/v2\/types\/page"}],"author":[{"embeddable":true,"href":"https:\/\/stg.visualarq.com\/es\/wp-json\/wp\/v2\/users\/6"}],"replies":[{"embeddable":true,"href":"https:\/\/stg.visualarq.com\/es\/wp-json\/wp\/v2\/comments?post=32414"}],"version-history":[{"count":0,"href":"https:\/\/stg.visualarq.com\/es\/wp-json\/wp\/v2\/pages\/32414\/revisions"}],"up":[{"embeddable":true,"href":"https:\/\/stg.visualarq.com\/es\/wp-json\/wp\/v2\/pages\/33247"}],"wp:attachment":[{"href":"https:\/\/stg.visualarq.com\/es\/wp-json\/wp\/v2\/media?parent=32414"}],"curies":[{"name":"wp","href":"https:\/\/api.w.org\/{rel}","templated":true}]}}