{"id":39229,"date":"2024-09-04T13:52:37","date_gmt":"2024-09-04T13:52:37","guid":{"rendered":"https:\/\/stg.visualarq.com\/distribuidor\/"},"modified":"2026-01-07T12:13:28","modified_gmt":"2026-01-07T12:13:28","slug":"reseller-2","status":"publish","type":"page","link":"https:\/\/stg.visualarq.com\/es\/reseller-2\/","title":{"rendered":"Distribuidor"},"content":{"rendered":"[et_pb_section fb_built=\u00bb1&#8243; _builder_version=\u00bb4.16&#8243; da_disable_devices=\u00bboff|off|off\u00bb global_colors_info=\u00bb{}\u00bb da_is_popup=\u00bboff\u00bb da_exit_intent=\u00bboff\u00bb da_has_close=\u00bbon\u00bb da_alt_close=\u00bboff\u00bb da_dark_close=\u00bboff\u00bb da_not_modal=\u00bbon\u00bb da_is_singular=\u00bboff\u00bb da_with_loader=\u00bboff\u00bb da_has_shadow=\u00bbon\u00bb][et_pb_row _builder_version=\u00bb4.16&#8243; global_colors_info=\u00bb{}\u00bb][et_pb_column type=\u00bb4_4&#8243; _builder_version=\u00bb4.16&#8243; global_colors_info=\u00bb{}\u00bb][et_pb_post_title meta=\u00bboff\u00bb featured_image=\u00bboff\u00bb _builder_version=\u00bb4.16&#8243; global_colors_info=\u00bb{}\u00bb][\/et_pb_post_title][et_pb_text ul_item_indent=\u00bb8px\u00bb admin_label=\u00bbMenu\u00bb _builder_version=\u00bb4.27.0&#8243; global_colors_info=\u00bb{}\u00bb]<ul>\n<li><strong><a href=\"#newreseller\">Nuevos distribuidores<\/a><\/strong><\/li>\n<li><strong><a href=\"#rsk\">Reseller Starter Kit<\/a><\/strong><\/li>\n<li><strong><a href=\"#ordering\">Pedido y lista de precios<\/a><\/strong><\/li>\n<li><strong><a href=\"#discounts\">Descuentos para distribuidores<\/a><\/strong><\/li>\n<li><strong><a href=\"#marketing\">Marketing<\/a><\/strong><\/li>\n<\/ul>[\/et_pb_text][et_pb_divider _builder_version=\u00bb4.16&#8243; global_colors_info=\u00bb{}\u00bb][\/et_pb_divider][et_pb_text admin_label=\u00bbNew Resellers\u00bb module_id=\u00bbnewreseller\u00bb _builder_version=\u00bb4.27.0&#8243; global_colors_info=\u00bb{}\u00bb]<h2><strong>Nuevos distribuidores<\/strong><\/h2>\n<p>Para ser distribuidor oficial de VisualARQ,<\/p>\n<p><strong>Le pedimos:<\/strong><\/p>\n<ol>\n<li>Lea los <strong>requisitos del distribuidor:<\/strong>\n<ul>\n<li>Los distribuidores deben tener la informaci\u00f3n sobre VisualARQ actualizada en su sitio web.<\/li>\n<li>Ofrecemos una garant\u00eda de satisfacci\u00f3n del 100%. Esperamos recibir lo mismo por parte de los distribuidores.<\/li>\n<li>Proporcionamos soporte t\u00e9cnico ilimitado tanto para distribuidores como para usuarios finales.<\/li>\n<li>Los distribuidores pueden vender a usuarios finales y otros distribuidores de su pa\u00eds. (Para vender fuera de su pa\u00eds, p\u00f3ngase en contacto con Asuni CAD.)<\/li>\n<\/ul>\n<\/li>\n<li>Rellene este <strong><a href=\"https:\/\/stg.visualarq.com\/es\/reseller-2\/application-form\/\">formulario para distribuidores<\/a><\/strong>.<\/li>\n<li>Programe una reuni\u00f3n online con un miembro del equipo de Asuni para ver una demostraci\u00f3n completa de VisualARQ. Escriba a <a href=\"mailto:landsdesign@asuni.com\">visualarq@asuni.com<\/a> para concertar la reuni\u00f3n.<\/li>\n<li>Solicite un VisualARQ <strong>Reseller Starter Kit<\/strong> en la Tienda Asuni (los datos de acceso se proporcionar\u00e1n despu\u00e9s de rellenar la solicitud de revendedor). (No es necesario si ya es distribuidor de Lands Design)<\/li>\n<li>Actualice su sitio web con informaci\u00f3n sobre VisualARQ. Utilice para ello el <a href=\"#marketing\">material de marketing<\/a> .<\/li>\n<\/ol>\n<p><strong>Lo que le ofrecemos:<\/strong><\/p>\n<ul>\n<li>A\u00f1ade tus datos de contacto en la <a href=\"https:\/\/stg.visualarq.com\/es\/sales\/\">p\u00e1gina de ventas<\/a> de nuestro sitio web, para que los clientes puedan encontrarte.<\/li>\n<li>Ayuda en eventos, boletines informativos y otras estrategias de marketing.<\/li>\n<li>Relaci\u00f3n cercana para cualquier tipo de ayuda.<\/li>\n<li>Una licencia NFR Lab de VisualARQ (incluida en el Reseller Kit)<\/li>\n<li>Una licencia NFR Lab de Lands Design<\/li>\n<\/ul>[\/et_pb_text][et_pb_divider _builder_version=\u00bb4.16&#8243; global_colors_info=\u00bb{}\u00bb][\/et_pb_divider][et_pb_text admin_label=\u00bbReseller Starter Kit\u00bb module_id=\u00bbrsk\u00bb _builder_version=\u00bb4.27.0&#8243; global_colors_info=\u00bb{}\u00bb]<h2><strong>Reseller Starter Kit<\/strong><\/h2>\n<p>El Reseller Starter Kit de VisualARQ cuesta US$795 e incluye:<\/p>\n<ul>\n<li>Una versi\u00f3n LAB de VisualARQ <strong>No apta para reventa<\/strong> para usted.<\/li>\n<li>Una versi\u00f3n LAB de Lands Design <strong>No apta para reventa<\/strong> para usted.<\/li>\n<li>Dos versiones comerciales de VisualARQ <strong>para reventa<\/strong>.<\/li>\n<\/ul>[\/et_pb_text][et_pb_divider _builder_version=\u00bb4.16&#8243; global_colors_info=\u00bb{}\u00bb][\/et_pb_divider][et_pb_text admin_label=\u00bbOrdering\u00bb module_id=\u00bbordering\u00bb _builder_version=\u00bb4.27.0&#8243; global_colors_info=\u00bb{}\u00bb]<h2><strong>Pedido y lista de precios<\/strong><\/h2>\n<p>Solo para distribuidores. Los pedidos de VisualARQ se gestionan online a trav\u00e9s de <strong><a href=\"https:\/\/shop.asuni.com\/\">Asuni Store<\/a><\/strong>. Asuni Store calcula los descuentos para distribuidores seg\u00fan la cantidad del pedido y permite el pago mediante tarjeta de cr\u00e9dito y transferencia bancaria. Recibir\u00e1 un nombre de usuario y una contrase\u00f1a de acceso en cuanto se convierta en distribuidor de VisualARQ.<\/p>\n<p>Para acceder al sitio web, haga clic en \u00a0<strong><a href=\"https:\/\/shop.asuni.com\/\">Asuni Store<\/a><\/strong>.<\/p>\n<p>Consulte los precios de lista de VisualARQ <a href=\"https:\/\/stg.visualarq.com\/es\/sales\/\">aqu\u00ed<\/a>.<\/p>[\/et_pb_text][et_pb_divider _builder_version=\u00bb4.16&#8243; global_colors_info=\u00bb{}\u00bb][\/et_pb_divider][et_pb_text admin_label=\u00bbDiscounts\u00bb module_id=\u00bbdiscounts\u00bb _builder_version=\u00bb4.27.0&#8243; global_colors_info=\u00bb{}\u00bb]<h2><strong>Descuentos<\/strong><\/h2>\n<p>Los descuentos para distribuidores se basan en la cantidad:<\/p>\n<table id=\"table1\" border=\"0\" cellspacing=\"0\" cellpadding=\"0\">\n<tbody>\n<tr>\n<td colspan=\"2\" valign=\"top\"><strong>Licencias comerciales y educacionales<\/strong><\/td>\n<\/tr>\n<tr>\n<td valign=\"top\">Cantidad<\/td>\n<td valign=\"top\">Descuento<\/td>\n<\/tr>\n<tr>\n<td valign=\"top\">1<\/td>\n<td valign=\"top\">15%<\/td>\n<\/tr>\n<tr>\n<td valign=\"top\">2-9<\/td>\n<td valign=\"top\">25%<\/td>\n<\/tr>\n<tr>\n<td valign=\"top\">10+<\/td>\n<td valign=\"top\">35%<\/td>\n<\/tr>\n<\/tbody>\n<\/table>\n<p>\u00a0<\/p>\n<table id=\"table1\" border=\"0\" cellspacing=\"0\" cellpadding=\"0\">\n<tbody>\n<tr>\n<td colspan=\"2\" valign=\"top\"><strong>Licencias LAB y School Kits\u00a0<\/strong><\/td>\n<\/tr>\n<tr>\n<td valign=\"top\">Cantidad<\/td>\n<td valign=\"top\">Descuento<\/td>\n<\/tr>\n<tr>\n<td valign=\"top\">1+<\/td>\n<td valign=\"top\">30%<\/td>\n<\/tr>\n<\/tbody>\n<\/table>\n<p>\u00a0<\/p>[\/et_pb_text][et_pb_divider _builder_version=\u00bb4.16&#8243; global_colors_info=\u00bb{}\u00bb][\/et_pb_divider][et_pb_text admin_label=\u00bbMarketing\u00bb module_id=\u00bbmarketing\u00bb _builder_version=\u00bb4.27.4&#8243; hover_enabled=\u00bb0&#8243; global_colors_info=\u00bb{}\u00bb sticky_enabled=\u00bb0&#8243;]<h2><strong>Marketing<\/strong><\/h2>\n<p>Encuentre material de marketing para su p\u00e1gina web, demos y presentaciones:<\/p>\n<h4>Folletos<\/h4>\n<ul class='post-list'><li class='post'>\t<a href='\/wp-content\/uploads\/sites\/2\/marketing\/brochures\/VisualARQ 2-Flyer-2017_en.pdf' title='VisualARQ 2-Flyer-2017_en.pdf' download>VisualARQ 2-Flyer-2017_en.pdf\t<\/a><\/li><\/ul>\n<h4>Logos<\/h4>\n<ul class='post-list'><li class='post'>\t<a href='\/wp-content\/uploads\/sites\/2\/marketing\/logos\/VA 2 Icon 1000.png' title='VA 2 Icon 1000.png' download>VA 2 Icon 1000.png\t<\/a><\/li><li class='post'>\t<a href='\/wp-content\/uploads\/sites\/2\/marketing\/logos\/VisualARQ 2 Components for GH.png' title='VisualARQ 2 Components for GH.png' download>VisualARQ 2 Components for GH.png\t<\/a><\/li><li class='post'>\t<a href='\/wp-content\/uploads\/sites\/2\/marketing\/logos\/VisualARQ 2 Logo 3 500.png' title='VisualARQ 2 Logo 3 500.png' download>VisualARQ 2 Logo 3 500.png\t<\/a><\/li><li class='post'>\t<a href='\/wp-content\/uploads\/sites\/2\/marketing\/logos\/VisualARQ 2 logo 1500.png' title='VisualARQ 2 logo 1500.png' download>VisualARQ 2 logo 1500.png\t<\/a><\/li><li class='post'>\t<a href='\/wp-content\/uploads\/sites\/2\/marketing\/logos\/DEF_VisualARQ.ai' title='DEF_VisualARQ.ai' download>DEF_VisualARQ.ai\t<\/a><\/li><\/ul>\n<h4>Im\u00e1genes<\/h4>\n<ul class='post-list'><li class='post'>\t<a href='\/wp-content\/uploads\/sites\/2\/marketing\/images\/MEDIATIC Section L7 VisualARQ2.jpg' title='MEDIATIC Section L7 VisualARQ2.jpg' download>MEDIATIC Section L7 VisualARQ2.jpg\t<\/a><\/li><li class='post'>\t<a href='\/wp-content\/uploads\/sites\/2\/marketing\/images\/MediaTIC Render VisualARQ2.jpg' title='MediaTIC Render VisualARQ2.jpg' download>MediaTIC Render VisualARQ2.jpg\t<\/a><\/li><li class='post'>\t<a href='\/wp-content\/uploads\/sites\/2\/marketing\/images\/Banner VisualARQ2.png' title='Banner VisualARQ2.png' download>Banner VisualARQ2.png\t<\/a><\/li><li class='post'>\t<a href='\/wp-content\/uploads\/sites\/2\/marketing\/images\/Banner4food4Rhino.png' title='Banner4food4Rhino.png' download>Banner4food4Rhino.png\t<\/a><\/li><\/ul>\n<h4>Modelos<\/h4>\n<ul class='post-list'><li class='post'>\t<a href='\/wp-content\/uploads\/sites\/2\/marketing\/models\/The Ville Savoye demo.3dm' title='The Ville Savoye demo.3dm' download>The Ville Savoye demo.3dm\t<\/a><\/li><\/ul>\n<h4>V\u00eddeos<\/h4>\n<ul>\n<li><a href=\"https:\/\/stg.visualarq.com\/wp-content\/uploads\/2025\/12\/Whats-new-VA3-Compressed.mp4\">Novedades de VisualARQ 3<\/a><\/li>\n<li><a href=\"https:\/\/stg.visualarq.com\/wp-content\/uploads\/2024\/09\/Freeform-modeling-VA3.mp4\">V\u00eddeo: Modelado de forma libre<\/a><\/li>\n<li><a href=\"https:\/\/stg.visualarq.com\/wp-content\/uploads\/2024\/09\/IFC-VA3-WEB-Sample-Model.mp4\">V\u00eddeo: IFC<\/a><\/li>\n<li><a href=\"https:\/\/stg.visualarq.com\/wp-content\/uploads\/2024\/09\/Documentation-Home-Video-VA3-compressed.mp4\">V\u00eddeo: Herramientas de documentaci\u00f3n<\/a><\/li>\n<li><a href=\"https:\/\/stg.visualarq.com\/wp-content\/uploads\/2024\/09\/VA-GH-Components-Video-1024x720-Q40.mp4\">V\u00eddeo: Integraci\u00f3n de Grasshopper<\/a><\/li>\n<\/ul>\n<h4>Otros<\/h4>\n<ul>\n<li><a href=\"https:\/\/www.flickr.com\/photos\/28656665@N02\/\" target=\"_blank\" rel=\"noopener noreferrer\">Im\u00e1genes (VisualARQ en Flickr)<\/a><\/li>\n<li><a href=\"https:\/\/www.youtube.com\/user\/VisualARQ\" target=\"_blank\" rel=\"noopener noreferrer\">V\u00eddeos (VisualARQ en YouTube)<\/a><\/li>\n<\/ul>\n<p>\u00a0<\/p>[\/et_pb_text][\/et_pb_column][\/et_pb_row][\/et_pb_section]","protected":false},"excerpt":{"rendered":"<p>Nuevos distribuidores Reseller Starter Kit Pedido y lista de precios Descuentos para distribuidores Marketing Nuevos distribuidores Para ser distribuidor oficial de VisualARQ, Le pedimos: Lea los requisitos del distribuidor: Los distribuidores deben tener la informaci\u00f3n sobre VisualARQ actualizada en su sitio web. Ofrecemos una garant\u00eda de satisfacci\u00f3n del 100%. Esperamos recibir lo mismo por parte [&hellip;]<\/p>\n","protected":false},"author":6,"featured_media":0,"parent":0,"menu_order":998,"comment_status":"closed","ping_status":"closed","template":"","meta":{"_et_pb_use_builder":"on","_et_pb_old_content":"","_et_gb_content_width":"","footnotes":""},"class_list":["post-39229","page","type-page","status-publish","hentry"],"yoast_head":"<!-- This site is optimized with the Yoast SEO plugin v27.3 - https:\/\/yoast.com\/product\/yoast-seo-wordpress\/ -->\n<title>Distribuidor - VisualARQ<\/title>\n<meta name=\"robots\" content=\"noindex, follow, max-snippet:-1, max-image-preview:large, max-video-preview:-1\" \/>\n<meta property=\"og:locale\" content=\"es_ES\" \/>\n<meta property=\"og:type\" content=\"article\" \/>\n<meta property=\"og:title\" content=\"Distribuidor - VisualARQ\" \/>\n<meta property=\"og:description\" content=\"Nuevos distribuidores Reseller Starter Kit Pedido y lista de precios Descuentos para distribuidores Marketing Nuevos distribuidores Para ser distribuidor oficial de VisualARQ, Le pedimos: Lea los requisitos del distribuidor: Los distribuidores deben tener la informaci\u00f3n sobre VisualARQ actualizada en su sitio web. Ofrecemos una garant\u00eda de satisfacci\u00f3n del 100%. Esperamos recibir lo mismo por parte [&hellip;]\" \/>\n<meta property=\"og:url\" content=\"https:\/\/stg.visualarq.com\/es\/reseller-2\/\" \/>\n<meta property=\"og:site_name\" content=\"VisualARQ\" \/>\n<meta property=\"article:publisher\" content=\"https:\/\/www.facebook.com\/visualarq\" \/>\n<meta property=\"article:modified_time\" content=\"2026-01-07T12:13:28+00:00\" \/>\n<meta name=\"twitter:card\" content=\"summary_large_image\" \/>\n<meta name=\"twitter:site\" content=\"@VisualARQ\" \/>\n<meta name=\"twitter:label1\" content=\"Tiempo de lectura\" \/>\n\t<meta name=\"twitter:data1\" content=\"4 minutos\" \/>\n<script type=\"application\/ld+json\" class=\"yoast-schema-graph\">{\"@context\":\"https:\\\/\\\/schema.org\",\"@graph\":[{\"@type\":\"WebPage\",\"@id\":\"https:\\\/\\\/stg.visualarq.com\\\/es\\\/reseller-2\\\/\",\"url\":\"https:\\\/\\\/stg.visualarq.com\\\/es\\\/reseller-2\\\/\",\"name\":\"Distribuidor - VisualARQ\",\"isPartOf\":{\"@id\":\"https:\\\/\\\/stg.visualarq.com\\\/es\\\/#website\"},\"datePublished\":\"2024-09-04T13:52:37+00:00\",\"dateModified\":\"2026-01-07T12:13:28+00:00\",\"breadcrumb\":{\"@id\":\"https:\\\/\\\/stg.visualarq.com\\\/es\\\/reseller-2\\\/#breadcrumb\"},\"inLanguage\":\"es\",\"potentialAction\":[{\"@type\":\"ReadAction\",\"target\":[\"https:\\\/\\\/stg.visualarq.com\\\/es\\\/reseller-2\\\/\"]}]},{\"@type\":\"BreadcrumbList\",\"@id\":\"https:\\\/\\\/stg.visualarq.com\\\/es\\\/reseller-2\\\/#breadcrumb\",\"itemListElement\":[{\"@type\":\"ListItem\",\"position\":1,\"name\":\"Home\",\"item\":\"https:\\\/\\\/stg.visualarq.com\\\/es\\\/home\\\/\"},{\"@type\":\"ListItem\",\"position\":2,\"name\":\"Distribuidor\"}]},{\"@type\":\"WebSite\",\"@id\":\"https:\\\/\\\/stg.visualarq.com\\\/es\\\/#website\",\"url\":\"https:\\\/\\\/stg.visualarq.com\\\/es\\\/\",\"name\":\"VisualARQ\",\"description\":\"Flexible BIM for Rhino\",\"potentialAction\":[{\"@type\":\"SearchAction\",\"target\":{\"@type\":\"EntryPoint\",\"urlTemplate\":\"https:\\\/\\\/stg.visualarq.com\\\/es\\\/?s={search_term_string}\"},\"query-input\":{\"@type\":\"PropertyValueSpecification\",\"valueRequired\":true,\"valueName\":\"search_term_string\"}}],\"inLanguage\":\"es\"}]}<\/script>\n<!-- \/ Yoast SEO plugin. -->","yoast_head_json":{"title":"Distribuidor - VisualARQ","robots":{"index":"noindex","follow":"follow","max-snippet":"max-snippet:-1","max-image-preview":"max-image-preview:large","max-video-preview":"max-video-preview:-1"},"og_locale":"es_ES","og_type":"article","og_title":"Distribuidor - VisualARQ","og_description":"Nuevos distribuidores Reseller Starter Kit Pedido y lista de precios Descuentos para distribuidores Marketing Nuevos distribuidores Para ser distribuidor oficial de VisualARQ, Le pedimos: Lea los requisitos del distribuidor: Los distribuidores deben tener la informaci\u00f3n sobre VisualARQ actualizada en su sitio web. Ofrecemos una garant\u00eda de satisfacci\u00f3n del 100%. Esperamos recibir lo mismo por parte [&hellip;]","og_url":"https:\/\/stg.visualarq.com\/es\/reseller-2\/","og_site_name":"VisualARQ","article_publisher":"https:\/\/www.facebook.com\/visualarq","article_modified_time":"2026-01-07T12:13:28+00:00","twitter_card":"summary_large_image","twitter_site":"@VisualARQ","twitter_misc":{"Tiempo de lectura":"4 minutos"},"schema":{"@context":"https:\/\/schema.org","@graph":[{"@type":"WebPage","@id":"https:\/\/stg.visualarq.com\/es\/reseller-2\/","url":"https:\/\/stg.visualarq.com\/es\/reseller-2\/","name":"Distribuidor - VisualARQ","isPartOf":{"@id":"https:\/\/stg.visualarq.com\/es\/#website"},"datePublished":"2024-09-04T13:52:37+00:00","dateModified":"2026-01-07T12:13:28+00:00","breadcrumb":{"@id":"https:\/\/stg.visualarq.com\/es\/reseller-2\/#breadcrumb"},"inLanguage":"es","potentialAction":[{"@type":"ReadAction","target":["https:\/\/stg.visualarq.com\/es\/reseller-2\/"]}]},{"@type":"BreadcrumbList","@id":"https:\/\/stg.visualarq.com\/es\/reseller-2\/#breadcrumb","itemListElement":[{"@type":"ListItem","position":1,"name":"Home","item":"https:\/\/stg.visualarq.com\/es\/home\/"},{"@type":"ListItem","position":2,"name":"Distribuidor"}]},{"@type":"WebSite","@id":"https:\/\/stg.visualarq.com\/es\/#website","url":"https:\/\/stg.visualarq.com\/es\/","name":"VisualARQ","description":"Flexible BIM for Rhino","potentialAction":[{"@type":"SearchAction","target":{"@type":"EntryPoint","urlTemplate":"https:\/\/stg.visualarq.com\/es\/?s={search_term_string}"},"query-input":{"@type":"PropertyValueSpecification","valueRequired":true,"valueName":"search_term_string"}}],"inLanguage":"es"}]}},"_links":{"self":[{"href":"https:\/\/stg.visualarq.com\/es\/wp-json\/wp\/v2\/pages\/39229","targetHints":{"allow":["GET"]}}],"collection":[{"href":"https:\/\/stg.visualarq.com\/es\/wp-json\/wp\/v2\/pages"}],"about":[{"href":"https:\/\/stg.visualarq.com\/es\/wp-json\/wp\/v2\/types\/page"}],"author":[{"embeddable":true,"href":"https:\/\/stg.visualarq.com\/es\/wp-json\/wp\/v2\/users\/6"}],"replies":[{"embeddable":true,"href":"https:\/\/stg.visualarq.com\/es\/wp-json\/wp\/v2\/comments?post=39229"}],"version-history":[{"count":7,"href":"https:\/\/stg.visualarq.com\/es\/wp-json\/wp\/v2\/pages\/39229\/revisions"}],"predecessor-version":[{"id":42933,"href":"https:\/\/stg.visualarq.com\/es\/wp-json\/wp\/v2\/pages\/39229\/revisions\/42933"}],"wp:attachment":[{"href":"https:\/\/stg.visualarq.com\/es\/wp-json\/wp\/v2\/media?parent=39229"}],"curies":[{"name":"wp","href":"https:\/\/api.w.org\/{rel}","templated":true}]}}