{"id":41849,"date":"2024-12-12T15:23:08","date_gmt":"2024-12-12T15:23:08","guid":{"rendered":"https:\/\/stg.visualarq.com\/download\/libreria-de-estilos-de-visualarq\/"},"modified":"2025-01-15T11:08:34","modified_gmt":"2025-01-15T11:08:34","slug":"styles-library","status":"publish","type":"page","link":"https:\/\/stg.visualarq.com\/es\/download\/styles-library\/","title":{"rendered":"Librer\u00eda de estilos de VisualARQ"},"content":{"rendered":"\n<h1 class=\"wp-block-heading\">Librer\u00eda de estilos de VisualARQ<\/h1>\n\n<p>Los estilos VisualARQ se almacenan en archivos <strong><em>.val<\/em> <\/strong> (archivos de la \u00ablibrer\u00eda de VisualARQ\u00bb). Imp\u00f3rtelos en su documento con el comando <code>vaImportarEstilos<\/code>.<\/p>\n\n<p><\/p>\n\n<h3 class=\"wp-block-heading\">Librer\u00edas predeterminadas de las plantillas de VisualARQ<\/h3>\n\n<p>Est\u00e1n disponibles en las plantillas de VisualARQ, pero puede obtener los archivos .val para importar estos estilos en documentos abiertos desde plantillas de Rhino desde estos directorios: <\/p>\n\n<ul class=\"wp-block-list\">\n<li><strong>Rhino 7<\/strong>:\u00a0<code>C:\\Archivos de programa\\AsuniCAD\\VisualARQ 3\\RHINO7\\es-ES\\Librer\u00edas<\/code><\/li>\n\n\n\n<li><strong>Rhino 8<\/strong>:\u00a0<code>C:\\Archivos de programa\\AsuniCAD\\VisualARQ 3\\RHINO8\\es-ES\\Librer\u00edas<\/code><\/li>\n<\/ul>\n\n<p><\/p>\n\n<h3 class=\"wp-block-heading\">Objetos personalizados de usuarios<\/h3>\n\n<ul class=\"wp-block-list\">\n<li><a href=\"https:\/\/www.food4rhino.com\/browse?lang=en&amp;sort_by=ds_changed&amp;f%5B0%5D=im_field_unified_type%3A783&amp;f%5B1%5D=im_field_term_reference_type%3A804\">Nuevos estilos de objeto de VisualARQ compartidos por usuarios en food4Rhino<\/a><\/li>\n<\/ul>\n\n<p><\/p>\n\n<h3 class=\"wp-block-heading\">Librer\u00edas de perfiles estructurales:<\/h3>\n\n<ul class=\"wp-block-list\">\n<li><a href=\"https:\/\/www.food4rhino.com\/en\/resource\/australian-structural-profiles\"><img loading=\"lazy\" decoding=\"async\" width=\"24\" height=\"24\" class=\"wp-image-33069\" style=\"width: 24px;\" src=\"https:\/\/stg.visualarq.com\/wp-content\/uploads\/2023\/12\/val-file-VA2.png\" alt=\"\" srcset=\"https:\/\/stg.visualarq.com\/wp-content\/uploads\/2023\/12\/val-file-VA2.png 256w, https:\/\/stg.visualarq.com\/wp-content\/uploads\/2023\/12\/val-file-VA2-150x150.png 150w\" sizes=\"(max-width: 24px) 100vw, 24px\" \/> Librer\u00eda de perfiles estructurales australianos<\/a><\/li>\n\n\n\n<li><a href=\"https:\/\/www.food4rhino.com\/en\/resource\/chinese-structural-profiles\"><img loading=\"lazy\" decoding=\"async\" width=\"24\" height=\"24\" class=\"wp-image-33069\" style=\"width: 24px;\" src=\"https:\/\/stg.visualarq.com\/wp-content\/uploads\/2023\/12\/val-file-VA2.png\" alt=\"\" srcset=\"https:\/\/stg.visualarq.com\/wp-content\/uploads\/2023\/12\/val-file-VA2.png 256w, https:\/\/stg.visualarq.com\/wp-content\/uploads\/2023\/12\/val-file-VA2-150x150.png 150w\" sizes=\"(max-width: 24px) 100vw, 24px\" \/> Librer\u00eda de perfiles estructurales chinos<\/a><\/li>\n\n\n\n<li><a href=\"https:\/\/www.food4rhino.com\/en\/resource\/din-structural-profiles\"><img loading=\"lazy\" decoding=\"async\" width=\"24\" height=\"24\" class=\"wp-image-33069\" style=\"width: 24px;\" src=\"https:\/\/stg.visualarq.com\/wp-content\/uploads\/2023\/12\/val-file-VA2.png\" alt=\"\" srcset=\"https:\/\/stg.visualarq.com\/wp-content\/uploads\/2023\/12\/val-file-VA2.png 256w, https:\/\/stg.visualarq.com\/wp-content\/uploads\/2023\/12\/val-file-VA2-150x150.png 150w\" sizes=\"(max-width: 24px) 100vw, 24px\" \/> Librer\u00eda de perfiles estructurales DIN<\/a><\/li>\n\n\n\n<li><a href=\"https:\/\/www.food4rhino.com\/en\/resource\/indian-structural-profiles\"><img loading=\"lazy\" decoding=\"async\" width=\"24\" height=\"24\" class=\"wp-image-33069\" style=\"width: 24px;\" src=\"https:\/\/stg.visualarq.com\/wp-content\/uploads\/2023\/12\/val-file-VA2.png\" alt=\"\" srcset=\"https:\/\/stg.visualarq.com\/wp-content\/uploads\/2023\/12\/val-file-VA2.png 256w, https:\/\/stg.visualarq.com\/wp-content\/uploads\/2023\/12\/val-file-VA2-150x150.png 150w\" sizes=\"(max-width: 24px) 100vw, 24px\" \/> Librer\u00eda de perfiles estructurales hind\u00faes<\/a><\/li>\n\n\n\n<li><a href=\"https:\/\/www.food4rhino.com\/en\/resource\/japan-structural-profiles\"><img loading=\"lazy\" decoding=\"async\" width=\"24\" height=\"24\" class=\"wp-image-33069\" style=\"width: 24px;\" src=\"https:\/\/stg.visualarq.com\/wp-content\/uploads\/2023\/12\/val-file-VA2.png\" alt=\"\" srcset=\"https:\/\/stg.visualarq.com\/wp-content\/uploads\/2023\/12\/val-file-VA2.png 256w, https:\/\/stg.visualarq.com\/wp-content\/uploads\/2023\/12\/val-file-VA2-150x150.png 150w\" sizes=\"(max-width: 24px) 100vw, 24px\" \/> Est\u00e1ndares industriales japoneses (JIS)<\/a><\/li>\n\n\n\n<li><a href=\"https:\/\/www.food4rhino.com\/en\/resource\/korean-structural-profiles\"><img loading=\"lazy\" decoding=\"async\" width=\"24\" height=\"24\" class=\"wp-image-33069\" style=\"width: 24px;\" src=\"https:\/\/stg.visualarq.com\/wp-content\/uploads\/2023\/12\/val-file-VA2.png\" alt=\"\" srcset=\"https:\/\/stg.visualarq.com\/wp-content\/uploads\/2023\/12\/val-file-VA2.png 256w, https:\/\/stg.visualarq.com\/wp-content\/uploads\/2023\/12\/val-file-VA2-150x150.png 150w\" sizes=\"(max-width: 24px) 100vw, 24px\" \/> Librer\u00eda de perfiles estructurales coreanos<\/a><\/li>\n\n\n\n<li><a href=\"https:\/\/www.food4rhino.com\/en\/resource\/uk-structural-profiles\"><img loading=\"lazy\" decoding=\"async\" width=\"24\" height=\"24\" class=\"wp-image-33069\" style=\"width: 24px;\" src=\"https:\/\/stg.visualarq.com\/wp-content\/uploads\/2023\/12\/val-file-VA2.png\" alt=\"\" srcset=\"https:\/\/stg.visualarq.com\/wp-content\/uploads\/2023\/12\/val-file-VA2.png 256w, https:\/\/stg.visualarq.com\/wp-content\/uploads\/2023\/12\/val-file-VA2-150x150.png 150w\" sizes=\"(max-width: 24px) 100vw, 24px\" \/> Perfiles est\u00e1ndar ingleses<\/a><\/li>\n\n\n\n<li><a href=\"https:\/\/www.food4rhino.com\/en\/resource\/wood-structural-profiles\"><img loading=\"lazy\" decoding=\"async\" width=\"24\" height=\"24\" class=\"wp-image-33069\" style=\"width: 24px;\" src=\"https:\/\/stg.visualarq.com\/wp-content\/uploads\/2023\/12\/val-file-VA2.png\" alt=\"\" srcset=\"https:\/\/stg.visualarq.com\/wp-content\/uploads\/2023\/12\/val-file-VA2.png 256w, https:\/\/stg.visualarq.com\/wp-content\/uploads\/2023\/12\/val-file-VA2-150x150.png 150w\" sizes=\"(max-width: 24px) 100vw, 24px\" \/> Librer\u00eda de perfiles estructurales de madera<\/a><\/li>\n<\/ul>\n\n<p><\/p>\n\n<h3 class=\"wp-block-heading\">Perfiles estructurales incluidos en las plantillas de VisualARQ:<\/h3>\n\n<ul class=\"wp-block-list\">\n<li><a href=\"https:\/\/stg.visualarq.com\/wp-content\/uploads\/2024\/12\/EURO.zip\"><img loading=\"lazy\" decoding=\"async\" width=\"24\" height=\"24\" class=\"wp-image-33069\" style=\"width: 24px;\" src=\"https:\/\/stg.visualarq.com\/wp-content\/uploads\/2023\/12\/val-file-VA2.png\" alt=\"\" srcset=\"https:\/\/stg.visualarq.com\/wp-content\/uploads\/2023\/12\/val-file-VA2.png 256w, https:\/\/stg.visualarq.com\/wp-content\/uploads\/2023\/12\/val-file-VA2-150x150.png 150w\" sizes=\"(max-width: 24px) 100vw, 24px\" \/>Librer\u00eda de perfiles est\u00e1ndar europeos (m\u00e9trico)<\/a><\/li>\n\n\n\n<li><a href=\"https:\/\/stg.visualarq.com\/wp-content\/uploads\/2024\/12\/AISC.zip\"><img loading=\"lazy\" decoding=\"async\" width=\"24\" height=\"24\" class=\"wp-image-33069\" style=\"width: 24px;\" src=\"https:\/\/stg.visualarq.com\/wp-content\/uploads\/2023\/12\/val-file-VA2.png\" alt=\"\" srcset=\"https:\/\/stg.visualarq.com\/wp-content\/uploads\/2023\/12\/val-file-VA2.png 256w, https:\/\/stg.visualarq.com\/wp-content\/uploads\/2023\/12\/val-file-VA2-150x150.png 150w\" sizes=\"(max-width: 24px) 100vw, 24px\" \/>Librer\u00eda de perfiles est\u00e1ndar americanos (AISC) (imperial)<\/a><\/li>\n<\/ul>\n","protected":false},"excerpt":{"rendered":"<p>Librer\u00eda de estilos de VisualARQ Los estilos VisualARQ se almacenan en archivos .val (archivos de la \u00ablibrer\u00eda de VisualARQ\u00bb). Imp\u00f3rtelos en su documento con el comando vaImportarEstilos. Librer\u00edas predeterminadas de las plantillas de VisualARQ Est\u00e1n disponibles en las plantillas de VisualARQ, pero puede obtener los archivos .val para importar estos estilos en documentos abiertos desde [&hellip;]<\/p>\n","protected":false},"author":6,"featured_media":0,"parent":11698,"menu_order":0,"comment_status":"closed","ping_status":"closed","template":"","meta":{"_et_pb_use_builder":"off","_et_pb_old_content":"","_et_gb_content_width":"","footnotes":""},"class_list":["post-41849","page","type-page","status-publish","hentry"],"yoast_head":"<!-- This site is optimized with the Yoast SEO plugin v27.3 - https:\/\/yoast.com\/product\/yoast-seo-wordpress\/ -->\n<title>Librer\u00eda de estilos de VisualARQ - VisualARQ<\/title>\n<meta name=\"robots\" content=\"noindex, follow, max-snippet:-1, max-image-preview:large, max-video-preview:-1\" \/>\n<meta property=\"og:locale\" content=\"es_ES\" \/>\n<meta property=\"og:type\" content=\"article\" \/>\n<meta property=\"og:title\" content=\"Librer\u00eda de estilos de VisualARQ - VisualARQ\" \/>\n<meta property=\"og:description\" content=\"Librer\u00eda de estilos de VisualARQ Los estilos VisualARQ se almacenan en archivos .val (archivos de la \u00ablibrer\u00eda de VisualARQ\u00bb). Imp\u00f3rtelos en su documento con el comando vaImportarEstilos. Librer\u00edas predeterminadas de las plantillas de VisualARQ Est\u00e1n disponibles en las plantillas de VisualARQ, pero puede obtener los archivos .val para importar estos estilos en documentos abiertos desde [&hellip;]\" \/>\n<meta property=\"og:url\" content=\"https:\/\/stg.visualarq.com\/es\/download\/styles-library\/\" \/>\n<meta property=\"og:site_name\" content=\"VisualARQ\" \/>\n<meta property=\"article:publisher\" content=\"https:\/\/www.facebook.com\/visualarq\" \/>\n<meta property=\"article:modified_time\" content=\"2025-01-15T11:08:34+00:00\" \/>\n<meta property=\"og:image\" content=\"https:\/\/stg.visualarq.com\/wp-content\/uploads\/2023\/12\/val-file-VA2.png\" \/>\n<meta name=\"twitter:card\" content=\"summary_large_image\" \/>\n<meta name=\"twitter:site\" content=\"@VisualARQ\" \/>\n<meta name=\"twitter:label1\" content=\"Tiempo de lectura\" \/>\n\t<meta name=\"twitter:data1\" content=\"1 minuto\" \/>\n<script type=\"application\/ld+json\" class=\"yoast-schema-graph\">{\"@context\":\"https:\\\/\\\/schema.org\",\"@graph\":[{\"@type\":\"WebPage\",\"@id\":\"https:\\\/\\\/stg.visualarq.com\\\/es\\\/download\\\/styles-library\\\/\",\"url\":\"https:\\\/\\\/stg.visualarq.com\\\/es\\\/download\\\/styles-library\\\/\",\"name\":\"Librer\u00eda de estilos de VisualARQ - VisualARQ\",\"isPartOf\":{\"@id\":\"https:\\\/\\\/stg.visualarq.com\\\/es\\\/#website\"},\"primaryImageOfPage\":{\"@id\":\"https:\\\/\\\/stg.visualarq.com\\\/es\\\/download\\\/styles-library\\\/#primaryimage\"},\"image\":{\"@id\":\"https:\\\/\\\/stg.visualarq.com\\\/es\\\/download\\\/styles-library\\\/#primaryimage\"},\"thumbnailUrl\":\"https:\\\/\\\/stg.visualarq.com\\\/wp-content\\\/uploads\\\/2023\\\/12\\\/val-file-VA2.png\",\"datePublished\":\"2024-12-12T15:23:08+00:00\",\"dateModified\":\"2025-01-15T11:08:34+00:00\",\"breadcrumb\":{\"@id\":\"https:\\\/\\\/stg.visualarq.com\\\/es\\\/download\\\/styles-library\\\/#breadcrumb\"},\"inLanguage\":\"es\",\"potentialAction\":[{\"@type\":\"ReadAction\",\"target\":[\"https:\\\/\\\/stg.visualarq.com\\\/es\\\/download\\\/styles-library\\\/\"]}]},{\"@type\":\"ImageObject\",\"inLanguage\":\"es\",\"@id\":\"https:\\\/\\\/stg.visualarq.com\\\/es\\\/download\\\/styles-library\\\/#primaryimage\",\"url\":\"https:\\\/\\\/stg.visualarq.com\\\/wp-content\\\/uploads\\\/2023\\\/12\\\/val-file-VA2.png\",\"contentUrl\":\"https:\\\/\\\/stg.visualarq.com\\\/wp-content\\\/uploads\\\/2023\\\/12\\\/val-file-VA2.png\"},{\"@type\":\"BreadcrumbList\",\"@id\":\"https:\\\/\\\/stg.visualarq.com\\\/es\\\/download\\\/styles-library\\\/#breadcrumb\",\"itemListElement\":[{\"@type\":\"ListItem\",\"position\":1,\"name\":\"Home\",\"item\":\"https:\\\/\\\/stg.visualarq.com\\\/es\\\/home\\\/\"},{\"@type\":\"ListItem\",\"position\":2,\"name\":\"Librer\u00eda de estilos de VisualARQ\"}]},{\"@type\":\"WebSite\",\"@id\":\"https:\\\/\\\/stg.visualarq.com\\\/es\\\/#website\",\"url\":\"https:\\\/\\\/stg.visualarq.com\\\/es\\\/\",\"name\":\"VisualARQ\",\"description\":\"Flexible BIM for Rhino\",\"potentialAction\":[{\"@type\":\"SearchAction\",\"target\":{\"@type\":\"EntryPoint\",\"urlTemplate\":\"https:\\\/\\\/stg.visualarq.com\\\/es\\\/?s={search_term_string}\"},\"query-input\":{\"@type\":\"PropertyValueSpecification\",\"valueRequired\":true,\"valueName\":\"search_term_string\"}}],\"inLanguage\":\"es\"}]}<\/script>\n<!-- \/ Yoast SEO plugin. -->","yoast_head_json":{"title":"Librer\u00eda de estilos de VisualARQ - VisualARQ","robots":{"index":"noindex","follow":"follow","max-snippet":"max-snippet:-1","max-image-preview":"max-image-preview:large","max-video-preview":"max-video-preview:-1"},"og_locale":"es_ES","og_type":"article","og_title":"Librer\u00eda de estilos de VisualARQ - VisualARQ","og_description":"Librer\u00eda de estilos de VisualARQ Los estilos VisualARQ se almacenan en archivos .val (archivos de la \u00ablibrer\u00eda de VisualARQ\u00bb). Imp\u00f3rtelos en su documento con el comando vaImportarEstilos. Librer\u00edas predeterminadas de las plantillas de VisualARQ Est\u00e1n disponibles en las plantillas de VisualARQ, pero puede obtener los archivos .val para importar estos estilos en documentos abiertos desde [&hellip;]","og_url":"https:\/\/stg.visualarq.com\/es\/download\/styles-library\/","og_site_name":"VisualARQ","article_publisher":"https:\/\/www.facebook.com\/visualarq","article_modified_time":"2025-01-15T11:08:34+00:00","og_image":[{"url":"https:\/\/stg.visualarq.com\/wp-content\/uploads\/2023\/12\/val-file-VA2.png","type":"","width":"","height":""}],"twitter_card":"summary_large_image","twitter_site":"@VisualARQ","twitter_misc":{"Tiempo de lectura":"1 minuto"},"schema":{"@context":"https:\/\/schema.org","@graph":[{"@type":"WebPage","@id":"https:\/\/stg.visualarq.com\/es\/download\/styles-library\/","url":"https:\/\/stg.visualarq.com\/es\/download\/styles-library\/","name":"Librer\u00eda de estilos de VisualARQ - VisualARQ","isPartOf":{"@id":"https:\/\/stg.visualarq.com\/es\/#website"},"primaryImageOfPage":{"@id":"https:\/\/stg.visualarq.com\/es\/download\/styles-library\/#primaryimage"},"image":{"@id":"https:\/\/stg.visualarq.com\/es\/download\/styles-library\/#primaryimage"},"thumbnailUrl":"https:\/\/stg.visualarq.com\/wp-content\/uploads\/2023\/12\/val-file-VA2.png","datePublished":"2024-12-12T15:23:08+00:00","dateModified":"2025-01-15T11:08:34+00:00","breadcrumb":{"@id":"https:\/\/stg.visualarq.com\/es\/download\/styles-library\/#breadcrumb"},"inLanguage":"es","potentialAction":[{"@type":"ReadAction","target":["https:\/\/stg.visualarq.com\/es\/download\/styles-library\/"]}]},{"@type":"ImageObject","inLanguage":"es","@id":"https:\/\/stg.visualarq.com\/es\/download\/styles-library\/#primaryimage","url":"https:\/\/stg.visualarq.com\/wp-content\/uploads\/2023\/12\/val-file-VA2.png","contentUrl":"https:\/\/stg.visualarq.com\/wp-content\/uploads\/2023\/12\/val-file-VA2.png"},{"@type":"BreadcrumbList","@id":"https:\/\/stg.visualarq.com\/es\/download\/styles-library\/#breadcrumb","itemListElement":[{"@type":"ListItem","position":1,"name":"Home","item":"https:\/\/stg.visualarq.com\/es\/home\/"},{"@type":"ListItem","position":2,"name":"Librer\u00eda de estilos de VisualARQ"}]},{"@type":"WebSite","@id":"https:\/\/stg.visualarq.com\/es\/#website","url":"https:\/\/stg.visualarq.com\/es\/","name":"VisualARQ","description":"Flexible BIM for Rhino","potentialAction":[{"@type":"SearchAction","target":{"@type":"EntryPoint","urlTemplate":"https:\/\/stg.visualarq.com\/es\/?s={search_term_string}"},"query-input":{"@type":"PropertyValueSpecification","valueRequired":true,"valueName":"search_term_string"}}],"inLanguage":"es"}]}},"_links":{"self":[{"href":"https:\/\/stg.visualarq.com\/es\/wp-json\/wp\/v2\/pages\/41849","targetHints":{"allow":["GET"]}}],"collection":[{"href":"https:\/\/stg.visualarq.com\/es\/wp-json\/wp\/v2\/pages"}],"about":[{"href":"https:\/\/stg.visualarq.com\/es\/wp-json\/wp\/v2\/types\/page"}],"author":[{"embeddable":true,"href":"https:\/\/stg.visualarq.com\/es\/wp-json\/wp\/v2\/users\/6"}],"replies":[{"embeddable":true,"href":"https:\/\/stg.visualarq.com\/es\/wp-json\/wp\/v2\/comments?post=41849"}],"version-history":[{"count":2,"href":"https:\/\/stg.visualarq.com\/es\/wp-json\/wp\/v2\/pages\/41849\/revisions"}],"predecessor-version":[{"id":41855,"href":"https:\/\/stg.visualarq.com\/es\/wp-json\/wp\/v2\/pages\/41849\/revisions\/41855"}],"up":[{"embeddable":true,"href":"https:\/\/stg.visualarq.com\/es\/wp-json\/wp\/v2\/pages\/11698"}],"wp:attachment":[{"href":"https:\/\/stg.visualarq.com\/es\/wp-json\/wp\/v2\/media?parent=41849"}],"curies":[{"name":"wp","href":"https:\/\/api.w.org\/{rel}","templated":true}]}}