{"id":42980,"date":"2026-01-14T11:17:38","date_gmt":"2026-01-14T11:17:38","guid":{"rendered":"https:\/\/stg.visualarq.com\/?page_id=42980"},"modified":"2026-01-14T11:30:05","modified_gmt":"2026-01-14T11:30:05","slug":"legal-notice","status":"publish","type":"page","link":"https:\/\/stg.visualarq.com\/es\/legal\/legal-notice\/","title":{"rendered":"Aviso legal"},"content":{"rendered":"[et_pb_section fb_built=\u00bb1&#8243; admin_label=\u00bbsection\u00bb _builder_version=\u00bb4.16&#8243; da_disable_devices=\u00bboff|off|off\u00bb global_colors_info=\u00bb{}\u00bb da_is_popup=\u00bboff\u00bb da_exit_intent=\u00bboff\u00bb da_has_close=\u00bbon\u00bb da_alt_close=\u00bboff\u00bb da_dark_close=\u00bboff\u00bb da_not_modal=\u00bbon\u00bb da_is_singular=\u00bboff\u00bb da_with_loader=\u00bboff\u00bb da_has_shadow=\u00bbon\u00bb][et_pb_row admin_label=\u00bbrow\u00bb _builder_version=\u00bb4.16&#8243; background_size=\u00bbinitial\u00bb background_position=\u00bbtop_left\u00bb background_repeat=\u00bbrepeat\u00bb global_colors_info=\u00bb{}\u00bb][et_pb_column type=\u00bb4_4&#8243; _builder_version=\u00bb4.16&#8243; custom_padding=\u00bb|||\u00bb global_colors_info=\u00bb{}\u00bb custom_padding__hover=\u00bb|||\u00bb][et_pb_post_title meta=\u00bboff\u00bb featured_image=\u00bboff\u00bb admin_label=\u00bbTitulo de la p\u00e1gina\u00bb _builder_version=\u00bb4.16&#8243; title_font=\u00bb|on|||\u00bb title_font_size=\u00bb30px\u00bb title_all_caps=\u00bboff\u00bb background_color=\u00bbrgba(255,255,255,0)\u00bb parallax=\u00bbon\u00bb parallax_method=\u00bboff\u00bb parallax_effect=\u00bbon\u00bb module_bg_color=\u00bbrgba(255,255,255,0)\u00bb use_border_color=\u00bboff\u00bb border_color=\u00bb#ffffff\u00bb border_style=\u00bbsolid\u00bb saved_tabs=\u00bball\u00bb global_colors_info=\u00bb{}\u00bb][\/et_pb_post_title][et_pb_accordion module_id=\u00bbsection\u00bb _builder_version=\u00bb4.16&#8243; border_style=\u00bbsolid\u00bb global_colors_info=\u00bb{}\u00bb][et_pb_accordion_item title=\u00bbAviso legal\u00bb open=\u00bbon\u00bb _builder_version=\u00bb4.16&#8243; global_colors_info=\u00bb{}\u00bb]<p><em>En cumplimiento de la Ley 34\/2002, de 11 de julio, de Servicios de la Sociedad de la Informaci\u00f3n y de Comercio Electr\u00f3nico (LSSI-CE), la empresa\u00a0 le informa que es titular del sitio web. De acuerdo con la exigencia del art\u00edculo 10 de la citada Ley, informa de los siguientes datos: <\/em><\/p>\n<p><em>El titular de este sitio web es: <\/em><\/p>\n<table>\n<tbody>\n<tr>\n<td width=\"151\">\n<p>Nombre de la empresa<\/p>\n<\/td>\n<td width=\"415\">\n<p>Asuni Soft, S.L.<\/p>\n<\/td>\n<\/tr>\n<tr>\n<td width=\"151\">\n<p>NIF<\/p>\n<\/td>\n<td width=\"415\">\n<p>B62897731<\/p>\n<\/td>\n<\/tr>\n<tr>\n<td width=\"151\">\n<p>Direcci\u00f3n<\/p>\n<\/td>\n<td width=\"415\">\n<p>C\/ Roger De Flor 32-34, 08018, Barcelona<\/p>\n<\/td>\n<\/tr>\n<tr>\n<td width=\"151\">\n<p>Inscripci\u00f3n en el registro mercantil<\/p>\n<\/td>\n<td width=\"415\">\n<p>N\u00famero de inscripci\u00f3n<\/p>\n<\/td>\n<\/tr>\n<\/tbody>\n<\/table>\n<p><strong><em><u>USUARIOS<\/u><\/em><\/strong><\/p>\n<p><em>El acceso y\/o uso de este portal le atribuye la condici\u00f3n de USUARIO, que acepta, desde dicho acceso y\/o uso, las Condiciones Generales de Uso aqu\u00ed reflejadas. Las citadas Condiciones ser\u00e1n de aplicaci\u00f3n independientemente de las Condiciones Generales de Contrataci\u00f3n que en su caso resulten de obligado cumplimiento.<\/em><\/p>\n<p><strong><em><u>USO DEL PORTAL<\/u><\/em><\/strong><\/p>\n<p><em>La p\u00e1gina web proporciona el acceso a multitud de informaciones, servicios, programas o datos (en adelante, \u201clos contenidos\u201d) en Internet pertenecientes a Asuni Soft, S.L. o a sus licenciantes a los que el USUARIO pueda tener acceso. El USUARIO asume la responsabilidad del uso del portal. Dicha responsabilidad se extiende al registro que fuese necesario para acceder a determinados servicios o contenidos.<\/em><\/p>\n<p><em>En dicho registro el USUARIO ser\u00e1 responsable de aportar informaci\u00f3n veraz y l\u00edcita. Como consecuencia de este registro, al USUARIO se le puede proporcionar una contrase\u00f1a de la que ser\u00e1 responsable, comprometi\u00e9ndose a hacer un uso diligente y confidencial de la misma. El USUARIO se compromete a hacer un uso adecuado de los contenidos y servicios que Asuni Soft, S.L. ofrece a trav\u00e9s de su portal y con car\u00e1cter enunciativo pero no limitativo, a no emplearlos para: <\/em><\/p>\n<ol>\n<li><em>incurrir en actividades il\u00edcitas, ilegales o contrarias a la buena fe y al orden p\u00fablico<\/em><\/li>\n<li><em>difundir contenidos o propaganda de car\u00e1cter racista, xen\u00f3fobo, pornogr\u00e1fico-ilegal, de apolog\u00eda del terrorismo o atentatorio contra los derechos humanos<\/em><\/li>\n<li><em>provocar da\u00f1os en los sistemas f\u00edsicos y l\u00f3gicos de Asuni Soft, S.L., de sus proveedores o de terceras personas, introducir o difundir en la red virus inform\u00e1ticos o cualesquiera otros sistemas f\u00edsicos o l\u00f3gicos que sean susceptibles de provocar los da\u00f1os anteriormente mencionados;<\/em><\/li>\n<li><em>intentar acceder y, en su caso, utilizar las cuentas de correo electr\u00f3nico de otros usuarios y modificar manipular sus mensajes. Asuni Soft, S.L. se reserva el derecho de retirar todos aquellos comentarios y aportaciones que vulneren el respeto a la dignidad de la persona, que sean discriminatorios, xen\u00f3fobos, racistas, pornogr\u00e1ficos, que atenten contra la juventud o la infancia, el orden o la seguridad p\u00fablica o que, a su juicio, no resultaran adecuados para su publicaci\u00f3n. En cualquier caso, Asuni Soft, S.L. no ser\u00e1 responsable de las opiniones vertidas por los usuarios a trav\u00e9s de los foros, chats, u otras herramientas de participaci\u00f3n.<\/em><\/li>\n<\/ol>\n<p><strong><em><u>PROPIEDAD INTELECTUAL E INDUSTRIAL<\/u><\/em><\/strong><\/p>\n<p>Asuni Soft, S.L.<em> ser\u00e1 titular de todos los derechos de propiedad intelectual e industrial de su p\u00e1gina web, as\u00ed como de los elementos contenidos en la misma (a t\u00edtulo enunciativo, im\u00e1genes, sonido, audio, v\u00eddeo, software o textos; marcas o logotipos, combinaciones de colores, estructura y dise\u00f1o, selecci\u00f3n de materiales usados, programas de ordenador necesarios para su funcionamiento, acceso y uso, etc.).<\/em><\/p>\n<p><em>Todos los derechos reservados. En virtud de lo dispuesto en los art\u00edculos 8 y 32.1, p\u00e1rrafo segundo, de la Ley de Propiedad Intelectual, quedan expresamente prohibidas la reproducci\u00f3n, la distribuci\u00f3n y la comunicaci\u00f3n p\u00fablica, incluida su modalidad de puesta a disposici\u00f3n, de la totalidad o parte de los contenidos de esta p\u00e1gina web, con fines comerciales, en cualquier soporte y por cualquier medio t\u00e9cnico, sin la autorizaci\u00f3n de <\/em>Asuni Soft, S.L.<em>. El USUARIO se compromete a respetar los derechos de Propiedad Intelectual e Industrial titularidad de <\/em>Asuni Soft, S.L.<em>. Podr\u00e1 visualizar los elementos del portal e incluso imprimirlos, copiarlos y almacenarlos en el disco duro de su ordenador o en cualquier otro soporte f\u00edsico siempre y cuando sea, \u00fanica y exclusivamente, para su uso personal y privado. El USUARIO deber\u00e1 abstenerse de suprimir, alterar, eludir o manipular cualquier dispositivo de protecci\u00f3n o sistema de seguridad que estuviera instalado en el las p\u00e1ginas de <\/em>Asuni Soft, S.L.<em>.<\/em><\/p>\n<p><strong><em><u>EXCLUSI\u00d3N DE GARANT\u00cdAS Y RESPONSABILIDAD<\/u><\/em><\/strong><\/p>\n<p>Asuni Soft, S.L.<em> no se hace responsable, en ning\u00fan caso, de los da\u00f1os y perjuicios de cualquier naturaleza que pudieran ocasionar, a t\u00edtulo enunciativo: errores u omisiones en los contenidos, falta de disponibilidad del portal o la transmisi\u00f3n de virus o programas maliciosos o lesivos en los contenidos, a pesar de haber adoptado todas las medidas tecnol\u00f3gicas necesarias para evitarlo.<\/em><\/p>\n<p><strong><em><u>MODIFICACIONES<\/u><\/em><\/strong><\/p>\n<p>Asuni Soft, S.L.<em> se reserva el derecho de efectuar sin previo aviso las modificaciones que considere oportunas en su portal, pudiendo cambiar, suprimir o a\u00f1adir tanto los contenidos y servicios que se presten a trav\u00e9s de la misma como la forma en la que \u00e9stos aparezcan presentados o localizados en su portal.<\/em><\/p>\n<p><strong><em><u>ENLACES<\/u><\/em><\/strong><\/p>\n<p><em>En el caso de que en la p\u00e1gina web se dispusiesen enlaces o hiperv\u00ednculos hac\u00eda otros sitios de Internet, Asuni Soft, S.L. no ejercer\u00e1 ning\u00fan tipo de control sobre dichos sitios y contenidos. En ning\u00fan caso <\/em>Asuni Soft, S.L.<em> asumir\u00e1 responsabilidad alguna por los contenidos de alg\u00fan enlace perteneciente a un sitio web ajeno, ni garantizar\u00e1 la disponibilidad t\u00e9cnica, calidad, fiabilidad, exactitud, amplitud, veracidad, validez y constitucionalidad de cualquier material o informaci\u00f3n contenida en ninguno de dichos hiperv\u00ednculos u otros sitios de Internet.<\/em><\/p>\n<p><em>Igualmente, la inclusi\u00f3n de estas conexiones externas no implicar\u00e1 ning\u00fan tipo de asociaci\u00f3n, fusi\u00f3n o participaci\u00f3n con las entidades conectadas.<\/em><\/p>\n<p><strong><em><u>DERECHO DE EXCLUSI\u00d3N<\/u><\/em><\/strong><\/p>\n<p>Asuni Soft, S.L.<em> se reserva el derecho a denegar o retirar el acceso a portal y\/o los servicios ofrecidos sin necesidad de preaviso, a instancia propia o de un tercero, a aquellos usuarios que incumplan las presentes Condiciones Generales de Uso.<\/em><\/p>\n<p><strong><em><u>GENERALIDADES<\/u><\/em><\/strong><\/p>\n<p>Asuni Soft, S.L.<em> perseguir\u00e1 el incumplimiento de las presentes condiciones, as\u00ed como cualquier utilizaci\u00f3n indebida de su portal ejerciendo todas las acciones civiles y penales que le puedan corresponder en derecho.<\/em><\/p>\n<p><strong><em><u>MODIFICACI\u00d3N DE LAS PRESENTES CONDICIONES Y DURACI\u00d3N<\/u><\/em><\/strong><\/p>\n<p>Asuni Soft, S.L.<em> podr\u00e1 modificar en cualquier momento las condiciones aqu\u00ed determinadas, siendo debidamente publicadas como aqu\u00ed aparecen.<\/em><\/p>\n<p><em>La vigencia de las citadas condiciones ir\u00e1 en funci\u00f3n de su exposici\u00f3n y estar\u00e1n vigentes hasta que sean modificadas por otras debidamente publicadas.<\/em><\/p>\n<p><strong><em><u>LEGISLACI\u00d3N APLICABLE Y JURISDICCI\u00d3N<\/u><\/em><\/strong><\/p>\n<p><em>La relaci\u00f3n entre <\/em>Asuni Soft, S.L.<em> y el USUARIO se regir\u00e1 por la normativa espa\u00f1ola vigente y cualquier controversia se someter\u00e1 a los Juzgados y tribunales de la ciudad anteriormente indicada.<\/em><\/p>\n<p><strong>COOKIE POLICY<\/strong><\/p>\n<p><a href=\"\/?page_id=20252\">Cookie Policy<\/a><\/p>\n<p><strong>PRIVACY POLICY<\/strong><\/p>\n<p><a href=\"\/?page_id=10805\">Privacy Policy<\/a><\/p>[\/et_pb_accordion_item][et_pb_accordion_item title=\u00bbLicencias de usuario\u00bb _builder_version=\u00bb4.16&#8243; global_colors_info=\u00bb{}\u00bb open=\u00bboff\u00bb]<h2>VisualARQ EULA<\/h2>\n<a href=\"https:\/\/files.asuni.com\/visualarq\/legal\/licenses\/eula.zip\">Download the VisualARQ EULA<\/a> (End User License Agreement). <hr class=\"separator\">\n<h2>CSTB IFC-SDK<\/h2>\n<a href=\"https:\/\/joinup.ec.europa.eu\/software\/ifc-sdk\/home\">https:\/\/joinup.ec.europa.eu\/software\/ifc-sdk\/home<\/a>\n<h3>License:<\/h3>\n<a href=\"https:\/\/joinup.ec.europa.eu\/svn\/ifc-sdk\/trunk\/Licence.txt\">GNU Lesser General Public License (LGPL)<\/a>\n<h3>Description:<\/h3>\nThe IFC SDK project provides a Software Development Kit (SDK) for reading and writing a Building Information Model (BIM) defined in Industry Foundation Classes (IFC) format. First version of the IFC SDK is provided in C++ programming language and is compliant with IFC 2X3 TC1 standard developed by the International Alliance for Interoperability (IAI \u2013 BuildingSmart, see: <a href=\"https:\/\/www.buildingsmart.com\/\">https:\/\/www.buildingsmart.com\/<\/a>).\n<h3>Features:<\/h3>\nThe main features of the IFC SDK project are the following:\n<ol>\n \t<li>reading and writing a BIM model defined in ISO-10303-21 Step Physical File (SPF) ASCII format and compliant with IFC 2X3 TC1 ISO-103030-11 EXPRESS data model;<\/li>\n \t<li>capabilities of parsing and managing the full entities set of IFC 2X3 TC1 standard;<\/li>\n \t<li>parsing and managing of EXPRESS INVERSE and DERIVED attributes<\/li>\n \t<li>managing of BIM in memory<\/li>\n \t<li>multi-models<\/li>\n<\/ol>\n<h3>Source code<\/h3>\n<a href=\"https:\/\/files.asuni.com\/visualarq\/legal\/licenses\/ifc-sdk-1.0.3.11.zip\">ifc-sdk-1.0.3.11.zip<\/a> <hr class=\"separator\">\n<h2>VLD<\/h2>\n<a href=\"https:\/\/vld.codeplex.com\">https:\/\/vld.codeplex.com<\/a>\n<h3>License:<\/h3>\n<a href=\"https:\/\/vld.codeplex.com\/license\">GNU Lesser General Public License (LGPL)<\/a>\n<h3>Project Description:<\/h3>\nVisual Leak Detector is a free, robust, open-source memory leak detection system for Visual C++. It&#8217;s pretty easy to use. After installing it, you just need to tell Visual C++ where to find the included header and library file. Then it can be used with any C\/C++ project simply by adding the following line to your code: <code>#include &lt;vld.h&gt;<\/code> When you run your program under the Visual Studio debugger, Visual Leak Detector will output a memory leak report at the end of your debugging session. The leak report includes the full call stack showing how any leaked memory blocks were allocated. Double-click on a line in the call stack to jump to that file and line in the editor window. It&#8217;s a very effective way to quickly diagnose, and fix, memory leaks in C\/C++ applications.[\/et_pb_accordion_item][\/et_pb_accordion][\/et_pb_column][\/et_pb_row][\/et_pb_section]","protected":false},"excerpt":{"rendered":"<p>En cumplimiento de la Ley 34\/2002, de 11 de julio, de Servicios de la Sociedad de la Informaci\u00f3n y de Comercio Electr\u00f3nico (LSSI-CE), la empresa\u00a0 le informa que es titular del sitio web. De acuerdo con la exigencia del art\u00edculo 10 de la citada Ley, informa de los siguientes datos: El titular de este sitio [&hellip;]<\/p>\n","protected":false},"author":1,"featured_media":0,"parent":11573,"menu_order":100,"comment_status":"closed","ping_status":"closed","template":"","meta":{"_et_pb_use_builder":"on","_et_pb_old_content":"","_et_gb_content_width":"","footnotes":""},"class_list":["post-42980","page","type-page","status-publish","hentry"],"yoast_head":"<!-- This site is optimized with the Yoast SEO plugin v27.3 - https:\/\/yoast.com\/product\/yoast-seo-wordpress\/ -->\n<title>Aviso legal - VisualARQ<\/title>\n<meta name=\"robots\" content=\"noindex, follow, max-snippet:-1, max-image-preview:large, max-video-preview:-1\" \/>\n<meta property=\"og:locale\" content=\"es_ES\" \/>\n<meta property=\"og:type\" content=\"article\" \/>\n<meta property=\"og:title\" content=\"Aviso legal - VisualARQ\" \/>\n<meta property=\"og:description\" content=\"En cumplimiento de la Ley 34\/2002, de 11 de julio, de Servicios de la Sociedad de la Informaci\u00f3n y de Comercio Electr\u00f3nico (LSSI-CE), la empresa\u00a0 le informa que es titular del sitio web. De acuerdo con la exigencia del art\u00edculo 10 de la citada Ley, informa de los siguientes datos: El titular de este sitio [&hellip;]\" \/>\n<meta property=\"og:url\" content=\"https:\/\/stg.visualarq.com\/es\/legal\/legal-notice\/\" \/>\n<meta property=\"og:site_name\" content=\"VisualARQ\" \/>\n<meta property=\"article:publisher\" content=\"https:\/\/www.facebook.com\/visualarq\" \/>\n<meta property=\"article:modified_time\" content=\"2026-01-14T11:30:05+00:00\" \/>\n<meta name=\"twitter:card\" content=\"summary_large_image\" \/>\n<meta name=\"twitter:site\" content=\"@VisualARQ\" \/>\n<meta name=\"twitter:label1\" content=\"Tiempo de lectura\" \/>\n\t<meta name=\"twitter:data1\" content=\"9 minutos\" \/>\n<script type=\"application\/ld+json\" class=\"yoast-schema-graph\">{\"@context\":\"https:\\\/\\\/schema.org\",\"@graph\":[{\"@type\":\"WebPage\",\"@id\":\"https:\\\/\\\/stg.visualarq.com\\\/es\\\/legal\\\/legal-notice\\\/\",\"url\":\"https:\\\/\\\/stg.visualarq.com\\\/es\\\/legal\\\/legal-notice\\\/\",\"name\":\"Aviso legal - VisualARQ\",\"isPartOf\":{\"@id\":\"https:\\\/\\\/stg.visualarq.com\\\/es\\\/#website\"},\"datePublished\":\"2026-01-14T11:17:38+00:00\",\"dateModified\":\"2026-01-14T11:30:05+00:00\",\"breadcrumb\":{\"@id\":\"https:\\\/\\\/stg.visualarq.com\\\/es\\\/legal\\\/legal-notice\\\/#breadcrumb\"},\"inLanguage\":\"es\",\"potentialAction\":[{\"@type\":\"ReadAction\",\"target\":[\"https:\\\/\\\/stg.visualarq.com\\\/es\\\/legal\\\/legal-notice\\\/\"]}]},{\"@type\":\"BreadcrumbList\",\"@id\":\"https:\\\/\\\/stg.visualarq.com\\\/es\\\/legal\\\/legal-notice\\\/#breadcrumb\",\"itemListElement\":[{\"@type\":\"ListItem\",\"position\":1,\"name\":\"Home\",\"item\":\"https:\\\/\\\/stg.visualarq.com\\\/es\\\/home\\\/\"},{\"@type\":\"ListItem\",\"position\":2,\"name\":\"Aviso legal\"}]},{\"@type\":\"WebSite\",\"@id\":\"https:\\\/\\\/stg.visualarq.com\\\/es\\\/#website\",\"url\":\"https:\\\/\\\/stg.visualarq.com\\\/es\\\/\",\"name\":\"VisualARQ\",\"description\":\"Flexible BIM for Rhino\",\"potentialAction\":[{\"@type\":\"SearchAction\",\"target\":{\"@type\":\"EntryPoint\",\"urlTemplate\":\"https:\\\/\\\/stg.visualarq.com\\\/es\\\/?s={search_term_string}\"},\"query-input\":{\"@type\":\"PropertyValueSpecification\",\"valueRequired\":true,\"valueName\":\"search_term_string\"}}],\"inLanguage\":\"es\"}]}<\/script>\n<!-- \/ Yoast SEO plugin. -->","yoast_head_json":{"title":"Aviso legal - VisualARQ","robots":{"index":"noindex","follow":"follow","max-snippet":"max-snippet:-1","max-image-preview":"max-image-preview:large","max-video-preview":"max-video-preview:-1"},"og_locale":"es_ES","og_type":"article","og_title":"Aviso legal - VisualARQ","og_description":"En cumplimiento de la Ley 34\/2002, de 11 de julio, de Servicios de la Sociedad de la Informaci\u00f3n y de Comercio Electr\u00f3nico (LSSI-CE), la empresa\u00a0 le informa que es titular del sitio web. De acuerdo con la exigencia del art\u00edculo 10 de la citada Ley, informa de los siguientes datos: El titular de este sitio [&hellip;]","og_url":"https:\/\/stg.visualarq.com\/es\/legal\/legal-notice\/","og_site_name":"VisualARQ","article_publisher":"https:\/\/www.facebook.com\/visualarq","article_modified_time":"2026-01-14T11:30:05+00:00","twitter_card":"summary_large_image","twitter_site":"@VisualARQ","twitter_misc":{"Tiempo de lectura":"9 minutos"},"schema":{"@context":"https:\/\/schema.org","@graph":[{"@type":"WebPage","@id":"https:\/\/stg.visualarq.com\/es\/legal\/legal-notice\/","url":"https:\/\/stg.visualarq.com\/es\/legal\/legal-notice\/","name":"Aviso legal - VisualARQ","isPartOf":{"@id":"https:\/\/stg.visualarq.com\/es\/#website"},"datePublished":"2026-01-14T11:17:38+00:00","dateModified":"2026-01-14T11:30:05+00:00","breadcrumb":{"@id":"https:\/\/stg.visualarq.com\/es\/legal\/legal-notice\/#breadcrumb"},"inLanguage":"es","potentialAction":[{"@type":"ReadAction","target":["https:\/\/stg.visualarq.com\/es\/legal\/legal-notice\/"]}]},{"@type":"BreadcrumbList","@id":"https:\/\/stg.visualarq.com\/es\/legal\/legal-notice\/#breadcrumb","itemListElement":[{"@type":"ListItem","position":1,"name":"Home","item":"https:\/\/stg.visualarq.com\/es\/home\/"},{"@type":"ListItem","position":2,"name":"Aviso legal"}]},{"@type":"WebSite","@id":"https:\/\/stg.visualarq.com\/es\/#website","url":"https:\/\/stg.visualarq.com\/es\/","name":"VisualARQ","description":"Flexible BIM for Rhino","potentialAction":[{"@type":"SearchAction","target":{"@type":"EntryPoint","urlTemplate":"https:\/\/stg.visualarq.com\/es\/?s={search_term_string}"},"query-input":{"@type":"PropertyValueSpecification","valueRequired":true,"valueName":"search_term_string"}}],"inLanguage":"es"}]}},"_links":{"self":[{"href":"https:\/\/stg.visualarq.com\/es\/wp-json\/wp\/v2\/pages\/42980","targetHints":{"allow":["GET"]}}],"collection":[{"href":"https:\/\/stg.visualarq.com\/es\/wp-json\/wp\/v2\/pages"}],"about":[{"href":"https:\/\/stg.visualarq.com\/es\/wp-json\/wp\/v2\/types\/page"}],"author":[{"embeddable":true,"href":"https:\/\/stg.visualarq.com\/es\/wp-json\/wp\/v2\/users\/1"}],"replies":[{"embeddable":true,"href":"https:\/\/stg.visualarq.com\/es\/wp-json\/wp\/v2\/comments?post=42980"}],"version-history":[{"count":5,"href":"https:\/\/stg.visualarq.com\/es\/wp-json\/wp\/v2\/pages\/42980\/revisions"}],"predecessor-version":[{"id":43009,"href":"https:\/\/stg.visualarq.com\/es\/wp-json\/wp\/v2\/pages\/42980\/revisions\/43009"}],"up":[{"embeddable":true,"href":"https:\/\/stg.visualarq.com\/es\/wp-json\/wp\/v2\/pages\/11573"}],"wp:attachment":[{"href":"https:\/\/stg.visualarq.com\/es\/wp-json\/wp\/v2\/media?parent=42980"}],"curies":[{"name":"wp","href":"https:\/\/api.w.org\/{rel}","templated":true}]}}