{"id":43149,"date":"2026-01-16T09:21:49","date_gmt":"2026-01-16T09:21:49","guid":{"rendered":"https:\/\/stg.visualarq.com\/features\/hoja-de-ruta\/"},"modified":"2026-02-05T12:37:29","modified_gmt":"2026-02-05T12:37:29","slug":"roadmap","status":"publish","type":"page","link":"https:\/\/stg.visualarq.com\/es\/features\/roadmap\/","title":{"rendered":"Hoja de ruta"},"content":{"rendered":"\n<h1 class=\"wp-block-heading\">Hoja de ruta de VisualARQ<\/h1>\n\n<p>El equipo de VisualARQ est\u00e1 trabajando actualmente en VisualARQ 4.<\/p>\n\n<p>A continuaci\u00f3n encontrar\u00e1 la lista de nuevas funciones que nos gustar\u00eda incluir en VisualARQ 4 o en futuras versiones.<\/p>\n\n<p><\/p>\n\n<div class=\"wp-block-columns cuadrogris is-layout-flex wp-container-core-columns-is-layout-9d6595d7 wp-block-columns-is-layout-flex\" id=\"Interface\">\n<div class=\"wp-block-column is-layout-flow wp-block-column-is-layout-flow\">\n<h4 class=\"wp-block-heading\"><strong>Interfaz<\/strong><\/h4>\n\n\n\n<ul>\n<li>Agrupar estilos por carpetas en el di\u00e1logo de estilos. <span class=\"tag tag_planned\">Planificada<\/span><\/li>\n<li>Compatibilidad con el modo oscuro. <span class=\"tag tag_planned\">Planificada<\/span><\/li>\n<li>Iconos vectoriales en las barras de herramientas de VisualARQ. <span class=\"tag tag_planned\">Planificada<\/span><\/li>\n<\/ul>\n<\/div>\n<\/div>\n\n<p><\/p>\n\n<p><\/p>\n\n<div class=\"wp-block-columns cuadrogris is-layout-flex wp-container-core-columns-is-layout-9d6595d7 wp-block-columns-is-layout-flex\" id=\"Objects\">\n<div class=\"wp-block-column is-layout-flow wp-block-column-is-layout-flow\">\n<h4 class=\"wp-block-heading\"><strong>Objetos<\/strong><\/h4>\n\n\n\n<ul>\n<li>Grupos de interferencia: opci\u00f3n para especificar qu\u00e9 objetos se cruzan con otros seg\u00fan los grupos. <span class=\"tag tag_planned\">Planificada<\/span><\/li>\n<li>Crear cualquier objeto de VisualARQ a partir de un bloque <span class=\"tag tag_planned\">Planificada<\/span><\/li>\n<li>Librer\u00eda de estilos de objetos ampliada en las plantillas de VisualARQ. <span class=\"tag tag_inprogress\">En progreso<\/span><\/li>\n<li>Atributos de sombreado para objetos en proyecci\u00f3n. <span class=\"tag tag_planned\">Planificada<\/span><\/li>\n<li>Nuevo objeto Rampa. <span class=\"tag tag_planned\">Planificada<\/span><\/li>\n<li>Altura de los objetos por nivel. <span class=\"tag tag_planned\">Planificada<\/span><\/li>\n<li>Representaci\u00f3n de la geometr\u00eda de Rhino. <span class=\"tag tag_planned\">Planificada<\/span><\/li>\n<li>Atributo de grosor de l\u00ednea para los contornos de muros multicapa. <span class=\"tag tag_planned\">Planificada<\/span><\/li>\n<\/ul>\n<\/div>\n<\/div>\n\n<p><\/p>\n\n<p><\/p>\n\n<div class=\"wp-block-columns cuadrogris is-layout-flex wp-container-core-columns-is-layout-9d6595d7 wp-block-columns-is-layout-flex\" id=\"Walls\">\n<div class=\"wp-block-column is-layout-flow wp-block-column-is-layout-flow\">\n<h4 class=\"wp-block-heading\"><strong>Muros<\/strong><\/h4>\n\n\n\n<ul>\n\n<li>Muros a partir de superficies. <span class=\"tag tag_planned\">Planificada<\/span><\/li>\n<li>Muros inclinados. <span class=\"tag tag_planned\">Planificada<\/span><\/li>\n<li>Hacer que los ajustes de capa de muro terminen en el marco de los huecos. <span class=\"tag tag_planned\">Planificada<\/span><\/li>\n<li>Componentes estructurales. <span class=\"tag tag_planned\">Planificada<\/span><\/li>\n<li>Mejoras en la intersecci\u00f3n de muros. <span class=\"tag tag_instudy\">En estudio<\/span><\/li>\n<\/ul>\n<\/div>\n<\/div>\n\n<p><\/p>\n\n<p><\/p>\n\n<div class=\"wp-block-columns cuadrogris is-layout-flex wp-container-core-columns-is-layout-9d6595d7 wp-block-columns-is-layout-flex\" id=\"Openings\">\n<div class=\"wp-block-column is-layout-flow wp-block-column-is-layout-flow\">\n<h4 class=\"wp-block-heading\"><strong>Puertas y ventanas<\/strong><\/h4>\n\n\n\n<ul>\n<li>S\u00f3lido como perfil de hueco. <span class=\"tag tag_planned\">Planificada<\/span><\/li>\n<li>Mostrar l\u00edneas de hueco en las vistas en secci\u00f3n y alzado. <span class=\"tag tag_planned\">Planificada<\/span><\/li>\n<li>Perfil personalizado para el componente marco. <span class=\"tag tag_planned\">Planificada<\/span><\/li>\n<\/ul>\n<\/div>\n<\/div>\n\n<p><\/p>\n\n<p><\/p>\n\n<div class=\"wp-block-columns cuadrogris is-layout-flex wp-container-core-columns-is-layout-9d6595d7 wp-block-columns-is-layout-flex\" id=\"Stairs\">\n<div class=\"wp-block-column is-layout-flow wp-block-column-is-layout-flow\">\n<h4 class=\"wp-block-heading\"><strong>Escaleras<\/strong><\/h4>\n\n\n\n<ul>\n<li>Escaleras a partir de curvas. <span class=\"tag tag_planned\">Planificada<\/span><\/li>\n<li>Componente zanca. <span class=\"tag tag_planned\">Planificada<\/span><\/li>\n<li>Barandillas vinculadas a escaleras. <span class=\"tag tag_instudy\">En estudio<\/span><\/li>\n<li>Opci\u00f3n de no dibujar el \u00faltimo pelda\u00f1o de una escalera. <span class=\"tag tag_planned\">Planificada<\/span><\/li>\n<\/ul>\n<\/div>\n<\/div>\n\n<p><\/p>\n\n<p><\/p>\n\n<div class=\"wp-block-columns cuadrogris is-layout-flex wp-container-core-columns-is-layout-9d6595d7 wp-block-columns-is-layout-flex\" id=\"IFC\">\n<div class=\"wp-block-column is-layout-flow wp-block-column-is-layout-flow\">\n<h4 class=\"wp-block-heading\"><strong>IFC<\/strong><\/h4>\n\n\n\n<ul>\n<li>Exportaci\u00f3n IFC 4. (Estar\u00e1 disponible en una actualizaci\u00f3n de VisualARQ 3.x) <span class=\"tag tag_inprogress\">En curso<\/span><\/li>\n<li>Vincular par\u00e1metros personalizados a propiedades IFC. <span class=\"tag tag_planned\">Planificada<\/span><\/li>\n<li>Mantener los ID al importar o exportar archivos IFC. <span class=\"tag tag_instudy\">En estudio<\/span><\/li>\n<li>Soporte de punto base de modelo <span class=\"tag tag_planned\">Planificada<\/span><\/li>\n<li>Asignar diferentes tipos IFC a objetos de VisualARQ <span class=\"tag tag_planned\">Planificada<\/span><\/li>\n<\/ul>\n<\/div>\n<\/div>\n\n<p><\/p>\n\n<p><\/p>\n\n<div class=\"wp-block-columns cuadrogris is-layout-flex wp-container-core-columns-is-layout-9d6595d7 wp-block-columns-is-layout-flex\" id=\"GH-Styles\">\n<div class=\"wp-block-column is-layout-flow wp-block-column-is-layout-flow\">\n<h4 class=\"wp-block-heading\"><strong>Estilos de Grasshopper<\/strong><\/h4>\n\n\n\n<ul>\n<li>M\u00faltiples datos de entrada. <span class=\"tag tag_planned\">Planificada<\/span><\/li>\n<li>Objetos Muebles y Elementos a partir de curvas de superficie o trayectoria como geometr\u00eda de entrada. <span class=\"tag tag_planned\">Planificada<\/span><\/li>\n<li>Curvas de entrada escaleras. <span class=\"tag tag_planned\">Planificada<\/span><\/li>\n<li>Objetos y estilos de VisualARQ como entradas (ensamblajes de objetos). <span class=\"tag tag_planned\">Planificada<\/span><\/li>\n<li>Objetos de VisualARQ como componentes de salida (ensamblajes de objetos). <span class=\"tag tag_planned\">Planificada<\/span><\/li>\n<li>Acceso a la definici\u00f3n de Grasshopper de los estilos de Grasshopper. <span class=\"tag tag_planned\">Planificada<\/span><\/li>\n<li>Guardar la configuraci\u00f3n de los valores en los estilos de Grasshopper como preajustes. <span class=\"tag tag_planned\">Planificada<\/span><\/li>\n<\/ul>\n<\/div>\n<\/div>\n\n<p><\/p>\n\n<p><\/p>\n\n<div class=\"wp-block-columns cuadrogris is-layout-flex wp-container-core-columns-is-layout-9d6595d7 wp-block-columns-is-layout-flex\" id=\"GH-Components\">\n<div class=\"wp-block-column is-layout-flow wp-block-column-is-layout-flow\">\n<h4 class=\"wp-block-heading\"><strong>Componentes de Grasshopper<\/strong><\/h4>\n\n\n\n<ul>\n<li>A\u00f1adir la opci\u00f3n de calcular las intersecciones entre los objetos de VisualARQ en Grasshopper. <span class=\"tag tag_planned\">Planificada<\/span><\/li>\n<li>Exportar a IFC desde Grasshopper. <span class=\"tag tag_planned\">Planificada<\/span><\/li>\n<li>Asignar y obtener atributos a\/de objetos y estilos. <span class=\"tag tag_planned\">Planificada<\/span><\/li>\n<li>Internalizar los objetos y estilos de VisualARQ. <span class=\"tag tag_planned\">Planificada<\/span><\/li>\n<li>Obtener textos y tramas de bloques y objetos de VisualARQ. <span class=\"tag tag_planned\">Planificada<\/span><\/li>\n<li>Componentes de objeto Etiqueta. <span class=\"tag tag_planned\">Planificada<\/span><\/li>\n<\/ul>\n<\/div>\n<\/div>\n\n<p><\/p>\n\n<p><\/p>\n\n<div class=\"wp-block-columns cuadrogris is-layout-flex wp-container-core-columns-is-layout-9d6595d7 wp-block-columns-is-layout-flex\" id=\"Documentation\">\n<div class=\"wp-block-column is-layout-flow wp-block-column-is-layout-flow\">\n<h4 class=\"wp-block-heading\"><strong>Documentaci\u00f3n<\/strong><\/h4>\n\n\n\n<ul>\n<li>Mostrar las etiquetas en las vistas de Perspectiva y Elevaci\u00f3n. <span class=\"tag tag_planned\">Planificada<\/span><\/li>\n<li>Etiquetas con directrices <span class=\"tag tag_planned\">Planificada<\/span><\/li>\n<li>Vistas de secci\u00f3n a partir de curvas (\u00abVistas de secci\u00f3n desplegadas\u00bb). <span class=\"tag tag_planned\">Planificada<\/span><\/li>\n<li>Par\u00e1metros calculados. <span class=\"tag tag_planned\">Planificada<\/span><\/li>\n<li>Generar autom\u00e1ticamente las cotas de los muros y huecos. <span class=\"tag tag_planned\">Planificada<\/span><\/li>\n<li>Vincular cotas a objetos de VisualARQ. <span class=\"tag tag_planned\">Planificada<\/span><\/li>\n<li>Llamada de anotaci\u00f3n. <span class=\"tag tag_planned\">Planificada<\/span><\/li>\n<li>Calcular el volumen real de los espacios. <span class=\"tag tag_planned\">Planificada<\/span><\/li>\n<\/ul>\n<\/div>\n<\/div>\n\n<p><\/p>\n\n<p><\/p>\n\n<div class=\"wp-block-columns cuadrogris is-layout-flex wp-container-core-columns-is-layout-9d6595d7 wp-block-columns-is-layout-flex\" id=\"Views\">\n<div class=\"wp-block-column is-layout-flow wp-block-column-is-layout-flow\">\n<h4 class=\"wp-block-heading\"><strong>Vistas<\/strong><\/h4>\n\n\n\n<ul>\n<li>Panel Administrador de vistas con la lista de vistas del proyecto (Planos, Secciones, Alzados, Vistas 3D&#8230;) <span class=\"tag tag_planned\">Planificada<\/span><\/li>\n<li>Manejar las vistas en diferentes niveles de detalle. <span class=\"tag tag_planned\">Planificada<\/span><\/li>\n<\/ul>\n<\/div>\n<\/div>\n\n<p><\/p>\n\n<p><\/p>\n\n<div class=\"wp-block-columns cuadrogris is-layout-flex wp-container-core-columns-is-layout-9d6595d7 wp-block-columns-is-layout-flex\" id=\"Hidden-Line-Vector-Output\">\n<div class=\"wp-block-column is-layout-flow wp-block-column-is-layout-flow\">\n<h4 class=\"wp-block-heading\"><strong>Salida vectorial de l\u00edneas ocultas<\/strong><\/h4>\n\n\n\n<ul>\n<li>Motor de salida vectorial de l\u00edneas ocultas renovado. <span class=\"tag tag_planned\">Planificada<\/span><\/li>\n<li>Ver l\u00edneas ocultas. <span class=\"tag tag_planned\">Planificada<\/span><\/li>\n<li>Sombras vectoriales. <span class=\"tag tag_planned\">Planificada<\/span><\/li>\n<li>Atributo de silueta en modo de visualizaci\u00f3n Oculto. <span class=\"tag tag_planned\">Planificada<\/span><\/li>\n<li>Efecto de semitono en las vistas. <span class=\"tag tag_planned\">Planificada<\/span><\/li>\n<\/ul>\n<\/div>\n<\/div>\n\n<p><\/p>\n\n<p><\/p>\n\n<div class=\"wp-block-columns cuadrogris is-layout-flex wp-container-core-columns-is-layout-9d6595d7 wp-block-columns-is-layout-flex\" id=\"Tables\">\n<div class=\"wp-block-column is-layout-flow wp-block-column-is-layout-flow\">\n<h4 class=\"wp-block-heading\"><strong>Tablas<\/strong><\/h4>\n\n\n\n<ul>\n<li>Listar la informaci\u00f3n de los componentes de estilo de los objetos. <span class=\"tag tag_planned\">Planificada<\/span><\/li>\n<li>F\u00f3rmulas en tablas. <span class=\"tag tag_planned\">Planificada<\/span><\/li>\n<li>Listar informaci\u00f3n b\u00e1sica de la geometr\u00eda de Rhino (longitud, \u00e1rea y volumen). <span class=\"tag tag_planned\">Planificada<\/span><\/li>\n<\/ul>\n<\/div>\n<\/div>\n\n<p><\/p>\n\n<p><\/p>\n\n<div class=\"wp-block-columns cuadrogris is-layout-flex wp-container-core-columns-is-layout-9d6595d7 wp-block-columns-is-layout-flex\" id=\"Other\">\n<div class=\"wp-block-column is-layout-flow wp-block-column-is-layout-flow\">\n<h4 class=\"wp-block-heading\"><strong>Otros<\/strong><\/h4>\n\n\n\n<ul>\n<li>Ampliar las funciones de API\/SDK disponibles para VisualARQ. <span class=\"tag tag_released\">Publicada<\/span><span class=\"tag tag_inprogress\">En progreso<\/span><\/li>\n<li>Atributos (incluidos los de secci\u00f3n) por capa o por material. <span class=\"tag tag_planned\">Planificada<\/span><\/li>\n<li>Gestionar la visibilidad del proyecto por fase de construcci\u00f3n. <span class=\"tag tag_planned\">Planificada<\/span><\/li>\n<li>Igualar las propiedades de las propiedades y los atributos de objeto de VisualARQ. <span class=\"tag tag_planned\">Planificada<\/span><\/li>\n\n<li>Herramienta Buscar y seleccionar para seleccionar objetos por sus par\u00e1metros. <span class=\"tag tag_planned\">Planificada<\/span><\/li>\n<li>VisualARQ para Mac. <span class=\"tag tag_instudy\">En estudio<\/span><\/li>\n<\/ul>\n<\/div>\n<\/div>\n\n<hr class=\"wp-block-separator has-alpha-channel-opacity\"\/>\n\n<h2 class=\"wp-block-heading\">Leyenda de funciones<\/h2>\n\n<figure class=\"wp-block-table is-style-stripes\">\n<table>\n<tbody>\n<tr>\n<td><span class=\"tag tag_instudy\">En estudio<\/span><\/td>\n<td>Funci\u00f3n que puede considerarse para futuras versiones de VisualARQ<\/td>\n<\/tr>\n<tr>\n<td><span class=\"tag tag_planned\">Planificada<\/span><\/td>\n<td>Funci\u00f3n que est\u00e1 prevista para futuras versiones de VisualARQ, pero cuyo desarrollo no ha empezado.<\/td>\n<\/tr>\n<tr>\n<td><span class=\"tag tag_inprogress\">En progreso<\/span><\/td>\n<td>Funci\u00f3n actualmente en desarrollo.<\/td>\n<\/tr>\n<tr>\n<td><span class=\"tag tag_intesting\">En pruebas<\/span><\/td>\n<td>Funci\u00f3n implementada en nuestra versi\u00f3n WIP interna y actualmente en revisi\u00f3n.<\/td>\n<\/tr>\n<tr>\n<td><span class=\"tag tag_completed\">Completada<\/span><\/td>\n<td>Funci\u00f3n implementada en nuestra versi\u00f3n WIP interna y que funciona correctamente.<\/td>\n<\/tr>\n<tr>\n<td><span class=\"tag tag_released\">Publicada<\/span><\/td>\n<td>Funci\u00f3n disponible en la versi\u00f3n p\u00fablica.<\/td>\n<\/tr>\n<\/tbody>\n<\/table>\n<\/figure>\n","protected":false},"excerpt":{"rendered":"<p>Hoja de ruta de VisualARQ El equipo de VisualARQ est\u00e1 trabajando actualmente en VisualARQ 4. A continuaci\u00f3n encontrar\u00e1 la lista de nuevas funciones que nos gustar\u00eda incluir en VisualARQ 4 o en futuras versiones. Interfaz Agrupar estilos por carpetas en el di\u00e1logo de estilos. Planificada Compatibilidad con el modo oscuro. Planificada Iconos vectoriales en las [&hellip;]<\/p>\n","protected":false},"author":6,"featured_media":0,"parent":39232,"menu_order":0,"comment_status":"closed","ping_status":"closed","template":"","meta":{"_et_pb_use_builder":"off","_et_pb_old_content":"","_et_gb_content_width":"","footnotes":""},"class_list":["post-43149","page","type-page","status-publish","hentry"],"yoast_head":"<!-- This site is optimized with the Yoast SEO plugin v27.2 - https:\/\/yoast.com\/product\/yoast-seo-wordpress\/ -->\n<title>Hoja de ruta - VisualARQ<\/title>\n<meta name=\"robots\" content=\"noindex, follow, max-snippet:-1, max-image-preview:large, max-video-preview:-1\" \/>\n<meta property=\"og:locale\" content=\"es_ES\" \/>\n<meta property=\"og:type\" content=\"article\" \/>\n<meta property=\"og:title\" content=\"Hoja de ruta - VisualARQ\" \/>\n<meta property=\"og:description\" content=\"Hoja de ruta de VisualARQ El equipo de VisualARQ est\u00e1 trabajando actualmente en VisualARQ 4. A continuaci\u00f3n encontrar\u00e1 la lista de nuevas funciones que nos gustar\u00eda incluir en VisualARQ 4 o en futuras versiones. Interfaz Agrupar estilos por carpetas en el di\u00e1logo de estilos. Planificada Compatibilidad con el modo oscuro. Planificada Iconos vectoriales en las [&hellip;]\" \/>\n<meta property=\"og:url\" content=\"https:\/\/stg.visualarq.com\/es\/features\/roadmap\/\" \/>\n<meta property=\"og:site_name\" content=\"VisualARQ\" \/>\n<meta property=\"article:publisher\" content=\"https:\/\/www.facebook.com\/visualarq\" \/>\n<meta property=\"article:modified_time\" content=\"2026-02-05T12:37:29+00:00\" \/>\n<meta name=\"twitter:card\" content=\"summary_large_image\" \/>\n<meta name=\"twitter:site\" content=\"@VisualARQ\" \/>\n<meta name=\"twitter:label1\" content=\"Tiempo de lectura\" \/>\n\t<meta name=\"twitter:data1\" content=\"4 minutos\" \/>\n<script type=\"application\/ld+json\" class=\"yoast-schema-graph\">{\"@context\":\"https:\/\/schema.org\",\"@graph\":[{\"@type\":\"WebPage\",\"@id\":\"https:\/\/stg.visualarq.com\/es\/features\/roadmap\/\",\"url\":\"https:\/\/stg.visualarq.com\/es\/features\/roadmap\/\",\"name\":\"Hoja de ruta - VisualARQ\",\"isPartOf\":{\"@id\":\"https:\/\/stg.visualarq.com\/es\/#website\"},\"datePublished\":\"2026-01-16T09:21:49+00:00\",\"dateModified\":\"2026-02-05T12:37:29+00:00\",\"breadcrumb\":{\"@id\":\"https:\/\/stg.visualarq.com\/es\/features\/roadmap\/#breadcrumb\"},\"inLanguage\":\"es\",\"potentialAction\":[{\"@type\":\"ReadAction\",\"target\":[\"https:\/\/stg.visualarq.com\/es\/features\/roadmap\/\"]}]},{\"@type\":\"BreadcrumbList\",\"@id\":\"https:\/\/stg.visualarq.com\/es\/features\/roadmap\/#breadcrumb\",\"itemListElement\":[{\"@type\":\"ListItem\",\"position\":1,\"name\":\"Home\",\"item\":\"https:\/\/stg.visualarq.com\/es\/home\/\"},{\"@type\":\"ListItem\",\"position\":2,\"name\":\"Hoja de ruta\"}]},{\"@type\":\"WebSite\",\"@id\":\"https:\/\/stg.visualarq.com\/es\/#website\",\"url\":\"https:\/\/stg.visualarq.com\/es\/\",\"name\":\"VisualARQ\",\"description\":\"Flexible BIM for Rhino\",\"potentialAction\":[{\"@type\":\"SearchAction\",\"target\":{\"@type\":\"EntryPoint\",\"urlTemplate\":\"https:\/\/stg.visualarq.com\/es\/?s={search_term_string}\"},\"query-input\":{\"@type\":\"PropertyValueSpecification\",\"valueRequired\":true,\"valueName\":\"search_term_string\"}}],\"inLanguage\":\"es\"}]}<\/script>\n<!-- \/ Yoast SEO plugin. -->","yoast_head_json":{"title":"Hoja de ruta - VisualARQ","robots":{"index":"noindex","follow":"follow","max-snippet":"max-snippet:-1","max-image-preview":"max-image-preview:large","max-video-preview":"max-video-preview:-1"},"og_locale":"es_ES","og_type":"article","og_title":"Hoja de ruta - VisualARQ","og_description":"Hoja de ruta de VisualARQ El equipo de VisualARQ est\u00e1 trabajando actualmente en VisualARQ 4. A continuaci\u00f3n encontrar\u00e1 la lista de nuevas funciones que nos gustar\u00eda incluir en VisualARQ 4 o en futuras versiones. Interfaz Agrupar estilos por carpetas en el di\u00e1logo de estilos. Planificada Compatibilidad con el modo oscuro. Planificada Iconos vectoriales en las [&hellip;]","og_url":"https:\/\/stg.visualarq.com\/es\/features\/roadmap\/","og_site_name":"VisualARQ","article_publisher":"https:\/\/www.facebook.com\/visualarq","article_modified_time":"2026-02-05T12:37:29+00:00","twitter_card":"summary_large_image","twitter_site":"@VisualARQ","twitter_misc":{"Tiempo de lectura":"4 minutos"},"schema":{"@context":"https:\/\/schema.org","@graph":[{"@type":"WebPage","@id":"https:\/\/stg.visualarq.com\/es\/features\/roadmap\/","url":"https:\/\/stg.visualarq.com\/es\/features\/roadmap\/","name":"Hoja de ruta - VisualARQ","isPartOf":{"@id":"https:\/\/stg.visualarq.com\/es\/#website"},"datePublished":"2026-01-16T09:21:49+00:00","dateModified":"2026-02-05T12:37:29+00:00","breadcrumb":{"@id":"https:\/\/stg.visualarq.com\/es\/features\/roadmap\/#breadcrumb"},"inLanguage":"es","potentialAction":[{"@type":"ReadAction","target":["https:\/\/stg.visualarq.com\/es\/features\/roadmap\/"]}]},{"@type":"BreadcrumbList","@id":"https:\/\/stg.visualarq.com\/es\/features\/roadmap\/#breadcrumb","itemListElement":[{"@type":"ListItem","position":1,"name":"Home","item":"https:\/\/stg.visualarq.com\/es\/home\/"},{"@type":"ListItem","position":2,"name":"Hoja de ruta"}]},{"@type":"WebSite","@id":"https:\/\/stg.visualarq.com\/es\/#website","url":"https:\/\/stg.visualarq.com\/es\/","name":"VisualARQ","description":"Flexible BIM for Rhino","potentialAction":[{"@type":"SearchAction","target":{"@type":"EntryPoint","urlTemplate":"https:\/\/stg.visualarq.com\/es\/?s={search_term_string}"},"query-input":{"@type":"PropertyValueSpecification","valueRequired":true,"valueName":"search_term_string"}}],"inLanguage":"es"}]}},"_links":{"self":[{"href":"https:\/\/stg.visualarq.com\/es\/wp-json\/wp\/v2\/pages\/43149","targetHints":{"allow":["GET"]}}],"collection":[{"href":"https:\/\/stg.visualarq.com\/es\/wp-json\/wp\/v2\/pages"}],"about":[{"href":"https:\/\/stg.visualarq.com\/es\/wp-json\/wp\/v2\/types\/page"}],"author":[{"embeddable":true,"href":"https:\/\/stg.visualarq.com\/es\/wp-json\/wp\/v2\/users\/6"}],"replies":[{"embeddable":true,"href":"https:\/\/stg.visualarq.com\/es\/wp-json\/wp\/v2\/comments?post=43149"}],"version-history":[{"count":2,"href":"https:\/\/stg.visualarq.com\/es\/wp-json\/wp\/v2\/pages\/43149\/revisions"}],"predecessor-version":[{"id":43156,"href":"https:\/\/stg.visualarq.com\/es\/wp-json\/wp\/v2\/pages\/43149\/revisions\/43156"}],"up":[{"embeddable":true,"href":"https:\/\/stg.visualarq.com\/es\/wp-json\/wp\/v2\/pages\/39232"}],"wp:attachment":[{"href":"https:\/\/stg.visualarq.com\/es\/wp-json\/wp\/v2\/media?parent=43149"}],"curies":[{"name":"wp","href":"https:\/\/api.w.org\/{rel}","templated":true}]}}