{"id":11031,"date":"2011-01-08T00:00:00","date_gmt":"2011-01-08T00:00:00","guid":{"rendered":"https:\/\/stg.visualarq.com\/download\/update\/"},"modified":"2024-10-09T10:32:16","modified_gmt":"2024-10-09T10:32:16","slug":"update","status":"publish","type":"page","link":"https:\/\/stg.visualarq.com\/fr\/download\/update\/","title":{"rendered":"Actualiser"},"content":{"rendered":"\n[et_pb_section fb_built=\u00a0\u00bb1&Prime; admin_label=\u00a0\u00bbsection\u00a0\u00bb _builder_version=\u00a0\u00bb4.16&Prime; da_disable_devices=\u00a0\u00bboff|off|off\u00a0\u00bb global_colors_info=\u00a0\u00bb{}\u00a0\u00bb da_is_popup=\u00a0\u00bboff\u00a0\u00bb da_exit_intent=\u00a0\u00bboff\u00a0\u00bb da_has_close=\u00a0\u00bbon\u00a0\u00bb da_alt_close=\u00a0\u00bboff\u00a0\u00bb da_dark_close=\u00a0\u00bboff\u00a0\u00bb da_not_modal=\u00a0\u00bbon\u00a0\u00bb da_is_singular=\u00a0\u00bboff\u00a0\u00bb da_with_loader=\u00a0\u00bboff\u00a0\u00bb da_has_shadow=\u00a0\u00bbon\u00a0\u00bb][et_pb_row column_structure=\u00a0\u00bb1_2,1_2&Prime; padding_mobile=\u00a0\u00bboff\u00a0\u00bb column_padding_mobile=\u00a0\u00bbon\u00a0\u00bb admin_label=\u00a0\u00bbrow\u00a0\u00bb _builder_version=\u00a0\u00bb4.16&Prime; background_size=\u00a0\u00bbinitial\u00a0\u00bb background_position=\u00a0\u00bbtop_left\u00a0\u00bb background_repeat=\u00a0\u00bbrepeat\u00a0\u00bb custom_padding=\u00a0\u00bb||0px|\u00a0\u00bb make_fullwidth=\u00a0\u00bboff\u00a0\u00bb use_custom_width=\u00a0\u00bboff\u00a0\u00bb width_unit=\u00a0\u00bbon\u00a0\u00bb global_colors_info=\u00a0\u00bb{}\u00a0\u00bb][et_pb_column type=\u00a0\u00bb1_2&Prime; _builder_version=\u00a0\u00bb4.16&Prime; custom_padding=\u00a0\u00bb|||\u00a0\u00bb global_colors_info=\u00a0\u00bb{}\u00a0\u00bb custom_padding__hover=\u00a0\u00bb|||\u00a0\u00bb][et_pb_text admin_label=\u00a0\u00bbT\u00edtulo (con variable)\u00a0\u00bb _builder_version=\u00a0\u00bb4.27.2&Prime; background_size=\u00a0\u00bbinitial\u00a0\u00bb background_position=\u00a0\u00bbtop_left\u00a0\u00bb background_repeat=\u00a0\u00bbrepeat\u00a0\u00bb custom_margin=\u00a0\u00bb||0px|\u00a0\u00bb border_style=\u00a0\u00bbsolid\u00a0\u00bb global_colors_info=\u00a0\u00bb{}\u00a0\u00bb]<h1>T\u00e9l\u00e9charger la mise \u00e0 jour VisualARQ 3.9.1<\/h1>[\/et_pb_text][et_pb_text _builder_version=\u00a0\u00bb4.27.2&Prime; background_size=\u00a0\u00bbinitial\u00a0\u00bb background_position=\u00a0\u00bbtop_left\u00a0\u00bb background_repeat=\u00a0\u00bbrepeat\u00a0\u00bb border_style=\u00a0\u00bbsolid\u00a0\u00bb global_colors_info=\u00a0\u00bb{}\u00a0\u00bb]<p>Remplissez le formulaire pour t\u00e9l\u00e9charger VisualARQ 3.9.1.<\/p>\r\n<p>Cette version r\u00e9vis\u00e9e est gratuite pour tous les utilisateurs de VisualARQ 3.<\/p>\r\n<p>Si vous avez <strong>VisualARQ 2<\/strong>, vous pouvez t\u00e9l\u00e9charger la derni\u00e8re version <strong><a href=\"https:\/\/stg.visualarq.com\/fr\/download\/update\/v2\/\">ici<\/a><\/strong><\/p>[\/et_pb_text][et_pb_text admin_label=\u00a0\u00bbMake a wish\u00a0\u00bb _builder_version=\u00a0\u00bb4.16&Prime; background_size=\u00a0\u00bbinitial\u00a0\u00bb background_position=\u00a0\u00bbtop_left\u00a0\u00bb background_repeat=\u00a0\u00bbrepeat\u00a0\u00bb custom_margin=\u00a0\u00bb||0px|\u00a0\u00bb border_style=\u00a0\u00bbsolid\u00a0\u00bb global_colors_info=\u00a0\u00bb{}\u00a0\u00bb]<h2>Quelle est la fonctionnalit\u00e9 de vos r\u00eaves\u00a0?<\/h2>[\/et_pb_text][et_pb_text _builder_version=\u00a0\u00bb4.16&Prime; background_size=\u00a0\u00bbinitial\u00a0\u00bb background_position=\u00a0\u00bbtop_left\u00a0\u00bb background_repeat=\u00a0\u00bbrepeat\u00a0\u00bb border_style=\u00a0\u00bbsolid\u00a0\u00bb global_colors_info=\u00a0\u00bb{}\u00a0\u00bb]Dites-nous ce que vous aimeriez am\u00e9liorer dans VisualARQ. Comment vous l&rsquo;utilisez et comment nous pourrions l&rsquo;am\u00e9liorer pour vous. Cela ne prendra qu&rsquo;une minute ![\/et_pb_text][et_pb_button button_url=\u00a0\u00bbhttps:\/\/fz2.asuni.com\/form\/?fz=66&Prime; button_text=\u00a0\u00bbParticiper \u00e0 l&#039;enqu\u00eate\u00a0\u00bb _builder_version=\u00a0\u00bb4.16&Prime; _module_preset=\u00a0\u00bbdefault\u00a0\u00bb global_colors_info=\u00a0\u00bb{}\u00a0\u00bb][\/et_pb_button][\/et_pb_column][et_pb_column type=\u00a0\u00bb1_2&Prime; _builder_version=\u00a0\u00bb4.16&Prime; custom_padding=\u00a0\u00bb|||\u00a0\u00bb global_colors_info=\u00a0\u00bb{}\u00a0\u00bb custom_padding__hover=\u00a0\u00bb|||\u00a0\u00bb][et_pb_text _builder_version=\u00a0\u00bb4.27.2&Prime; _module_preset=\u00a0\u00bbdefault\u00a0\u00bb custom_padding=\u00a0\u00bb20px|36px|20px|40px|false|false\u00a0\u00bb hover_enabled=\u00a0\u00bb0&Prime; border_radii=\u00a0\u00bbon|12px|12px|12px|12px\u00a0\u00bb border_width_all=\u00a0\u00bb1px\u00a0\u00bb border_color_all=\u00a0\u00bb#d6d6d6&Prime; box_shadow_style=\u00a0\u00bbpreset1&Prime; global_colors_info=\u00a0\u00bb{}\u00a0\u00bb sticky_enabled=\u00a0\u00bb0&Prime;]<div class=\"frm_forms  with_frm_style frm_style_formidable-style\" id=\"frm_form_6_container\" data-token=\"e98a846d3c725deb9a49653d53a6cf3c\">\n<form enctype=\"multipart\/form-data\" method=\"post\" class=\"frm-show-form  frm_pro_form \" id=\"form_fz78\" data-token=\"e98a846d3c725deb9a49653d53a6cf3c\">\n<div class=\"frm_form_fields \">\n<fieldset>\n<legend class=\"frm_screen_reader\">Fz78 - VisualARQ3 - Download update<\/legend>\r\n\r\n<div class=\"frm_fields_container\">\n<input type=\"hidden\" name=\"frm_action\" value=\"create\" \/>\n<input type=\"hidden\" name=\"form_id\" value=\"6\" \/>\n<input type=\"hidden\" name=\"frm_hide_fields_6\" id=\"frm_hide_fields_6\" value=\"\" \/>\n<input type=\"hidden\" name=\"form_key\" value=\"fz78\" \/>\n<input type=\"hidden\" name=\"item_meta[0]\" value=\"\" \/>\n<input type=\"hidden\" id=\"frm_submit_entry_6\" name=\"frm_submit_entry_6\" value=\"fbddfd8a1b\" \/><input type=\"hidden\" name=\"_wp_http_referer\" value=\"\/fr\/wp-json\/wp\/v2\/pages\/11031\" \/>\t\t<input  type=\"hidden\" name=\"item_meta[41]\" id=\"field_idioma78\" value=\"fr\"  data-frmval=\"fr\"   \/>\n\t\t<div id=\"frm_field_42_container\" class=\"frm_form_field form-field  frm_required_field frm_top_container\">\r\n\t<label for=\"field_name78\" id=\"field_name78_label\" class=\"frm_primary_label\">Nom\r\n\t\t<span class=\"frm_required\" aria-hidden=\"true\">*<\/span>\r\n\t<\/label>\r\n\t<input  type=\"text\" id=\"field_name78\" name=\"item_meta[42]\" value=\"\"  style=\"width:300px\" data-reqmsg=\"Nom ne peut \u00eatre vide\" aria-required=\"true\" data-invmsg=\"Le format de l&#039;Nom n&#039;est pas valide\" class=\"auto_width\" aria-invalid=\"false\"   \/>\r\n\t\r\n\t\r\n<\/div>\n<div id=\"frm_field_43_container\" class=\"frm_form_field form-field  frm_required_field frm_top_container\">\r\n\t<label for=\"field_email78\" id=\"field_email78_label\" class=\"frm_primary_label\">E-Mail\r\n\t\t<span class=\"frm_required\" aria-hidden=\"true\">*<\/span>\r\n\t<\/label>\r\n\t<input type=\"email\" id=\"field_email78\" name=\"item_meta[43]\" value=\"\"  autocomplete=\"email\"  style=\"width:300px\" data-reqmsg=\"E-Mail ne peut \u00eatre vide\" aria-required=\"true\" data-invmsg=\"Le format de l&#039;E-Mail n&#039;est pas valide\" class=\"auto_width\" aria-invalid=\"false\"  \/>\r\n\t\r\n\t\r\n<\/div>\n<div id=\"frm_field_44_container\" class=\"frm_form_field form-field  frm_required_field frm_top_container\">\r\n\t<label for=\"field_country78\" id=\"field_country78_label\" class=\"frm_primary_label\">Pays\r\n\t\t<span class=\"frm_required\" aria-hidden=\"true\">*<\/span>\r\n\t<\/label>\r\n\t\t\t<select name=\"item_meta[44]\" id=\"field_country78\"  data-reqmsg=\"Pays ne peut \u00eatre vide\" aria-required=\"true\" data-invmsg=\"Pays est non valide\" class=\"auto_width\" aria-invalid=\"false\"  >\n\t\t<option  value=\"0\"> <\/option><option  value=\"AF\">Afghanistan<\/option><option  value=\"CF\">Afrique Centrale<\/option><option  value=\"ZA\">Afrique du Sud<\/option><option  value=\"AL\">Albanie<\/option><option  value=\"DZ\">Alg\u00e9rie<\/option><option  value=\"DE\">Allemagne<\/option><option  value=\"AD\">Andorre<\/option><option  value=\"AO\">Angola<\/option><option  value=\"AI\">Anguilla<\/option><option  value=\"AQ\">Antarctique<\/option><option  value=\"AN\">Antilles n\u00e9erlandaises<\/option><option  value=\"SA\">Arabie Saoudite<\/option><option  value=\"AR\">Argentine<\/option><option  value=\"AM\">Arm\u00e9nie<\/option><option  value=\"AU\">Australie<\/option><option  value=\"AT\">Autriche<\/option><option  value=\"AZ\">Azerba\u00efdjan<\/option><option  value=\"BS\">Bahamas<\/option><option  value=\"BH\">Bahre\u00efn<\/option><option  value=\"BD\">Bangladesh<\/option><option  value=\"BB\">Barbade<\/option><option  value=\"BE\">Belgique<\/option><option  value=\"BZ\">Belize<\/option><option  value=\"BJ\">B\u00e9nin<\/option><option  value=\"BM\">Bermudes<\/option><option  value=\"BT\">Bhoutan<\/option><option  value=\"BY\">Bi\u00e9lorussie<\/option><option  value=\"BO\">Bolivie<\/option><option  value=\"BA\">Bosnie et Herz\u00e9govine<\/option><option  value=\"BW\">Botswana<\/option><option  value=\"BR\">Br\u00e9sil<\/option><option  value=\"BN\">Brunei<\/option><option  value=\"BG\">Bulgarie<\/option><option  value=\"BF\">Burkina-Faso<\/option><option  value=\"BI\">Burundi<\/option><option  value=\"KH\">Cambodge<\/option><option  value=\"CM\">Cameroun<\/option><option  value=\"CA\">Canada<\/option><option  value=\"CV\">Cap Vert<\/option><option  value=\"CL\">Chili<\/option><option  value=\"CN\">Chine<\/option><option  value=\"CY\">Chypre<\/option><option  value=\"CO\">Colombie<\/option><option  value=\"CG\">Congo<\/option><option  value=\"KP\">Cor\u00e9e du Nord<\/option><option  value=\"KR\">Cor\u00e9e du Sud<\/option><option  value=\"CR\">Costa Rica<\/option><option  value=\"CI\">Cote D&#039;Ivoire<\/option><option  value=\"HR\">Croatie<\/option><option  value=\"CU\">Cuba<\/option><option  value=\"DK\">Danemark<\/option><option  value=\"DJ\">Djibouti<\/option><option  value=\"DM\">Dominique<\/option><option  value=\"EG\">\u00c9gypte<\/option><option  value=\"AE\">\u00c9mirats Arabes Unis<\/option><option  value=\"EC\">\u00c9quateur<\/option><option  value=\"ER\">Erythr\u00e9e<\/option><option  value=\"ES\">Espagne<\/option><option  value=\"EE\">Estonie<\/option><option  value=\"US\">\u00c9tats-Unis d&#039;Am\u00e9rique<\/option><option  value=\"ET\">\u00c9thiopie<\/option><option  value=\"RU\">F\u00e9d\u00e9ration russe<\/option><option  value=\"FI\">Finlande<\/option><option  value=\"FR\">France<\/option><option  value=\"GA\">Gabon<\/option><option  value=\"GM\">Gambie<\/option><option  value=\"GE\">G\u00e9orgie<\/option><option  value=\"GH\">Ghana<\/option><option  value=\"GR\">Gr\u00e8ce<\/option><option  value=\"GL\">Groenland<\/option><option  value=\"GP\">Guadeloupe<\/option><option  value=\"GT\">Guatemala<\/option><option  value=\"GN\">Guin\u00e9e<\/option><option  value=\"GW\">Guin\u00e9e Bissau<\/option><option  value=\"GQ\">Guin\u00e9e \u00e9quatoriale<\/option><option  value=\"GY\">Guyane<\/option><option  value=\"GF\">Guyane fran\u00e7aise<\/option><option  value=\"HT\">Ha\u00efti<\/option><option  value=\"HN\">Honduras<\/option><option  value=\"HK\">Hong Kong<\/option><option  value=\"HU\">Hongrie<\/option><option  value=\"RE\">\u00cele de la R\u00e9union<\/option><option  value=\"MU\">\u00cele Maurice<\/option><option  value=\"FO\">\u00celes F\u00e9ro\u00e9<\/option><option  value=\"FJ\">\u00celes Fiji<\/option><option  value=\"IN\">Inde<\/option><option  value=\"ID\">Indon\u00e9sie<\/option><option  value=\"IQ\">Irak<\/option><option  value=\"IR\">Iran<\/option><option  value=\"IE\">Irlande<\/option><option  value=\"IS\">Islande<\/option><option  value=\"IL\">Isra\u00ebl<\/option><option  value=\"IT\">Italie<\/option><option  value=\"JM\">Jama\u00efque<\/option><option  value=\"JP\">Japon<\/option><option  value=\"JO\">Jordanie<\/option><option  value=\"KZ\">Kazakhstan<\/option><option  value=\"KE\">Kenya<\/option><option  value=\"KG\">Kirghizstan<\/option><option  value=\"KI\">Kiribati<\/option><option  value=\"KW\">Kowe\u00eft<\/option><option  value=\"GD\">La Grenade<\/option><option  value=\"LA\">Laos<\/option><option  value=\"SV\">Le Salvador<\/option><option  value=\"LS\">Lesotho<\/option><option  value=\"LV\">Lettonie<\/option><option  value=\"LB\">Liban<\/option><option  value=\"LR\">Lib\u00e9ria<\/option><option  value=\"LY\">Libye<\/option><option  value=\"LI\">Liechtenstein<\/option><option  value=\"LT\">Lituanie<\/option><option  value=\"LU\">Luxembourg<\/option><option  value=\"MO\">Macao<\/option><option  value=\"MK\">Mac\u00e9doine<\/option><option  value=\"MG\">Madagascar<\/option><option  value=\"MY\">Malaisie<\/option><option  value=\"MW\">Malawi<\/option><option  value=\"MV\">Maldives<\/option><option  value=\"ML\">Mali<\/option><option  value=\"MT\">Malte<\/option><option  value=\"MA\">Maroc<\/option><option  value=\"MQ\">Martinique<\/option><option  value=\"MR\">Mauritanie<\/option><option  value=\"MX\">Mexique<\/option><option  value=\"FM\">Micron\u00e9sie<\/option><option  value=\"MD\">Moldavie<\/option><option  value=\"MC\">Monaco<\/option><option  value=\"MN\">Mongolie<\/option><option  value=\"ME\">Mont\u00e9n\u00e9gro<\/option><option  value=\"MZ\">Mozambique<\/option><option  value=\"NA\">Namibie<\/option><option  value=\"NR\">Nauru<\/option><option  value=\"NP\">N\u00e9pal<\/option><option  value=\"NI\">Nicaragua<\/option><option  value=\"NE\">Niger<\/option><option  value=\"NG\">Nigeria<\/option><option  value=\"NO\">Norv\u00e8ge<\/option><option  value=\"NZ\">Nouvelle Z\u00e9lande<\/option><option  value=\"NC\">Nouvelle-Cal\u00e9donie<\/option><option  value=\"OM\">Oman<\/option><option  value=\"UG\">Ouganda<\/option><option  value=\"UZ\">Ouzb\u00e9kistan<\/option><option  value=\"PK\">Pakistan<\/option><option  value=\"PA\">Panama<\/option><option  value=\"PG\">Papouasie-Nouvelle-Guin\u00e9e<\/option><option  value=\"PY\">Paraguay<\/option><option  value=\"NL\">Pays-Bas<\/option><option  value=\"PE\">P\u00e9rou<\/option><option  value=\"PH\">Philippines<\/option><option  value=\"PL\">Pologne<\/option><option  value=\"PF\">Polyn\u00e9sie fran\u00e7aise<\/option><option  value=\"PR\">Porto Rico<\/option><option  value=\"PT\">Portugal<\/option><option  value=\"QA\">Qatar<\/option><option  value=\"DO\">R\u00e9publique dominicaine<\/option><option  value=\"CZ\">R\u00e9publique tch\u00e8que<\/option><option  value=\"RO\">Roumanie<\/option><option  value=\"GB\">Royaume Uni<\/option><option  value=\"RW\">Rwanda<\/option><option  value=\"EH\">Sahara occidental<\/option><option  value=\"SM\">Saint Marin<\/option><option  value=\"SH\">Saint-H\u00e9l\u00e8ne<\/option><option  value=\"WS\">Samoa<\/option><option  value=\"ST\">Sao Tome et Pr\u00ecncipe<\/option><option  value=\"SN\">S\u00e9n\u00e9gal<\/option><option  value=\"RS\">Serbie<\/option><option  value=\"SC\">Seychelles<\/option><option  value=\"SL\">Sierra Leone<\/option><option  value=\"SG\">Singapour<\/option><option  value=\"SK\">Slovaquie<\/option><option  value=\"SI\">Slov\u00e9nie<\/option><option  value=\"SO\">Somalie<\/option><option  value=\"SD\">Soudan<\/option><option  value=\"LK\">Sri Lanka<\/option><option  value=\"SE\">Su\u00e8de<\/option><option  value=\"CH\">Suisse<\/option><option  value=\"SR\">Surinam<\/option><option  value=\"SZ\">Swaziland<\/option><option  value=\"SY\">Syrie<\/option><option  value=\"TJ\">Tadjikistan<\/option><option  value=\"TW\">Taiwan<\/option><option  value=\"TZ\">Tanzanie<\/option><option  value=\"TD\">Tchad<\/option><option  value=\"TH\">Tha\u00eflande<\/option><option  value=\"TL\">Timor oriental<\/option><option  value=\"TG\">Togo<\/option><option  value=\"TO\">Tonga<\/option><option  value=\"TT\">Trinit\u00e9 et Tobago<\/option><option  value=\"TN\">Tunisie<\/option><option  value=\"TM\">Turkm\u00e9nistan<\/option><option  value=\"TR\">Turquie<\/option><option  value=\"TV\">Tuvalu<\/option><option  value=\"UA\">Ukraine<\/option><option  value=\"UY\">Uruguay<\/option><option  value=\"VE\">Venezuela<\/option><option  value=\"VN\">Vietnam<\/option><option  value=\"YE\">Y\u00e9men<\/option><option  value=\"CD\">Za\u00efre<\/option><option  value=\"ZM\">Zambie<\/option><option  value=\"ZW\">Zimbabwe<\/option>\t<\/select>\n\t\r\n\t\r\n\t\r\n<\/div>\n<div id=\"frm_field_45_container\" class=\"frm_form_field form-field  frm_none_container\">\r\n\t<label for=\"g-recaptcha-response\" id=\"field_vjvzg_label\" class=\"frm_primary_label\">CAPTCHA\r\n\t\t<span class=\"frm_required\" aria-hidden=\"true\"><\/span>\r\n\t<\/label>\r\n\t<div  id=\"field_vjvzg\" class=\"frm-g-recaptcha\" data-sitekey=\"6LcUZkIiAAAAAEnYWQIj19x-tFuRxHJko-AjO_gl\" data-size=\"normal\" data-theme=\"light\"><\/div>\r\n\t\r\n\t\r\n<\/div>\n<div id=\"frm_field_40_container\" class=\"frm_form_field form-field \">\r\n\t<div class=\"frm_submit frm_flex\">\r\n<button class=\"frm_button_submit frm_final_submit\" type=\"submit\"   formnovalidate=\"formnovalidate\">Envoyer<\/button>\r\n\r\n\r\n\r\n<\/div>\r\n<\/div>\n\t<input type=\"hidden\" name=\"item_key\" value=\"\" \/>\n\t\t\t<div id=\"frm_field_50_container\">\n\t\t\t<label for=\"field_gpafw\" >\n\t\t\t\tSi vous \u00eates un humain, ne remplissez pas ce champ.\t\t\t<\/label>\n\t\t\t<input  id=\"field_gpafw\" type=\"text\" class=\"frm_form_field form-field frm_verify\" name=\"item_meta[50]\" value=\"\"  \/>\n\t\t<\/div>\n\t\t<input name=\"frm_state\" type=\"hidden\" value=\"w9rrrXYSD8GHK5fwi07Iu2SaeuWsj49m1oKPrveAsrtmtXCar9JeWwqDdrkCKZFo\" \/><\/div>\n<\/fieldset>\n<\/div>\n\n<\/form>\n<\/div>\n[\/et_pb_text][\/et_pb_column][\/et_pb_row][et_pb_row _builder_version=\u00a0\u00bb4.27.2&Prime; _module_preset=\u00a0\u00bbdefault\u00a0\u00bb global_colors_info=\u00a0\u00bb{}\u00a0\u00bb][et_pb_column type=\u00a0\u00bb4_4&Prime; _builder_version=\u00a0\u00bb4.27.2&Prime; _module_preset=\u00a0\u00bbdefault\u00a0\u00bb global_colors_info=\u00a0\u00bb{}\u00a0\u00bb][et_pb_accordion _builder_version=\u00a0\u00bb4.27.2&Prime; _module_preset=\u00a0\u00bbdefault\u00a0\u00bb custom_margin=\u00a0\u00bb||||false|false\u00a0\u00bb custom_padding=\u00a0\u00bb||||false|false\u00a0\u00bb global_colors_info=\u00a0\u00bb{}\u00a0\u00bb][et_pb_accordion_item title=\u00a0\u00bbHidden\u00a0\u00bb open=\u00a0\u00bbon\u00a0\u00bb _builder_version=\u00a0\u00bb4.27.2&Prime; _module_preset=\u00a0\u00bbdefault\u00a0\u00bb custom_css_main_element=\u00a0\u00bbdisplay: none;\u00a0\u00bb global_colors_info=\u00a0\u00bb{}\u00a0\u00bb]<p>Hidden<\/p>[\/et_pb_accordion_item][et_pb_accordion_item title=\u00a0\u00bbINFORMATIONS DE BASE EN MATI\u00c8RE DE PROTECTION DES DONN\u00c9ES\u00a0\u00bb _builder_version=\u00a0\u00bb4.27.2&Prime; _module_preset=\u00a0\u00bbdefault\u00a0\u00bb global_colors_info=\u00a0\u00bb{}\u00a0\u00bb open=\u00a0\u00bboff\u00a0\u00bb]\n<p style=\"font-size:12px\">INFORMATIONS DE BASE EN MATI\u00c8RE DE PROTECTION DES DONN\u00c9ES\u00a0: Conform\u00e9ment \u00e0 l&rsquo;obligation d&rsquo;information \u00e9tablie par le r\u00e8glement sur la protection des donn\u00e9es, nous vous fournissons les informations suivantes concernant le traitement de vos donn\u00e9es personnelles\u00a0:<\/p>\n\n<figure class=\"wp-block-table is-style-stripes\" style=\"font-size:12px\"><table><tbody><tr><td>RESPONSABLE<\/td><td>Asuni Soft, SL &#8211; Num\u00e9ro d&rsquo;identification fiscale\u00a0: ESB62897731 &#8211; Adresse\u00a0: Roger de Flor 32-34, 08018 &#8211; BARCELONE (ESPAGNE)<\/td><\/tr><tr><td>FINALIT\u00c9S<\/td><td>Gestion de votre demande et fourniture d&rsquo;une r\u00e9ponse.<\/td><\/tr><tr><td>BASE L\u00c9GALE<\/td><td>Votre consentement<\/td><\/tr><tr><td>DESTINATAIRES<\/td><td>Les donn\u00e9es personnelles ne seront pas transmises \u00e0 des tiers, sauf en cas d&rsquo;obligation l\u00e9gale ou si cela est n\u00e9cessaire pour r\u00e9pondre \u00e0 votre demande.<\/td><\/tr><tr><td>DROITS<\/td><td>Vous pouvez exercer vos droits d&rsquo;acc\u00e8s, de rectification, d&rsquo;effacement, de limitation, de portabilit\u00e9 des donn\u00e9es et d&rsquo;opposition. De plus, vous avez le droit de d\u00e9poser une plainte aupr\u00e8s d&rsquo;une autorit\u00e9 de surveillance<\/td><\/tr><tr><td>INFORMATIONS SUPPL\u00c9MENTAIRES<\/td><td>Vous trouverez des informations suppl\u00e9mentaires concernant le traitement de vos donn\u00e9es personnelles ici.<\/td><\/tr><\/tbody><\/table><\/figure>\n[\/et_pb_accordion_item][et_pb_accordion_item title=\u00a0\u00bbFermer\u00a0\u00bb open_toggle_background_color=\u00a0\u00bbRGBA(255,255,255,0)\u00a0\u00bb closed_toggle_background_color=\u00a0\u00bbRGBA(255,255,255,0)\u00a0\u00bb icon_color=\u00a0\u00bbRGBA(255,255,255,0)\u00a0\u00bb _builder_version=\u00a0\u00bb4.27.2&Prime; _module_preset=\u00a0\u00bbdefault\u00a0\u00bb custom_margin=\u00a0\u00bb0px||||false|false\u00a0\u00bb custom_padding=\u00a0\u00bb0px||||false|false\u00a0\u00bb border_width_all=\u00a0\u00bb0px\u00a0\u00bb global_colors_info=\u00a0\u00bb{}\u00a0\u00bb toggle_text_color=\u00a0\u00bb#2191ab\u00a0\u00bb toggle_level=\u00a0\u00bbh6&Prime; open=\u00a0\u00bboff\u00a0\u00bb][\/et_pb_accordion_item][\/et_pb_accordion][\/et_pb_column][\/et_pb_row][\/et_pb_section]\n","protected":false},"excerpt":{"rendered":"<p>T\u00e9l\u00e9charger la mise \u00e0 jour de VisualARQ.<\/p>\n","protected":false},"author":1,"featured_media":0,"parent":11160,"menu_order":2,"comment_status":"closed","ping_status":"closed","template":"","meta":{"_et_pb_use_builder":"on","_et_pb_old_content":"","_et_gb_content_width":"","footnotes":""},"class_list":["post-11031","page","type-page","status-publish","hentry"],"yoast_head":"<!-- This site is optimized with the Yoast SEO plugin v27.3 - https:\/\/yoast.com\/product\/yoast-seo-wordpress\/ -->\n<title>Actualiser - VisualARQ<\/title>\n<meta name=\"robots\" content=\"noindex, follow, max-snippet:-1, max-image-preview:large, max-video-preview:-1\" \/>\n<meta property=\"og:locale\" content=\"fr_FR\" \/>\n<meta property=\"og:type\" content=\"article\" \/>\n<meta property=\"og:title\" content=\"Actualiser - VisualARQ\" \/>\n<meta property=\"og:description\" content=\"T\u00e9l\u00e9charger la mise \u00e0 jour de VisualARQ.\" \/>\n<meta property=\"og:url\" content=\"https:\/\/stg.visualarq.com\/fr\/download\/update\/\" \/>\n<meta property=\"og:site_name\" content=\"VisualARQ\" \/>\n<meta property=\"article:publisher\" content=\"https:\/\/www.facebook.com\/visualarq\" \/>\n<meta property=\"article:modified_time\" content=\"2024-10-09T10:32:16+00:00\" \/>\n<meta name=\"twitter:card\" content=\"summary_large_image\" \/>\n<meta name=\"twitter:site\" content=\"@VisualARQ\" \/>\n<meta name=\"twitter:label1\" content=\"Dur\u00e9e de lecture estim\u00e9e\" \/>\n\t<meta name=\"twitter:data1\" content=\"3 minutes\" \/>\n<script type=\"application\/ld+json\" class=\"yoast-schema-graph\">{\"@context\":\"https:\\\/\\\/schema.org\",\"@graph\":[{\"@type\":\"WebPage\",\"@id\":\"https:\\\/\\\/stg.visualarq.com\\\/fr\\\/download\\\/update\\\/\",\"url\":\"https:\\\/\\\/stg.visualarq.com\\\/fr\\\/download\\\/update\\\/\",\"name\":\"Actualiser - VisualARQ\",\"isPartOf\":{\"@id\":\"https:\\\/\\\/stg.visualarq.com\\\/fr\\\/#website\"},\"datePublished\":\"2011-01-08T00:00:00+00:00\",\"dateModified\":\"2024-10-09T10:32:16+00:00\",\"breadcrumb\":{\"@id\":\"https:\\\/\\\/stg.visualarq.com\\\/fr\\\/download\\\/update\\\/#breadcrumb\"},\"inLanguage\":\"fr-FR\",\"potentialAction\":[{\"@type\":\"ReadAction\",\"target\":[\"https:\\\/\\\/stg.visualarq.com\\\/fr\\\/download\\\/update\\\/\"]}]},{\"@type\":\"BreadcrumbList\",\"@id\":\"https:\\\/\\\/stg.visualarq.com\\\/fr\\\/download\\\/update\\\/#breadcrumb\",\"itemListElement\":[{\"@type\":\"ListItem\",\"position\":1,\"name\":\"Home\",\"item\":\"https:\\\/\\\/stg.visualarq.com\\\/fr\\\/home\\\/\"},{\"@type\":\"ListItem\",\"position\":2,\"name\":\"T\u00e9l\u00e9charger\",\"item\":\"https:\\\/\\\/stg.visualarq.com\\\/fr\\\/download\\\/\"},{\"@type\":\"ListItem\",\"position\":3,\"name\":\"Actualiser\"}]},{\"@type\":\"WebSite\",\"@id\":\"https:\\\/\\\/stg.visualarq.com\\\/fr\\\/#website\",\"url\":\"https:\\\/\\\/stg.visualarq.com\\\/fr\\\/\",\"name\":\"VisualARQ\",\"description\":\"Flexible BIM for Rhino\",\"potentialAction\":[{\"@type\":\"SearchAction\",\"target\":{\"@type\":\"EntryPoint\",\"urlTemplate\":\"https:\\\/\\\/stg.visualarq.com\\\/fr\\\/?s={search_term_string}\"},\"query-input\":{\"@type\":\"PropertyValueSpecification\",\"valueRequired\":true,\"valueName\":\"search_term_string\"}}],\"inLanguage\":\"fr-FR\"}]}<\/script>\n<!-- \/ Yoast SEO plugin. -->","yoast_head_json":{"title":"Actualiser - VisualARQ","robots":{"index":"noindex","follow":"follow","max-snippet":"max-snippet:-1","max-image-preview":"max-image-preview:large","max-video-preview":"max-video-preview:-1"},"og_locale":"fr_FR","og_type":"article","og_title":"Actualiser - VisualARQ","og_description":"T\u00e9l\u00e9charger la mise \u00e0 jour de VisualARQ.","og_url":"https:\/\/stg.visualarq.com\/fr\/download\/update\/","og_site_name":"VisualARQ","article_publisher":"https:\/\/www.facebook.com\/visualarq","article_modified_time":"2024-10-09T10:32:16+00:00","twitter_card":"summary_large_image","twitter_site":"@VisualARQ","twitter_misc":{"Dur\u00e9e de lecture estim\u00e9e":"3 minutes"},"schema":{"@context":"https:\/\/schema.org","@graph":[{"@type":"WebPage","@id":"https:\/\/stg.visualarq.com\/fr\/download\/update\/","url":"https:\/\/stg.visualarq.com\/fr\/download\/update\/","name":"Actualiser - VisualARQ","isPartOf":{"@id":"https:\/\/stg.visualarq.com\/fr\/#website"},"datePublished":"2011-01-08T00:00:00+00:00","dateModified":"2024-10-09T10:32:16+00:00","breadcrumb":{"@id":"https:\/\/stg.visualarq.com\/fr\/download\/update\/#breadcrumb"},"inLanguage":"fr-FR","potentialAction":[{"@type":"ReadAction","target":["https:\/\/stg.visualarq.com\/fr\/download\/update\/"]}]},{"@type":"BreadcrumbList","@id":"https:\/\/stg.visualarq.com\/fr\/download\/update\/#breadcrumb","itemListElement":[{"@type":"ListItem","position":1,"name":"Home","item":"https:\/\/stg.visualarq.com\/fr\/home\/"},{"@type":"ListItem","position":2,"name":"T\u00e9l\u00e9charger","item":"https:\/\/stg.visualarq.com\/fr\/download\/"},{"@type":"ListItem","position":3,"name":"Actualiser"}]},{"@type":"WebSite","@id":"https:\/\/stg.visualarq.com\/fr\/#website","url":"https:\/\/stg.visualarq.com\/fr\/","name":"VisualARQ","description":"Flexible BIM for Rhino","potentialAction":[{"@type":"SearchAction","target":{"@type":"EntryPoint","urlTemplate":"https:\/\/stg.visualarq.com\/fr\/?s={search_term_string}"},"query-input":{"@type":"PropertyValueSpecification","valueRequired":true,"valueName":"search_term_string"}}],"inLanguage":"fr-FR"}]}},"_links":{"self":[{"href":"https:\/\/stg.visualarq.com\/fr\/wp-json\/wp\/v2\/pages\/11031","targetHints":{"allow":["GET"]}}],"collection":[{"href":"https:\/\/stg.visualarq.com\/fr\/wp-json\/wp\/v2\/pages"}],"about":[{"href":"https:\/\/stg.visualarq.com\/fr\/wp-json\/wp\/v2\/types\/page"}],"author":[{"embeddable":true,"href":"https:\/\/stg.visualarq.com\/fr\/wp-json\/wp\/v2\/users\/1"}],"replies":[{"embeddable":true,"href":"https:\/\/stg.visualarq.com\/fr\/wp-json\/wp\/v2\/comments?post=11031"}],"version-history":[{"count":12,"href":"https:\/\/stg.visualarq.com\/fr\/wp-json\/wp\/v2\/pages\/11031\/revisions"}],"predecessor-version":[{"id":41432,"href":"https:\/\/stg.visualarq.com\/fr\/wp-json\/wp\/v2\/pages\/11031\/revisions\/41432"}],"up":[{"embeddable":true,"href":"https:\/\/stg.visualarq.com\/fr\/wp-json\/wp\/v2\/pages\/11160"}],"wp:attachment":[{"href":"https:\/\/stg.visualarq.com\/fr\/wp-json\/wp\/v2\/media?parent=11031"}],"curies":[{"name":"wp","href":"https:\/\/api.w.org\/{rel}","templated":true}]}}