{"id":11033,"date":"2011-01-20T00:00:00","date_gmt":"2011-01-20T00:00:00","guid":{"rendered":"https:\/\/stg.visualarq.com\/reseller\/"},"modified":"2024-09-27T10:29:41","modified_gmt":"2024-09-27T10:29:41","slug":"resellerbak","status":"publish","type":"page","link":"https:\/\/stg.visualarq.com\/fr\/resellerbak\/","title":{"rendered":"ResellerBak"},"content":{"rendered":"\n<h1 class=\"wp-block-heading\">revendeur<\/h1>\n\n<ul class=\"wp-block-list\">\n<li><a href=\"#new\">Nouveaux revendeurs<\/a><\/li>\n\n\n\n<li><a href=\"#products\">Nos produits<\/a><\/li>\n\n\n\n<li><a href=\"#ordering\">Commande et prix de vente<\/a><\/li>\n\n\n\n<li><a href=\"#discounts\">Remises<\/a><\/li>\n\n\n\n<li><a href=\"#marketing\">Marketing<\/a><\/li>\n\n\n\n<li><a href=\"#questions\">Questions<\/a><\/li>\n<\/ul>\n\n<hr class=\"wp-block-separator has-alpha-channel-opacity\"\/>\n\n<p><\/p>\n\n<h3 class=\"wp-block-heading\" id=\"new\">Nouveaux revendeurs<\/h3>\n\n<p>Pour devenir un revendeur officiel de VisualARQ\u00a0:<\/p>\n\n<p><strong>Nous vous demandons de  :<\/strong><\/p>\n\n<ol class=\"wp-block-list\">\n<li>Lire les <strong>conditions<\/strong>\u00a0:\n<ul class=\"wp-block-list\">\n<li>Les revendeurs doivent veiller \u00e0 ce que les informations sur VisualARQ qu&rsquo;ils publient sur leur site Internet soient constamment \u00e0 jour.<\/li>\n\n\n\n<li>Nous offrons une garantie 100% satisfaction. Nous esp\u00e9rons que les revendeurs offrent la m\u00eame chose.<\/li>\n\n\n\n<li>Nous incluons un service d&rsquo;assistance technique illimit\u00e9e pour les revendeurs et les utilisateurs<\/li>\n\n\n\n<li>Les revendeurs peuvent vendre nos produits aux utilisateurs finaux ou \u00e0 d&rsquo;autres revendeurs dans leur pays. (Pour vendre en dehors de votre pays, veuillez contacter Asuni.)<\/li>\n<\/ul>\n<\/li>\n\n\n\n<li>Remplir le<strong> formulaire d&rsquo;inscription pour revendeur<a href=\"\/?page_id=10816\">.<\/a><\/strong><\/li>\n\n\n\n<li>Order a&nbsp;VisualARQ <strong>Reseller Starter Kit<\/strong> at the <a href=\"http:\/\/shop.asuni.com\/\">Asuni Shop<\/a> (Login details will be provided after filling out the reseller application). (Not required if you are already a reseller of Lands Design). The Reseller Starter kit (<em>\u20ac\/US$795<\/em>) includes:\n<ul class=\"wp-block-list\">\n<li>Une licence \u00a0<strong>LAB<\/strong>  interdite \u00e0 la revente de <strong>VisualARQ pour vous.<\/strong><\/li>\n\n\n\n<li>Une licence <strong>LAB<\/strong> <strong> <\/strong><strong>interdite \u00e0 la revente<\/strong>\u00a0<strong> de Lands Design<\/strong> pour vous.<\/li>\n\n\n\n<li>Deux licences <strong>commerciales de VisualARQ<\/strong> pour la revente.<\/li>\n<\/ul>\n<\/li>\n\n\n\n<li>Update your website with information about VisualARQ. Use the&nbsp;<a href=\"#marketing\">marketing material<\/a>&nbsp;for this purpose\n<ul class=\"wp-block-list\">\n<li><\/li>\n<\/ul>\n<\/li>\n<\/ol>\n\n<p><strong>Ce que nous vous offrons\u00a0:<\/strong><\/p>\n\n<ul class=\"wp-block-list\">\n<li>Vos coordonn\u00e9es sont publi\u00e9es sur la <a href=\"https:\/\/stg.visualarq.com\/fr\/sales\/\">page de vente<\/a> de notre site pour que nos clients puissent vous trouver.<\/li>\n\n\n\n<li>Nous vous soutenons lors de vos \u00e9v\u00e9nements, pour vos bulletins d&rsquo;information et toute autre strat\u00e9gie de marketing.<\/li>\n\n\n\n<li>Nous restons \u00e0 votre disposition pour toute demande d&rsquo;assistance.<\/li>\n\n\n\n<li>Une licence LAB de VisualARQ interdite \u00e0 la revente (comprise dans le Kit pour revendeur).<\/li>\n\n\n\n<li>Une licence LAB de <a href=\"https:\/\/rhinolands.com\/\">Lands Design<\/a> interdite \u00e0 la revente.<\/li>\n<\/ul>\n\n<p>Apr\u00e8s avoir achet\u00e9 le Kit de d\u00e9marrage pour revendeur, nous vous donnerons acc\u00e8s \u00e0 la boutique <a href=\"http:\/\/shop.asuni.com\/\"><strong><\/strong><\/a><strong><a href=\"https:\/\/shop.asuni.com\/\">Asuni<\/a><\/strong> en tant que \u00ab\u00a0revendeur\u00a0\u00bb, afin que vous puissiez commander nos produits avec les remises applicables.<\/p>\n\n<hr class=\"wp-block-separator has-alpha-channel-opacity\"\/>\n\n<h3 class=\"wp-block-heading\" id=\"products\">Nos produits<\/h3>\n\n<ul class=\"wp-block-list\">\n<li><strong>VisualARQ<\/strong>\u00a0: le module de BIM flexible pour Rhino<\/li>\n\n\n\n<li><strong><a href=\"https:\/\/rhinolands.com\/\">Lands Design<\/a><\/strong> : le module de conception de paysages pour Rhino et AutoCAD<\/li>\n\n\n\n<li><strong>Savanna 3D<\/strong>\u00a0: biblioth\u00e8que de blocs 3D pour Rhino<\/li>\n\n\n\n<li><strong><a href=\"https:\/\/rhinolands.com\/\">RhinoLands<\/a><\/strong>\u00a0: logiciel autonome incluant Rhino et Lands Design<\/li>\n\n\n\n<li><strong>Offres group\u00e9es<\/strong>\u00a0: nous proposons plusieurs offres group\u00e9es combinant VisualARQ et Rhino (RhinoARQ), VisualARQ et Lands Design, ainsi que VisualARQ et Savanna 3D. Les offres group\u00e9es sont indivisibles.<\/li>\n<\/ul>\n\n<hr class=\"wp-block-separator has-alpha-channel-opacity\"\/>\n\n<h3 class=\"wp-block-heading\" id=\"ordering\">Commande et prix de vente<\/h3>\n\n<p>Les commandes de VisualARQ sont g\u00e9r\u00e9es en ligne pour les revendeurs \u00e0 travers la <strong><a href=\"https:\/\/shop.asuni.com\/\">boutique d&rsquo;Asuni<\/a><\/strong>. La boutique d&rsquo;Asuni calcule les remises pour les revendeurs en fonction de la quantit\u00e9 command\u00e9e et permet de payer par carte bancaire ou virement. Vous recevrez un nom d&rsquo;utilisateur et un mot de passe d\u00e8s que vous deviendrez revendeur de VisualARQ. <\/p>\n\n<p>La liste des tarifs pour VisualARQ est disponible <a href=\"https:\/\/stg.visualarq.com\/fr\/sales\/\">ici<\/a>.<\/p>\n\n<hr class=\"wp-block-separator has-alpha-channel-opacity\"\/>\n\n<h3 class=\"wp-block-heading\" id=\"discounts\">Remises<\/h3>\n\n<p>Les remises pour les revendeurs sont calcul\u00e9es en fonction des quantit\u00e9s command\u00e9es :<\/p>\n\n<figure class=\"wp-block-table\"><table class=\"has-fixed-layout\"><thead><tr><th><strong>Licences commerciales et <a href=\"https:\/\/stg.visualarq.com\/fr\/sales\/what-is-an-educational-license\/\">\u00c9ducation<\/a><\/strong><\/th><th><\/th><\/tr><\/thead><tbody><tr><td>Quantit\u00e9<\/td><td>Remise<\/td><\/tr><tr><td>1<\/td><td>15%<\/td><\/tr><tr><td>2-9<\/td><td>25%<\/td><\/tr><tr><td>10+<\/td><td>35%<\/td><\/tr><\/tbody><\/table><\/figure>\n\n<figure class=\"wp-block-table\"><table class=\"has-fixed-layout\"><thead><tr><th><strong><a href=\"https:\/\/stg.visualarq.com\/fr\/sales\/what-is-a-lab-license\/\">Licences LAB <\/a> et <a href=\"https:\/\/stg.visualarq.com\/fr\/sales\/school-kit\/\">Kits \u00e9coles<\/a><\/strong><\/th><th><\/th><\/tr><\/thead><tbody><tr><td>Quantit\u00e9<\/td><td>Remise<\/td><\/tr><tr><td>1+<\/td><td>30%<\/td><\/tr><\/tbody><\/table><\/figure>\n\n<hr class=\"wp-block-separator has-alpha-channel-opacity\"\/>\n\n<h3 class=\"wp-block-heading\" id=\"marketing\">Marketing<\/h3>\n\n<p>Du mat\u00e9riel de marketing est mis \u00e0 votre disposition pour votre site Internet, vos d\u00e9monstrations et vos pr\u00e9sentations :<\/p>\n\n<h5 class=\"wp-block-heading\">Brochures<\/h5>\n<ul class='post-list'><li class='post'>\t<a href='\/wp-content\/uploads\/sites\/2\/marketing\/brochures\/VisualARQ 2-Flyer-2017_en.pdf' title='VisualARQ 2-Flyer-2017_en.pdf' download>VisualARQ 2-Flyer-2017_en.pdf\t<\/a><\/li><\/ul>\n\n<h5 class=\"wp-block-heading\">Logos<\/h5>\n<ul class='post-list'><li class='post'>\t<a href='\/wp-content\/uploads\/sites\/2\/marketing\/logos\/VA 2 Icon 1000.png' title='VA 2 Icon 1000.png' download>VA 2 Icon 1000.png\t<\/a><\/li><li class='post'>\t<a href='\/wp-content\/uploads\/sites\/2\/marketing\/logos\/VisualARQ 2 Components for GH.png' title='VisualARQ 2 Components for GH.png' download>VisualARQ 2 Components for GH.png\t<\/a><\/li><li class='post'>\t<a href='\/wp-content\/uploads\/sites\/2\/marketing\/logos\/VisualARQ 2 Logo 3 500.png' title='VisualARQ 2 Logo 3 500.png' download>VisualARQ 2 Logo 3 500.png\t<\/a><\/li><li class='post'>\t<a href='\/wp-content\/uploads\/sites\/2\/marketing\/logos\/VisualARQ 2 logo 1500.png' title='VisualARQ 2 logo 1500.png' download>VisualARQ 2 logo 1500.png\t<\/a><\/li><li class='post'>\t<a href='\/wp-content\/uploads\/sites\/2\/marketing\/logos\/DEF_VisualARQ.ai' title='DEF_VisualARQ.ai' download>DEF_VisualARQ.ai\t<\/a><\/li><\/ul>\n\n<h5 class=\"wp-block-heading\">Images<\/h5>\n<ul class='post-list'><li class='post'>\t<a href='\/wp-content\/uploads\/sites\/2\/marketing\/images\/MEDIATIC Section L7 VisualARQ2.jpg' title='MEDIATIC Section L7 VisualARQ2.jpg' download>MEDIATIC Section L7 VisualARQ2.jpg\t<\/a><\/li><li class='post'>\t<a href='\/wp-content\/uploads\/sites\/2\/marketing\/images\/MediaTIC Render VisualARQ2.jpg' title='MediaTIC Render VisualARQ2.jpg' download>MediaTIC Render VisualARQ2.jpg\t<\/a><\/li><li class='post'>\t<a href='\/wp-content\/uploads\/sites\/2\/marketing\/images\/Banner VisualARQ2.png' title='Banner VisualARQ2.png' download>Banner VisualARQ2.png\t<\/a><\/li><li class='post'>\t<a href='\/wp-content\/uploads\/sites\/2\/marketing\/images\/Banner4food4Rhino.png' title='Banner4food4Rhino.png' download>Banner4food4Rhino.png\t<\/a><\/li><\/ul>\n\n<h5 class=\"wp-block-heading\">Mod\u00e8les<\/h5>\n<ul class='post-list'><li class='post'>\t<a href='\/wp-content\/uploads\/sites\/2\/marketing\/models\/The Ville Savoye demo.3dm' title='The Ville Savoye demo.3dm' download>The Ville Savoye demo.3dm\t<\/a><\/li><\/ul>\n\n<h5 class=\"wp-block-heading\">Autre<\/h5>\n\n<ul class=\"wp-block-list\">\n<li><a href=\"https:\/\/www.flickr.com\/photos\/28656665@N02\/\" target=\"_blank\" rel=\"noopener\">Images (VisualARQ sur Flickr)<\/a><\/li>\n\n\n\n<li><a href=\"https:\/\/www.youtube.com\/user\/VisualARQ\" target=\"_blank\" rel=\"noopener\">Vid\u00e9os (VisualARQ sur YouTube)<\/a><\/li>\n<\/ul>\n\n<hr class=\"wp-block-separator has-alpha-channel-opacity\"\/>\n\n<h3 class=\"wp-block-heading\" id=\"questions\">Questions ?<\/h3>\n\n<p>Si vous avez des questions, contactez :<\/p>\n\n<p><a href=\"mailto:fsalla@asuni.com\">Francesc Salla<\/a><br\/>Asuni CAD<br\/>Roger de Flor, 32-34<br\/>08018 Barcelone (Espagne)<br\/>T\u00e9l. : +34\u00a093\u00a0319\u00a06868<\/p>\n\n<p><map name=\"world\"> \n<area coords=\"59, 112, 90, 115, 102, 121, 120, 122, 146, 127, 196, 152, 166, 227, 100, 227, 104, 153, 62, 129\" shape=\"POLYGON\" href=\"\/?page_id=10817\" target=\"_parent\"\/>\n \n<area coords=\"0, 9, 0, 96, 41, 80, 59, 112, 91, 115, 101, 121, 121, 123, 142, 125, 165, 86, 129, 29, 187, 0, 16, 0\" shape=\"POLYGON\" href=\"\/?page_id=10817\"\/>\n \n<area coords=\"239, 104, 215, 118, 202, 129, 267, 201, 311, 175, 317, 135, 311, 132, 299, 132, 286, 109, 267, 108, 254, 103, 229, 109, 238, 105\" shape=\"POLYGON\" href=\"\/?page_id=10822\" target=\"_parent\"\/>\n \n<area coords=\"290, 1, 288, 39, 282, 39, 287, 60, 273, 66, 272, 69, 277, 83, 300, 96, 302, 97, 287, 103, 267, 104, 247, 102, 229, 105, 166, 87, 132, 31, 190, 0, 264, 0\" shape=\"POLYGON\" href=\"\/?page_id=10815\" target=\"_parent\"\/>\n \n<area coords=\"317, 136, 325, 118, 321, 109, 321, 103, 308, 103, 294, 99, 290, 102, 286, 109, 296, 132\" shape=\"POLYGON\" href=\"\/?page_id=10822\" target=\"_parent\"\/>\n \n<area coords=\"490, 57, 445, 23, 365, 0, 291, 5, 288, 40, 284, 43, 288, 64, 273, 71, 272, 76, 279, 88, 291, 93, 299, 95, 301, 103, 316, 103, 321, 109, 322, 113, 324, 119, 328, 111, 341, 105, 340, 100, 354, 87, 393, 87, 395, 80, 417, 93, 426, 93, 437, 97\" shape=\"POLYGON\" href=\"\/?page_id=10815\" target=\"_parent\"\/>\n \n<area coords=\"379, 159, 432, 157, 488, 185, 489, 227, 368, 226\" shape=\"POLYGON\" href=\"\/?page_id=10822\"\/>\n \n<area coords=\"381, 161, 316, 135, 332, 110, 346, 102, 355, 87, 396, 86, 396, 80, 420, 92, 430, 93, 439, 98, 490, 128, 490, 185, 434, 154, 378, 160\" shape=\"POLYGON\" href=\"\/?page_id=10822\"\/>\n <\/map><\/p>\n","protected":false},"excerpt":{"rendered":"<p>revendeur Nouveaux revendeurs Pour devenir un revendeur officiel de VisualARQ\u00a0: Nous vous demandons de : Ce que nous vous offrons\u00a0: Apr\u00e8s avoir achet\u00e9 le Kit de d\u00e9marrage pour revendeur, nous vous donnerons acc\u00e8s \u00e0 la boutique Asuni en tant que \u00ab\u00a0revendeur\u00a0\u00bb, afin que vous puissiez commander nos produits avec les remises applicables. Nos produits Commande [&hellip;]<\/p>\n","protected":false},"author":1,"featured_media":0,"parent":0,"menu_order":999,"comment_status":"closed","ping_status":"closed","template":"","meta":{"_et_pb_use_builder":"","_et_pb_old_content":"","_et_gb_content_width":"","footnotes":""},"class_list":["post-11033","page","type-page","status-publish","hentry"],"yoast_head":"<!-- This site is optimized with the Yoast SEO plugin v27.2 - https:\/\/yoast.com\/product\/yoast-seo-wordpress\/ -->\n<title>ResellerBak - VisualARQ<\/title>\n<meta name=\"robots\" content=\"noindex, follow, max-snippet:-1, max-image-preview:large, max-video-preview:-1\" \/>\n<meta property=\"og:locale\" content=\"fr_FR\" \/>\n<meta property=\"og:type\" content=\"article\" \/>\n<meta property=\"og:title\" content=\"ResellerBak - VisualARQ\" \/>\n<meta property=\"og:description\" content=\"revendeur Nouveaux revendeurs Pour devenir un revendeur officiel de VisualARQ\u00a0: Nous vous demandons de : Ce que nous vous offrons\u00a0: Apr\u00e8s avoir achet\u00e9 le Kit de d\u00e9marrage pour revendeur, nous vous donnerons acc\u00e8s \u00e0 la boutique Asuni en tant que \u00ab\u00a0revendeur\u00a0\u00bb, afin que vous puissiez commander nos produits avec les remises applicables. Nos produits Commande [&hellip;]\" \/>\n<meta property=\"og:url\" content=\"https:\/\/stg.visualarq.com\/fr\/resellerbak\/\" \/>\n<meta property=\"og:site_name\" content=\"VisualARQ\" \/>\n<meta property=\"article:publisher\" content=\"https:\/\/www.facebook.com\/visualarq\" \/>\n<meta property=\"article:modified_time\" content=\"2024-09-27T10:29:41+00:00\" \/>\n<meta name=\"twitter:card\" content=\"summary_large_image\" \/>\n<meta name=\"twitter:site\" content=\"@VisualARQ\" \/>\n<meta name=\"twitter:label1\" content=\"Dur\u00e9e de lecture estim\u00e9e\" \/>\n\t<meta name=\"twitter:data1\" content=\"3 minutes\" \/>\n<script type=\"application\/ld+json\" class=\"yoast-schema-graph\">{\"@context\":\"https:\/\/schema.org\",\"@graph\":[{\"@type\":\"WebPage\",\"@id\":\"https:\/\/stg.visualarq.com\/fr\/resellerbak\/\",\"url\":\"https:\/\/stg.visualarq.com\/fr\/resellerbak\/\",\"name\":\"ResellerBak - VisualARQ\",\"isPartOf\":{\"@id\":\"https:\/\/stg.visualarq.com\/fr\/#website\"},\"datePublished\":\"2011-01-20T00:00:00+00:00\",\"dateModified\":\"2024-09-27T10:29:41+00:00\",\"breadcrumb\":{\"@id\":\"https:\/\/stg.visualarq.com\/fr\/resellerbak\/#breadcrumb\"},\"inLanguage\":\"fr-FR\",\"potentialAction\":[{\"@type\":\"ReadAction\",\"target\":[\"https:\/\/stg.visualarq.com\/fr\/resellerbak\/\"]}]},{\"@type\":\"BreadcrumbList\",\"@id\":\"https:\/\/stg.visualarq.com\/fr\/resellerbak\/#breadcrumb\",\"itemListElement\":[{\"@type\":\"ListItem\",\"position\":1,\"name\":\"Home\",\"item\":\"https:\/\/stg.visualarq.com\/fr\/home\/\"},{\"@type\":\"ListItem\",\"position\":2,\"name\":\"ResellerBak\"}]},{\"@type\":\"WebSite\",\"@id\":\"https:\/\/stg.visualarq.com\/fr\/#website\",\"url\":\"https:\/\/stg.visualarq.com\/fr\/\",\"name\":\"VisualARQ\",\"description\":\"Flexible BIM for Rhino\",\"potentialAction\":[{\"@type\":\"SearchAction\",\"target\":{\"@type\":\"EntryPoint\",\"urlTemplate\":\"https:\/\/stg.visualarq.com\/fr\/?s={search_term_string}\"},\"query-input\":{\"@type\":\"PropertyValueSpecification\",\"valueRequired\":true,\"valueName\":\"search_term_string\"}}],\"inLanguage\":\"fr-FR\"}]}<\/script>\n<!-- \/ Yoast SEO plugin. -->","yoast_head_json":{"title":"ResellerBak - VisualARQ","robots":{"index":"noindex","follow":"follow","max-snippet":"max-snippet:-1","max-image-preview":"max-image-preview:large","max-video-preview":"max-video-preview:-1"},"og_locale":"fr_FR","og_type":"article","og_title":"ResellerBak - VisualARQ","og_description":"revendeur Nouveaux revendeurs Pour devenir un revendeur officiel de VisualARQ\u00a0: Nous vous demandons de : Ce que nous vous offrons\u00a0: Apr\u00e8s avoir achet\u00e9 le Kit de d\u00e9marrage pour revendeur, nous vous donnerons acc\u00e8s \u00e0 la boutique Asuni en tant que \u00ab\u00a0revendeur\u00a0\u00bb, afin que vous puissiez commander nos produits avec les remises applicables. Nos produits Commande [&hellip;]","og_url":"https:\/\/stg.visualarq.com\/fr\/resellerbak\/","og_site_name":"VisualARQ","article_publisher":"https:\/\/www.facebook.com\/visualarq","article_modified_time":"2024-09-27T10:29:41+00:00","twitter_card":"summary_large_image","twitter_site":"@VisualARQ","twitter_misc":{"Dur\u00e9e de lecture estim\u00e9e":"3 minutes"},"schema":{"@context":"https:\/\/schema.org","@graph":[{"@type":"WebPage","@id":"https:\/\/stg.visualarq.com\/fr\/resellerbak\/","url":"https:\/\/stg.visualarq.com\/fr\/resellerbak\/","name":"ResellerBak - VisualARQ","isPartOf":{"@id":"https:\/\/stg.visualarq.com\/fr\/#website"},"datePublished":"2011-01-20T00:00:00+00:00","dateModified":"2024-09-27T10:29:41+00:00","breadcrumb":{"@id":"https:\/\/stg.visualarq.com\/fr\/resellerbak\/#breadcrumb"},"inLanguage":"fr-FR","potentialAction":[{"@type":"ReadAction","target":["https:\/\/stg.visualarq.com\/fr\/resellerbak\/"]}]},{"@type":"BreadcrumbList","@id":"https:\/\/stg.visualarq.com\/fr\/resellerbak\/#breadcrumb","itemListElement":[{"@type":"ListItem","position":1,"name":"Home","item":"https:\/\/stg.visualarq.com\/fr\/home\/"},{"@type":"ListItem","position":2,"name":"ResellerBak"}]},{"@type":"WebSite","@id":"https:\/\/stg.visualarq.com\/fr\/#website","url":"https:\/\/stg.visualarq.com\/fr\/","name":"VisualARQ","description":"Flexible BIM for Rhino","potentialAction":[{"@type":"SearchAction","target":{"@type":"EntryPoint","urlTemplate":"https:\/\/stg.visualarq.com\/fr\/?s={search_term_string}"},"query-input":{"@type":"PropertyValueSpecification","valueRequired":true,"valueName":"search_term_string"}}],"inLanguage":"fr-FR"}]}},"_links":{"self":[{"href":"https:\/\/stg.visualarq.com\/fr\/wp-json\/wp\/v2\/pages\/11033","targetHints":{"allow":["GET"]}}],"collection":[{"href":"https:\/\/stg.visualarq.com\/fr\/wp-json\/wp\/v2\/pages"}],"about":[{"href":"https:\/\/stg.visualarq.com\/fr\/wp-json\/wp\/v2\/types\/page"}],"author":[{"embeddable":true,"href":"https:\/\/stg.visualarq.com\/fr\/wp-json\/wp\/v2\/users\/1"}],"replies":[{"embeddable":true,"href":"https:\/\/stg.visualarq.com\/fr\/wp-json\/wp\/v2\/comments?post=11033"}],"version-history":[{"count":0,"href":"https:\/\/stg.visualarq.com\/fr\/wp-json\/wp\/v2\/pages\/11033\/revisions"}],"wp:attachment":[{"href":"https:\/\/stg.visualarq.com\/fr\/wp-json\/wp\/v2\/media?parent=11033"}],"curies":[{"name":"wp","href":"https:\/\/api.w.org\/{rel}","templated":true}]}}