{"id":11045,"date":"2011-01-12T00:00:00","date_gmt":"2011-01-12T00:00:00","guid":{"rendered":"https:\/\/stg.visualarq.com\/support\/tips\/"},"modified":"2019-01-02T15:37:07","modified_gmt":"2019-01-02T15:37:07","slug":"tips","status":"publish","type":"page","link":"https:\/\/stg.visualarq.com\/fr\/support\/tips\/","title":{"rendered":"Trucs et astuces"},"content":{"rendered":"[et_pb_section bb_built=\u00a0\u00bb1&Prime;][et_pb_row][et_pb_column type=\u00a0\u00bb4_4&Prime;][et_pb_post_title _builder_version=\u00a0\u00bb3.0.62&Prime; title=\u00a0\u00bbon\u00a0\u00bb meta=\u00a0\u00bboff\u00a0\u00bb author=\u00a0\u00bbon\u00a0\u00bb date=\u00a0\u00bbon\u00a0\u00bb categories=\u00a0\u00bbon\u00a0\u00bb comments=\u00a0\u00bbon\u00a0\u00bb featured_image=\u00a0\u00bboff\u00a0\u00bb featured_placement=\u00a0\u00bbbelow\u00a0\u00bb parallax_method=\u00a0\u00bbon\u00a0\u00bb text_orientation=\u00a0\u00bbleft\u00a0\u00bb text_color=\u00a0\u00bbdark\u00a0\u00bb text_background=\u00a0\u00bboff\u00a0\u00bb border_style=\u00a0\u00bbsolid\u00a0\u00bb \/][et_pb_text _builder_version=\u00a0\u00bb3.0.62&Prime; background_layout=\u00a0\u00bblight\u00a0\u00bb text_orientation=\u00a0\u00bbleft\u00a0\u00bb border_style=\u00a0\u00bbsolid\u00a0\u00bb]\n\n<strong>Biblioth\u00e8ques d'objets \/ barres d\u2019outils \/ fichiers mod\u00e8les<\/strong><ul><li><a href=\"https:\/\/stg.visualarq.com\/fr\/support\/tip\/upload-download-visualarq-styles-food4rhino\/\">Comment publier et t\u00e9l\u00e9charger des styles de VisualARQ dans food4Rhino<\/a><\/li><li><a href=\"https:\/\/stg.visualarq.com\/fr\/support\/tip\/how-can-i-create-a-custom-visualarq-template\/\">Comment puis-je cr\u00e9er un fichier mod\u00e8le de VisualARQ personnalis\u00e9 ?<\/a><\/li><li><a href=\"https:\/\/stg.visualarq.com\/fr\/support\/tip\/i-cant-see-the-library-of-visualarq-object-styles-why-how-can-i-load-them\/\">Je ne peux pas voir les biblioth\u00e8ques de styles d&rsquo;objets de VisualARQ Pourquoi\u00a0? Comment puis-je les charger ?<\/a><\/li><li><a href=\"https:\/\/stg.visualarq.com\/fr\/support\/tip\/when-i-open-a-new-drawing-visualarq-toolbars-dont-appear-on-the-screen-how-can-i-load-them\/\">Lorsque j&rsquo;ouvre un nouveau dessin, les barres d&rsquo;outils de VisualARQ n&rsquo;apparaissent pas \u00e0 l&rsquo;\u00e9cran. Comment puis-je les charger ?<\/a><\/li><li><a href=\"https:\/\/stg.visualarq.com\/fr\/support\/tip\/when-i-open-a-new-drawing-the-visualarq-templates-are-not-displayed-in-the-templates-dialog-box-how-can-i-make-them-appear\/\">Lorsque je cr\u00e9e un nouveau dessin, les fichiers mod\u00e8les de VisualARQ ne sont pas affich\u00e9s dans la bo\u00eete de dialogue des fichiers mod\u00e8les. Comment puis-je les faire appara\u00eetre ?<\/a><\/li><\/ul><strong>Interface<\/strong><ul><li><a href=\"https:\/\/stg.visualarq.com\/fr\/support\/tip\/is-it-possible-to-turn-off-the-scale-icon\/\">Est-il possible de d\u00e9sactiver l&rsquo;ic\u00f4ne d&rsquo;\u00e9chelle ?<\/a><\/li><li><a href=\"https:\/\/stg.visualarq.com\/fr\/support\/tip\/is-it-possible-to-turn-off-the-elevation-marks\/\">Est-il possible de d\u00e9sactiver les marques d&rsquo;\u00e9l\u00e9vation ?<\/a><\/li><\/ul><strong>Installation<\/strong><ul><li><a href=\"https:\/\/stg.visualarq.com\/fr\/support\/tip\/installation-issue-unable-to-load-visualarq-rhp-plug-in\/\">Probl\u00e8me d&rsquo;installation : Impossible de charger le module VisualARQ.rhp<\/a><\/li><li><a href=\"https:\/\/stg.visualarq.com\/fr\/support\/tip\/visualarq-2-1-zoo\/\">VisualARQ 2.1 sur le Zoo<\/a><\/li><li><a href=\"https:\/\/stg.visualarq.com\/fr\/support\/tip\/rhino-not-found-computer-although-can\/\">\u00ab\u00a0Rhino est introuvable sur cet ordinateur\u00a0\u00bb pourtant il est install\u00e9. Que puis-je faire ?<\/a><\/li><li><a href=\"https:\/\/stg.visualarq.com\/fr\/support\/tip\/my-anti-virus-software-is-blocking-or-removing-the-installer-file-what-should-i-do\/\">Mon logiciel antivirus bloque ou supprime le fichier d&rsquo;installation. Que dois-je faire ?<\/a><\/li><li><a href=\"https:\/\/stg.visualarq.com\/fr\/support\/tip\/after-upgrading-my-windows-version-visualarq-doesnt-work\/\">Apr\u00e8s avoir mis \u00e0 jour ma version de Windows, VisualARQ ne fonctionne plus.<\/a><\/li><li><a href=\"https:\/\/stg.visualarq.com\/fr\/support\/tip\/is-it-possible-to-install-visualarq-silently\/\">Est-il possible d\u2019installer VisualARQ en mode automatique\u00a0?<\/a><\/li><li><a href=\"https:\/\/stg.visualarq.com\/fr\/support\/tip\/installation-problems\/\">Probl\u00e8mes d&rsquo;installation<\/a><\/li><\/ul><strong>Fichiers<\/strong><ul><li><a href=\"https:\/\/stg.visualarq.com\/fr\/support\/tip\/tips-to-streamline-the-workflow-with-large-files-in-rhino\/\">Astuces pour am\u00e9liorer le traitement des fichiers de grande taille dans Rhino<\/a><\/li><li><a href=\"https:\/\/stg.visualarq.com\/fr\/support\/tip\/how-can-i-reference-external-files\/\">Comment puis-je r\u00e9f\u00e9rencer des fichiers externes ?<\/a><\/li><li><a href=\"https:\/\/stg.visualarq.com\/fr\/support\/tip\/how-can-i-export-rhino-and-visualarq-documents-into-autocad\/\">Comment exporter des documents de Rhino et de VisualARQ dans AutoCAD<\/a><\/li><\/ul><strong>Objets<\/strong><ul><li><a href=\"https:\/\/stg.visualarq.com\/fr\/support\/tip\/can-i-extract-the-faces-or-edges-of-visualarq-objects\/\">Puis-je extraire les faces ou les bords d&rsquo;objets de VisualARQ ?<\/a><\/li><\/ul><strong>Murs<\/strong><ul><li><a href=\"https:\/\/stg.visualarq.com\/fr\/support\/tip\/how-can-i-split-a-wall-by-a-surface\/\">Comment puis-je diviser un mur avec une surface ?<\/a><\/li><li><a href=\"https:\/\/stg.visualarq.com\/fr\/support\/tip\/why-some-walls-dont-join\/\">Pourquoi certains murs ne s&rsquo;assemblent pas ?<\/a><\/li><li><a href=\"https:\/\/stg.visualarq.com\/fr\/support\/tip\/how-can-i-show-the-tangent-lines-between-walls\/\">Comment montrer ou cacher les lignes tangentes entre les murs ?<\/a><\/li><li><a href=\"https:\/\/stg.visualarq.com\/fr\/support\/tip\/is-it-possible-to-create-irregular-walls-or-walls-from-rhino-geometry\/\">Est-il possible de cr\u00e9er des murs irr\u00e9guliers ou des murs \u00e0 partir de la g\u00e9om\u00e9trie de Rhino ?<\/a><\/li><li><a href=\"https:\/\/stg.visualarq.com\/fr\/support\/tip\/is-it-possible-to-do-boolean-operations-between-visualarq-walls-and-rhino-solids\/\">Est-il possible de r\u00e9aliser des op\u00e9rations bool\u00e9ennes entre des murs de VisualARQ et des solides de Rhino ?<\/a><\/li><li><a href=\"https:\/\/stg.visualarq.com\/fr\/support\/tip\/how-can-i-create-a-new-wall-style-and-edit-its-2d-representation\/\">Comment puis-je cr\u00e9er un nouveau style de mur et modifier sa repr\u00e9sentation 2D ?<\/a><\/li><li><a href=\"https:\/\/stg.visualarq.com\/fr\/support\/tip\/how-can-i-create-a-non-straight-wall\/\">Comment puis-je cr\u00e9er un mur qui n&rsquo;est pas droit&nbsp;?<\/a><\/li><li><a href=\"https:\/\/stg.visualarq.com\/fr\/support\/tip\/is-it-possible-to-make-a-wall-from-a-closed-curve\/\">Est-il possible de cr\u00e9er un mur \u00e0 partir d&rsquo;une courbe ferm\u00e9e ?<\/a><\/li><li><a href=\"https:\/\/stg.visualarq.com\/fr\/support\/tip\/when-i-create-a-wall-with-more-than-1-component-which-component-is-inside-and-which-is-outside\/\">Lorsque je cr\u00e9e un mur poss\u00e9dant plusieurs composants&#8230; quel composant est \u00e0 l&rsquo;int\u00e9rieur et quel composant est \u00e0 l&rsquo;ext\u00e9rieur ?<\/a><\/li><li><a href=\"https:\/\/stg.visualarq.com\/fr\/support\/tip\/is-it-possible-to-stretch-a-room-move-the-end-wall-and-extend-the-side-walls-without-deforming-it-nor-moving-windows-and-doors-from-their-original-position\/\">Est-il possible de r\u00e9duire ou d&rsquo;agrandir une pi\u00e8ce sans la d\u00e9former ?<\/a><\/li><\/ul><strong>Murs-rideaux<\/strong><ul><li><a href=\"https:\/\/stg.visualarq.com\/fr\/support\/tip\/is-it-possible-to-create-curved-curtain-walls-with-curved-panels\/\">Est-il possible de cr\u00e9er des murs-rideaux courb\u00e9s avec des panneaux courb\u00e9s\u00a0?<\/a><\/li><li><a href=\"https:\/\/stg.visualarq.com\/fr\/support\/tip\/how-can-i-create-sloped-curtain-walls\/\">Est-il possible de cr\u00e9er des murs-rideaux en pente\u00a0?<\/a><\/li><\/ul><strong>Poutres<\/strong><ul><li><a href=\"https:\/\/stg.visualarq.com\/fr\/support\/tip\/trick-to-split-a-beam-in-different-parts\/\">Diviser une poutre en plusieurs parties<\/a><\/li><li><a href=\"https:\/\/stg.visualarq.com\/fr\/support\/tip\/is-it-possible-to-create-beams-with-custom-profiles\/\">Est-il possible de cr\u00e9er des poutres avec des profils personnalis\u00e9s ?<\/a><\/li><\/ul><strong>Portes \/ fen\u00eatres \/ ouvertures<\/strong><ul><li><a href=\"https:\/\/stg.visualarq.com\/fr\/support\/tip\/how-can-i-modify-the-aperture-of-an-opening\/\">Comment puis-je modifier l&rsquo;angle d&rsquo;ouverture d&rsquo;une ouverture ?<\/a><\/li><li><a href=\"https:\/\/stg.visualarq.com\/fr\/support\/tip\/how-can-i-change-the-opening-side-of-a-door-or-a-window\/\">Comment changer le c\u00f4t\u00e9 d&rsquo;ouverture d&rsquo;une porte ou d&rsquo;une fen\u00eatre ?<\/a><\/li><li><a href=\"https:\/\/stg.visualarq.com\/fr\/support\/tip\/how-can-i-create-and-select-openings\/\">Comment cr\u00e9er et s\u00e9lectionner des ouvertures<\/a><\/li><li><a href=\"https:\/\/stg.visualarq.com\/fr\/support\/tip\/how-can-i-create-customized-doors-or-windows\/\">Comment puis-je cr\u00e9er des portes et des fen\u00eatres personnalis\u00e9es ?<\/a><\/li><\/ul><strong>Escaliers<\/strong><ul><li><a href=\"https:\/\/stg.visualarq.com\/fr\/support\/tip\/how-can-i-create-spiral-stairs-can-i-add-landings\/\">Comment cr\u00e9er des escaliers h\u00e9lico\u00efdaux ? Est-il possible d&rsquo;ajouter des paliers ?<\/a><\/li><li><a href=\"https:\/\/stg.visualarq.com\/fr\/support\/tip\/how-can-i-create-stairs-with-landings\/\">Comment cr\u00e9er des escaliers avec des paliers ?<\/a><\/li><li><a href=\"https:\/\/stg.visualarq.com\/fr\/support\/tip\/stair-slab-how-to-create-a-stair-slab-and-change-its-thickness\/\">Dalle d&rsquo;escalier : Comment cr\u00e9er une dalle d&rsquo;escalier et changer son \u00e9paisseur.<\/a><\/li><\/ul><strong>Toits<\/strong><ul><li><a href=\"https:\/\/stg.visualarq.com\/fr\/support\/tip\/what-are-the-steps-to-create-a-roof\/\">Quelles sont les \u00e9tapes pour cr\u00e9er un toit ?<\/a><\/li><\/ul><strong>Profils<\/strong><ul><li><a href=\"https:\/\/stg.visualarq.com\/fr\/support\/tip\/how-can-i-create-a-custom-profile\/\">Comment puis-je cr\u00e9er un profil personnalis\u00e9 ?<\/a><\/li><\/ul><strong>Niveaux<\/strong><ul><li><a href=\"https:\/\/stg.visualarq.com\/fr\/support\/tip\/is-it-possible-to-create-multiple-levels-simultaneaously-instead-of-creating-them-one-by-one\/\">Est-il possible de cr\u00e9er plusieurs niveaux en m\u00eame temps au lieu de les cr\u00e9er individuellement ?<\/a><\/li><li><a href=\"https:\/\/stg.visualarq.com\/fr\/support\/tip\/once-i-have-created-floors-using-the-floor-manager-how-can-i-switch-from-one-floor-to-antother\/\">Lorsque j&rsquo;ai cr\u00e9\u00e9 des \u00e9tages en utilisant le gestionnaire de niveaux, comment puis-je passer d&rsquo;un \u00e9tage \u00e0 l&rsquo;autre&nbsp;?<\/a><\/li><\/ul><strong>Vues en plan et de section<\/strong><ul><li><a href=\"https:\/\/stg.visualarq.com\/fr\/support\/tip\/there-are-some-missing-lines-in-the-plan-and-section-views-why\/\">Certaines lignes ne sont pas pr\u00e9sentes dans les vues de section et en plan. Pourquoi\u00a0?<\/a><\/li><\/ul><strong>Nomenclatures<\/strong><ul><li><a href=\"https:\/\/stg.visualarq.com\/fr\/support\/tip\/how-can-i-create-tables-of-object-quantity-take-off-and-export-them-to-excel\/\">Comment cr\u00e9er des nomenclatures indiquant les quantit\u00e9s d&rsquo;objets et les exporter vers Excel ?<\/a><\/li><\/ul><strong>\u00c9tiquettes<\/strong><ul><li><a href=\"https:\/\/stg.visualarq.com\/fr\/support\/tip\/comment-gerer-les-informations-sur-les-etiquettes-avec-plusieurs-lignes\/\">Comment g\u00e9rer les informations sur les \u00e9tiquettes avec plusieurs lignes<\/a><\/li><li><a href=\"https:\/\/stg.visualarq.com\/fr\/support\/tip\/can-i-put-the-object-dimensions-or-other-information-inside-tags\/\">Est-il possible d&rsquo;afficher les dimensions de l&rsquo;objet ou d&rsquo;autres informations \u00e0 l&rsquo;int\u00e9rieur des \u00e9tiquettes ?<\/a><\/li><\/ul><strong>Impression<\/strong><ul><li><a href=\"https:\/\/stg.visualarq.com\/fr\/support\/tip\/astuce-pour-creer-des-dessins-vectoriels-2d-avec-un-eclairage\/\">Astuce pour cr\u00e9er des dessins vectoriels 2D avec un \u00e9clairage<\/a><\/li><li><a href=\"https:\/\/stg.visualarq.com\/fr\/support\/tip\/tips-create-3d-printable-model\/\">Astuces pour cr\u00e9er un mod\u00e8le 3D pr\u00eat pour l&rsquo;impression<\/a><\/li><li><a href=\"https:\/\/stg.visualarq.com\/fr\/support\/tip\/how-can-i-print-out-the-height-level-dashed-lines-which-visualarq-shows\/\">Comment puis-je imprimer les lignes en pointill\u00e9s repr\u00e9sentant le niveau de hauteur qui sont affich\u00e9es dans VisualARQ ?<\/a><\/li><\/ul><strong>Rendu et mat\u00e9riaux<\/strong><ul><li><a href=\"https:\/\/stg.visualarq.com\/fr\/support\/tip\/how-can-i-apply-texture-mapping-to-visualarq-objects\/\">Comment puis-je appliquer un placage de texture \u00e0 des objets de VisualARQ ?<\/a><\/li><li><a href=\"https:\/\/stg.visualarq.com\/fr\/support\/tip\/how-can-i-assign-different-materials-to-the-different-components-of-a-door-or-a-window\/\">Comment puis-je assigner diff\u00e9rents mat\u00e9riaux aux diff\u00e9rents composants d&rsquo;une porte ou d&rsquo;une fen\u00eatre ?<\/a><\/li><\/ul><strong>Conseils pour un travail plus efficace<\/strong><ul><li><a href=\"https:\/\/stg.visualarq.com\/fr\/support\/tip\/tips-to-streamline-the-workflow-with-large-files-in-rhino\/\">Astuces pour am\u00e9liorer le traitement des fichiers de grande taille dans Rhino<\/a><\/li><li><a href=\"https:\/\/stg.visualarq.com\/fr\/support\/tip\/how-can-i-make-the-section-line-appear-in-all-drawings\/\">Comment puis-je faire appara\u00eetre la ligne de section dans tous les dessins ?<\/a><\/li><li><a href=\"https:\/\/stg.visualarq.com\/fr\/support\/tip\/how-can-i-select-objects-of-the-same-style-in-grasshopper\/\">Comment s\u00e9lectionner tous les objets d&rsquo;un m\u00eame style dans Grasshopper ?<\/a><\/li><li><a href=\"https:\/\/stg.visualarq.com\/fr\/support\/tip\/how-can-i-select-all-objects-of-the-same-type-or-style-at-once\/\">Comment s\u00e9lectionner tous les objets d&rsquo;un m\u00eame type ou d&rsquo;un m\u00eame style en m\u00eame temps ?<\/a><\/li><li><a href=\"https:\/\/stg.visualarq.com\/fr\/support\/tip\/shortcut-to-object-properties-and-object-styles-dialog\/\">Raccourci vers les propri\u00e9t\u00e9s objet et la bo\u00eete de dialogue des styles d&rsquo;objets<\/a><\/li><\/ul><strong>Param\u00e8tres<\/strong><ul><li><a href=\"https:\/\/stg.visualarq.com\/fr\/support\/tip\/how-can-i-create-custom-parameters\/\">Comment puis-je cr\u00e9er des param\u00e8tres personnalis\u00e9s ?<\/a><\/li><li><a href=\"https:\/\/stg.visualarq.com\/fr\/support\/tip\/how-can-i-create-calculated-parameters-with-grasshopper\/\">Comment cr\u00e9er des param\u00e8tres calcul\u00e9es avec Grasshopper ?\u2028<\/a><\/li><\/ul><strong>IFC<\/strong><ul><li><a href=\"https:\/\/stg.visualarq.com\/fr\/support\/tip\/comment-exporter-des-donnees-personnalisees-vers-ifc\/\">Comment exporter des donn\u00e9es personnalis\u00e9es vers IFC ?<\/a><\/li><\/ul>\n\n[\/et_pb_text][\/et_pb_column][\/et_pb_row][\/et_pb_section]","protected":false},"excerpt":{"rendered":"<p>Trucs et astuces pour \u00eatre plus productif dans VisualARQ.<\/p>\n","protected":false},"author":1,"featured_media":0,"parent":11027,"menu_order":10,"comment_status":"closed","ping_status":"closed","template":"","meta":{"_et_pb_use_builder":"on","_et_pb_old_content":"<p><strong>Object Libraries, Toolbars, Templates<\/strong><\/p><ul><li><a href=\"\/?page_id=1890\">I can't see VisualARQ object styles libraries. Why? How can I load them?<\/a><\/li><li><a href=\"\/?page_id=525\">When I open a new drawing, VisualARQ toolbars don't appear on the screen... How can I load them?<\/a><\/li><li><a href=\"\/?page_id=522\">When I open a new drawing, the VisualARQ templates are not displayed in the templates dialog box... How can I make them appear?<\/a><\/li><li><a href=\"\/?page_id=8684\">How can I create a custom VisualARQ Template?<\/a><\/li><\/ul><p><strong>Interface<\/strong><\/p><ul><li><a href=\"\/?page_id=449\">Is it possible to turn off the scale icon?<\/a><\/li><li><a href=\"\/?page_id=452\">Is it possible to turn off the elevation marks?<\/a><\/li><\/ul><p><strong>Installation<\/strong><\/p><ul><li><a href=\"\/?page_id=3991\">Installation problems<\/a><\/li><li><a href=\"\/?page_id=8314\">Installation problems with the \"Windows Installer package. A DLL required for this install could not be run\"<\/a><\/li><li><a href=\"\/?page_id=8312\">After upgrading my Windows version, VisualARQ doesn't work<\/a><\/li><li><a href=\"\/?page_id=12192\">\"Rhino not found on this computer\" although I have it. What can I do?<\/a><\/li><li><a href=\"\/?page_id=5456\">Is it possible to install VisualARQ silently?<\/a><\/li><li><a href=\"\/?page_id=11833\">My anti-virus software is blocking or removing the installer file, what should I do?<\/a><\/li><\/ul><p><strong>Files<\/strong><\/p><ul><li><a href=\"\/?page_id=6318\">How to export Rhino and VisualARQ documents into AutoCAD<\/a><\/li><\/ul><p><strong>Objects<\/strong><\/p><ul><li><a href=\"\/?page_id=10236\">Can I extract the faces or edges of VisualARQ objects?<\/a><\/li><\/ul><p><strong>Walls<\/strong><\/p><ul><li><a href=\"\/?page_id=466\">How can I create a non-straight wall?<\/a><\/li><li><a href=\"\/?page_id=1065\">Is it possible to make a wall from a closed curve?<\/a><\/li><li><a href=\"\/?page_id=5278\">How can I create a new Wall Style and edit its 2D representation?<\/a><\/li><li><a href=\"\/?page_id=6596\">Is it possible to create irregular walls or walls from Rhino geometry?<\/a><\/li><li><a href=\"\/?page_id=6603\">Is it possible to do Boolean operations between VisualARQ walls and Rhino solids?<\/a><\/li><li><a href=\"\/?page_id=375\">When I create a wall with more than 1 component\u2026 which component is inside and which is outside?<\/a><\/li><li><a href=\"\/?page_id=355\">Is it possible to stretch a room without deforming it?<\/a><\/li><li><a href=\"\/?page_id=9979\">How can I show or hide the tangent lines between walls?<\/a><\/li><\/ul><p><strong>Curtain walls<\/strong><\/p><ul><li><a href=\"\/?page_id=11781\">How can I create sloped curtain walls?<\/a><\/li><li><a href=\"\/?page_id=11769\">Is it possible to create curved curtain walls with curved panels?<\/a><\/li><\/ul><p><strong>Beams<\/strong><\/p><ul><li><a href=\"\/?page_id=9915\">Is it possible to create beams with custom profiles?<\/a><\/li><li><a href=\"\/?p=10223\">Trick to split a beam in different parts<\/a><\/li><\/ul><p><strong>Doors, Windows and Openings<\/strong><\/p><ul><li><a href=\"\/?page_id=4671\">How can I create and select openings?<\/a><\/li><li><a href=\"\/?page_id=341\">How can I create customized doors or windows?<\/a><\/li><li><a href=\"\/?page_id=8779\">How can I change the door or window opening side?<\/a><\/li><\/ul><p><strong>Stairs<\/strong><\/p><ul><li><a href=\"\/?page_id=3986\">Stair slab: How to create a stair slab and change its thickness<\/a><\/li><li><a href=\"\/?page_id=5465\">How can I create stairs with landings?<\/a><\/li><li><a href=\"\/?page_id=9897\">How can I create spiral stairs? Can I add landings?<\/a><\/li><\/ul><p><strong>Roofs<\/strong><\/p><ul><li><a href=\"\/?page_id=370\">What are the steps to create a roof?<\/a><\/li><\/ul><p><strong>Profiles<\/strong><\/p><ul><li><a href=\"\/?page_id=454\">How can I create a custom profile?<\/a><\/li><\/ul><p><strong>Levels<\/strong><\/p><ul><li><a href=\"\/?page_id=461\">Once I have created floors using the Level Manager, how can I switch from one floor to another?<\/a><\/li><li><a href=\"\/?page_id=7382\">Is it possible to create multiple levels at the same time instead of creating them individually?<\/a><\/li><\/ul><p><strong>Plan and Section views<\/strong><\/p><ul><li><a href=\"\/?page_id=9969\">There are some missing lines in the Plan and Section views. Why?<\/a><\/li><\/ul><p><strong>Tables<\/strong><\/p><ul><li><a href=\"\/?page_id=8533\">How can I create tables of object quantity takeoffs and export them to Excel?<\/a><\/li><\/ul><p><strong>Tags<\/strong><\/p><ul><li><a href=\"\/?page_id=10071\">Is it possible to display the object dimensions or other information inside tags?<\/a><\/li><\/ul><p><strong>Printing<\/strong><\/p><ul><li><a href=\"\/?page_id=479\">How can I print out the height level dashed lines which VisualARQ shows?<\/a><\/li><li><a href=\"\/?page_id=11944\">Tips to create a 3D printable model<\/a><\/li><\/ul><p><strong>Render and Materials<\/strong><\/p><ul><li><a href=\"\/?page_id=3998\">How can I assign different materials to the different components of a door or a window?<\/a><\/li><\/ul><p><strong>Workflow Tips<\/strong><\/p><ul><li><a href=\"\/?page_id=6284\">Shortcut to object properties and object styles dialog<\/a><\/li><li><a href=\"\/?page_id=7852\">How can I select all objects of the same type or style at once?<\/a><\/li><\/ul>","_et_gb_content_width":"","footnotes":""},"class_list":["post-11045","page","type-page","status-publish","hentry"],"yoast_head":"<!-- This site is optimized with the Yoast SEO plugin v27.2 - https:\/\/yoast.com\/product\/yoast-seo-wordpress\/ -->\n<title>Trucs et astuces - VisualARQ<\/title>\n<meta name=\"robots\" content=\"noindex, follow, max-snippet:-1, max-image-preview:large, max-video-preview:-1\" \/>\n<meta property=\"og:locale\" content=\"fr_FR\" \/>\n<meta property=\"og:type\" content=\"article\" \/>\n<meta property=\"og:title\" content=\"Trucs et astuces - VisualARQ\" \/>\n<meta property=\"og:description\" content=\"Trucs et astuces pour \u00eatre plus productif dans VisualARQ.\" \/>\n<meta property=\"og:url\" content=\"https:\/\/stg.visualarq.com\/fr\/support\/tips\/\" \/>\n<meta property=\"og:site_name\" content=\"VisualARQ\" \/>\n<meta property=\"article:publisher\" content=\"https:\/\/www.facebook.com\/visualarq\" \/>\n<meta property=\"article:modified_time\" content=\"2019-01-02T15:37:07+00:00\" \/>\n<meta name=\"twitter:card\" content=\"summary_large_image\" \/>\n<meta name=\"twitter:site\" content=\"@VisualARQ\" \/>\n<script type=\"application\/ld+json\" class=\"yoast-schema-graph\">{\"@context\":\"https:\/\/schema.org\",\"@graph\":[{\"@type\":\"WebPage\",\"@id\":\"https:\/\/stg.visualarq.com\/fr\/support\/tips\/\",\"url\":\"https:\/\/stg.visualarq.com\/fr\/support\/tips\/\",\"name\":\"Trucs et astuces - VisualARQ\",\"isPartOf\":{\"@id\":\"https:\/\/stg.visualarq.com\/fr\/#website\"},\"datePublished\":\"2011-01-12T00:00:00+00:00\",\"dateModified\":\"2019-01-02T15:37:07+00:00\",\"breadcrumb\":{\"@id\":\"https:\/\/stg.visualarq.com\/fr\/support\/tips\/#breadcrumb\"},\"inLanguage\":\"fr-FR\",\"potentialAction\":[{\"@type\":\"ReadAction\",\"target\":[\"https:\/\/stg.visualarq.com\/fr\/support\/tips\/\"]}]},{\"@type\":\"BreadcrumbList\",\"@id\":\"https:\/\/stg.visualarq.com\/fr\/support\/tips\/#breadcrumb\",\"itemListElement\":[{\"@type\":\"ListItem\",\"position\":1,\"name\":\"Home\",\"item\":\"https:\/\/stg.visualarq.com\/fr\/home\/\"},{\"@type\":\"ListItem\",\"position\":2,\"name\":\"Assistance\",\"item\":\"https:\/\/stg.visualarq.com\/fr\/support\/\"},{\"@type\":\"ListItem\",\"position\":3,\"name\":\"Trucs et astuces\"}]},{\"@type\":\"WebSite\",\"@id\":\"https:\/\/stg.visualarq.com\/fr\/#website\",\"url\":\"https:\/\/stg.visualarq.com\/fr\/\",\"name\":\"VisualARQ\",\"description\":\"Flexible BIM for Rhino\",\"potentialAction\":[{\"@type\":\"SearchAction\",\"target\":{\"@type\":\"EntryPoint\",\"urlTemplate\":\"https:\/\/stg.visualarq.com\/fr\/?s={search_term_string}\"},\"query-input\":{\"@type\":\"PropertyValueSpecification\",\"valueRequired\":true,\"valueName\":\"search_term_string\"}}],\"inLanguage\":\"fr-FR\"}]}<\/script>\n<!-- \/ Yoast SEO plugin. -->","yoast_head_json":{"title":"Trucs et astuces - VisualARQ","robots":{"index":"noindex","follow":"follow","max-snippet":"max-snippet:-1","max-image-preview":"max-image-preview:large","max-video-preview":"max-video-preview:-1"},"og_locale":"fr_FR","og_type":"article","og_title":"Trucs et astuces - VisualARQ","og_description":"Trucs et astuces pour \u00eatre plus productif dans VisualARQ.","og_url":"https:\/\/stg.visualarq.com\/fr\/support\/tips\/","og_site_name":"VisualARQ","article_publisher":"https:\/\/www.facebook.com\/visualarq","article_modified_time":"2019-01-02T15:37:07+00:00","twitter_card":"summary_large_image","twitter_site":"@VisualARQ","schema":{"@context":"https:\/\/schema.org","@graph":[{"@type":"WebPage","@id":"https:\/\/stg.visualarq.com\/fr\/support\/tips\/","url":"https:\/\/stg.visualarq.com\/fr\/support\/tips\/","name":"Trucs et astuces - VisualARQ","isPartOf":{"@id":"https:\/\/stg.visualarq.com\/fr\/#website"},"datePublished":"2011-01-12T00:00:00+00:00","dateModified":"2019-01-02T15:37:07+00:00","breadcrumb":{"@id":"https:\/\/stg.visualarq.com\/fr\/support\/tips\/#breadcrumb"},"inLanguage":"fr-FR","potentialAction":[{"@type":"ReadAction","target":["https:\/\/stg.visualarq.com\/fr\/support\/tips\/"]}]},{"@type":"BreadcrumbList","@id":"https:\/\/stg.visualarq.com\/fr\/support\/tips\/#breadcrumb","itemListElement":[{"@type":"ListItem","position":1,"name":"Home","item":"https:\/\/stg.visualarq.com\/fr\/home\/"},{"@type":"ListItem","position":2,"name":"Assistance","item":"https:\/\/stg.visualarq.com\/fr\/support\/"},{"@type":"ListItem","position":3,"name":"Trucs et astuces"}]},{"@type":"WebSite","@id":"https:\/\/stg.visualarq.com\/fr\/#website","url":"https:\/\/stg.visualarq.com\/fr\/","name":"VisualARQ","description":"Flexible BIM for Rhino","potentialAction":[{"@type":"SearchAction","target":{"@type":"EntryPoint","urlTemplate":"https:\/\/stg.visualarq.com\/fr\/?s={search_term_string}"},"query-input":{"@type":"PropertyValueSpecification","valueRequired":true,"valueName":"search_term_string"}}],"inLanguage":"fr-FR"}]}},"_links":{"self":[{"href":"https:\/\/stg.visualarq.com\/fr\/wp-json\/wp\/v2\/pages\/11045","targetHints":{"allow":["GET"]}}],"collection":[{"href":"https:\/\/stg.visualarq.com\/fr\/wp-json\/wp\/v2\/pages"}],"about":[{"href":"https:\/\/stg.visualarq.com\/fr\/wp-json\/wp\/v2\/types\/page"}],"author":[{"embeddable":true,"href":"https:\/\/stg.visualarq.com\/fr\/wp-json\/wp\/v2\/users\/1"}],"replies":[{"embeddable":true,"href":"https:\/\/stg.visualarq.com\/fr\/wp-json\/wp\/v2\/comments?post=11045"}],"version-history":[{"count":0,"href":"https:\/\/stg.visualarq.com\/fr\/wp-json\/wp\/v2\/pages\/11045\/revisions"}],"up":[{"embeddable":true,"href":"https:\/\/stg.visualarq.com\/fr\/wp-json\/wp\/v2\/pages\/11027"}],"wp:attachment":[{"href":"https:\/\/stg.visualarq.com\/fr\/wp-json\/wp\/v2\/media?parent=11045"}],"curies":[{"name":"wp","href":"https:\/\/api.w.org\/{rel}","templated":true}]}}