{"id":11059,"date":"2009-10-08T00:00:00","date_gmt":"2009-10-08T00:00:00","guid":{"rendered":"https:\/\/stg.visualarq.com\/support\/contact-support\/"},"modified":"2019-01-02T15:37:20","modified_gmt":"2019-01-02T15:37:20","slug":"contact-support","status":"publish","type":"page","link":"https:\/\/stg.visualarq.com\/fr\/support\/contact-support\/","title":{"rendered":"Contacter le service d&rsquo;assistance"},"content":{"rendered":"<h1>Contacter le service d&rsquo;assistance<\/h1>\n<p><strong>Pour tout ce qui concerne l&rsquo;assistance technique et commerciale dans votre langue, veuillez contacter votre revendeur.<\/strong><\/p>\n<p>Vous pouvez bien s\u00fbr nous contacter par e-mail ou par t\u00e9l\u00e9phone si vous avez une question sur VisualARQ ou si vous voulez partager des id\u00e9es avec nous et apporter des suggestions d&rsquo;am\u00e9lioration du programme. <br>\nN&rsquo;h\u00e9sitez pas \u00e0 nous contacter, nous serons heureux de vous aider !<\/p>\n<ul>\n<li>E-mail\u00a0:  <a href=\"mailto:visualarq@asuni.com\">visualarq@asuni.com<\/a>\n<\/li>\n<li>T\u00e9l. :  +34 93 319 6868<\/li>\n<\/ul>","protected":false},"excerpt":{"rendered":"<p>Contacter le service d&rsquo;assistance Pour tout ce qui concerne l&rsquo;assistance technique et commerciale dans votre langue, veuillez contacter votre revendeur. Vous pouvez bien s\u00fbr nous contacter par e-mail ou par t\u00e9l\u00e9phone si vous avez une question sur VisualARQ ou si vous voulez partager des id\u00e9es avec nous et apporter des suggestions d&rsquo;am\u00e9lioration du programme. N&rsquo;h\u00e9sitez [&hellip;]<\/p>\n","protected":false},"author":1,"featured_media":0,"parent":11027,"menu_order":30,"comment_status":"closed","ping_status":"closed","template":"","meta":{"_et_pb_use_builder":"","_et_pb_old_content":"","_et_gb_content_width":"","footnotes":""},"class_list":["post-11059","page","type-page","status-publish","hentry"],"yoast_head":"<!-- This site is optimized with the Yoast SEO plugin v27.3 - https:\/\/yoast.com\/product\/yoast-seo-wordpress\/ -->\n<title>Contacter le service d&#039;assistance - VisualARQ<\/title>\n<meta name=\"robots\" content=\"noindex, follow, max-snippet:-1, max-image-preview:large, max-video-preview:-1\" \/>\n<meta property=\"og:locale\" content=\"fr_FR\" \/>\n<meta property=\"og:type\" content=\"article\" \/>\n<meta property=\"og:title\" content=\"Contacter le service d&#039;assistance - VisualARQ\" \/>\n<meta property=\"og:description\" content=\"Contacter le service d&rsquo;assistance Pour tout ce qui concerne l&rsquo;assistance technique et commerciale dans votre langue, veuillez contacter votre revendeur. Vous pouvez bien s\u00fbr nous contacter par e-mail ou par t\u00e9l\u00e9phone si vous avez une question sur VisualARQ ou si vous voulez partager des id\u00e9es avec nous et apporter des suggestions d&rsquo;am\u00e9lioration du programme. N&rsquo;h\u00e9sitez [&hellip;]\" \/>\n<meta property=\"og:url\" content=\"https:\/\/stg.visualarq.com\/fr\/support\/contact-support\/\" \/>\n<meta property=\"og:site_name\" content=\"VisualARQ\" \/>\n<meta property=\"article:publisher\" content=\"https:\/\/www.facebook.com\/visualarq\" \/>\n<meta property=\"article:modified_time\" content=\"2019-01-02T15:37:20+00:00\" \/>\n<meta name=\"twitter:card\" content=\"summary_large_image\" \/>\n<meta name=\"twitter:site\" content=\"@VisualARQ\" \/>\n<script type=\"application\/ld+json\" class=\"yoast-schema-graph\">{\"@context\":\"https:\\\/\\\/schema.org\",\"@graph\":[{\"@type\":\"WebPage\",\"@id\":\"https:\\\/\\\/stg.visualarq.com\\\/fr\\\/support\\\/contact-support\\\/\",\"url\":\"https:\\\/\\\/stg.visualarq.com\\\/fr\\\/support\\\/contact-support\\\/\",\"name\":\"Contacter le service d'assistance - VisualARQ\",\"isPartOf\":{\"@id\":\"https:\\\/\\\/stg.visualarq.com\\\/fr\\\/#website\"},\"datePublished\":\"2009-10-08T00:00:00+00:00\",\"dateModified\":\"2019-01-02T15:37:20+00:00\",\"breadcrumb\":{\"@id\":\"https:\\\/\\\/stg.visualarq.com\\\/fr\\\/support\\\/contact-support\\\/#breadcrumb\"},\"inLanguage\":\"fr-FR\",\"potentialAction\":[{\"@type\":\"ReadAction\",\"target\":[\"https:\\\/\\\/stg.visualarq.com\\\/fr\\\/support\\\/contact-support\\\/\"]}]},{\"@type\":\"BreadcrumbList\",\"@id\":\"https:\\\/\\\/stg.visualarq.com\\\/fr\\\/support\\\/contact-support\\\/#breadcrumb\",\"itemListElement\":[{\"@type\":\"ListItem\",\"position\":1,\"name\":\"Home\",\"item\":\"https:\\\/\\\/stg.visualarq.com\\\/fr\\\/home\\\/\"},{\"@type\":\"ListItem\",\"position\":2,\"name\":\"Assistance\",\"item\":\"https:\\\/\\\/stg.visualarq.com\\\/fr\\\/support\\\/\"},{\"@type\":\"ListItem\",\"position\":3,\"name\":\"Contacter le service d&#8217;assistance\"}]},{\"@type\":\"WebSite\",\"@id\":\"https:\\\/\\\/stg.visualarq.com\\\/fr\\\/#website\",\"url\":\"https:\\\/\\\/stg.visualarq.com\\\/fr\\\/\",\"name\":\"VisualARQ\",\"description\":\"Flexible BIM for Rhino\",\"potentialAction\":[{\"@type\":\"SearchAction\",\"target\":{\"@type\":\"EntryPoint\",\"urlTemplate\":\"https:\\\/\\\/stg.visualarq.com\\\/fr\\\/?s={search_term_string}\"},\"query-input\":{\"@type\":\"PropertyValueSpecification\",\"valueRequired\":true,\"valueName\":\"search_term_string\"}}],\"inLanguage\":\"fr-FR\"}]}<\/script>\n<!-- \/ Yoast SEO plugin. -->","yoast_head_json":{"title":"Contacter le service d'assistance - VisualARQ","robots":{"index":"noindex","follow":"follow","max-snippet":"max-snippet:-1","max-image-preview":"max-image-preview:large","max-video-preview":"max-video-preview:-1"},"og_locale":"fr_FR","og_type":"article","og_title":"Contacter le service d'assistance - VisualARQ","og_description":"Contacter le service d&rsquo;assistance Pour tout ce qui concerne l&rsquo;assistance technique et commerciale dans votre langue, veuillez contacter votre revendeur. Vous pouvez bien s\u00fbr nous contacter par e-mail ou par t\u00e9l\u00e9phone si vous avez une question sur VisualARQ ou si vous voulez partager des id\u00e9es avec nous et apporter des suggestions d&rsquo;am\u00e9lioration du programme. N&rsquo;h\u00e9sitez [&hellip;]","og_url":"https:\/\/stg.visualarq.com\/fr\/support\/contact-support\/","og_site_name":"VisualARQ","article_publisher":"https:\/\/www.facebook.com\/visualarq","article_modified_time":"2019-01-02T15:37:20+00:00","twitter_card":"summary_large_image","twitter_site":"@VisualARQ","schema":{"@context":"https:\/\/schema.org","@graph":[{"@type":"WebPage","@id":"https:\/\/stg.visualarq.com\/fr\/support\/contact-support\/","url":"https:\/\/stg.visualarq.com\/fr\/support\/contact-support\/","name":"Contacter le service d'assistance - VisualARQ","isPartOf":{"@id":"https:\/\/stg.visualarq.com\/fr\/#website"},"datePublished":"2009-10-08T00:00:00+00:00","dateModified":"2019-01-02T15:37:20+00:00","breadcrumb":{"@id":"https:\/\/stg.visualarq.com\/fr\/support\/contact-support\/#breadcrumb"},"inLanguage":"fr-FR","potentialAction":[{"@type":"ReadAction","target":["https:\/\/stg.visualarq.com\/fr\/support\/contact-support\/"]}]},{"@type":"BreadcrumbList","@id":"https:\/\/stg.visualarq.com\/fr\/support\/contact-support\/#breadcrumb","itemListElement":[{"@type":"ListItem","position":1,"name":"Home","item":"https:\/\/stg.visualarq.com\/fr\/home\/"},{"@type":"ListItem","position":2,"name":"Assistance","item":"https:\/\/stg.visualarq.com\/fr\/support\/"},{"@type":"ListItem","position":3,"name":"Contacter le service d&#8217;assistance"}]},{"@type":"WebSite","@id":"https:\/\/stg.visualarq.com\/fr\/#website","url":"https:\/\/stg.visualarq.com\/fr\/","name":"VisualARQ","description":"Flexible BIM for Rhino","potentialAction":[{"@type":"SearchAction","target":{"@type":"EntryPoint","urlTemplate":"https:\/\/stg.visualarq.com\/fr\/?s={search_term_string}"},"query-input":{"@type":"PropertyValueSpecification","valueRequired":true,"valueName":"search_term_string"}}],"inLanguage":"fr-FR"}]}},"_links":{"self":[{"href":"https:\/\/stg.visualarq.com\/fr\/wp-json\/wp\/v2\/pages\/11059","targetHints":{"allow":["GET"]}}],"collection":[{"href":"https:\/\/stg.visualarq.com\/fr\/wp-json\/wp\/v2\/pages"}],"about":[{"href":"https:\/\/stg.visualarq.com\/fr\/wp-json\/wp\/v2\/types\/page"}],"author":[{"embeddable":true,"href":"https:\/\/stg.visualarq.com\/fr\/wp-json\/wp\/v2\/users\/1"}],"replies":[{"embeddable":true,"href":"https:\/\/stg.visualarq.com\/fr\/wp-json\/wp\/v2\/comments?post=11059"}],"version-history":[{"count":0,"href":"https:\/\/stg.visualarq.com\/fr\/wp-json\/wp\/v2\/pages\/11059\/revisions"}],"up":[{"embeddable":true,"href":"https:\/\/stg.visualarq.com\/fr\/wp-json\/wp\/v2\/pages\/11027"}],"wp:attachment":[{"href":"https:\/\/stg.visualarq.com\/fr\/wp-json\/wp\/v2\/media?parent=11059"}],"curies":[{"name":"wp","href":"https:\/\/api.w.org\/{rel}","templated":true}]}}