{"id":11066,"date":"2011-01-21T00:00:00","date_gmt":"2011-01-21T00:00:00","guid":{"rendered":"https:\/\/stg.visualarq.com\/legal\/privacy-policy\/"},"modified":"2026-01-14T10:33:54","modified_gmt":"2026-01-14T10:33:54","slug":"privacy-policy","status":"publish","type":"page","link":"https:\/\/stg.visualarq.com\/fr\/legal\/privacy-policy\/","title":{"rendered":"Politique de confidentialit\u00e9"},"content":{"rendered":"[et_pb_section fb_built=\u00a0\u00bb1&Prime; admin_label=\u00a0\u00bbsection\u00a0\u00bb _builder_version=\u00a0\u00bb4.16&Prime; da_disable_devices=\u00a0\u00bboff|off|off\u00a0\u00bb global_colors_info=\u00a0\u00bb{}\u00a0\u00bb da_is_popup=\u00a0\u00bboff\u00a0\u00bb da_exit_intent=\u00a0\u00bboff\u00a0\u00bb da_has_close=\u00a0\u00bbon\u00a0\u00bb da_alt_close=\u00a0\u00bboff\u00a0\u00bb da_dark_close=\u00a0\u00bboff\u00a0\u00bb da_not_modal=\u00a0\u00bbon\u00a0\u00bb da_is_singular=\u00a0\u00bboff\u00a0\u00bb da_with_loader=\u00a0\u00bboff\u00a0\u00bb da_has_shadow=\u00a0\u00bbon\u00a0\u00bb][et_pb_row admin_label=\u00a0\u00bbrow\u00a0\u00bb _builder_version=\u00a0\u00bb4.16&Prime; background_size=\u00a0\u00bbinitial\u00a0\u00bb background_position=\u00a0\u00bbtop_left\u00a0\u00bb background_repeat=\u00a0\u00bbrepeat\u00a0\u00bb global_colors_info=\u00a0\u00bb{}\u00a0\u00bb][et_pb_column type=\u00a0\u00bb4_4&Prime; _builder_version=\u00a0\u00bb4.16&Prime; custom_padding=\u00a0\u00bb|||\u00a0\u00bb global_colors_info=\u00a0\u00bb{}\u00a0\u00bb custom_padding__hover=\u00a0\u00bb|||\u00a0\u00bb][et_pb_text admin_label=\u00a0\u00bbText\u00a0\u00bb _builder_version=\u00a0\u00bb4.27.5&Prime; background_size=\u00a0\u00bbinitial\u00a0\u00bb background_position=\u00a0\u00bbtop_left\u00a0\u00bb background_repeat=\u00a0\u00bbrepeat\u00a0\u00bb hover_enabled=\u00a0\u00bb0&Prime; global_colors_info=\u00a0\u00bb{}\u00a0\u00bb sticky_enabled=\u00a0\u00bb0&Prime;]<h1>Politique de confidentialit\u00e9<\/h1><br><p><em>Mise \u00e0 jour\u00a0: 07 avril 2025<\/em><\/p>[\/et_pb_text][et_pb_text admin_label=\u00a0\u00bbText\u00a0\u00bb _builder_version=\u00a0\u00bb4.24.3&Prime; background_size=\u00a0\u00bbinitial\u00a0\u00bb background_position=\u00a0\u00bbtop_left\u00a0\u00bb background_repeat=\u00a0\u00bbrepeat\u00a0\u00bb global_colors_info=\u00a0\u00bb{}\u00a0\u00bb]Nous sommes une entreprise dans laquelle la transparence de l&rsquo;information est essentielle pour \u00e9tablir des relations de confiance avec les personnes qui composent notre projet et avec nos fournisseurs et clients. De plus, la protection des donn\u00e9es personnelles de ceux qui nous font confiance est pour nous d&rsquo;une importance vitale. Par cons\u00e9quent, nous souhaitons que cette politique de confidentialit\u00e9 vous informe sur la mani\u00e8re dont nous collectons, traitons et utilisons les donn\u00e9es.<br><br>La pr\u00e9sente politique de confidentialit\u00e9 et de protection des donn\u00e9es personnelles \u00e9tablit les bases sur lesquelles l&rsquo;entreprise se fonde pour traiter les donn\u00e9es personnelles que nos utilisateurs nous envoient volontairement \u00e0 travers site web.<br><br>La pr\u00e9sente politique de confidentialit\u00e9 s&rsquo;applique lorsque l&rsquo;entreprise recueille vos donn\u00e9es personnelles par le biais des diff\u00e9rents formulaires de contact disponibles sur ce site web. Lors du traitement de vos donn\u00e9es personnelles, l&rsquo;entreprise agira en tant que responsable des donn\u00e9es. <br> [\/et_pb_text][et_pb_text admin_label=\u00a0\u00bbText\u00a0\u00bb _builder_version=\u00a0\u00bb4.24.3&Prime; background_size=\u00a0\u00bbinitial\u00a0\u00bb background_position=\u00a0\u00bbtop_left\u00a0\u00bb background_repeat=\u00a0\u00bbrepeat\u00a0\u00bb global_colors_info=\u00a0\u00bb{}\u00a0\u00bb]<h3>NOTRE ENGAGEMENT<\/h3><br><ul>\r\n<li>Respecter la vie priv\u00e9e de nos utilisateurs et traiter leurs donn\u00e9es personnelles avec leur consentement.<\/li>\r\n<li>Traiter les donn\u00e9es personnelles dont nous avons strictement besoin pour fournir le service demand\u00e9 et traiter les donn\u00e9es de mani\u00e8re s\u00fbre et confidentielle, en prenant les mesures n\u00e9cessaires pour emp\u00eacher l&rsquo;acc\u00e8s non autoris\u00e9 \u00e0 ces donn\u00e9es ainsi que leur utilisation inappropri\u00e9e.<\/li>\r\n<li>Ne pas utiliser des donn\u00e9es personnelles \u00e0 des fins pour lesquelles nous n&rsquo;avons pas obtenu de consentement pr\u00e9alable.<\/li>\r\n<li>Ne pas envoyer d&rsquo;informations personnelles \u00e0 des tiers ni partager ces donn\u00e9es.<\/li>\r\n<li>Conserver les donn\u00e9es personnelles pendant la dur\u00e9e strictement n\u00e9cessaire aux fins sp\u00e9cifiques pour lesquelles elles ont \u00e9t\u00e9 fournies, en r\u00e9visant r\u00e9guli\u00e8rement ces besoins et en supprimant les donn\u00e9es qui ne sont pas n\u00e9cessaires.<\/li>\r\n<\/ul>[\/et_pb_text][et_pb_text _builder_version=\u00a0\u00bb4.24.3&Prime; _module_preset=\u00a0\u00bbdefault\u00a0\u00bb global_colors_info=\u00a0\u00bb{}\u00a0\u00bb]<h3>QUI EST LE RESPONSABLE DES DONN\u00c9ES\u00a0?<\/h3><br><table border=\"1\" style=\"border-collapse: collapse; width: 100%;\">\r\n<tbody>\r\n<tr>\r\n<td style=\"width: 50%;\">Nom de l&rsquo;entreprise<\/td>\r\n<td style=\"width: 50%;\">Asuni Soft S.L.<\/td>\r\n<\/tr>\r\n<tr>\r\n<td style=\"width: 50%;\">Num\u00e9ro d&rsquo;identification fiscale<\/td>\r\n<td style=\"width: 50%;\">ESB62897731<\/td>\r\n<\/tr>\r\n<tr>\r\n<td style=\"width: 50%;\">Adresse<\/td>\r\n<td style=\"width: 50%;\">Roger de Flor, 32-34<\/td>\r\n<\/tr>\r\n<tr>\r\n<td style=\"width: 50%;\">CP<\/td>\r\n<td style=\"width: 50%;\">08018<\/td>\r\n<\/tr>\r\n<tr>\r\n<td style=\"width: 50%;\">Ville<\/td>\r\n<td style=\"width: 50%;\">Barcelone<\/td>\r\n<\/tr>\r\n<tr>\r\n<td style=\"width: 50%;\">Pays<\/td>\r\n<td style=\"width: 50%;\">ESPAGNE<\/td>\r\n<\/tr>\r\n<\/tbody>\r\n<\/table>[\/et_pb_text][et_pb_text _builder_version=\u00a0\u00bb4.24.3&Prime; _module_preset=\u00a0\u00bbdefault\u00a0\u00bb global_colors_info=\u00a0\u00bb{}\u00a0\u00bb]<h3>QUE SONT LES DONN\u00c9ES PERSONNELLES ET QU&rsquo;EST-CE QUE LE TRAITEMENT DES DONN\u00c9ES PERSONNELLES\u00a0?<\/h3><br><p>Les donn\u00e9es personnelles d\u00e9signent toutes les informations se rapportant \u00e0 une personne physique identifi\u00e9e ou identifiable (\u00ab\u00a0personne concern\u00e9e\u00a0\u00bb)\u00a0; une personne physique identifiable est une personne qui peut \u00eatre identifi\u00e9e, directement ou indirectement, notamment par r\u00e9f\u00e9rence \u00e0 un identifiant tel qu&rsquo;un nom, un num\u00e9ro d&rsquo;identification, des donn\u00e9es de localisation, un identifiant en ligne ou \u00e0 un ou plusieurs \u00e9l\u00e9ments sp\u00e9cifiques propres \u00e0 l&rsquo;identit\u00e9 physique, physiologique, g\u00e9n\u00e9tique, psychique, \u00e9conomique, culturelle ou sociale de cette personne physique.<\/p><br><p>En outre, le traitement d\u00e9signe toute op\u00e9ration ou tout ensemble d&rsquo;op\u00e9rations effectu\u00e9es ou non \u00e0 l&rsquo;aide de proc\u00e9d\u00e9s automatis\u00e9s et appliqu\u00e9es \u00e0 des donn\u00e9es ou des ensembles de donn\u00e9es \u00e0 caract\u00e8re personnel, telles que la collecte, l&rsquo;enregistrement, l&rsquo;organisation, la structuration, la conservation, l&rsquo;adaptation ou la modification, l&rsquo;extraction, la consultation, l&rsquo;utilisation, la communication par transmission, la diffusion ou toute autre forme de mise \u00e0 disposition, le rapprochement ou l&rsquo;interconnexion, la limitation, l&rsquo;effacement ou la destruction.<\/p>[\/et_pb_text][et_pb_text _builder_version=\u00a0\u00bb4.24.3&Prime; _module_preset=\u00a0\u00bbdefault\u00a0\u00bb global_colors_info=\u00a0\u00bb{}\u00a0\u00bb]<h3>COMMENT TRAITONS-NOUS LES DONN\u00c9ES ET \u00c0 QUELLES FINS\u00a0?<\/h3><br><ul>\r\n\t<li>Demande d&rsquo;informations de l&rsquo;utilisateur. Pour g\u00e9rer les demandes d&rsquo;informations envoy\u00e9es par l&rsquo;utilisateur via le formulaire de contact, le formulaire de candidature et\/ou via l&rsquo;adresse \u00e9lectronique, l&rsquo;adresse postale et le num\u00e9ro de t\u00e9l\u00e9phone figurant sur le site web.<\/li>\r\n\t<li>S&rsquo;abonner aux bulletins d&rsquo;informations. Pour g\u00e9rer l&rsquo;abonnement aux bulletins d&rsquo;information.<\/li>\r\n<\/ul>[\/et_pb_text][et_pb_text _builder_version=\u00a0\u00bb4.24.3&Prime; _module_preset=\u00a0\u00bbdefault\u00a0\u00bb global_colors_info=\u00a0\u00bb{}\u00a0\u00bb]<h3>QUELLES INFORMATIONS PERSONNELLES RECUEILLONS-NOUS\u00a0?<\/h3><br><p>Par le biais de notre site web, nous pouvons collecter des donn\u00e9es \u00e0 caract\u00e8re personnel \u00e0 diff\u00e9rentes fins\u00a0:<\/p><br><ul>\r\n<li>Demande d&rsquo;informations de l&rsquo;utilisateur. Nous collecterons les donn\u00e9es personnelles que vous nous avez fournies afin de r\u00e9pondre \u00e0 votre demande.<\/li>\r\n<li>S&rsquo;abonner aux bulletins d&rsquo;informations. Nous collecterons votre adresse e-mail.<\/li>\r\n<\/ul><br><p>En fonction de la finalit\u00e9 pour laquelle les donn\u00e9es sont fournies, seules les donn\u00e9es strictement n\u00e9cessaires seront demand\u00e9es.<\/p><br><p>Il est important que l&rsquo;utilisateur connaisse les donn\u00e9es fournies et la finalit\u00e9 pour laquelle elles sont fournies car, ce faisant, il nous autorise \u00e0 collecter, stocker et utiliser ces donn\u00e9es pour la finalit\u00e9 requise et il peut \u00e0 tout moment retirer le consentement fourni par les voies appropri\u00e9es, le consentement de l&rsquo;int\u00e9ress\u00e9 \u00e9tant la base juridique et la l\u00e9gitimit\u00e9 du traitement de ses donn\u00e9es \u00e0 caract\u00e8re personnel.<\/p>[\/et_pb_text][et_pb_text _builder_version=\u00a0\u00bb4.24.3&Prime; _module_preset=\u00a0\u00bbdefault\u00a0\u00bb global_colors_info=\u00a0\u00bb{}\u00a0\u00bb]<h3>QUELLE EST LA BASE L\u00c9GITIME DU TRAITEMENT DE VOS DONN\u00c9ES PERSONNELLES\u00a0?<\/h3><br><p>Conform\u00e9ment \u00e0 la r\u00e9glementation applicable en mati\u00e8re de protection des donn\u00e9es, nous devons nous fonder sur base l\u00e9gitime pour traiter vos donn\u00e9es personnelles. La base l\u00e9gitime dans ce cas est votre consentement.<\/p>[\/et_pb_text][et_pb_text _builder_version=\u00a0\u00bb4.24.3&Prime; _module_preset=\u00a0\u00bbdefault\u00a0\u00bb global_colors_info=\u00a0\u00bb{}\u00a0\u00bb]<h3>QUELS DROITS AVEZ-VOUS SUR LES DONN\u00c9ES PERSONNELLES QUE VOUS FOURNISSEZ\u00a0?<\/h3><br><p>En tant qu&rsquo;utilisateur, vous pouvez exercer les droits suivants\u00a0:<\/p><br><ul>\r\n<li><strong>Droit d&rsquo;acc\u00e8s\u00a0<\/strong>: vous avez le droit d&rsquo;obtenir de l&rsquo;entreprise la confirmation que des donn\u00e9es \u00e0 caract\u00e8re personnel vous concernant font l&rsquo;objet d&rsquo;un traitement et, le cas \u00e9ch\u00e9ant, d&rsquo;acc\u00e9der \u00e0 ces donn\u00e9es.<\/li>\r\n<li><strong>Droit de rectification\u00a0<\/strong>: vous avez le droit d&rsquo;obtenir de l&rsquo;entreprise la rectification des donn\u00e9es personnelles inexactes vous concernant, et ce dans les meilleurs d\u00e9lais. Dans la demande de rectification, vous devez pr\u00e9ciser les donn\u00e9es \u00e0 caract\u00e8re personnel que vous souhaitez rectifier.<\/li>\r\n<li><strong>Droit d&rsquo;objection\u00a0<\/strong>: vous avez le droit de vous opposer \u00e0 tout moment, pour des raisons tenant \u00e0 votre situation particuli\u00e8re, \u00e0 un traitement des donn\u00e9es personnelles vous concernant qui serait fond\u00e9 sur l&rsquo;int\u00e9r\u00eat l\u00e9gitime. L&rsquo;entreprise ne devra alors plus traiter les donn\u00e9es personnelles, \u00e0 moins qu&rsquo;elle ne d\u00e9montre l&rsquo;existence de motifs l\u00e9gitimes imp\u00e9rieux pour le traitement qui pr\u00e9valent sur l&rsquo;int\u00e9r\u00eat, les droits et les libert\u00e9s de la personne concern\u00e9e, ou pour la constatation, l&rsquo;exercice ou la d\u00e9fense de droits en justice.<\/li>\r\n<li><strong>Droit d&rsquo;effacement\u00a0<\/strong>: vous avez le droit d&rsquo;obtenir de l&rsquo;entreprise l&rsquo;effacement des donn\u00e9es personnelles vous concernant.<\/li>\r\n<li><strong>Droit \u00e0 la portabilit\u00e9 des donn\u00e9es\u00a0<\/strong>: vous avez le droit de recevoir les donn\u00e9es personnelles vous concernant que vous avez fournies \u00e0 l&rsquo;entreprise dans un format structur\u00e9, couramment utilis\u00e9 et lisible par machine, et vous avez le droit de transmettre ces donn\u00e9es \u00e0 un autre responsable du traitement sans entrave de la part du responsable du traitement auquel les donn\u00e9es \u00e0 caract\u00e8re personnel ont \u00e9t\u00e9 fournies.<\/li>\r\n<li><strong>Droit \u00e0 la limitation du traitement\u00a0<\/strong>: Vous avez le droit d&rsquo;obtenir de l&rsquo;entreprise la limitation du traitement quand\u00a0: l&rsquo;exactitude des donn\u00e9es personnelles est contest\u00e9e par la personne concern\u00e9e ; le traitement est illicite et la personne concern\u00e9e s&rsquo;oppose \u00e0 l&rsquo;effacement des donn\u00e9es personnelles et demande \u00e0 la place la limitation de leur utilisation ; le responsable du traitement n&rsquo;a plus besoin des donn\u00e9es personnelles aux fins du traitement, mais elles sont requises par la personne concern\u00e9e pour la constatation, l&rsquo;exercice ou la d\u00e9fense d&rsquo;un droit en justice.<\/li>\r\n<\/ul><br><p>Vous pouvez exercer vos droits en envoyant une demande \u00e0 l&rsquo;adresse indiqu\u00e9e ci-dessus ou par courrier \u00e9lectronique \u00e0 l&rsquo;adresse suivante : privacy@asuni.com.<br \/>Vous devez joindre \u00e0 votre demande une copie de votre pi\u00e8ce d&rsquo;identit\u00e9.<\/p><br><p>De m\u00eame, nous vous informons que si vous n&rsquo;\u00eates pas satisfait de notre r\u00e9ponse, vous pouvez d\u00e9poser une plainte aupr\u00e8s de l&rsquo;autorit\u00e9 comp\u00e9tente (<em>Agencia Espa\u00f1ola de Protecci\u00f3n de Datos<\/em>).<\/p>[\/et_pb_text][et_pb_text _builder_version=\u00a0\u00bb4.24.3&Prime; _module_preset=\u00a0\u00bbdefault\u00a0\u00bb global_colors_info=\u00a0\u00bb{}\u00a0\u00bb]<h3>S\u00c9CURIT\u00c9 ET STOCKAGE DES DONN\u00c9ES<\/h3><br><p>Nous conserverons les donn\u00e9es pendant la dur\u00e9e strictement n\u00e9cessaire pour fournir le service demand\u00e9 et tant que la personne concern\u00e9e ne demande pas leur suppression, en adoptant les mesures techniques et organisationnelles appropri\u00e9es contre le traitement non autoris\u00e9 ou ill\u00e9gal et contre la perte, la destruction ou les dommages accidentels, et en faisant tout ce qui est possible pour prot\u00e9ger et conserver les donn\u00e9es en toute s\u00e9curit\u00e9.<\/p>[\/et_pb_text][et_pb_text _builder_version=\u00a0\u00bb4.24.3&Prime; _module_preset=\u00a0\u00bbdefault\u00a0\u00bb global_colors_info=\u00a0\u00bb{}\u00a0\u00bb]<h3>DESTINATAIRES DES DONN\u00c9ES PERSONNELLES\u00a0:<\/h3><br><p>L&rsquo;entreprise ne communique pas vos donn\u00e9es personnelles \u00e0 des tiers, sauf en cas d&rsquo;obligation l\u00e9gale ou si cela est n\u00e9cessaire pour fournir le service demand\u00e9.<\/p><br><p>Les transferts internationaux de donn\u00e9es \u00e0 caract\u00e8re personnel ne sont pas pr\u00e9vus.<\/p>[\/et_pb_text][et_pb_text _builder_version=\u00a0\u00bb4.27.0&Prime; _module_preset=\u00a0\u00bbdefault\u00a0\u00bb global_colors_info=\u00a0\u00bb{}\u00a0\u00bb]<p><a href=\"https:\/\/stg.visualarq.com\/fr\/legal\/cookie-policy\/\"><strong>Politique concernant les cookies<\/strong><\/a><\/p>[\/et_pb_text][\/et_pb_column][\/et_pb_row][\/et_pb_section]","protected":false},"excerpt":{"rendered":"<p>Politique de confidentialit\u00e9Mise \u00e0 jour\u00a0: 07 avril 2025Nous sommes une entreprise dans laquelle la transparence de l&rsquo;information est essentielle pour \u00e9tablir des relations de confiance avec les personnes qui composent notre projet et avec nos fournisseurs et clients. De plus, la protection des donn\u00e9es personnelles de ceux qui nous font confiance est pour nous d&rsquo;une [&hellip;]<\/p>\n","protected":false},"author":1,"featured_media":0,"parent":11064,"menu_order":110,"comment_status":"closed","ping_status":"closed","template":"","meta":{"_et_pb_use_builder":"on","_et_pb_old_content":"","_et_gb_content_width":"","footnotes":""},"class_list":["post-11066","page","type-page","status-publish","hentry"],"yoast_head":"<!-- This site is optimized with the Yoast SEO plugin v27.3 - https:\/\/yoast.com\/product\/yoast-seo-wordpress\/ -->\n<title>Politique de confidentialit\u00e9 - VisualARQ<\/title>\n<meta name=\"robots\" content=\"noindex, follow, max-snippet:-1, max-image-preview:large, max-video-preview:-1\" \/>\n<meta property=\"og:locale\" content=\"fr_FR\" \/>\n<meta property=\"og:type\" content=\"article\" \/>\n<meta property=\"og:title\" content=\"Politique de confidentialit\u00e9 - VisualARQ\" \/>\n<meta property=\"og:description\" content=\"Politique de confidentialit\u00e9Mise \u00e0 jour\u00a0: 07 avril 2025Nous sommes une entreprise dans laquelle la transparence de l&#039;information est essentielle pour \u00e9tablir des relations de confiance avec les personnes qui composent notre projet et avec nos fournisseurs et clients. De plus, la protection des donn\u00e9es personnelles de ceux qui nous font confiance est pour nous d&#039;une [&hellip;]\" \/>\n<meta property=\"og:url\" content=\"https:\/\/stg.visualarq.com\/fr\/legal\/privacy-policy\/\" \/>\n<meta property=\"og:site_name\" content=\"VisualARQ\" \/>\n<meta property=\"article:publisher\" content=\"https:\/\/www.facebook.com\/visualarq\" \/>\n<meta property=\"article:modified_time\" content=\"2026-01-14T10:33:54+00:00\" \/>\n<meta name=\"twitter:card\" content=\"summary_large_image\" \/>\n<meta name=\"twitter:site\" content=\"@VisualARQ\" \/>\n<meta name=\"twitter:label1\" content=\"Dur\u00e9e de lecture estim\u00e9e\" \/>\n\t<meta name=\"twitter:data1\" content=\"8 minutes\" \/>\n<script type=\"application\/ld+json\" class=\"yoast-schema-graph\">{\"@context\":\"https:\\\/\\\/schema.org\",\"@graph\":[{\"@type\":\"WebPage\",\"@id\":\"https:\\\/\\\/stg.visualarq.com\\\/fr\\\/legal\\\/privacy-policy\\\/\",\"url\":\"https:\\\/\\\/stg.visualarq.com\\\/fr\\\/legal\\\/privacy-policy\\\/\",\"name\":\"Politique de confidentialit\u00e9 - VisualARQ\",\"isPartOf\":{\"@id\":\"https:\\\/\\\/stg.visualarq.com\\\/fr\\\/#website\"},\"datePublished\":\"2011-01-21T00:00:00+00:00\",\"dateModified\":\"2026-01-14T10:33:54+00:00\",\"breadcrumb\":{\"@id\":\"https:\\\/\\\/stg.visualarq.com\\\/fr\\\/legal\\\/privacy-policy\\\/#breadcrumb\"},\"inLanguage\":\"fr-FR\",\"potentialAction\":[{\"@type\":\"ReadAction\",\"target\":[\"https:\\\/\\\/stg.visualarq.com\\\/fr\\\/legal\\\/privacy-policy\\\/\"]}]},{\"@type\":\"BreadcrumbList\",\"@id\":\"https:\\\/\\\/stg.visualarq.com\\\/fr\\\/legal\\\/privacy-policy\\\/#breadcrumb\",\"itemListElement\":[{\"@type\":\"ListItem\",\"position\":1,\"name\":\"Home\",\"item\":\"https:\\\/\\\/stg.visualarq.com\\\/fr\\\/home\\\/\"},{\"@type\":\"ListItem\",\"position\":2,\"name\":\"L\u00e9gal\",\"item\":\"https:\\\/\\\/stg.visualarq.com\\\/fr\\\/legal\\\/\"},{\"@type\":\"ListItem\",\"position\":3,\"name\":\"Politique de confidentialit\u00e9\"}]},{\"@type\":\"WebSite\",\"@id\":\"https:\\\/\\\/stg.visualarq.com\\\/fr\\\/#website\",\"url\":\"https:\\\/\\\/stg.visualarq.com\\\/fr\\\/\",\"name\":\"VisualARQ\",\"description\":\"Flexible BIM for Rhino\",\"potentialAction\":[{\"@type\":\"SearchAction\",\"target\":{\"@type\":\"EntryPoint\",\"urlTemplate\":\"https:\\\/\\\/stg.visualarq.com\\\/fr\\\/?s={search_term_string}\"},\"query-input\":{\"@type\":\"PropertyValueSpecification\",\"valueRequired\":true,\"valueName\":\"search_term_string\"}}],\"inLanguage\":\"fr-FR\"}]}<\/script>\n<!-- \/ Yoast SEO plugin. -->","yoast_head_json":{"title":"Politique de confidentialit\u00e9 - VisualARQ","robots":{"index":"noindex","follow":"follow","max-snippet":"max-snippet:-1","max-image-preview":"max-image-preview:large","max-video-preview":"max-video-preview:-1"},"og_locale":"fr_FR","og_type":"article","og_title":"Politique de confidentialit\u00e9 - VisualARQ","og_description":"Politique de confidentialit\u00e9Mise \u00e0 jour\u00a0: 07 avril 2025Nous sommes une entreprise dans laquelle la transparence de l'information est essentielle pour \u00e9tablir des relations de confiance avec les personnes qui composent notre projet et avec nos fournisseurs et clients. De plus, la protection des donn\u00e9es personnelles de ceux qui nous font confiance est pour nous d'une [&hellip;]","og_url":"https:\/\/stg.visualarq.com\/fr\/legal\/privacy-policy\/","og_site_name":"VisualARQ","article_publisher":"https:\/\/www.facebook.com\/visualarq","article_modified_time":"2026-01-14T10:33:54+00:00","twitter_card":"summary_large_image","twitter_site":"@VisualARQ","twitter_misc":{"Dur\u00e9e de lecture estim\u00e9e":"8 minutes"},"schema":{"@context":"https:\/\/schema.org","@graph":[{"@type":"WebPage","@id":"https:\/\/stg.visualarq.com\/fr\/legal\/privacy-policy\/","url":"https:\/\/stg.visualarq.com\/fr\/legal\/privacy-policy\/","name":"Politique de confidentialit\u00e9 - VisualARQ","isPartOf":{"@id":"https:\/\/stg.visualarq.com\/fr\/#website"},"datePublished":"2011-01-21T00:00:00+00:00","dateModified":"2026-01-14T10:33:54+00:00","breadcrumb":{"@id":"https:\/\/stg.visualarq.com\/fr\/legal\/privacy-policy\/#breadcrumb"},"inLanguage":"fr-FR","potentialAction":[{"@type":"ReadAction","target":["https:\/\/stg.visualarq.com\/fr\/legal\/privacy-policy\/"]}]},{"@type":"BreadcrumbList","@id":"https:\/\/stg.visualarq.com\/fr\/legal\/privacy-policy\/#breadcrumb","itemListElement":[{"@type":"ListItem","position":1,"name":"Home","item":"https:\/\/stg.visualarq.com\/fr\/home\/"},{"@type":"ListItem","position":2,"name":"L\u00e9gal","item":"https:\/\/stg.visualarq.com\/fr\/legal\/"},{"@type":"ListItem","position":3,"name":"Politique de confidentialit\u00e9"}]},{"@type":"WebSite","@id":"https:\/\/stg.visualarq.com\/fr\/#website","url":"https:\/\/stg.visualarq.com\/fr\/","name":"VisualARQ","description":"Flexible BIM for Rhino","potentialAction":[{"@type":"SearchAction","target":{"@type":"EntryPoint","urlTemplate":"https:\/\/stg.visualarq.com\/fr\/?s={search_term_string}"},"query-input":{"@type":"PropertyValueSpecification","valueRequired":true,"valueName":"search_term_string"}}],"inLanguage":"fr-FR"}]}},"_links":{"self":[{"href":"https:\/\/stg.visualarq.com\/fr\/wp-json\/wp\/v2\/pages\/11066","targetHints":{"allow":["GET"]}}],"collection":[{"href":"https:\/\/stg.visualarq.com\/fr\/wp-json\/wp\/v2\/pages"}],"about":[{"href":"https:\/\/stg.visualarq.com\/fr\/wp-json\/wp\/v2\/types\/page"}],"author":[{"embeddable":true,"href":"https:\/\/stg.visualarq.com\/fr\/wp-json\/wp\/v2\/users\/1"}],"replies":[{"embeddable":true,"href":"https:\/\/stg.visualarq.com\/fr\/wp-json\/wp\/v2\/comments?post=11066"}],"version-history":[{"count":3,"href":"https:\/\/stg.visualarq.com\/fr\/wp-json\/wp\/v2\/pages\/11066\/revisions"}],"predecessor-version":[{"id":42961,"href":"https:\/\/stg.visualarq.com\/fr\/wp-json\/wp\/v2\/pages\/11066\/revisions\/42961"}],"up":[{"embeddable":true,"href":"https:\/\/stg.visualarq.com\/fr\/wp-json\/wp\/v2\/pages\/11064"}],"wp:attachment":[{"href":"https:\/\/stg.visualarq.com\/fr\/wp-json\/wp\/v2\/media?parent=11066"}],"curies":[{"name":"wp","href":"https:\/\/api.w.org\/{rel}","templated":true}]}}