{"id":11074,"date":"2011-01-12T00:00:00","date_gmt":"2011-01-12T00:00:00","guid":{"rendered":"https:\/\/stg.visualarq.com\/learn\/online-demo\/"},"modified":"2022-06-07T15:02:05","modified_gmt":"2022-06-07T15:02:05","slug":"online-demo","status":"publish","type":"page","link":"https:\/\/stg.visualarq.com\/fr\/learn\/online-demo\/","title":{"rendered":"D\u00e9monstration en ligne"},"content":{"rendered":"<h1>Demandez une d\u00e9monstration en ligne gratuite<\/h1>\n<ul>\n<li><a href=\"mailto:visualarq@asuni.com\"><strong>Contactez-nous<\/strong><\/a> pour organiser une r\u00e9union en ligne et r\u00e9aliser une pr\u00e9sentation de VisualARQ. Nous vous recontacterons pour d\u00e9finir une date et une heure.<\/li>\n<li>C&rsquo;est la fa\u00e7on la plus simple et la plus rapide de d\u00e9couvrir les principales fonctions de VisualARQ.<\/li>\n<li>Vous pourrez poser des questions, partager vos id\u00e9es et demander tout ce que vous voulez savoir sur VisualARQ.<\/li>\n<li>Les pr\u00e9sentations se font par Zoom. Apr\u00e8s avoir choisi une date et une heure, un lien vous sera envoy\u00e9 et vous n&rsquo;aurez rien \u00e0 installer. Seules une connexion ADSL et une ligne t\u00e9l\u00e9phonique fixe seront n\u00e9cessaires.<\/li>\n<\/ul>\n<p style=\"text-align: center;\"><img decoding=\"async\" class=\"size-full wp-image-2098 aligncenter\" alt=\"\" src=\"https:\/\/stg.visualarq.com\/wp-content\/uploads\/sites\/2\/2011\/09\/live-demo-2.jpg\" \/><\/p>\n<hr class=\"separator\">\n<h1>Webinaires de VisualARQ<\/h1>\n<p>Si vous ne pouvez pas attendre pour organiser une s\u00e9ance en ligne et si vous d\u00e9sirez voir un aper\u00e7u des derni\u00e8res fonctions de VisualARQ, <a href=\"https:\/\/stg.visualarq.com\/fr\/learn\/webinars\/\">cliquez ici pour voir les derniers webinaires de VisualARQ enregistr\u00e9s.<\/a><\/p>","protected":false},"excerpt":{"rendered":"<p>Demandez une d\u00e9monstration en ligne gratuite<\/p>\n","protected":false},"author":6,"featured_media":0,"parent":11120,"menu_order":0,"comment_status":"closed","ping_status":"closed","template":"","meta":{"_et_pb_use_builder":"","_et_pb_old_content":"","_et_gb_content_width":"","footnotes":""},"class_list":["post-11074","page","type-page","status-publish","hentry"],"yoast_head":"<!-- This site is optimized with the Yoast SEO plugin v27.3 - https:\/\/yoast.com\/product\/yoast-seo-wordpress\/ -->\n<title>D\u00e9monstration en ligne - VisualARQ<\/title>\n<meta name=\"robots\" content=\"noindex, follow, max-snippet:-1, max-image-preview:large, max-video-preview:-1\" \/>\n<meta property=\"og:locale\" content=\"fr_FR\" \/>\n<meta property=\"og:type\" content=\"article\" \/>\n<meta property=\"og:title\" content=\"D\u00e9monstration en ligne - VisualARQ\" \/>\n<meta property=\"og:description\" content=\"Demandez une d\u00e9monstration en ligne gratuite\" \/>\n<meta property=\"og:url\" content=\"https:\/\/stg.visualarq.com\/fr\/learn\/online-demo\/\" \/>\n<meta property=\"og:site_name\" content=\"VisualARQ\" \/>\n<meta property=\"article:publisher\" content=\"https:\/\/www.facebook.com\/visualarq\" \/>\n<meta property=\"article:modified_time\" content=\"2022-06-07T15:02:05+00:00\" \/>\n<meta property=\"og:image\" content=\"https:\/\/stg.visualarq.com\/wp-content\/uploads\/sites\/2\/2011\/09\/live-demo-2.jpg\" \/>\n<meta name=\"twitter:card\" content=\"summary_large_image\" \/>\n<meta name=\"twitter:site\" content=\"@VisualARQ\" \/>\n<meta name=\"twitter:label1\" content=\"Dur\u00e9e de lecture estim\u00e9e\" \/>\n\t<meta name=\"twitter:data1\" content=\"1 minute\" \/>\n<script type=\"application\/ld+json\" class=\"yoast-schema-graph\">{\"@context\":\"https:\\\/\\\/schema.org\",\"@graph\":[{\"@type\":\"WebPage\",\"@id\":\"https:\\\/\\\/stg.visualarq.com\\\/fr\\\/learn\\\/online-demo\\\/\",\"url\":\"https:\\\/\\\/stg.visualarq.com\\\/fr\\\/learn\\\/online-demo\\\/\",\"name\":\"D\u00e9monstration en ligne - VisualARQ\",\"isPartOf\":{\"@id\":\"https:\\\/\\\/stg.visualarq.com\\\/fr\\\/#website\"},\"primaryImageOfPage\":{\"@id\":\"https:\\\/\\\/stg.visualarq.com\\\/fr\\\/learn\\\/online-demo\\\/#primaryimage\"},\"image\":{\"@id\":\"https:\\\/\\\/stg.visualarq.com\\\/fr\\\/learn\\\/online-demo\\\/#primaryimage\"},\"thumbnailUrl\":\"https:\\\/\\\/stg.visualarq.com\\\/wp-content\\\/uploads\\\/sites\\\/2\\\/2011\\\/09\\\/live-demo-2.jpg\",\"datePublished\":\"2011-01-12T00:00:00+00:00\",\"dateModified\":\"2022-06-07T15:02:05+00:00\",\"breadcrumb\":{\"@id\":\"https:\\\/\\\/stg.visualarq.com\\\/fr\\\/learn\\\/online-demo\\\/#breadcrumb\"},\"inLanguage\":\"fr-FR\",\"potentialAction\":[{\"@type\":\"ReadAction\",\"target\":[\"https:\\\/\\\/stg.visualarq.com\\\/fr\\\/learn\\\/online-demo\\\/\"]}]},{\"@type\":\"ImageObject\",\"inLanguage\":\"fr-FR\",\"@id\":\"https:\\\/\\\/stg.visualarq.com\\\/fr\\\/learn\\\/online-demo\\\/#primaryimage\",\"url\":\"https:\\\/\\\/stg.visualarq.com\\\/wp-content\\\/uploads\\\/sites\\\/2\\\/2011\\\/09\\\/live-demo-2.jpg\",\"contentUrl\":\"https:\\\/\\\/stg.visualarq.com\\\/wp-content\\\/uploads\\\/sites\\\/2\\\/2011\\\/09\\\/live-demo-2.jpg\"},{\"@type\":\"BreadcrumbList\",\"@id\":\"https:\\\/\\\/stg.visualarq.com\\\/fr\\\/learn\\\/online-demo\\\/#breadcrumb\",\"itemListElement\":[{\"@type\":\"ListItem\",\"position\":1,\"name\":\"Home\",\"item\":\"https:\\\/\\\/stg.visualarq.com\\\/fr\\\/home\\\/\"},{\"@type\":\"ListItem\",\"position\":2,\"name\":\"Apprendre\",\"item\":\"https:\\\/\\\/stg.visualarq.com\\\/fr\\\/learn\\\/\"},{\"@type\":\"ListItem\",\"position\":3,\"name\":\"D\u00e9monstration en ligne\"}]},{\"@type\":\"WebSite\",\"@id\":\"https:\\\/\\\/stg.visualarq.com\\\/fr\\\/#website\",\"url\":\"https:\\\/\\\/stg.visualarq.com\\\/fr\\\/\",\"name\":\"VisualARQ\",\"description\":\"Flexible BIM for Rhino\",\"potentialAction\":[{\"@type\":\"SearchAction\",\"target\":{\"@type\":\"EntryPoint\",\"urlTemplate\":\"https:\\\/\\\/stg.visualarq.com\\\/fr\\\/?s={search_term_string}\"},\"query-input\":{\"@type\":\"PropertyValueSpecification\",\"valueRequired\":true,\"valueName\":\"search_term_string\"}}],\"inLanguage\":\"fr-FR\"}]}<\/script>\n<!-- \/ Yoast SEO plugin. -->","yoast_head_json":{"title":"D\u00e9monstration en ligne - VisualARQ","robots":{"index":"noindex","follow":"follow","max-snippet":"max-snippet:-1","max-image-preview":"max-image-preview:large","max-video-preview":"max-video-preview:-1"},"og_locale":"fr_FR","og_type":"article","og_title":"D\u00e9monstration en ligne - VisualARQ","og_description":"Demandez une d\u00e9monstration en ligne gratuite","og_url":"https:\/\/stg.visualarq.com\/fr\/learn\/online-demo\/","og_site_name":"VisualARQ","article_publisher":"https:\/\/www.facebook.com\/visualarq","article_modified_time":"2022-06-07T15:02:05+00:00","og_image":[{"url":"https:\/\/stg.visualarq.com\/wp-content\/uploads\/sites\/2\/2011\/09\/live-demo-2.jpg","type":"","width":"","height":""}],"twitter_card":"summary_large_image","twitter_site":"@VisualARQ","twitter_misc":{"Dur\u00e9e de lecture estim\u00e9e":"1 minute"},"schema":{"@context":"https:\/\/schema.org","@graph":[{"@type":"WebPage","@id":"https:\/\/stg.visualarq.com\/fr\/learn\/online-demo\/","url":"https:\/\/stg.visualarq.com\/fr\/learn\/online-demo\/","name":"D\u00e9monstration en ligne - VisualARQ","isPartOf":{"@id":"https:\/\/stg.visualarq.com\/fr\/#website"},"primaryImageOfPage":{"@id":"https:\/\/stg.visualarq.com\/fr\/learn\/online-demo\/#primaryimage"},"image":{"@id":"https:\/\/stg.visualarq.com\/fr\/learn\/online-demo\/#primaryimage"},"thumbnailUrl":"https:\/\/stg.visualarq.com\/wp-content\/uploads\/sites\/2\/2011\/09\/live-demo-2.jpg","datePublished":"2011-01-12T00:00:00+00:00","dateModified":"2022-06-07T15:02:05+00:00","breadcrumb":{"@id":"https:\/\/stg.visualarq.com\/fr\/learn\/online-demo\/#breadcrumb"},"inLanguage":"fr-FR","potentialAction":[{"@type":"ReadAction","target":["https:\/\/stg.visualarq.com\/fr\/learn\/online-demo\/"]}]},{"@type":"ImageObject","inLanguage":"fr-FR","@id":"https:\/\/stg.visualarq.com\/fr\/learn\/online-demo\/#primaryimage","url":"https:\/\/stg.visualarq.com\/wp-content\/uploads\/sites\/2\/2011\/09\/live-demo-2.jpg","contentUrl":"https:\/\/stg.visualarq.com\/wp-content\/uploads\/sites\/2\/2011\/09\/live-demo-2.jpg"},{"@type":"BreadcrumbList","@id":"https:\/\/stg.visualarq.com\/fr\/learn\/online-demo\/#breadcrumb","itemListElement":[{"@type":"ListItem","position":1,"name":"Home","item":"https:\/\/stg.visualarq.com\/fr\/home\/"},{"@type":"ListItem","position":2,"name":"Apprendre","item":"https:\/\/stg.visualarq.com\/fr\/learn\/"},{"@type":"ListItem","position":3,"name":"D\u00e9monstration en ligne"}]},{"@type":"WebSite","@id":"https:\/\/stg.visualarq.com\/fr\/#website","url":"https:\/\/stg.visualarq.com\/fr\/","name":"VisualARQ","description":"Flexible BIM for Rhino","potentialAction":[{"@type":"SearchAction","target":{"@type":"EntryPoint","urlTemplate":"https:\/\/stg.visualarq.com\/fr\/?s={search_term_string}"},"query-input":{"@type":"PropertyValueSpecification","valueRequired":true,"valueName":"search_term_string"}}],"inLanguage":"fr-FR"}]}},"_links":{"self":[{"href":"https:\/\/stg.visualarq.com\/fr\/wp-json\/wp\/v2\/pages\/11074","targetHints":{"allow":["GET"]}}],"collection":[{"href":"https:\/\/stg.visualarq.com\/fr\/wp-json\/wp\/v2\/pages"}],"about":[{"href":"https:\/\/stg.visualarq.com\/fr\/wp-json\/wp\/v2\/types\/page"}],"author":[{"embeddable":true,"href":"https:\/\/stg.visualarq.com\/fr\/wp-json\/wp\/v2\/users\/6"}],"replies":[{"embeddable":true,"href":"https:\/\/stg.visualarq.com\/fr\/wp-json\/wp\/v2\/comments?post=11074"}],"version-history":[{"count":0,"href":"https:\/\/stg.visualarq.com\/fr\/wp-json\/wp\/v2\/pages\/11074\/revisions"}],"up":[{"embeddable":true,"href":"https:\/\/stg.visualarq.com\/fr\/wp-json\/wp\/v2\/pages\/11120"}],"wp:attachment":[{"href":"https:\/\/stg.visualarq.com\/fr\/wp-json\/wp\/v2\/media?parent=11074"}],"curies":[{"name":"wp","href":"https:\/\/api.w.org\/{rel}","templated":true}]}}