{"id":11078,"date":"2011-09-14T00:00:00","date_gmt":"2011-09-14T00:00:00","guid":{"rendered":"https:\/\/stg.visualarq.com\/legal\/licenses\/"},"modified":"2020-10-22T20:34:28","modified_gmt":"2020-10-22T20:34:28","slug":"licenses","status":"publish","type":"page","link":"https:\/\/stg.visualarq.com\/fr\/legal\/licenses\/","title":{"rendered":"Licences externes"},"content":{"rendered":"[et_pb_section bb_built=\u00a0\u00bb1&Prime;][et_pb_row][et_pb_column type=\u00a0\u00bb4_4&Prime;][et_pb_post_title _builder_version=\u00a0\u00bb3.0.62&Prime; title=\u00a0\u00bbon\u00a0\u00bb meta=\u00a0\u00bboff\u00a0\u00bb author=\u00a0\u00bbon\u00a0\u00bb date=\u00a0\u00bbon\u00a0\u00bb categories=\u00a0\u00bbon\u00a0\u00bb comments=\u00a0\u00bbon\u00a0\u00bb featured_image=\u00a0\u00bboff\u00a0\u00bb featured_placement=\u00a0\u00bbbelow\u00a0\u00bb parallax_method=\u00a0\u00bbon\u00a0\u00bb text_orientation=\u00a0\u00bbleft\u00a0\u00bb text_color=\u00a0\u00bbdark\u00a0\u00bb text_background=\u00a0\u00bboff\u00a0\u00bb border_style=\u00a0\u00bbsolid\u00a0\u00bb \/][et_pb_text]\n\n<h2>CSTB IFC-SDK<\/h2>\n<p><a href=\"https:\/\/www.osor.eu\/projects\/ifc-sdk\">https:\/\/www.osor.eu\/projects\/ifc-sdk<\/a><\/p>\n<h3>Licence :<\/h3>\n<p><a href=\"https:\/\/fr.wikipedia.org\/wiki\/Licence_publique_g%C3%A9n%C3%A9rale_limit%C3%A9e_GNU\">Licence publique g\u00e9n\u00e9rale limit\u00e9e GNU (LGPL)<\/a><\/p>\n<h3>Description:<\/h3>\n<p>Le SDK IFC apporte des outils de d\u00e9veloppement pour la lecture et l&rsquo;\u00e9criture d&rsquo;un mod\u00e8le d&rsquo;informations unique du b\u00e2timent (BIM) d\u00e9fini dans le format Industry Foundation Classes (IFC). La premi\u00e8re version du SDK IFC est fourni en langage C++. Elle est compatible avec la norme IFC 2X3 TC1 d\u00e9velopp\u00e9e par l&rsquo;International Alliance for Interoperability (IAI \u2013 BuildingSmart, voir : <a href=\"https:\/\/www.buildingsmart.com\/\">https:\/\/www.buildingsmart.com\/<\/a>).<\/p>\n<h3>Caract\u00e9ristiques\u00a0:<\/h3>\n<p>Principales caract\u00e9ristiques du projet du SDK IFC :<\/p>\n<ol>\n<li>lecture et \u00e9criture d&rsquo;un mod\u00e8le BIM d\u00e9fini au format ASCII ISO-10303-21 Step Physical File (SPF) et conforme au mod\u00e8le de donn\u00e9es IFC 2X3 TC1 ISO-103030-11 EXPRESS ;<\/li>\n<li>possibilit\u00e9 d&rsquo;analyser et de g\u00e9rer tout l&rsquo;ensemble d&rsquo;entit\u00e9s de la norme IFC 2X3 TC1 ;<\/li>\n<li>analyse et gestion des attributs\u00a0EXPRESS INVERSE et DERIVED<\/li>\n<li>gestion du BIM dans la m\u00e9moire<\/li>\n<li>multi-mod\u00e8les<\/li>\n<\/ol>\n<h3>Code source<\/h3>\n<p><a href=\"https:\/\/visualarq.s3.amazonaws.com\/download\/licenses\/ifc-sdk-1.0.3.11.zip\">ifc-sdk-1.0.3.11.zip<\/a><\/p>\n<hr class=\"separator\">\n<h2>VLD<\/h2>\n<p><a href=\"https:\/\/vld.codeplex.com\">https:\/\/vld.codeplex.com<\/a><\/p>\n<h3>Licence :<\/h3>\n<p><a href=\"https:\/\/vld.codeplex.com\/license\">Licence publique g\u00e9n\u00e9rale GNU Version 2 (GPLv2)<\/a><\/p>\n<h3>Description du projet :<\/h3>\n<p>Visual Leak Detector est un syst\u00e8me de d\u00e9tection de fuites de m\u00e9moire open-source, gratuit et robuste pour Visual C++.<\/p>\n<p>Il est assez facile \u00e0 utiliser. Apr\u00e8s son installation, il suffit de dire \u00e0 C++ o\u00f9 trouver le fichier d&rsquo;en-t\u00eate et de biblioth\u00e8que associ\u00e9.<\/p>\n<p>Il peut ensuite \u00eatre utilis\u00e9 avec n&rsquo;importe quel projet C\/C++ en ajoutant simplement la ligne suivante dans votre code :<\/p>\n<p><code>#include &lt;vld.h&gt;<\/code><\/p>\n<p>Lorsque vous lancez votre programme sous le d\u00e9bogueur de Visual Studio, Visual Leak Detector \u00e9ditera un rapport de fuite de m\u00e9moire \u00e0 la fin de la session de d\u00e9bogage. Le rapport de fuite comprend la pile compl\u00e8te d&rsquo;appels montrant comment les blocs de m\u00e9moire perdus ont \u00e9t\u00e9 allou\u00e9s. Double cliquez sur une ligne dans la pile d&rsquo;appels pour voir ce fichier et cette ligne dans la fen\u00eatre de l&rsquo;\u00e9diteur.<\/p>\n<p>C&rsquo;est une fa\u00e7on tr\u00e8s efficace de diagnostiquer et r\u00e9parer rapidement des fuites de m\u00e9moire dans les applications C\/C++.<\/p>\n\n[\/et_pb_text][\/et_pb_column][\/et_pb_row][\/et_pb_section]","protected":false},"excerpt":{"rendered":"<p><div class=\"et_pb_row et_pb_row_0 et_pb_row_empty\">\n\t\t\t\t\n\t\t\t\t\n\t\t\t\t\n\t\t\t\t\n\t\t\t\t\n\t\t\t<\/div><div class=\"et_pb_module et_pb_text et_pb_text_0  et_pb_text_align_left et_pb_bg_layout_light\">\n\t\t\t\t\n\t\t\t\t\n\t\t\t\t\n\t\t\t\t\n\t\t\t\t\n\t\t\t<\/div> CSTB IFC-SDK https:\/\/www.osor.eu\/projects\/ifc-sdk Licence : Licence publique g\u00e9n\u00e9rale limit\u00e9e GNU (LGPL) Description: Le SDK IFC apporte des outils de d\u00e9veloppement pour la lecture et l&rsquo;\u00e9criture d&rsquo;un mod\u00e8le d&rsquo;informations unique du b\u00e2timent (BIM) d\u00e9fini dans le format Industry Foundation Classes (IFC). La premi\u00e8re version du SDK IFC est fourni en langage C++. Elle est compatible [&hellip;]<\/p>\n","protected":false},"author":8,"featured_media":0,"parent":11064,"menu_order":0,"comment_status":"closed","ping_status":"closed","template":"","meta":{"_et_pb_use_builder":"on","_et_pb_old_content":"<h2>VisualARQ EULA<\/h2>\n<a href=\"https:\/\/files.asuni.com\/visualarq\/legal\/licenses\/eula.zip\">Download the VisualARQ EULA<\/a> (End User License Agreement).\n\n[separator]\n<h2>CSTB IFC-SDK<\/h2>\n<a href=\"https:\/\/joinup.ec.europa.eu\/software\/ifc-sdk\/home\">https:\/\/joinup.ec.europa.eu\/software\/ifc-sdk\/home<\/a>\n<h3>License:<\/h3>\n<a href=\"https:\/\/joinup.ec.europa.eu\/svn\/ifc-sdk\/trunk\/Licence.txt\">GNU Lesser General Public License (LGPL)<\/a>\n<h3>Description:<\/h3>\nThe IFC SDK project provides a Software Development Kit (SDK) for reading and writing a Building Information Model (BIM) defined in Industry Foundation Classes (IFC) format. First version of the IFC SDK is provided in C++ programming language and is compliant with IFC 2X3 TC1 standard developed by the International Alliance for Interoperability (IAI \u2013 BuildingSmart, see: <a href=\"https:\/\/www.buildingsmart.com\/\">https:\/\/www.buildingsmart.com\/<\/a>).\n<h3>Features:<\/h3>\nThe main features of the IFC SDK project are the following:\n<ol>\n\t<li>reading and writing a BIM model defined in ISO-10303-21 Step Physical File (SPF) ASCII format and compliant with IFC 2X3 TC1 ISO-103030-11 EXPRESS data model;<\/li>\n\t<li>capabilities of parsing and managing the full entities set of IFC 2X3 TC1 standard;<\/li>\n\t<li>parsing and managing of EXPRESS INVERSE and DERIVED attributes<\/li>\n\t<li>managing of BIM in memory<\/li>\n\t<li>multi-models<\/li>\n<\/ol>\n<h3>Source code<\/h3>\n<a href=\"https:\/\/files.asuni.com\/visualarq\/legal\/licenses\/ifc-sdk-1.0.3.11.zip\">ifc-sdk-1.0.3.11.zip<\/a>\n\n[separator]\n<h2>VLD<\/h2>\n<a href=\"https:\/\/vld.codeplex.com\">https:\/\/vld.codeplex.com<\/a>\n<h3>License:<\/h3>\n<a href=\"https:\/\/vld.codeplex.com\/license\">GNU Lesser General Public License (LGPL)<\/a>\n<h3>Project Description:<\/h3>\nVisual Leak Detector is a free, robust, open-source memory leak detection system for Visual C++.\n\nIt's pretty easy to use. After installing it, you just need to tell Visual C++ where to find the included header and library file.\n\nThen it can be used with any C\/C++ project simply by adding the following line to your code:\n\n<code>#include <vld.h><\/code>\n\nWhen you run your program under the Visual Studio debugger, Visual Leak Detector will output a memory leak report at the end of your debugging session. The leak report includes the full call stack showing how any leaked memory blocks were allocated. Double-click on a line in the call stack to jump to that file and line in the editor window.\n\nIt's a very effective way to quickly diagnose, and fix, memory leaks in C\/C++ applications.","_et_gb_content_width":"","footnotes":""},"class_list":["post-11078","page","type-page","status-publish","hentry"],"yoast_head":"<!-- This site is optimized with the Yoast SEO plugin v27.3 - https:\/\/yoast.com\/product\/yoast-seo-wordpress\/ -->\n<title>Licences externes - VisualARQ<\/title>\n<meta name=\"robots\" content=\"noindex, follow, max-snippet:-1, max-image-preview:large, max-video-preview:-1\" \/>\n<meta property=\"og:locale\" content=\"fr_FR\" \/>\n<meta property=\"og:type\" content=\"article\" \/>\n<meta property=\"og:title\" content=\"Licences externes - VisualARQ\" \/>\n<meta property=\"og:description\" content=\"CSTB IFC-SDK https:\/\/www.osor.eu\/projects\/ifc-sdk Licence : Licence publique g\u00e9n\u00e9rale limit\u00e9e GNU (LGPL) Description: Le SDK IFC apporte des outils de d\u00e9veloppement pour la lecture et l&#039;\u00e9criture d&#039;un mod\u00e8le d&#039;informations unique du b\u00e2timent (BIM) d\u00e9fini dans le format Industry Foundation Classes (IFC). La premi\u00e8re version du SDK IFC est fourni en langage C++. Elle est compatible [&hellip;]\" \/>\n<meta property=\"og:url\" content=\"https:\/\/stg.visualarq.com\/fr\/legal\/licenses\/\" \/>\n<meta property=\"og:site_name\" content=\"VisualARQ\" \/>\n<meta property=\"article:publisher\" content=\"https:\/\/www.facebook.com\/visualarq\" \/>\n<meta property=\"article:modified_time\" content=\"2020-10-22T20:34:28+00:00\" \/>\n<meta name=\"twitter:card\" content=\"summary_large_image\" \/>\n<meta name=\"twitter:site\" content=\"@VisualARQ\" \/>\n<meta name=\"twitter:label1\" content=\"Dur\u00e9e de lecture estim\u00e9e\" \/>\n\t<meta name=\"twitter:data1\" content=\"2 minutes\" \/>\n<script type=\"application\/ld+json\" class=\"yoast-schema-graph\">{\"@context\":\"https:\\\/\\\/schema.org\",\"@graph\":[{\"@type\":\"WebPage\",\"@id\":\"https:\\\/\\\/stg.visualarq.com\\\/fr\\\/legal\\\/licenses\\\/\",\"url\":\"https:\\\/\\\/stg.visualarq.com\\\/fr\\\/legal\\\/licenses\\\/\",\"name\":\"Licences externes - VisualARQ\",\"isPartOf\":{\"@id\":\"https:\\\/\\\/stg.visualarq.com\\\/fr\\\/#website\"},\"datePublished\":\"2011-09-14T00:00:00+00:00\",\"dateModified\":\"2020-10-22T20:34:28+00:00\",\"breadcrumb\":{\"@id\":\"https:\\\/\\\/stg.visualarq.com\\\/fr\\\/legal\\\/licenses\\\/#breadcrumb\"},\"inLanguage\":\"fr-FR\",\"potentialAction\":[{\"@type\":\"ReadAction\",\"target\":[\"https:\\\/\\\/stg.visualarq.com\\\/fr\\\/legal\\\/licenses\\\/\"]}]},{\"@type\":\"BreadcrumbList\",\"@id\":\"https:\\\/\\\/stg.visualarq.com\\\/fr\\\/legal\\\/licenses\\\/#breadcrumb\",\"itemListElement\":[{\"@type\":\"ListItem\",\"position\":1,\"name\":\"Home\",\"item\":\"https:\\\/\\\/stg.visualarq.com\\\/fr\\\/home\\\/\"},{\"@type\":\"ListItem\",\"position\":2,\"name\":\"L\u00e9gal\",\"item\":\"https:\\\/\\\/stg.visualarq.com\\\/fr\\\/legal\\\/\"},{\"@type\":\"ListItem\",\"position\":3,\"name\":\"Licences externes\"}]},{\"@type\":\"WebSite\",\"@id\":\"https:\\\/\\\/stg.visualarq.com\\\/fr\\\/#website\",\"url\":\"https:\\\/\\\/stg.visualarq.com\\\/fr\\\/\",\"name\":\"VisualARQ\",\"description\":\"Flexible BIM for Rhino\",\"potentialAction\":[{\"@type\":\"SearchAction\",\"target\":{\"@type\":\"EntryPoint\",\"urlTemplate\":\"https:\\\/\\\/stg.visualarq.com\\\/fr\\\/?s={search_term_string}\"},\"query-input\":{\"@type\":\"PropertyValueSpecification\",\"valueRequired\":true,\"valueName\":\"search_term_string\"}}],\"inLanguage\":\"fr-FR\"}]}<\/script>\n<!-- \/ Yoast SEO plugin. -->","yoast_head_json":{"title":"Licences externes - VisualARQ","robots":{"index":"noindex","follow":"follow","max-snippet":"max-snippet:-1","max-image-preview":"max-image-preview:large","max-video-preview":"max-video-preview:-1"},"og_locale":"fr_FR","og_type":"article","og_title":"Licences externes - VisualARQ","og_description":"CSTB IFC-SDK https:\/\/www.osor.eu\/projects\/ifc-sdk Licence : Licence publique g\u00e9n\u00e9rale limit\u00e9e GNU (LGPL) Description: Le SDK IFC apporte des outils de d\u00e9veloppement pour la lecture et l'\u00e9criture d'un mod\u00e8le d'informations unique du b\u00e2timent (BIM) d\u00e9fini dans le format Industry Foundation Classes (IFC). La premi\u00e8re version du SDK IFC est fourni en langage C++. Elle est compatible [&hellip;]","og_url":"https:\/\/stg.visualarq.com\/fr\/legal\/licenses\/","og_site_name":"VisualARQ","article_publisher":"https:\/\/www.facebook.com\/visualarq","article_modified_time":"2020-10-22T20:34:28+00:00","twitter_card":"summary_large_image","twitter_site":"@VisualARQ","twitter_misc":{"Dur\u00e9e de lecture estim\u00e9e":"2 minutes"},"schema":{"@context":"https:\/\/schema.org","@graph":[{"@type":"WebPage","@id":"https:\/\/stg.visualarq.com\/fr\/legal\/licenses\/","url":"https:\/\/stg.visualarq.com\/fr\/legal\/licenses\/","name":"Licences externes - VisualARQ","isPartOf":{"@id":"https:\/\/stg.visualarq.com\/fr\/#website"},"datePublished":"2011-09-14T00:00:00+00:00","dateModified":"2020-10-22T20:34:28+00:00","breadcrumb":{"@id":"https:\/\/stg.visualarq.com\/fr\/legal\/licenses\/#breadcrumb"},"inLanguage":"fr-FR","potentialAction":[{"@type":"ReadAction","target":["https:\/\/stg.visualarq.com\/fr\/legal\/licenses\/"]}]},{"@type":"BreadcrumbList","@id":"https:\/\/stg.visualarq.com\/fr\/legal\/licenses\/#breadcrumb","itemListElement":[{"@type":"ListItem","position":1,"name":"Home","item":"https:\/\/stg.visualarq.com\/fr\/home\/"},{"@type":"ListItem","position":2,"name":"L\u00e9gal","item":"https:\/\/stg.visualarq.com\/fr\/legal\/"},{"@type":"ListItem","position":3,"name":"Licences externes"}]},{"@type":"WebSite","@id":"https:\/\/stg.visualarq.com\/fr\/#website","url":"https:\/\/stg.visualarq.com\/fr\/","name":"VisualARQ","description":"Flexible BIM for Rhino","potentialAction":[{"@type":"SearchAction","target":{"@type":"EntryPoint","urlTemplate":"https:\/\/stg.visualarq.com\/fr\/?s={search_term_string}"},"query-input":{"@type":"PropertyValueSpecification","valueRequired":true,"valueName":"search_term_string"}}],"inLanguage":"fr-FR"}]}},"_links":{"self":[{"href":"https:\/\/stg.visualarq.com\/fr\/wp-json\/wp\/v2\/pages\/11078","targetHints":{"allow":["GET"]}}],"collection":[{"href":"https:\/\/stg.visualarq.com\/fr\/wp-json\/wp\/v2\/pages"}],"about":[{"href":"https:\/\/stg.visualarq.com\/fr\/wp-json\/wp\/v2\/types\/page"}],"author":[{"embeddable":true,"href":"https:\/\/stg.visualarq.com\/fr\/wp-json\/wp\/v2\/users\/8"}],"replies":[{"embeddable":true,"href":"https:\/\/stg.visualarq.com\/fr\/wp-json\/wp\/v2\/comments?post=11078"}],"version-history":[{"count":0,"href":"https:\/\/stg.visualarq.com\/fr\/wp-json\/wp\/v2\/pages\/11078\/revisions"}],"up":[{"embeddable":true,"href":"https:\/\/stg.visualarq.com\/fr\/wp-json\/wp\/v2\/pages\/11064"}],"wp:attachment":[{"href":"https:\/\/stg.visualarq.com\/fr\/wp-json\/wp\/v2\/media?parent=11078"}],"curies":[{"name":"wp","href":"https:\/\/api.w.org\/{rel}","templated":true}]}}