{"id":11080,"date":"2011-11-03T00:00:00","date_gmt":"2011-11-03T00:00:00","guid":{"rendered":"https:\/\/stg.visualarq.com\/sales\/proof-of-academic-status\/"},"modified":"2025-06-11T08:34:24","modified_gmt":"2025-06-11T08:34:24","slug":"proof-of-academic-status","status":"publish","type":"page","link":"https:\/\/stg.visualarq.com\/fr\/sales\/proof-of-academic-status\/","title":{"rendered":"Justificatif du statut d\u2019\u00e9tudiant ou d\u2019enseignant"},"content":{"rendered":"\n<h1 class=\"wp-block-heading\">Justificatif du statut d\u2019\u00e9tudiant ou d\u2019enseignant<\/h1>\n\n<p>Pour commander des licences \u00c9ducation et LAB, un justificatif du statut d\u2019\u00e9tudiant ou d\u2019enseignant est obligatoire.<\/p>\n\n<h2 class=\"wp-block-heading\">\u00c9tudiants<\/h2>\n\n<p>Si vous \u00eates \u00e9tudiant (un semestre au minimum) dans un coll\u00e8ge, un lyc\u00e9e ou une universit\u00e9 et que vous \u00eates en mesure de pr\u00e9senter l\u2019un des justificatifs accept\u00e9s, vous pouvez commander une licence \u00c9ducation pour un seul utilisateur. Les \u00e9tudiants doivent \u00eatre inscrits dans un centre de formation technique ou suivre un programme universitaire en rapport avec l\u2019architecture, l\u2019ing\u00e9nierie ou le design. Les \u00e9tudiants issus de domaines d\u2019\u00e9tudes non li\u00e9s (tels que la litt\u00e9rature ou la m\u00e9decine) ne sont pas \u00e9ligibles.\u00a0<\/p>\n\n<p>Veuillez fournir l\u2019un des documents suivants avec votre commande. Sur le document doivent figurer une\u00a0<strong>date r\u00e9cente<\/strong>\u00a0(le document ne doit pas dater de plus de 2\u00a0mois), le\u00a0<strong>trimestre en cours<\/strong>, le\u00a0<strong>nom de l\u2019\u00e9tablissement ou de l\u2019universit\u00e9<\/strong>\u00a0ainsi que\u00a0<strong>votre nom complet\u00a0:<\/strong><\/p>\n\n<ul class=\"wp-block-list\">\n<li>Votre dossier de scolarit\u00e9 pour la p\u00e9riode scolaire en cours.<\/li>\n\n\n\n<li>Un justificatif de paiement des frais d\u2019inscription pour la p\u00e9riode scolaire en cours.<\/li>\n\n\n\n<li>Un document sign\u00e9 par le centre de formation certifiant que vous \u00eates \u00e9tudiant et indiquant les dates de la p\u00e9riode scolaire en cours.<\/li>\n<\/ul>\n\n<p>Remarques\u00a0:<\/p>\n\n<ul class=\"wp-block-list\">\n<li>Les cartes d\u2019\u00e9tudiants d\u2019un \u00e9tablissement d\u2019enseignement sup\u00e9rieur ou d\u2019une universit\u00e9 ne sont pas accept\u00e9es.<\/li>\n\n\n\n<li>La participation \u00e0 une formation de Rhino n\u2019est pas une preuve du statut d\u2019\u00e9tudiant suffisante.<\/li>\n\n\n\n<li>Les fondations, les mus\u00e9es, les organisations caritatives, les ONG, les retrait\u00e9s et les amateurs ne peuvent pas b\u00e9n\u00e9ficier de licences \u00c9ducation.<\/li>\n<\/ul>\n\n<p><\/p>\n\n<h2 class=\"wp-block-heading\">Corps enseignant\/Personnel<\/h2>\n\n<p>Si vous \u00eates membre du corps enseignant ou du personnel d\u2019un coll\u00e8ge, d\u2019un lyc\u00e9e ou d\u2019une universit\u00e9 et que vous \u00eates en mesure de pr\u00e9senter l\u2019un des justificatifs accept\u00e9s, vous pouvez commander une licence \u00c9ducation pour un seul utilisateur. Vous devez enseigner dans une \u00e9cole technique ou dans le cadre d\u2019un programme universitaire en rapport avec l\u2019architecture, l\u2019ing\u00e9nierie ou le design.<\/p>\n\n<p>Veuillez fournir l\u2019un des documents suivants avec votre commande. Sur le document doivent figurer une\u00a0<strong>date r\u00e9cente<\/strong>\u00a0(le document ne doit pas dater de plus de 2\u00a0mois), le\u00a0<strong>trimestre en cours<\/strong>, le\u00a0<strong>nom de l\u2019\u00e9tablissement ou de l\u2019universit\u00e9<\/strong>\u00a0ainsi que\u00a0<strong>votre nom complet\u00a0:<\/strong><\/p>\n\n<ul class=\"wp-block-list\">\n<li>Votre derni\u00e8re fiche de paie indiquant le nom de l\u2019\u00e9tablissement ou de l\u2019universit\u00e9 (vous pouvez masquer les informations sensibles).<\/li>\n\n\n\n<li>Votre contrat d\u2019enseignement indiquant le trimestre en cours.<\/li>\n\n\n\n<li>Un document sign\u00e9 par le centre de formation certifiant que vous \u00eates membre du corps enseignant ou du personnel et indiquant la date de la p\u00e9riode scolaire en cours.<\/li>\n<\/ul>\n\n<p><\/p>\n\n<h2 class=\"wp-block-heading\">\u00c9coles<\/h2>\n\n<p>Toute \u00e9cole officielle peut commander des licences \u00c9ducation un seul utilisateur ou des licences LAB en utilisant un bon de commande de l\u2019\u00e9cole ou une carte d\u2019acquisition. Veuillez fournir l\u2019un des documents suivants avec votre commande\u00a0:<\/p>\n\n<ul class=\"wp-block-list\">\n<li>Code UAI d\u2019inscription au r\u00e9pertoire national des \u00e9tablissements (RNE).<\/li>\n\n\n\n<li>Fiche de paie de membre du corps enseignant ou du personnel. Vous pouvez masquer les informations sensibles.<\/li>\n<\/ul>\n\n<p><\/p>\n","protected":false},"excerpt":{"rendered":"<p>Justificatif du statut d\u2019\u00e9tudiant ou d\u2019enseignant Pour commander des licences \u00c9ducation et LAB, un justificatif du statut d\u2019\u00e9tudiant ou d\u2019enseignant est obligatoire. \u00c9tudiants Si vous \u00eates \u00e9tudiant (un semestre au minimum) dans un coll\u00e8ge, un lyc\u00e9e ou une universit\u00e9 et que vous \u00eates en mesure de pr\u00e9senter l\u2019un des justificatifs accept\u00e9s, vous pouvez commander une [&hellip;]<\/p>\n","protected":false},"author":6,"featured_media":0,"parent":11025,"menu_order":0,"comment_status":"closed","ping_status":"closed","template":"","meta":{"_et_pb_use_builder":"","_et_pb_old_content":"","_et_gb_content_width":"","footnotes":""},"class_list":["post-11080","page","type-page","status-publish","hentry"],"yoast_head":"<!-- This site is optimized with the Yoast SEO plugin v27.3 - https:\/\/yoast.com\/product\/yoast-seo-wordpress\/ -->\n<title>Justificatif du statut d\u2019\u00e9tudiant ou d\u2019enseignant - VisualARQ<\/title>\n<meta name=\"robots\" content=\"noindex, follow, max-snippet:-1, max-image-preview:large, max-video-preview:-1\" \/>\n<meta property=\"og:locale\" content=\"fr_FR\" \/>\n<meta property=\"og:type\" content=\"article\" \/>\n<meta property=\"og:title\" content=\"Justificatif du statut d\u2019\u00e9tudiant ou d\u2019enseignant - VisualARQ\" \/>\n<meta property=\"og:description\" content=\"Justificatif du statut d\u2019\u00e9tudiant ou d\u2019enseignant Pour commander des licences \u00c9ducation et LAB, un justificatif du statut d\u2019\u00e9tudiant ou d\u2019enseignant est obligatoire. \u00c9tudiants Si vous \u00eates \u00e9tudiant (un semestre au minimum) dans un coll\u00e8ge, un lyc\u00e9e ou une universit\u00e9 et que vous \u00eates en mesure de pr\u00e9senter l\u2019un des justificatifs accept\u00e9s, vous pouvez commander une [&hellip;]\" \/>\n<meta property=\"og:url\" content=\"https:\/\/stg.visualarq.com\/fr\/sales\/proof-of-academic-status\/\" \/>\n<meta property=\"og:site_name\" content=\"VisualARQ\" \/>\n<meta property=\"article:publisher\" content=\"https:\/\/www.facebook.com\/visualarq\" \/>\n<meta property=\"article:modified_time\" content=\"2025-06-11T08:34:24+00:00\" \/>\n<meta name=\"twitter:card\" content=\"summary_large_image\" \/>\n<meta name=\"twitter:site\" content=\"@VisualARQ\" \/>\n<meta name=\"twitter:label1\" content=\"Dur\u00e9e de lecture estim\u00e9e\" \/>\n\t<meta name=\"twitter:data1\" content=\"3 minutes\" \/>\n<script type=\"application\/ld+json\" class=\"yoast-schema-graph\">{\"@context\":\"https:\\\/\\\/schema.org\",\"@graph\":[{\"@type\":\"WebPage\",\"@id\":\"https:\\\/\\\/stg.visualarq.com\\\/fr\\\/sales\\\/proof-of-academic-status\\\/\",\"url\":\"https:\\\/\\\/stg.visualarq.com\\\/fr\\\/sales\\\/proof-of-academic-status\\\/\",\"name\":\"Justificatif du statut d\u2019\u00e9tudiant ou d\u2019enseignant - VisualARQ\",\"isPartOf\":{\"@id\":\"https:\\\/\\\/stg.visualarq.com\\\/fr\\\/#website\"},\"datePublished\":\"2011-11-03T00:00:00+00:00\",\"dateModified\":\"2025-06-11T08:34:24+00:00\",\"breadcrumb\":{\"@id\":\"https:\\\/\\\/stg.visualarq.com\\\/fr\\\/sales\\\/proof-of-academic-status\\\/#breadcrumb\"},\"inLanguage\":\"fr-FR\",\"potentialAction\":[{\"@type\":\"ReadAction\",\"target\":[\"https:\\\/\\\/stg.visualarq.com\\\/fr\\\/sales\\\/proof-of-academic-status\\\/\"]}]},{\"@type\":\"BreadcrumbList\",\"@id\":\"https:\\\/\\\/stg.visualarq.com\\\/fr\\\/sales\\\/proof-of-academic-status\\\/#breadcrumb\",\"itemListElement\":[{\"@type\":\"ListItem\",\"position\":1,\"name\":\"Home\",\"item\":\"https:\\\/\\\/stg.visualarq.com\\\/fr\\\/home\\\/\"},{\"@type\":\"ListItem\",\"position\":2,\"name\":\"Ventes\",\"item\":\"https:\\\/\\\/stg.visualarq.com\\\/fr\\\/sales\\\/\"},{\"@type\":\"ListItem\",\"position\":3,\"name\":\"Preuve de statut acad\u00e9mique\"}]},{\"@type\":\"WebSite\",\"@id\":\"https:\\\/\\\/stg.visualarq.com\\\/fr\\\/#website\",\"url\":\"https:\\\/\\\/stg.visualarq.com\\\/fr\\\/\",\"name\":\"VisualARQ\",\"description\":\"Flexible BIM for Rhino\",\"potentialAction\":[{\"@type\":\"SearchAction\",\"target\":{\"@type\":\"EntryPoint\",\"urlTemplate\":\"https:\\\/\\\/stg.visualarq.com\\\/fr\\\/?s={search_term_string}\"},\"query-input\":{\"@type\":\"PropertyValueSpecification\",\"valueRequired\":true,\"valueName\":\"search_term_string\"}}],\"inLanguage\":\"fr-FR\"}]}<\/script>\n<!-- \/ Yoast SEO plugin. -->","yoast_head_json":{"title":"Justificatif du statut d\u2019\u00e9tudiant ou d\u2019enseignant - VisualARQ","robots":{"index":"noindex","follow":"follow","max-snippet":"max-snippet:-1","max-image-preview":"max-image-preview:large","max-video-preview":"max-video-preview:-1"},"og_locale":"fr_FR","og_type":"article","og_title":"Justificatif du statut d\u2019\u00e9tudiant ou d\u2019enseignant - VisualARQ","og_description":"Justificatif du statut d\u2019\u00e9tudiant ou d\u2019enseignant Pour commander des licences \u00c9ducation et LAB, un justificatif du statut d\u2019\u00e9tudiant ou d\u2019enseignant est obligatoire. \u00c9tudiants Si vous \u00eates \u00e9tudiant (un semestre au minimum) dans un coll\u00e8ge, un lyc\u00e9e ou une universit\u00e9 et que vous \u00eates en mesure de pr\u00e9senter l\u2019un des justificatifs accept\u00e9s, vous pouvez commander une [&hellip;]","og_url":"https:\/\/stg.visualarq.com\/fr\/sales\/proof-of-academic-status\/","og_site_name":"VisualARQ","article_publisher":"https:\/\/www.facebook.com\/visualarq","article_modified_time":"2025-06-11T08:34:24+00:00","twitter_card":"summary_large_image","twitter_site":"@VisualARQ","twitter_misc":{"Dur\u00e9e de lecture estim\u00e9e":"3 minutes"},"schema":{"@context":"https:\/\/schema.org","@graph":[{"@type":"WebPage","@id":"https:\/\/stg.visualarq.com\/fr\/sales\/proof-of-academic-status\/","url":"https:\/\/stg.visualarq.com\/fr\/sales\/proof-of-academic-status\/","name":"Justificatif du statut d\u2019\u00e9tudiant ou d\u2019enseignant - VisualARQ","isPartOf":{"@id":"https:\/\/stg.visualarq.com\/fr\/#website"},"datePublished":"2011-11-03T00:00:00+00:00","dateModified":"2025-06-11T08:34:24+00:00","breadcrumb":{"@id":"https:\/\/stg.visualarq.com\/fr\/sales\/proof-of-academic-status\/#breadcrumb"},"inLanguage":"fr-FR","potentialAction":[{"@type":"ReadAction","target":["https:\/\/stg.visualarq.com\/fr\/sales\/proof-of-academic-status\/"]}]},{"@type":"BreadcrumbList","@id":"https:\/\/stg.visualarq.com\/fr\/sales\/proof-of-academic-status\/#breadcrumb","itemListElement":[{"@type":"ListItem","position":1,"name":"Home","item":"https:\/\/stg.visualarq.com\/fr\/home\/"},{"@type":"ListItem","position":2,"name":"Ventes","item":"https:\/\/stg.visualarq.com\/fr\/sales\/"},{"@type":"ListItem","position":3,"name":"Preuve de statut acad\u00e9mique"}]},{"@type":"WebSite","@id":"https:\/\/stg.visualarq.com\/fr\/#website","url":"https:\/\/stg.visualarq.com\/fr\/","name":"VisualARQ","description":"Flexible BIM for Rhino","potentialAction":[{"@type":"SearchAction","target":{"@type":"EntryPoint","urlTemplate":"https:\/\/stg.visualarq.com\/fr\/?s={search_term_string}"},"query-input":{"@type":"PropertyValueSpecification","valueRequired":true,"valueName":"search_term_string"}}],"inLanguage":"fr-FR"}]}},"_links":{"self":[{"href":"https:\/\/stg.visualarq.com\/fr\/wp-json\/wp\/v2\/pages\/11080","targetHints":{"allow":["GET"]}}],"collection":[{"href":"https:\/\/stg.visualarq.com\/fr\/wp-json\/wp\/v2\/pages"}],"about":[{"href":"https:\/\/stg.visualarq.com\/fr\/wp-json\/wp\/v2\/types\/page"}],"author":[{"embeddable":true,"href":"https:\/\/stg.visualarq.com\/fr\/wp-json\/wp\/v2\/users\/6"}],"replies":[{"embeddable":true,"href":"https:\/\/stg.visualarq.com\/fr\/wp-json\/wp\/v2\/comments?post=11080"}],"version-history":[{"count":6,"href":"https:\/\/stg.visualarq.com\/fr\/wp-json\/wp\/v2\/pages\/11080\/revisions"}],"predecessor-version":[{"id":42269,"href":"https:\/\/stg.visualarq.com\/fr\/wp-json\/wp\/v2\/pages\/11080\/revisions\/42269"}],"up":[{"embeddable":true,"href":"https:\/\/stg.visualarq.com\/fr\/wp-json\/wp\/v2\/pages\/11025"}],"wp:attachment":[{"href":"https:\/\/stg.visualarq.com\/fr\/wp-json\/wp\/v2\/media?parent=11080"}],"curies":[{"name":"wp","href":"https:\/\/api.w.org\/{rel}","templated":true}]}}