{"id":11096,"date":"2012-09-03T00:00:00","date_gmt":"2012-09-03T00:00:00","guid":{"rendered":"https:\/\/stg.visualarq.com\/sales\/what-is-an-educational-license\/"},"modified":"2019-01-02T15:38:29","modified_gmt":"2019-01-02T15:38:29","slug":"what-is-an-educational-license","status":"publish","type":"page","link":"https:\/\/stg.visualarq.com\/fr\/sales\/what-is-an-educational-license\/","title":{"rendered":"Qu&rsquo;est-ce qu&rsquo;une licence \u00e9ducation ?"},"content":{"rendered":"<h1>\n<strong>Une licence \u00e9ducation<\/strong> :<\/h1>\n<ul>\n<li>est une <strong>version commerciale<\/strong> compl\u00e8te \u00e0 un prix sp\u00e9cial pour <strong>un seul utilisateur<\/strong>.<\/li>\n<li>est destin\u00e9e uniquement aux <strong>\u00e9tudiants, enseignants <\/strong>(professeurs, formateurs, assistants)<strong><\/strong> <strong>et \u00e9coles <\/strong><em>(<a href=\"\/fr\/sales\/proof-of-academic-status\/\">une preuve de statut est demand\u00e9e<\/a>).<\/em>\n<\/li>\n<li>peut \u00eatre utilis\u00e9e pour des activit\u00e9s p\u00e9dagogiques ou commerciales.<\/li>\n<li>n&rsquo;est pas transmissible (elle ne peut \u00eatre ni vendue ni transf\u00e9r\u00e9e \u00e0 un autre utilisateur).<\/li>\n<\/ul>","protected":false},"excerpt":{"rendered":"<p>Une licence \u00e9ducation : est une version commerciale compl\u00e8te \u00e0 un prix sp\u00e9cial pour un seul utilisateur. est destin\u00e9e uniquement aux \u00e9tudiants, enseignants (professeurs, formateurs, assistants) et \u00e9coles (une preuve de statut est demand\u00e9e). peut \u00eatre utilis\u00e9e pour des activit\u00e9s p\u00e9dagogiques ou commerciales. n&rsquo;est pas transmissible (elle ne peut \u00eatre ni vendue ni transf\u00e9r\u00e9e \u00e0 [&hellip;]<\/p>\n","protected":false},"author":6,"featured_media":0,"parent":11025,"menu_order":0,"comment_status":"closed","ping_status":"closed","template":"","meta":{"_et_pb_use_builder":"","_et_pb_old_content":"","_et_gb_content_width":"","footnotes":""},"class_list":["post-11096","page","type-page","status-publish","hentry"],"yoast_head":"<!-- This site is optimized with the Yoast SEO plugin v27.3 - https:\/\/yoast.com\/product\/yoast-seo-wordpress\/ -->\n<title>Qu&#039;est-ce qu&#039;une licence \u00e9ducation ? - VisualARQ<\/title>\n<meta name=\"robots\" content=\"noindex, follow, max-snippet:-1, max-image-preview:large, max-video-preview:-1\" \/>\n<meta property=\"og:locale\" content=\"fr_FR\" \/>\n<meta property=\"og:type\" content=\"article\" \/>\n<meta property=\"og:title\" content=\"Qu&#039;est-ce qu&#039;une licence \u00e9ducation ? - VisualARQ\" \/>\n<meta property=\"og:description\" content=\"Une licence \u00e9ducation : est une version commerciale compl\u00e8te \u00e0 un prix sp\u00e9cial pour un seul utilisateur. est destin\u00e9e uniquement aux \u00e9tudiants, enseignants (professeurs, formateurs, assistants) et \u00e9coles (une preuve de statut est demand\u00e9e). peut \u00eatre utilis\u00e9e pour des activit\u00e9s p\u00e9dagogiques ou commerciales. n&rsquo;est pas transmissible (elle ne peut \u00eatre ni vendue ni transf\u00e9r\u00e9e \u00e0 [&hellip;]\" \/>\n<meta property=\"og:url\" content=\"https:\/\/stg.visualarq.com\/fr\/sales\/what-is-an-educational-license\/\" \/>\n<meta property=\"og:site_name\" content=\"VisualARQ\" \/>\n<meta property=\"article:publisher\" content=\"https:\/\/www.facebook.com\/visualarq\" \/>\n<meta property=\"article:modified_time\" content=\"2019-01-02T15:38:29+00:00\" \/>\n<meta name=\"twitter:card\" content=\"summary_large_image\" \/>\n<meta name=\"twitter:site\" content=\"@VisualARQ\" \/>\n<script type=\"application\/ld+json\" class=\"yoast-schema-graph\">{\"@context\":\"https:\\\/\\\/schema.org\",\"@graph\":[{\"@type\":\"WebPage\",\"@id\":\"https:\\\/\\\/stg.visualarq.com\\\/fr\\\/sales\\\/what-is-an-educational-license\\\/\",\"url\":\"https:\\\/\\\/stg.visualarq.com\\\/fr\\\/sales\\\/what-is-an-educational-license\\\/\",\"name\":\"Qu'est-ce qu'une licence \u00e9ducation ? - VisualARQ\",\"isPartOf\":{\"@id\":\"https:\\\/\\\/stg.visualarq.com\\\/fr\\\/#website\"},\"datePublished\":\"2012-09-03T00:00:00+00:00\",\"dateModified\":\"2019-01-02T15:38:29+00:00\",\"breadcrumb\":{\"@id\":\"https:\\\/\\\/stg.visualarq.com\\\/fr\\\/sales\\\/what-is-an-educational-license\\\/#breadcrumb\"},\"inLanguage\":\"fr-FR\",\"potentialAction\":[{\"@type\":\"ReadAction\",\"target\":[\"https:\\\/\\\/stg.visualarq.com\\\/fr\\\/sales\\\/what-is-an-educational-license\\\/\"]}]},{\"@type\":\"BreadcrumbList\",\"@id\":\"https:\\\/\\\/stg.visualarq.com\\\/fr\\\/sales\\\/what-is-an-educational-license\\\/#breadcrumb\",\"itemListElement\":[{\"@type\":\"ListItem\",\"position\":1,\"name\":\"Home\",\"item\":\"https:\\\/\\\/stg.visualarq.com\\\/fr\\\/home\\\/\"},{\"@type\":\"ListItem\",\"position\":2,\"name\":\"Ventes\",\"item\":\"https:\\\/\\\/stg.visualarq.com\\\/fr\\\/sales\\\/\"},{\"@type\":\"ListItem\",\"position\":3,\"name\":\"Qu&#8217;est-ce qu&#8217;une licence \u00e9ducation ?\"}]},{\"@type\":\"WebSite\",\"@id\":\"https:\\\/\\\/stg.visualarq.com\\\/fr\\\/#website\",\"url\":\"https:\\\/\\\/stg.visualarq.com\\\/fr\\\/\",\"name\":\"VisualARQ\",\"description\":\"Flexible BIM for Rhino\",\"potentialAction\":[{\"@type\":\"SearchAction\",\"target\":{\"@type\":\"EntryPoint\",\"urlTemplate\":\"https:\\\/\\\/stg.visualarq.com\\\/fr\\\/?s={search_term_string}\"},\"query-input\":{\"@type\":\"PropertyValueSpecification\",\"valueRequired\":true,\"valueName\":\"search_term_string\"}}],\"inLanguage\":\"fr-FR\"}]}<\/script>\n<!-- \/ Yoast SEO plugin. -->","yoast_head_json":{"title":"Qu'est-ce qu'une licence \u00e9ducation ? - VisualARQ","robots":{"index":"noindex","follow":"follow","max-snippet":"max-snippet:-1","max-image-preview":"max-image-preview:large","max-video-preview":"max-video-preview:-1"},"og_locale":"fr_FR","og_type":"article","og_title":"Qu'est-ce qu'une licence \u00e9ducation ? - VisualARQ","og_description":"Une licence \u00e9ducation : est une version commerciale compl\u00e8te \u00e0 un prix sp\u00e9cial pour un seul utilisateur. est destin\u00e9e uniquement aux \u00e9tudiants, enseignants (professeurs, formateurs, assistants) et \u00e9coles (une preuve de statut est demand\u00e9e). peut \u00eatre utilis\u00e9e pour des activit\u00e9s p\u00e9dagogiques ou commerciales. n&rsquo;est pas transmissible (elle ne peut \u00eatre ni vendue ni transf\u00e9r\u00e9e \u00e0 [&hellip;]","og_url":"https:\/\/stg.visualarq.com\/fr\/sales\/what-is-an-educational-license\/","og_site_name":"VisualARQ","article_publisher":"https:\/\/www.facebook.com\/visualarq","article_modified_time":"2019-01-02T15:38:29+00:00","twitter_card":"summary_large_image","twitter_site":"@VisualARQ","schema":{"@context":"https:\/\/schema.org","@graph":[{"@type":"WebPage","@id":"https:\/\/stg.visualarq.com\/fr\/sales\/what-is-an-educational-license\/","url":"https:\/\/stg.visualarq.com\/fr\/sales\/what-is-an-educational-license\/","name":"Qu'est-ce qu'une licence \u00e9ducation ? - VisualARQ","isPartOf":{"@id":"https:\/\/stg.visualarq.com\/fr\/#website"},"datePublished":"2012-09-03T00:00:00+00:00","dateModified":"2019-01-02T15:38:29+00:00","breadcrumb":{"@id":"https:\/\/stg.visualarq.com\/fr\/sales\/what-is-an-educational-license\/#breadcrumb"},"inLanguage":"fr-FR","potentialAction":[{"@type":"ReadAction","target":["https:\/\/stg.visualarq.com\/fr\/sales\/what-is-an-educational-license\/"]}]},{"@type":"BreadcrumbList","@id":"https:\/\/stg.visualarq.com\/fr\/sales\/what-is-an-educational-license\/#breadcrumb","itemListElement":[{"@type":"ListItem","position":1,"name":"Home","item":"https:\/\/stg.visualarq.com\/fr\/home\/"},{"@type":"ListItem","position":2,"name":"Ventes","item":"https:\/\/stg.visualarq.com\/fr\/sales\/"},{"@type":"ListItem","position":3,"name":"Qu&#8217;est-ce qu&#8217;une licence \u00e9ducation ?"}]},{"@type":"WebSite","@id":"https:\/\/stg.visualarq.com\/fr\/#website","url":"https:\/\/stg.visualarq.com\/fr\/","name":"VisualARQ","description":"Flexible BIM for Rhino","potentialAction":[{"@type":"SearchAction","target":{"@type":"EntryPoint","urlTemplate":"https:\/\/stg.visualarq.com\/fr\/?s={search_term_string}"},"query-input":{"@type":"PropertyValueSpecification","valueRequired":true,"valueName":"search_term_string"}}],"inLanguage":"fr-FR"}]}},"_links":{"self":[{"href":"https:\/\/stg.visualarq.com\/fr\/wp-json\/wp\/v2\/pages\/11096","targetHints":{"allow":["GET"]}}],"collection":[{"href":"https:\/\/stg.visualarq.com\/fr\/wp-json\/wp\/v2\/pages"}],"about":[{"href":"https:\/\/stg.visualarq.com\/fr\/wp-json\/wp\/v2\/types\/page"}],"author":[{"embeddable":true,"href":"https:\/\/stg.visualarq.com\/fr\/wp-json\/wp\/v2\/users\/6"}],"replies":[{"embeddable":true,"href":"https:\/\/stg.visualarq.com\/fr\/wp-json\/wp\/v2\/comments?post=11096"}],"version-history":[{"count":0,"href":"https:\/\/stg.visualarq.com\/fr\/wp-json\/wp\/v2\/pages\/11096\/revisions"}],"up":[{"embeddable":true,"href":"https:\/\/stg.visualarq.com\/fr\/wp-json\/wp\/v2\/pages\/11025"}],"wp:attachment":[{"href":"https:\/\/stg.visualarq.com\/fr\/wp-json\/wp\/v2\/media?parent=11096"}],"curies":[{"name":"wp","href":"https:\/\/api.w.org\/{rel}","templated":true}]}}