{"id":11098,"date":"2012-09-27T00:00:00","date_gmt":"2012-09-27T00:00:00","guid":{"rendered":"https:\/\/stg.visualarq.com\/download\/eval\/rhino\/"},"modified":"2024-09-29T19:30:54","modified_gmt":"2024-09-29T19:30:54","slug":"rhino","status":"publish","type":"page","link":"https:\/\/stg.visualarq.com\/fr\/download\/eval\/rhino\/","title":{"rendered":"Rhinoceros"},"content":{"rendered":"<p>Pour t\u00e9l\u00e9charger la version d&rsquo;\u00e9valuation de VisualARQ, utilisez le lien correspondant :<\/p>\r\n<ul>\r\n<li><a href=\"https:\/\/stg.visualarq.com\/fr\/?page_id=40506\">VisualARQ pour Rhinoceros 8<\/a><\/li>\r\n<li><a href=\"https:\/\/stg.visualarq.com\/fr\/download\/eval\/rhinoceros-7-eval\/\">VisualARQ pour Rhinoceros 7<\/a><\/li>\r\n<\/ul>","protected":false},"excerpt":{"rendered":"<p>Pour t\u00e9l\u00e9charger la version d&rsquo;\u00e9valuation de VisualARQ, utilisez le lien correspondant : VisualARQ pour Rhinoceros 8 VisualARQ pour Rhinoceros 7<\/p>\n","protected":false},"author":4,"featured_media":0,"parent":11029,"menu_order":0,"comment_status":"closed","ping_status":"closed","template":"","meta":{"_et_pb_use_builder":"","_et_pb_old_content":"","_et_gb_content_width":"","footnotes":""},"class_list":["post-11098","page","type-page","status-publish","hentry"],"yoast_head":"<!-- This site is optimized with the Yoast SEO plugin v27.3 - https:\/\/yoast.com\/product\/yoast-seo-wordpress\/ -->\n<title>Rhinoceros - VisualARQ<\/title>\n<meta name=\"robots\" content=\"noindex, follow, max-snippet:-1, max-image-preview:large, max-video-preview:-1\" \/>\n<meta property=\"og:locale\" content=\"fr_FR\" \/>\n<meta property=\"og:type\" content=\"article\" \/>\n<meta property=\"og:title\" content=\"Rhinoceros - VisualARQ\" \/>\n<meta property=\"og:description\" content=\"Pour t\u00e9l\u00e9charger la version d&rsquo;\u00e9valuation de VisualARQ, utilisez le lien correspondant : VisualARQ pour Rhinoceros 8 VisualARQ pour Rhinoceros 7\" \/>\n<meta property=\"og:url\" content=\"https:\/\/stg.visualarq.com\/fr\/download\/eval\/rhino\/\" \/>\n<meta property=\"og:site_name\" content=\"VisualARQ\" \/>\n<meta property=\"article:publisher\" content=\"https:\/\/www.facebook.com\/visualarq\" \/>\n<meta property=\"article:modified_time\" content=\"2024-09-29T19:30:54+00:00\" \/>\n<meta name=\"twitter:card\" content=\"summary_large_image\" \/>\n<meta name=\"twitter:site\" content=\"@VisualARQ\" \/>\n<script type=\"application\/ld+json\" class=\"yoast-schema-graph\">{\"@context\":\"https:\\\/\\\/schema.org\",\"@graph\":[{\"@type\":\"WebPage\",\"@id\":\"https:\\\/\\\/stg.visualarq.com\\\/fr\\\/download\\\/eval\\\/rhino\\\/\",\"url\":\"https:\\\/\\\/stg.visualarq.com\\\/fr\\\/download\\\/eval\\\/rhino\\\/\",\"name\":\"Rhinoceros - VisualARQ\",\"isPartOf\":{\"@id\":\"https:\\\/\\\/stg.visualarq.com\\\/fr\\\/#website\"},\"datePublished\":\"2012-09-27T00:00:00+00:00\",\"dateModified\":\"2024-09-29T19:30:54+00:00\",\"breadcrumb\":{\"@id\":\"https:\\\/\\\/stg.visualarq.com\\\/fr\\\/download\\\/eval\\\/rhino\\\/#breadcrumb\"},\"inLanguage\":\"fr-FR\",\"potentialAction\":[{\"@type\":\"ReadAction\",\"target\":[\"https:\\\/\\\/stg.visualarq.com\\\/fr\\\/download\\\/eval\\\/rhino\\\/\"]}]},{\"@type\":\"BreadcrumbList\",\"@id\":\"https:\\\/\\\/stg.visualarq.com\\\/fr\\\/download\\\/eval\\\/rhino\\\/#breadcrumb\",\"itemListElement\":[{\"@type\":\"ListItem\",\"position\":1,\"name\":\"Home\",\"item\":\"https:\\\/\\\/stg.visualarq.com\\\/fr\\\/home\\\/\"},{\"@type\":\"ListItem\",\"position\":2,\"name\":\"T\u00e9l\u00e9charger\",\"item\":\"https:\\\/\\\/stg.visualarq.com\\\/fr\\\/download\\\/\"},{\"@type\":\"ListItem\",\"position\":3,\"name\":\"T\u00e9l\u00e9charger la version d\u2019\u00e9valuation\",\"item\":\"https:\\\/\\\/stg.visualarq.com\\\/fr\\\/download\\\/eval\\\/\"},{\"@type\":\"ListItem\",\"position\":4,\"name\":\"Rhinoceros\"}]},{\"@type\":\"WebSite\",\"@id\":\"https:\\\/\\\/stg.visualarq.com\\\/fr\\\/#website\",\"url\":\"https:\\\/\\\/stg.visualarq.com\\\/fr\\\/\",\"name\":\"VisualARQ\",\"description\":\"Flexible BIM for Rhino\",\"potentialAction\":[{\"@type\":\"SearchAction\",\"target\":{\"@type\":\"EntryPoint\",\"urlTemplate\":\"https:\\\/\\\/stg.visualarq.com\\\/fr\\\/?s={search_term_string}\"},\"query-input\":{\"@type\":\"PropertyValueSpecification\",\"valueRequired\":true,\"valueName\":\"search_term_string\"}}],\"inLanguage\":\"fr-FR\"}]}<\/script>\n<!-- \/ Yoast SEO plugin. -->","yoast_head_json":{"title":"Rhinoceros - VisualARQ","robots":{"index":"noindex","follow":"follow","max-snippet":"max-snippet:-1","max-image-preview":"max-image-preview:large","max-video-preview":"max-video-preview:-1"},"og_locale":"fr_FR","og_type":"article","og_title":"Rhinoceros - VisualARQ","og_description":"Pour t\u00e9l\u00e9charger la version d&rsquo;\u00e9valuation de VisualARQ, utilisez le lien correspondant : VisualARQ pour Rhinoceros 8 VisualARQ pour Rhinoceros 7","og_url":"https:\/\/stg.visualarq.com\/fr\/download\/eval\/rhino\/","og_site_name":"VisualARQ","article_publisher":"https:\/\/www.facebook.com\/visualarq","article_modified_time":"2024-09-29T19:30:54+00:00","twitter_card":"summary_large_image","twitter_site":"@VisualARQ","schema":{"@context":"https:\/\/schema.org","@graph":[{"@type":"WebPage","@id":"https:\/\/stg.visualarq.com\/fr\/download\/eval\/rhino\/","url":"https:\/\/stg.visualarq.com\/fr\/download\/eval\/rhino\/","name":"Rhinoceros - VisualARQ","isPartOf":{"@id":"https:\/\/stg.visualarq.com\/fr\/#website"},"datePublished":"2012-09-27T00:00:00+00:00","dateModified":"2024-09-29T19:30:54+00:00","breadcrumb":{"@id":"https:\/\/stg.visualarq.com\/fr\/download\/eval\/rhino\/#breadcrumb"},"inLanguage":"fr-FR","potentialAction":[{"@type":"ReadAction","target":["https:\/\/stg.visualarq.com\/fr\/download\/eval\/rhino\/"]}]},{"@type":"BreadcrumbList","@id":"https:\/\/stg.visualarq.com\/fr\/download\/eval\/rhino\/#breadcrumb","itemListElement":[{"@type":"ListItem","position":1,"name":"Home","item":"https:\/\/stg.visualarq.com\/fr\/home\/"},{"@type":"ListItem","position":2,"name":"T\u00e9l\u00e9charger","item":"https:\/\/stg.visualarq.com\/fr\/download\/"},{"@type":"ListItem","position":3,"name":"T\u00e9l\u00e9charger la version d\u2019\u00e9valuation","item":"https:\/\/stg.visualarq.com\/fr\/download\/eval\/"},{"@type":"ListItem","position":4,"name":"Rhinoceros"}]},{"@type":"WebSite","@id":"https:\/\/stg.visualarq.com\/fr\/#website","url":"https:\/\/stg.visualarq.com\/fr\/","name":"VisualARQ","description":"Flexible BIM for Rhino","potentialAction":[{"@type":"SearchAction","target":{"@type":"EntryPoint","urlTemplate":"https:\/\/stg.visualarq.com\/fr\/?s={search_term_string}"},"query-input":{"@type":"PropertyValueSpecification","valueRequired":true,"valueName":"search_term_string"}}],"inLanguage":"fr-FR"}]}},"_links":{"self":[{"href":"https:\/\/stg.visualarq.com\/fr\/wp-json\/wp\/v2\/pages\/11098","targetHints":{"allow":["GET"]}}],"collection":[{"href":"https:\/\/stg.visualarq.com\/fr\/wp-json\/wp\/v2\/pages"}],"about":[{"href":"https:\/\/stg.visualarq.com\/fr\/wp-json\/wp\/v2\/types\/page"}],"author":[{"embeddable":true,"href":"https:\/\/stg.visualarq.com\/fr\/wp-json\/wp\/v2\/users\/4"}],"replies":[{"embeddable":true,"href":"https:\/\/stg.visualarq.com\/fr\/wp-json\/wp\/v2\/comments?post=11098"}],"version-history":[{"count":0,"href":"https:\/\/stg.visualarq.com\/fr\/wp-json\/wp\/v2\/pages\/11098\/revisions"}],"up":[{"embeddable":true,"href":"https:\/\/stg.visualarq.com\/fr\/wp-json\/wp\/v2\/pages\/11029"}],"wp:attachment":[{"href":"https:\/\/stg.visualarq.com\/fr\/wp-json\/wp\/v2\/media?parent=11098"}],"curies":[{"name":"wp","href":"https:\/\/api.w.org\/{rel}","templated":true}]}}