{"id":11102,"date":"2013-06-20T00:00:00","date_gmt":"2013-06-20T00:00:00","guid":{"rendered":"https:\/\/stg.visualarq.com\/download\/savanna\/"},"modified":"2019-04-04T15:10:16","modified_gmt":"2019-04-04T15:10:16","slug":"savanna","status":"publish","type":"page","link":"https:\/\/stg.visualarq.com\/fr\/download\/savanna\/","title":{"rendered":"Savanna 3D"},"content":{"rendered":"<h1>Merci d&rsquo;avoir achet\u00e9 Savanna 3D<\/h1>\n<p>Le t\u00e9l\u00e9chargement de <strong>Savanna 3D<\/strong> commencera dans quelques secondes. Si le t\u00e9l\u00e9chargement ne commence pas automatiquement, <a href=\"[download-link]\">cliquez ici<\/a>.<\/p>\n<br>\n<h2>Conditions requises<\/h2>\n<ul>\n<li>Windows 2000 \/ XP \/ Vista \/ 7 (32 et 64-bit) ou sup\u00e9rieur<\/li>\n<li>Rhinoceros 6<\/li>\n<\/ul>\n<h2>Instructions d&rsquo;installation<\/h2>\n<ul>\n<li>Suivez les instructions \u00e0 l&rsquo;\u00e9cran pour enregistrer le fichier sur votre disque dur.<\/li>\n<li>Fermez toutes les sessions de Rhinoceros en cours.<\/li>\n<li>Si une version pr\u00e9c\u00e9dente de Savanna 3D est d\u00e9j\u00e0 install\u00e9e, veuillez la d\u00e9sinstaller en utilisant l&rsquo;option \u00ab\u00a0Ajouter ou supprimer des programmes\u00a0\u00bb dans le panneau de configuration de Windows\u00ae.<\/li>\n<li>Lancez le fichier que vous avez t\u00e9l\u00e9charg\u00e9 et suivez les instructions \u00e0 l&rsquo;\u00e9cran.<\/li>\n<li>Si n\u00e9cessaire, red\u00e9marrez votre ordinateur avant de lancer Rhinoceros.<\/li>\n<\/ul>","protected":false},"excerpt":{"rendered":"<p>Merci d&rsquo;avoir achet\u00e9 Savanna 3D Le t\u00e9l\u00e9chargement de Savanna 3D commencera dans quelques secondes. Si le t\u00e9l\u00e9chargement ne commence pas automatiquement, cliquez ici. Conditions requises Windows 2000 \/ XP \/ Vista \/ 7 (32 et 64-bit) ou sup\u00e9rieur Rhinoceros 6 Instructions d&rsquo;installation Suivez les instructions \u00e0 l&rsquo;\u00e9cran pour enregistrer le fichier sur votre disque dur. [&hellip;]<\/p>\n","protected":false},"author":4,"featured_media":0,"parent":11160,"menu_order":0,"comment_status":"closed","ping_status":"closed","template":"page-download.php","meta":{"_et_pb_use_builder":"","_et_pb_old_content":"","_et_gb_content_width":"","footnotes":""},"class_list":["post-11102","page","type-page","status-publish","hentry"],"yoast_head":"<!-- This site is optimized with the Yoast SEO plugin v27.2 - https:\/\/yoast.com\/product\/yoast-seo-wordpress\/ -->\n<title>Savanna 3D - VisualARQ<\/title>\n<meta name=\"robots\" content=\"noindex, follow, max-snippet:-1, max-image-preview:large, max-video-preview:-1\" \/>\n<meta property=\"og:locale\" content=\"fr_FR\" \/>\n<meta property=\"og:type\" content=\"article\" \/>\n<meta property=\"og:title\" content=\"Savanna 3D - VisualARQ\" \/>\n<meta property=\"og:description\" content=\"Merci d&rsquo;avoir achet\u00e9 Savanna 3D Le t\u00e9l\u00e9chargement de Savanna 3D commencera dans quelques secondes. Si le t\u00e9l\u00e9chargement ne commence pas automatiquement, cliquez ici. Conditions requises Windows 2000 \/ XP \/ Vista \/ 7 (32 et 64-bit) ou sup\u00e9rieur Rhinoceros 6 Instructions d&rsquo;installation Suivez les instructions \u00e0 l&rsquo;\u00e9cran pour enregistrer le fichier sur votre disque dur. [&hellip;]\" \/>\n<meta property=\"og:url\" content=\"https:\/\/stg.visualarq.com\/fr\/download\/savanna\/\" \/>\n<meta property=\"og:site_name\" content=\"VisualARQ\" \/>\n<meta property=\"article:publisher\" content=\"https:\/\/www.facebook.com\/visualarq\" \/>\n<meta property=\"article:modified_time\" content=\"2019-04-04T15:10:16+00:00\" \/>\n<meta name=\"twitter:card\" content=\"summary_large_image\" \/>\n<meta name=\"twitter:site\" content=\"@VisualARQ\" \/>\n<meta name=\"twitter:label1\" content=\"Dur\u00e9e de lecture estim\u00e9e\" \/>\n\t<meta name=\"twitter:data1\" content=\"1 minute\" \/>\n<script type=\"application\/ld+json\" class=\"yoast-schema-graph\">{\"@context\":\"https:\/\/schema.org\",\"@graph\":[{\"@type\":\"WebPage\",\"@id\":\"https:\/\/stg.visualarq.com\/fr\/download\/savanna\/\",\"url\":\"https:\/\/stg.visualarq.com\/fr\/download\/savanna\/\",\"name\":\"Savanna 3D - VisualARQ\",\"isPartOf\":{\"@id\":\"https:\/\/stg.visualarq.com\/fr\/#website\"},\"datePublished\":\"2013-06-20T00:00:00+00:00\",\"dateModified\":\"2019-04-04T15:10:16+00:00\",\"breadcrumb\":{\"@id\":\"https:\/\/stg.visualarq.com\/fr\/download\/savanna\/#breadcrumb\"},\"inLanguage\":\"fr-FR\",\"potentialAction\":[{\"@type\":\"ReadAction\",\"target\":[\"https:\/\/stg.visualarq.com\/fr\/download\/savanna\/\"]}]},{\"@type\":\"BreadcrumbList\",\"@id\":\"https:\/\/stg.visualarq.com\/fr\/download\/savanna\/#breadcrumb\",\"itemListElement\":[{\"@type\":\"ListItem\",\"position\":1,\"name\":\"Home\",\"item\":\"https:\/\/stg.visualarq.com\/fr\/home\/\"},{\"@type\":\"ListItem\",\"position\":2,\"name\":\"T\u00e9l\u00e9charger\",\"item\":\"https:\/\/stg.visualarq.com\/fr\/download\/\"},{\"@type\":\"ListItem\",\"position\":3,\"name\":\"Savanna 3D\"}]},{\"@type\":\"WebSite\",\"@id\":\"https:\/\/stg.visualarq.com\/fr\/#website\",\"url\":\"https:\/\/stg.visualarq.com\/fr\/\",\"name\":\"VisualARQ\",\"description\":\"Flexible BIM for Rhino\",\"potentialAction\":[{\"@type\":\"SearchAction\",\"target\":{\"@type\":\"EntryPoint\",\"urlTemplate\":\"https:\/\/stg.visualarq.com\/fr\/?s={search_term_string}\"},\"query-input\":{\"@type\":\"PropertyValueSpecification\",\"valueRequired\":true,\"valueName\":\"search_term_string\"}}],\"inLanguage\":\"fr-FR\"}]}<\/script>\n<!-- \/ Yoast SEO plugin. -->","yoast_head_json":{"title":"Savanna 3D - VisualARQ","robots":{"index":"noindex","follow":"follow","max-snippet":"max-snippet:-1","max-image-preview":"max-image-preview:large","max-video-preview":"max-video-preview:-1"},"og_locale":"fr_FR","og_type":"article","og_title":"Savanna 3D - VisualARQ","og_description":"Merci d&rsquo;avoir achet\u00e9 Savanna 3D Le t\u00e9l\u00e9chargement de Savanna 3D commencera dans quelques secondes. Si le t\u00e9l\u00e9chargement ne commence pas automatiquement, cliquez ici. Conditions requises Windows 2000 \/ XP \/ Vista \/ 7 (32 et 64-bit) ou sup\u00e9rieur Rhinoceros 6 Instructions d&rsquo;installation Suivez les instructions \u00e0 l&rsquo;\u00e9cran pour enregistrer le fichier sur votre disque dur. [&hellip;]","og_url":"https:\/\/stg.visualarq.com\/fr\/download\/savanna\/","og_site_name":"VisualARQ","article_publisher":"https:\/\/www.facebook.com\/visualarq","article_modified_time":"2019-04-04T15:10:16+00:00","twitter_card":"summary_large_image","twitter_site":"@VisualARQ","twitter_misc":{"Dur\u00e9e de lecture estim\u00e9e":"1 minute"},"schema":{"@context":"https:\/\/schema.org","@graph":[{"@type":"WebPage","@id":"https:\/\/stg.visualarq.com\/fr\/download\/savanna\/","url":"https:\/\/stg.visualarq.com\/fr\/download\/savanna\/","name":"Savanna 3D - VisualARQ","isPartOf":{"@id":"https:\/\/stg.visualarq.com\/fr\/#website"},"datePublished":"2013-06-20T00:00:00+00:00","dateModified":"2019-04-04T15:10:16+00:00","breadcrumb":{"@id":"https:\/\/stg.visualarq.com\/fr\/download\/savanna\/#breadcrumb"},"inLanguage":"fr-FR","potentialAction":[{"@type":"ReadAction","target":["https:\/\/stg.visualarq.com\/fr\/download\/savanna\/"]}]},{"@type":"BreadcrumbList","@id":"https:\/\/stg.visualarq.com\/fr\/download\/savanna\/#breadcrumb","itemListElement":[{"@type":"ListItem","position":1,"name":"Home","item":"https:\/\/stg.visualarq.com\/fr\/home\/"},{"@type":"ListItem","position":2,"name":"T\u00e9l\u00e9charger","item":"https:\/\/stg.visualarq.com\/fr\/download\/"},{"@type":"ListItem","position":3,"name":"Savanna 3D"}]},{"@type":"WebSite","@id":"https:\/\/stg.visualarq.com\/fr\/#website","url":"https:\/\/stg.visualarq.com\/fr\/","name":"VisualARQ","description":"Flexible BIM for Rhino","potentialAction":[{"@type":"SearchAction","target":{"@type":"EntryPoint","urlTemplate":"https:\/\/stg.visualarq.com\/fr\/?s={search_term_string}"},"query-input":{"@type":"PropertyValueSpecification","valueRequired":true,"valueName":"search_term_string"}}],"inLanguage":"fr-FR"}]}},"_links":{"self":[{"href":"https:\/\/stg.visualarq.com\/fr\/wp-json\/wp\/v2\/pages\/11102","targetHints":{"allow":["GET"]}}],"collection":[{"href":"https:\/\/stg.visualarq.com\/fr\/wp-json\/wp\/v2\/pages"}],"about":[{"href":"https:\/\/stg.visualarq.com\/fr\/wp-json\/wp\/v2\/types\/page"}],"author":[{"embeddable":true,"href":"https:\/\/stg.visualarq.com\/fr\/wp-json\/wp\/v2\/users\/4"}],"replies":[{"embeddable":true,"href":"https:\/\/stg.visualarq.com\/fr\/wp-json\/wp\/v2\/comments?post=11102"}],"version-history":[{"count":0,"href":"https:\/\/stg.visualarq.com\/fr\/wp-json\/wp\/v2\/pages\/11102\/revisions"}],"up":[{"embeddable":true,"href":"https:\/\/stg.visualarq.com\/fr\/wp-json\/wp\/v2\/pages\/11160"}],"wp:attachment":[{"href":"https:\/\/stg.visualarq.com\/fr\/wp-json\/wp\/v2\/media?parent=11102"}],"curies":[{"name":"wp","href":"https:\/\/api.w.org\/{rel}","templated":true}]}}