{"id":11106,"date":"2014-03-25T00:00:00","date_gmt":"2014-03-25T00:00:00","guid":{"rendered":"https:\/\/stg.visualarq.com\/download\/purchase\/"},"modified":"2022-02-01T15:06:48","modified_gmt":"2022-02-01T15:06:48","slug":"purchase","status":"publish","type":"page","link":"https:\/\/stg.visualarq.com\/fr\/download\/purchase\/","title":{"rendered":"Acheter"},"content":{"rendered":"[et_pb_section fb_built=\u00a0\u00bb1&Prime; _builder_version=\u00a0\u00bb3.22&Prime; global_colors_info=\u00a0\u00bb{}\u00a0\u00bb][et_pb_row column_structure=\u00a0\u00bb1_2,1_2&Prime; _builder_version=\u00a0\u00bb3.25&Prime; background_size=\u00a0\u00bbinitial\u00a0\u00bb background_position=\u00a0\u00bbtop_left\u00a0\u00bb background_repeat=\u00a0\u00bbrepeat\u00a0\u00bb global_colors_info=\u00a0\u00bb{}\u00a0\u00bb][et_pb_column type=\u00a0\u00bb1_2&Prime; _builder_version=\u00a0\u00bb3.25&Prime; custom_padding=\u00a0\u00bb|||\u00a0\u00bb global_colors_info=\u00a0\u00bb{}\u00a0\u00bb custom_padding__hover=\u00a0\u00bb|||\u00a0\u00bb][et_pb_text _builder_version=\u00a0\u00bb3.27.4&Prime; border_style=\u00a0\u00bbsolid\u00a0\u00bb global_colors_info=\u00a0\u00bb{}\u00a0\u00bb]<h1>Merci d&rsquo;avoir achet\u00e9 VisualARQ !<\/h1>\n<p>Remplissez le formulaire pour t\u00e9l\u00e9charger la derni\u00e8re version de VisualARQ (<a href=\"https:\/\/stg.visualarq.com\/fr\/info\/whats-new\/\">voir les nouveaut\u00e9s<\/a>). Utilisez la cl\u00e9 de licence (CDKEY) que vous avez re\u00e7ue avec votre commande.<\/p>\n<p>Consultez vos messages, v\u00e9rifiez \u00e9galement votre dossier de courriers ind\u00e9sirables. Ajoutez l&rsquo;adresse \u00ab\u00a0<a href=\"mailto:visualarq@asuni.com\">visualarq@asuni.com<\/a>\u00a0\u00bb dans votre liste d&rsquo;autorisations afin de recevoir les messages de VisualARQ.<\/p>\n<p>&nbsp;<\/p>\n<h2>N&rsquo;oubliez pas :<\/h2>\n<ul>\n<li>Utilisez votre cl\u00e9 de licence pour <a href=\"https:\/\/stg.visualarq.com\/fr\/download\/update\/\"><strong>t\u00e9l\u00e9charger les mises \u00e0 jour de VisualARQ<\/strong><\/a> lorsqu&rsquo;une nouvelle version est disponible.<\/li>\n<li>Visitez le <a href=\"https:\/\/discourse.mcneel.com\/c\/visualarq\/\"><strong>Forum de VisualARQ<\/strong><\/a> pour publier vos projets, poser des questions ou partager des id\u00e9es avec d&rsquo;autres utilisateurs.<\/li>\n<li><a href=\"mailto:visualarq@asuni.com\"><strong>Contactez-nous<\/strong><\/a> pour toute question, demande ou probl\u00e8me. Nous sommes l\u00e0 pour vous aider !<\/li>\n<\/ul>\n<h2>Mat\u00e9riel d&rsquo;apprentissage :<\/h2>\n<ul>\n<li><strong>Aide <\/strong>: Le fichier d&rsquo;aide est disponible dans le menu d\u00e9roulant de Rhino apr\u00e8s avoir install\u00e9 VisualARQ.<\/li>\n<li><strong><a href=\"https:\/\/stg.visualarq.com\/fr\/learn\/video-tutorial\/\">Tutoriel vid\u00e9o <\/a><\/strong>: Ce tutoriel vid\u00e9o pas \u00e0 pas vous guidera \u00e0 travers les fonctions de VisualARQ avec le projet de mod\u00e9lisation de la Ville Savoye. <\/li>\n<li><a href=\"https:\/\/stg.visualarq.com\/fr\/learn\/videos\/\"><strong>Galerie de vid\u00e9os<\/strong><\/a><\/li>\n<li><a href=\"https:\/\/stg.visualarq.com\/fr\/support\/tips\/\"><strong>Trucs et astuces<\/strong><\/a><\/li>\n<\/ul>[\/et_pb_text][\/et_pb_column][et_pb_column type=\u00a0\u00bb1_2&Prime; _builder_version=\u00a0\u00bb3.25&Prime; custom_padding=\u00a0\u00bb|||\u00a0\u00bb global_colors_info=\u00a0\u00bb{}\u00a0\u00bb custom_padding__hover=\u00a0\u00bb|||\u00a0\u00bb][et_pb_text _builder_version=\u00a0\u00bb3.27.4&Prime; border_style=\u00a0\u00bbsolid\u00a0\u00bb global_colors_info=\u00a0\u00bb{}\u00a0\u00bb]<div class=\"div-sobre-iframe\"><iframe loading=\"lazy\" onload=\"iFrameResize()\" src=\"https:\/\/fz2.asuni.com\/form\/?fz=53&lang=fr\" width=\"100%\" height=\"40px\" frameborder=\"0\">Form<\/iframe><\/div>[\/et_pb_text][\/et_pb_column][\/et_pb_row][\/et_pb_section]","protected":false},"excerpt":{"rendered":"<p>Merci d&rsquo;avoir achet\u00e9 VisualARQ ! Remplissez le formulaire pour t\u00e9l\u00e9charger la derni\u00e8re version de VisualARQ (voir les nouveaut\u00e9s). Utilisez la cl\u00e9 de licence (CDKEY) que vous avez re\u00e7ue avec votre commande. Consultez vos messages, v\u00e9rifiez \u00e9galement votre dossier de courriers ind\u00e9sirables. Ajoutez l&rsquo;adresse \u00ab\u00a0visualarq@asuni.com\u00a0\u00bb dans votre liste d&rsquo;autorisations afin de recevoir les messages de VisualARQ. [&hellip;]<\/p>\n","protected":false},"author":6,"featured_media":0,"parent":11160,"menu_order":0,"comment_status":"closed","ping_status":"closed","template":"","meta":{"_et_pb_use_builder":"on","_et_pb_old_content":"","_et_gb_content_width":"","footnotes":""},"class_list":["post-11106","page","type-page","status-publish","hentry"],"yoast_head":"<!-- This site is optimized with the Yoast SEO plugin v27.3 - https:\/\/yoast.com\/product\/yoast-seo-wordpress\/ -->\n<title>Acheter - VisualARQ<\/title>\n<meta name=\"robots\" content=\"noindex, follow, max-snippet:-1, max-image-preview:large, max-video-preview:-1\" \/>\n<meta property=\"og:locale\" content=\"fr_FR\" \/>\n<meta property=\"og:type\" content=\"article\" \/>\n<meta property=\"og:title\" content=\"Acheter - VisualARQ\" \/>\n<meta property=\"og:description\" content=\"Merci d&#039;avoir achet\u00e9 VisualARQ ! Remplissez le formulaire pour t\u00e9l\u00e9charger la derni\u00e8re version de VisualARQ (voir les nouveaut\u00e9s). Utilisez la cl\u00e9 de licence (CDKEY) que vous avez re\u00e7ue avec votre commande. Consultez vos messages, v\u00e9rifiez \u00e9galement votre dossier de courriers ind\u00e9sirables. Ajoutez l&#039;adresse &quot;visualarq@asuni.com&quot; dans votre liste d&#039;autorisations afin de recevoir les messages de VisualARQ. [&hellip;]\" \/>\n<meta property=\"og:url\" content=\"https:\/\/stg.visualarq.com\/fr\/download\/purchase\/\" \/>\n<meta property=\"og:site_name\" content=\"VisualARQ\" \/>\n<meta property=\"article:publisher\" content=\"https:\/\/www.facebook.com\/visualarq\" \/>\n<meta property=\"article:modified_time\" content=\"2022-02-01T15:06:48+00:00\" \/>\n<meta name=\"twitter:card\" content=\"summary_large_image\" \/>\n<meta name=\"twitter:site\" content=\"@VisualARQ\" \/>\n<meta name=\"twitter:label1\" content=\"Dur\u00e9e de lecture estim\u00e9e\" \/>\n\t<meta name=\"twitter:data1\" content=\"1 minute\" \/>\n<script type=\"application\/ld+json\" class=\"yoast-schema-graph\">{\"@context\":\"https:\\\/\\\/schema.org\",\"@graph\":[{\"@type\":\"WebPage\",\"@id\":\"https:\\\/\\\/stg.visualarq.com\\\/fr\\\/download\\\/purchase\\\/\",\"url\":\"https:\\\/\\\/stg.visualarq.com\\\/fr\\\/download\\\/purchase\\\/\",\"name\":\"Acheter - VisualARQ\",\"isPartOf\":{\"@id\":\"https:\\\/\\\/stg.visualarq.com\\\/fr\\\/#website\"},\"datePublished\":\"2014-03-25T00:00:00+00:00\",\"dateModified\":\"2022-02-01T15:06:48+00:00\",\"breadcrumb\":{\"@id\":\"https:\\\/\\\/stg.visualarq.com\\\/fr\\\/download\\\/purchase\\\/#breadcrumb\"},\"inLanguage\":\"fr-FR\",\"potentialAction\":[{\"@type\":\"ReadAction\",\"target\":[\"https:\\\/\\\/stg.visualarq.com\\\/fr\\\/download\\\/purchase\\\/\"]}]},{\"@type\":\"BreadcrumbList\",\"@id\":\"https:\\\/\\\/stg.visualarq.com\\\/fr\\\/download\\\/purchase\\\/#breadcrumb\",\"itemListElement\":[{\"@type\":\"ListItem\",\"position\":1,\"name\":\"Home\",\"item\":\"https:\\\/\\\/stg.visualarq.com\\\/fr\\\/home\\\/\"},{\"@type\":\"ListItem\",\"position\":2,\"name\":\"T\u00e9l\u00e9charger\",\"item\":\"https:\\\/\\\/stg.visualarq.com\\\/fr\\\/download\\\/\"},{\"@type\":\"ListItem\",\"position\":3,\"name\":\"Acheter\"}]},{\"@type\":\"WebSite\",\"@id\":\"https:\\\/\\\/stg.visualarq.com\\\/fr\\\/#website\",\"url\":\"https:\\\/\\\/stg.visualarq.com\\\/fr\\\/\",\"name\":\"VisualARQ\",\"description\":\"Flexible BIM for Rhino\",\"potentialAction\":[{\"@type\":\"SearchAction\",\"target\":{\"@type\":\"EntryPoint\",\"urlTemplate\":\"https:\\\/\\\/stg.visualarq.com\\\/fr\\\/?s={search_term_string}\"},\"query-input\":{\"@type\":\"PropertyValueSpecification\",\"valueRequired\":true,\"valueName\":\"search_term_string\"}}],\"inLanguage\":\"fr-FR\"}]}<\/script>\n<!-- \/ Yoast SEO plugin. -->","yoast_head_json":{"title":"Acheter - VisualARQ","robots":{"index":"noindex","follow":"follow","max-snippet":"max-snippet:-1","max-image-preview":"max-image-preview:large","max-video-preview":"max-video-preview:-1"},"og_locale":"fr_FR","og_type":"article","og_title":"Acheter - VisualARQ","og_description":"Merci d'avoir achet\u00e9 VisualARQ ! Remplissez le formulaire pour t\u00e9l\u00e9charger la derni\u00e8re version de VisualARQ (voir les nouveaut\u00e9s). Utilisez la cl\u00e9 de licence (CDKEY) que vous avez re\u00e7ue avec votre commande. Consultez vos messages, v\u00e9rifiez \u00e9galement votre dossier de courriers ind\u00e9sirables. Ajoutez l'adresse \"visualarq@asuni.com\" dans votre liste d'autorisations afin de recevoir les messages de VisualARQ. [&hellip;]","og_url":"https:\/\/stg.visualarq.com\/fr\/download\/purchase\/","og_site_name":"VisualARQ","article_publisher":"https:\/\/www.facebook.com\/visualarq","article_modified_time":"2022-02-01T15:06:48+00:00","twitter_card":"summary_large_image","twitter_site":"@VisualARQ","twitter_misc":{"Dur\u00e9e de lecture estim\u00e9e":"1 minute"},"schema":{"@context":"https:\/\/schema.org","@graph":[{"@type":"WebPage","@id":"https:\/\/stg.visualarq.com\/fr\/download\/purchase\/","url":"https:\/\/stg.visualarq.com\/fr\/download\/purchase\/","name":"Acheter - VisualARQ","isPartOf":{"@id":"https:\/\/stg.visualarq.com\/fr\/#website"},"datePublished":"2014-03-25T00:00:00+00:00","dateModified":"2022-02-01T15:06:48+00:00","breadcrumb":{"@id":"https:\/\/stg.visualarq.com\/fr\/download\/purchase\/#breadcrumb"},"inLanguage":"fr-FR","potentialAction":[{"@type":"ReadAction","target":["https:\/\/stg.visualarq.com\/fr\/download\/purchase\/"]}]},{"@type":"BreadcrumbList","@id":"https:\/\/stg.visualarq.com\/fr\/download\/purchase\/#breadcrumb","itemListElement":[{"@type":"ListItem","position":1,"name":"Home","item":"https:\/\/stg.visualarq.com\/fr\/home\/"},{"@type":"ListItem","position":2,"name":"T\u00e9l\u00e9charger","item":"https:\/\/stg.visualarq.com\/fr\/download\/"},{"@type":"ListItem","position":3,"name":"Acheter"}]},{"@type":"WebSite","@id":"https:\/\/stg.visualarq.com\/fr\/#website","url":"https:\/\/stg.visualarq.com\/fr\/","name":"VisualARQ","description":"Flexible BIM for Rhino","potentialAction":[{"@type":"SearchAction","target":{"@type":"EntryPoint","urlTemplate":"https:\/\/stg.visualarq.com\/fr\/?s={search_term_string}"},"query-input":{"@type":"PropertyValueSpecification","valueRequired":true,"valueName":"search_term_string"}}],"inLanguage":"fr-FR"}]}},"_links":{"self":[{"href":"https:\/\/stg.visualarq.com\/fr\/wp-json\/wp\/v2\/pages\/11106","targetHints":{"allow":["GET"]}}],"collection":[{"href":"https:\/\/stg.visualarq.com\/fr\/wp-json\/wp\/v2\/pages"}],"about":[{"href":"https:\/\/stg.visualarq.com\/fr\/wp-json\/wp\/v2\/types\/page"}],"author":[{"embeddable":true,"href":"https:\/\/stg.visualarq.com\/fr\/wp-json\/wp\/v2\/users\/6"}],"replies":[{"embeddable":true,"href":"https:\/\/stg.visualarq.com\/fr\/wp-json\/wp\/v2\/comments?post=11106"}],"version-history":[{"count":0,"href":"https:\/\/stg.visualarq.com\/fr\/wp-json\/wp\/v2\/pages\/11106\/revisions"}],"up":[{"embeddable":true,"href":"https:\/\/stg.visualarq.com\/fr\/wp-json\/wp\/v2\/pages\/11160"}],"wp:attachment":[{"href":"https:\/\/stg.visualarq.com\/fr\/wp-json\/wp\/v2\/media?parent=11106"}],"curies":[{"name":"wp","href":"https:\/\/api.w.org\/{rel}","templated":true}]}}