{"id":11108,"date":"2014-05-12T00:00:00","date_gmt":"2014-05-12T00:00:00","guid":{"rendered":"https:\/\/stg.visualarq.com\/download\/resources\/"},"modified":"2024-10-07T10:21:18","modified_gmt":"2024-10-07T10:21:18","slug":"resources","status":"publish","type":"page","link":"https:\/\/stg.visualarq.com\/fr\/download\/resources\/","title":{"rendered":"Ressources"},"content":{"rendered":"[et_pb_section fb_built=\u00a0\u00bb1&Prime; admin_label=\u00a0\u00bbsection\u00a0\u00bb _builder_version=\u00a0\u00bb4.16&Prime; da_disable_devices=\u00a0\u00bboff|off|off\u00a0\u00bb global_colors_info=\u00a0\u00bb{}\u00a0\u00bb da_is_popup=\u00a0\u00bboff\u00a0\u00bb da_exit_intent=\u00a0\u00bboff\u00a0\u00bb da_has_close=\u00a0\u00bbon\u00a0\u00bb da_alt_close=\u00a0\u00bboff\u00a0\u00bb da_dark_close=\u00a0\u00bboff\u00a0\u00bb da_not_modal=\u00a0\u00bbon\u00a0\u00bb da_is_singular=\u00a0\u00bboff\u00a0\u00bb da_with_loader=\u00a0\u00bboff\u00a0\u00bb da_has_shadow=\u00a0\u00bbon\u00a0\u00bb][et_pb_row admin_label=\u00a0\u00bbrow\u00a0\u00bb _builder_version=\u00a0\u00bb4.16&Prime; background_size=\u00a0\u00bbinitial\u00a0\u00bb background_position=\u00a0\u00bbtop_left\u00a0\u00bb background_repeat=\u00a0\u00bbrepeat\u00a0\u00bb global_colors_info=\u00a0\u00bb{}\u00a0\u00bb][et_pb_column type=\u00a0\u00bb4_4&Prime; _builder_version=\u00a0\u00bb4.16&Prime; custom_padding=\u00a0\u00bb|||\u00a0\u00bb global_colors_info=\u00a0\u00bb{}\u00a0\u00bb custom_padding__hover=\u00a0\u00bb|||\u00a0\u00bb][et_pb_text _builder_version=\u00a0\u00bb4.27.0&Prime; background_size=\u00a0\u00bbinitial\u00a0\u00bb background_position=\u00a0\u00bbtop_left\u00a0\u00bb background_repeat=\u00a0\u00bbrepeat\u00a0\u00bb use_border_color=\u00a0\u00bboff\u00a0\u00bb border_color=\u00a0\u00bb#ffffff\u00a0\u00bb border_style=\u00a0\u00bbsolid\u00a0\u00bb global_colors_info=\u00a0\u00bb{}\u00a0\u00bb]<p><a name=\"zoo\"><\/a><\/p>\n<h1>Module Zoo pour VisualARQ<\/h1>\n<p><a href=\"https:\/\/www.rhino3d.com\/download\/zoo\/6\/latest\"><img loading=\"lazy\" decoding=\"async\" class=\"alignright size-full wp-image-12359\" src=\"https:\/\/stg.visualarq.com\/wp-content\/uploads\/sites\/2\/2016\/04\/zooLogoshort.png\" alt=\"zooLogoshort\" width=\"300\" height=\"128\" \/><\/a>Le module Zoo de VisualARQ permet de partager les licences de VisualARQ avec des utilisateurs du m\u00eame groupe de travail.<\/p>\n<p>Le module Zoo pour VisualARQ est disponible pour <strong>Lan Zoo 8\u00a0:<\/strong><\/p>\n<p>Configuration requise :<\/p>\n<ul>\n<li><strong>LAN Zoo 8 &#8211;  Gestionnaire de licences r\u00e9seau<\/strong> (<a href=\"https:\/\/www.rhino3d.com\/download\/zoo\/latest\/\">T\u00e9l\u00e9charger<\/a>)<\/li>\n<li><strong>VisualARQ 2 ou VisualARQ 3<\/strong><\/li>\n<\/ul>[\/et_pb_text][et_pb_button button_url=\u00a0\u00bbhttps:\/\/visualarq.s3.amazonaws.com\/download\/VisualARQ3-Zoo8.msi\u00a0\u00bb button_text=\u00a0\u00bbT\u00e9l\u00e9charger le module Zoo de VisualARQ pour Zoo 8&Prime; button_alignment=\u00a0\u00bbleft\u00a0\u00bb admin_label=\u00a0\u00bbBot\u00f3n download para Zoo 8&Prime; _builder_version=\u00a0\u00bb4.27.0&Prime; custom_button=\u00a0\u00bbon\u00a0\u00bb button_text_color=\u00a0\u00bb#2191ab\u00a0\u00bb button_border_color=\u00a0\u00bb#2191ab\u00a0\u00bb button_letter_spacing_hover=\u00a0\u00bb0&Prime; saved_tabs=\u00a0\u00bball\u00a0\u00bb global_colors_info=\u00a0\u00bb{}\u00a0\u00bb button_text_size__hover_enabled=\u00a0\u00bboff\u00a0\u00bb button_one_text_size__hover_enabled=\u00a0\u00bboff\u00a0\u00bb button_two_text_size__hover_enabled=\u00a0\u00bboff\u00a0\u00bb button_text_color__hover_enabled=\u00a0\u00bboff\u00a0\u00bb button_one_text_color__hover_enabled=\u00a0\u00bboff\u00a0\u00bb button_two_text_color__hover_enabled=\u00a0\u00bboff\u00a0\u00bb button_border_width__hover_enabled=\u00a0\u00bboff\u00a0\u00bb button_one_border_width__hover_enabled=\u00a0\u00bboff\u00a0\u00bb button_two_border_width__hover_enabled=\u00a0\u00bboff\u00a0\u00bb button_border_color__hover_enabled=\u00a0\u00bboff\u00a0\u00bb button_one_border_color__hover_enabled=\u00a0\u00bboff\u00a0\u00bb button_two_border_color__hover_enabled=\u00a0\u00bboff\u00a0\u00bb button_border_radius__hover_enabled=\u00a0\u00bboff\u00a0\u00bb button_one_border_radius__hover_enabled=\u00a0\u00bboff\u00a0\u00bb button_two_border_radius__hover_enabled=\u00a0\u00bboff\u00a0\u00bb button_letter_spacing__hover_enabled=\u00a0\u00bbon\u00a0\u00bb button_letter_spacing__hover=\u00a0\u00bb0&Prime; button_one_letter_spacing__hover_enabled=\u00a0\u00bboff\u00a0\u00bb button_two_letter_spacing__hover_enabled=\u00a0\u00bboff\u00a0\u00bb button_bg_color__hover_enabled=\u00a0\u00bboff\u00a0\u00bb button_one_bg_color__hover_enabled=\u00a0\u00bboff\u00a0\u00bb button_two_bg_color__hover_enabled=\u00a0\u00bboff\u00a0\u00bb][\/et_pb_button][et_pb_text _builder_version=\u00a0\u00bb4.16&Prime; background_size=\u00a0\u00bbinitial\u00a0\u00bb background_position=\u00a0\u00bbtop_left\u00a0\u00bb background_repeat=\u00a0\u00bbrepeat\u00a0\u00bb use_border_color=\u00a0\u00bboff\u00a0\u00bb border_color=\u00a0\u00bb#ffffff\u00a0\u00bb border_style=\u00a0\u00bbsolid\u00a0\u00bb global_colors_info=\u00a0\u00bb{}\u00a0\u00bb]<h2>Comment cela fonctionne\u00a0?<\/h2>\nSi VisualARQ est install\u00e9 comme n\u0153ud de groupe de travail au lieu d&rsquo;\u00eatre install\u00e9 de fa\u00e7on autonome, le syst\u00e8me fonctionne ainsi :\n<ul>\n \t<li>Lorsqu&rsquo;un n\u0153ud du groupe de travail est lanc\u00e9, une licence est demand\u00e9e au Zoo.<\/li>\n \t<li>Une licence libre est assign\u00e9e au n\u0153ud.<\/li>\n \t<li>Lorsqu&rsquo;un n\u0153ud est ferm\u00e9, la licence retourne dans la liste des licences dans le Zoo.<\/li>\n<\/ul>\nAfin de changer de mode de licence et d&rsquo;utiliser une licence en r\u00e9seau, lancez la commande <kbd>vaLicence<\/kbd> . (<a href=\"https:\/\/stg.visualarq.com\/fr\/info\/license-modes\/\">En savoir plus sur les modes de licence<\/a>).\n\n<strong>Remarque\u00a0:<\/strong> les licences r\u00e9seau de VisualARQ peuvent aussi \u00eatre g\u00e9r\u00e9es avec le <a href=\"https:\/\/stg.visualarq.com\/features\/collaboration\/#Zoo\">Cloud Zoo<\/a>.\n\n<h2 class=\"mt-3\"><a href=\"https:\/\/wiki.mcneel.com\/zoo\/home\">Qu&rsquo;est-ce que le Zoo ?<\/a><\/h2>\n<iframe loading=\"lazy\" src=\"\/\/player.vimeo.com\/video\/89968285?title=0&amp;byline=0&amp;portrait=0\" width=\"900\" height=\"506\" frameborder=\"0\" allowfullscreen=\"allowfullscreen\"><\/iframe>[\/et_pb_text][et_pb_text admin_label=\u00a0\u00bbProblems\u00a0\u00bb _builder_version=\u00a0\u00bb4.16&Prime; background_size=\u00a0\u00bbinitial\u00a0\u00bb background_position=\u00a0\u00bbtop_left\u00a0\u00bb background_repeat=\u00a0\u00bbrepeat\u00a0\u00bb use_border_color=\u00a0\u00bboff\u00a0\u00bb border_color=\u00a0\u00bb#ffffff\u00a0\u00bb border_style=\u00a0\u00bbsolid\u00a0\u00bb global_colors_info=\u00a0\u00bb{}\u00a0\u00bb]<h2>Probl\u00e8mes<\/h2>[\/et_pb_text][et_pb_toggle title=\u00a0\u00bbJe ne peux pas ajouter la licence de VisualARQ dans le Zoo\u00a0\u00bb admin_label=\u00a0\u00bbI can&rsquo;t add the license\u00a0\u00bb _builder_version=\u00a0\u00bb4.16&Prime; global_colors_info=\u00a0\u00bb{}\u00a0\u00bb]Ce probl\u00e8me est d\u00fb \u00e0 une dll de Microsoft non install\u00e9e sur l&rsquo;ordinateur o\u00f9 se trouve le Zoo.\nPour r\u00e9soudre ce probl\u00e8me, suivez ces instructions\u00a0:\n<ol>\n<li>Supprimez les licences de VisualARQ se trouvant sur le Zoo le cas \u00e9ch\u00e9ant (Il est n\u00e9cessaire d&rsquo;activer l&rsquo;option pour v\u00e9rifier les licences du Zoo (dans le menu Zoo > Outils > Options). <\/li>\n<li>D\u00e9sinstallez le module Zoo de VisualARQ.<\/li>\n<li>T\u00e9l\u00e9chargez et installez ce fichier de Microsoft : <a href=\"https:\/\/download.microsoft.com\/download\/C\/6\/D\/C6D0FD4E-9E53-4897-9B91-836EBA2AACD3\/vcredist_x86.exe\">https:\/\/download.microsoft.com\/download\/C\/6\/D\/C6D0FD4E-9E53-4897-9B91-836EBA2AACD3\/vcredist_x86.exe<\/a><\/li>\n<li>V\u00e9rifiez qu&rsquo;aucun module Zoo de VisualARQ (version 1 ou 2) n&rsquo;est install\u00e9 sur votre ordinateur.<\/li>\n<li>Installez le module Zoo de VisualARQ pour le Zoo correspondant (T\u00e9l\u00e9chargement disponible sur cette page).<\/li>\n<li>Red\u00e9marrez le serveur (recommand\u00e9).<\/li>\n<li>Lancez le Zoo et ajoutez une licence de VisualARQ.<\/li>\n<\/ol>[\/et_pb_toggle][et_pb_toggle title=\u00a0\u00bbJe ne peux pas supprimer une licence de VisualARQ du Zoo\u00a0\u00bb admin_label=\u00a0\u00bbunable to remove a VisualARQ license from the Zoo\u00a0\u00bb _builder_version=\u00a0\u00bb4.16&Prime; global_colors_info=\u00a0\u00bb{}\u00a0\u00bb]Il s&rsquo;agit d&rsquo;une erreur du Zoo. Il ne vous laisse pas retirer une licence de module externe si ce module tiers du Zoo n&rsquo;est pas install\u00e9 sur votre ordinateur. \nPour r\u00e9soudre ce probl\u00e8me, installez le module Zoo de VisualARQ \u00e0 nouveau (contactez visualarq@asuni.com si vous avez besoin d&rsquo;une version pr\u00e9c\u00e9dente du module Zoo de VisualARQ) et supprimez la licence de VisualARQ du Zoo.[\/et_pb_toggle][et_pb_toggle title=\u00a0\u00bbJe ne peux pas ex\u00e9cuter VisualARQ en mode r\u00e9seau apr\u00e8s une mise \u00e0 jour\u00a0\u00bb admin_label=\u00a0\u00bbI cannot run VisualARQ in network mode after an update\u00a0\u00bb _builder_version=\u00a0\u00bb4.19.0&Prime; global_colors_info=\u00a0\u00bb{}\u00a0\u00bb]Si vous voyez cette erreur : <em>\u00ab\u00a0Cette version de VisualARQ accepte uniquement les licences r\u00e9seau d&rsquo;un serveur Zoo avec le module Zoo de VisualARQ 2.1, ou une version sup\u00e9rieure, install\u00e9.\u00a0\u00bb<\/em> cela signifie qu&rsquo;une ancienne version du module de Zoo pour VisualARQ est toujours install\u00e9e et qu&rsquo;elle n&rsquo;est pas compatible avec VisualARQ 2. \n\nSuite \u00e0 un changement dans VisualARQ 2.1, les licences de VisualARQ 2 qui ont \u00e9t\u00e9 ajout\u00e9es sur un serveur Zoo doivent \u00eatre retir\u00e9es et ajout\u00e9es \u00e0 nouveau avec la version actuelle du module Zoo de VisualARQ.\nPour r\u00e9soudre ce probl\u00e8me, suivez ces instructions\u00a0:\n<ol>\n<li>Avant d&rsquo;actualiser le module Zoo de VisualARQ vers la version actuelle, supprimez toutes les licences de VisualARQ 2 qui sont enregistr\u00e9es sur le Zoo.<\/li>\n<li>D\u00e9sinstallez toutes les version du module Zoo de VisualARQ se trouvant sur votre ordinateur.<\/li>\n<li>Installez la version la plus r\u00e9cente du module Zoo de VisualARQ. Vous pouvez le t\u00e9l\u00e9charger \u00e0 partir de cette page.<\/li>\n<li>Ajoutez \u00e0 nouveau les licences de VisualARQ dans le Zoo.<\/li>\n<li>Lancez la commande <code>_vaLicence<\/code> et s\u00e9lectionnez le mode R\u00e9seau.<\/li>\n<\/ol>[\/et_pb_toggle][et_pb_toggle title=\u00a0\u00bbVisualARQ est-il compatible avec le Cloud Zoo\u00a0?\u00a0\u00bb admin_label=\u00a0\u00bbDoes VA support Cloud Zoo?\u00a0\u00bb _builder_version=\u00a0\u00bb4.16&Prime; global_colors_info=\u00a0\u00bb{}\u00a0\u00bb]Depuis la version 2.8 de VisualARQ, VisualARQ peut utiliser le Cloud Zoo.\nCette fonction est disponible dans Rhino \u00e0 partir de la version 6. Plus d&rsquo;informations <a href=\"https:\/\/stg.visualarq.com\/fr\/info\/license-modes\/\">ici<\/a>.[\/et_pb_toggle][et_pb_toggle title=\u00a0\u00bbEst-il possible de retirer temporairement des licences de VisualARQ ?\u00a0\u00bb admin_label=\u00a0\u00bbcheckout licenses\u00a0\u00bb _builder_version=\u00a0\u00bb4.16&Prime; global_colors_info=\u00a0\u00bb{}\u00a0\u00bb]Oui. Cela fonctionne comme retirer une licence du Zoo. Cette option est disponible dans les options de Rhino > Licence et en cliquant sur <em>Retirer une licence<\/em> sous VisualARQ. \nCette option appara\u00eet uniquement lorsque VisualARQ est utilis\u00e9 avec une licence en r\u00e9seau. Si vous obtenez un message du type \u00ab\u00a0Impossible de retirer la licence du gestionnaire de licences. Veuillez contacter votre administrateur syst\u00e8me\u00a0\u00bb, vous devez activer la fonction de retrait de licences (Check out) dans les options du Zoo. \n\nRemarque\u00a0: ceci fonctionne avec la version 2.2.3 et suivantes de VisualARQ et la derni\u00e8re version du Zoo.[\/et_pb_toggle][\/et_pb_column][\/et_pb_row][\/et_pb_section]","protected":false},"excerpt":{"rendered":"<p>Module Zoo pour VisualARQ Le module Zoo de VisualARQ permet de partager les licences de VisualARQ avec des utilisateurs du m\u00eame groupe de travail. Le module Zoo pour VisualARQ est disponible pour Lan Zoo 8\u00a0: Configuration requise : LAN Zoo 8 &#8211; Gestionnaire de licences r\u00e9seau (T\u00e9l\u00e9charger) VisualARQ 2 ou VisualARQ 3 Comment cela fonctionne\u00a0? [&hellip;]<\/p>\n","protected":false},"author":6,"featured_media":0,"parent":11160,"menu_order":50,"comment_status":"closed","ping_status":"closed","template":"","meta":{"_et_pb_use_builder":"on","_et_pb_old_content":"","_et_gb_content_width":"","footnotes":""},"class_list":["post-11108","page","type-page","status-publish","hentry"],"yoast_head":"<!-- This site is optimized with the Yoast SEO plugin v27.3 - https:\/\/yoast.com\/product\/yoast-seo-wordpress\/ -->\n<title>Ressources - VisualARQ<\/title>\n<meta name=\"robots\" content=\"noindex, follow, max-snippet:-1, max-image-preview:large, max-video-preview:-1\" \/>\n<meta property=\"og:locale\" content=\"fr_FR\" \/>\n<meta property=\"og:type\" content=\"article\" \/>\n<meta property=\"og:title\" content=\"Ressources - VisualARQ\" \/>\n<meta property=\"og:description\" content=\"Module Zoo pour VisualARQ Le module Zoo de VisualARQ permet de partager les licences de VisualARQ avec des utilisateurs du m\u00eame groupe de travail. Le module Zoo pour VisualARQ est disponible pour Lan Zoo 8\u00a0: Configuration requise : LAN Zoo 8 - Gestionnaire de licences r\u00e9seau (T\u00e9l\u00e9charger) VisualARQ 2 ou VisualARQ 3 Comment cela fonctionne\u00a0? [&hellip;]\" \/>\n<meta property=\"og:url\" content=\"https:\/\/stg.visualarq.com\/fr\/download\/resources\/\" \/>\n<meta property=\"og:site_name\" content=\"VisualARQ\" \/>\n<meta property=\"article:publisher\" content=\"https:\/\/www.facebook.com\/visualarq\" \/>\n<meta property=\"article:modified_time\" content=\"2024-10-07T10:21:18+00:00\" \/>\n<meta property=\"og:image\" content=\"https:\/\/stg.visualarq.com\/wp-content\/uploads\/sites\/2\/2016\/04\/zooLogoshort.png\" \/>\n<meta name=\"twitter:card\" content=\"summary_large_image\" \/>\n<meta name=\"twitter:site\" content=\"@VisualARQ\" \/>\n<meta name=\"twitter:label1\" content=\"Dur\u00e9e de lecture estim\u00e9e\" \/>\n\t<meta name=\"twitter:data1\" content=\"6 minutes\" \/>\n<script type=\"application\/ld+json\" class=\"yoast-schema-graph\">{\"@context\":\"https:\\\/\\\/schema.org\",\"@graph\":[{\"@type\":\"WebPage\",\"@id\":\"https:\\\/\\\/stg.visualarq.com\\\/fr\\\/download\\\/resources\\\/\",\"url\":\"https:\\\/\\\/stg.visualarq.com\\\/fr\\\/download\\\/resources\\\/\",\"name\":\"Ressources - VisualARQ\",\"isPartOf\":{\"@id\":\"https:\\\/\\\/stg.visualarq.com\\\/fr\\\/#website\"},\"primaryImageOfPage\":{\"@id\":\"https:\\\/\\\/stg.visualarq.com\\\/fr\\\/download\\\/resources\\\/#primaryimage\"},\"image\":{\"@id\":\"https:\\\/\\\/stg.visualarq.com\\\/fr\\\/download\\\/resources\\\/#primaryimage\"},\"thumbnailUrl\":\"https:\\\/\\\/stg.visualarq.com\\\/wp-content\\\/uploads\\\/sites\\\/2\\\/2016\\\/04\\\/zooLogoshort.png\",\"datePublished\":\"2014-05-12T00:00:00+00:00\",\"dateModified\":\"2024-10-07T10:21:18+00:00\",\"breadcrumb\":{\"@id\":\"https:\\\/\\\/stg.visualarq.com\\\/fr\\\/download\\\/resources\\\/#breadcrumb\"},\"inLanguage\":\"fr-FR\",\"potentialAction\":[{\"@type\":\"ReadAction\",\"target\":[\"https:\\\/\\\/stg.visualarq.com\\\/fr\\\/download\\\/resources\\\/\"]}]},{\"@type\":\"ImageObject\",\"inLanguage\":\"fr-FR\",\"@id\":\"https:\\\/\\\/stg.visualarq.com\\\/fr\\\/download\\\/resources\\\/#primaryimage\",\"url\":\"https:\\\/\\\/stg.visualarq.com\\\/wp-content\\\/uploads\\\/sites\\\/2\\\/2016\\\/04\\\/zooLogoshort.png\",\"contentUrl\":\"https:\\\/\\\/stg.visualarq.com\\\/wp-content\\\/uploads\\\/sites\\\/2\\\/2016\\\/04\\\/zooLogoshort.png\"},{\"@type\":\"BreadcrumbList\",\"@id\":\"https:\\\/\\\/stg.visualarq.com\\\/fr\\\/download\\\/resources\\\/#breadcrumb\",\"itemListElement\":[{\"@type\":\"ListItem\",\"position\":1,\"name\":\"Home\",\"item\":\"https:\\\/\\\/stg.visualarq.com\\\/fr\\\/home\\\/\"},{\"@type\":\"ListItem\",\"position\":2,\"name\":\"T\u00e9l\u00e9charger\",\"item\":\"https:\\\/\\\/stg.visualarq.com\\\/fr\\\/download\\\/\"},{\"@type\":\"ListItem\",\"position\":3,\"name\":\"Ressources\"}]},{\"@type\":\"WebSite\",\"@id\":\"https:\\\/\\\/stg.visualarq.com\\\/fr\\\/#website\",\"url\":\"https:\\\/\\\/stg.visualarq.com\\\/fr\\\/\",\"name\":\"VisualARQ\",\"description\":\"Flexible BIM for Rhino\",\"potentialAction\":[{\"@type\":\"SearchAction\",\"target\":{\"@type\":\"EntryPoint\",\"urlTemplate\":\"https:\\\/\\\/stg.visualarq.com\\\/fr\\\/?s={search_term_string}\"},\"query-input\":{\"@type\":\"PropertyValueSpecification\",\"valueRequired\":true,\"valueName\":\"search_term_string\"}}],\"inLanguage\":\"fr-FR\"}]}<\/script>\n<!-- \/ Yoast SEO plugin. -->","yoast_head_json":{"title":"Ressources - VisualARQ","robots":{"index":"noindex","follow":"follow","max-snippet":"max-snippet:-1","max-image-preview":"max-image-preview:large","max-video-preview":"max-video-preview:-1"},"og_locale":"fr_FR","og_type":"article","og_title":"Ressources - VisualARQ","og_description":"Module Zoo pour VisualARQ Le module Zoo de VisualARQ permet de partager les licences de VisualARQ avec des utilisateurs du m\u00eame groupe de travail. Le module Zoo pour VisualARQ est disponible pour Lan Zoo 8\u00a0: Configuration requise : LAN Zoo 8 - Gestionnaire de licences r\u00e9seau (T\u00e9l\u00e9charger) VisualARQ 2 ou VisualARQ 3 Comment cela fonctionne\u00a0? [&hellip;]","og_url":"https:\/\/stg.visualarq.com\/fr\/download\/resources\/","og_site_name":"VisualARQ","article_publisher":"https:\/\/www.facebook.com\/visualarq","article_modified_time":"2024-10-07T10:21:18+00:00","og_image":[{"url":"https:\/\/stg.visualarq.com\/wp-content\/uploads\/sites\/2\/2016\/04\/zooLogoshort.png","type":"","width":"","height":""}],"twitter_card":"summary_large_image","twitter_site":"@VisualARQ","twitter_misc":{"Dur\u00e9e de lecture estim\u00e9e":"6 minutes"},"schema":{"@context":"https:\/\/schema.org","@graph":[{"@type":"WebPage","@id":"https:\/\/stg.visualarq.com\/fr\/download\/resources\/","url":"https:\/\/stg.visualarq.com\/fr\/download\/resources\/","name":"Ressources - VisualARQ","isPartOf":{"@id":"https:\/\/stg.visualarq.com\/fr\/#website"},"primaryImageOfPage":{"@id":"https:\/\/stg.visualarq.com\/fr\/download\/resources\/#primaryimage"},"image":{"@id":"https:\/\/stg.visualarq.com\/fr\/download\/resources\/#primaryimage"},"thumbnailUrl":"https:\/\/stg.visualarq.com\/wp-content\/uploads\/sites\/2\/2016\/04\/zooLogoshort.png","datePublished":"2014-05-12T00:00:00+00:00","dateModified":"2024-10-07T10:21:18+00:00","breadcrumb":{"@id":"https:\/\/stg.visualarq.com\/fr\/download\/resources\/#breadcrumb"},"inLanguage":"fr-FR","potentialAction":[{"@type":"ReadAction","target":["https:\/\/stg.visualarq.com\/fr\/download\/resources\/"]}]},{"@type":"ImageObject","inLanguage":"fr-FR","@id":"https:\/\/stg.visualarq.com\/fr\/download\/resources\/#primaryimage","url":"https:\/\/stg.visualarq.com\/wp-content\/uploads\/sites\/2\/2016\/04\/zooLogoshort.png","contentUrl":"https:\/\/stg.visualarq.com\/wp-content\/uploads\/sites\/2\/2016\/04\/zooLogoshort.png"},{"@type":"BreadcrumbList","@id":"https:\/\/stg.visualarq.com\/fr\/download\/resources\/#breadcrumb","itemListElement":[{"@type":"ListItem","position":1,"name":"Home","item":"https:\/\/stg.visualarq.com\/fr\/home\/"},{"@type":"ListItem","position":2,"name":"T\u00e9l\u00e9charger","item":"https:\/\/stg.visualarq.com\/fr\/download\/"},{"@type":"ListItem","position":3,"name":"Ressources"}]},{"@type":"WebSite","@id":"https:\/\/stg.visualarq.com\/fr\/#website","url":"https:\/\/stg.visualarq.com\/fr\/","name":"VisualARQ","description":"Flexible BIM for Rhino","potentialAction":[{"@type":"SearchAction","target":{"@type":"EntryPoint","urlTemplate":"https:\/\/stg.visualarq.com\/fr\/?s={search_term_string}"},"query-input":{"@type":"PropertyValueSpecification","valueRequired":true,"valueName":"search_term_string"}}],"inLanguage":"fr-FR"}]}},"_links":{"self":[{"href":"https:\/\/stg.visualarq.com\/fr\/wp-json\/wp\/v2\/pages\/11108","targetHints":{"allow":["GET"]}}],"collection":[{"href":"https:\/\/stg.visualarq.com\/fr\/wp-json\/wp\/v2\/pages"}],"about":[{"href":"https:\/\/stg.visualarq.com\/fr\/wp-json\/wp\/v2\/types\/page"}],"author":[{"embeddable":true,"href":"https:\/\/stg.visualarq.com\/fr\/wp-json\/wp\/v2\/users\/6"}],"replies":[{"embeddable":true,"href":"https:\/\/stg.visualarq.com\/fr\/wp-json\/wp\/v2\/comments?post=11108"}],"version-history":[{"count":11,"href":"https:\/\/stg.visualarq.com\/fr\/wp-json\/wp\/v2\/pages\/11108\/revisions"}],"predecessor-version":[{"id":41281,"href":"https:\/\/stg.visualarq.com\/fr\/wp-json\/wp\/v2\/pages\/11108\/revisions\/41281"}],"up":[{"embeddable":true,"href":"https:\/\/stg.visualarq.com\/fr\/wp-json\/wp\/v2\/pages\/11160"}],"wp:attachment":[{"href":"https:\/\/stg.visualarq.com\/fr\/wp-json\/wp\/v2\/media?parent=11108"}],"curies":[{"name":"wp","href":"https:\/\/api.w.org\/{rel}","templated":true}]}}