{"id":11111,"date":"2014-05-12T00:00:00","date_gmt":"2014-05-12T00:00:00","guid":{"rendered":"https:\/\/stg.visualarq.com\/info\/license-modes\/"},"modified":"2022-01-12T16:35:53","modified_gmt":"2022-01-12T16:35:53","slug":"license-modes","status":"publish","type":"page","link":"https:\/\/stg.visualarq.com\/fr\/info\/license-modes\/","title":{"rendered":"Syst\u00e8mes de licence"},"content":{"rendered":"<h1>Syst\u00e8mes de licence de VisualARQ<\/h1>\r\nVisualARQ poss\u00e8de cinq modes de licence\r\n\r\n<img loading=\"lazy\" decoding=\"async\" src=\"https:\/\/stg.visualarq.com\/wp-content\/uploads\/2020\/05\/VA_License_WModes.png\" alt=\"Modes de licence de VisualARQ\" width=\"644\" height=\"503\" class=\"aligncenter size-full wp-image-18448\" srcset=\"https:\/\/stg.visualarq.com\/wp-content\/uploads\/2020\/05\/VA_License_WModes.png 644w, https:\/\/stg.visualarq.com\/wp-content\/uploads\/2020\/05\/VA_License_WModes-480x375.png 480w\" sizes=\"(min-width: 0px) and (max-width: 480px) 480px, (min-width: 481px) 644px, 100vw\" \/>\r\n\r\n<h3 id=\"Viewer\" class=\"mt-4\">Visionneuse<\/h3>\r\n<p>VisualARQ fonctionne en mode Visionneuse lorsque la p\u00e9riode d&rsquo;\u00e9valuation est termin\u00e9e. Vous pouvez toujours ouvrir et enregistrer des documents contenant des objets de VisualARQ mais certaines fonctions sont d\u00e9sactiv\u00e9es :<\/p>\r\n<ul>\r\n\t<li>Commandes de VisualARQ<\/li>\r\n\t<li>\u00c9dition des objets de VisualARQ en utilisant les propri\u00e9t\u00e9s et les points de contr\u00f4le.<\/li>\r\n\t<li>Importation et exportation au format IFC.<\/li>\r\n\t<li>VisualARQ Grasshopper Components.<\/li>\r\n<\/ul>\r\n<br clear=\"all\" \/>\r\n\r\n\r\n<h3 id=\"Eval\" class=\"mt-4\">\u00c9valuation<\/h3>\r\nToutes les fonctions de VisualARQ sont activ\u00e9es pendant la p\u00e9riode d&rsquo;\u00e9valuation. Aucun code n&rsquo;est n\u00e9cessaire. \r\n<br clear=\"all\" \/>\r\n\r\n\r\n<h3 id=\"Standalone\" class=\"mt-4\">Autonome<\/h3>\r\nUn code valide est n\u00e9cessaire pour utiliser VisualARQ en mode autonome. <a href=\"https:\/\/stg.visualarq.com\/fr\/sales\/\">Achetez VisualARQ<\/a> pour obtenir un code valide.\r\n\r\n\r\n\r\n<h3 id=\"Zoo\" class=\"mt-4\">R\u00e9seau<\/h3>\r\nUtiliser une licence de VisualARQ \u00e0 partir du <a href=\"https:\/\/wiki.mcneel.com\/zoo\/home\">serveur Zoo<\/a>. \r\nLe logiciel Zoo compl\u00e9t\u00e9 du module Zoo pour VisualARQ (tous deux gratuits) permet de partager les licences de VisualARQ avec des utilisateurs du m\u00eame groupe de travail.\r\n\r\nSi VisualARQ est install\u00e9 comme n\u0153ud de groupe de travail au lieu d&rsquo;\u00eatre install\u00e9 de fa\u00e7on autonome, le syst\u00e8me fonctionne ainsi\u00a0:\r\n<ul>\r\n\t<li>Lorsqu&rsquo;un n\u0153ud du groupe de travail est lanc\u00e9, une licence est demand\u00e9e au Zoo.<\/li>\r\n\t<li>Une licence libre est assign\u00e9e au n\u0153ud.<\/li>\r\n\t<li>Lorsqu&rsquo;un n\u0153ud est ferm\u00e9, la licence est rajout\u00e9e \u00e0 la liste des licences dans le Zoo.<\/li>\r\n<\/ul>\r\n\r\n<a href=\"https:\/\/stg.visualarq.com\/fr\/download\/resources\/#zoo\">T\u00e9l\u00e9charger le module du Zoo pour VisualARQ ici<\/a>\r\n\r\n\r\n<h3 id=\"Cloud\" class=\"mt-4\">Cloud<\/h3>\r\nUtiliser une licence de VisualARQ depuis un serveur en ligne avec le Cloud Zoo. Le serveur Cloud Zoo est un service gratuit propos\u00e9 par McNeel pour vous permettre de g\u00e9rer vos licences de VisualARQ en ligne. \r\n\r\n<ul>\r\n<li>Pour les utilisateurs individuels, connectez-vous \u00e0 votre <a href=\"https:\/\/accounts.rhino3d.com\/\">compte Rhino<\/a> pour utiliser VisualARQ depuis n&rsquo;importe quel ordinateur dans le monde.<\/li>\r\n<li>Pour les entreprises ou les \u00e9coles, le Cloud Zoo peut simplifier la distribution des licences. Les entreprises peuvent cr\u00e9er une r\u00e9serve de licences et partager les licences avec les membres de l&rsquo;\u00e9quipe.<\/li>\r\n<li>Travailler en ligne ou hors ligne. Il n&rsquo;est pas n\u00e9cessaire de retirer les licences du serveur, vous ne devriez pas vous retrouver sur la route sans licence.<\/li>\r\n<li>Les licences fonctionneront m\u00eame sans connexion permanente \u00e0 Internet.<\/li>\r\n<\/ul>\r\n<a href=\"https:\/\/www.rhino3d.com\/fr\/features\/administration\/licensing\/#cloud-zoo\">Plus d\u2019infos sur le Cloud Zoo<\/a>","protected":false},"excerpt":{"rendered":"<p>Syst\u00e8mes de licence de VisualARQ VisualARQ poss\u00e8de cinq modes de licence Visionneuse VisualARQ fonctionne en mode Visionneuse lorsque la p\u00e9riode d&rsquo;\u00e9valuation est termin\u00e9e. Vous pouvez toujours ouvrir et enregistrer des documents contenant des objets de VisualARQ mais certaines fonctions sont d\u00e9sactiv\u00e9es : Commandes de VisualARQ \u00c9dition des objets de VisualARQ en utilisant les propri\u00e9t\u00e9s et [&hellip;]<\/p>\n","protected":false},"author":6,"featured_media":0,"parent":11202,"menu_order":0,"comment_status":"closed","ping_status":"closed","template":"","meta":{"_et_pb_use_builder":"","_et_pb_old_content":"","_et_gb_content_width":"","footnotes":""},"class_list":["post-11111","page","type-page","status-publish","hentry"],"yoast_head":"<!-- This site is optimized with the Yoast SEO plugin v27.3 - https:\/\/yoast.com\/product\/yoast-seo-wordpress\/ -->\n<title>Syst\u00e8mes de licence - VisualARQ<\/title>\n<meta name=\"robots\" content=\"noindex, follow, max-snippet:-1, max-image-preview:large, max-video-preview:-1\" \/>\n<meta property=\"og:locale\" content=\"fr_FR\" \/>\n<meta property=\"og:type\" content=\"article\" \/>\n<meta property=\"og:title\" content=\"Syst\u00e8mes de licence - VisualARQ\" \/>\n<meta property=\"og:description\" content=\"Syst\u00e8mes de licence de VisualARQ VisualARQ poss\u00e8de cinq modes de licence Visionneuse VisualARQ fonctionne en mode Visionneuse lorsque la p\u00e9riode d&rsquo;\u00e9valuation est termin\u00e9e. Vous pouvez toujours ouvrir et enregistrer des documents contenant des objets de VisualARQ mais certaines fonctions sont d\u00e9sactiv\u00e9es : Commandes de VisualARQ \u00c9dition des objets de VisualARQ en utilisant les propri\u00e9t\u00e9s et [&hellip;]\" \/>\n<meta property=\"og:url\" content=\"https:\/\/stg.visualarq.com\/fr\/info\/license-modes\/\" \/>\n<meta property=\"og:site_name\" content=\"VisualARQ\" \/>\n<meta property=\"article:publisher\" content=\"https:\/\/www.facebook.com\/visualarq\" \/>\n<meta property=\"article:modified_time\" content=\"2022-01-12T16:35:53+00:00\" \/>\n<meta property=\"og:image\" content=\"https:\/\/stg.visualarq.com\/wp-content\/uploads\/2020\/05\/VA_License_WModes.png\" \/>\n<meta name=\"twitter:card\" content=\"summary_large_image\" \/>\n<meta name=\"twitter:site\" content=\"@VisualARQ\" \/>\n<meta name=\"twitter:label1\" content=\"Dur\u00e9e de lecture estim\u00e9e\" \/>\n\t<meta name=\"twitter:data1\" content=\"2 minutes\" \/>\n<script type=\"application\/ld+json\" class=\"yoast-schema-graph\">{\"@context\":\"https:\\\/\\\/schema.org\",\"@graph\":[{\"@type\":\"WebPage\",\"@id\":\"https:\\\/\\\/stg.visualarq.com\\\/fr\\\/info\\\/license-modes\\\/\",\"url\":\"https:\\\/\\\/stg.visualarq.com\\\/fr\\\/info\\\/license-modes\\\/\",\"name\":\"Syst\u00e8mes de licence - VisualARQ\",\"isPartOf\":{\"@id\":\"https:\\\/\\\/stg.visualarq.com\\\/fr\\\/#website\"},\"primaryImageOfPage\":{\"@id\":\"https:\\\/\\\/stg.visualarq.com\\\/fr\\\/info\\\/license-modes\\\/#primaryimage\"},\"image\":{\"@id\":\"https:\\\/\\\/stg.visualarq.com\\\/fr\\\/info\\\/license-modes\\\/#primaryimage\"},\"thumbnailUrl\":\"https:\\\/\\\/stg.visualarq.com\\\/wp-content\\\/uploads\\\/2020\\\/05\\\/VA_License_WModes.png\",\"datePublished\":\"2014-05-12T00:00:00+00:00\",\"dateModified\":\"2022-01-12T16:35:53+00:00\",\"breadcrumb\":{\"@id\":\"https:\\\/\\\/stg.visualarq.com\\\/fr\\\/info\\\/license-modes\\\/#breadcrumb\"},\"inLanguage\":\"fr-FR\",\"potentialAction\":[{\"@type\":\"ReadAction\",\"target\":[\"https:\\\/\\\/stg.visualarq.com\\\/fr\\\/info\\\/license-modes\\\/\"]}]},{\"@type\":\"ImageObject\",\"inLanguage\":\"fr-FR\",\"@id\":\"https:\\\/\\\/stg.visualarq.com\\\/fr\\\/info\\\/license-modes\\\/#primaryimage\",\"url\":\"https:\\\/\\\/stg.visualarq.com\\\/wp-content\\\/uploads\\\/2020\\\/05\\\/VA_License_WModes.png\",\"contentUrl\":\"https:\\\/\\\/stg.visualarq.com\\\/wp-content\\\/uploads\\\/2020\\\/05\\\/VA_License_WModes.png\"},{\"@type\":\"BreadcrumbList\",\"@id\":\"https:\\\/\\\/stg.visualarq.com\\\/fr\\\/info\\\/license-modes\\\/#breadcrumb\",\"itemListElement\":[{\"@type\":\"ListItem\",\"position\":1,\"name\":\"Home\",\"item\":\"https:\\\/\\\/stg.visualarq.com\\\/fr\\\/home\\\/\"},{\"@type\":\"ListItem\",\"position\":2,\"name\":\"Info\",\"item\":\"https:\\\/\\\/stg.visualarq.com\\\/fr\\\/info\\\/\"},{\"@type\":\"ListItem\",\"position\":3,\"name\":\"Syst\u00e8mes de licence\"}]},{\"@type\":\"WebSite\",\"@id\":\"https:\\\/\\\/stg.visualarq.com\\\/fr\\\/#website\",\"url\":\"https:\\\/\\\/stg.visualarq.com\\\/fr\\\/\",\"name\":\"VisualARQ\",\"description\":\"Flexible BIM for Rhino\",\"potentialAction\":[{\"@type\":\"SearchAction\",\"target\":{\"@type\":\"EntryPoint\",\"urlTemplate\":\"https:\\\/\\\/stg.visualarq.com\\\/fr\\\/?s={search_term_string}\"},\"query-input\":{\"@type\":\"PropertyValueSpecification\",\"valueRequired\":true,\"valueName\":\"search_term_string\"}}],\"inLanguage\":\"fr-FR\"}]}<\/script>\n<!-- \/ Yoast SEO plugin. -->","yoast_head_json":{"title":"Syst\u00e8mes de licence - VisualARQ","robots":{"index":"noindex","follow":"follow","max-snippet":"max-snippet:-1","max-image-preview":"max-image-preview:large","max-video-preview":"max-video-preview:-1"},"og_locale":"fr_FR","og_type":"article","og_title":"Syst\u00e8mes de licence - VisualARQ","og_description":"Syst\u00e8mes de licence de VisualARQ VisualARQ poss\u00e8de cinq modes de licence Visionneuse VisualARQ fonctionne en mode Visionneuse lorsque la p\u00e9riode d&rsquo;\u00e9valuation est termin\u00e9e. Vous pouvez toujours ouvrir et enregistrer des documents contenant des objets de VisualARQ mais certaines fonctions sont d\u00e9sactiv\u00e9es : Commandes de VisualARQ \u00c9dition des objets de VisualARQ en utilisant les propri\u00e9t\u00e9s et [&hellip;]","og_url":"https:\/\/stg.visualarq.com\/fr\/info\/license-modes\/","og_site_name":"VisualARQ","article_publisher":"https:\/\/www.facebook.com\/visualarq","article_modified_time":"2022-01-12T16:35:53+00:00","og_image":[{"url":"https:\/\/stg.visualarq.com\/wp-content\/uploads\/2020\/05\/VA_License_WModes.png","type":"","width":"","height":""}],"twitter_card":"summary_large_image","twitter_site":"@VisualARQ","twitter_misc":{"Dur\u00e9e de lecture estim\u00e9e":"2 minutes"},"schema":{"@context":"https:\/\/schema.org","@graph":[{"@type":"WebPage","@id":"https:\/\/stg.visualarq.com\/fr\/info\/license-modes\/","url":"https:\/\/stg.visualarq.com\/fr\/info\/license-modes\/","name":"Syst\u00e8mes de licence - VisualARQ","isPartOf":{"@id":"https:\/\/stg.visualarq.com\/fr\/#website"},"primaryImageOfPage":{"@id":"https:\/\/stg.visualarq.com\/fr\/info\/license-modes\/#primaryimage"},"image":{"@id":"https:\/\/stg.visualarq.com\/fr\/info\/license-modes\/#primaryimage"},"thumbnailUrl":"https:\/\/stg.visualarq.com\/wp-content\/uploads\/2020\/05\/VA_License_WModes.png","datePublished":"2014-05-12T00:00:00+00:00","dateModified":"2022-01-12T16:35:53+00:00","breadcrumb":{"@id":"https:\/\/stg.visualarq.com\/fr\/info\/license-modes\/#breadcrumb"},"inLanguage":"fr-FR","potentialAction":[{"@type":"ReadAction","target":["https:\/\/stg.visualarq.com\/fr\/info\/license-modes\/"]}]},{"@type":"ImageObject","inLanguage":"fr-FR","@id":"https:\/\/stg.visualarq.com\/fr\/info\/license-modes\/#primaryimage","url":"https:\/\/stg.visualarq.com\/wp-content\/uploads\/2020\/05\/VA_License_WModes.png","contentUrl":"https:\/\/stg.visualarq.com\/wp-content\/uploads\/2020\/05\/VA_License_WModes.png"},{"@type":"BreadcrumbList","@id":"https:\/\/stg.visualarq.com\/fr\/info\/license-modes\/#breadcrumb","itemListElement":[{"@type":"ListItem","position":1,"name":"Home","item":"https:\/\/stg.visualarq.com\/fr\/home\/"},{"@type":"ListItem","position":2,"name":"Info","item":"https:\/\/stg.visualarq.com\/fr\/info\/"},{"@type":"ListItem","position":3,"name":"Syst\u00e8mes de licence"}]},{"@type":"WebSite","@id":"https:\/\/stg.visualarq.com\/fr\/#website","url":"https:\/\/stg.visualarq.com\/fr\/","name":"VisualARQ","description":"Flexible BIM for Rhino","potentialAction":[{"@type":"SearchAction","target":{"@type":"EntryPoint","urlTemplate":"https:\/\/stg.visualarq.com\/fr\/?s={search_term_string}"},"query-input":{"@type":"PropertyValueSpecification","valueRequired":true,"valueName":"search_term_string"}}],"inLanguage":"fr-FR"}]}},"_links":{"self":[{"href":"https:\/\/stg.visualarq.com\/fr\/wp-json\/wp\/v2\/pages\/11111","targetHints":{"allow":["GET"]}}],"collection":[{"href":"https:\/\/stg.visualarq.com\/fr\/wp-json\/wp\/v2\/pages"}],"about":[{"href":"https:\/\/stg.visualarq.com\/fr\/wp-json\/wp\/v2\/types\/page"}],"author":[{"embeddable":true,"href":"https:\/\/stg.visualarq.com\/fr\/wp-json\/wp\/v2\/users\/6"}],"replies":[{"embeddable":true,"href":"https:\/\/stg.visualarq.com\/fr\/wp-json\/wp\/v2\/comments?post=11111"}],"version-history":[{"count":0,"href":"https:\/\/stg.visualarq.com\/fr\/wp-json\/wp\/v2\/pages\/11111\/revisions"}],"up":[{"embeddable":true,"href":"https:\/\/stg.visualarq.com\/fr\/wp-json\/wp\/v2\/pages\/11202"}],"wp:attachment":[{"href":"https:\/\/stg.visualarq.com\/fr\/wp-json\/wp\/v2\/media?parent=11111"}],"curies":[{"name":"wp","href":"https:\/\/api.w.org\/{rel}","templated":true}]}}