{"id":11115,"date":"2015-09-09T00:00:00","date_gmt":"2015-09-09T00:00:00","guid":{"rendered":"https:\/\/stg.visualarq.com\/learn\/webinars\/"},"modified":"2023-04-23T11:21:29","modified_gmt":"2023-04-23T11:21:29","slug":"webinars","status":"publish","type":"page","link":"https:\/\/stg.visualarq.com\/fr\/learn\/webinars\/","title":{"rendered":"Webinaires"},"content":{"rendered":"\n<figure class=\"wp-block-image alignright\"><img decoding=\"async\" src=\"https:\/\/stg.visualarq.com\/wp-content\/uploads\/sites\/2\/2015\/12\/Webinar-image.png\" alt=\"Image du webinaire\" class=\"wp-image-11858\"\/><\/figure>\n\n\n\n<h1 class=\"wp-block-heading\">Rejoignez le prochain webinaire de VisualARQ&nbsp;!<\/h1>\n\n\n\n<p>Cliquez sur le bouton ci-dessous pour voir si un nouveau webinaire de VisualARQ aura bient\u00f4t lieu.<\/p>\n\n\n\n<ul class=\"wp-block-list\">\n<li>Pas de webinaire \u00e0 venir<\/li>\n<\/ul>\n\n\n\n\n<hr class=\"wp-block-separator has-alpha-channel-opacity\"\/>\n\n\n\n<h1 class=\"wp-block-heading\">Webinaires enregistr\u00e9s<\/h1>\n\n\n\n<ul class=\"wp-block-list\">\n<li><p><a href=\"https:\/\/stg.visualarq.com\/fr\/learn\/webinars\/#VisualARQOverview\">Description g\u00e9n\u00e9rale de VisualARQ 2<\/a><\/p><\/li>\n\n\n\n<li><p><a href=\"https:\/\/stg.visualarq.com\/fr\/learn\/webinars\/#GHStyles\">Styles de Grasshopper pour VisualARQ<\/a><\/p><\/li>\n\n\n\n<li><p><a href=\"https:\/\/stg.visualarq.com\/fr\/learn\/webinars\/#GHComponents\">Composants de VisualARQ pour Grasshopper<\/a><\/p><\/li>\n\n\n\n<li><p><a href=\"https:\/\/www.youtube.com\/playlist?list=PLLfTyZ7LBWcxwYtNjHckeCJNFZuRsbNow\">Anciens webinaires sur Youtube<\/a><\/p><\/li>\n<\/ul>\n\n\n\n<h2 class=\"wp-block-heading\" id=\"VisualARQOverview\">VisualARQ 2. Flexible BIM avec Rhino, VisualARQ et Grasshopper<\/h2>\n\n\n\n<p>Le webinaire pr\u00e9sente les fonctions Flexible BIM apport\u00e9es par VisualARQ \u00e0 Rhino et la connexion avec Grasshopper, en utilisant la version 2.4:<\/p>\n\n\n\n<div class=\"aligncenter my-3\"><div class='youtube-gallery' style='width: 100%;'>\n\t\t\t\t\t\t<a \n\t\t\t\t\t\t\ttitle='Webinaires' \n\t\t\t\t\t\t\ttarget='_blank' \n\t\t\t\t\t\t\thref='https:\/\/www.youtube.com\/watch?v=u0CajYp3VAk'\n\t\t\t\t\t\t>\n\t\t\t\t\t\t<span><\/span>\n\t\t\t\t\t\t<img \n\t\t\t\t\t\t\tsrc='https:\/\/img.youtube.com\/vi\/u0CajYp3VAk\/hqdefault.jpg' \n\t\t\t\t\t\t\twidth='853' \n\t\t\t\t\t\t\theight='480'>\n\t\t\t\t\t\t<\/a>\n\t\t\t\t\t<\/div><br><\/div>\n\n\n\n<ul class=\"wp-block-list\">\n<li>Pr\u00e9sentation des fonctions Flexible BIM de VisualARQ et exemples d&rsquo;utilisateurs.<\/li>\n\n\n\n<li><p>Pr\u00e9sentation de la barre d&rsquo;outils <a href=\"https:\/\/youtu.be\/u0CajYp3VAk?t=966\">(dur\u00e9e 16&rsquo;06\u00a0\u00bb)<\/a>.<\/p><\/li>\n\n\n\n<li><p>Gestionnaire de niveaux et de sections <a href=\"https:\/\/youtu.be\/u0CajYp3VAk?t=1060\"> (dur\u00e9e 17&rsquo;40\u00a0\u00bb)<\/a>.<\/p><\/li>\n\n\n\n<li><p>Attributs de section pour les objets de Rhino <a href=\"https:\/\/youtu.be\/u0CajYp3VAk?t=1320\">(dur\u00e9e 22&rsquo;00\u00a0\u00bb)<\/a><\/p><\/li>\n\n\n\n<li><p>Dessins 2D vectoriels&nbsp;en temps r\u00e9el et pr\u00e9paration de feuilles de mise en page <a href=\"https:\/\/youtu.be\/u0CajYp3VAk?t=1416\"> (dur\u00e9e 23&rsquo;36\u00a0\u00bb)<\/a>.<\/p><\/li>\n\n\n\n<li><p>M\u00e9thode de travail de base avec les objets de VisualARQ (murs et portes) <a href=\"https:\/\/youtu.be\/u0CajYp3VAk?t=1733\">(dur\u00e9e 28&rsquo;53\u00a0\u00bb)<\/a><\/p><\/li>\n\n\n\n<li><p>Cr\u00e9er des styles d&rsquo;objet de VisualARQ (murs et portes) <a href=\"https:\/\/youtu.be\/u0CajYp3VAk?t=1997\"> (dur\u00e9e 33&rsquo;17\u00a0\u00bb)<\/a><\/p><\/li>\n\n\n\n<li><p>Nouveaux styles d&rsquo;objet de VisualARQ \u00e0 partir de d\u00e9finitions de Grasshopper <a href=\"https:\/\/youtu.be\/u0CajYp3VAk?t=2179\"> (dur\u00e9e 36&rsquo;19\u00a0\u00bb)<\/a>.<\/p><\/li>\n\n\n\n<li><p>Mobilier, \u00c9l\u00e9ment et Annotation, \u00e9galement cr\u00e9\u00e9s \u00e0 partir de d\u00e9finitions de Grasshopper <a href=\"https:\/\/youtu.be\/u0CajYp3VAk?t=2598\"> (dur\u00e9e 43&rsquo;18\u00a0\u00bb)<\/a>.<\/p><\/li>\n\n\n\n<li><p>Vues de section 2D<a href=\"https:\/\/youtu.be\/u0CajYp3VAk?t=2683\"> (dur\u00e9e 44&rsquo;43\u00a0\u00bb)<\/a><\/p><\/li>\n\n\n\n<li><p>Param\u00e8tres personnalis\u00e9s cr\u00e9\u00e9s par objet, par style, par document et \u00e0 partir de Grasshopper <a href=\"https:\/\/youtu.be\/u0CajYp3VAk?t=2793\"> (dur\u00e9e 46&rsquo;33)<\/a>.<\/p><\/li>\n\n\n\n<li><p>\u00c9tiquette IFC<a href=\"https:\/\/youtu.be\/u0CajYp3VAk?t=2897\"> (dur\u00e9e 48&rsquo;17)<\/a><\/p><\/li>\n\n\n\n<li><p>Pr\u00e9sentation de VisualARQ Grasshopper Components<a href=\"https:\/\/youtu.be\/u0CajYp3VAk?t=2926\"> (dur\u00e9e 48&rsquo;46\u00a0\u00bb)<\/a><\/p><\/li>\n\n\n\n<li><p>Exemple de cr\u00e9ation d&rsquo;espace, de r\u00e9f\u00e9rencement dans Grasshopper et de g\u00e9n\u00e9ration automatique de 4 vues en \u00e9l\u00e9vation d&rsquo;une pi\u00e8ce : <a href=\"https:\/\/youtu.be\/u0CajYp3VAk?t=3039\"> (dur\u00e9e 48&rsquo;46\u00a0\u00bb)<\/a><\/p><\/li>\n\n\n\n<li><p>Exemple de cr\u00e9ation d&rsquo;une nomenclature pour quantifier le volume de stockage d&rsquo;objets de mobilier dans une cuisine : <a href=\"https:\/\/youtu.be\/u0CajYp3VAk?t=3185\"> (dur\u00e9e 53&rsquo;05\u00a0\u00bb)<\/a><\/p>\n<ol class=\"wp-block-list\">\n<li>Comment cr\u00e9er un nouveau param\u00e8tre personnalis\u00e9 \u00ab&nbsp;Volume de stockage&nbsp;\u00bb<\/li>\n\n\n\n<li>Calculer et assigner des caleurs \u00e0 des objets pour ce param\u00e8tre \u00e0 partir de Grasshopper<\/li>\n\n\n\n<li>G\u00e9n\u00e9rer un nouveau style de nomenclature pour cr\u00e9er une liste avec ces informations et l&rsquo;ins\u00e9rer dans le mod\u00e8le. <\/li>\n<\/ol>\n<\/li>\n\n\n\n<li><p>Fonctions d&rsquo;exportation et importation IFC <a href=\"https:\/\/youtu.be\/u0CajYp3VAk?t=3635\">(dur\u00e9e 1h00&rsquo;35\u00a0\u00bb)<\/a>.<\/p><\/li>\n<\/ul>\n\n\n\n<h2 class=\"wp-block-heading\" id=\"GHStyles\">Styles de Grasshopper pour VisualARQ<\/h2>\n\n\n\n<p>Le webinaire explique ce que sont les styles de VisualARQ dans Grasshopper avec quelques exemples.<\/p>\n\n\n\n<div class=\"aligncenter my-3\"><div class='youtube-gallery' style='width: 100%;'>\n\t\t\t\t\t\t<a \n\t\t\t\t\t\t\ttitle='Webinaires' \n\t\t\t\t\t\t\ttarget='_blank' \n\t\t\t\t\t\t\thref='https:\/\/www.youtube.com\/watch?v=6jgzsxPxRyA'\n\t\t\t\t\t\t>\n\t\t\t\t\t\t<span><\/span>\n\t\t\t\t\t\t<img \n\t\t\t\t\t\t\tsrc='https:\/\/img.youtube.com\/vi\/6jgzsxPxRyA\/hqdefault.jpg' \n\t\t\t\t\t\t\twidth='853' \n\t\t\t\t\t\t\theight='480'>\n\t\t\t\t\t\t<\/a>\n\t\t\t\t\t<\/div><br><\/div>\n\n\n\n<h2 class=\"wp-block-heading\" id=\"GHComponents\">Composants de VisualARQ pour Grasshopper<\/h2>\n\n\n\n<p>Ce webinaire vous pr\u00e9sente les bases pour travailler avec des objets de VisualARQ dans Grashopper gr\u00e2ce aux composants de Grasshopper.<\/p>\n\n\n\n<div class=\"aligncenter my-3\"><div class='youtube-gallery' style='width: 100%;'>\n\t\t\t\t\t\t<a \n\t\t\t\t\t\t\ttitle='Webinaires' \n\t\t\t\t\t\t\ttarget='_blank' \n\t\t\t\t\t\t\thref='https:\/\/www.youtube.com\/watch?v=kv5MbMToVDE'\n\t\t\t\t\t\t>\n\t\t\t\t\t\t<span><\/span>\n\t\t\t\t\t\t<img \n\t\t\t\t\t\t\tsrc='https:\/\/img.youtube.com\/vi\/kv5MbMToVDE\/hqdefault.jpg' \n\t\t\t\t\t\t\twidth='853' \n\t\t\t\t\t\t\theight='480'>\n\t\t\t\t\t\t<\/a>\n\t\t\t\t\t<\/div><br><\/div>\n","protected":false},"excerpt":{"rendered":"<p>Rejoignez le prochain webinaire de VisualARQ&nbsp;! Cliquez sur le bouton ci-dessous pour voir si un nouveau webinaire de VisualARQ aura bient\u00f4t lieu. \n<ul class=\"wp-block-list\">\n<li>Pas de webinaire \u00e0 venir<\/li>\n<\/ul>\n Webinaires enregistr\u00e9s Description g\u00e9n\u00e9rale de VisualARQ 2 Styles de Grasshopper pour VisualARQ Composants de VisualARQ pour Grasshopper Anciens webinaires sur Youtube VisualARQ 2. Flexible BIM avec Rhino, VisualARQ et [&hellip;]<\/p>\n","protected":false},"author":6,"featured_media":0,"parent":11120,"menu_order":0,"comment_status":"closed","ping_status":"closed","template":"","meta":{"_et_pb_use_builder":"on","_et_pb_old_content":"","_et_gb_content_width":"","footnotes":""},"class_list":["post-11115","page","type-page","status-publish","hentry"],"yoast_head":"<!-- This site is optimized with the Yoast SEO plugin v27.3 - https:\/\/yoast.com\/product\/yoast-seo-wordpress\/ -->\n<title>Webinaires - VisualARQ<\/title>\n<meta name=\"robots\" content=\"noindex, follow, max-snippet:-1, max-image-preview:large, max-video-preview:-1\" \/>\n<meta property=\"og:locale\" content=\"fr_FR\" \/>\n<meta property=\"og:type\" content=\"article\" \/>\n<meta property=\"og:title\" content=\"Webinaires - VisualARQ\" \/>\n<meta property=\"og:description\" content=\"Rejoignez le prochain webinaire de VisualARQ&nbsp;! Cliquez sur le bouton ci-dessous pour voir si un nouveau webinaire de VisualARQ aura bient\u00f4t lieu. Webinaires enregistr\u00e9s Description g\u00e9n\u00e9rale de VisualARQ 2 Styles de Grasshopper pour VisualARQ Composants de VisualARQ pour Grasshopper Anciens webinaires sur Youtube VisualARQ 2. Flexible BIM avec Rhino, VisualARQ et [&hellip;]\" \/>\n<meta property=\"og:url\" content=\"https:\/\/stg.visualarq.com\/fr\/learn\/webinars\/\" \/>\n<meta property=\"og:site_name\" content=\"VisualARQ\" \/>\n<meta property=\"article:publisher\" content=\"https:\/\/www.facebook.com\/visualarq\" \/>\n<meta property=\"article:modified_time\" content=\"2023-04-23T11:21:29+00:00\" \/>\n<meta property=\"og:image\" content=\"https:\/\/stg.visualarq.com\/wp-content\/uploads\/sites\/2\/2015\/12\/Webinar-image.png\" \/>\n<meta name=\"twitter:card\" content=\"summary_large_image\" \/>\n<meta name=\"twitter:site\" content=\"@VisualARQ\" \/>\n<meta name=\"twitter:label1\" content=\"Dur\u00e9e de lecture estim\u00e9e\" \/>\n\t<meta name=\"twitter:data1\" content=\"2 minutes\" \/>\n<script type=\"application\/ld+json\" class=\"yoast-schema-graph\">{\"@context\":\"https:\\\/\\\/schema.org\",\"@graph\":[{\"@type\":\"WebPage\",\"@id\":\"https:\\\/\\\/stg.visualarq.com\\\/fr\\\/learn\\\/webinars\\\/\",\"url\":\"https:\\\/\\\/stg.visualarq.com\\\/fr\\\/learn\\\/webinars\\\/\",\"name\":\"Webinaires - VisualARQ\",\"isPartOf\":{\"@id\":\"https:\\\/\\\/stg.visualarq.com\\\/fr\\\/#website\"},\"primaryImageOfPage\":{\"@id\":\"https:\\\/\\\/stg.visualarq.com\\\/fr\\\/learn\\\/webinars\\\/#primaryimage\"},\"image\":{\"@id\":\"https:\\\/\\\/stg.visualarq.com\\\/fr\\\/learn\\\/webinars\\\/#primaryimage\"},\"thumbnailUrl\":\"https:\\\/\\\/stg.visualarq.com\\\/wp-content\\\/uploads\\\/sites\\\/2\\\/2015\\\/12\\\/Webinar-image.png\",\"datePublished\":\"2015-09-09T00:00:00+00:00\",\"dateModified\":\"2023-04-23T11:21:29+00:00\",\"breadcrumb\":{\"@id\":\"https:\\\/\\\/stg.visualarq.com\\\/fr\\\/learn\\\/webinars\\\/#breadcrumb\"},\"inLanguage\":\"fr-FR\",\"potentialAction\":[{\"@type\":\"ReadAction\",\"target\":[\"https:\\\/\\\/stg.visualarq.com\\\/fr\\\/learn\\\/webinars\\\/\"]}]},{\"@type\":\"ImageObject\",\"inLanguage\":\"fr-FR\",\"@id\":\"https:\\\/\\\/stg.visualarq.com\\\/fr\\\/learn\\\/webinars\\\/#primaryimage\",\"url\":\"https:\\\/\\\/stg.visualarq.com\\\/wp-content\\\/uploads\\\/sites\\\/2\\\/2015\\\/12\\\/Webinar-image.png\",\"contentUrl\":\"https:\\\/\\\/stg.visualarq.com\\\/wp-content\\\/uploads\\\/sites\\\/2\\\/2015\\\/12\\\/Webinar-image.png\"},{\"@type\":\"BreadcrumbList\",\"@id\":\"https:\\\/\\\/stg.visualarq.com\\\/fr\\\/learn\\\/webinars\\\/#breadcrumb\",\"itemListElement\":[{\"@type\":\"ListItem\",\"position\":1,\"name\":\"Home\",\"item\":\"https:\\\/\\\/stg.visualarq.com\\\/fr\\\/home\\\/\"},{\"@type\":\"ListItem\",\"position\":2,\"name\":\"Apprendre\",\"item\":\"https:\\\/\\\/stg.visualarq.com\\\/fr\\\/learn\\\/\"},{\"@type\":\"ListItem\",\"position\":3,\"name\":\"Webinaires\"}]},{\"@type\":\"WebSite\",\"@id\":\"https:\\\/\\\/stg.visualarq.com\\\/fr\\\/#website\",\"url\":\"https:\\\/\\\/stg.visualarq.com\\\/fr\\\/\",\"name\":\"VisualARQ\",\"description\":\"Flexible BIM for Rhino\",\"potentialAction\":[{\"@type\":\"SearchAction\",\"target\":{\"@type\":\"EntryPoint\",\"urlTemplate\":\"https:\\\/\\\/stg.visualarq.com\\\/fr\\\/?s={search_term_string}\"},\"query-input\":{\"@type\":\"PropertyValueSpecification\",\"valueRequired\":true,\"valueName\":\"search_term_string\"}}],\"inLanguage\":\"fr-FR\"}]}<\/script>\n<!-- \/ Yoast SEO plugin. -->","yoast_head_json":{"title":"Webinaires - VisualARQ","robots":{"index":"noindex","follow":"follow","max-snippet":"max-snippet:-1","max-image-preview":"max-image-preview:large","max-video-preview":"max-video-preview:-1"},"og_locale":"fr_FR","og_type":"article","og_title":"Webinaires - VisualARQ","og_description":"Rejoignez le prochain webinaire de VisualARQ&nbsp;! Cliquez sur le bouton ci-dessous pour voir si un nouveau webinaire de VisualARQ aura bient\u00f4t lieu. Webinaires enregistr\u00e9s Description g\u00e9n\u00e9rale de VisualARQ 2 Styles de Grasshopper pour VisualARQ Composants de VisualARQ pour Grasshopper Anciens webinaires sur Youtube VisualARQ 2. Flexible BIM avec Rhino, VisualARQ et [&hellip;]","og_url":"https:\/\/stg.visualarq.com\/fr\/learn\/webinars\/","og_site_name":"VisualARQ","article_publisher":"https:\/\/www.facebook.com\/visualarq","article_modified_time":"2023-04-23T11:21:29+00:00","og_image":[{"url":"https:\/\/stg.visualarq.com\/wp-content\/uploads\/sites\/2\/2015\/12\/Webinar-image.png","type":"","width":"","height":""}],"twitter_card":"summary_large_image","twitter_site":"@VisualARQ","twitter_misc":{"Dur\u00e9e de lecture estim\u00e9e":"2 minutes"},"schema":{"@context":"https:\/\/schema.org","@graph":[{"@type":"WebPage","@id":"https:\/\/stg.visualarq.com\/fr\/learn\/webinars\/","url":"https:\/\/stg.visualarq.com\/fr\/learn\/webinars\/","name":"Webinaires - VisualARQ","isPartOf":{"@id":"https:\/\/stg.visualarq.com\/fr\/#website"},"primaryImageOfPage":{"@id":"https:\/\/stg.visualarq.com\/fr\/learn\/webinars\/#primaryimage"},"image":{"@id":"https:\/\/stg.visualarq.com\/fr\/learn\/webinars\/#primaryimage"},"thumbnailUrl":"https:\/\/stg.visualarq.com\/wp-content\/uploads\/sites\/2\/2015\/12\/Webinar-image.png","datePublished":"2015-09-09T00:00:00+00:00","dateModified":"2023-04-23T11:21:29+00:00","breadcrumb":{"@id":"https:\/\/stg.visualarq.com\/fr\/learn\/webinars\/#breadcrumb"},"inLanguage":"fr-FR","potentialAction":[{"@type":"ReadAction","target":["https:\/\/stg.visualarq.com\/fr\/learn\/webinars\/"]}]},{"@type":"ImageObject","inLanguage":"fr-FR","@id":"https:\/\/stg.visualarq.com\/fr\/learn\/webinars\/#primaryimage","url":"https:\/\/stg.visualarq.com\/wp-content\/uploads\/sites\/2\/2015\/12\/Webinar-image.png","contentUrl":"https:\/\/stg.visualarq.com\/wp-content\/uploads\/sites\/2\/2015\/12\/Webinar-image.png"},{"@type":"BreadcrumbList","@id":"https:\/\/stg.visualarq.com\/fr\/learn\/webinars\/#breadcrumb","itemListElement":[{"@type":"ListItem","position":1,"name":"Home","item":"https:\/\/stg.visualarq.com\/fr\/home\/"},{"@type":"ListItem","position":2,"name":"Apprendre","item":"https:\/\/stg.visualarq.com\/fr\/learn\/"},{"@type":"ListItem","position":3,"name":"Webinaires"}]},{"@type":"WebSite","@id":"https:\/\/stg.visualarq.com\/fr\/#website","url":"https:\/\/stg.visualarq.com\/fr\/","name":"VisualARQ","description":"Flexible BIM for Rhino","potentialAction":[{"@type":"SearchAction","target":{"@type":"EntryPoint","urlTemplate":"https:\/\/stg.visualarq.com\/fr\/?s={search_term_string}"},"query-input":{"@type":"PropertyValueSpecification","valueRequired":true,"valueName":"search_term_string"}}],"inLanguage":"fr-FR"}]}},"_links":{"self":[{"href":"https:\/\/stg.visualarq.com\/fr\/wp-json\/wp\/v2\/pages\/11115","targetHints":{"allow":["GET"]}}],"collection":[{"href":"https:\/\/stg.visualarq.com\/fr\/wp-json\/wp\/v2\/pages"}],"about":[{"href":"https:\/\/stg.visualarq.com\/fr\/wp-json\/wp\/v2\/types\/page"}],"author":[{"embeddable":true,"href":"https:\/\/stg.visualarq.com\/fr\/wp-json\/wp\/v2\/users\/6"}],"replies":[{"embeddable":true,"href":"https:\/\/stg.visualarq.com\/fr\/wp-json\/wp\/v2\/comments?post=11115"}],"version-history":[{"count":0,"href":"https:\/\/stg.visualarq.com\/fr\/wp-json\/wp\/v2\/pages\/11115\/revisions"}],"up":[{"embeddable":true,"href":"https:\/\/stg.visualarq.com\/fr\/wp-json\/wp\/v2\/pages\/11120"}],"wp:attachment":[{"href":"https:\/\/stg.visualarq.com\/fr\/wp-json\/wp\/v2\/media?parent=11115"}],"curies":[{"name":"wp","href":"https:\/\/api.w.org\/{rel}","templated":true}]}}