{"id":11136,"date":"2014-07-04T00:00:00","date_gmt":"2014-07-04T00:00:00","guid":{"rendered":"https:\/\/stg.visualarq.com\/features\/grasshopper\/exercises\/create-a-stair\/"},"modified":"2019-01-02T15:39:53","modified_gmt":"2019-01-02T15:39:53","slug":"create-a-stair","status":"publish","type":"page","link":"https:\/\/stg.visualarq.com\/fr\/learn\/grasshopper-components\/create-a-stair\/","title":{"rendered":"Exercice 4. Cr\u00e9er un escalier"},"content":{"rendered":"<h1>Exercice 4. Cr\u00e9er un escalier<\/h1>\n\n<h3><img loading=\"lazy\" decoding=\"async\" class=\"aligncenter size-full wp-image-8195\" alt=\"Escalier exercice 4\" src=\"https:\/\/stg.visualarq.com\/wp-content\/uploads\/sites\/2\/2013\/11\/Exercise-4-Stair.png\" width=\"920\" height=\"347\" \/><\/h3>\n\n<h3>1. Cr\u00e9er un  a escalier :<\/h3>\n\n<ul>\n\n<li>1. Faites glisser un composant \u00ab\u00a0<em><strong>Escalier<\/strong><\/em>\u00a0\u00bb <img loading=\"lazy\" decoding=\"async\" class=\"alignnone size-full wp-image-5117\" alt=\"VA_Stair\" src=\"https:\/\/stg.visualarq.com\/wp-content\/uploads\/sites\/2\/2012\/06\/VA_Stair.jpg\" width=\"26\" height=\"26\" \/>\u00a0de VisualARQ sur la grille de Grasshopper. Ce composant d&rsquo;escalier a deux entr\u00e9es :\n\n<ul>\n\n<li><strong>C:<\/strong>\u00a0Chemin\u00a0d&rsquo;escalier.<\/li>\n\n<li><strong>O: <\/strong>Options pour d\u00e9finir tous les param\u00e8tres de l&rsquo;escalier.<\/li>\n\n<\/ul>\n\n<\/li>\n\n<li>2. Assignez une <strong>courbe<\/strong> \u00e0 l&rsquo;entr\u00e9e <em>C<\/em> de l&rsquo;escalier. Cette courbe d\u00e9finira le nouveau chemin de l&rsquo;escalier. Vous pouvez s\u00e9lectionner une ou plusieurs courbes tant qu&rsquo;il s&rsquo;agit de lignes, de polylignes ou d&rsquo;arcs ; un objet d&rsquo;escalier sera g\u00e9n\u00e9r\u00e9 pour chaque courbe s\u00e9lectionn\u00e9e. Les escaliers cr\u00e9\u00e9s \u00e0 partir de polylignes poss\u00e8dent une vol\u00e9e pour chaque segment de polyligne.<\/li>\n\n<\/ul>\n\n<p>Les courbes choisies peuvent \u00eatre s\u00e9lectionn\u00e9es dans Rhino (r\u00e9f\u00e9renc\u00e9es dans Grasshopper avec <em>Curve Param<\/em> ou cr\u00e9\u00e9es directement dans Grasshopper.<\/p>\n\n<p>N&rsquo;oubliez pas que dans les deux cas, les courbes doivent \u00eatre planes et ouvertes ; sinon les escaliers ne seront pas g\u00e9n\u00e9r\u00e9s.<\/p>\n\n<p>(<strong>Remarque 1 <\/strong>: Vous pouvez modifier chaque type de vol\u00e9e d&rsquo;escalier (\u00ab\u00a0marches\u00a0\u00bb ou \u00ab\u00a0paliers\u00a0\u00bb) dans Grasshopper. Vous devez tout d&rsquo;abord utiliser la fonction Bake de Grasshopper sur votre escalier et modifier le type dans la bo\u00eete de dialogue des propri\u00e9t\u00e9s objet de l&rsquo;escalier <img loading=\"lazy\" decoding=\"async\" class=\"alignnone size-full wp-image-5113\" alt=\"VA_Properties\" src=\"https:\/\/stg.visualarq.com\/wp-content\/uploads\/sites\/2\/2012\/06\/VA_Properties.jpg\" width=\"26\" height=\"26\" \/>.)\u00a0\u00a0<\/p>\n\n<p>(<strong>Remarque 2 <\/strong>: Les escaliers de VisualARQ dans Grasshopper ne peuvent pas \u00eatre cr\u00e9\u00e9s \u00e0 partir de courbes autres que des lignes, des polylignes ou des arcs, tout comme dans Rhino. Il est pr\u00e9vu de pouvoir cr\u00e9er des escaliers \u00e0 partir de n&rsquo;importe quel type de courbe dans les prochaines versions de VisualARQ.)\u00a0<\/p>\n\n<h3>2. D\u00e9finir les param\u00e8tres de l&rsquo;escalier :<\/h3>\n\n<ul>\n\n<li>1. Faites glisser un composant <em><strong>Stair options<\/strong><\/em> <img loading=\"lazy\" decoding=\"async\" class=\"alignnone size-full wp-image-8159\" alt=\"Stair Options-24\" src=\"https:\/\/stg.visualarq.com\/wp-content\/uploads\/sites\/2\/2013\/11\/Stair-Options-24.png\" width=\"24\" height=\"24\" \/>\u00a0sur la grille de Grasshopper. Ce composant poss\u00e8de plusieurs entr\u00e9es pour d\u00e9finir les param\u00e8tres de l&rsquo;escalier.<\/li>\n\n<li>2. Reliez la sortie <em>O du composant Stair options<\/em> \u00e0 l&rsquo;entr\u00e9e <em>O<\/em> du composant <em>Stair<\/em>.<\/li>\n\n<li>3. D\u00e9finissez les diff\u00e9rentes <em>options de l&rsquo;escalier <\/em>:\n\n<ul>\n\n<li><strong>(<em>S<\/em>)\u00a0<em>Style d&rsquo;escalier <\/em>:\u00a0<img loading=\"lazy\" decoding=\"async\" class=\"alignnone size-full wp-image-8172\" alt=\"Stair Style Param-24\" src=\"https:\/\/stg.visualarq.com\/wp-content\/uploads\/sites\/2\/2013\/11\/Stair-Style-Param-24.png\" width=\"24\" height=\"24\" \/><\/strong> Vous pouvez placer un composant de <em>style<\/em>\u00a0d&rsquo;escalier sur la grille et le relier \u00e0 l&rsquo;entr\u00e9e <em>S<\/em> du composant <em>Stair options<\/em>. Ce composant de <em>style<\/em> poss\u00e8de un style d&rsquo;escalier standard par d\u00e9faut. Pour assigner un style d&rsquo;escalier diff\u00e9rent, cliquez avec le bouton de droite sur ce composant et s\u00e9lectionnez l&rsquo;option \u00ab\u00a0<em>Set one Stair Style<\/em>\u00a0\u00bb dans la liste. Grasshopper sera masqu\u00e9 jusqu&rsquo;\u00e0 ce que vous s\u00e9lectionniez un style d&rsquo;escalier dans la liste affich\u00e9e dans la bo\u00eete de dialogue. Cette liste affiche les styles d&rsquo;escalier disponibles dans le document de Rhino ouvert. Si vous voulez cr\u00e9er de nouveaux styles d&rsquo;escalier, vous pouvez le faire \u00e0 partir de la bo\u00eete de dialogue des styles d&rsquo;escalier de VisualARQ (commande vaEscalierStyles) ou directement dans Grasshopper, comme expliqu\u00e9 dans le point 3 de ce tutoriel.<\/li>\n\n<li><strong>(A) <em>Alignement de l&rsquo;escalier <\/em><\/strong>:\u00a0<img loading=\"lazy\" decoding=\"async\" class=\"alignnone size-full wp-image-8191\" alt=\"Stair Alignment Input 24\" src=\"https:\/\/stg.visualarq.com\/wp-content\/uploads\/sites\/2\/2013\/11\/Stair-Alignment-Input-24.png\" width=\"24\" height=\"24\" \/>\u00a0L&rsquo;<em>Alignement de l&rsquo;escalier<\/em> d\u00e9finit la position de l&rsquo;escalier en fonction de la direction de sa courbe de base. Faites glisser un composant d&rsquo;<em>alignement de l&rsquo;escalier<\/em> (qui se trouve dans la section <em>Input<\/em>, sous l&rsquo;onglet Params de Grasshopper) et cliquez avec le bouton de droite pour s\u00e9lectionner une des trois options : <em>gauche<\/em>, <em>centre<\/em> ou <em>droite<\/em>. Ces positions d&rsquo;alignement peuvent aussi \u00eatre entr\u00e9es sous forme de nombres entiers (<em>0=gauche, 1=centre<\/em> et <em>2=droite<\/em>) dans l&rsquo;entr\u00e9e <em>A<\/em>.<\/li>\n\n<li><strong>(<em>H<\/em>)\u00a0<em>Hauteur de l&rsquo;escalier <\/em><\/strong>: La hauteur de l&rsquo;escalier correspond \u00e0 la hauteur totale de l&rsquo;objet. D\u00e9placez un composant de glisseur (<em>Number Slider<\/em>) sur la grille et reliez-le \u00e0 l&rsquo;entr\u00e9e <em>H<\/em> des <em>options de l&rsquo;escalier<\/em>. Lorsque aucun nombre n&rsquo;est d\u00e9fini dans l&rsquo;entr\u00e9e <em>H<\/em> des <em>options de l&rsquo;escalier<\/em>, ou lorsque cette valeur est nulle, l&rsquo;escalier prend la hauteur par d\u00e9faut du style.\u00a0<\/li>\n\n<li><strong>(<em>W<\/em>)\u00a0<strong><em>Largeur de l&rsquo;escalier<\/em><\/strong><\/strong>. La valeur de la largeur de l&rsquo;escalier reste constante tout au long de celui-ci.<\/li>\n\n<li><strong>(<em>N<\/em>)\u00a0<em>Nombre de marches <\/em><\/strong>: Nombre total de marches de l&rsquo;escalier.<\/li>\n\n<li><strong>(<em>T<\/em>) Giron <em><\/em><\/strong>: Dimensions du giron.<\/li>\n\n<li><strong>(<em>St<\/em>) \u00c9paisseur au d\u00e9part :<\/strong>\u00a0Cette valeur d\u00e9finir l&rsquo;\u00e9paisseur de la dalle de l&rsquo;escalier situ\u00e9e en bas (au d\u00e9but). Elle est cens\u00e9e correspondre \u00e0 la dalle de l&rsquo;escalier lorsqu&rsquo;une dalle est plac\u00e9e au d\u00e9part. Cette valeur affecte uniquement les escaliers dont le style poss\u00e8de une dalle.<\/li>\n\n<li><strong>(E<em>t<\/em>) \u00c9paisseur \u00e0 la fin :<\/strong>\u00a0Cette valeur d\u00e9finir l&rsquo;\u00e9paisseur de la dalle de l&rsquo;escalier situ\u00e9e en haut (\u00e0 la fin). Elle est cens\u00e9e correspondre \u00e0 la dalle de l&rsquo;escalier lorsqu&rsquo;une dalle est plac\u00e9e au d\u00e9part. Cette valeur affecte uniquement les escaliers dont le style poss\u00e8de une dalle.<\/li>\n\n<\/ul>\n\n<\/li>\n\n<\/ul>\n\n<h3>3. Cr\u00e9er un nouveau style d&rsquo;escalier :<\/h3>\n\n<ul>\n\n<li>1. Faites glisser un composant <em><strong>Stair Style<\/strong><\/em> <img loading=\"lazy\" decoding=\"async\" class=\"alignnone size-full wp-image-8187\" alt=\"Stair Styles-24\" src=\"https:\/\/stg.visualarq.com\/wp-content\/uploads\/sites\/2\/2013\/11\/Stair-Styles-24.png\" width=\"24\" height=\"24\" \/>\u00a0sur la grille de Grasshopper. Ce composant poss\u00e8de plusieurs entr\u00e9es pour d\u00e9finir les param\u00e8tres du style d&rsquo;escalier. \n\n<ul>\n\n<li><strong>(<em>N<\/em>) Nom <\/strong>: Nom du style d&rsquo;escalier.<\/li>\n\n<li><strong>(C) <em>Composants de l&rsquo;escalier : <\/em><\/strong>Les escaliers peuvent avoir des composants.\u00a0Le seul composant disponible pour les escaliers est la <em>Dalle<\/em>. D\u00e9placez un composant de dalle d&rsquo;escalier <em><img loading=\"lazy\" decoding=\"async\" alt=\"Stair Slab-24\" src=\"https:\/\/stg.visualarq.com\/wp-content\/uploads\/sites\/2\/2013\/11\/Stair-Slab-24.png\" width=\"24\" height=\"24\" \/><\/em> <span style=\"line-height: 24px\">et reliez-le <\/span>\u00e0 l&rsquo;entr\u00e9e C. D\u00e9finissez le nom (entr\u00e9e <em>N<\/em>) et l&rsquo;\u00e9paisseur (entr\u00e9e <em>T<\/em>) du composant de dalle de l&rsquo;escalier.<\/li>\n\n<\/ul>\n\n<\/li>\n\n<\/ul>\n\n<h3>4. Cr\u00e9er un escalier \u00e0 vis<\/h3>\n\n<p><img loading=\"lazy\" decoding=\"async\" class=\"aligncenter size-full wp-image-8197\" alt=\"Exercice 4 escalier \u00e0 vis\" src=\"https:\/\/stg.visualarq.com\/wp-content\/uploads\/sites\/2\/2013\/11\/Exercise-4-Spiral-Stair.png\" width=\"920\" height=\"347\" \/><\/p>\n\n<p>Le proc\u00e9d\u00e9 de cr\u00e9ation d&rsquo;un escalier \u00e0 vis est le m\u00eame que celui d&rsquo;un escalier normal. La seule diff\u00e9rence est que vous devez s\u00e9lectionner un <strong>Arc<\/strong> pour d\u00e9finir le chemin.<\/p>\n\n<p>(<strong>Remarque <\/strong>: Les escaliers \u00e0 vis ne peuvent pas \u00eatre cr\u00e9\u00e9s \u00e0 partir d&rsquo;une courbe tournant \u00e0 plus de 360 \u00ba. N&rsquo;oubliez pas ceci lorsque vous d\u00e9finissez le nombre de marches ou les dimensions du giron, car sinon l&rsquo;escalier ne sera pas g\u00e9n\u00e9r\u00e9.)<\/p>\n\n<h3>5. Inverser la direction de l&rsquo;escalier<\/h3>\n\n<p>La direction de l&rsquo;escalier est d\u00e9termin\u00e9e par la direction de la courbe de son chemin. Pour changer la direction d&rsquo;un escalier, inverser la courbe d\u00e9finissant le chemin en utilisant un composant <em>Flip Curve<\/em> <img loading=\"lazy\" decoding=\"async\" class=\"alignnone size-full wp-image-8201\" alt=\"Flip curve\" src=\"https:\/\/stg.visualarq.com\/wp-content\/uploads\/sites\/2\/2013\/11\/Flip-curve.png\" width=\"26\" height=\"26\" \/>\u00a0(onglet Curve &gt; Util).<\/p>","protected":false},"excerpt":{"rendered":"<p>Exercice 4. Cr\u00e9er un escalier 1. Cr\u00e9er un a escalier : 1. Faites glisser un composant \u00ab\u00a0Escalier\u00a0\u00bb \u00a0de VisualARQ sur la grille de Grasshopper. Ce composant d&rsquo;escalier a deux entr\u00e9es : C:\u00a0Chemin\u00a0d&rsquo;escalier. O: Options pour d\u00e9finir tous les param\u00e8tres de l&rsquo;escalier. 2. Assignez une courbe \u00e0 l&rsquo;entr\u00e9e C de l&rsquo;escalier. Cette courbe d\u00e9finira le nouveau [&hellip;]<\/p>\n","protected":false},"author":6,"featured_media":0,"parent":11164,"menu_order":4,"comment_status":"closed","ping_status":"closed","template":"","meta":{"_et_pb_use_builder":"","_et_pb_old_content":"","_et_gb_content_width":"","footnotes":""},"class_list":["post-11136","page","type-page","status-publish","hentry"],"yoast_head":"<!-- This site is optimized with the Yoast SEO plugin v27.3 - https:\/\/yoast.com\/product\/yoast-seo-wordpress\/ -->\n<title>Exercice 4. Cr\u00e9er un escalier - VisualARQ<\/title>\n<meta name=\"robots\" content=\"noindex, follow, max-snippet:-1, max-image-preview:large, max-video-preview:-1\" \/>\n<meta property=\"og:locale\" content=\"fr_FR\" \/>\n<meta property=\"og:type\" content=\"article\" \/>\n<meta property=\"og:title\" content=\"Exercice 4. Cr\u00e9er un escalier - VisualARQ\" \/>\n<meta property=\"og:description\" content=\"Exercice 4. Cr\u00e9er un escalier 1. Cr\u00e9er un a escalier : 1. Faites glisser un composant \u00ab\u00a0Escalier\u00a0\u00bb \u00a0de VisualARQ sur la grille de Grasshopper. Ce composant d&rsquo;escalier a deux entr\u00e9es : C:\u00a0Chemin\u00a0d&rsquo;escalier. O: Options pour d\u00e9finir tous les param\u00e8tres de l&rsquo;escalier. 2. Assignez une courbe \u00e0 l&rsquo;entr\u00e9e C de l&rsquo;escalier. Cette courbe d\u00e9finira le nouveau [&hellip;]\" \/>\n<meta property=\"og:url\" content=\"https:\/\/stg.visualarq.com\/fr\/learn\/grasshopper-components\/create-a-stair\/\" \/>\n<meta property=\"og:site_name\" content=\"VisualARQ\" \/>\n<meta property=\"article:publisher\" content=\"https:\/\/www.facebook.com\/visualarq\" \/>\n<meta property=\"article:modified_time\" content=\"2019-01-02T15:39:53+00:00\" \/>\n<meta property=\"og:image\" content=\"https:\/\/stg.visualarq.com\/wp-content\/uploads\/sites\/2\/2013\/11\/Exercise-4-Stair.png\" \/>\n<meta name=\"twitter:card\" content=\"summary_large_image\" \/>\n<meta name=\"twitter:site\" content=\"@VisualARQ\" \/>\n<meta name=\"twitter:label1\" content=\"Dur\u00e9e de lecture estim\u00e9e\" \/>\n\t<meta name=\"twitter:data1\" content=\"5 minutes\" \/>\n<script type=\"application\/ld+json\" class=\"yoast-schema-graph\">{\"@context\":\"https:\\\/\\\/schema.org\",\"@graph\":[{\"@type\":\"WebPage\",\"@id\":\"https:\\\/\\\/stg.visualarq.com\\\/fr\\\/learn\\\/grasshopper-components\\\/create-a-stair\\\/\",\"url\":\"https:\\\/\\\/stg.visualarq.com\\\/fr\\\/learn\\\/grasshopper-components\\\/create-a-stair\\\/\",\"name\":\"Exercice 4. Cr\u00e9er un escalier - VisualARQ\",\"isPartOf\":{\"@id\":\"https:\\\/\\\/stg.visualarq.com\\\/fr\\\/#website\"},\"primaryImageOfPage\":{\"@id\":\"https:\\\/\\\/stg.visualarq.com\\\/fr\\\/learn\\\/grasshopper-components\\\/create-a-stair\\\/#primaryimage\"},\"image\":{\"@id\":\"https:\\\/\\\/stg.visualarq.com\\\/fr\\\/learn\\\/grasshopper-components\\\/create-a-stair\\\/#primaryimage\"},\"thumbnailUrl\":\"https:\\\/\\\/stg.visualarq.com\\\/wp-content\\\/uploads\\\/sites\\\/2\\\/2013\\\/11\\\/Exercise-4-Stair.png\",\"datePublished\":\"2014-07-04T00:00:00+00:00\",\"dateModified\":\"2019-01-02T15:39:53+00:00\",\"breadcrumb\":{\"@id\":\"https:\\\/\\\/stg.visualarq.com\\\/fr\\\/learn\\\/grasshopper-components\\\/create-a-stair\\\/#breadcrumb\"},\"inLanguage\":\"fr-FR\",\"potentialAction\":[{\"@type\":\"ReadAction\",\"target\":[\"https:\\\/\\\/stg.visualarq.com\\\/fr\\\/learn\\\/grasshopper-components\\\/create-a-stair\\\/\"]}]},{\"@type\":\"ImageObject\",\"inLanguage\":\"fr-FR\",\"@id\":\"https:\\\/\\\/stg.visualarq.com\\\/fr\\\/learn\\\/grasshopper-components\\\/create-a-stair\\\/#primaryimage\",\"url\":\"https:\\\/\\\/stg.visualarq.com\\\/wp-content\\\/uploads\\\/sites\\\/2\\\/2013\\\/11\\\/Exercise-4-Stair.png\",\"contentUrl\":\"https:\\\/\\\/stg.visualarq.com\\\/wp-content\\\/uploads\\\/sites\\\/2\\\/2013\\\/11\\\/Exercise-4-Stair.png\"},{\"@type\":\"BreadcrumbList\",\"@id\":\"https:\\\/\\\/stg.visualarq.com\\\/fr\\\/learn\\\/grasshopper-components\\\/create-a-stair\\\/#breadcrumb\",\"itemListElement\":[{\"@type\":\"ListItem\",\"position\":1,\"name\":\"Home\",\"item\":\"https:\\\/\\\/stg.visualarq.com\\\/fr\\\/home\\\/\"},{\"@type\":\"ListItem\",\"position\":2,\"name\":\"Apprendre\",\"item\":\"https:\\\/\\\/stg.visualarq.com\\\/fr\\\/learn\\\/\"},{\"@type\":\"ListItem\",\"position\":3,\"name\":\"Composants de Grasshopper\",\"item\":\"https:\\\/\\\/stg.visualarq.com\\\/fr\\\/learn\\\/grasshopper-components\\\/\"},{\"@type\":\"ListItem\",\"position\":4,\"name\":\"Exercice 4. Cr\u00e9er un escalier\"}]},{\"@type\":\"WebSite\",\"@id\":\"https:\\\/\\\/stg.visualarq.com\\\/fr\\\/#website\",\"url\":\"https:\\\/\\\/stg.visualarq.com\\\/fr\\\/\",\"name\":\"VisualARQ\",\"description\":\"Flexible BIM for Rhino\",\"potentialAction\":[{\"@type\":\"SearchAction\",\"target\":{\"@type\":\"EntryPoint\",\"urlTemplate\":\"https:\\\/\\\/stg.visualarq.com\\\/fr\\\/?s={search_term_string}\"},\"query-input\":{\"@type\":\"PropertyValueSpecification\",\"valueRequired\":true,\"valueName\":\"search_term_string\"}}],\"inLanguage\":\"fr-FR\"}]}<\/script>\n<!-- \/ Yoast SEO plugin. -->","yoast_head_json":{"title":"Exercice 4. Cr\u00e9er un escalier - VisualARQ","robots":{"index":"noindex","follow":"follow","max-snippet":"max-snippet:-1","max-image-preview":"max-image-preview:large","max-video-preview":"max-video-preview:-1"},"og_locale":"fr_FR","og_type":"article","og_title":"Exercice 4. Cr\u00e9er un escalier - VisualARQ","og_description":"Exercice 4. Cr\u00e9er un escalier 1. Cr\u00e9er un a escalier : 1. Faites glisser un composant \u00ab\u00a0Escalier\u00a0\u00bb \u00a0de VisualARQ sur la grille de Grasshopper. Ce composant d&rsquo;escalier a deux entr\u00e9es : C:\u00a0Chemin\u00a0d&rsquo;escalier. O: Options pour d\u00e9finir tous les param\u00e8tres de l&rsquo;escalier. 2. Assignez une courbe \u00e0 l&rsquo;entr\u00e9e C de l&rsquo;escalier. Cette courbe d\u00e9finira le nouveau [&hellip;]","og_url":"https:\/\/stg.visualarq.com\/fr\/learn\/grasshopper-components\/create-a-stair\/","og_site_name":"VisualARQ","article_publisher":"https:\/\/www.facebook.com\/visualarq","article_modified_time":"2019-01-02T15:39:53+00:00","og_image":[{"url":"https:\/\/stg.visualarq.com\/wp-content\/uploads\/sites\/2\/2013\/11\/Exercise-4-Stair.png","type":"","width":"","height":""}],"twitter_card":"summary_large_image","twitter_site":"@VisualARQ","twitter_misc":{"Dur\u00e9e de lecture estim\u00e9e":"5 minutes"},"schema":{"@context":"https:\/\/schema.org","@graph":[{"@type":"WebPage","@id":"https:\/\/stg.visualarq.com\/fr\/learn\/grasshopper-components\/create-a-stair\/","url":"https:\/\/stg.visualarq.com\/fr\/learn\/grasshopper-components\/create-a-stair\/","name":"Exercice 4. Cr\u00e9er un escalier - VisualARQ","isPartOf":{"@id":"https:\/\/stg.visualarq.com\/fr\/#website"},"primaryImageOfPage":{"@id":"https:\/\/stg.visualarq.com\/fr\/learn\/grasshopper-components\/create-a-stair\/#primaryimage"},"image":{"@id":"https:\/\/stg.visualarq.com\/fr\/learn\/grasshopper-components\/create-a-stair\/#primaryimage"},"thumbnailUrl":"https:\/\/stg.visualarq.com\/wp-content\/uploads\/sites\/2\/2013\/11\/Exercise-4-Stair.png","datePublished":"2014-07-04T00:00:00+00:00","dateModified":"2019-01-02T15:39:53+00:00","breadcrumb":{"@id":"https:\/\/stg.visualarq.com\/fr\/learn\/grasshopper-components\/create-a-stair\/#breadcrumb"},"inLanguage":"fr-FR","potentialAction":[{"@type":"ReadAction","target":["https:\/\/stg.visualarq.com\/fr\/learn\/grasshopper-components\/create-a-stair\/"]}]},{"@type":"ImageObject","inLanguage":"fr-FR","@id":"https:\/\/stg.visualarq.com\/fr\/learn\/grasshopper-components\/create-a-stair\/#primaryimage","url":"https:\/\/stg.visualarq.com\/wp-content\/uploads\/sites\/2\/2013\/11\/Exercise-4-Stair.png","contentUrl":"https:\/\/stg.visualarq.com\/wp-content\/uploads\/sites\/2\/2013\/11\/Exercise-4-Stair.png"},{"@type":"BreadcrumbList","@id":"https:\/\/stg.visualarq.com\/fr\/learn\/grasshopper-components\/create-a-stair\/#breadcrumb","itemListElement":[{"@type":"ListItem","position":1,"name":"Home","item":"https:\/\/stg.visualarq.com\/fr\/home\/"},{"@type":"ListItem","position":2,"name":"Apprendre","item":"https:\/\/stg.visualarq.com\/fr\/learn\/"},{"@type":"ListItem","position":3,"name":"Composants de Grasshopper","item":"https:\/\/stg.visualarq.com\/fr\/learn\/grasshopper-components\/"},{"@type":"ListItem","position":4,"name":"Exercice 4. Cr\u00e9er un escalier"}]},{"@type":"WebSite","@id":"https:\/\/stg.visualarq.com\/fr\/#website","url":"https:\/\/stg.visualarq.com\/fr\/","name":"VisualARQ","description":"Flexible BIM for Rhino","potentialAction":[{"@type":"SearchAction","target":{"@type":"EntryPoint","urlTemplate":"https:\/\/stg.visualarq.com\/fr\/?s={search_term_string}"},"query-input":{"@type":"PropertyValueSpecification","valueRequired":true,"valueName":"search_term_string"}}],"inLanguage":"fr-FR"}]}},"_links":{"self":[{"href":"https:\/\/stg.visualarq.com\/fr\/wp-json\/wp\/v2\/pages\/11136","targetHints":{"allow":["GET"]}}],"collection":[{"href":"https:\/\/stg.visualarq.com\/fr\/wp-json\/wp\/v2\/pages"}],"about":[{"href":"https:\/\/stg.visualarq.com\/fr\/wp-json\/wp\/v2\/types\/page"}],"author":[{"embeddable":true,"href":"https:\/\/stg.visualarq.com\/fr\/wp-json\/wp\/v2\/users\/6"}],"replies":[{"embeddable":true,"href":"https:\/\/stg.visualarq.com\/fr\/wp-json\/wp\/v2\/comments?post=11136"}],"version-history":[{"count":0,"href":"https:\/\/stg.visualarq.com\/fr\/wp-json\/wp\/v2\/pages\/11136\/revisions"}],"up":[{"embeddable":true,"href":"https:\/\/stg.visualarq.com\/fr\/wp-json\/wp\/v2\/pages\/11164"}],"wp:attachment":[{"href":"https:\/\/stg.visualarq.com\/fr\/wp-json\/wp\/v2\/media?parent=11136"}],"curies":[{"name":"wp","href":"https:\/\/api.w.org\/{rel}","templated":true}]}}