{"id":11138,"date":"2013-11-19T00:00:00","date_gmt":"2013-11-19T00:00:00","guid":{"rendered":"https:\/\/stg.visualarq.com\/features\/grasshopper\/exercises\/create-slabs\/"},"modified":"2019-01-02T15:40:00","modified_gmt":"2019-01-02T15:40:00","slug":"create-slabs","status":"publish","type":"page","link":"https:\/\/stg.visualarq.com\/fr\/learn\/grasshopper-components\/create-slabs\/","title":{"rendered":"Exercice 5. Cr\u00e9er une dalle"},"content":{"rendered":"<h1>Exercice 5. Cr\u00e9er une dalle<\/h1>\n\n<h3>1. Cr\u00e9er une dalle :<\/h3>\n\n<p><em><img loading=\"lazy\" decoding=\"async\" class=\"aligncenter size-full wp-image-8218\" alt=\"Exercice 5 Dalle simple\" src=\"https:\/\/stg.visualarq.com\/wp-content\/uploads\/sites\/2\/2013\/11\/Exercise-5-Simple-slab.png\" width=\"900\" height=\"250\" \/><\/em><\/p>\n\n<p>Pour cr\u00e9er une dalle de VisualARQ dans Grasshopper, il suffit d&rsquo;avoir une courbe plane et ferm\u00e9e.<\/p>\n\n<ul>\n\n<li>1. D\u00e9placez un composant de <em><strong>Dalle<\/strong><\/em> <img loading=\"lazy\" decoding=\"async\" class=\"alignnone size-full wp-image-8204\" alt=\"Slab-24\" src=\"https:\/\/stg.visualarq.com\/wp-content\/uploads\/sites\/2\/2013\/11\/Slab-24.png\" width=\"24\" height=\"24\" \/>\u00a0de VisualARQ sur la grille de Grasshopper. Ce composant de dalle a deux entr\u00e9es :\n\n<ul>\n\n<li><strong>C:<\/strong>\u00a0Courbe fronti\u00e8re<\/li>\n\n<li><strong>O:\u00a0<\/strong>Options pour d\u00e9finir tous les param\u00e8tres de la dalle.<\/li>\n\n<\/ul>\n\n<\/li>\n\n<li>2. Reliez une <strong>courbe<\/strong> \u00e0 l&rsquo;entr\u00e9e <em>C<\/em> de la dalle. La courbe d\u00e9finira la fronti\u00e8re de la dalle et doit \u00eatre plane et ferm\u00e9e. Vous pouvez s\u00e9lectionner plusieurs courbes pour g\u00e9n\u00e9rer plusieurs dalles. <\/li>\n\n<\/ul>\n\n<p>Les courbes choisies peuvent \u00eatre s\u00e9lectionn\u00e9es dans Rhino (r\u00e9f\u00e9renc\u00e9es dans Grasshopper avec <em>Curve Param<\/em> ou cr\u00e9\u00e9es directement dans Grasshopper.<\/p>\n\n<h3>2. D\u00e9finir les param\u00e8tres de la dalle : <\/h3>\n\n<ul>\n\n<li>1. D\u00e9placez un composant <em><strong>Slab options<\/strong><\/em> <img loading=\"lazy\" decoding=\"async\" class=\"alignnone size-full wp-image-8210\" alt=\"Slab Options-24\" src=\"https:\/\/stg.visualarq.com\/wp-content\/uploads\/sites\/2\/2013\/11\/Slab-Options-24.png\" width=\"24\" height=\"24\" \/>\u00a0sur la grille de Grasshopper. Ce composant poss\u00e8de plusieurs entr\u00e9es pour d\u00e9finir les param\u00e8tres de la dalle.<\/li>\n\n<li>2. Reliez la sortie <em>O du composant Slab options<\/em> \u00e0 l&rsquo;entr\u00e9e <em>O<\/em> du composant <em>Slab<\/em>.<\/li>\n\n<li>3. D\u00e9finissez les diff\u00e9rentes <em>options de la dalle <\/em>:\n\n<ul>\n\n<li><strong>(<em>S<\/em>)\u00a0<em>Style de dalle <\/em>:\u00a0<img loading=\"lazy\" decoding=\"async\" class=\"alignnone size-full wp-image-8170\" alt=\"Slab Style Param-24\" src=\"https:\/\/stg.visualarq.com\/wp-content\/uploads\/sites\/2\/2013\/11\/Slab-Style-Param-24.png\" width=\"24\" height=\"24\" \/><\/strong> Vous pouvez placer un composant de <em>style<\/em> de dalle sur la grille et le relier \u00e0 l&rsquo;entr\u00e9e <em>S<\/em> du composant <em>Slab options<\/em>. La version actuelle de VisualARQ (1.8) ne dispose que d&rsquo;un seul style qui est assign\u00e9\u00a0<span style=\"line-height: 24px\">par d\u00e9faut<\/span>. Il sera possible de cr\u00e9er et modifier les styles de dalle dans les prochaines versions.<\/li>\n\n<li><strong>(A)\u00a0<em>Alignement <\/em><\/strong>:\u00a0<img loading=\"lazy\" decoding=\"async\" class=\"alignnone size-full wp-image-8214\" alt=\"Slabs and Roofs alignment input 24\" src=\"https:\/\/stg.visualarq.com\/wp-content\/uploads\/sites\/2\/2013\/11\/Slabs-and-Roofs-alignment-input-24.png\" width=\"24\" height=\"24\" \/>\u00a0L&rsquo;<em>Alignement de la dalle (onglet Params &gt; Architectural Inputs)<\/em>\u00a0d\u00e9finit la position de la dalle par rapport \u00e0 sa courbe fronti\u00e8re. Il y a trois options disponibles : <em>sup\u00e9rieur<\/em>, <em>centre<\/em> et <em>inf\u00e9rieur<\/em>. Ces positions d&rsquo;alignement peuvent aussi \u00eatre entr\u00e9es sous forme de nombres entiers (<em>0=sup\u00e9rieur, 1=centre<\/em> et <em>2=inf\u00e9rieur<\/em>) dans l&rsquo;entr\u00e9e <em>A<\/em>.<\/li>\n\n<li><strong>(<em>T<\/em>)\u00a0<em>\u00c9paisseur <\/em><\/strong>: \u00c9paisseur de la dalle.\u00a0<\/li>\n\n<\/ul>\n\n<\/li>\n\n<\/ul>\n\n<h3>3. Soustraire une fronti\u00e8re dans une dalle<\/h3>\n\n<p><em><img loading=\"lazy\" decoding=\"async\" class=\"aligncenter size-full wp-image-8219\" alt=\"Exercice 5 Soustraire une dalle\" src=\"https:\/\/stg.visualarq.com\/wp-content\/uploads\/sites\/2\/2013\/11\/Exercise-5-slab-subtract.png\" width=\"900\" height=\"229\" \/><\/em><\/p>\n\n<p>Vous pouvez soustraire une courbe fronti\u00e8re d&rsquo;une dalle ou de plusieurs dalles.<\/p>\n\n<ol>\n\n<li>D\u00e9placez un composant <em>Slab Substract Boundary<\/em> <img loading=\"lazy\" decoding=\"async\" class=\"alignnone size-full wp-image-5116\" alt=\"VA_SlabSubtract\" src=\"https:\/\/stg.visualarq.com\/wp-content\/uploads\/sites\/2\/2012\/06\/VA_SlabSubtract.jpg\" width=\"26\" height=\"26\" \/>\u00a0sur la grille de Grasshopper.<\/li>\n\n<li>Reliez l&rsquo;entr\u00e9e <em>S<\/em> \u00e0 la dalle de laquelle vous voulez soustraire la fronti\u00e8re.<\/li>\n\n<li>Reliez l&rsquo;entr\u00e9e <em>C<\/em> \u00e0 la courbe repr\u00e9sentant la fronti\u00e8re que vous voulez soustraire. Cette courbe doit \u00eatre ferm\u00e9e et plane.<\/li>\n\n<\/ol>\n\n<p>La fronti\u00e8re sera soustraite en projetant la courbe fronti\u00e8re verticalement sur la dalle.<br \/> Si la courbe fronti\u00e8re est projet\u00e9e compl\u00e8tement en dehors des limites de la dalle, la soustraction ne se fera pas et ne se verra pas.<\/p>\n\n<p><strong>Remarque <\/strong>: Les fronti\u00e8res ne doivent pas obligatoirement se trouver sur le plan de la dalle, mais elles doivent \u00eatre <strong>ferm\u00e9es<\/strong> et <strong>planes<\/strong>.<\/p>\n\n<h3>4. Lier les contours de l&rsquo;escalier aux trous des dalles<\/h3>\n\n<p><em style=\"line-height: 24px\"><img loading=\"lazy\" decoding=\"async\" class=\"aligncenter size-full wp-image-8220\" alt=\"Tr\u00e9mie de l'escalier dans la dalle\" src=\"https:\/\/stg.visualarq.com\/wp-content\/uploads\/sites\/2\/2013\/11\/Slab-stair-clerance.png\" width=\"900\" height=\"260\" \/><\/em><\/p>\n\n<p>Vous pouvez soustraire la fronti\u00e8re d&rsquo;un escalier de VisualARQ dans une dalle, en conservant une hauteur de tr\u00e9mie minimale entre le chemin de l&rsquo;escalier et la surface inf\u00e9rieure de la dalle.<\/p>\n\n<ol>\n\n<li>D\u00e9placez un composant <em>Slab Substract Stair Clearance<\/em> <img loading=\"lazy\" decoding=\"async\" class=\"alignnone size-full wp-image-8221\" alt=\"vaSlabSubtractStairClearance\" src=\"https:\/\/stg.visualarq.com\/wp-content\/uploads\/sites\/2\/2013\/11\/vaSlabSubtractStairClearance-24.png\" width=\"24\" height=\"24\" \/>\u00a0sur la grille de Grasshopper.<\/li>\n\n<li>Ce composant a trois entr\u00e9es. Reliez les composants aux valeurs <span style=\"line-height: 24px\">:<\/span>\n\n<ul>\n\n<li><strong>(S)<\/strong> : Dalle de d\u00e9part<\/li>\n\n<li><strong>(St)<\/strong> : Escalier pour la tr\u00e9mie<\/li>\n\n<li><strong>(H)<\/strong> : Hauteur de la tr\u00e9mie : hauteur de tr\u00e9mie minimale entre le chemin de l&rsquo;escalier et la surface inf\u00e9rieure de la dalle<\/li>\n\n<\/ul>\n\n<\/li>\n\n<\/ol>\n\n<h3>5. Cr\u00e9er des dalles de plusieurs niveaux \u00e0 partir d&rsquo;un volume<\/h3>\n\n<p><img loading=\"lazy\" decoding=\"async\" class=\"alignnone size-full wp-image-8224\" alt=\"Dalles \u00e0 partir d'un volume \" src=\"https:\/\/stg.visualarq.com\/wp-content\/uploads\/sites\/2\/2013\/11\/Slabs-from-volume.jpg\" width=\"900\" height=\"632\" \/><\/p>\n\n<p><strong>\u00c9tape 1<\/strong>. S\u00e9lectionner une BRep \u00e0 partir du mod\u00e8le : posez un composant <em>Brep Param<\/em>, cliquez avec le bouton de droite et s\u00e9lectionnez <em>Set one Brep<\/em> (volume) pour d\u00e9finir une Brep du mod\u00e8le (puis masquez la Brep dans Rhino pour mieux travailler).<\/p>\n\n<p><strong>\u00c9tape 2.<\/strong>\u00a0Cr\u00e9er des plans d&rsquo;intersection le long de la hauteur du b\u00e2timent.<\/p>\n\n<ol>\n\n<li>Cr\u00e9ez une ligne verticale de la m\u00eame hauteur que la Brep. Vous pouvez utiliser un composant <strong><em>Line SDL<\/em><\/strong> pour ce faire. Cette ligne aura besoin des informations suivantes\n\n<ol>\n\n<li><strong>(S)<\/strong> : Point de d\u00e9part de la ligne (v\u00e9rifiez que le point se trouve \u00e0 la base du volume)<\/li>\n\n<li><strong>(D) :<\/strong> Direction de la ligne : (<em>Vecteur Z des unit\u00e9s)<\/em><\/li>\n\n<li><strong>(L)<\/strong> : Longueur de la ligne. Ins\u00e9rez la hauteur du b\u00e2timent apr\u00e8s l&rsquo;avoir mesur\u00e9. <\/li>\n\n<\/ol>\n\n<\/li>\n\n<li>Divisez la ligne en segments : chaque division repr\u00e9sentera les diff\u00e9rents \u00e9tages du b\u00e2timent. \n\n<ol>\n\n<li>D\u00e9placez un composant <em>Divide Length<\/em> sur la grille de Grasshopper<\/li>\n\n<li>Reliez le composant <em>Line SDL<\/em> \u00e0 l&rsquo;entr\u00e9e <em>C<\/em> (Courbe \u00e0 diviser) et entrez une valeur num\u00e9raire \u00e0 l&rsquo;entr\u00e9e <em>L<\/em> (Longueur des segments).<\/li>\n\n<\/ol>\n\n<\/li>\n\n<li>Cr\u00e9ez les plans : d\u00e9placez un composant Plane et placez-le sur les points de division du composant Divide Length.<\/li>\n\n<\/ol>\n\n<p><strong>\u00c9tape 3.<\/strong> Trouver l&rsquo;intersection entre les plans horizontaux et la Brep.<\/p>\n\n<ol>\n\n<li>D\u00e9placez un composant <em>Brep \/ Plane<\/em> et reliez <em>Base Brep<\/em> \u00e0 l&rsquo;entr\u00e9e B et les <span style=\"font-size: medium;line-height: 24px\"><em>Plans de section<\/em> \u00e0 l&rsquo;entr\u00e9e <em>P<\/em>. Les lignes de contour de la Brep seront cr\u00e9\u00e9es.<\/span><\/li>\n\n<\/ol>\n\n<p><strong>\u00c9tape 4.<\/strong> Cr\u00e9er les dalles.<\/p>\n\n<ol>\n\n<li>Comme expliqu\u00e9 dans le point 1 de ce tutoriel, d\u00e9placez un composant <em>Slab<\/em> <img loading=\"lazy\" decoding=\"async\" alt=\"Slab-24\" src=\"https:\/\/stg.visualarq.com\/wp-content\/uploads\/sites\/2\/2013\/11\/Slab-24.png\" width=\"24\" height=\"24\" \/> sur la grille et reliez son entr\u00e9e <em>C<\/em> aux courbes d&rsquo;intersection cr\u00e9\u00e9es \u00e0 l&rsquo;\u00e9tape pr\u00e9c\u00e9dente.<\/li>\n\n<li>D\u00e9placez un composant <em>Slab options<\/em> <img loading=\"lazy\" decoding=\"async\" alt=\"Slab Options-24\" src=\"https:\/\/stg.visualarq.com\/wp-content\/uploads\/sites\/2\/2013\/11\/Slab-Options-24.png\" width=\"24\" height=\"24\" \/> pour modifier les param\u00e8tres de la dalle.<\/li>\n\n<\/ol>\n\n<p><strong>\u00c9tape 5.<\/strong> Soustraire une courbe fronti\u00e8re de toutes les dalles.<\/p>\n\n<ol>\n\n<li>S\u00e9lectionnez <em>Curve Param<\/em> <img loading=\"lazy\" decoding=\"async\" class=\"alignnone size-full wp-image-7365\" alt=\"Curve Param\" src=\"https:\/\/stg.visualarq.com\/wp-content\/uploads\/sites\/2\/2013\/06\/Curve-Param.png\" width=\"60\" height=\"25\" \/>\u00a0et d\u00e9finissez une courbe du mod\u00e8le comme courbe fronti\u00e8re \u00e0 soustraire de toutes les dalles.<\/li>\n\n<li>D\u00e9placez un composant <em>Slab Subtract Boundary\u00a0<\/em><img loading=\"lazy\" decoding=\"async\" alt=\"VA_SlabSubtract\" src=\"https:\/\/stg.visualarq.com\/wp-content\/uploads\/sites\/2\/2012\/06\/VA_SlabSubtract.jpg\" width=\"26\" height=\"26\" \/>\u00a0sur la grille et reliez-le \u00e0 la courbe fronti\u00e8re et aux dalles cr\u00e9\u00e9es.<\/li>\n\n<\/ol>","protected":false},"excerpt":{"rendered":"<p>Exercice 5. Cr\u00e9er une dalle 1. Cr\u00e9er une dalle : Pour cr\u00e9er une dalle de VisualARQ dans Grasshopper, il suffit d&rsquo;avoir une courbe plane et ferm\u00e9e. 1. D\u00e9placez un composant de Dalle \u00a0de VisualARQ sur la grille de Grasshopper. Ce composant de dalle a deux entr\u00e9es : C:\u00a0Courbe fronti\u00e8re O:\u00a0Options pour d\u00e9finir tous les param\u00e8tres [&hellip;]<\/p>\n","protected":false},"author":6,"featured_media":0,"parent":11164,"menu_order":5,"comment_status":"closed","ping_status":"closed","template":"","meta":{"_et_pb_use_builder":"","_et_pb_old_content":"","_et_gb_content_width":"","footnotes":""},"class_list":["post-11138","page","type-page","status-publish","hentry"],"yoast_head":"<!-- This site is optimized with the Yoast SEO plugin v27.3 - https:\/\/yoast.com\/product\/yoast-seo-wordpress\/ -->\n<title>Exercice 5. Cr\u00e9er une dalle - VisualARQ<\/title>\n<meta name=\"robots\" content=\"noindex, follow, max-snippet:-1, max-image-preview:large, max-video-preview:-1\" \/>\n<meta property=\"og:locale\" content=\"fr_FR\" \/>\n<meta property=\"og:type\" content=\"article\" \/>\n<meta property=\"og:title\" content=\"Exercice 5. Cr\u00e9er une dalle - VisualARQ\" \/>\n<meta property=\"og:description\" content=\"Exercice 5. Cr\u00e9er une dalle 1. Cr\u00e9er une dalle : Pour cr\u00e9er une dalle de VisualARQ dans Grasshopper, il suffit d&rsquo;avoir une courbe plane et ferm\u00e9e. 1. D\u00e9placez un composant de Dalle \u00a0de VisualARQ sur la grille de Grasshopper. Ce composant de dalle a deux entr\u00e9es : C:\u00a0Courbe fronti\u00e8re O:\u00a0Options pour d\u00e9finir tous les param\u00e8tres [&hellip;]\" \/>\n<meta property=\"og:url\" content=\"https:\/\/stg.visualarq.com\/fr\/learn\/grasshopper-components\/create-slabs\/\" \/>\n<meta property=\"og:site_name\" content=\"VisualARQ\" \/>\n<meta property=\"article:publisher\" content=\"https:\/\/www.facebook.com\/visualarq\" \/>\n<meta property=\"article:modified_time\" content=\"2019-01-02T15:40:00+00:00\" \/>\n<meta property=\"og:image\" content=\"https:\/\/stg.visualarq.com\/wp-content\/uploads\/sites\/2\/2013\/11\/Exercise-5-Simple-slab.png\" \/>\n<meta name=\"twitter:card\" content=\"summary_large_image\" \/>\n<meta name=\"twitter:site\" content=\"@VisualARQ\" \/>\n<meta name=\"twitter:label1\" content=\"Dur\u00e9e de lecture estim\u00e9e\" \/>\n\t<meta name=\"twitter:data1\" content=\"5 minutes\" \/>\n<script type=\"application\/ld+json\" class=\"yoast-schema-graph\">{\"@context\":\"https:\\\/\\\/schema.org\",\"@graph\":[{\"@type\":\"WebPage\",\"@id\":\"https:\\\/\\\/stg.visualarq.com\\\/fr\\\/learn\\\/grasshopper-components\\\/create-slabs\\\/\",\"url\":\"https:\\\/\\\/stg.visualarq.com\\\/fr\\\/learn\\\/grasshopper-components\\\/create-slabs\\\/\",\"name\":\"Exercice 5. Cr\u00e9er une dalle - VisualARQ\",\"isPartOf\":{\"@id\":\"https:\\\/\\\/stg.visualarq.com\\\/fr\\\/#website\"},\"primaryImageOfPage\":{\"@id\":\"https:\\\/\\\/stg.visualarq.com\\\/fr\\\/learn\\\/grasshopper-components\\\/create-slabs\\\/#primaryimage\"},\"image\":{\"@id\":\"https:\\\/\\\/stg.visualarq.com\\\/fr\\\/learn\\\/grasshopper-components\\\/create-slabs\\\/#primaryimage\"},\"thumbnailUrl\":\"https:\\\/\\\/stg.visualarq.com\\\/wp-content\\\/uploads\\\/sites\\\/2\\\/2013\\\/11\\\/Exercise-5-Simple-slab.png\",\"datePublished\":\"2013-11-19T00:00:00+00:00\",\"dateModified\":\"2019-01-02T15:40:00+00:00\",\"breadcrumb\":{\"@id\":\"https:\\\/\\\/stg.visualarq.com\\\/fr\\\/learn\\\/grasshopper-components\\\/create-slabs\\\/#breadcrumb\"},\"inLanguage\":\"fr-FR\",\"potentialAction\":[{\"@type\":\"ReadAction\",\"target\":[\"https:\\\/\\\/stg.visualarq.com\\\/fr\\\/learn\\\/grasshopper-components\\\/create-slabs\\\/\"]}]},{\"@type\":\"ImageObject\",\"inLanguage\":\"fr-FR\",\"@id\":\"https:\\\/\\\/stg.visualarq.com\\\/fr\\\/learn\\\/grasshopper-components\\\/create-slabs\\\/#primaryimage\",\"url\":\"https:\\\/\\\/stg.visualarq.com\\\/wp-content\\\/uploads\\\/sites\\\/2\\\/2013\\\/11\\\/Exercise-5-Simple-slab.png\",\"contentUrl\":\"https:\\\/\\\/stg.visualarq.com\\\/wp-content\\\/uploads\\\/sites\\\/2\\\/2013\\\/11\\\/Exercise-5-Simple-slab.png\"},{\"@type\":\"BreadcrumbList\",\"@id\":\"https:\\\/\\\/stg.visualarq.com\\\/fr\\\/learn\\\/grasshopper-components\\\/create-slabs\\\/#breadcrumb\",\"itemListElement\":[{\"@type\":\"ListItem\",\"position\":1,\"name\":\"Home\",\"item\":\"https:\\\/\\\/stg.visualarq.com\\\/fr\\\/home\\\/\"},{\"@type\":\"ListItem\",\"position\":2,\"name\":\"Apprendre\",\"item\":\"https:\\\/\\\/stg.visualarq.com\\\/fr\\\/learn\\\/\"},{\"@type\":\"ListItem\",\"position\":3,\"name\":\"Composants de Grasshopper\",\"item\":\"https:\\\/\\\/stg.visualarq.com\\\/fr\\\/learn\\\/grasshopper-components\\\/\"},{\"@type\":\"ListItem\",\"position\":4,\"name\":\"Exercice 5. Cr\u00e9er une dalle\"}]},{\"@type\":\"WebSite\",\"@id\":\"https:\\\/\\\/stg.visualarq.com\\\/fr\\\/#website\",\"url\":\"https:\\\/\\\/stg.visualarq.com\\\/fr\\\/\",\"name\":\"VisualARQ\",\"description\":\"Flexible BIM for Rhino\",\"potentialAction\":[{\"@type\":\"SearchAction\",\"target\":{\"@type\":\"EntryPoint\",\"urlTemplate\":\"https:\\\/\\\/stg.visualarq.com\\\/fr\\\/?s={search_term_string}\"},\"query-input\":{\"@type\":\"PropertyValueSpecification\",\"valueRequired\":true,\"valueName\":\"search_term_string\"}}],\"inLanguage\":\"fr-FR\"}]}<\/script>\n<!-- \/ Yoast SEO plugin. -->","yoast_head_json":{"title":"Exercice 5. Cr\u00e9er une dalle - VisualARQ","robots":{"index":"noindex","follow":"follow","max-snippet":"max-snippet:-1","max-image-preview":"max-image-preview:large","max-video-preview":"max-video-preview:-1"},"og_locale":"fr_FR","og_type":"article","og_title":"Exercice 5. Cr\u00e9er une dalle - VisualARQ","og_description":"Exercice 5. Cr\u00e9er une dalle 1. Cr\u00e9er une dalle : Pour cr\u00e9er une dalle de VisualARQ dans Grasshopper, il suffit d&rsquo;avoir une courbe plane et ferm\u00e9e. 1. D\u00e9placez un composant de Dalle \u00a0de VisualARQ sur la grille de Grasshopper. Ce composant de dalle a deux entr\u00e9es : C:\u00a0Courbe fronti\u00e8re O:\u00a0Options pour d\u00e9finir tous les param\u00e8tres [&hellip;]","og_url":"https:\/\/stg.visualarq.com\/fr\/learn\/grasshopper-components\/create-slabs\/","og_site_name":"VisualARQ","article_publisher":"https:\/\/www.facebook.com\/visualarq","article_modified_time":"2019-01-02T15:40:00+00:00","og_image":[{"url":"https:\/\/stg.visualarq.com\/wp-content\/uploads\/sites\/2\/2013\/11\/Exercise-5-Simple-slab.png","type":"","width":"","height":""}],"twitter_card":"summary_large_image","twitter_site":"@VisualARQ","twitter_misc":{"Dur\u00e9e de lecture estim\u00e9e":"5 minutes"},"schema":{"@context":"https:\/\/schema.org","@graph":[{"@type":"WebPage","@id":"https:\/\/stg.visualarq.com\/fr\/learn\/grasshopper-components\/create-slabs\/","url":"https:\/\/stg.visualarq.com\/fr\/learn\/grasshopper-components\/create-slabs\/","name":"Exercice 5. Cr\u00e9er une dalle - VisualARQ","isPartOf":{"@id":"https:\/\/stg.visualarq.com\/fr\/#website"},"primaryImageOfPage":{"@id":"https:\/\/stg.visualarq.com\/fr\/learn\/grasshopper-components\/create-slabs\/#primaryimage"},"image":{"@id":"https:\/\/stg.visualarq.com\/fr\/learn\/grasshopper-components\/create-slabs\/#primaryimage"},"thumbnailUrl":"https:\/\/stg.visualarq.com\/wp-content\/uploads\/sites\/2\/2013\/11\/Exercise-5-Simple-slab.png","datePublished":"2013-11-19T00:00:00+00:00","dateModified":"2019-01-02T15:40:00+00:00","breadcrumb":{"@id":"https:\/\/stg.visualarq.com\/fr\/learn\/grasshopper-components\/create-slabs\/#breadcrumb"},"inLanguage":"fr-FR","potentialAction":[{"@type":"ReadAction","target":["https:\/\/stg.visualarq.com\/fr\/learn\/grasshopper-components\/create-slabs\/"]}]},{"@type":"ImageObject","inLanguage":"fr-FR","@id":"https:\/\/stg.visualarq.com\/fr\/learn\/grasshopper-components\/create-slabs\/#primaryimage","url":"https:\/\/stg.visualarq.com\/wp-content\/uploads\/sites\/2\/2013\/11\/Exercise-5-Simple-slab.png","contentUrl":"https:\/\/stg.visualarq.com\/wp-content\/uploads\/sites\/2\/2013\/11\/Exercise-5-Simple-slab.png"},{"@type":"BreadcrumbList","@id":"https:\/\/stg.visualarq.com\/fr\/learn\/grasshopper-components\/create-slabs\/#breadcrumb","itemListElement":[{"@type":"ListItem","position":1,"name":"Home","item":"https:\/\/stg.visualarq.com\/fr\/home\/"},{"@type":"ListItem","position":2,"name":"Apprendre","item":"https:\/\/stg.visualarq.com\/fr\/learn\/"},{"@type":"ListItem","position":3,"name":"Composants de Grasshopper","item":"https:\/\/stg.visualarq.com\/fr\/learn\/grasshopper-components\/"},{"@type":"ListItem","position":4,"name":"Exercice 5. Cr\u00e9er une dalle"}]},{"@type":"WebSite","@id":"https:\/\/stg.visualarq.com\/fr\/#website","url":"https:\/\/stg.visualarq.com\/fr\/","name":"VisualARQ","description":"Flexible BIM for Rhino","potentialAction":[{"@type":"SearchAction","target":{"@type":"EntryPoint","urlTemplate":"https:\/\/stg.visualarq.com\/fr\/?s={search_term_string}"},"query-input":{"@type":"PropertyValueSpecification","valueRequired":true,"valueName":"search_term_string"}}],"inLanguage":"fr-FR"}]}},"_links":{"self":[{"href":"https:\/\/stg.visualarq.com\/fr\/wp-json\/wp\/v2\/pages\/11138","targetHints":{"allow":["GET"]}}],"collection":[{"href":"https:\/\/stg.visualarq.com\/fr\/wp-json\/wp\/v2\/pages"}],"about":[{"href":"https:\/\/stg.visualarq.com\/fr\/wp-json\/wp\/v2\/types\/page"}],"author":[{"embeddable":true,"href":"https:\/\/stg.visualarq.com\/fr\/wp-json\/wp\/v2\/users\/6"}],"replies":[{"embeddable":true,"href":"https:\/\/stg.visualarq.com\/fr\/wp-json\/wp\/v2\/comments?post=11138"}],"version-history":[{"count":0,"href":"https:\/\/stg.visualarq.com\/fr\/wp-json\/wp\/v2\/pages\/11138\/revisions"}],"up":[{"embeddable":true,"href":"https:\/\/stg.visualarq.com\/fr\/wp-json\/wp\/v2\/pages\/11164"}],"wp:attachment":[{"href":"https:\/\/stg.visualarq.com\/fr\/wp-json\/wp\/v2\/media?parent=11138"}],"curies":[{"name":"wp","href":"https:\/\/api.w.org\/{rel}","templated":true}]}}