{"id":11164,"date":"2013-05-17T00:00:00","date_gmt":"2013-05-17T00:00:00","guid":{"rendered":"https:\/\/stg.visualarq.com\/features\/grasshopper\/exercises\/"},"modified":"2021-12-03T13:28:00","modified_gmt":"2021-12-03T13:28:00","slug":"grasshopper-components","status":"publish","type":"page","link":"https:\/\/stg.visualarq.com\/fr\/learn\/grasshopper-components\/","title":{"rendered":"Composants de Grasshopper"},"content":{"rendered":"<h1>VisualARQ Grasshopper Components<\/h1>\n<img loading=\"lazy\" decoding=\"async\" class=\"aligncenter my-3 size-full wp-image-6959\" alt=\"Contenu de l&apos;onglet de VisualARQ Grasshopper components.\" src=\"https:\/\/stg.visualarq.com\/wp-content\/uploads\/2020\/06\/VisualARQ_GH_Components_Tab.png\" width=\"900\" height=\"330\">\n<section class=\"mt-5\">\n<h3>Qu&apos;est-ce que VisualARQ Grasshopper Components ?<\/h3>\n<p>Les composants de VisualARQ pour Grasshopper sont utilis\u00e9s pour g\u00e9n\u00e9rer les objets architecturaux standards de VisualARQ \u00e0 partir de Grasshopper. Ces objets pr\u00e9sentent les m\u00eames caract\u00e9ristiques et les m\u00eames limites que ceux cr\u00e9\u00e9s directement dans Rhino avec VisualARQ.<\/p>\n<\/section>\n<section class=\"mt-5\">\n<h3>Avant de commencer&#8230;<\/h3>\n<p>Pour commencer \u00e0 travailler avec les composants de VisualARQ pour Grasshopper, tapez <em>Grasshopper<\/em> dans la ligne de commandes afin de lancer celui-ci.<\/p>\n<p>Les composants de VisualARQ sont affich\u00e9s dans l&apos;onglet VisualARQ de l&apos;interface de Grasshopper.<\/p>\n<p>Si l&apos;onglet de VisualARQ n&apos;est pas affich\u00e9, fermez Grasshopper et chargez VisualARQ dans Rhino (en tapant une commande de VisualARQ (par exemple <em>vaMur<\/em>) ou en ouvrant un nouveau document avec un fichier mod\u00e8le de VisualARQ).<\/p>\n<\/section>\n\n<section class=\"mt-5\">\n<h3>Aide<\/h3>\n<p>consultez sur <a href=\"https:\/\/stg.visualarq.com\/fr\/support\/help\/\">cette page<\/a> la description des diff\u00e9rents composants de VisualARQ pour Grasshopper.  <\/p>\n<\/section>\n\n<section class=\"mt-5\">\n<h3>Webinaire<\/h3>\n<p>Regardez la vid\u00e9o ci-dessous pour voir une pr\u00e9sentation des composant s de VisualARQ pour Grasshopper et quelques exemples d&apos;utilisation. <\/p>\n<\/section>\n<div class = \"aligncenter my-3\"><div class='youtube-gallery' style='width: 100%;'>\n\t\t\t\t\t\t<a \n\t\t\t\t\t\t\ttitle='Composants de Grasshopper' \n\t\t\t\t\t\t\ttarget='_blank' \n\t\t\t\t\t\t\thref='https:\/\/www.youtube.com\/watch?v=&quot;kv5MbMToVDE&quot;'\n\t\t\t\t\t\t>\n\t\t\t\t\t\t<span><\/span>\n\t\t\t\t\t\t<img \n\t\t\t\t\t\t\tsrc='https:\/\/img.youtube.com\/vi\/&quot;kv5MbMToVDE&quot;\/hqdefault.jpg' \n\t\t\t\t\t\t\twidth='&quot;853&quot;' \n\t\t\t\t\t\t\theight='&quot;480&quot;'>\n\t\t\t\t\t\t<\/a>\n\t\t\t\t\t<\/div><br><\/div>\n\n<hr class=\"separator\">\n<h2>Exercices<\/h2>\n<table width=\"100%\">\n<tbody>\n<tr>\n<td width=\"25%\"><a href=\"https:\/\/stg.visualarq.com\/fr\/learn\/grasshopper-components\/create-a-wall\/\"><img loading=\"lazy\" decoding=\"async\" src=\"https:\/\/stg.visualarq.com\/wp-content\/uploads\/2019\/06\/Wall.gif\" alt=\"Cr\u00e9er un mur avec Grasshopper\" width=\"200\" height=\"100\" class=\"aligncenter size-full wp-image-15807\" \/><\/a><br \/><a href=\"https:\/\/stg.visualarq.com\/fr\/learn\/grasshopper-components\/create-a-wall\/\">1. Cr\u00e9er un mur<\/a><\/td>\n<td width=\"25%\"><a href=\"https:\/\/stg.visualarq.com\/fr\/learn\/grasshopper-components\/create-a-door\/\"><img loading=\"lazy\" decoding=\"async\" src=\"https:\/\/stg.visualarq.com\/wp-content\/uploads\/2019\/06\/Door.gif\" alt=\"Cr\u00e9er une porte avec Grasshopper\" width=\"200\" height=\"100\" class=\"aligncenter size-full wp-image-15814\" \/><\/a><br \/><a href=\"https:\/\/stg.visualarq.com\/fr\/learn\/grasshopper-components\/create-a-door\/\">2.\u00a0Cr\u00e9er une porte<\/a><\/td>\n<td width=\"25%\"><a href=\"https:\/\/stg.visualarq.com\/fr\/learn\/grasshopper-components\/exercise-3-create-a-grid-of-columns\/\"><img loading=\"lazy\" decoding=\"async\" src=\"https:\/\/stg.visualarq.com\/wp-content\/uploads\/2019\/06\/Columns-Array.gif\" alt=\"Cr\u00e9er des poteaux avec Grasshopper\" width=\"200\" height=\"100\" class=\"aligncenter size-full wp-image-15831\" \/><\/a><br \/><a href=\"https:\/\/stg.visualarq.com\/fr\/learn\/grasshopper-components\/exercise-3-create-a-grid-of-columns\/\">3.\u00a0Cr\u00e9er une grille de poteaux<\/a><\/td>\n<td width=\"25%\"><a href=\"https:\/\/stg.visualarq.com\/fr\/learn\/grasshopper-components\/create-a-stair\/\"><img loading=\"lazy\" decoding=\"async\" src=\"https:\/\/stg.visualarq.com\/wp-content\/uploads\/2019\/06\/StairGH.gif\" alt=\"Cr\u00e9er un escalier avec Grasshopper\" width=\"200\" height=\"100\" class=\"aligncenter size-full wp-image-15839\" \/><\/a><br \/><a href=\"https:\/\/stg.visualarq.com\/fr\/learn\/grasshopper-components\/create-a-stair\/\">4.\u00a0Cr\u00e9er un escalier<\/a><\/td>\n<\/tr>\n<tr height=\"20px\"><td width=\"25%\"><\/td><\/tr>\n<tr>\n<td width=\"25%\"><a href=\"https:\/\/stg.visualarq.com\/fr\/learn\/grasshopper-components\/create-slabs\/\"><img loading=\"lazy\" decoding=\"async\" class=\"aligncenter size-full wp-image-9849\" alt=\"Exercice 5. Cr\u00e9er les dalles\" src=\"https:\/\/stg.visualarq.com\/wp-content\/uploads\/sites\/2\/2014\/07\/Exercise-5-Slabs-Preview.jpg\" width=\"200\" height=\"100\" \/><\/a><br \/><a href=\"https:\/\/stg.visualarq.com\/fr\/learn\/grasshopper-components\/create-slabs\/\">5. Cr\u00e9er une dalle<\/a><\/td>\n<td width=\"25%\">\u00a0<\/td>\n<td width=\"25%\">\u00a0<\/td>\n<td width=\"25%\">\u00a0<\/td>\n<\/tr>\n<\/tbody>\n<\/table>","protected":false},"excerpt":{"rendered":"<p>VisualARQ Grasshopper Components Qu&apos;est-ce que VisualARQ Grasshopper Components ? Les composants de VisualARQ pour Grasshopper sont utilis\u00e9s pour g\u00e9n\u00e9rer les objets architecturaux standards de VisualARQ \u00e0 partir de Grasshopper. Ces objets pr\u00e9sentent les m\u00eames caract\u00e9ristiques et les m\u00eames limites que ceux cr\u00e9\u00e9s directement dans Rhino avec VisualARQ. Avant de commencer&#8230; Pour commencer \u00e0 travailler avec [&hellip;]<\/p>\n","protected":false},"author":6,"featured_media":0,"parent":11120,"menu_order":2,"comment_status":"closed","ping_status":"closed","template":"","meta":{"_et_pb_use_builder":"","_et_pb_old_content":"","_et_gb_content_width":"","footnotes":""},"class_list":["post-11164","page","type-page","status-publish","hentry"],"yoast_head":"<!-- This site is optimized with the Yoast SEO plugin v27.3 - https:\/\/yoast.com\/product\/yoast-seo-wordpress\/ -->\n<title>Composants de Grasshopper - VisualARQ<\/title>\n<meta name=\"robots\" content=\"noindex, follow, max-snippet:-1, max-image-preview:large, max-video-preview:-1\" \/>\n<meta property=\"og:locale\" content=\"fr_FR\" \/>\n<meta property=\"og:type\" content=\"article\" \/>\n<meta property=\"og:title\" content=\"Composants de Grasshopper - VisualARQ\" \/>\n<meta property=\"og:description\" content=\"VisualARQ Grasshopper Components Qu&amp;apos;est-ce que VisualARQ Grasshopper Components ? Les composants de VisualARQ pour Grasshopper sont utilis\u00e9s pour g\u00e9n\u00e9rer les objets architecturaux standards de VisualARQ \u00e0 partir de Grasshopper. Ces objets pr\u00e9sentent les m\u00eames caract\u00e9ristiques et les m\u00eames limites que ceux cr\u00e9\u00e9s directement dans Rhino avec VisualARQ. Avant de commencer&#8230; Pour commencer \u00e0 travailler avec [&hellip;]\" \/>\n<meta property=\"og:url\" content=\"https:\/\/stg.visualarq.com\/fr\/learn\/grasshopper-components\/\" \/>\n<meta property=\"og:site_name\" content=\"VisualARQ\" \/>\n<meta property=\"article:publisher\" content=\"https:\/\/www.facebook.com\/visualarq\" \/>\n<meta property=\"article:modified_time\" content=\"2021-12-03T13:28:00+00:00\" \/>\n<meta property=\"og:image\" content=\"https:\/\/stg.visualarq.com\/wp-content\/uploads\/2020\/06\/VisualARQ_GH_Components_Tab.png\" \/>\n<meta name=\"twitter:card\" content=\"summary_large_image\" \/>\n<meta name=\"twitter:site\" content=\"@VisualARQ\" \/>\n<meta name=\"twitter:label1\" content=\"Dur\u00e9e de lecture estim\u00e9e\" \/>\n\t<meta name=\"twitter:data1\" content=\"1 minute\" \/>\n<script type=\"application\/ld+json\" class=\"yoast-schema-graph\">{\"@context\":\"https:\\\/\\\/schema.org\",\"@graph\":[{\"@type\":\"WebPage\",\"@id\":\"https:\\\/\\\/stg.visualarq.com\\\/fr\\\/learn\\\/grasshopper-components\\\/\",\"url\":\"https:\\\/\\\/stg.visualarq.com\\\/fr\\\/learn\\\/grasshopper-components\\\/\",\"name\":\"Composants de Grasshopper - VisualARQ\",\"isPartOf\":{\"@id\":\"https:\\\/\\\/stg.visualarq.com\\\/fr\\\/#website\"},\"primaryImageOfPage\":{\"@id\":\"https:\\\/\\\/stg.visualarq.com\\\/fr\\\/learn\\\/grasshopper-components\\\/#primaryimage\"},\"image\":{\"@id\":\"https:\\\/\\\/stg.visualarq.com\\\/fr\\\/learn\\\/grasshopper-components\\\/#primaryimage\"},\"thumbnailUrl\":\"https:\\\/\\\/stg.visualarq.com\\\/wp-content\\\/uploads\\\/2020\\\/06\\\/VisualARQ_GH_Components_Tab.png\",\"datePublished\":\"2013-05-17T00:00:00+00:00\",\"dateModified\":\"2021-12-03T13:28:00+00:00\",\"breadcrumb\":{\"@id\":\"https:\\\/\\\/stg.visualarq.com\\\/fr\\\/learn\\\/grasshopper-components\\\/#breadcrumb\"},\"inLanguage\":\"fr-FR\",\"potentialAction\":[{\"@type\":\"ReadAction\",\"target\":[\"https:\\\/\\\/stg.visualarq.com\\\/fr\\\/learn\\\/grasshopper-components\\\/\"]}]},{\"@type\":\"ImageObject\",\"inLanguage\":\"fr-FR\",\"@id\":\"https:\\\/\\\/stg.visualarq.com\\\/fr\\\/learn\\\/grasshopper-components\\\/#primaryimage\",\"url\":\"https:\\\/\\\/stg.visualarq.com\\\/wp-content\\\/uploads\\\/2020\\\/06\\\/VisualARQ_GH_Components_Tab.png\",\"contentUrl\":\"https:\\\/\\\/stg.visualarq.com\\\/wp-content\\\/uploads\\\/2020\\\/06\\\/VisualARQ_GH_Components_Tab.png\"},{\"@type\":\"BreadcrumbList\",\"@id\":\"https:\\\/\\\/stg.visualarq.com\\\/fr\\\/learn\\\/grasshopper-components\\\/#breadcrumb\",\"itemListElement\":[{\"@type\":\"ListItem\",\"position\":1,\"name\":\"Home\",\"item\":\"https:\\\/\\\/stg.visualarq.com\\\/fr\\\/home\\\/\"},{\"@type\":\"ListItem\",\"position\":2,\"name\":\"Apprendre\",\"item\":\"https:\\\/\\\/stg.visualarq.com\\\/fr\\\/learn\\\/\"},{\"@type\":\"ListItem\",\"position\":3,\"name\":\"Composants de Grasshopper\"}]},{\"@type\":\"WebSite\",\"@id\":\"https:\\\/\\\/stg.visualarq.com\\\/fr\\\/#website\",\"url\":\"https:\\\/\\\/stg.visualarq.com\\\/fr\\\/\",\"name\":\"VisualARQ\",\"description\":\"Flexible BIM for Rhino\",\"potentialAction\":[{\"@type\":\"SearchAction\",\"target\":{\"@type\":\"EntryPoint\",\"urlTemplate\":\"https:\\\/\\\/stg.visualarq.com\\\/fr\\\/?s={search_term_string}\"},\"query-input\":{\"@type\":\"PropertyValueSpecification\",\"valueRequired\":true,\"valueName\":\"search_term_string\"}}],\"inLanguage\":\"fr-FR\"}]}<\/script>\n<!-- \/ Yoast SEO plugin. -->","yoast_head_json":{"title":"Composants de Grasshopper - VisualARQ","robots":{"index":"noindex","follow":"follow","max-snippet":"max-snippet:-1","max-image-preview":"max-image-preview:large","max-video-preview":"max-video-preview:-1"},"og_locale":"fr_FR","og_type":"article","og_title":"Composants de Grasshopper - VisualARQ","og_description":"VisualARQ Grasshopper Components Qu&apos;est-ce que VisualARQ Grasshopper Components ? Les composants de VisualARQ pour Grasshopper sont utilis\u00e9s pour g\u00e9n\u00e9rer les objets architecturaux standards de VisualARQ \u00e0 partir de Grasshopper. Ces objets pr\u00e9sentent les m\u00eames caract\u00e9ristiques et les m\u00eames limites que ceux cr\u00e9\u00e9s directement dans Rhino avec VisualARQ. Avant de commencer&#8230; Pour commencer \u00e0 travailler avec [&hellip;]","og_url":"https:\/\/stg.visualarq.com\/fr\/learn\/grasshopper-components\/","og_site_name":"VisualARQ","article_publisher":"https:\/\/www.facebook.com\/visualarq","article_modified_time":"2021-12-03T13:28:00+00:00","og_image":[{"url":"https:\/\/stg.visualarq.com\/wp-content\/uploads\/2020\/06\/VisualARQ_GH_Components_Tab.png","type":"","width":"","height":""}],"twitter_card":"summary_large_image","twitter_site":"@VisualARQ","twitter_misc":{"Dur\u00e9e de lecture estim\u00e9e":"1 minute"},"schema":{"@context":"https:\/\/schema.org","@graph":[{"@type":"WebPage","@id":"https:\/\/stg.visualarq.com\/fr\/learn\/grasshopper-components\/","url":"https:\/\/stg.visualarq.com\/fr\/learn\/grasshopper-components\/","name":"Composants de Grasshopper - VisualARQ","isPartOf":{"@id":"https:\/\/stg.visualarq.com\/fr\/#website"},"primaryImageOfPage":{"@id":"https:\/\/stg.visualarq.com\/fr\/learn\/grasshopper-components\/#primaryimage"},"image":{"@id":"https:\/\/stg.visualarq.com\/fr\/learn\/grasshopper-components\/#primaryimage"},"thumbnailUrl":"https:\/\/stg.visualarq.com\/wp-content\/uploads\/2020\/06\/VisualARQ_GH_Components_Tab.png","datePublished":"2013-05-17T00:00:00+00:00","dateModified":"2021-12-03T13:28:00+00:00","breadcrumb":{"@id":"https:\/\/stg.visualarq.com\/fr\/learn\/grasshopper-components\/#breadcrumb"},"inLanguage":"fr-FR","potentialAction":[{"@type":"ReadAction","target":["https:\/\/stg.visualarq.com\/fr\/learn\/grasshopper-components\/"]}]},{"@type":"ImageObject","inLanguage":"fr-FR","@id":"https:\/\/stg.visualarq.com\/fr\/learn\/grasshopper-components\/#primaryimage","url":"https:\/\/stg.visualarq.com\/wp-content\/uploads\/2020\/06\/VisualARQ_GH_Components_Tab.png","contentUrl":"https:\/\/stg.visualarq.com\/wp-content\/uploads\/2020\/06\/VisualARQ_GH_Components_Tab.png"},{"@type":"BreadcrumbList","@id":"https:\/\/stg.visualarq.com\/fr\/learn\/grasshopper-components\/#breadcrumb","itemListElement":[{"@type":"ListItem","position":1,"name":"Home","item":"https:\/\/stg.visualarq.com\/fr\/home\/"},{"@type":"ListItem","position":2,"name":"Apprendre","item":"https:\/\/stg.visualarq.com\/fr\/learn\/"},{"@type":"ListItem","position":3,"name":"Composants de Grasshopper"}]},{"@type":"WebSite","@id":"https:\/\/stg.visualarq.com\/fr\/#website","url":"https:\/\/stg.visualarq.com\/fr\/","name":"VisualARQ","description":"Flexible BIM for Rhino","potentialAction":[{"@type":"SearchAction","target":{"@type":"EntryPoint","urlTemplate":"https:\/\/stg.visualarq.com\/fr\/?s={search_term_string}"},"query-input":{"@type":"PropertyValueSpecification","valueRequired":true,"valueName":"search_term_string"}}],"inLanguage":"fr-FR"}]}},"_links":{"self":[{"href":"https:\/\/stg.visualarq.com\/fr\/wp-json\/wp\/v2\/pages\/11164","targetHints":{"allow":["GET"]}}],"collection":[{"href":"https:\/\/stg.visualarq.com\/fr\/wp-json\/wp\/v2\/pages"}],"about":[{"href":"https:\/\/stg.visualarq.com\/fr\/wp-json\/wp\/v2\/types\/page"}],"author":[{"embeddable":true,"href":"https:\/\/stg.visualarq.com\/fr\/wp-json\/wp\/v2\/users\/6"}],"replies":[{"embeddable":true,"href":"https:\/\/stg.visualarq.com\/fr\/wp-json\/wp\/v2\/comments?post=11164"}],"version-history":[{"count":0,"href":"https:\/\/stg.visualarq.com\/fr\/wp-json\/wp\/v2\/pages\/11164\/revisions"}],"up":[{"embeddable":true,"href":"https:\/\/stg.visualarq.com\/fr\/wp-json\/wp\/v2\/pages\/11120"}],"wp:attachment":[{"href":"https:\/\/stg.visualarq.com\/fr\/wp-json\/wp\/v2\/media?parent=11164"}],"curies":[{"name":"wp","href":"https:\/\/api.w.org\/{rel}","templated":true}]}}