{"id":11166,"date":"2013-06-06T00:00:00","date_gmt":"2013-06-06T00:00:00","guid":{"rendered":"https:\/\/stg.visualarq.com\/features\/grasshopper\/exercises\/create-a-wall\/"},"modified":"2019-01-02T15:41:47","modified_gmt":"2019-01-02T15:41:47","slug":"create-a-wall","status":"publish","type":"page","link":"https:\/\/stg.visualarq.com\/fr\/learn\/grasshopper-components\/create-a-wall\/","title":{"rendered":"Exercice 1. Cr\u00e9er un mur"},"content":{"rendered":"<h1>Exercice 1. Cr\u00e9er un mur<\/h1>\n\n<p><img loading=\"lazy\" decoding=\"async\" alt=\"Options des murs\" src=\"https:\/\/stg.visualarq.com\/wp-content\/uploads\/sites\/2\/2013\/05\/Wall-options.png\" width=\"900\" height=\"300\" \/><\/p>\n\n<h3>1. Cr\u00e9er un mur :<\/h3>\n\n<ul>\n\n<li>1. Faites glisser un composant de mur (\u00ab\u00a0<em><strong>Wall<\/strong><\/em>\u00ab\u00a0) <img loading=\"lazy\" decoding=\"async\" class=\"alignnone size-full wp-image-7014\" alt=\"wall-24\" src=\"https:\/\/stg.visualarq.com\/wp-content\/uploads\/sites\/2\/2013\/05\/wall-24.png\" width=\"24\" height=\"24\" \/>\u00a0de VisualARQ sur la grille de Grasshopper. Ce composant de mur a deux entr\u00e9es :\n\n<ol>\n\n<li><strong>C :<\/strong> Courbe de trajectoire du mur. Il doit s&rsquo;agir d&rsquo;une courbe ouverte et plane.<\/li>\n\n<li><strong>O :<\/strong> Options pour d\u00e9finir tous les param\u00e8tres du mur.<\/li>\n\n<\/ol>\n\n<\/li>\n\n<li>2. Assignez une courbe \u00e0 l&rsquo;entr\u00e9e <em>C<\/em>  du mur. Il existe diff\u00e9rentes fa\u00e7ons de proc\u00e9der puisque la courbe peut \u00eatre cr\u00e9\u00e9e dans Grasshopper ou Rhino.\n\n<ul>\n\n<li>a : Courbes g\u00e9n\u00e9r\u00e9es dans Grasshopper. Reliez-les simplement \u00e0 l&rsquo;entr\u00e9e <em>C<\/em> du composant de <em>Mur<\/em>.<\/li>\n\n<li>b : Courbes cr\u00e9\u00e9es dans Rhino :\n\n<ul>\n\n<li style=\"text-align: left\">Cliquez avec le bouton de droite sur l&rsquo;entr\u00e9e <em>C<\/em> du composant de <em>Mur<\/em>  et choisissez l&rsquo;option \u00ab\u00a0<em>Set one curve<\/em>\u00a0\u00bb ou \u00ab\u00a0<em>Set multiple curves<\/em>\u00a0\u00bb dans la liste.<\/li>\n\n<li style=\"text-align: left\">Faites glisser un <em>param\u00e8tre de courbe<\/em> (\u00e0 partir de l&rsquo;onglet <em>Params<\/em>) sur la grille et reliez-le \u00e0 l&rsquo;entr\u00e9e <em>C<\/em> du <em>Mur<\/em>. Ce <em>param\u00e8tre de courbe<\/em> sera affich\u00e9 en orange tant qu&rsquo;aucune courbe ne sera reli\u00e9e.   Cliquez avec le bouton de droite sur ce param\u00e8tre et choisissez l&rsquo;option \u00ab\u00a0<em>Set one curve<\/em>\u00a0\u00bb ou \u00ab\u00a0<em>Set multiple curves<\/em>\u00a0\u00bb dans la liste.\u00a0Grasshopper sera cach\u00e9 pendant que vous s\u00e9lectionnerez une courbe (ou plusieurs) dans le mod\u00e8le.<\/li>\n\n<\/ul>\n\n<\/li>\n\n<\/ul>\n\n<p>N&rsquo;oubliez pas que dans les deux cas, les courbes doivent \u00eatre planes et ouvertes ; sinon les murs ne seront pas g\u00e9n\u00e9r\u00e9s.<\/p>\n\n<\/li>\n\n<\/ul>\n\n<h3>2. D\u00e9finir les param\u00e8tres du mur :<\/h3>\n\n<ul>\n\n<li>1. Faites glisser un composant <em><strong>Wall options<\/strong><\/em> <img loading=\"lazy\" decoding=\"async\" class=\"alignnone size-full wp-image-7011\" alt=\"Wall2 Options-24\" src=\"https:\/\/stg.visualarq.com\/wp-content\/uploads\/sites\/2\/2013\/05\/Wall2-Options-24.png\" width=\"24\" height=\"24\" \/>\u00a0sur la grille de Grasshopper. Ce composant poss\u00e8de plusieurs entr\u00e9es pour d\u00e9finir les param\u00e8tres du mur.<\/li>\n\n<li>2. Reliez la sortie <em>O du composant Wall options<\/em> \u00e0 l&rsquo;entr\u00e9e <em>O du composant Wall<\/em><em><\/em>.<\/li>\n\n<li>3. D\u00e9finissez les diff\u00e9rentes <em>options du mur<\/em> :<img loading=\"lazy\" decoding=\"async\" class=\"alignright size-full wp-image-7182\" alt=\"Select wall style VA GH\" src=\"https:\/\/stg.visualarq.com\/wp-content\/uploads\/sites\/2\/2013\/05\/Select-wall-style-VA-GH.png\" width=\"417\" height=\"329\" \/>\n\n<ul>\n\n<li><strong>(<em>S<\/em>) <em>Style de mur <\/em>:\u00a0<img loading=\"lazy\" decoding=\"async\" class=\"alignnone size-full wp-image-7013\" alt=\"Wall Styles-24\" src=\"https:\/\/stg.visualarq.com\/wp-content\/uploads\/sites\/2\/2013\/05\/Wall-Styles-24.png\" width=\"24\" height=\"24\" \/><\/strong> Vous pouvez placer un composant de <em>style<\/em> sur la grille et le relier \u00e0 l&rsquo;entr\u00e9e <em>S<\/em> des <em>options du mur<\/em>. Ce composant de <em>style<\/em> poss\u00e8de un style de mur standard par d\u00e9faut. Pour assigner un style de mur diff\u00e9rent, cliquez avec le bouton de droite sur ce composant et s\u00e9lectionnez l&rsquo;option \u00ab\u00a0<em>Set one wall style<\/em>\u00a0\u00bb dans la liste. Grasshopper sera masqu\u00e9 jusqu&rsquo;\u00e0 ce que vous s\u00e9lectionniez un style de mur dans la liste affich\u00e9e dans la bo\u00eete de dialogue. Cette liste affiche les styles de mur disponibles dans le document de Rhino ouvert.<\/li>\n\n<li><strong>(<em>A<\/em>) <em>Alignement <\/em><\/strong>: <img loading=\"lazy\" decoding=\"async\" class=\"alignnone size-full wp-image-7012\" alt=\"3 Point V alignment-24\" src=\"https:\/\/stg.visualarq.com\/wp-content\/uploads\/sites\/2\/2013\/05\/3-Point-V-alignment-24.png\" width=\"24\" height=\"24\" \/>\u00a0L&rsquo;<em>Alignement du mur<\/em> d\u00e9finit la position du mur en fonction de la direction de sa courbe de base. D\u00e9placez un composant d&rsquo;<em>alignement<\/em> de mur sur la grille et reliez-le \u00e0 l&rsquo;entr\u00e9e <em>A<\/em> des <em>options du mur<\/em>. Cliquez sur le composant d&rsquo;<em>Alignement<\/em> et s\u00e9lectionnez une des trois options : <em>gauche<\/em>, <em>centre<\/em> ou <em>droite<\/em>. Ces positions d&rsquo;alignement peuvent aussi \u00eatre entr\u00e9es sous forme de nombres entiers (<em>0=gauche, 1=centre<\/em> et <em>2=droite<\/em>) dans l&rsquo;entr\u00e9e <em>A<\/em>.<\/li>\n\n<li><strong>(<em>O<\/em>) <em>D\u00e9calage de l&rsquo;alignement du mur <\/em><\/strong>: Cette valeur d\u00e9finit la distance du mur \u00e0 partir de la direction de sa courbe de base.<\/li>\n\n<li><strong>(<em>H<\/em>) <em>Hauteur du mur <\/em><\/strong>: D\u00e9placez un <em><\/em> composant de glisseur de d\u00e9finition de nombre sur la grille et reliez-le \u00e0 l&rsquo;entr\u00e9e <em>H<\/em> des <em>options du mur<\/em>. Lorsqu&rsquo;aucun nombre n&rsquo;est d\u00e9fini dans l&rsquo;entr\u00e9e <em>H<\/em> des <em>options du mur<\/em>, ou lorsque cette valeur est nulle, le mur prend la hauteur par d\u00e9faut du <em>style<\/em>.\u00a0<\/li>\n\n<\/ul>\n\n<\/li>\n\n<\/ul>\n\n<h3>3. Produire le mur <img loading=\"lazy\" decoding=\"async\" class=\"alignnone size-full wp-image-7375\" alt=\"Bake\" src=\"https:\/\/stg.visualarq.com\/wp-content\/uploads\/sites\/2\/2013\/06\/Bake.png\" width=\"22\" height=\"22\" \/>\u00a0:<\/h3>\n\n<p><img loading=\"lazy\" decoding=\"async\" class=\"alignright size-full wp-image-7371\" alt=\"Attributs de Grasshopper\" src=\"https:\/\/stg.visualarq.com\/wp-content\/uploads\/sites\/2\/2013\/06\/Grasshopper-Attributes.png\" width=\"338\" height=\"456\" \/><\/p>\n\n<ul>\n\n<li>1. Le mur affich\u00e9 dans le mod\u00e8le \u00e9tant en fait un aper\u00e7u du mur en fonction des param\u00e8tres d\u00e9finis dans Grasshopper, vous devez le produire (bake) afin de le transformer en mur de VisualARQ dans Rhino, sur lequel vous pourrez ensuite travailler. Il existe trois fa\u00e7ons de produire un composant dans Grasshopper.\n\n<ul>\n\n<li>Cliquez avec le bouton de droite sur le composant du <em>Mur<\/em> et s\u00e9lectionnez l&rsquo;option <em>Bake<\/em>.<\/li>\n\n<li>Cliquez avec le bouton du milieu sur le composant du <em>Mur<\/em> et s\u00e9lectionnez l&rsquo;option <em>Bake<\/em>.<\/li>\n\n<li>S\u00e9lectionnez le composant du <em>Mur<\/em> et choisissez <em>Solution &gt; Bake selected<\/em> dans le menu.<\/li>\n\n<\/ul>\n\n<p>D\u00e8s que vous avez produit le mur, la bo\u00eete de dialogue des attributs de Grasshopper s&rsquo;affichera. Choisissez les attributs (nom, calque, couleur, etc.) que vous voulez attribuer \u00e0 l&rsquo;objet g\u00e9n\u00e9r\u00e9 dans le mod\u00e8le. <\/p>\n\n<\/li>\n\n<\/ul>","protected":false},"excerpt":{"rendered":"<p>Exercice 1. Cr\u00e9er un mur 1. Cr\u00e9er un mur : 1. Faites glisser un composant de mur (\u00ab\u00a0Wall\u00ab\u00a0) \u00a0de VisualARQ sur la grille de Grasshopper. Ce composant de mur a deux entr\u00e9es : C : Courbe de trajectoire du mur. Il doit s&rsquo;agir d&rsquo;une courbe ouverte et plane. O : Options pour d\u00e9finir tous les [&hellip;]<\/p>\n","protected":false},"author":6,"featured_media":0,"parent":11164,"menu_order":0,"comment_status":"closed","ping_status":"closed","template":"","meta":{"_et_pb_use_builder":"","_et_pb_old_content":"","_et_gb_content_width":"","footnotes":""},"class_list":["post-11166","page","type-page","status-publish","hentry"],"yoast_head":"<!-- This site is optimized with the Yoast SEO plugin v27.3 - https:\/\/yoast.com\/product\/yoast-seo-wordpress\/ -->\n<title>Exercice 1. Cr\u00e9er un mur - VisualARQ<\/title>\n<meta name=\"robots\" content=\"noindex, follow, max-snippet:-1, max-image-preview:large, max-video-preview:-1\" \/>\n<meta property=\"og:locale\" content=\"fr_FR\" \/>\n<meta property=\"og:type\" content=\"article\" \/>\n<meta property=\"og:title\" content=\"Exercice 1. Cr\u00e9er un mur - VisualARQ\" \/>\n<meta property=\"og:description\" content=\"Exercice 1. Cr\u00e9er un mur 1. Cr\u00e9er un mur : 1. Faites glisser un composant de mur (\u00ab\u00a0Wall\u00ab\u00a0) \u00a0de VisualARQ sur la grille de Grasshopper. Ce composant de mur a deux entr\u00e9es : C : Courbe de trajectoire du mur. Il doit s&rsquo;agir d&rsquo;une courbe ouverte et plane. O : Options pour d\u00e9finir tous les [&hellip;]\" \/>\n<meta property=\"og:url\" content=\"https:\/\/stg.visualarq.com\/fr\/learn\/grasshopper-components\/create-a-wall\/\" \/>\n<meta property=\"og:site_name\" content=\"VisualARQ\" \/>\n<meta property=\"article:publisher\" content=\"https:\/\/www.facebook.com\/visualarq\" \/>\n<meta property=\"article:modified_time\" content=\"2019-01-02T15:41:47+00:00\" \/>\n<meta property=\"og:image\" content=\"https:\/\/stg.visualarq.com\/wp-content\/uploads\/sites\/2\/2013\/05\/Wall-options.png\" \/>\n<meta name=\"twitter:card\" content=\"summary_large_image\" \/>\n<meta name=\"twitter:site\" content=\"@VisualARQ\" \/>\n<meta name=\"twitter:label1\" content=\"Dur\u00e9e de lecture estim\u00e9e\" \/>\n\t<meta name=\"twitter:data1\" content=\"3 minutes\" \/>\n<script type=\"application\/ld+json\" class=\"yoast-schema-graph\">{\"@context\":\"https:\\\/\\\/schema.org\",\"@graph\":[{\"@type\":\"WebPage\",\"@id\":\"https:\\\/\\\/stg.visualarq.com\\\/fr\\\/learn\\\/grasshopper-components\\\/create-a-wall\\\/\",\"url\":\"https:\\\/\\\/stg.visualarq.com\\\/fr\\\/learn\\\/grasshopper-components\\\/create-a-wall\\\/\",\"name\":\"Exercice 1. Cr\u00e9er un mur - VisualARQ\",\"isPartOf\":{\"@id\":\"https:\\\/\\\/stg.visualarq.com\\\/fr\\\/#website\"},\"primaryImageOfPage\":{\"@id\":\"https:\\\/\\\/stg.visualarq.com\\\/fr\\\/learn\\\/grasshopper-components\\\/create-a-wall\\\/#primaryimage\"},\"image\":{\"@id\":\"https:\\\/\\\/stg.visualarq.com\\\/fr\\\/learn\\\/grasshopper-components\\\/create-a-wall\\\/#primaryimage\"},\"thumbnailUrl\":\"https:\\\/\\\/stg.visualarq.com\\\/wp-content\\\/uploads\\\/sites\\\/2\\\/2013\\\/05\\\/Wall-options.png\",\"datePublished\":\"2013-06-06T00:00:00+00:00\",\"dateModified\":\"2019-01-02T15:41:47+00:00\",\"breadcrumb\":{\"@id\":\"https:\\\/\\\/stg.visualarq.com\\\/fr\\\/learn\\\/grasshopper-components\\\/create-a-wall\\\/#breadcrumb\"},\"inLanguage\":\"fr-FR\",\"potentialAction\":[{\"@type\":\"ReadAction\",\"target\":[\"https:\\\/\\\/stg.visualarq.com\\\/fr\\\/learn\\\/grasshopper-components\\\/create-a-wall\\\/\"]}]},{\"@type\":\"ImageObject\",\"inLanguage\":\"fr-FR\",\"@id\":\"https:\\\/\\\/stg.visualarq.com\\\/fr\\\/learn\\\/grasshopper-components\\\/create-a-wall\\\/#primaryimage\",\"url\":\"https:\\\/\\\/stg.visualarq.com\\\/wp-content\\\/uploads\\\/sites\\\/2\\\/2013\\\/05\\\/Wall-options.png\",\"contentUrl\":\"https:\\\/\\\/stg.visualarq.com\\\/wp-content\\\/uploads\\\/sites\\\/2\\\/2013\\\/05\\\/Wall-options.png\"},{\"@type\":\"BreadcrumbList\",\"@id\":\"https:\\\/\\\/stg.visualarq.com\\\/fr\\\/learn\\\/grasshopper-components\\\/create-a-wall\\\/#breadcrumb\",\"itemListElement\":[{\"@type\":\"ListItem\",\"position\":1,\"name\":\"Home\",\"item\":\"https:\\\/\\\/stg.visualarq.com\\\/fr\\\/home\\\/\"},{\"@type\":\"ListItem\",\"position\":2,\"name\":\"Apprendre\",\"item\":\"https:\\\/\\\/stg.visualarq.com\\\/fr\\\/learn\\\/\"},{\"@type\":\"ListItem\",\"position\":3,\"name\":\"Composants de Grasshopper\",\"item\":\"https:\\\/\\\/stg.visualarq.com\\\/fr\\\/learn\\\/grasshopper-components\\\/\"},{\"@type\":\"ListItem\",\"position\":4,\"name\":\"Exercice 1. Cr\u00e9er un mur\"}]},{\"@type\":\"WebSite\",\"@id\":\"https:\\\/\\\/stg.visualarq.com\\\/fr\\\/#website\",\"url\":\"https:\\\/\\\/stg.visualarq.com\\\/fr\\\/\",\"name\":\"VisualARQ\",\"description\":\"Flexible BIM for Rhino\",\"potentialAction\":[{\"@type\":\"SearchAction\",\"target\":{\"@type\":\"EntryPoint\",\"urlTemplate\":\"https:\\\/\\\/stg.visualarq.com\\\/fr\\\/?s={search_term_string}\"},\"query-input\":{\"@type\":\"PropertyValueSpecification\",\"valueRequired\":true,\"valueName\":\"search_term_string\"}}],\"inLanguage\":\"fr-FR\"}]}<\/script>\n<!-- \/ Yoast SEO plugin. -->","yoast_head_json":{"title":"Exercice 1. Cr\u00e9er un mur - VisualARQ","robots":{"index":"noindex","follow":"follow","max-snippet":"max-snippet:-1","max-image-preview":"max-image-preview:large","max-video-preview":"max-video-preview:-1"},"og_locale":"fr_FR","og_type":"article","og_title":"Exercice 1. Cr\u00e9er un mur - VisualARQ","og_description":"Exercice 1. Cr\u00e9er un mur 1. Cr\u00e9er un mur : 1. Faites glisser un composant de mur (\u00ab\u00a0Wall\u00ab\u00a0) \u00a0de VisualARQ sur la grille de Grasshopper. Ce composant de mur a deux entr\u00e9es : C : Courbe de trajectoire du mur. Il doit s&rsquo;agir d&rsquo;une courbe ouverte et plane. O : Options pour d\u00e9finir tous les [&hellip;]","og_url":"https:\/\/stg.visualarq.com\/fr\/learn\/grasshopper-components\/create-a-wall\/","og_site_name":"VisualARQ","article_publisher":"https:\/\/www.facebook.com\/visualarq","article_modified_time":"2019-01-02T15:41:47+00:00","og_image":[{"url":"https:\/\/stg.visualarq.com\/wp-content\/uploads\/sites\/2\/2013\/05\/Wall-options.png","type":"","width":"","height":""}],"twitter_card":"summary_large_image","twitter_site":"@VisualARQ","twitter_misc":{"Dur\u00e9e de lecture estim\u00e9e":"3 minutes"},"schema":{"@context":"https:\/\/schema.org","@graph":[{"@type":"WebPage","@id":"https:\/\/stg.visualarq.com\/fr\/learn\/grasshopper-components\/create-a-wall\/","url":"https:\/\/stg.visualarq.com\/fr\/learn\/grasshopper-components\/create-a-wall\/","name":"Exercice 1. Cr\u00e9er un mur - VisualARQ","isPartOf":{"@id":"https:\/\/stg.visualarq.com\/fr\/#website"},"primaryImageOfPage":{"@id":"https:\/\/stg.visualarq.com\/fr\/learn\/grasshopper-components\/create-a-wall\/#primaryimage"},"image":{"@id":"https:\/\/stg.visualarq.com\/fr\/learn\/grasshopper-components\/create-a-wall\/#primaryimage"},"thumbnailUrl":"https:\/\/stg.visualarq.com\/wp-content\/uploads\/sites\/2\/2013\/05\/Wall-options.png","datePublished":"2013-06-06T00:00:00+00:00","dateModified":"2019-01-02T15:41:47+00:00","breadcrumb":{"@id":"https:\/\/stg.visualarq.com\/fr\/learn\/grasshopper-components\/create-a-wall\/#breadcrumb"},"inLanguage":"fr-FR","potentialAction":[{"@type":"ReadAction","target":["https:\/\/stg.visualarq.com\/fr\/learn\/grasshopper-components\/create-a-wall\/"]}]},{"@type":"ImageObject","inLanguage":"fr-FR","@id":"https:\/\/stg.visualarq.com\/fr\/learn\/grasshopper-components\/create-a-wall\/#primaryimage","url":"https:\/\/stg.visualarq.com\/wp-content\/uploads\/sites\/2\/2013\/05\/Wall-options.png","contentUrl":"https:\/\/stg.visualarq.com\/wp-content\/uploads\/sites\/2\/2013\/05\/Wall-options.png"},{"@type":"BreadcrumbList","@id":"https:\/\/stg.visualarq.com\/fr\/learn\/grasshopper-components\/create-a-wall\/#breadcrumb","itemListElement":[{"@type":"ListItem","position":1,"name":"Home","item":"https:\/\/stg.visualarq.com\/fr\/home\/"},{"@type":"ListItem","position":2,"name":"Apprendre","item":"https:\/\/stg.visualarq.com\/fr\/learn\/"},{"@type":"ListItem","position":3,"name":"Composants de Grasshopper","item":"https:\/\/stg.visualarq.com\/fr\/learn\/grasshopper-components\/"},{"@type":"ListItem","position":4,"name":"Exercice 1. Cr\u00e9er un mur"}]},{"@type":"WebSite","@id":"https:\/\/stg.visualarq.com\/fr\/#website","url":"https:\/\/stg.visualarq.com\/fr\/","name":"VisualARQ","description":"Flexible BIM for Rhino","potentialAction":[{"@type":"SearchAction","target":{"@type":"EntryPoint","urlTemplate":"https:\/\/stg.visualarq.com\/fr\/?s={search_term_string}"},"query-input":{"@type":"PropertyValueSpecification","valueRequired":true,"valueName":"search_term_string"}}],"inLanguage":"fr-FR"}]}},"_links":{"self":[{"href":"https:\/\/stg.visualarq.com\/fr\/wp-json\/wp\/v2\/pages\/11166","targetHints":{"allow":["GET"]}}],"collection":[{"href":"https:\/\/stg.visualarq.com\/fr\/wp-json\/wp\/v2\/pages"}],"about":[{"href":"https:\/\/stg.visualarq.com\/fr\/wp-json\/wp\/v2\/types\/page"}],"author":[{"embeddable":true,"href":"https:\/\/stg.visualarq.com\/fr\/wp-json\/wp\/v2\/users\/6"}],"replies":[{"embeddable":true,"href":"https:\/\/stg.visualarq.com\/fr\/wp-json\/wp\/v2\/comments?post=11166"}],"version-history":[{"count":0,"href":"https:\/\/stg.visualarq.com\/fr\/wp-json\/wp\/v2\/pages\/11166\/revisions"}],"up":[{"embeddable":true,"href":"https:\/\/stg.visualarq.com\/fr\/wp-json\/wp\/v2\/pages\/11164"}],"wp:attachment":[{"href":"https:\/\/stg.visualarq.com\/fr\/wp-json\/wp\/v2\/media?parent=11166"}],"curies":[{"name":"wp","href":"https:\/\/api.w.org\/{rel}","templated":true}]}}