{"id":11168,"date":"2013-06-06T00:00:00","date_gmt":"2013-06-06T00:00:00","guid":{"rendered":"https:\/\/stg.visualarq.com\/features\/grasshopper\/exercises\/create-a-door\/"},"modified":"2019-01-02T15:41:56","modified_gmt":"2019-01-02T15:41:56","slug":"create-a-door","status":"publish","type":"page","link":"https:\/\/stg.visualarq.com\/fr\/learn\/grasshopper-components\/create-a-door\/","title":{"rendered":"Exercice 2. Cr\u00e9er une porte"},"content":{"rendered":"<h1>Exercice 2. Cr\u00e9er une porte<\/h1>\n\n<p><img loading=\"lazy\" decoding=\"async\" alt=\"Exercice de la porte 2\" src=\"https:\/\/stg.visualarq.com\/wp-content\/uploads\/sites\/2\/2013\/06\/Door-Exercise-2.jpg\" width=\"900\" height=\"340\" \/><\/p>\n\n<h3>1. Cr\u00e9er une porte :<\/h3>\n\n<ul>\n\n<li>1. Faites glisser un composant de porte (\u00ab\u00a0<em><strong>Door<\/strong><\/em>\u00ab\u00a0) <img loading=\"lazy\" decoding=\"async\" class=\"alignnone size-full wp-image-5108\" alt=\"VA_Door\" src=\"https:\/\/stg.visualarq.com\/wp-content\/uploads\/sites\/2\/2012\/06\/VA_Door.jpg\" width=\"26\" height=\"26\" \/>\u00a0de VisualARQ sur la grille de Grasshopper. Ce composant de porte a trois entr\u00e9es :\n\n<ol>\n\n<li><strong>W :<\/strong>\u00a0Mur sur lequel la porte sera ins\u00e9r\u00e9e.<\/li>\n\n<li><strong>P : <\/strong>Point d&rsquo;insertion de la porte. D\u00e9termine la position<strong>\u00a0<\/strong> de la porte dans le mod\u00e8le. Si ce point ne se trouve pas sur la courbe de trajectoire du mur, la porte sera ins\u00e9r\u00e9e sur le point le plus proche.<\/li>\n\n<li><strong>O :<\/strong>\u00a0Options pour d\u00e9finir tous les param\u00e8tres de la porte.<\/li>\n\n<\/ol>\n\n<\/li>\n\n<li>2. Assigner un mur \u00e0 cette porte : Reliez la sortie <em>W<\/em> du composant de <em>Mur<\/em> cr\u00e9\u00e9 avant \u00e0 l&rsquo;entr\u00e9e <em>W<\/em> du composant de <em>Porte<\/em>.<\/li>\n\n<li>3. S\u00e9lectionnez le point d&rsquo;insertion de la porte. Vous disposez de diff\u00e9rentes m\u00e9thodes pour le faire :\n\n<ul>\n\n<li>Choisir un point dans le mod\u00e8le : Cliquez avec le bouton de droite sur l&rsquo;entr\u00e9e <em>P<\/em> du composant de <em>porte<\/em> et choisissez l&rsquo;option \u00ab\u00a0<em>Set one point<\/em>\u00a0\u00bb ou \u00ab\u00a0<em>Set multiple points<\/em>\u00a0\u00bb dans la liste. Grasshopper sera cach\u00e9 jusqu&rsquo;\u00e0 ce que vous s\u00e9lectionniez un point dans le mod\u00e8le (vous pouvez aussi placer un <em>Point Param<img loading=\"lazy\" decoding=\"async\" class=\"alignnone size-full wp-image-7366\" alt=\" Point Param\" src=\"https:\/\/stg.visualarq.com\/wp-content\/uploads\/sites\/2\/2013\/06\/Point-Param.png\" width=\"60\" height=\"25\" \/><\/em> sur la grille, d\u00e9finir un <em>Point<\/em> sur ce composant et le relier \u00e0 l&rsquo;entr\u00e9e <em>P<\/em> du composant de <em>porte<\/em>.) Une porte sera cr\u00e9\u00e9e pour chaque point choisi.<\/li>\n\n<li>Point sur une courbe : placez un composant <em>Point on curve<\/em> <img loading=\"lazy\" decoding=\"async\" class=\"alignnone size-full wp-image-7367\" alt=\"Point On Curve\" src=\"https:\/\/stg.visualarq.com\/wp-content\/uploads\/sites\/2\/2013\/06\/Point-On-Curve.png\" width=\"25\" height=\"25\" \/> (dans l&rsquo;onglet <em>Courbe<\/em>) sur la grille et reliez-le \u00e0 l&rsquo;entr\u00e9e <em>P<\/em> du composant de <em>porte<\/em>. Reliez la courbe utilis\u00e9e pour g\u00e9n\u00e9rer le mur l\u00e0 o\u00f9 la porte est ins\u00e9r\u00e9e au composant <em>Point on Curve<\/em>. Ce composant trouvera un point le long de la courbe, allant de <em>0.00<\/em> (point de d\u00e9part) \u00e0 <em>1.00<\/em> (point final).<\/li>\n\n<\/ul>\n\n<\/li>\n\n<\/ul>\n\n<h3>2. D\u00e9finir les param\u00e8tres de la porte :<\/h3>\n\n<ul>\n\n<li>1. Faites glisser un composant <em><strong>Door options<\/strong><\/em> <img loading=\"lazy\" decoding=\"async\" class=\"alignnone size-full wp-image-7318\" alt=\"Door Options-24\" src=\"https:\/\/stg.visualarq.com\/wp-content\/uploads\/sites\/2\/2013\/06\/Door-Options-24.png\" width=\"24\" height=\"24\" \/>\u00a0sur la grille de Grasshopper. Ce composant poss\u00e8de plusieurs entr\u00e9es pour d\u00e9finir les param\u00e8tres de la porte.<\/li>\n\n<li>2. Reliez la sortie <em>O du composant Door options<\/em> \u00e0 l&rsquo;entr\u00e9e <em>O<\/em> du composant <em>Door<\/em>.<\/li>\n\n<li>3. D\u00e9finissez les diff\u00e9rentes <em>options de la porte <\/em>:\n\n<ul>\n\n<li><strong>(<em>S<\/em>) <em>Style de porte <\/em>:\u00a0<img loading=\"lazy\" decoding=\"async\" class=\"alignnone size-full wp-image-7316\" alt=\"Door Styles-24\" src=\"https:\/\/stg.visualarq.com\/wp-content\/uploads\/sites\/2\/2013\/06\/Door-Styles-24.png\" width=\"24\" height=\"24\" \/><\/strong> Vous pouvez placer un composant de <em>Style <\/em>de porte sur la grille et le relier \u00e0 l&rsquo;entr\u00e9e <em>S<\/em> des <em>options de la porte<\/em>. Ce composant de <em>style<\/em> poss\u00e8de un style de porte standard par d\u00e9faut. Pour assigner un style diff\u00e9rent, cliquez avec le bouton de droite sur ce composant et s\u00e9lectionnez l&rsquo;option \u00ab\u00a0<em>Set one door style<\/em>\u00a0\u00bb dans la liste. Grasshopper sera masqu\u00e9 jusqu&rsquo;\u00e0 ce que vous s\u00e9lectionniez un style de porte dans la liste affich\u00e9e dans la bo\u00eete de dialogue. Cette liste affiche les styles de porte disponibles dans le document de Rhino ouvert. (Pour modifier ou cr\u00e9er des styles de porte, minimisez la fen\u00eatre de <em>Grashopper<\/em> et ouvrez la bo\u00eete de dialogue <em>Styles de porte<\/em> avec la commande <em>_vaPorteStyles<\/em>)<\/li>\n\n<li><strong>(<em>P<\/em>) <em>Profil de la porte <\/em><\/strong>: Le profil de la porte d\u00e9termine la forme de l&rsquo;ouverture de la porte dans le mur. Les portes prennent pas d\u00e9faut le profil correspondant au style de porte.<\/li>\n\n<li><strong>(<em>A<\/em>) <em>Alignement de la porte <\/em><\/strong>: <img loading=\"lazy\" decoding=\"async\" class=\"alignnone size-full wp-image-7315\" alt=\"9 point alignment-24\" src=\"https:\/\/stg.visualarq.com\/wp-content\/uploads\/sites\/2\/2013\/06\/9-point-alignment-24.png\" width=\"24\" height=\"24\" \/> La porte peut \u00eatre align\u00e9e dans la largeur du mur selon trois m\u00e9thodes : <em>Int\u00e9rieur, Centre<\/em> et <em>Ext\u00e9rieur<\/em> et deux positions de la hauteur de porte : <em>Haut<\/em> et <em>Bas<\/em>. D\u00e9placez un composant d&rsquo;<em>alignement de porte<\/em> sur la grille et reliez-le \u00e0 l&rsquo;entr\u00e9e <em>A<\/em> des <em>options de la porte<\/em>. Cliquez sur le composant d&rsquo;<em>alignement de la porte<\/em>\u00a0<em><\/em> et s\u00e9lectionnez une des six options : (<em>0=Bottom Interior (inf\u00e9rieur int\u00e9rieur), 1=Bottom Center (inf\u00e9rieur centre), 2=Bottom Exterior (inf\u00e9rieur ext\u00e9rieur), 3=Top Interior (sup\u00e9rieur int\u00e9rieur), 4=Top Center<\/em> (sup\u00e9rieur centre) et <em>5=Top Exterior (sup\u00e9rieur ext\u00e9rieur)<\/em>).<\/li>\n\n<li><strong>(<em>O<\/em>) <em>D\u00e9calage d&rsquo;alignement de la porte <\/em><\/strong>: Cette valeur d\u00e9finit la distance entre la porte et le mur.<\/li>\n\n<li><strong><em>(Ap) Ouverture <\/em><\/strong>: L&rsquo;ouverture de la port\u00e9e mesur\u00e9e sous forme de pourcentage qui d\u00e9finit la position affich\u00e9e. Si cette valeur est nulle, le ou les battants sont ferm\u00e9s. Si cette valeur est \u00e9gale \u00e0 1, les battants sont ouverts \u00e0 100 % (180\u00ba dans des portes de type <em>Battante<\/em>, Si vous entrez une valeur n\u00e9gative (<em>par exemple -1<\/em>), la porte s&rsquo;ouvrira vers l&rsquo;int\u00e9rieur du mur.<\/li>\n\n<li><strong><em>(E) El\u00e9vation <\/em><\/strong>: L&rsquo;\u00e9l\u00e9vation d&rsquo;une porte est toujours mesur\u00e9e par rapport \u00e0 la ligne de base du mur o\u00f9 elle est ins\u00e9r\u00e9e.<\/li>\n\n<\/ul>\n\n<\/li>\n\n<\/ul>\n\n<h3>3. Modifier le profil de la porte<\/h3>\n\n<ul>\n\n<li><strong>Changer les dimensions du profil de la porte <\/strong>: Si voulez modifier les dimensions du profil de la porte, trouvez le profil de porte correspondant (<em>par exemple Rectangulaire<\/em>) <img loading=\"lazy\" decoding=\"async\" class=\"alignnone size-full wp-image-7313\" alt=\"Rectangular-24\" src=\"https:\/\/stg.visualarq.com\/wp-content\/uploads\/sites\/2\/2013\/06\/Rectangular-24.png\" width=\"24\" height=\"24\" \/>, dans l&rsquo;onglet <em>Profils<\/em>, d\u00e9placez-le sur la grille et reliez-le \u00e0 l&rsquo;entr\u00e9e <em>P<\/em> du composant des <em>options de la porte<\/em>. Vous pouvez ins\u00e9rer un composant num\u00e9rique (par exemple un composant <em>Slider<\/em>) et le relier aux entr\u00e9es <em>W<\/em> (largeur) et <em>H<\/em> (hauteur) du profil <em>Rectangulaire<\/em>. <\/li>\n\n<li><strong>Assigner un profil personnalis\u00e9<\/strong> : pour assigner un profil diff\u00e9rent \u00e0 la porte, reliez un composant <em>Custom Profile<\/em> <img loading=\"lazy\" decoding=\"async\" class=\"alignnone size-full wp-image-7314\" alt=\"Custom-24\" src=\"https:\/\/stg.visualarq.com\/wp-content\/uploads\/sites\/2\/2013\/06\/Custom-24.png\" width=\"24\" height=\"24\" \/> \u00e0 l&rsquo;entr\u00e9e <em><em style=\"line-height: 24px\">P des options de la porte<\/em><\/em>. Ce <em>profil personnalis\u00e9<\/em> fonctionne comme convertisseur de n&rsquo;importe quelle forme en profil valide pour les portes. La forme doit \u00eatre d\u00e9finie \u00e0 partir d&rsquo;une <em>courbe ferm\u00e9e<\/em> et <em>plane<\/em>\u00a0<em><\/em> qui sera soit s\u00e9lectionn\u00e9e dans le mod\u00e8le (son alignement \u00e0 l&rsquo;int\u00e9rieur du mur sera d\u00e9termin\u00e9 par les coordonn\u00e9es XY du plan contenant la courbe) soit g\u00e9n\u00e9r\u00e9e dans Grasshopper. Si la courbe n&rsquo;est pas plane ou ferm\u00e9e, la porte ignorera ce profil personnalis\u00e9 et sera g\u00e9n\u00e9r\u00e9e avec le profil du style de Porte actuel.<\/li>\n\n<\/ul>\n\n<p><img loading=\"lazy\" decoding=\"async\" class=\"size-full wp-image-7368 aligncenter\" alt=\"Porte \u00e0 partir d'un profil personnalis\u00e9\" src=\"https:\/\/stg.visualarq.com\/wp-content\/uploads\/sites\/2\/2013\/06\/Door-from-custom-profile.png\" width=\"738\" height=\"257\" \/><\/p>\n\n<h3>3. Produire le porte : <img loading=\"lazy\" decoding=\"async\" class=\"alignnone size-full wp-image-7375\" alt=\"Bake\" src=\"https:\/\/stg.visualarq.com\/wp-content\/uploads\/sites\/2\/2013\/06\/Bake.png\" width=\"22\" height=\"22\" \/><\/h3>\n\n<ul>\n\n<li>Lorsque vous pensez que la porte est pr\u00eate \u00e0 devenir un objet de Rhino, vous pouvez la produire. N&rsquo;oubliez pas que vous devez produire le mur o\u00f9 la porte est ins\u00e9r\u00e9e, sinon la porte flottera dans le mod\u00e8le jusqu&rsquo;\u00e0 ce qu&rsquo;elle trouve un mur dans lequel \u00eatre ins\u00e9r\u00e9e.<\/li>\n\n<\/ul>","protected":false},"excerpt":{"rendered":"<p>Exercice 2. Cr\u00e9er une porte 1. Cr\u00e9er une porte : 1. Faites glisser un composant de porte (\u00ab\u00a0Door\u00ab\u00a0) \u00a0de VisualARQ sur la grille de Grasshopper. Ce composant de porte a trois entr\u00e9es : W :\u00a0Mur sur lequel la porte sera ins\u00e9r\u00e9e. P : Point d&rsquo;insertion de la porte. D\u00e9termine la position\u00a0 de la porte dans [&hellip;]<\/p>\n","protected":false},"author":6,"featured_media":0,"parent":11164,"menu_order":1,"comment_status":"closed","ping_status":"closed","template":"","meta":{"_et_pb_use_builder":"","_et_pb_old_content":"","_et_gb_content_width":"","footnotes":""},"class_list":["post-11168","page","type-page","status-publish","hentry"],"yoast_head":"<!-- This site is optimized with the Yoast SEO plugin v27.3 - https:\/\/yoast.com\/product\/yoast-seo-wordpress\/ -->\n<title>Exercice 2. Cr\u00e9er une porte - VisualARQ<\/title>\n<meta name=\"robots\" content=\"noindex, follow, max-snippet:-1, max-image-preview:large, max-video-preview:-1\" \/>\n<meta property=\"og:locale\" content=\"fr_FR\" \/>\n<meta property=\"og:type\" content=\"article\" \/>\n<meta property=\"og:title\" content=\"Exercice 2. Cr\u00e9er une porte - VisualARQ\" \/>\n<meta property=\"og:description\" content=\"Exercice 2. Cr\u00e9er une porte 1. Cr\u00e9er une porte : 1. Faites glisser un composant de porte (\u00ab\u00a0Door\u00ab\u00a0) \u00a0de VisualARQ sur la grille de Grasshopper. Ce composant de porte a trois entr\u00e9es : W :\u00a0Mur sur lequel la porte sera ins\u00e9r\u00e9e. P : Point d&rsquo;insertion de la porte. D\u00e9termine la position\u00a0 de la porte dans [&hellip;]\" \/>\n<meta property=\"og:url\" content=\"https:\/\/stg.visualarq.com\/fr\/learn\/grasshopper-components\/create-a-door\/\" \/>\n<meta property=\"og:site_name\" content=\"VisualARQ\" \/>\n<meta property=\"article:publisher\" content=\"https:\/\/www.facebook.com\/visualarq\" \/>\n<meta property=\"article:modified_time\" content=\"2019-01-02T15:41:56+00:00\" \/>\n<meta property=\"og:image\" content=\"https:\/\/stg.visualarq.com\/wp-content\/uploads\/sites\/2\/2013\/06\/Door-Exercise-2.jpg\" \/>\n<meta name=\"twitter:card\" content=\"summary_large_image\" \/>\n<meta name=\"twitter:site\" content=\"@VisualARQ\" \/>\n<meta name=\"twitter:label1\" content=\"Dur\u00e9e de lecture estim\u00e9e\" \/>\n\t<meta name=\"twitter:data1\" content=\"5 minutes\" \/>\n<script type=\"application\/ld+json\" class=\"yoast-schema-graph\">{\"@context\":\"https:\\\/\\\/schema.org\",\"@graph\":[{\"@type\":\"WebPage\",\"@id\":\"https:\\\/\\\/stg.visualarq.com\\\/fr\\\/learn\\\/grasshopper-components\\\/create-a-door\\\/\",\"url\":\"https:\\\/\\\/stg.visualarq.com\\\/fr\\\/learn\\\/grasshopper-components\\\/create-a-door\\\/\",\"name\":\"Exercice 2. Cr\u00e9er une porte - VisualARQ\",\"isPartOf\":{\"@id\":\"https:\\\/\\\/stg.visualarq.com\\\/fr\\\/#website\"},\"primaryImageOfPage\":{\"@id\":\"https:\\\/\\\/stg.visualarq.com\\\/fr\\\/learn\\\/grasshopper-components\\\/create-a-door\\\/#primaryimage\"},\"image\":{\"@id\":\"https:\\\/\\\/stg.visualarq.com\\\/fr\\\/learn\\\/grasshopper-components\\\/create-a-door\\\/#primaryimage\"},\"thumbnailUrl\":\"https:\\\/\\\/stg.visualarq.com\\\/wp-content\\\/uploads\\\/sites\\\/2\\\/2013\\\/06\\\/Door-Exercise-2.jpg\",\"datePublished\":\"2013-06-06T00:00:00+00:00\",\"dateModified\":\"2019-01-02T15:41:56+00:00\",\"breadcrumb\":{\"@id\":\"https:\\\/\\\/stg.visualarq.com\\\/fr\\\/learn\\\/grasshopper-components\\\/create-a-door\\\/#breadcrumb\"},\"inLanguage\":\"fr-FR\",\"potentialAction\":[{\"@type\":\"ReadAction\",\"target\":[\"https:\\\/\\\/stg.visualarq.com\\\/fr\\\/learn\\\/grasshopper-components\\\/create-a-door\\\/\"]}]},{\"@type\":\"ImageObject\",\"inLanguage\":\"fr-FR\",\"@id\":\"https:\\\/\\\/stg.visualarq.com\\\/fr\\\/learn\\\/grasshopper-components\\\/create-a-door\\\/#primaryimage\",\"url\":\"https:\\\/\\\/stg.visualarq.com\\\/wp-content\\\/uploads\\\/sites\\\/2\\\/2013\\\/06\\\/Door-Exercise-2.jpg\",\"contentUrl\":\"https:\\\/\\\/stg.visualarq.com\\\/wp-content\\\/uploads\\\/sites\\\/2\\\/2013\\\/06\\\/Door-Exercise-2.jpg\"},{\"@type\":\"BreadcrumbList\",\"@id\":\"https:\\\/\\\/stg.visualarq.com\\\/fr\\\/learn\\\/grasshopper-components\\\/create-a-door\\\/#breadcrumb\",\"itemListElement\":[{\"@type\":\"ListItem\",\"position\":1,\"name\":\"Home\",\"item\":\"https:\\\/\\\/stg.visualarq.com\\\/fr\\\/home\\\/\"},{\"@type\":\"ListItem\",\"position\":2,\"name\":\"Apprendre\",\"item\":\"https:\\\/\\\/stg.visualarq.com\\\/fr\\\/learn\\\/\"},{\"@type\":\"ListItem\",\"position\":3,\"name\":\"Composants de Grasshopper\",\"item\":\"https:\\\/\\\/stg.visualarq.com\\\/fr\\\/learn\\\/grasshopper-components\\\/\"},{\"@type\":\"ListItem\",\"position\":4,\"name\":\"Exercice 2. Cr\u00e9er une porte\"}]},{\"@type\":\"WebSite\",\"@id\":\"https:\\\/\\\/stg.visualarq.com\\\/fr\\\/#website\",\"url\":\"https:\\\/\\\/stg.visualarq.com\\\/fr\\\/\",\"name\":\"VisualARQ\",\"description\":\"Flexible BIM for Rhino\",\"potentialAction\":[{\"@type\":\"SearchAction\",\"target\":{\"@type\":\"EntryPoint\",\"urlTemplate\":\"https:\\\/\\\/stg.visualarq.com\\\/fr\\\/?s={search_term_string}\"},\"query-input\":{\"@type\":\"PropertyValueSpecification\",\"valueRequired\":true,\"valueName\":\"search_term_string\"}}],\"inLanguage\":\"fr-FR\"}]}<\/script>\n<!-- \/ Yoast SEO plugin. -->","yoast_head_json":{"title":"Exercice 2. Cr\u00e9er une porte - VisualARQ","robots":{"index":"noindex","follow":"follow","max-snippet":"max-snippet:-1","max-image-preview":"max-image-preview:large","max-video-preview":"max-video-preview:-1"},"og_locale":"fr_FR","og_type":"article","og_title":"Exercice 2. Cr\u00e9er une porte - VisualARQ","og_description":"Exercice 2. Cr\u00e9er une porte 1. Cr\u00e9er une porte : 1. Faites glisser un composant de porte (\u00ab\u00a0Door\u00ab\u00a0) \u00a0de VisualARQ sur la grille de Grasshopper. Ce composant de porte a trois entr\u00e9es : W :\u00a0Mur sur lequel la porte sera ins\u00e9r\u00e9e. P : Point d&rsquo;insertion de la porte. D\u00e9termine la position\u00a0 de la porte dans [&hellip;]","og_url":"https:\/\/stg.visualarq.com\/fr\/learn\/grasshopper-components\/create-a-door\/","og_site_name":"VisualARQ","article_publisher":"https:\/\/www.facebook.com\/visualarq","article_modified_time":"2019-01-02T15:41:56+00:00","og_image":[{"url":"https:\/\/stg.visualarq.com\/wp-content\/uploads\/sites\/2\/2013\/06\/Door-Exercise-2.jpg","type":"","width":"","height":""}],"twitter_card":"summary_large_image","twitter_site":"@VisualARQ","twitter_misc":{"Dur\u00e9e de lecture estim\u00e9e":"5 minutes"},"schema":{"@context":"https:\/\/schema.org","@graph":[{"@type":"WebPage","@id":"https:\/\/stg.visualarq.com\/fr\/learn\/grasshopper-components\/create-a-door\/","url":"https:\/\/stg.visualarq.com\/fr\/learn\/grasshopper-components\/create-a-door\/","name":"Exercice 2. Cr\u00e9er une porte - VisualARQ","isPartOf":{"@id":"https:\/\/stg.visualarq.com\/fr\/#website"},"primaryImageOfPage":{"@id":"https:\/\/stg.visualarq.com\/fr\/learn\/grasshopper-components\/create-a-door\/#primaryimage"},"image":{"@id":"https:\/\/stg.visualarq.com\/fr\/learn\/grasshopper-components\/create-a-door\/#primaryimage"},"thumbnailUrl":"https:\/\/stg.visualarq.com\/wp-content\/uploads\/sites\/2\/2013\/06\/Door-Exercise-2.jpg","datePublished":"2013-06-06T00:00:00+00:00","dateModified":"2019-01-02T15:41:56+00:00","breadcrumb":{"@id":"https:\/\/stg.visualarq.com\/fr\/learn\/grasshopper-components\/create-a-door\/#breadcrumb"},"inLanguage":"fr-FR","potentialAction":[{"@type":"ReadAction","target":["https:\/\/stg.visualarq.com\/fr\/learn\/grasshopper-components\/create-a-door\/"]}]},{"@type":"ImageObject","inLanguage":"fr-FR","@id":"https:\/\/stg.visualarq.com\/fr\/learn\/grasshopper-components\/create-a-door\/#primaryimage","url":"https:\/\/stg.visualarq.com\/wp-content\/uploads\/sites\/2\/2013\/06\/Door-Exercise-2.jpg","contentUrl":"https:\/\/stg.visualarq.com\/wp-content\/uploads\/sites\/2\/2013\/06\/Door-Exercise-2.jpg"},{"@type":"BreadcrumbList","@id":"https:\/\/stg.visualarq.com\/fr\/learn\/grasshopper-components\/create-a-door\/#breadcrumb","itemListElement":[{"@type":"ListItem","position":1,"name":"Home","item":"https:\/\/stg.visualarq.com\/fr\/home\/"},{"@type":"ListItem","position":2,"name":"Apprendre","item":"https:\/\/stg.visualarq.com\/fr\/learn\/"},{"@type":"ListItem","position":3,"name":"Composants de Grasshopper","item":"https:\/\/stg.visualarq.com\/fr\/learn\/grasshopper-components\/"},{"@type":"ListItem","position":4,"name":"Exercice 2. Cr\u00e9er une porte"}]},{"@type":"WebSite","@id":"https:\/\/stg.visualarq.com\/fr\/#website","url":"https:\/\/stg.visualarq.com\/fr\/","name":"VisualARQ","description":"Flexible BIM for Rhino","potentialAction":[{"@type":"SearchAction","target":{"@type":"EntryPoint","urlTemplate":"https:\/\/stg.visualarq.com\/fr\/?s={search_term_string}"},"query-input":{"@type":"PropertyValueSpecification","valueRequired":true,"valueName":"search_term_string"}}],"inLanguage":"fr-FR"}]}},"_links":{"self":[{"href":"https:\/\/stg.visualarq.com\/fr\/wp-json\/wp\/v2\/pages\/11168","targetHints":{"allow":["GET"]}}],"collection":[{"href":"https:\/\/stg.visualarq.com\/fr\/wp-json\/wp\/v2\/pages"}],"about":[{"href":"https:\/\/stg.visualarq.com\/fr\/wp-json\/wp\/v2\/types\/page"}],"author":[{"embeddable":true,"href":"https:\/\/stg.visualarq.com\/fr\/wp-json\/wp\/v2\/users\/6"}],"replies":[{"embeddable":true,"href":"https:\/\/stg.visualarq.com\/fr\/wp-json\/wp\/v2\/comments?post=11168"}],"version-history":[{"count":0,"href":"https:\/\/stg.visualarq.com\/fr\/wp-json\/wp\/v2\/pages\/11168\/revisions"}],"up":[{"embeddable":true,"href":"https:\/\/stg.visualarq.com\/fr\/wp-json\/wp\/v2\/pages\/11164"}],"wp:attachment":[{"href":"https:\/\/stg.visualarq.com\/fr\/wp-json\/wp\/v2\/media?parent=11168"}],"curies":[{"name":"wp","href":"https:\/\/api.w.org\/{rel}","templated":true}]}}