{"id":11170,"date":"2013-07-18T00:00:00","date_gmt":"2013-07-18T00:00:00","guid":{"rendered":"https:\/\/stg.visualarq.com\/features\/grasshopper\/exercises\/exercise-3-create-a-grid-of-columns\/"},"modified":"2019-01-02T15:42:07","modified_gmt":"2019-01-02T15:42:07","slug":"exercise-3-create-a-grid-of-columns","status":"publish","type":"page","link":"https:\/\/stg.visualarq.com\/fr\/learn\/grasshopper-components\/exercise-3-create-a-grid-of-columns\/","title":{"rendered":"Exercice 3. Cr\u00e9er une grille de poteaux"},"content":{"rendered":"<h1>Exercice 3. Cr\u00e9er une grille de poteaux<\/h1>\n\n<p>Cet exercice montre comment cr\u00e9er dans Grasshopper des poteaux de VisualARQ ordonn\u00e9s sur une grille.<\/p>\n\n<p>Il utilise un composant de Grille rectangulaire, mais vous pouvez utiliser tout autre composant de grille (<em>Hexagonale<\/em>,\u00a0<em>Radiale<\/em>,\u00a0<em>Carr\u00e9e<\/em>\u00a0ou\u00a0<em>Triangulaire)<\/em>.<\/p>\n\n<p><img loading=\"lazy\" decoding=\"async\" class=\"aligncenter size-full wp-image-7886\" alt=\"Grille de poteaux\" src=\"https:\/\/stg.visualarq.com\/wp-content\/uploads\/sites\/2\/2013\/07\/Column-Grid-2.png\" width=\"868\" height=\"288\" \/><\/p>\n\n<h3>1. Cr\u00e9er la grille :<\/h3>\n\n<ul>\n\n<li>1. Faites glisser un composant de grille rectangulaire (<strong>Rectangular Grid<\/strong>) (Vector Tab &gt; Grid)\u00a0<img loading=\"lazy\" decoding=\"async\" class=\"alignnone size-full wp-image-7866\" alt=\"Rectangular grid\" src=\"https:\/\/stg.visualarq.com\/wp-content\/uploads\/sites\/2\/2013\/07\/Rectangular-grid.png\" width=\"23\" height=\"23\" \/> sur la grille de Grasshopper. Ce composant poss\u00e8de plusieurs entr\u00e9es qui d\u00e9finissent le nombre de cellules de la grille (<strong><em>Ex, Ey<\/em><\/strong>) et les dimensions des cellules (<strong><em>Sx, Sy<\/em><\/strong>).<\/li>\n\n<li>2. Utilisez plusieurs composants <strong>Number Slider<\/strong> pour d\u00e9finir les valeurs de ces param\u00e8tres. La sortie <em><strong>C<\/strong><\/em> d\u00e9termine les limites de la cellule de grille et la sortie <em><strong>P<\/strong><\/em> d\u00e9termine les points des sommets de la grille.<\/li>\n\n<\/ul>\n\n<h3>2. Ins\u00e9rer les poteaux<\/h3>\n\n<ol>\n\n<li>Faites glisser un composant de poteau (<strong>Column<\/strong>) <img loading=\"lazy\" decoding=\"async\" class=\"alignnone size-full wp-image-5107\" alt=\"VA_Column\" src=\"https:\/\/stg.visualarq.com\/wp-content\/uploads\/sites\/2\/2012\/06\/VA_Column.jpg\" width=\"26\" height=\"26\" \/>sur la grille de Grasshopper. Ce composant a deux entr\u00e9es :\n\n<ul>\n\n<li><strong>P : <\/strong>Point d&rsquo;insertion du poteau. D\u00e9termine la position<strong>\u00a0<\/strong> du poteau dans le mod\u00e8le.\u00a0<\/li>\n\n<li><strong>O :<\/strong>\u00a0Options pour d\u00e9finir tous les param\u00e8tres du poteau.<\/li>\n\n<\/ul>\n\n<\/li>\n\n<\/ol>\n\n<ul>\n\n<li>2. Indiquez les points d&rsquo;insertion du poteau. Reliez la sortie P du composant de grille rectangulaire \u00e0 l&rsquo;entr\u00e9e P du composant de poteau. Un poteau sera cr\u00e9\u00e9 sur chaque sommet de la grille.<\/li>\n\n<\/ul>\n\n<h3>3. D\u00e9finir les param\u00e8tres du poteau<\/h3>\n\n<ul>\n\n<li>1. Faites glisser un composant d&rsquo;options de poteau (<strong>Column Options<\/strong> <img loading=\"lazy\" decoding=\"async\" class=\"alignnone size-full wp-image-7868\" alt=\"ColumnOptions\" src=\"https:\/\/stg.visualarq.com\/wp-content\/uploads\/sites\/2\/2013\/07\/Column-Options-24.png\" width=\"24\" height=\"24\" \/> sur la grille de Grasshopper. Ce composant poss\u00e8de plusieurs entr\u00e9es pour d\u00e9finir les param\u00e8tres du poteau.<\/li>\n\n<li>2. Reliez la sortie <em>O<\/em>\u00a0du composant des options du poteau \u00e0 l&rsquo;entr\u00e9e <em>O<\/em> du composant du poteau.<\/li>\n\n<li>3. D\u00e9finissez les diff\u00e9rentes <em>Options<\/em> du poteau :\n\n<ul>\n\n<li><strong>(<em>S<\/em>) <em>\u00a0<\/em><span style=\"color: #000000\">Style<\/span> de poteau :<img loading=\"lazy\" decoding=\"async\" class=\"alignnone size-full wp-image-7867\" alt=\"Column Style Param\" src=\"https:\/\/stg.visualarq.com\/wp-content\/uploads\/sites\/2\/2013\/07\/Column-Style-Param-24.png\" width=\"24\" height=\"24\" \/><\/strong>\u00a0Vous pouvez placer un composant de <em>style<\/em> de poteau (Column Style)\u00a0sur la grille, et le relier \u00e0 l&rsquo;entr\u00e9e <em>S<\/em> des options du poteau (<em>Column Options<\/em>). Ce composant de <em>style<\/em> poss\u00e8de un style de  standard par d\u00e9faut. Pour assigner un style diff\u00e9rent, cliquez avec le bouton de droite sur ce composant et s\u00e9lectionnez l&rsquo;option \u00ab\u00a0<em>Set one Column style<\/em>\u00a0\u00bb dans la liste. Grasshopper sera masqu\u00e9 jusqu&rsquo;\u00e0 ce que vous s\u00e9lectionniez un style de poteau dans la liste affich\u00e9e dans la bo\u00eete de dialogue. Cette liste affiche les styles de Poteau disponibles dans le document de Rhino ouvert. (Pour modifier ou cr\u00e9er des styles de poteau, minimisez la fen\u00eatre de <em>Grasshopper<\/em> et ouvrez la bo\u00eete de dialogue <em>Styles de poteau<\/em> avec la commande <em>_vaPoteauStyles<\/em>)<\/li>\n\n<li><em id=\"__mceDel\"><em id=\"__mceDel\"><strong>(<em>P<\/em>) Profil du poteau (Column<em>\u00a0<span style=\"color: #000000\">\u00a0Profile)<\/span><\/em><\/strong> : <\/em><\/em>Le profil de la poteau d\u00e9termine la forme de la section du poteau. Ce profil doit correspondre au profil de style de poteau actuel, sinon Grasshopper d\u00e9tectera une erreur et le poteau ne sera pas cr\u00e9\u00e9.<\/li>\n\n<li><em id=\"__mceDel\"><strong>(<em>A<\/em>) Alignement du poteau (Column<em>\u00a0<span style=\"color: #000000\">\u00a0Align)<\/span><\/em><\/strong> :\u00a0<img loading=\"lazy\" decoding=\"async\" alt=\"9 point alignment-24\" src=\"https:\/\/stg.visualarq.com\/wp-content\/uploads\/sites\/2\/2013\/06\/9-point-alignment-24.png\" width=\"24\" height=\"24\" \/>\u00a0<\/em>L&rsquo;alignement du poteau d\u00e9termine la position du point d&rsquo;insertion du poteau en fonction de la forme de son profil. D\u00e9placez un composant d&rsquo;alignement de poteau (<em>Column Alignment<\/em>) sur la grille et reliez-le \u00e0 l&rsquo;entr\u00e9e A des options du poteau.  Cliquez sur le composant d&rsquo;<em>alignement<\/em> et s\u00e9lectionnez une des neuf options : (<em>0=Sup\u00e9rieur gauche, 1=Sup\u00e9rieur milieu, 2=Sup\u00e9rieur droite, 3=Milieu gauche, 4=Centre,\u00a05=Milieu droite, 6=Inf\u00e9rieur gauche, 7=Inf\u00e9rieur milieu et 8=Inf\u00e9rieur droite<\/em>).<\/li>\n\n<li><em id=\"__mceDel\"><strong>(<em>O<\/em>) D\u00e9calage d&rsquo;alignement du poteau (<em>Column Alignment Offset<\/em>) <\/strong>: <\/em>Cette valeur d\u00e9finir la distance entre le poteau et son point d&rsquo;insertion.<\/li>\n\n<li><em id=\"__mceDel\"><strong><em>(R) Rotation <\/em><\/strong>: <\/em>Cette valeur d\u00e9finit la rotation du profil du poteau dans le plan XY.<\/li>\n\n<li><em id=\"__mceDel\"><strong><em>(H) Hauteur <\/em><\/strong>: <\/em>Hauteur du poteau.<\/li>\n\n<\/ul>\n\n<\/li>\n\n<\/ul>\n\n<p><img loading=\"lazy\" decoding=\"async\" class=\"aligncenter size-full wp-image-7891\" alt=\"Exemples de grilles\" src=\"https:\/\/stg.visualarq.com\/wp-content\/uploads\/sites\/2\/2013\/07\/Grid-samples.jpg\" width=\"800\" height=\"200\" \/><\/p>","protected":false},"excerpt":{"rendered":"<p>Exercice 3. Cr\u00e9er une grille de poteaux Cet exercice montre comment cr\u00e9er dans Grasshopper des poteaux de VisualARQ ordonn\u00e9s sur une grille. Il utilise un composant de Grille rectangulaire, mais vous pouvez utiliser tout autre composant de grille (Hexagonale,\u00a0Radiale,\u00a0Carr\u00e9e\u00a0ou\u00a0Triangulaire). 1. Cr\u00e9er la grille : 1. Faites glisser un composant de grille rectangulaire (Rectangular Grid) (Vector [&hellip;]<\/p>\n","protected":false},"author":6,"featured_media":0,"parent":11164,"menu_order":3,"comment_status":"closed","ping_status":"closed","template":"","meta":{"_et_pb_use_builder":"","_et_pb_old_content":"","_et_gb_content_width":"","footnotes":""},"class_list":["post-11170","page","type-page","status-publish","hentry"],"yoast_head":"<!-- This site is optimized with the Yoast SEO plugin v27.3 - https:\/\/yoast.com\/product\/yoast-seo-wordpress\/ -->\n<title>Exercice 3. Cr\u00e9er une grille de poteaux - VisualARQ<\/title>\n<meta name=\"robots\" content=\"noindex, follow, max-snippet:-1, max-image-preview:large, max-video-preview:-1\" \/>\n<meta property=\"og:locale\" content=\"fr_FR\" \/>\n<meta property=\"og:type\" content=\"article\" \/>\n<meta property=\"og:title\" content=\"Exercice 3. Cr\u00e9er une grille de poteaux - VisualARQ\" \/>\n<meta property=\"og:description\" content=\"Exercice 3. Cr\u00e9er une grille de poteaux Cet exercice montre comment cr\u00e9er dans Grasshopper des poteaux de VisualARQ ordonn\u00e9s sur une grille. Il utilise un composant de Grille rectangulaire, mais vous pouvez utiliser tout autre composant de grille (Hexagonale,\u00a0Radiale,\u00a0Carr\u00e9e\u00a0ou\u00a0Triangulaire). 1. Cr\u00e9er la grille : 1. Faites glisser un composant de grille rectangulaire (Rectangular Grid) (Vector [&hellip;]\" \/>\n<meta property=\"og:url\" content=\"https:\/\/stg.visualarq.com\/fr\/learn\/grasshopper-components\/exercise-3-create-a-grid-of-columns\/\" \/>\n<meta property=\"og:site_name\" content=\"VisualARQ\" \/>\n<meta property=\"article:publisher\" content=\"https:\/\/www.facebook.com\/visualarq\" \/>\n<meta property=\"article:modified_time\" content=\"2019-01-02T15:42:07+00:00\" \/>\n<meta property=\"og:image\" content=\"https:\/\/stg.visualarq.com\/wp-content\/uploads\/sites\/2\/2013\/07\/Column-Grid-2.png\" \/>\n<meta name=\"twitter:card\" content=\"summary_large_image\" \/>\n<meta name=\"twitter:site\" content=\"@VisualARQ\" \/>\n<meta name=\"twitter:label1\" content=\"Dur\u00e9e de lecture estim\u00e9e\" \/>\n\t<meta name=\"twitter:data1\" content=\"3 minutes\" \/>\n<script type=\"application\/ld+json\" class=\"yoast-schema-graph\">{\"@context\":\"https:\\\/\\\/schema.org\",\"@graph\":[{\"@type\":\"WebPage\",\"@id\":\"https:\\\/\\\/stg.visualarq.com\\\/fr\\\/learn\\\/grasshopper-components\\\/exercise-3-create-a-grid-of-columns\\\/\",\"url\":\"https:\\\/\\\/stg.visualarq.com\\\/fr\\\/learn\\\/grasshopper-components\\\/exercise-3-create-a-grid-of-columns\\\/\",\"name\":\"Exercice 3. Cr\u00e9er une grille de poteaux - VisualARQ\",\"isPartOf\":{\"@id\":\"https:\\\/\\\/stg.visualarq.com\\\/fr\\\/#website\"},\"primaryImageOfPage\":{\"@id\":\"https:\\\/\\\/stg.visualarq.com\\\/fr\\\/learn\\\/grasshopper-components\\\/exercise-3-create-a-grid-of-columns\\\/#primaryimage\"},\"image\":{\"@id\":\"https:\\\/\\\/stg.visualarq.com\\\/fr\\\/learn\\\/grasshopper-components\\\/exercise-3-create-a-grid-of-columns\\\/#primaryimage\"},\"thumbnailUrl\":\"https:\\\/\\\/stg.visualarq.com\\\/wp-content\\\/uploads\\\/sites\\\/2\\\/2013\\\/07\\\/Column-Grid-2.png\",\"datePublished\":\"2013-07-18T00:00:00+00:00\",\"dateModified\":\"2019-01-02T15:42:07+00:00\",\"breadcrumb\":{\"@id\":\"https:\\\/\\\/stg.visualarq.com\\\/fr\\\/learn\\\/grasshopper-components\\\/exercise-3-create-a-grid-of-columns\\\/#breadcrumb\"},\"inLanguage\":\"fr-FR\",\"potentialAction\":[{\"@type\":\"ReadAction\",\"target\":[\"https:\\\/\\\/stg.visualarq.com\\\/fr\\\/learn\\\/grasshopper-components\\\/exercise-3-create-a-grid-of-columns\\\/\"]}]},{\"@type\":\"ImageObject\",\"inLanguage\":\"fr-FR\",\"@id\":\"https:\\\/\\\/stg.visualarq.com\\\/fr\\\/learn\\\/grasshopper-components\\\/exercise-3-create-a-grid-of-columns\\\/#primaryimage\",\"url\":\"https:\\\/\\\/stg.visualarq.com\\\/wp-content\\\/uploads\\\/sites\\\/2\\\/2013\\\/07\\\/Column-Grid-2.png\",\"contentUrl\":\"https:\\\/\\\/stg.visualarq.com\\\/wp-content\\\/uploads\\\/sites\\\/2\\\/2013\\\/07\\\/Column-Grid-2.png\"},{\"@type\":\"BreadcrumbList\",\"@id\":\"https:\\\/\\\/stg.visualarq.com\\\/fr\\\/learn\\\/grasshopper-components\\\/exercise-3-create-a-grid-of-columns\\\/#breadcrumb\",\"itemListElement\":[{\"@type\":\"ListItem\",\"position\":1,\"name\":\"Home\",\"item\":\"https:\\\/\\\/stg.visualarq.com\\\/fr\\\/home\\\/\"},{\"@type\":\"ListItem\",\"position\":2,\"name\":\"Apprendre\",\"item\":\"https:\\\/\\\/stg.visualarq.com\\\/fr\\\/learn\\\/\"},{\"@type\":\"ListItem\",\"position\":3,\"name\":\"Composants de Grasshopper\",\"item\":\"https:\\\/\\\/stg.visualarq.com\\\/fr\\\/learn\\\/grasshopper-components\\\/\"},{\"@type\":\"ListItem\",\"position\":4,\"name\":\"Exercice 3. Cr\u00e9er une grille de poteaux\"}]},{\"@type\":\"WebSite\",\"@id\":\"https:\\\/\\\/stg.visualarq.com\\\/fr\\\/#website\",\"url\":\"https:\\\/\\\/stg.visualarq.com\\\/fr\\\/\",\"name\":\"VisualARQ\",\"description\":\"Flexible BIM for Rhino\",\"potentialAction\":[{\"@type\":\"SearchAction\",\"target\":{\"@type\":\"EntryPoint\",\"urlTemplate\":\"https:\\\/\\\/stg.visualarq.com\\\/fr\\\/?s={search_term_string}\"},\"query-input\":{\"@type\":\"PropertyValueSpecification\",\"valueRequired\":true,\"valueName\":\"search_term_string\"}}],\"inLanguage\":\"fr-FR\"}]}<\/script>\n<!-- \/ Yoast SEO plugin. -->","yoast_head_json":{"title":"Exercice 3. Cr\u00e9er une grille de poteaux - VisualARQ","robots":{"index":"noindex","follow":"follow","max-snippet":"max-snippet:-1","max-image-preview":"max-image-preview:large","max-video-preview":"max-video-preview:-1"},"og_locale":"fr_FR","og_type":"article","og_title":"Exercice 3. Cr\u00e9er une grille de poteaux - VisualARQ","og_description":"Exercice 3. Cr\u00e9er une grille de poteaux Cet exercice montre comment cr\u00e9er dans Grasshopper des poteaux de VisualARQ ordonn\u00e9s sur une grille. Il utilise un composant de Grille rectangulaire, mais vous pouvez utiliser tout autre composant de grille (Hexagonale,\u00a0Radiale,\u00a0Carr\u00e9e\u00a0ou\u00a0Triangulaire). 1. Cr\u00e9er la grille : 1. Faites glisser un composant de grille rectangulaire (Rectangular Grid) (Vector [&hellip;]","og_url":"https:\/\/stg.visualarq.com\/fr\/learn\/grasshopper-components\/exercise-3-create-a-grid-of-columns\/","og_site_name":"VisualARQ","article_publisher":"https:\/\/www.facebook.com\/visualarq","article_modified_time":"2019-01-02T15:42:07+00:00","og_image":[{"url":"https:\/\/stg.visualarq.com\/wp-content\/uploads\/sites\/2\/2013\/07\/Column-Grid-2.png","type":"","width":"","height":""}],"twitter_card":"summary_large_image","twitter_site":"@VisualARQ","twitter_misc":{"Dur\u00e9e de lecture estim\u00e9e":"3 minutes"},"schema":{"@context":"https:\/\/schema.org","@graph":[{"@type":"WebPage","@id":"https:\/\/stg.visualarq.com\/fr\/learn\/grasshopper-components\/exercise-3-create-a-grid-of-columns\/","url":"https:\/\/stg.visualarq.com\/fr\/learn\/grasshopper-components\/exercise-3-create-a-grid-of-columns\/","name":"Exercice 3. Cr\u00e9er une grille de poteaux - VisualARQ","isPartOf":{"@id":"https:\/\/stg.visualarq.com\/fr\/#website"},"primaryImageOfPage":{"@id":"https:\/\/stg.visualarq.com\/fr\/learn\/grasshopper-components\/exercise-3-create-a-grid-of-columns\/#primaryimage"},"image":{"@id":"https:\/\/stg.visualarq.com\/fr\/learn\/grasshopper-components\/exercise-3-create-a-grid-of-columns\/#primaryimage"},"thumbnailUrl":"https:\/\/stg.visualarq.com\/wp-content\/uploads\/sites\/2\/2013\/07\/Column-Grid-2.png","datePublished":"2013-07-18T00:00:00+00:00","dateModified":"2019-01-02T15:42:07+00:00","breadcrumb":{"@id":"https:\/\/stg.visualarq.com\/fr\/learn\/grasshopper-components\/exercise-3-create-a-grid-of-columns\/#breadcrumb"},"inLanguage":"fr-FR","potentialAction":[{"@type":"ReadAction","target":["https:\/\/stg.visualarq.com\/fr\/learn\/grasshopper-components\/exercise-3-create-a-grid-of-columns\/"]}]},{"@type":"ImageObject","inLanguage":"fr-FR","@id":"https:\/\/stg.visualarq.com\/fr\/learn\/grasshopper-components\/exercise-3-create-a-grid-of-columns\/#primaryimage","url":"https:\/\/stg.visualarq.com\/wp-content\/uploads\/sites\/2\/2013\/07\/Column-Grid-2.png","contentUrl":"https:\/\/stg.visualarq.com\/wp-content\/uploads\/sites\/2\/2013\/07\/Column-Grid-2.png"},{"@type":"BreadcrumbList","@id":"https:\/\/stg.visualarq.com\/fr\/learn\/grasshopper-components\/exercise-3-create-a-grid-of-columns\/#breadcrumb","itemListElement":[{"@type":"ListItem","position":1,"name":"Home","item":"https:\/\/stg.visualarq.com\/fr\/home\/"},{"@type":"ListItem","position":2,"name":"Apprendre","item":"https:\/\/stg.visualarq.com\/fr\/learn\/"},{"@type":"ListItem","position":3,"name":"Composants de Grasshopper","item":"https:\/\/stg.visualarq.com\/fr\/learn\/grasshopper-components\/"},{"@type":"ListItem","position":4,"name":"Exercice 3. Cr\u00e9er une grille de poteaux"}]},{"@type":"WebSite","@id":"https:\/\/stg.visualarq.com\/fr\/#website","url":"https:\/\/stg.visualarq.com\/fr\/","name":"VisualARQ","description":"Flexible BIM for Rhino","potentialAction":[{"@type":"SearchAction","target":{"@type":"EntryPoint","urlTemplate":"https:\/\/stg.visualarq.com\/fr\/?s={search_term_string}"},"query-input":{"@type":"PropertyValueSpecification","valueRequired":true,"valueName":"search_term_string"}}],"inLanguage":"fr-FR"}]}},"_links":{"self":[{"href":"https:\/\/stg.visualarq.com\/fr\/wp-json\/wp\/v2\/pages\/11170","targetHints":{"allow":["GET"]}}],"collection":[{"href":"https:\/\/stg.visualarq.com\/fr\/wp-json\/wp\/v2\/pages"}],"about":[{"href":"https:\/\/stg.visualarq.com\/fr\/wp-json\/wp\/v2\/types\/page"}],"author":[{"embeddable":true,"href":"https:\/\/stg.visualarq.com\/fr\/wp-json\/wp\/v2\/users\/6"}],"replies":[{"embeddable":true,"href":"https:\/\/stg.visualarq.com\/fr\/wp-json\/wp\/v2\/comments?post=11170"}],"version-history":[{"count":0,"href":"https:\/\/stg.visualarq.com\/fr\/wp-json\/wp\/v2\/pages\/11170\/revisions"}],"up":[{"embeddable":true,"href":"https:\/\/stg.visualarq.com\/fr\/wp-json\/wp\/v2\/pages\/11164"}],"wp:attachment":[{"href":"https:\/\/stg.visualarq.com\/fr\/wp-json\/wp\/v2\/media?parent=11170"}],"curies":[{"name":"wp","href":"https:\/\/api.w.org\/{rel}","templated":true}]}}