{"id":16148,"date":"2019-07-04T09:34:19","date_gmt":"2019-07-04T09:34:19","guid":{"rendered":"https:\/\/stg.visualarq.com\/rhinobim\/"},"modified":"2024-09-06T09:46:05","modified_gmt":"2024-09-06T09:46:05","slug":"rhinobim","status":"publish","type":"page","link":"https:\/\/stg.visualarq.com\/fr\/info\/rhinobim\/","title":{"rendered":"RhinoBIM"},"content":{"rendered":"<img loading=\"lazy\" decoding=\"async\" src=\"https:\/\/stg.visualarq.com\/wp-content\/uploads\/2019\/07\/RhinoBIM-Randall-Stout-500.jpg\" alt=\"\" width=\"500\" height=\"506\" class=\"alignright size-full wp-image-16105\" srcset=\"https:\/\/stg.visualarq.com\/wp-content\/uploads\/2019\/07\/RhinoBIM-Randall-Stout-500.jpg 500w, https:\/\/stg.visualarq.com\/wp-content\/uploads\/2019\/07\/RhinoBIM-Randall-Stout-500-296x300.jpg 296w\" sizes=\"(max-width: 500px) 100vw, 500px\" \/>\n<h1>RhinoBIM<\/h1>\nRhinoBIM \u00e9tait un module de Rhino qui offrait des outils pour la conception et l&rsquo;analyse de structures, destin\u00e9 \u00e0 am\u00e9liorer Rhino dans les domaines de l&rsquo;architecture, de l&rsquo;ing\u00e9nierie et de la construction. \n\nLe d\u00e9veloppement, commenc\u00e9 par Virtual Build Technologies LLC. et Asuni, a \u00e9t\u00e9 arr\u00eat\u00e9 et le module n&rsquo;est plus disponible. \n\n&nbsp;\n<h3>Retrouvez les fonctions de RhinoBIM dans VisualARQ<\/h3>\nDe nombreuses fonctions de RhinoBIM sont d\u00e9j\u00e0 disponibles dans VisualARQ\u00a0:\n<ul>\n<li>Biblioth\u00e8que de profils en acier (EURO et AISC) pour g\u00e9n\u00e9rer des poutres et poteaux param\u00e9triques <\/li>\n<li>Outil pour g\u00e9n\u00e9rer des poutres \u00e0 partir de courbes (<a href=\"https:\/\/youtu.be\/R54yzuQ9UWw\">vid\u00e9o<\/a>)<\/li>\n<li>Composants de Grasshopper pour g\u00e9n\u00e9rer des \u00e9l\u00e9ments de structure (<a href=\"https:\/\/youtu.be\/SyX2MPU8b7k\">vid\u00e9o<\/a>)<\/li>\n<li><a href=\"https:\/\/stg.visualarq.com\/features\/collaboration\/ifc\/\">Importation et exportation IFC<\/a><\/li>\n<li>Nomenclatures (<a href=\"https:\/\/youtu.be\/JluPcjB02Is\">vid\u00e9o<\/a>)<\/li>\n<\/ul>\n\n&nbsp;\n<h3>&#8230;Bient\u00f4t disponible\u00a0:<\/h3>\nD&rsquo;autres fonctions seront int\u00e9gr\u00e9es dans la version 3 de VisualARQ\u00a0:\n<ul>\n<li>Outils de gestion des conflits<\/li>\n<li>Biblioth\u00e8ques de profils en acier internationaux<\/li>\n<\/ul>\n\nS&rsquo;il y a des fonctions de RhinoBIM que vous ne trouvez pas dans VisualARQ, <a href=\"mailto:visualarq@asuni.com\">faites-le-nous savoir<\/a> et nous les int\u00e9grerons dans les futures versions. \n\nSi vous poss\u00e9dez une licence de RhinoBIM, vous pouvez obtenir VisualARQ \u00e0 un tarif pr\u00e9f\u00e9rentiel. Contactez <a href=\"mailto:visualarq@asuni.com\">visualarq@asuni.com<\/a> pour plus d&rsquo;informations.\n","protected":false},"excerpt":{"rendered":"<p>RhinoBIM RhinoBIM \u00e9tait un module de Rhino qui offrait des outils pour la conception et l&rsquo;analyse de structures, destin\u00e9 \u00e0 am\u00e9liorer Rhino dans les domaines de l&rsquo;architecture, de l&rsquo;ing\u00e9nierie et de la construction. Le d\u00e9veloppement, commenc\u00e9 par Virtual Build Technologies LLC. et Asuni, a \u00e9t\u00e9 arr\u00eat\u00e9 et le module n&rsquo;est plus disponible. &nbsp; Retrouvez les [&hellip;]<\/p>\n","protected":false},"author":6,"featured_media":0,"parent":11202,"menu_order":0,"comment_status":"closed","ping_status":"closed","template":"","meta":{"_et_pb_use_builder":"","_et_pb_old_content":"","_et_gb_content_width":"","footnotes":""},"class_list":["post-16148","page","type-page","status-publish","hentry"],"yoast_head":"<!-- This site is optimized with the Yoast SEO plugin v27.3 - https:\/\/yoast.com\/product\/yoast-seo-wordpress\/ -->\n<title>RhinoBIM - VisualARQ<\/title>\n<meta name=\"robots\" content=\"noindex, follow, max-snippet:-1, max-image-preview:large, max-video-preview:-1\" \/>\n<meta property=\"og:locale\" content=\"fr_FR\" \/>\n<meta property=\"og:type\" content=\"article\" \/>\n<meta property=\"og:title\" content=\"RhinoBIM - VisualARQ\" \/>\n<meta property=\"og:description\" content=\"RhinoBIM RhinoBIM \u00e9tait un module de Rhino qui offrait des outils pour la conception et l&rsquo;analyse de structures, destin\u00e9 \u00e0 am\u00e9liorer Rhino dans les domaines de l&rsquo;architecture, de l&rsquo;ing\u00e9nierie et de la construction. Le d\u00e9veloppement, commenc\u00e9 par Virtual Build Technologies LLC. et Asuni, a \u00e9t\u00e9 arr\u00eat\u00e9 et le module n&rsquo;est plus disponible. &nbsp; Retrouvez les [&hellip;]\" \/>\n<meta property=\"og:url\" content=\"https:\/\/stg.visualarq.com\/fr\/info\/rhinobim\/\" \/>\n<meta property=\"og:site_name\" content=\"VisualARQ\" \/>\n<meta property=\"article:publisher\" content=\"https:\/\/www.facebook.com\/visualarq\" \/>\n<meta property=\"article:modified_time\" content=\"2024-09-06T09:46:05+00:00\" \/>\n<meta property=\"og:image\" content=\"https:\/\/stg.visualarq.com\/wp-content\/uploads\/2019\/07\/RhinoBIM-Randall-Stout-500.jpg\" \/>\n<meta name=\"twitter:card\" content=\"summary_large_image\" \/>\n<meta name=\"twitter:site\" content=\"@VisualARQ\" \/>\n<meta name=\"twitter:label1\" content=\"Dur\u00e9e de lecture estim\u00e9e\" \/>\n\t<meta name=\"twitter:data1\" content=\"1 minute\" \/>\n<script type=\"application\/ld+json\" class=\"yoast-schema-graph\">{\"@context\":\"https:\\\/\\\/schema.org\",\"@graph\":[{\"@type\":\"WebPage\",\"@id\":\"https:\\\/\\\/stg.visualarq.com\\\/fr\\\/info\\\/rhinobim\\\/\",\"url\":\"https:\\\/\\\/stg.visualarq.com\\\/fr\\\/info\\\/rhinobim\\\/\",\"name\":\"RhinoBIM - VisualARQ\",\"isPartOf\":{\"@id\":\"https:\\\/\\\/stg.visualarq.com\\\/fr\\\/#website\"},\"primaryImageOfPage\":{\"@id\":\"https:\\\/\\\/stg.visualarq.com\\\/fr\\\/info\\\/rhinobim\\\/#primaryimage\"},\"image\":{\"@id\":\"https:\\\/\\\/stg.visualarq.com\\\/fr\\\/info\\\/rhinobim\\\/#primaryimage\"},\"thumbnailUrl\":\"https:\\\/\\\/stg.visualarq.com\\\/wp-content\\\/uploads\\\/2019\\\/07\\\/RhinoBIM-Randall-Stout-500.jpg\",\"datePublished\":\"2019-07-04T09:34:19+00:00\",\"dateModified\":\"2024-09-06T09:46:05+00:00\",\"breadcrumb\":{\"@id\":\"https:\\\/\\\/stg.visualarq.com\\\/fr\\\/info\\\/rhinobim\\\/#breadcrumb\"},\"inLanguage\":\"fr-FR\",\"potentialAction\":[{\"@type\":\"ReadAction\",\"target\":[\"https:\\\/\\\/stg.visualarq.com\\\/fr\\\/info\\\/rhinobim\\\/\"]}]},{\"@type\":\"ImageObject\",\"inLanguage\":\"fr-FR\",\"@id\":\"https:\\\/\\\/stg.visualarq.com\\\/fr\\\/info\\\/rhinobim\\\/#primaryimage\",\"url\":\"https:\\\/\\\/stg.visualarq.com\\\/wp-content\\\/uploads\\\/2019\\\/07\\\/RhinoBIM-Randall-Stout-500.jpg\",\"contentUrl\":\"https:\\\/\\\/stg.visualarq.com\\\/wp-content\\\/uploads\\\/2019\\\/07\\\/RhinoBIM-Randall-Stout-500.jpg\"},{\"@type\":\"BreadcrumbList\",\"@id\":\"https:\\\/\\\/stg.visualarq.com\\\/fr\\\/info\\\/rhinobim\\\/#breadcrumb\",\"itemListElement\":[{\"@type\":\"ListItem\",\"position\":1,\"name\":\"Home\",\"item\":\"https:\\\/\\\/stg.visualarq.com\\\/fr\\\/home\\\/\"},{\"@type\":\"ListItem\",\"position\":2,\"name\":\"Info\",\"item\":\"https:\\\/\\\/stg.visualarq.com\\\/fr\\\/info\\\/\"},{\"@type\":\"ListItem\",\"position\":3,\"name\":\"RhinoBIM\"}]},{\"@type\":\"WebSite\",\"@id\":\"https:\\\/\\\/stg.visualarq.com\\\/fr\\\/#website\",\"url\":\"https:\\\/\\\/stg.visualarq.com\\\/fr\\\/\",\"name\":\"VisualARQ\",\"description\":\"Flexible BIM for Rhino\",\"potentialAction\":[{\"@type\":\"SearchAction\",\"target\":{\"@type\":\"EntryPoint\",\"urlTemplate\":\"https:\\\/\\\/stg.visualarq.com\\\/fr\\\/?s={search_term_string}\"},\"query-input\":{\"@type\":\"PropertyValueSpecification\",\"valueRequired\":true,\"valueName\":\"search_term_string\"}}],\"inLanguage\":\"fr-FR\"}]}<\/script>\n<!-- \/ Yoast SEO plugin. -->","yoast_head_json":{"title":"RhinoBIM - VisualARQ","robots":{"index":"noindex","follow":"follow","max-snippet":"max-snippet:-1","max-image-preview":"max-image-preview:large","max-video-preview":"max-video-preview:-1"},"og_locale":"fr_FR","og_type":"article","og_title":"RhinoBIM - VisualARQ","og_description":"RhinoBIM RhinoBIM \u00e9tait un module de Rhino qui offrait des outils pour la conception et l&rsquo;analyse de structures, destin\u00e9 \u00e0 am\u00e9liorer Rhino dans les domaines de l&rsquo;architecture, de l&rsquo;ing\u00e9nierie et de la construction. Le d\u00e9veloppement, commenc\u00e9 par Virtual Build Technologies LLC. et Asuni, a \u00e9t\u00e9 arr\u00eat\u00e9 et le module n&rsquo;est plus disponible. &nbsp; Retrouvez les [&hellip;]","og_url":"https:\/\/stg.visualarq.com\/fr\/info\/rhinobim\/","og_site_name":"VisualARQ","article_publisher":"https:\/\/www.facebook.com\/visualarq","article_modified_time":"2024-09-06T09:46:05+00:00","og_image":[{"url":"https:\/\/stg.visualarq.com\/wp-content\/uploads\/2019\/07\/RhinoBIM-Randall-Stout-500.jpg","type":"","width":"","height":""}],"twitter_card":"summary_large_image","twitter_site":"@VisualARQ","twitter_misc":{"Dur\u00e9e de lecture estim\u00e9e":"1 minute"},"schema":{"@context":"https:\/\/schema.org","@graph":[{"@type":"WebPage","@id":"https:\/\/stg.visualarq.com\/fr\/info\/rhinobim\/","url":"https:\/\/stg.visualarq.com\/fr\/info\/rhinobim\/","name":"RhinoBIM - VisualARQ","isPartOf":{"@id":"https:\/\/stg.visualarq.com\/fr\/#website"},"primaryImageOfPage":{"@id":"https:\/\/stg.visualarq.com\/fr\/info\/rhinobim\/#primaryimage"},"image":{"@id":"https:\/\/stg.visualarq.com\/fr\/info\/rhinobim\/#primaryimage"},"thumbnailUrl":"https:\/\/stg.visualarq.com\/wp-content\/uploads\/2019\/07\/RhinoBIM-Randall-Stout-500.jpg","datePublished":"2019-07-04T09:34:19+00:00","dateModified":"2024-09-06T09:46:05+00:00","breadcrumb":{"@id":"https:\/\/stg.visualarq.com\/fr\/info\/rhinobim\/#breadcrumb"},"inLanguage":"fr-FR","potentialAction":[{"@type":"ReadAction","target":["https:\/\/stg.visualarq.com\/fr\/info\/rhinobim\/"]}]},{"@type":"ImageObject","inLanguage":"fr-FR","@id":"https:\/\/stg.visualarq.com\/fr\/info\/rhinobim\/#primaryimage","url":"https:\/\/stg.visualarq.com\/wp-content\/uploads\/2019\/07\/RhinoBIM-Randall-Stout-500.jpg","contentUrl":"https:\/\/stg.visualarq.com\/wp-content\/uploads\/2019\/07\/RhinoBIM-Randall-Stout-500.jpg"},{"@type":"BreadcrumbList","@id":"https:\/\/stg.visualarq.com\/fr\/info\/rhinobim\/#breadcrumb","itemListElement":[{"@type":"ListItem","position":1,"name":"Home","item":"https:\/\/stg.visualarq.com\/fr\/home\/"},{"@type":"ListItem","position":2,"name":"Info","item":"https:\/\/stg.visualarq.com\/fr\/info\/"},{"@type":"ListItem","position":3,"name":"RhinoBIM"}]},{"@type":"WebSite","@id":"https:\/\/stg.visualarq.com\/fr\/#website","url":"https:\/\/stg.visualarq.com\/fr\/","name":"VisualARQ","description":"Flexible BIM for Rhino","potentialAction":[{"@type":"SearchAction","target":{"@type":"EntryPoint","urlTemplate":"https:\/\/stg.visualarq.com\/fr\/?s={search_term_string}"},"query-input":{"@type":"PropertyValueSpecification","valueRequired":true,"valueName":"search_term_string"}}],"inLanguage":"fr-FR"}]}},"_links":{"self":[{"href":"https:\/\/stg.visualarq.com\/fr\/wp-json\/wp\/v2\/pages\/16148","targetHints":{"allow":["GET"]}}],"collection":[{"href":"https:\/\/stg.visualarq.com\/fr\/wp-json\/wp\/v2\/pages"}],"about":[{"href":"https:\/\/stg.visualarq.com\/fr\/wp-json\/wp\/v2\/types\/page"}],"author":[{"embeddable":true,"href":"https:\/\/stg.visualarq.com\/fr\/wp-json\/wp\/v2\/users\/6"}],"replies":[{"embeddable":true,"href":"https:\/\/stg.visualarq.com\/fr\/wp-json\/wp\/v2\/comments?post=16148"}],"version-history":[{"count":0,"href":"https:\/\/stg.visualarq.com\/fr\/wp-json\/wp\/v2\/pages\/16148\/revisions"}],"up":[{"embeddable":true,"href":"https:\/\/stg.visualarq.com\/fr\/wp-json\/wp\/v2\/pages\/11202"}],"wp:attachment":[{"href":"https:\/\/stg.visualarq.com\/fr\/wp-json\/wp\/v2\/media?parent=16148"}],"curies":[{"name":"wp","href":"https:\/\/api.w.org\/{rel}","templated":true}]}}