{"id":23778,"date":"2021-09-22T10:06:57","date_gmt":"2021-09-22T10:06:57","guid":{"rendered":"https:\/\/stg.visualarq.com\/learn\/formations\/"},"modified":"2026-02-05T12:00:21","modified_gmt":"2026-02-05T12:00:21","slug":"courses","status":"publish","type":"page","link":"https:\/\/stg.visualarq.com\/fr\/learn\/courses\/","title":{"rendered":"Formations"},"content":{"rendered":"\n<h2 class=\"wp-block-heading\">Formations en direct<\/h2>\n\n<p>Nous proposons des formations sur mesure pour apprendre \u00e0 utiliser Rhino et VisualARQ.<\/p>\n\n<p><a href=\"mailto:visualarq@asuni.com?subject=Custom%20training\">Contactez-nous<\/a> pour en savoir plus et organiser la formation dont vous avez besoin.<\/p>\n\n<p><\/p>\n\n<hr class=\"wp-block-separator has-alpha-channel-opacity\"\/>\n\n<h2 class=\"wp-block-heading\" id=\"online-demo\">D\u00e9monstration en ligne<\/h2>\n\n<p><strong>Demandez une d\u00e9monstration en ligne gratuite<\/strong><\/p>\n\n<ul class=\"wp-block-list\">\n<li><a href=\"mailto:landsdesign@asuni.com?subject=Online%20demo\">Contactez-nous<\/a> pour planifier une r\u00e9union en ligne et r\u00e9aliser une pr\u00e9sentation de VisualARQ. Nous vous recontacterons pour d\u00e9finir une date et une heure.<\/li>\n\n\n\n<li>C&rsquo;est la fa\u00e7on la plus simple et la plus rapide de d\u00e9couvrir VisualARQ.<\/li>\n\n\n\n<li>Vous pourrez poser des questions, partager vos id\u00e9es et demander tout ce que vous voulez savoir sur VisualARQ.<\/li>\n\n\n\n<li>Nous sommes situ\u00e9s \u00e0 Barcelone, en Espagne. Les pr\u00e9sentations se font par Zoom. Apr\u00e8s avoir convenu d&rsquo;un horaire, nous vous enverrons un lien pour rejoindre la r\u00e9union. Seules une connexion internet et une ligne t\u00e9l\u00e9phonique fixe seront n\u00e9cessaires.<\/li>\n<\/ul>\n\n<hr class=\"wp-block-separator has-alpha-channel-opacity\"\/>\n\n<h2 class=\"wp-block-heading\">Formations sur mesure<\/h2>\n\n<p>Il existe un r\u00e9seau de formateurs VisualARQ dans le monde entier. Retrouvez ci-dessous les <strong>Centres de formation VisualARQ<\/strong>\u00a0:<\/p>\n\n<ul id=\"block-f9a379cb-3bdb-4861-9ea7-e4b5f4e07eb7\" class=\"wp-block-list\">\n<li><a href=\"#europe\">Europe<\/a><\/li>\n\n\n\n<li><a href=\"#asia\">Asie<\/a><\/li>\n\n\n\n<li><a href=\"#america\">Am\u00e9rique<\/a><\/li>\n<\/ul>\n\n<h3 class=\"wp-block-heading\" id=\"europe\">Europe<\/h3>\n\n<p><\/p>\n\n<div class=\"wp-block-columns is-layout-flex wp-container-core-columns-is-layout-9d6595d7 wp-block-columns-is-layout-flex\">\n<div class=\"wp-block-column is-layout-flow wp-block-column-is-layout-flow\">\n<div class=\"wp-block-group is-layout-constrained wp-block-group-is-layout-constrained\">\n<p id=\"block-ea1dec90-76f7-4f7b-8f8d-444f9ce5b021\"><strong><a href=\"https:\/\/rhinoforyou.com\/\">RhinoForYou<\/a><\/strong><\/p>\n\n\n\n<ul id=\"block-6c7ba4d6-b736-4f79-86ba-9f8af77f305d\" class=\"wp-block-list\">\n<li>Langue\u00a0: <strong>fran\u00e7ais<\/strong>, <strong>anglais<\/strong><\/li>\n\n\n\n<li><a href=\"mailto:j.hababou@rhinoforyou.com\">e-mail <\/a>&#8211; T\u00e9l\u00a0: <a href=\"tel:01 83 81 22 60\"><em>01 83 81 22 60<\/em><\/a><\/li>\n\n\n\n<li>Paris (France)<\/li>\n<\/ul>\n<\/div>\n<\/div>\n\n\n\n<div class=\"wp-block-column is-layout-flow wp-block-column-is-layout-flow\">\n<div class=\"wp-block-group is-layout-constrained wp-block-group-is-layout-constrained\">\n<p id=\"block-28d4804d-bfa6-496a-adb4-0ea8ffc80193\"><strong><a href=\"https:\/\/www.cadlantique.com\/\">Cadlantique<\/a><\/strong><\/p>\n\n\n\n<ul id=\"block-9149f7f6-737a-4e48-b98b-fd51d662e27c\" class=\"wp-block-list\">\n<li>Langue\u00a0: <strong>fran\u00e7ais<\/strong>, <strong>anglais<\/strong><\/li>\n\n\n\n<li><a href=\"mailto:cadlantique@aol.com\">e-mail <\/a>&#8211; T\u00e9l\u00a0: <a href=\"tel:0033 297 57 37 38\"><\/a><em><a href=\"tel:0033 297 57 37 38\"><em>0033 297 57 37 38<\/em><\/a><\/em><\/li>\n\n\n\n<li>Paris (France)<\/li>\n<\/ul>\n<\/div>\n<\/div>\n\n\n\n<div class=\"wp-block-column is-layout-flow wp-block-column-is-layout-flow\">\n<div class=\"wp-block-group is-layout-constrained wp-block-group-is-layout-constrained\">\n<p id=\"block-b74fd38c-1bb3-4a3d-8ebf-e26aeec3938e\"><strong><a href=\"https:\/\/oplan.fr\/\">Oplan<\/a><\/strong><\/p>\n\n\n\n<ul id=\"block-cdbf2916-9cbf-4400-9a5d-06d0c4c7feb7\" class=\"wp-block-list\">\n<li>Langue\u00a0: <strong>fran\u00e7ais<\/strong>, <strong>italien<\/strong>, <strong>anglais<\/strong><\/li>\n\n\n\n<li><a href=\"mailto:info@oplan.fr\">e-mail <\/a>&#8211; T\u00e9l\u00a0: <a href=\"tel:0033 297 57 37 38\"><\/a><em><a href=\"tel:0033 297 57 37 38\"><em>0033 297 57 37 38<\/em><\/a><\/em><\/li>\n\n\n\n<li>Marseille (France)<\/li>\n<\/ul>\n<\/div>\n<\/div>\n<\/div>\n\n<div class=\"wp-block-columns is-layout-flex wp-container-core-columns-is-layout-9d6595d7 wp-block-columns-is-layout-flex\">\n<div class=\"wp-block-column is-layout-flow wp-block-column-is-layout-flow\">\n<div class=\"wp-block-group is-layout-constrained wp-block-group-is-layout-constrained\">\n<p id=\"block-be04eca6-3ef8-4d98-bbbb-3dc9e1e7ba53\"><a href=\"https:\/\/simplyrhino.co.uk\/\"><strong>Simply Rhino<\/strong><\/a><\/p>\n\n\n\n<ul id=\"block-36e957f6-20b2-4f5f-a6ec-ed15d0050b6f\" class=\"wp-block-list\">\n<li>Langue\u00a0: <strong>anglais<\/strong><\/li>\n\n\n\n<li><a href=\"mailto:paul@simplyrhino.co.uk\">e-mail <\/a>&#8211; T\u00e9l\u00a0: <a href=\"tel:01 83 81 22 60\"><\/a><em><a href=\"tel:0208 498 9900\"><em>0208 498 9900<\/em><\/a>\u00a0<\/em><\/li>\n\n\n\n<li>Londres(Royaume-Uni)<\/li>\n<\/ul>\n<\/div>\n<\/div>\n\n\n\n<div class=\"wp-block-column is-layout-flow wp-block-column-is-layout-flow\">\n<div class=\"wp-block-group is-layout-constrained wp-block-group-is-layout-constrained\">\n<p id=\"block-a5a9e30d-0a93-4276-aa86-162aff2b9a99\"><a href=\"https:\/\/surface3d.com.tw\/\"><strong>CAD <\/strong><\/a><strong><a href=\"https:\/\/cadacademy.gr\/\">Academy<\/a><\/strong><\/p>\n\n\n\n<ul id=\"block-00f1ce88-ca15-40bb-bcb9-08d23c1ce555\" class=\"wp-block-list\">\n<li>Langue\u00a0: <strong>grec<\/strong><\/li>\n\n\n\n<li><a href=\"mailto:info@cadacademy.gr\">e-mail <\/a>&#8211; T\u00e9l\u00a0: <a href=\"tel: +30 2121010625\"><\/a><em><a href=\"tel:(+30) 2121010625\"><em>+30 2121010625<\/em><\/a><\/em><\/li>\n\n\n\n<li>Ath\u00e8nes (Gr\u00e8ce)<\/li>\n<\/ul>\n<\/div>\n<\/div>\n\n\n\n<div class=\"wp-block-column is-layout-flow wp-block-column-is-layout-flow\">\n<div class=\"wp-block-group is-layout-constrained wp-block-group-is-layout-constrained\">\n<p id=\"block-dc135da8-8c18-4039-9414-39738734daa1\"><strong><a href=\"https:\/\/www.ergocad.eu\/\">ErgoCAD<\/a><\/strong><\/p>\n\n\n\n<ul id=\"block-6fc22a0d-fce9-40a7-b9bc-3f78accc3986\" class=\"wp-block-list\">\n<li>Langue\u00a0: <strong>grec<\/strong><\/li>\n\n\n\n<li><a href=\"mailto:sales@ergocad.eu\">e-mail <\/a>&#8211; T\u00e9l\u00a0: <a href=\"tel: +302114112620\"><\/a><em><a href=\"tel:(+30) 2121010625\"><\/a><a href=\"tel:+302114112620\"><em>+302114112620<\/em><\/a>\u00a0<\/em><\/li>\n\n\n\n<li>Ath\u00e8nes (Gr\u00e8ce)<\/li>\n<\/ul>\n<\/div>\n<\/div>\n<\/div>\n\n<div class=\"wp-block-columns is-layout-flex wp-container-core-columns-is-layout-9d6595d7 wp-block-columns-is-layout-flex\">\n<div class=\"wp-block-column is-layout-flow wp-block-column-is-layout-flow\">\n<div class=\"wp-block-group is-layout-constrained wp-block-group-is-layout-constrained\">\n<p id=\"block-bdabde3a-7305-46d9-b81c-540dcaba2fb7\"><strong><a href=\"https:\/\/www.materforma.it\/\">Materforma<\/a><\/strong><\/p>\n\n\n\n<ul id=\"block-35d03021-425b-4584-8644-b940a754d24c\" class=\"wp-block-list\">\n<li>Langue\u00a0: <strong>italien<\/strong><\/li>\n\n\n\n<li><a href=\"mailto:mater@materforma.it\">e-mail <\/a>&#8211; T\u00e9l\u00a0: <a href=\"tel:0039.0744.243163\"><em>0039.0744.243163<\/em><\/a><\/li>\n\n\n\n<li>Terni (Italie)<\/li>\n<\/ul>\n<\/div>\n<\/div>\n\n\n\n<div class=\"wp-block-column is-layout-flow wp-block-column-is-layout-flow\">\n<div class=\"wp-block-group is-layout-constrained wp-block-group-is-layout-constrained\">\n<p id=\"block-9a71a05c-d97d-4ccc-9275-54e0163a9735\"><strong><a href=\"https:\/\/www.aureaservice.it\/index.html\">Aurea Service<\/a><\/strong><\/p>\n\n\n\n<ul id=\"block-4a175ed3-637c-4788-aef0-f7330a4b4ebd\" class=\"wp-block-list\">\n<li>Langue\u00a0: <strong>italien<\/strong><\/li>\n\n\n\n<li><a href=\"mailto:info@aureaservice.it\">e-mail\u00a0:<\/a><\/li>\n\n\n\n<li><a>Albizzate<\/a> (Italie)<\/li>\n<\/ul>\n<\/div>\n<\/div>\n\n\n\n<div class=\"wp-block-column is-layout-flow wp-block-column-is-layout-flow\">\n<div class=\"wp-block-group is-layout-constrained wp-block-group-is-layout-constrained\">\n<p id=\"block-f238601e-29fd-4051-9f75-ec6be3f26166\"><strong><a href=\"http:\/\/www.marcoamadio.it\/\">Amadio &amp; Partners<\/a><\/strong><\/p>\n\n\n\n<ul id=\"block-246c8a1d-7c08-493c-8a97-8a2b609a9c2a\" class=\"wp-block-list\">\n<li>Langue\u00a0: <strong>italien, anglais<\/strong><\/li>\n\n\n\n<li><a href=\"mailto:m.amadio@hotmail.it\">e-mail\u00a0:<\/a><\/li>\n\n\n\n<li>Rome (Italie)<\/li>\n<\/ul>\n<\/div>\n<\/div>\n<\/div>\n\n<div class=\"wp-block-columns is-layout-flex wp-container-core-columns-is-layout-9d6595d7 wp-block-columns-is-layout-flex\">\n<div class=\"wp-block-column is-layout-flow wp-block-column-is-layout-flow\">\n<div class=\"wp-block-group is-layout-constrained wp-block-group-is-layout-constrained\">\n<p id=\"block-8a8c491d-2fb1-4818-a939-61c71cd7eb6c\"><strong><a href=\"https:\/\/pazacademy.ch\/\">PAZ Academy<\/a><\/strong><\/p>\n\n\n\n<ul id=\"block-eb2bb30b-ed56-4e1b-b63c-06b19e832e83\" class=\"wp-block-list\">\n<li>Langue\u00a0: <strong>allemand, espagnol, anglais<\/strong><\/li>\n\n\n\n<li><a href=\"mailto:andres@pazacademy.ch\">e-mail <\/a>&#8211; T\u00e9l\u00a0: <a href=\"tel: +41442436216\"><\/a><em><a href=\"tel:(+30) 2121010625\"><\/a><a href=\"tel:+41442436216\"><em>41442436216<\/em><\/a><\/em><\/li>\n\n\n\n<li>Zurich (Suisse)<\/li>\n<\/ul>\n<\/div>\n<\/div>\n\n\n\n<div class=\"wp-block-column is-layout-flow wp-block-column-is-layout-flow\">\n<div class=\"wp-block-group is-layout-constrained wp-block-group-is-layout-constrained\">\n<p id=\"block-e34bcd93-9ad5-4523-9ab7-e9abf497ea57\"><strong><a href=\"https:\/\/rhinocenter.net\/\">Rhino Center<\/a><\/strong><\/p>\n\n\n\n<ul id=\"block-d7ccc40e-37e3-461c-8fce-1ab68b17d9fa\" class=\"wp-block-list\">\n<li>Langue\u00a0: <strong>turc, anglais<\/strong><\/li>\n\n\n\n<li><a href=\"mailto:andres@pazacademy.ch\">e-mail <\/a>&#8211; T\u00e9l\u00a0: <a href=\"tel: +902166063106\"><\/a><em><a href=\"tel:(+30) 2121010625\"><\/a><a href=\"tel:+41442436216\"><\/a><a href=\"tel:+902166063106\"><em>+902166063106<\/em><\/a><\/em><\/li>\n\n\n\n<li>Istanbul (Turquie)<\/li>\n<\/ul>\n<\/div>\n<\/div>\n\n\n\n<div class=\"wp-block-column is-layout-flow wp-block-column-is-layout-flow\"><\/div>\n<\/div>\n\n<p><\/p>\n\n<h3 class=\"wp-block-heading\" id=\"asia\">Asie<\/h3>\n\n<p><\/p>\n\n<div class=\"wp-block-columns is-layout-flex wp-container-core-columns-is-layout-9d6595d7 wp-block-columns-is-layout-flex\">\n<div class=\"wp-block-column is-layout-flow wp-block-column-is-layout-flow\">\n<div class=\"wp-block-group is-layout-constrained wp-block-group-is-layout-constrained\">\n<p id=\"block-fcde4e33-6446-45d2-9eaa-42fb5f0d06ad\"><a href=\"https:\/\/www.rhino3d.com.cn\/\"><strong>Applicraft<\/strong><\/a><\/p>\n\n\n\n<ul id=\"block-1eee869f-5a2f-4246-b9df-707d2d3ab747\" class=\"wp-block-list\">\n<li>Langue\u00a0: <strong>Japonais<\/strong><\/li>\n\n\n\n<li><a href=\"mailto:info@applicraft.com\">e-mail <\/a>&#8211; T\u00e9l\u00a0: <a href=\"tel:81-3-6825-8431\"><em>81-3-6825-8431<\/em><\/a><\/li>\n\n\n\n<li>Shibuya, Tokyo (Japon)<\/li>\n<\/ul>\n<\/div>\n<\/div>\n\n\n\n<div class=\"wp-block-column is-layout-flow wp-block-column-is-layout-flow\">\n<div class=\"wp-block-group is-layout-constrained wp-block-group-is-layout-constrained\">\n<p id=\"block-54ad5ce2-d41e-4644-94d6-bfdee4f4ae23\"><a href=\"https:\/\/www.rhino3d.com.cn\/\"><strong>Shaper 3D<\/strong><\/a><\/p>\n\n\n\n<ul id=\"block-1603a461-ed43-4d9b-ac2e-80630b175f8e\" class=\"wp-block-list\">\n<li>Langue\u00a0: <strong>chinois<\/strong><\/li>\n\n\n\n<li><a href=\"mailto:sale@shaper3d.com\">e-mail <\/a>&#8211; T\u00e9l\u00a0: <a href=\"tel:01 83 81 22 60\"><\/a><em><a href=\"tel:+86-755-29642189\"><em>+86-755-29642189<\/em><\/a><\/em><\/li>\n\n\n\n<li>Shenzhen\u00a0(Chine)<\/li>\n<\/ul>\n<\/div>\n<\/div>\n\n\n\n<div class=\"wp-block-column is-layout-flow wp-block-column-is-layout-flow\">\n<div class=\"wp-block-group is-layout-constrained wp-block-group-is-layout-constrained\">\n<p id=\"block-91fb8802-67fb-4622-96c7-a40f28b4bde2\"><a href=\"https:\/\/surface3d.com.tw\/\"><strong>Surface 3D<\/strong><\/a><\/p>\n\n\n\n<ul id=\"block-c395c771-4d6b-48c2-9683-f35cfe75c284\" class=\"wp-block-list\">\n<li>Langue\u00a0: <strong>chinois<\/strong><\/li>\n\n\n\n<li><a href=\"mailto:yoko@surface3d.com.tw\">e-mail <\/a>&#8211; T\u00e9l\u00a0: <a href=\"tel:+886-6-2381003\"><em>+886-6-2381003<\/em><\/a><\/li>\n\n\n\n<li>Tainan City (Taiwan)<\/li>\n<\/ul>\n<\/div>\n<\/div>\n<\/div>\n\n<p><\/p>\n\n<h3 class=\"wp-block-heading\" id=\"america\">Am\u00e9rique<\/h3>\n\n<p><\/p>\n\n<div class=\"wp-block-columns is-layout-flex wp-container-core-columns-is-layout-9d6595d7 wp-block-columns-is-layout-flex\">\n<div class=\"wp-block-column is-layout-flow wp-block-column-is-layout-flow\">\n<div class=\"wp-block-group is-layout-constrained wp-block-group-is-layout-constrained\">\n<p id=\"block-403e64fb-d3eb-4ff0-b838-dc5cb57da133\"><strong><a href=\"https:\/\/pazacademy.ch\/\">McNeel <\/a><a href=\"https:\/\/www.mcneelmiami.com\/\">Miami<\/a><\/strong><\/p>\n\n\n\n<ul id=\"block-fffa75c4-ed2b-46e2-ae4b-de4df8ceef23\" class=\"wp-block-list\">\n<li>Langue\u00a0: <strong>anglais, espagnol, allemand<\/strong><\/li>\n\n\n\n<li><a href=\"mailto:andres@pazacademy.ch\">e-mail <\/a>&#8211; T\u00e9l\u00a0: <a href=\"tel: (305) 513-4445\"><\/a><em><a href=\"tel:(+30) 2121010625\"><\/a><a href=\"tel:+41442436216\"><\/a><a href=\"tel:(305) 513-4445\"><em>(305) 513-4445<\/em><\/a><\/em><\/li>\n\n\n\n<li>Miami (\u00c9tats-Unis)<\/li>\n<\/ul>\n<\/div>\n<\/div>\n\n\n\n<div class=\"wp-block-column is-layout-flow wp-block-column-is-layout-flow\"><\/div>\n\n\n\n<div class=\"wp-block-column is-layout-flow wp-block-column-is-layout-flow\"><\/div>\n<\/div>\n","protected":false},"excerpt":{"rendered":"<p>Formations en direct Nous proposons des formations sur mesure pour apprendre \u00e0 utiliser Rhino et VisualARQ. Contactez-nous pour en savoir plus et organiser la formation dont vous avez besoin. D\u00e9monstration en ligne Demandez une d\u00e9monstration en ligne gratuite Formations sur mesure Il existe un r\u00e9seau de formateurs VisualARQ dans le monde entier. Retrouvez ci-dessous les [&hellip;]<\/p>\n","protected":false},"author":6,"featured_media":0,"parent":11120,"menu_order":0,"comment_status":"closed","ping_status":"closed","template":"","meta":{"_et_pb_use_builder":"off","_et_pb_old_content":"","_et_gb_content_width":"","footnotes":""},"class_list":["post-23778","page","type-page","status-publish","hentry"],"yoast_head":"<!-- This site is optimized with the Yoast SEO plugin v27.3 - https:\/\/yoast.com\/product\/yoast-seo-wordpress\/ -->\n<title>Formations - VisualARQ<\/title>\n<meta name=\"robots\" content=\"noindex, follow, max-snippet:-1, max-image-preview:large, max-video-preview:-1\" \/>\n<meta property=\"og:locale\" content=\"fr_FR\" \/>\n<meta property=\"og:type\" content=\"article\" \/>\n<meta property=\"og:title\" content=\"Formations - VisualARQ\" \/>\n<meta property=\"og:description\" content=\"Formations en direct Nous proposons des formations sur mesure pour apprendre \u00e0 utiliser Rhino et VisualARQ. Contactez-nous pour en savoir plus et organiser la formation dont vous avez besoin. D\u00e9monstration en ligne Demandez une d\u00e9monstration en ligne gratuite Formations sur mesure Il existe un r\u00e9seau de formateurs VisualARQ dans le monde entier. Retrouvez ci-dessous les [&hellip;]\" \/>\n<meta property=\"og:url\" content=\"https:\/\/stg.visualarq.com\/fr\/learn\/courses\/\" \/>\n<meta property=\"og:site_name\" content=\"VisualARQ\" \/>\n<meta property=\"article:publisher\" content=\"https:\/\/www.facebook.com\/visualarq\" \/>\n<meta property=\"article:modified_time\" content=\"2026-02-05T12:00:21+00:00\" \/>\n<meta name=\"twitter:card\" content=\"summary_large_image\" \/>\n<meta name=\"twitter:site\" content=\"@VisualARQ\" \/>\n<meta name=\"twitter:label1\" content=\"Dur\u00e9e de lecture estim\u00e9e\" \/>\n\t<meta name=\"twitter:data1\" content=\"2 minutes\" \/>\n<script type=\"application\/ld+json\" class=\"yoast-schema-graph\">{\"@context\":\"https:\\\/\\\/schema.org\",\"@graph\":[{\"@type\":\"WebPage\",\"@id\":\"https:\\\/\\\/stg.visualarq.com\\\/fr\\\/learn\\\/courses\\\/\",\"url\":\"https:\\\/\\\/stg.visualarq.com\\\/fr\\\/learn\\\/courses\\\/\",\"name\":\"Formations - VisualARQ\",\"isPartOf\":{\"@id\":\"https:\\\/\\\/stg.visualarq.com\\\/fr\\\/#website\"},\"datePublished\":\"2021-09-22T10:06:57+00:00\",\"dateModified\":\"2026-02-05T12:00:21+00:00\",\"breadcrumb\":{\"@id\":\"https:\\\/\\\/stg.visualarq.com\\\/fr\\\/learn\\\/courses\\\/#breadcrumb\"},\"inLanguage\":\"fr-FR\",\"potentialAction\":[{\"@type\":\"ReadAction\",\"target\":[\"https:\\\/\\\/stg.visualarq.com\\\/fr\\\/learn\\\/courses\\\/\"]}]},{\"@type\":\"BreadcrumbList\",\"@id\":\"https:\\\/\\\/stg.visualarq.com\\\/fr\\\/learn\\\/courses\\\/#breadcrumb\",\"itemListElement\":[{\"@type\":\"ListItem\",\"position\":1,\"name\":\"Home\",\"item\":\"https:\\\/\\\/stg.visualarq.com\\\/fr\\\/home\\\/\"},{\"@type\":\"ListItem\",\"position\":2,\"name\":\"Apprendre\",\"item\":\"https:\\\/\\\/stg.visualarq.com\\\/fr\\\/learn\\\/\"},{\"@type\":\"ListItem\",\"position\":3,\"name\":\"Formations\"}]},{\"@type\":\"WebSite\",\"@id\":\"https:\\\/\\\/stg.visualarq.com\\\/fr\\\/#website\",\"url\":\"https:\\\/\\\/stg.visualarq.com\\\/fr\\\/\",\"name\":\"VisualARQ\",\"description\":\"Flexible BIM for Rhino\",\"potentialAction\":[{\"@type\":\"SearchAction\",\"target\":{\"@type\":\"EntryPoint\",\"urlTemplate\":\"https:\\\/\\\/stg.visualarq.com\\\/fr\\\/?s={search_term_string}\"},\"query-input\":{\"@type\":\"PropertyValueSpecification\",\"valueRequired\":true,\"valueName\":\"search_term_string\"}}],\"inLanguage\":\"fr-FR\"}]}<\/script>\n<!-- \/ Yoast SEO plugin. -->","yoast_head_json":{"title":"Formations - VisualARQ","robots":{"index":"noindex","follow":"follow","max-snippet":"max-snippet:-1","max-image-preview":"max-image-preview:large","max-video-preview":"max-video-preview:-1"},"og_locale":"fr_FR","og_type":"article","og_title":"Formations - VisualARQ","og_description":"Formations en direct Nous proposons des formations sur mesure pour apprendre \u00e0 utiliser Rhino et VisualARQ. Contactez-nous pour en savoir plus et organiser la formation dont vous avez besoin. D\u00e9monstration en ligne Demandez une d\u00e9monstration en ligne gratuite Formations sur mesure Il existe un r\u00e9seau de formateurs VisualARQ dans le monde entier. Retrouvez ci-dessous les [&hellip;]","og_url":"https:\/\/stg.visualarq.com\/fr\/learn\/courses\/","og_site_name":"VisualARQ","article_publisher":"https:\/\/www.facebook.com\/visualarq","article_modified_time":"2026-02-05T12:00:21+00:00","twitter_card":"summary_large_image","twitter_site":"@VisualARQ","twitter_misc":{"Dur\u00e9e de lecture estim\u00e9e":"2 minutes"},"schema":{"@context":"https:\/\/schema.org","@graph":[{"@type":"WebPage","@id":"https:\/\/stg.visualarq.com\/fr\/learn\/courses\/","url":"https:\/\/stg.visualarq.com\/fr\/learn\/courses\/","name":"Formations - VisualARQ","isPartOf":{"@id":"https:\/\/stg.visualarq.com\/fr\/#website"},"datePublished":"2021-09-22T10:06:57+00:00","dateModified":"2026-02-05T12:00:21+00:00","breadcrumb":{"@id":"https:\/\/stg.visualarq.com\/fr\/learn\/courses\/#breadcrumb"},"inLanguage":"fr-FR","potentialAction":[{"@type":"ReadAction","target":["https:\/\/stg.visualarq.com\/fr\/learn\/courses\/"]}]},{"@type":"BreadcrumbList","@id":"https:\/\/stg.visualarq.com\/fr\/learn\/courses\/#breadcrumb","itemListElement":[{"@type":"ListItem","position":1,"name":"Home","item":"https:\/\/stg.visualarq.com\/fr\/home\/"},{"@type":"ListItem","position":2,"name":"Apprendre","item":"https:\/\/stg.visualarq.com\/fr\/learn\/"},{"@type":"ListItem","position":3,"name":"Formations"}]},{"@type":"WebSite","@id":"https:\/\/stg.visualarq.com\/fr\/#website","url":"https:\/\/stg.visualarq.com\/fr\/","name":"VisualARQ","description":"Flexible BIM for Rhino","potentialAction":[{"@type":"SearchAction","target":{"@type":"EntryPoint","urlTemplate":"https:\/\/stg.visualarq.com\/fr\/?s={search_term_string}"},"query-input":{"@type":"PropertyValueSpecification","valueRequired":true,"valueName":"search_term_string"}}],"inLanguage":"fr-FR"}]}},"_links":{"self":[{"href":"https:\/\/stg.visualarq.com\/fr\/wp-json\/wp\/v2\/pages\/23778","targetHints":{"allow":["GET"]}}],"collection":[{"href":"https:\/\/stg.visualarq.com\/fr\/wp-json\/wp\/v2\/pages"}],"about":[{"href":"https:\/\/stg.visualarq.com\/fr\/wp-json\/wp\/v2\/types\/page"}],"author":[{"embeddable":true,"href":"https:\/\/stg.visualarq.com\/fr\/wp-json\/wp\/v2\/users\/6"}],"replies":[{"embeddable":true,"href":"https:\/\/stg.visualarq.com\/fr\/wp-json\/wp\/v2\/comments?post=23778"}],"version-history":[{"count":6,"href":"https:\/\/stg.visualarq.com\/fr\/wp-json\/wp\/v2\/pages\/23778\/revisions"}],"predecessor-version":[{"id":43144,"href":"https:\/\/stg.visualarq.com\/fr\/wp-json\/wp\/v2\/pages\/23778\/revisions\/43144"}],"up":[{"embeddable":true,"href":"https:\/\/stg.visualarq.com\/fr\/wp-json\/wp\/v2\/pages\/11120"}],"wp:attachment":[{"href":"https:\/\/stg.visualarq.com\/fr\/wp-json\/wp\/v2\/media?parent=23778"}],"curies":[{"name":"wp","href":"https:\/\/api.w.org\/{rel}","templated":true}]}}