{"id":23830,"date":"2021-09-23T20:29:12","date_gmt":"2021-09-23T20:29:12","guid":{"rendered":"https:\/\/stg.visualarq.com\/learn\/webinars\/inscription-au-webinaire\/"},"modified":"2024-09-26T10:56:51","modified_gmt":"2024-09-26T10:56:51","slug":"registration","status":"publish","type":"page","link":"https:\/\/stg.visualarq.com\/fr\/learn\/webinars\/registration\/","title":{"rendered":"Inscription au webinaire"},"content":{"rendered":"<h1 style=\"text-align: center;\">Inscription au webinaire<\/h1>\n<p style=\"text-align: center;\"><div class=\"div-sobre-iframe\"><iframe loading=\"lazy\" onload=\"iFrameResize()\" src=\"https:\/\/fz2.asuni.com\/form\/?fz=69&lang=fr\" width=\"100%\" height=\"40px\" frameborder=\"0\">Form<\/iframe><\/div><\/p>\n<p style=\"text-align: center;\"><small>Les informations fournies lors de l&rsquo;inscription peuvent \u00eatre utilis\u00e9es et partag\u00e9es par Asuni Soft SL conform\u00e9ment \u00e0 la <a href=\"https:\/\/stg.visualarq.com\/fr\/legal\/privacy-policy\/\">Politique de confidentialit\u00e9<\/a>.<\/small><\/p>\n&nbsp;","protected":false},"excerpt":{"rendered":"<p>Inscription au webinaire Les informations fournies lors de l&rsquo;inscription peuvent \u00eatre utilis\u00e9es et partag\u00e9es par Asuni Soft SL conform\u00e9ment \u00e0 la Politique de confidentialit\u00e9. &nbsp;<\/p>\n","protected":false},"author":1,"featured_media":0,"parent":11115,"menu_order":0,"comment_status":"closed","ping_status":"closed","template":"page-download.php","meta":{"_et_pb_use_builder":"","_et_pb_old_content":"","_et_gb_content_width":"","footnotes":""},"class_list":["post-23830","page","type-page","status-publish","hentry"],"yoast_head":"<!-- This site is optimized with the Yoast SEO plugin v27.3 - https:\/\/yoast.com\/product\/yoast-seo-wordpress\/ -->\n<title>Inscription au webinaire - VisualARQ<\/title>\n<meta name=\"robots\" content=\"noindex, follow, max-snippet:-1, max-image-preview:large, max-video-preview:-1\" \/>\n<meta property=\"og:locale\" content=\"fr_FR\" \/>\n<meta property=\"og:type\" content=\"article\" \/>\n<meta property=\"og:title\" content=\"Inscription au webinaire - VisualARQ\" \/>\n<meta property=\"og:description\" content=\"Inscription au webinaire Les informations fournies lors de l&rsquo;inscription peuvent \u00eatre utilis\u00e9es et partag\u00e9es par Asuni Soft SL conform\u00e9ment \u00e0 la Politique de confidentialit\u00e9. &nbsp;\" \/>\n<meta property=\"og:url\" content=\"https:\/\/stg.visualarq.com\/fr\/learn\/webinars\/registration\/\" \/>\n<meta property=\"og:site_name\" content=\"VisualARQ\" \/>\n<meta property=\"article:publisher\" content=\"https:\/\/www.facebook.com\/visualarq\" \/>\n<meta property=\"article:modified_time\" content=\"2024-09-26T10:56:51+00:00\" \/>\n<meta name=\"twitter:card\" content=\"summary_large_image\" \/>\n<meta name=\"twitter:site\" content=\"@VisualARQ\" \/>\n<script type=\"application\/ld+json\" class=\"yoast-schema-graph\">{\"@context\":\"https:\\\/\\\/schema.org\",\"@graph\":[{\"@type\":\"WebPage\",\"@id\":\"https:\\\/\\\/stg.visualarq.com\\\/fr\\\/learn\\\/webinars\\\/registration\\\/\",\"url\":\"https:\\\/\\\/stg.visualarq.com\\\/fr\\\/learn\\\/webinars\\\/registration\\\/\",\"name\":\"Inscription au webinaire - VisualARQ\",\"isPartOf\":{\"@id\":\"https:\\\/\\\/stg.visualarq.com\\\/fr\\\/#website\"},\"datePublished\":\"2021-09-23T20:29:12+00:00\",\"dateModified\":\"2024-09-26T10:56:51+00:00\",\"breadcrumb\":{\"@id\":\"https:\\\/\\\/stg.visualarq.com\\\/fr\\\/learn\\\/webinars\\\/registration\\\/#breadcrumb\"},\"inLanguage\":\"fr-FR\",\"potentialAction\":[{\"@type\":\"ReadAction\",\"target\":[\"https:\\\/\\\/stg.visualarq.com\\\/fr\\\/learn\\\/webinars\\\/registration\\\/\"]}]},{\"@type\":\"BreadcrumbList\",\"@id\":\"https:\\\/\\\/stg.visualarq.com\\\/fr\\\/learn\\\/webinars\\\/registration\\\/#breadcrumb\",\"itemListElement\":[{\"@type\":\"ListItem\",\"position\":1,\"name\":\"Home\",\"item\":\"https:\\\/\\\/stg.visualarq.com\\\/fr\\\/home\\\/\"},{\"@type\":\"ListItem\",\"position\":2,\"name\":\"Apprendre\",\"item\":\"https:\\\/\\\/stg.visualarq.com\\\/fr\\\/learn\\\/\"},{\"@type\":\"ListItem\",\"position\":3,\"name\":\"Webinaires\",\"item\":\"https:\\\/\\\/stg.visualarq.com\\\/fr\\\/learn\\\/webinars\\\/\"},{\"@type\":\"ListItem\",\"position\":4,\"name\":\"Inscription au webinaire\"}]},{\"@type\":\"WebSite\",\"@id\":\"https:\\\/\\\/stg.visualarq.com\\\/fr\\\/#website\",\"url\":\"https:\\\/\\\/stg.visualarq.com\\\/fr\\\/\",\"name\":\"VisualARQ\",\"description\":\"Flexible BIM for Rhino\",\"potentialAction\":[{\"@type\":\"SearchAction\",\"target\":{\"@type\":\"EntryPoint\",\"urlTemplate\":\"https:\\\/\\\/stg.visualarq.com\\\/fr\\\/?s={search_term_string}\"},\"query-input\":{\"@type\":\"PropertyValueSpecification\",\"valueRequired\":true,\"valueName\":\"search_term_string\"}}],\"inLanguage\":\"fr-FR\"}]}<\/script>\n<!-- \/ Yoast SEO plugin. -->","yoast_head_json":{"title":"Inscription au webinaire - VisualARQ","robots":{"index":"noindex","follow":"follow","max-snippet":"max-snippet:-1","max-image-preview":"max-image-preview:large","max-video-preview":"max-video-preview:-1"},"og_locale":"fr_FR","og_type":"article","og_title":"Inscription au webinaire - VisualARQ","og_description":"Inscription au webinaire Les informations fournies lors de l&rsquo;inscription peuvent \u00eatre utilis\u00e9es et partag\u00e9es par Asuni Soft SL conform\u00e9ment \u00e0 la Politique de confidentialit\u00e9. &nbsp;","og_url":"https:\/\/stg.visualarq.com\/fr\/learn\/webinars\/registration\/","og_site_name":"VisualARQ","article_publisher":"https:\/\/www.facebook.com\/visualarq","article_modified_time":"2024-09-26T10:56:51+00:00","twitter_card":"summary_large_image","twitter_site":"@VisualARQ","schema":{"@context":"https:\/\/schema.org","@graph":[{"@type":"WebPage","@id":"https:\/\/stg.visualarq.com\/fr\/learn\/webinars\/registration\/","url":"https:\/\/stg.visualarq.com\/fr\/learn\/webinars\/registration\/","name":"Inscription au webinaire - VisualARQ","isPartOf":{"@id":"https:\/\/stg.visualarq.com\/fr\/#website"},"datePublished":"2021-09-23T20:29:12+00:00","dateModified":"2024-09-26T10:56:51+00:00","breadcrumb":{"@id":"https:\/\/stg.visualarq.com\/fr\/learn\/webinars\/registration\/#breadcrumb"},"inLanguage":"fr-FR","potentialAction":[{"@type":"ReadAction","target":["https:\/\/stg.visualarq.com\/fr\/learn\/webinars\/registration\/"]}]},{"@type":"BreadcrumbList","@id":"https:\/\/stg.visualarq.com\/fr\/learn\/webinars\/registration\/#breadcrumb","itemListElement":[{"@type":"ListItem","position":1,"name":"Home","item":"https:\/\/stg.visualarq.com\/fr\/home\/"},{"@type":"ListItem","position":2,"name":"Apprendre","item":"https:\/\/stg.visualarq.com\/fr\/learn\/"},{"@type":"ListItem","position":3,"name":"Webinaires","item":"https:\/\/stg.visualarq.com\/fr\/learn\/webinars\/"},{"@type":"ListItem","position":4,"name":"Inscription au webinaire"}]},{"@type":"WebSite","@id":"https:\/\/stg.visualarq.com\/fr\/#website","url":"https:\/\/stg.visualarq.com\/fr\/","name":"VisualARQ","description":"Flexible BIM for Rhino","potentialAction":[{"@type":"SearchAction","target":{"@type":"EntryPoint","urlTemplate":"https:\/\/stg.visualarq.com\/fr\/?s={search_term_string}"},"query-input":{"@type":"PropertyValueSpecification","valueRequired":true,"valueName":"search_term_string"}}],"inLanguage":"fr-FR"}]}},"_links":{"self":[{"href":"https:\/\/stg.visualarq.com\/fr\/wp-json\/wp\/v2\/pages\/23830","targetHints":{"allow":["GET"]}}],"collection":[{"href":"https:\/\/stg.visualarq.com\/fr\/wp-json\/wp\/v2\/pages"}],"about":[{"href":"https:\/\/stg.visualarq.com\/fr\/wp-json\/wp\/v2\/types\/page"}],"author":[{"embeddable":true,"href":"https:\/\/stg.visualarq.com\/fr\/wp-json\/wp\/v2\/users\/1"}],"replies":[{"embeddable":true,"href":"https:\/\/stg.visualarq.com\/fr\/wp-json\/wp\/v2\/comments?post=23830"}],"version-history":[{"count":0,"href":"https:\/\/stg.visualarq.com\/fr\/wp-json\/wp\/v2\/pages\/23830\/revisions"}],"up":[{"embeddable":true,"href":"https:\/\/stg.visualarq.com\/fr\/wp-json\/wp\/v2\/pages\/11115"}],"wp:attachment":[{"href":"https:\/\/stg.visualarq.com\/fr\/wp-json\/wp\/v2\/media?parent=23830"}],"curies":[{"name":"wp","href":"https:\/\/api.w.org\/{rel}","templated":true}]}}