{"id":26019,"date":"2022-03-23T13:02:29","date_gmt":"2022-03-23T13:02:29","guid":{"rendered":"https:\/\/stg.visualarq.com\/?page_id=26019"},"modified":"2025-01-10T11:24:22","modified_gmt":"2025-01-10T11:24:22","slug":"savanna-3d-r7","status":"publish","type":"page","link":"https:\/\/stg.visualarq.com\/fr\/download\/savanna-3d-r7\/","title":{"rendered":"Savanna 3D R7"},"content":{"rendered":"\n<h1 class=\"wp-block-heading\">Merci d&rsquo;avoir achet\u00e9 Savanna 3D R7<\/h1>\n\n<p>Gr\u00e2ce \u00e0 votre <strong>code<\/strong>, vous pouvez acc\u00e9der au t\u00e9l\u00e9chargement du contenu de la biblioth\u00e8que Savanna sur la plateforme McNeel Miami, qui inclut des trucs et astuces, de nouvelles mises \u00e0 jour et des am\u00e9liorations. <\/p>\n\n<p>Vous avez \u00e9galement acc\u00e8s au t\u00e9l\u00e9chargement de la biblioth\u00e8que Savanna 3D R6 (pour Rhino 6). <\/p>\n\n<p>Une fois le d\u00e9lai pass\u00e9, vous pouvez toujours utiliser le contenu de la biblioth\u00e8que t\u00e9l\u00e9charg\u00e9e mais ne pourrez plus acc\u00e9der \u00e0 la plateforme. <\/p>\n\n<p><\/p>\n\n<ul class=\"wp-block-list\">\n<li>Pour acc\u00e9der \u00e0 la plateforme McNeel Miami, cliquez sur <a href=\"https:\/\/www.rhino3d.education\/p\/savanna3d-r7\" target=\"_blank\" rel=\"noopener\"><strong>le lien suivant<\/strong><\/a>.<\/li>\n\n\n\n<li>Cliquez sur le bouton d&rsquo;abonnement \u00e0 la biblioth\u00e8que \u00ab\u00a0Subscribe to the SAVANNA3D Library\u00a0\u00bb.<\/li>\n\n\n\n<li>Sur la page suivante, cliquez sur le bouton \u00ab\u00a0Add Coupon Code\u00a0\u00bb, saisissez le code et cliquez sur le bouton \u00ab\u00a0Apply\u00a0\u00bb.<\/li>\n\n\n\n<li>Renseignez vos informations personnelles et connectez-vous.<\/li>\n<\/ul>\n\n<p><\/p>\n\n<h2 class=\"wp-block-heading\">Conditions requises<\/h2>\n\n<ul class=\"wp-block-list\">\n<li>Windows 8.1 ou version post\u00e9rieure<\/li>\n\n\n\n<li>Rhinoceros 7<\/li>\n<\/ul>\n","protected":false},"excerpt":{"rendered":"<p>Merci d&rsquo;avoir achet\u00e9 Savanna 3D R7 Gr\u00e2ce \u00e0 votre code, vous pouvez acc\u00e9der au t\u00e9l\u00e9chargement du contenu de la biblioth\u00e8que Savanna sur la plateforme McNeel Miami, qui inclut des trucs et astuces, de nouvelles mises \u00e0 jour et des am\u00e9liorations. Vous avez \u00e9galement acc\u00e8s au t\u00e9l\u00e9chargement de la biblioth\u00e8que Savanna 3D R6 (pour Rhino 6). [&hellip;]<\/p>\n","protected":false},"author":6,"featured_media":0,"parent":11160,"menu_order":0,"comment_status":"closed","ping_status":"closed","template":"page-download.php","meta":{"_et_pb_use_builder":"","_et_pb_old_content":"","_et_gb_content_width":"","footnotes":""},"class_list":["post-26019","page","type-page","status-publish","hentry"],"yoast_head":"<!-- This site is optimized with the Yoast SEO plugin v27.3 - https:\/\/yoast.com\/product\/yoast-seo-wordpress\/ -->\n<title>Savanna 3D R7 - VisualARQ<\/title>\n<meta name=\"robots\" content=\"noindex, follow, max-snippet:-1, max-image-preview:large, max-video-preview:-1\" \/>\n<meta property=\"og:locale\" content=\"fr_FR\" \/>\n<meta property=\"og:type\" content=\"article\" \/>\n<meta property=\"og:title\" content=\"Savanna 3D R7 - VisualARQ\" \/>\n<meta property=\"og:description\" content=\"Merci d&rsquo;avoir achet\u00e9 Savanna 3D R7 Gr\u00e2ce \u00e0 votre code, vous pouvez acc\u00e9der au t\u00e9l\u00e9chargement du contenu de la biblioth\u00e8que Savanna sur la plateforme McNeel Miami, qui inclut des trucs et astuces, de nouvelles mises \u00e0 jour et des am\u00e9liorations. Vous avez \u00e9galement acc\u00e8s au t\u00e9l\u00e9chargement de la biblioth\u00e8que Savanna 3D R6 (pour Rhino 6). [&hellip;]\" \/>\n<meta property=\"og:url\" content=\"https:\/\/stg.visualarq.com\/fr\/download\/savanna-3d-r7\/\" \/>\n<meta property=\"og:site_name\" content=\"VisualARQ\" \/>\n<meta property=\"article:publisher\" content=\"https:\/\/www.facebook.com\/visualarq\" \/>\n<meta property=\"article:modified_time\" content=\"2025-01-10T11:24:22+00:00\" \/>\n<meta name=\"twitter:card\" content=\"summary_large_image\" \/>\n<meta name=\"twitter:site\" content=\"@VisualARQ\" \/>\n<meta name=\"twitter:label1\" content=\"Dur\u00e9e de lecture estim\u00e9e\" \/>\n\t<meta name=\"twitter:data1\" content=\"1 minute\" \/>\n<script type=\"application\/ld+json\" class=\"yoast-schema-graph\">{\"@context\":\"https:\\\/\\\/schema.org\",\"@graph\":[{\"@type\":\"WebPage\",\"@id\":\"https:\\\/\\\/stg.visualarq.com\\\/fr\\\/download\\\/savanna-3d-r7\\\/\",\"url\":\"https:\\\/\\\/stg.visualarq.com\\\/fr\\\/download\\\/savanna-3d-r7\\\/\",\"name\":\"Savanna 3D R7 - VisualARQ\",\"isPartOf\":{\"@id\":\"https:\\\/\\\/stg.visualarq.com\\\/fr\\\/#website\"},\"datePublished\":\"2022-03-23T13:02:29+00:00\",\"dateModified\":\"2025-01-10T11:24:22+00:00\",\"breadcrumb\":{\"@id\":\"https:\\\/\\\/stg.visualarq.com\\\/fr\\\/download\\\/savanna-3d-r7\\\/#breadcrumb\"},\"inLanguage\":\"fr-FR\",\"potentialAction\":[{\"@type\":\"ReadAction\",\"target\":[\"https:\\\/\\\/stg.visualarq.com\\\/fr\\\/download\\\/savanna-3d-r7\\\/\"]}]},{\"@type\":\"BreadcrumbList\",\"@id\":\"https:\\\/\\\/stg.visualarq.com\\\/fr\\\/download\\\/savanna-3d-r7\\\/#breadcrumb\",\"itemListElement\":[{\"@type\":\"ListItem\",\"position\":1,\"name\":\"Home\",\"item\":\"https:\\\/\\\/stg.visualarq.com\\\/fr\\\/home\\\/\"},{\"@type\":\"ListItem\",\"position\":2,\"name\":\"T\u00e9l\u00e9charger\",\"item\":\"https:\\\/\\\/stg.visualarq.com\\\/fr\\\/download\\\/\"},{\"@type\":\"ListItem\",\"position\":3,\"name\":\"Savanna 3D R7\"}]},{\"@type\":\"WebSite\",\"@id\":\"https:\\\/\\\/stg.visualarq.com\\\/fr\\\/#website\",\"url\":\"https:\\\/\\\/stg.visualarq.com\\\/fr\\\/\",\"name\":\"VisualARQ\",\"description\":\"Flexible BIM for Rhino\",\"potentialAction\":[{\"@type\":\"SearchAction\",\"target\":{\"@type\":\"EntryPoint\",\"urlTemplate\":\"https:\\\/\\\/stg.visualarq.com\\\/fr\\\/?s={search_term_string}\"},\"query-input\":{\"@type\":\"PropertyValueSpecification\",\"valueRequired\":true,\"valueName\":\"search_term_string\"}}],\"inLanguage\":\"fr-FR\"}]}<\/script>\n<!-- \/ Yoast SEO plugin. -->","yoast_head_json":{"title":"Savanna 3D R7 - VisualARQ","robots":{"index":"noindex","follow":"follow","max-snippet":"max-snippet:-1","max-image-preview":"max-image-preview:large","max-video-preview":"max-video-preview:-1"},"og_locale":"fr_FR","og_type":"article","og_title":"Savanna 3D R7 - VisualARQ","og_description":"Merci d&rsquo;avoir achet\u00e9 Savanna 3D R7 Gr\u00e2ce \u00e0 votre code, vous pouvez acc\u00e9der au t\u00e9l\u00e9chargement du contenu de la biblioth\u00e8que Savanna sur la plateforme McNeel Miami, qui inclut des trucs et astuces, de nouvelles mises \u00e0 jour et des am\u00e9liorations. Vous avez \u00e9galement acc\u00e8s au t\u00e9l\u00e9chargement de la biblioth\u00e8que Savanna 3D R6 (pour Rhino 6). [&hellip;]","og_url":"https:\/\/stg.visualarq.com\/fr\/download\/savanna-3d-r7\/","og_site_name":"VisualARQ","article_publisher":"https:\/\/www.facebook.com\/visualarq","article_modified_time":"2025-01-10T11:24:22+00:00","twitter_card":"summary_large_image","twitter_site":"@VisualARQ","twitter_misc":{"Dur\u00e9e de lecture estim\u00e9e":"1 minute"},"schema":{"@context":"https:\/\/schema.org","@graph":[{"@type":"WebPage","@id":"https:\/\/stg.visualarq.com\/fr\/download\/savanna-3d-r7\/","url":"https:\/\/stg.visualarq.com\/fr\/download\/savanna-3d-r7\/","name":"Savanna 3D R7 - VisualARQ","isPartOf":{"@id":"https:\/\/stg.visualarq.com\/fr\/#website"},"datePublished":"2022-03-23T13:02:29+00:00","dateModified":"2025-01-10T11:24:22+00:00","breadcrumb":{"@id":"https:\/\/stg.visualarq.com\/fr\/download\/savanna-3d-r7\/#breadcrumb"},"inLanguage":"fr-FR","potentialAction":[{"@type":"ReadAction","target":["https:\/\/stg.visualarq.com\/fr\/download\/savanna-3d-r7\/"]}]},{"@type":"BreadcrumbList","@id":"https:\/\/stg.visualarq.com\/fr\/download\/savanna-3d-r7\/#breadcrumb","itemListElement":[{"@type":"ListItem","position":1,"name":"Home","item":"https:\/\/stg.visualarq.com\/fr\/home\/"},{"@type":"ListItem","position":2,"name":"T\u00e9l\u00e9charger","item":"https:\/\/stg.visualarq.com\/fr\/download\/"},{"@type":"ListItem","position":3,"name":"Savanna 3D R7"}]},{"@type":"WebSite","@id":"https:\/\/stg.visualarq.com\/fr\/#website","url":"https:\/\/stg.visualarq.com\/fr\/","name":"VisualARQ","description":"Flexible BIM for Rhino","potentialAction":[{"@type":"SearchAction","target":{"@type":"EntryPoint","urlTemplate":"https:\/\/stg.visualarq.com\/fr\/?s={search_term_string}"},"query-input":{"@type":"PropertyValueSpecification","valueRequired":true,"valueName":"search_term_string"}}],"inLanguage":"fr-FR"}]}},"_links":{"self":[{"href":"https:\/\/stg.visualarq.com\/fr\/wp-json\/wp\/v2\/pages\/26019","targetHints":{"allow":["GET"]}}],"collection":[{"href":"https:\/\/stg.visualarq.com\/fr\/wp-json\/wp\/v2\/pages"}],"about":[{"href":"https:\/\/stg.visualarq.com\/fr\/wp-json\/wp\/v2\/types\/page"}],"author":[{"embeddable":true,"href":"https:\/\/stg.visualarq.com\/fr\/wp-json\/wp\/v2\/users\/6"}],"replies":[{"embeddable":true,"href":"https:\/\/stg.visualarq.com\/fr\/wp-json\/wp\/v2\/comments?post=26019"}],"version-history":[{"count":4,"href":"https:\/\/stg.visualarq.com\/fr\/wp-json\/wp\/v2\/pages\/26019\/revisions"}],"predecessor-version":[{"id":41810,"href":"https:\/\/stg.visualarq.com\/fr\/wp-json\/wp\/v2\/pages\/26019\/revisions\/41810"}],"up":[{"embeddable":true,"href":"https:\/\/stg.visualarq.com\/fr\/wp-json\/wp\/v2\/pages\/11160"}],"wp:attachment":[{"href":"https:\/\/stg.visualarq.com\/fr\/wp-json\/wp\/v2\/media?parent=26019"}],"curies":[{"name":"wp","href":"https:\/\/api.w.org\/{rel}","templated":true}]}}