{"id":28157,"date":"2022-06-09T09:37:00","date_gmt":"2022-06-09T09:37:00","guid":{"rendered":"https:\/\/stg.visualarq.com\/download\/utilitaires\/"},"modified":"2023-11-24T14:18:24","modified_gmt":"2023-11-24T14:18:24","slug":"utilities","status":"publish","type":"page","link":"https:\/\/stg.visualarq.com\/fr\/download\/utilities\/","title":{"rendered":"Utilitaires"},"content":{"rendered":"\n<h1 class=\"wp-block-heading\">Utilitaires<\/h1>\n\n<p>Cette page propose des outils compl\u00e9mentaires pour VisualARQ qui peuvent vous aider \u00e0 travailler plus rapidement et \u00e0 automatiser diff\u00e9rentes t\u00e2ches de mod\u00e9lisation.  <\/p>\n\n<p>La plupart de ces outils sont des <strong>d\u00e9finitions de Grasshopper gratuites<\/strong> (disponibles sur le site <a href=\"https:\/\/www.food4rhino.com\/\">food4Rhino<\/a>) pouvant \u00eatre utilis\u00e9es avec des connaissances minimales de Grasshopper.<\/p>\n\n<p><\/p>\n\n<div class=\"wp-block-columns is-layout-flex wp-container-core-columns-is-layout-9d6595d7 wp-block-columns-is-layout-flex\">\n<div class=\"wp-block-column is-layout-flow wp-block-column-is-layout-flow\">\n<p><a href=\"https:\/\/www.food4rhino.com\/en\/resource\/create-multiple-levels\"><img loading=\"lazy\" decoding=\"async\" width=\"150\" height=\"100\" class=\"wp-image-27788\" style=\"width: 150px;\" src=\"https:\/\/stg.visualarq.com\/wp-content\/uploads\/2022\/06\/LevelManagerMultipleLevels_300.png\" alt=\"Cr&#xE9;ation de plusieurs niveaux\"\/><\/a><\/p>\n\n\n\n<p><a href=\"https:\/\/www.food4rhino.com\/en\/resource\/create-multiple-levels\"><strong>Cr\u00e9ation de plusieurs niveaux<\/strong><\/a><\/p>\n\n\n\n<p>G\u00e9n\u00e9rez un b\u00e2timent avec plusieurs niveaux en une seule op\u00e9ration en indiquant leur nom, la hauteur et le nombre total de niveau.<\/p>\n<\/div>\n\n\n\n<div class=\"wp-block-column is-layout-flow wp-block-column-is-layout-flow\">\n<p><a href=\"https:\/\/www.food4rhino.com\/en\/resource\/beam-split\"><img loading=\"lazy\" decoding=\"async\" width=\"150\" height=\"100\" class=\"wp-image-27800\" style=\"width: 150px;\" src=\"https:\/\/stg.visualarq.com\/wp-content\/uploads\/2022\/06\/beam_split_300.png\" alt=\"Division de poutre\"\/><\/a><\/p>\n\n\n\n<p><strong><a href=\"https:\/\/www.food4rhino.com\/en\/resource\/beam-split\">Diviser une poutre en plusieurs \u00e9l\u00e9ments<\/a><\/strong><\/p>\n\n\n\n<p>S\u00e9lectionnez une poutre et divisez-la en un nombre d\u00e9fini de poutres.<\/p>\n<\/div>\n\n\n\n<div class=\"wp-block-column is-layout-flow wp-block-column-is-layout-flow\">\n<p><a href=\"https:\/\/www.food4rhino.com\/en\/resource\/stair-flip\"><img loading=\"lazy\" decoding=\"async\" width=\"150\" height=\"100\" class=\"wp-image-27870\" style=\"width: 150px;\" src=\"https:\/\/stg.visualarq.com\/wp-content\/uploads\/2022\/06\/Stair_Flip_300-1.png\" alt=\"Inversion d'escalier\"\/><\/a><\/p>\n\n\n\n<p><strong><a href=\"https:\/\/www.food4rhino.com\/en\/resource\/stair-flip\">Inversion d&rsquo;escalier<\/a><\/strong><\/p>\n\n\n\n<p>G\u00e9n\u00e9rez un nouvel escalier en inversant le sens d&rsquo;un escalier existant.<\/p>\n<\/div>\n\n\n\n<div class=\"wp-block-column is-layout-flow wp-block-column-is-layout-flow\">\n<p><a href=\"https:\/\/www.food4rhino.com\/en\/resource\/automatic-naming\"><img loading=\"lazy\" decoding=\"async\" width=\"150\" height=\"100\" class=\"wp-image-27830\" style=\"width: 150px;\" src=\"https:\/\/stg.visualarq.com\/wp-content\/uploads\/2022\/06\/Update_Property_Name.png\" alt=\"Actualiser le nom d'une propri&#xE9;t&#xE9;\"\/><\/a><\/p>\n\n\n\n<p><strong><a href=\"https:\/\/www.food4rhino.com\/en\/resource\/automatic-naming\">Nommer automatiquement<\/a><\/strong><\/p>\n\n\n\n<p>Nommez automatiquement plusieurs objets \u00e0 partir d&rsquo;une liste de noms.<\/p>\n<\/div>\n<\/div>\n\n<div class=\"wp-block-columns is-layout-flex wp-container-core-columns-is-layout-9d6595d7 wp-block-columns-is-layout-flex\">\n<div class=\"wp-block-column is-layout-flow wp-block-column-is-layout-flow\">\n<p><a href=\"https:\/\/www.food4rhino.com\/en\/resource\/2d-elevations-space\"><img loading=\"lazy\" decoding=\"async\" width=\"150\" height=\"100\" class=\"wp-image-27839\" style=\"width: 150px;\" src=\"https:\/\/stg.visualarq.com\/wp-content\/uploads\/2022\/06\/elevations_from_space_300.jpg\" alt=\"&#xC9;l&#xE9;vations &#xE0; partir d'un espace\"\/><\/a><\/p>\n\n\n\n<p><a href=\"https:\/\/www.food4rhino.com\/en\/resource\/2d-elevations-space\"><strong>\u00c9l\u00e9vations 2D \u00e0 partir d&rsquo;un espace<\/strong><\/a><\/p>\n\n\n\n<p>Ins\u00e9rez un objet Espace, r\u00e9f\u00e9rencez-le dans Grasshopper, d\u00e9finissez le points d&rsquo;insertion et g\u00e9n\u00e9rez automatiquement les quatre \u00e9l\u00e9vations de l&rsquo;espace.<\/p>\n<\/div>\n\n\n\n<div class=\"wp-block-column is-layout-flow wp-block-column-is-layout-flow\">\n<p><a href=\"https:\/\/www.food4rhino.com\/en\/resource\/4-elevations-and-2-sections-2d\"><img loading=\"lazy\" decoding=\"async\" width=\"150\" height=\"100\" class=\"wp-image-27846\" style=\"width: 150px;\" src=\"https:\/\/stg.visualarq.com\/wp-content\/uploads\/2022\/06\/4-Elevation-and-2-Section-Views_300.png\" alt=\"4 vues d'&#xE9;l&#xE9;vation et 2 de sections\"\/><\/a><\/p>\n\n\n\n<p><strong><a href=\"https:\/\/www.food4rhino.com\/en\/resource\/4-elevations-and-2-sections-2d\">\u00c9l\u00e9vations et sections 2D \u00e0 partir d&rsquo;un mod\u00e8le 3D<\/a><\/strong><\/p>\n\n\n\n<p>Produisez 4 vues d&rsquo;\u00e9l\u00e9vation et 2 vues de section en 2D \u00e0 partir d&rsquo;un mod\u00e8le 3D<\/p>\n<\/div>\n\n\n\n<div class=\"wp-block-column is-layout-flow wp-block-column-is-layout-flow\">\n<p><a href=\"https:\/\/www.food4rhino.com\/en\/resource\/space-dimensions\"><img loading=\"lazy\" decoding=\"async\" width=\"150\" height=\"100\" class=\"wp-image-27854\" style=\"width: 150px;\" src=\"https:\/\/stg.visualarq.com\/wp-content\/uploads\/2022\/06\/Space_Dimensions_300.png\" alt=\"Cotation d'un espace\"\/><\/a><\/p>\n\n\n\n<p><strong><a href=\"https:\/\/www.food4rhino.com\/en\/resource\/space-dimensions\">Cotation d&rsquo;un espace<\/a><\/strong><\/p>\n\n\n\n<p>G\u00e9n\u00e9rez les cotes int\u00e9rieures d&rsquo;un espace r\u00e9f\u00e9renc\u00e9.<\/p>\n<\/div>\n\n\n\n<div class=\"wp-block-column is-layout-flow wp-block-column-is-layout-flow\">\n<p><a href=\"https:\/\/www.food4rhino.com\/en\/resource\/visualarq-opening-selector\"><img loading=\"lazy\" decoding=\"async\" width=\"150\" height=\"100\" class=\"wp-image-27956\" style=\"width: 150px;\" src=\"https:\/\/stg.visualarq.com\/wp-content\/uploads\/2022\/06\/Door-Window-Selector-300.png\" alt=\"\"\/><\/a><\/p>\n\n\n\n<p><strong><a href=\"https:\/\/www.food4rhino.com\/en\/resource\/visualarq-opening-selector\">S\u00e9lecteur d&rsquo;ouverture<\/a><\/strong><\/p>\n\n\n\n<p>S\u00e9lectionnez toutes les portes et fen\u00eatres ayant le m\u00eame style ou les m\u00eames dimensions de profil que l&rsquo;ouverture r\u00e9f\u00e9renc\u00e9e.<\/p>\n<\/div>\n<\/div>\n\n<div class=\"wp-block-columns is-layout-flex wp-container-core-columns-is-layout-9d6595d7 wp-block-columns-is-layout-flex\">\n<div class=\"wp-block-column is-layout-flow wp-block-column-is-layout-flow\">\n<p><a href=\"https:\/\/www.food4rhino.com\/en\/resource\/list-wall-and-slab-layers-information\"><img loading=\"lazy\" decoding=\"async\" width=\"150\" height=\"100\" class=\"wp-image-29083\" style=\"width: 150px;\" src=\"https:\/\/stg.visualarq.com\/wp-content\/uploads\/2022\/09\/listinfototxt_200.png\" alt=\"Afficher les informations sur les composants des murs et des dalles\"\/><\/a><a href=\"https:\/\/www.food4rhino.com\/en\/resource\/list-wall-and-slab-layers-information\"><\/a><\/p>\n\n\n\n<p><strong><a href=\"https:\/\/www.food4rhino.com\/en\/resource\/list-wall-and-slab-layers-information\">Liste des composants des murs et des dalles<\/a><\/strong><\/p>\n\n\n\n<p>G\u00e9n\u00e9rez un fichier de texte contenant les informations sur les composants des dalles et des murs du mod\u00e8le.<\/p>\n<\/div>\n\n\n\n<div class=\"wp-block-column is-layout-flow wp-block-column-is-layout-flow\">\n<p><a href=\"https:\/\/www.food4rhino.com\/en\/resource\/wall-hatches-projection\"><img loading=\"lazy\" decoding=\"async\" width=\"150\" height=\"100\" class=\"wp-image-30373\" style=\"width: 150px;\" src=\"https:\/\/stg.visualarq.com\/wp-content\/uploads\/2023\/03\/Wall-Hatches-Projection.png\" alt=\"Hachures des murs en projection\"\/><\/a><a href=\"https:\/\/www.food4rhino.com\/en\/resource\/list-wall-and-slab-layers-information\"><\/a><\/p>\n\n\n\n<p><strong><a href=\"https:\/\/www.food4rhino.com\/en\/resource\/wall-hatches-projection\">Hachures des murs en projection<\/a><\/strong><\/p>\n\n\n\n<p>G\u00e9n\u00e9rez des hachures sur les faces int\u00e9rieure et ext\u00e9rieure des murs de VisualARQ.<\/p>\n<\/div>\n\n\n\n<div class=\"wp-block-column is-layout-flow wp-block-column-is-layout-flow\">\n<p><a href=\"https:\/\/www.food4rhino.com\/en\/resource\/slab-hatches-projection\"><img loading=\"lazy\" decoding=\"async\" width=\"150\" height=\"100\" class=\"wp-image-30380\" style=\"width: 150px;\" src=\"https:\/\/stg.visualarq.com\/wp-content\/uploads\/2023\/03\/Slab-Hatch-in-Projection.png\" alt=\"Hachures des dalles en projection\"\/><\/a><a href=\"https:\/\/www.food4rhino.com\/en\/resource\/list-wall-and-slab-layers-information\"><\/a><\/p>\n\n\n\n<p><a href=\"https:\/\/www.food4rhino.com\/en\/resource\/slab-hatches-projection\"><strong>Hachures des dalles en projection<\/strong><\/a><\/p>\n\n\n\n<p>G\u00e9n\u00e9rez des hachures sur les faces int\u00e9rieure et ext\u00e9rieure des dalles de VisualARQ.<\/p>\n<\/div>\n\n\n\n<div class=\"wp-block-column is-layout-flow wp-block-column-is-layout-flow\">\n<p><a href=\"https:\/\/www.food4rhino.com\/en\/resource\/select-objects-level?lang=en\"><img loading=\"lazy\" decoding=\"async\" width=\"150\" height=\"100\" class=\"wp-image-31080\" style=\"width: 150px;\" src=\"https:\/\/stg.visualarq.com\/wp-content\/uploads\/2023\/05\/Logo-for-Utilities.png\" alt=\"\"\/><\/a><a href=\"https:\/\/www.food4rhino.com\/en\/resource\/list-wall-and-slab-layers-information\"><\/a><\/p>\n\n\n\n<p><strong><a href=\"https:\/\/www.food4rhino.com\/en\/resource\/select-objects-level?lang=en\">S\u00e9lectionner des objets par niveau<\/a><\/strong><\/p>\n\n\n\n<p>S\u00e9lectionnez des objets sur un niveau sp\u00e9cifique de VisualARQ.<\/p>\n<\/div>\n<\/div>\n\n<div class=\"wp-block-columns is-layout-flex wp-container-core-columns-is-layout-9d6595d7 wp-block-columns-is-layout-flex\">\n<div class=\"wp-block-column is-layout-flow wp-block-column-is-layout-flow\">\n<p><a href=\"https:\/\/www.food4rhino.com\/en\/resource\/center-gravity\"><img loading=\"lazy\" decoding=\"async\" width=\"150\" height=\"100\" class=\"wp-image-31087\" style=\"width: 150px;\" src=\"https:\/\/stg.visualarq.com\/wp-content\/uploads\/2023\/05\/Logo-for-utilities-1.png\" alt=\"\"\/><\/a><a href=\"https:\/\/www.food4rhino.com\/en\/resource\/list-wall-and-slab-layers-information\"><\/a><\/p>\n\n\n\n<p><strong><a href=\"https:\/\/www.food4rhino.com\/en\/resource\/center-gravity\">Centre de gravit\u00e9<\/a><\/strong><\/p>\n\n\n\n<p>Calculez le centre de gravit\u00e9 des objets de Rhino et VisualARQ en le d\u00e9finissant dans un param\u00e8tre personnalis\u00e9 pour chaque objet.<\/p>\n<\/div>\n\n\n\n<div class=\"wp-block-column is-layout-flow wp-block-column-is-layout-flow\">\n<p><a href=\"https:\/\/www.food4rhino.com\/en\/resource\/wall-layer-area-and-volume\"><img loading=\"lazy\" decoding=\"async\" width=\"150\" height=\"100\" class=\"wp-image-31518\" style=\"width: 150px;\" src=\"https:\/\/stg.visualarq.com\/wp-content\/uploads\/2023\/06\/Wall-Layer-Area-and-Volume_300.png\" alt=\"Surface et volume des murs par composants\"\/><\/a><a href=\"https:\/\/www.food4rhino.com\/en\/resource\/list-wall-and-slab-layers-information\"><\/a><\/p>\n\n\n\n<p><strong><a href=\"https:\/\/www.food4rhino.com\/en\/resource\/wall-layer-area-and-volume\">Surface et volume des composants des murs<\/a><\/strong><\/p>\n\n\n\n<p>Calculez les surfaces et les volumes des composants des murs de VisualARQ sur la base d&rsquo;un nom de composant sp\u00e9cifique.<\/p>\n<\/div>\n\n\n\n<div class=\"wp-block-column is-layout-flow wp-block-column-is-layout-flow\"><\/div>\n\n\n\n<div class=\"wp-block-column is-layout-flow wp-block-column-is-layout-flow\"><\/div>\n<\/div>\n\n<p><\/p>\n","protected":false},"excerpt":{"rendered":"<p>Utilitaires Cette page propose des outils compl\u00e9mentaires pour VisualARQ qui peuvent vous aider \u00e0 travailler plus rapidement et \u00e0 automatiser diff\u00e9rentes t\u00e2ches de mod\u00e9lisation. La plupart de ces outils sont des d\u00e9finitions de Grasshopper gratuites (disponibles sur le site food4Rhino) pouvant \u00eatre utilis\u00e9es avec des connaissances minimales de Grasshopper. Cr\u00e9ation de plusieurs niveaux G\u00e9n\u00e9rez un [&hellip;]<\/p>\n","protected":false},"author":6,"featured_media":0,"parent":11160,"menu_order":6,"comment_status":"closed","ping_status":"closed","template":"","meta":{"_et_pb_use_builder":"","_et_pb_old_content":"","_et_gb_content_width":"","footnotes":""},"class_list":["post-28157","page","type-page","status-publish","hentry"],"yoast_head":"<!-- This site is optimized with the Yoast SEO plugin v27.2 - https:\/\/yoast.com\/product\/yoast-seo-wordpress\/ -->\n<title>Utilitaires - VisualARQ<\/title>\n<meta name=\"robots\" content=\"noindex, follow, max-snippet:-1, max-image-preview:large, max-video-preview:-1\" \/>\n<meta property=\"og:locale\" content=\"fr_FR\" \/>\n<meta property=\"og:type\" content=\"article\" \/>\n<meta property=\"og:title\" content=\"Utilitaires - VisualARQ\" \/>\n<meta property=\"og:description\" content=\"Utilitaires Cette page propose des outils compl\u00e9mentaires pour VisualARQ qui peuvent vous aider \u00e0 travailler plus rapidement et \u00e0 automatiser diff\u00e9rentes t\u00e2ches de mod\u00e9lisation. La plupart de ces outils sont des d\u00e9finitions de Grasshopper gratuites (disponibles sur le site food4Rhino) pouvant \u00eatre utilis\u00e9es avec des connaissances minimales de Grasshopper. Cr\u00e9ation de plusieurs niveaux G\u00e9n\u00e9rez un [&hellip;]\" \/>\n<meta property=\"og:url\" content=\"https:\/\/stg.visualarq.com\/fr\/download\/utilities\/\" \/>\n<meta property=\"og:site_name\" content=\"VisualARQ\" \/>\n<meta property=\"article:publisher\" content=\"https:\/\/www.facebook.com\/visualarq\" \/>\n<meta property=\"article:modified_time\" content=\"2023-11-24T14:18:24+00:00\" \/>\n<meta property=\"og:image\" content=\"https:\/\/stg.visualarq.com\/wp-content\/uploads\/2022\/06\/LevelManagerMultipleLevels_300.png\" \/>\n<meta name=\"twitter:card\" content=\"summary_large_image\" \/>\n<meta name=\"twitter:site\" content=\"@VisualARQ\" \/>\n<meta name=\"twitter:label1\" content=\"Dur\u00e9e de lecture estim\u00e9e\" \/>\n\t<meta name=\"twitter:data1\" content=\"2 minutes\" \/>\n<script type=\"application\/ld+json\" class=\"yoast-schema-graph\">{\"@context\":\"https:\/\/schema.org\",\"@graph\":[{\"@type\":\"WebPage\",\"@id\":\"https:\/\/stg.visualarq.com\/fr\/download\/utilities\/\",\"url\":\"https:\/\/stg.visualarq.com\/fr\/download\/utilities\/\",\"name\":\"Utilitaires - VisualARQ\",\"isPartOf\":{\"@id\":\"https:\/\/stg.visualarq.com\/fr\/#website\"},\"primaryImageOfPage\":{\"@id\":\"https:\/\/stg.visualarq.com\/fr\/download\/utilities\/#primaryimage\"},\"image\":{\"@id\":\"https:\/\/stg.visualarq.com\/fr\/download\/utilities\/#primaryimage\"},\"thumbnailUrl\":\"https:\/\/stg.visualarq.com\/wp-content\/uploads\/2022\/06\/LevelManagerMultipleLevels_300.png\",\"datePublished\":\"2022-06-09T09:37:00+00:00\",\"dateModified\":\"2023-11-24T14:18:24+00:00\",\"breadcrumb\":{\"@id\":\"https:\/\/stg.visualarq.com\/fr\/download\/utilities\/#breadcrumb\"},\"inLanguage\":\"fr-FR\",\"potentialAction\":[{\"@type\":\"ReadAction\",\"target\":[\"https:\/\/stg.visualarq.com\/fr\/download\/utilities\/\"]}]},{\"@type\":\"ImageObject\",\"inLanguage\":\"fr-FR\",\"@id\":\"https:\/\/stg.visualarq.com\/fr\/download\/utilities\/#primaryimage\",\"url\":\"https:\/\/stg.visualarq.com\/wp-content\/uploads\/2022\/06\/LevelManagerMultipleLevels_300.png\",\"contentUrl\":\"https:\/\/stg.visualarq.com\/wp-content\/uploads\/2022\/06\/LevelManagerMultipleLevels_300.png\"},{\"@type\":\"BreadcrumbList\",\"@id\":\"https:\/\/stg.visualarq.com\/fr\/download\/utilities\/#breadcrumb\",\"itemListElement\":[{\"@type\":\"ListItem\",\"position\":1,\"name\":\"Home\",\"item\":\"https:\/\/stg.visualarq.com\/fr\/home\/\"},{\"@type\":\"ListItem\",\"position\":2,\"name\":\"T\u00e9l\u00e9charger\",\"item\":\"https:\/\/stg.visualarq.com\/fr\/download\/\"},{\"@type\":\"ListItem\",\"position\":3,\"name\":\"Utilitaires\"}]},{\"@type\":\"WebSite\",\"@id\":\"https:\/\/stg.visualarq.com\/fr\/#website\",\"url\":\"https:\/\/stg.visualarq.com\/fr\/\",\"name\":\"VisualARQ\",\"description\":\"Flexible BIM for Rhino\",\"potentialAction\":[{\"@type\":\"SearchAction\",\"target\":{\"@type\":\"EntryPoint\",\"urlTemplate\":\"https:\/\/stg.visualarq.com\/fr\/?s={search_term_string}\"},\"query-input\":{\"@type\":\"PropertyValueSpecification\",\"valueRequired\":true,\"valueName\":\"search_term_string\"}}],\"inLanguage\":\"fr-FR\"}]}<\/script>\n<!-- \/ Yoast SEO plugin. -->","yoast_head_json":{"title":"Utilitaires - VisualARQ","robots":{"index":"noindex","follow":"follow","max-snippet":"max-snippet:-1","max-image-preview":"max-image-preview:large","max-video-preview":"max-video-preview:-1"},"og_locale":"fr_FR","og_type":"article","og_title":"Utilitaires - VisualARQ","og_description":"Utilitaires Cette page propose des outils compl\u00e9mentaires pour VisualARQ qui peuvent vous aider \u00e0 travailler plus rapidement et \u00e0 automatiser diff\u00e9rentes t\u00e2ches de mod\u00e9lisation. La plupart de ces outils sont des d\u00e9finitions de Grasshopper gratuites (disponibles sur le site food4Rhino) pouvant \u00eatre utilis\u00e9es avec des connaissances minimales de Grasshopper. Cr\u00e9ation de plusieurs niveaux G\u00e9n\u00e9rez un [&hellip;]","og_url":"https:\/\/stg.visualarq.com\/fr\/download\/utilities\/","og_site_name":"VisualARQ","article_publisher":"https:\/\/www.facebook.com\/visualarq","article_modified_time":"2023-11-24T14:18:24+00:00","og_image":[{"url":"https:\/\/stg.visualarq.com\/wp-content\/uploads\/2022\/06\/LevelManagerMultipleLevels_300.png","type":"","width":"","height":""}],"twitter_card":"summary_large_image","twitter_site":"@VisualARQ","twitter_misc":{"Dur\u00e9e de lecture estim\u00e9e":"2 minutes"},"schema":{"@context":"https:\/\/schema.org","@graph":[{"@type":"WebPage","@id":"https:\/\/stg.visualarq.com\/fr\/download\/utilities\/","url":"https:\/\/stg.visualarq.com\/fr\/download\/utilities\/","name":"Utilitaires - VisualARQ","isPartOf":{"@id":"https:\/\/stg.visualarq.com\/fr\/#website"},"primaryImageOfPage":{"@id":"https:\/\/stg.visualarq.com\/fr\/download\/utilities\/#primaryimage"},"image":{"@id":"https:\/\/stg.visualarq.com\/fr\/download\/utilities\/#primaryimage"},"thumbnailUrl":"https:\/\/stg.visualarq.com\/wp-content\/uploads\/2022\/06\/LevelManagerMultipleLevels_300.png","datePublished":"2022-06-09T09:37:00+00:00","dateModified":"2023-11-24T14:18:24+00:00","breadcrumb":{"@id":"https:\/\/stg.visualarq.com\/fr\/download\/utilities\/#breadcrumb"},"inLanguage":"fr-FR","potentialAction":[{"@type":"ReadAction","target":["https:\/\/stg.visualarq.com\/fr\/download\/utilities\/"]}]},{"@type":"ImageObject","inLanguage":"fr-FR","@id":"https:\/\/stg.visualarq.com\/fr\/download\/utilities\/#primaryimage","url":"https:\/\/stg.visualarq.com\/wp-content\/uploads\/2022\/06\/LevelManagerMultipleLevels_300.png","contentUrl":"https:\/\/stg.visualarq.com\/wp-content\/uploads\/2022\/06\/LevelManagerMultipleLevels_300.png"},{"@type":"BreadcrumbList","@id":"https:\/\/stg.visualarq.com\/fr\/download\/utilities\/#breadcrumb","itemListElement":[{"@type":"ListItem","position":1,"name":"Home","item":"https:\/\/stg.visualarq.com\/fr\/home\/"},{"@type":"ListItem","position":2,"name":"T\u00e9l\u00e9charger","item":"https:\/\/stg.visualarq.com\/fr\/download\/"},{"@type":"ListItem","position":3,"name":"Utilitaires"}]},{"@type":"WebSite","@id":"https:\/\/stg.visualarq.com\/fr\/#website","url":"https:\/\/stg.visualarq.com\/fr\/","name":"VisualARQ","description":"Flexible BIM for Rhino","potentialAction":[{"@type":"SearchAction","target":{"@type":"EntryPoint","urlTemplate":"https:\/\/stg.visualarq.com\/fr\/?s={search_term_string}"},"query-input":{"@type":"PropertyValueSpecification","valueRequired":true,"valueName":"search_term_string"}}],"inLanguage":"fr-FR"}]}},"_links":{"self":[{"href":"https:\/\/stg.visualarq.com\/fr\/wp-json\/wp\/v2\/pages\/28157","targetHints":{"allow":["GET"]}}],"collection":[{"href":"https:\/\/stg.visualarq.com\/fr\/wp-json\/wp\/v2\/pages"}],"about":[{"href":"https:\/\/stg.visualarq.com\/fr\/wp-json\/wp\/v2\/types\/page"}],"author":[{"embeddable":true,"href":"https:\/\/stg.visualarq.com\/fr\/wp-json\/wp\/v2\/users\/6"}],"replies":[{"embeddable":true,"href":"https:\/\/stg.visualarq.com\/fr\/wp-json\/wp\/v2\/comments?post=28157"}],"version-history":[{"count":0,"href":"https:\/\/stg.visualarq.com\/fr\/wp-json\/wp\/v2\/pages\/28157\/revisions"}],"up":[{"embeddable":true,"href":"https:\/\/stg.visualarq.com\/fr\/wp-json\/wp\/v2\/pages\/11160"}],"wp:attachment":[{"href":"https:\/\/stg.visualarq.com\/fr\/wp-json\/wp\/v2\/media?parent=28157"}],"curies":[{"name":"wp","href":"https:\/\/api.w.org\/{rel}","templated":true}]}}