{"id":32415,"date":"2024-01-10T11:31:24","date_gmt":"2024-01-10T11:31:24","guid":{"rendered":"https:\/\/stg.visualarq.com\/?page_id=32415"},"modified":"2024-08-28T14:32:31","modified_gmt":"2024-08-28T14:32:31","slug":"rhino8","status":"publish","type":"page","link":"https:\/\/stg.visualarq.com\/fr\/download\/beta\/rhino8\/","title":{"rendered":"Rhinoceros 8"},"content":{"rendered":"\n<h1 class=\"wp-block-heading\">Merci d&rsquo;avoir t\u00e9l\u00e9charg\u00e9 VisualARQ 3 B\u00eata<\/h1>\n\n<p>Le t\u00e9l\u00e9chargement de <strong>VisualARQ 3 pour Rhinoceros 8<\/strong> commencera dans quelques secondes. Si le t\u00e9l\u00e9chargement ne commence pas automatiquement, <a href=\"[download-link]\">cliquez ici<\/a>.<\/p>\n\n<h2 class=\"wp-block-heading\">Conditions requises<\/h2>\n\n<ul class=\"wp-block-list\">\n<li>Windows 10 \/ 11 (64-bit)<\/li>\n\n\n\n<li>Rhino 8  (<a href=\"https:\/\/www.rhino3d.com\/download\/rhino-for-windows\/8\/latest\">ou une version ult\u00e9rieure<\/a>)<\/li>\n<\/ul>\n\n\n<p><\/p>\n\n<h2 class=\"wp-block-heading\">Instructions d&rsquo;installation<\/h2>\n\n<ul class=\"wp-block-list\">\n<li>Suivez les instructions \u00e0 l&rsquo;\u00e9cran pour enregistrer le fichier sur votre disque dur.<\/li>\n\n\n\n<li>Fermez toutes les sessions de Rhinoceros en cours. <\/li>\n\n\n\n<li>Si une version pr\u00e9c\u00e9dente de VisualARQ est d\u00e9j\u00e0 install\u00e9e, veuillez la d\u00e9sinstaller en utilisant l&rsquo;option \u00ab\u00a0Ajouter ou supprimer des programmes\u00a0\u00bb dans le panneau de configuration de Windows\u00ae. <\/li>\n\n\n\n<li>Lancez le fichier que vous avez t\u00e9l\u00e9charg\u00e9 et suivez les instructions \u00e0 l&rsquo;\u00e9cran. <\/li>\n\n\n\n<li>Si n\u00e9cessaire, red\u00e9marrez votre ordinateur avant de lancer Rhinoceros.<\/li>\n<\/ul>\n\n<p><\/p>\n\n<h2 class=\"wp-block-heading\">Validation<\/h2>\n\n<p>VisualARQ 3 n\u00e9cessite une licence VisualARQ 2 pour fonctionner. Si vous avez d\u00e9j\u00e0 valid\u00e9 VisualARQ 2 sur le poste o\u00f9 vous avez install\u00e9 VisualARQ 3, Rhino d\u00e9tectera automatiquement la licence. Si ce n&rsquo;est pas le cas, vous devrez valider VisualARQ en tapant la commande <strong><em>_vaLicense<\/em><\/strong> et en suivant les instructions.<\/p>\n\n<p><\/p>\n\n<h2 class=\"wp-block-heading\">Fichiers<\/h2>\n\n<ul class=\"wp-block-list\">\n<li>VisualARQ 3 ouvre les fichiers enregistr\u00e9s avec VisualARQ 2 et VisualARQ 1.<\/li>\n\n\n\n<li>Les fichiers enregistr\u00e9s avec VisualARQ 3 ne fonctionneront pas correctement sur Rhino avec VisualARQ 2.<\/li>\n<\/ul>\n\n<p><\/p>\n\n<h2 class=\"wp-block-heading\">Nouvelles fonctions<\/h2>\n\n<p>Consultez la liste compl\u00e8te des nouvelles fonctions et am\u00e9liorations sur la page des <a href=\"http:\/\/stg.visualarq.com\/features\/v3\/\">Nouveaut\u00e9s<\/a>.<\/p>\n","protected":false},"excerpt":{"rendered":"<p>Merci d&rsquo;avoir t\u00e9l\u00e9charg\u00e9 VisualARQ 3 B\u00eata Le t\u00e9l\u00e9chargement de VisualARQ 3 pour Rhinoceros 8 commencera dans quelques secondes. Si le t\u00e9l\u00e9chargement ne commence pas automatiquement, cliquez ici. Conditions requises Instructions d&rsquo;installation Validation VisualARQ 3 n\u00e9cessite une licence VisualARQ 2 pour fonctionner. Si vous avez d\u00e9j\u00e0 valid\u00e9 VisualARQ 2 sur le poste o\u00f9 vous avez install\u00e9 [&hellip;]<\/p>\n","protected":false},"author":6,"featured_media":0,"parent":33208,"menu_order":0,"comment_status":"closed","ping_status":"closed","template":"page-download.php","meta":{"_et_pb_use_builder":"","_et_pb_old_content":"","_et_gb_content_width":"","footnotes":""},"class_list":["post-32415","page","type-page","status-publish","hentry"],"yoast_head":"<!-- This site is optimized with the Yoast SEO plugin v27.3 - https:\/\/yoast.com\/product\/yoast-seo-wordpress\/ -->\n<title>Rhinoceros 8 - VisualARQ<\/title>\n<meta name=\"robots\" content=\"noindex, follow, max-snippet:-1, max-image-preview:large, max-video-preview:-1\" \/>\n<meta property=\"og:locale\" content=\"fr_FR\" \/>\n<meta property=\"og:type\" content=\"article\" \/>\n<meta property=\"og:title\" content=\"Rhinoceros 8 - VisualARQ\" \/>\n<meta property=\"og:description\" content=\"Merci d&rsquo;avoir t\u00e9l\u00e9charg\u00e9 VisualARQ 3 B\u00eata Le t\u00e9l\u00e9chargement de VisualARQ 3 pour Rhinoceros 8 commencera dans quelques secondes. Si le t\u00e9l\u00e9chargement ne commence pas automatiquement, cliquez ici. Conditions requises Instructions d&rsquo;installation Validation VisualARQ 3 n\u00e9cessite une licence VisualARQ 2 pour fonctionner. Si vous avez d\u00e9j\u00e0 valid\u00e9 VisualARQ 2 sur le poste o\u00f9 vous avez install\u00e9 [&hellip;]\" \/>\n<meta property=\"og:url\" content=\"https:\/\/stg.visualarq.com\/fr\/download\/beta\/rhino8\/\" \/>\n<meta property=\"og:site_name\" content=\"VisualARQ\" \/>\n<meta property=\"article:publisher\" content=\"https:\/\/www.facebook.com\/visualarq\" \/>\n<meta property=\"article:modified_time\" content=\"2024-08-28T14:32:31+00:00\" \/>\n<meta name=\"twitter:card\" content=\"summary_large_image\" \/>\n<meta name=\"twitter:site\" content=\"@VisualARQ\" \/>\n<meta name=\"twitter:label1\" content=\"Dur\u00e9e de lecture estim\u00e9e\" \/>\n\t<meta name=\"twitter:data1\" content=\"1 minute\" \/>\n<script type=\"application\/ld+json\" class=\"yoast-schema-graph\">{\"@context\":\"https:\\\/\\\/schema.org\",\"@graph\":[{\"@type\":\"WebPage\",\"@id\":\"https:\\\/\\\/stg.visualarq.com\\\/fr\\\/download\\\/beta\\\/rhino8\\\/\",\"url\":\"https:\\\/\\\/stg.visualarq.com\\\/fr\\\/download\\\/beta\\\/rhino8\\\/\",\"name\":\"Rhinoceros 8 - VisualARQ\",\"isPartOf\":{\"@id\":\"https:\\\/\\\/stg.visualarq.com\\\/fr\\\/#website\"},\"datePublished\":\"2024-01-10T11:31:24+00:00\",\"dateModified\":\"2024-08-28T14:32:31+00:00\",\"breadcrumb\":{\"@id\":\"https:\\\/\\\/stg.visualarq.com\\\/fr\\\/download\\\/beta\\\/rhino8\\\/#breadcrumb\"},\"inLanguage\":\"fr-FR\",\"potentialAction\":[{\"@type\":\"ReadAction\",\"target\":[\"https:\\\/\\\/stg.visualarq.com\\\/fr\\\/download\\\/beta\\\/rhino8\\\/\"]}]},{\"@type\":\"BreadcrumbList\",\"@id\":\"https:\\\/\\\/stg.visualarq.com\\\/fr\\\/download\\\/beta\\\/rhino8\\\/#breadcrumb\",\"itemListElement\":[{\"@type\":\"ListItem\",\"position\":1,\"name\":\"Home\",\"item\":\"https:\\\/\\\/stg.visualarq.com\\\/fr\\\/home\\\/\"},{\"@type\":\"ListItem\",\"position\":2,\"name\":\"T\u00e9l\u00e9charger\",\"item\":\"https:\\\/\\\/stg.visualarq.com\\\/fr\\\/download\\\/\"},{\"@type\":\"ListItem\",\"position\":3,\"name\":\"B\u00eata\",\"item\":\"https:\\\/\\\/stg.visualarq.com\\\/fr\\\/download\\\/beta\\\/\"},{\"@type\":\"ListItem\",\"position\":4,\"name\":\"Rhinoceros 8\"}]},{\"@type\":\"WebSite\",\"@id\":\"https:\\\/\\\/stg.visualarq.com\\\/fr\\\/#website\",\"url\":\"https:\\\/\\\/stg.visualarq.com\\\/fr\\\/\",\"name\":\"VisualARQ\",\"description\":\"Flexible BIM for Rhino\",\"potentialAction\":[{\"@type\":\"SearchAction\",\"target\":{\"@type\":\"EntryPoint\",\"urlTemplate\":\"https:\\\/\\\/stg.visualarq.com\\\/fr\\\/?s={search_term_string}\"},\"query-input\":{\"@type\":\"PropertyValueSpecification\",\"valueRequired\":true,\"valueName\":\"search_term_string\"}}],\"inLanguage\":\"fr-FR\"}]}<\/script>\n<!-- \/ Yoast SEO plugin. -->","yoast_head_json":{"title":"Rhinoceros 8 - VisualARQ","robots":{"index":"noindex","follow":"follow","max-snippet":"max-snippet:-1","max-image-preview":"max-image-preview:large","max-video-preview":"max-video-preview:-1"},"og_locale":"fr_FR","og_type":"article","og_title":"Rhinoceros 8 - VisualARQ","og_description":"Merci d&rsquo;avoir t\u00e9l\u00e9charg\u00e9 VisualARQ 3 B\u00eata Le t\u00e9l\u00e9chargement de VisualARQ 3 pour Rhinoceros 8 commencera dans quelques secondes. Si le t\u00e9l\u00e9chargement ne commence pas automatiquement, cliquez ici. Conditions requises Instructions d&rsquo;installation Validation VisualARQ 3 n\u00e9cessite une licence VisualARQ 2 pour fonctionner. Si vous avez d\u00e9j\u00e0 valid\u00e9 VisualARQ 2 sur le poste o\u00f9 vous avez install\u00e9 [&hellip;]","og_url":"https:\/\/stg.visualarq.com\/fr\/download\/beta\/rhino8\/","og_site_name":"VisualARQ","article_publisher":"https:\/\/www.facebook.com\/visualarq","article_modified_time":"2024-08-28T14:32:31+00:00","twitter_card":"summary_large_image","twitter_site":"@VisualARQ","twitter_misc":{"Dur\u00e9e de lecture estim\u00e9e":"1 minute"},"schema":{"@context":"https:\/\/schema.org","@graph":[{"@type":"WebPage","@id":"https:\/\/stg.visualarq.com\/fr\/download\/beta\/rhino8\/","url":"https:\/\/stg.visualarq.com\/fr\/download\/beta\/rhino8\/","name":"Rhinoceros 8 - VisualARQ","isPartOf":{"@id":"https:\/\/stg.visualarq.com\/fr\/#website"},"datePublished":"2024-01-10T11:31:24+00:00","dateModified":"2024-08-28T14:32:31+00:00","breadcrumb":{"@id":"https:\/\/stg.visualarq.com\/fr\/download\/beta\/rhino8\/#breadcrumb"},"inLanguage":"fr-FR","potentialAction":[{"@type":"ReadAction","target":["https:\/\/stg.visualarq.com\/fr\/download\/beta\/rhino8\/"]}]},{"@type":"BreadcrumbList","@id":"https:\/\/stg.visualarq.com\/fr\/download\/beta\/rhino8\/#breadcrumb","itemListElement":[{"@type":"ListItem","position":1,"name":"Home","item":"https:\/\/stg.visualarq.com\/fr\/home\/"},{"@type":"ListItem","position":2,"name":"T\u00e9l\u00e9charger","item":"https:\/\/stg.visualarq.com\/fr\/download\/"},{"@type":"ListItem","position":3,"name":"B\u00eata","item":"https:\/\/stg.visualarq.com\/fr\/download\/beta\/"},{"@type":"ListItem","position":4,"name":"Rhinoceros 8"}]},{"@type":"WebSite","@id":"https:\/\/stg.visualarq.com\/fr\/#website","url":"https:\/\/stg.visualarq.com\/fr\/","name":"VisualARQ","description":"Flexible BIM for Rhino","potentialAction":[{"@type":"SearchAction","target":{"@type":"EntryPoint","urlTemplate":"https:\/\/stg.visualarq.com\/fr\/?s={search_term_string}"},"query-input":{"@type":"PropertyValueSpecification","valueRequired":true,"valueName":"search_term_string"}}],"inLanguage":"fr-FR"}]}},"_links":{"self":[{"href":"https:\/\/stg.visualarq.com\/fr\/wp-json\/wp\/v2\/pages\/32415","targetHints":{"allow":["GET"]}}],"collection":[{"href":"https:\/\/stg.visualarq.com\/fr\/wp-json\/wp\/v2\/pages"}],"about":[{"href":"https:\/\/stg.visualarq.com\/fr\/wp-json\/wp\/v2\/types\/page"}],"author":[{"embeddable":true,"href":"https:\/\/stg.visualarq.com\/fr\/wp-json\/wp\/v2\/users\/6"}],"replies":[{"embeddable":true,"href":"https:\/\/stg.visualarq.com\/fr\/wp-json\/wp\/v2\/comments?post=32415"}],"version-history":[{"count":0,"href":"https:\/\/stg.visualarq.com\/fr\/wp-json\/wp\/v2\/pages\/32415\/revisions"}],"up":[{"embeddable":true,"href":"https:\/\/stg.visualarq.com\/fr\/wp-json\/wp\/v2\/pages\/33208"}],"wp:attachment":[{"href":"https:\/\/stg.visualarq.com\/fr\/wp-json\/wp\/v2\/media?parent=32415"}],"curies":[{"name":"wp","href":"https:\/\/api.w.org\/{rel}","templated":true}]}}