{"id":39240,"date":"2024-09-04T13:52:37","date_gmt":"2024-09-04T13:52:37","guid":{"rendered":"https:\/\/stg.visualarq.com\/revendeur\/"},"modified":"2026-01-08T08:45:03","modified_gmt":"2026-01-08T08:45:03","slug":"reseller","status":"publish","type":"page","link":"https:\/\/stg.visualarq.com\/fr\/reseller\/","title":{"rendered":"Revendeur"},"content":{"rendered":"[et_pb_section fb_built=\u00a0\u00bb1&Prime; _builder_version=\u00a0\u00bb4.16&Prime; da_disable_devices=\u00a0\u00bboff|off|off\u00a0\u00bb global_colors_info=\u00a0\u00bb{}\u00a0\u00bb da_is_popup=\u00a0\u00bboff\u00a0\u00bb da_exit_intent=\u00a0\u00bboff\u00a0\u00bb da_has_close=\u00a0\u00bbon\u00a0\u00bb da_alt_close=\u00a0\u00bboff\u00a0\u00bb da_dark_close=\u00a0\u00bboff\u00a0\u00bb da_not_modal=\u00a0\u00bbon\u00a0\u00bb da_is_singular=\u00a0\u00bboff\u00a0\u00bb da_with_loader=\u00a0\u00bboff\u00a0\u00bb da_has_shadow=\u00a0\u00bbon\u00a0\u00bb][et_pb_row _builder_version=\u00a0\u00bb4.16&Prime; global_colors_info=\u00a0\u00bb{}\u00a0\u00bb][et_pb_column type=\u00a0\u00bb4_4&Prime; _builder_version=\u00a0\u00bb4.16&Prime; global_colors_info=\u00a0\u00bb{}\u00a0\u00bb][et_pb_post_title meta=\u00a0\u00bboff\u00a0\u00bb featured_image=\u00a0\u00bboff\u00a0\u00bb _builder_version=\u00a0\u00bb4.16&Prime; global_colors_info=\u00a0\u00bb{}\u00a0\u00bb][\/et_pb_post_title][et_pb_text ul_item_indent=\u00a0\u00bb8px\u00a0\u00bb admin_label=\u00a0\u00bbMenu\u00a0\u00bb _builder_version=\u00a0\u00bb4.27.0&Prime; global_colors_info=\u00a0\u00bb{}\u00a0\u00bb]<ul>\n<li><strong><a href=\"#newreseller\">Nouveaux revendeurs<\/a><\/strong><\/li>\n<li><strong><a href=\"#rsk\">Kit de d\u00e9marrage pour revendeur<\/a><\/strong><\/li>\n<li><strong><a href=\"#ordering\">Commande et prix de vente<\/a><\/strong><\/li>\n<li><strong><a href=\"#discounts\">Remises pour les revendeurs<\/a><\/strong><\/li>\n<li><strong><a href=\"#marketing\">Marketing<\/a><\/strong><\/li>\n<\/ul>[\/et_pb_text][et_pb_divider _builder_version=\u00a0\u00bb4.16&Prime; global_colors_info=\u00a0\u00bb{}\u00a0\u00bb][\/et_pb_divider][et_pb_text admin_label=\u00a0\u00bbNew Resellers\u00a0\u00bb module_id=\u00a0\u00bbnewreseller\u00a0\u00bb _builder_version=\u00a0\u00bb4.27.0&Prime; global_colors_info=\u00a0\u00bb{}\u00a0\u00bb]<h2><strong>Nouveaux revendeurs<\/strong><\/h2>\n<p>Si vous souhaitez devenir revendeur officiel de VisualARQ, ce qui suit vous concerne.<\/p>\n<p><strong>Nous vous demandons de\u00a0:<\/strong><\/p>\n<ol>\n<li>Lire les <strong>conditions<\/strong>\u00a0:\n<ul>\n<li>Les revendeurs doivent veiller \u00e0 ce que les informations sur VisualARQ qu\u2019ils publient sur leur site Internet soient constamment \u00e0 jour.<\/li>\n<li>Nous offrons une garantie 100\u00a0% satisfait. Nous attendons des revendeurs qu\u2019ils offrent la m\u00eame chose.<\/li>\n<li>Nous incluons un service d\u2019assistance technique illimit\u00e9e pour les revendeurs et les utilisateurs.<\/li>\n<li>Les revendeurs peuvent vendre nos produits aux utilisateurs finaux ou \u00e0 d\u2019autres revendeurs dans leur pays (Pour vendre en dehors de votre pays, veuillez contacter AsuniCAD).<\/li>\n<\/ul>\n<\/li>\n<li>Remplir le formulaire d\u2019<strong><a href=\"https:\/\/stg.visualarq.com\/fr\/reseller\/application-form\/\">inscription pour revendeur<\/a>.<\/strong><\/li>\n<li>Organiser une r\u00e9union en ligne avec un membre de l\u2019\u00e9quipe d\u2019Asuni pour voir une d\u00e9monstration compl\u00e8te de VisualARQ. Envoyez un e-mail \u00e0 <a href=\"mailto:landsdesign@asuni.com\">visualarq@asuni.com<\/a> pour organiser cette r\u00e9union.<\/li>\n<li>Commander un <strong>Kit de d\u00e9marrage pour revendeur<\/strong> de VisualARQ dans la boutique d\u2019Asuni (les informations de connexion vous seront communiqu\u00e9es apr\u00e8s avoir rempli le formulaire d\u2019inscription). Cela n\u2019est pas obligatoire si vous \u00eates d\u00e9j\u00e0 revendeur de Lands Design.<\/li>\n<li>Actualiser votre site Internet en publiant des informations \u00e0 propos de VisualARQ. Pour cela, utilisez le <a href=\"#marketing\">mat\u00e9riel de marketing<\/a>.<\/li>\n<\/ol>\n<p><strong>Ce que nous vous offrons<\/strong><\/p>\n<ul>\n<li>Vos coordonn\u00e9es sont publi\u00e9es sur la <a href=\"https:\/\/stg.visualarq.com\/fr\/sales\/\">page de vente<\/a> de notre site Internet pour que nos clients puissent vous trouver.<\/li>\n<li>Nous vous soutenons lors de vos \u00e9v\u00e9nements, pour vos bulletins d\u2019information et toute autre strat\u00e9gie de marketing.<\/li>\n<li>Nous restons \u00e0 votre disposition pour toute demande d\u2019assistance.<\/li>\n<li>Une licence LAB de VisualARQ interdite \u00e0 la revente (comprise dans le Kit pour revendeur).<\/li>\n<li>Une licence LAB de Lands Design interdite \u00e0 la revente.<\/li>\n<\/ul>[\/et_pb_text][et_pb_divider _builder_version=\u00a0\u00bb4.16&Prime; global_colors_info=\u00a0\u00bb{}\u00a0\u00bb][\/et_pb_divider][et_pb_text admin_label=\u00a0\u00bbReseller Starter Kit\u00a0\u00bb module_id=\u00a0\u00bbrsk\u00a0\u00bb _builder_version=\u00a0\u00bb4.27.0&Prime; global_colors_info=\u00a0\u00bb{}\u00a0\u00bb]<h2><strong>Kit de d\u00e9marrage pour revendeur<\/strong><\/h2>\n<p>Le kit de d\u00e9marrage pour revendeur de VisualARQ co\u00fbte US$795 et comprend\u00a0:<\/p>\n<ul>\n<li>Une version LAB de VisualARQ <strong>interdite \u00e0 la revente<\/strong> pour vous.<\/li>\n<li>Une version LAB de Lands Design <strong>interdite \u00e0 la revente<\/strong> pour vous.<\/li>\n<li>Deux versions commerciales de VisualARQ <strong>pour la revente<\/strong>.<\/li>\n<\/ul>[\/et_pb_text][et_pb_divider _builder_version=\u00a0\u00bb4.16&Prime; global_colors_info=\u00a0\u00bb{}\u00a0\u00bb][\/et_pb_divider][et_pb_text admin_label=\u00a0\u00bbOrdering\u00a0\u00bb module_id=\u00a0\u00bbordering\u00a0\u00bb _builder_version=\u00a0\u00bb4.27.0&Prime; global_colors_info=\u00a0\u00bb{}\u00a0\u00bb]<h2><strong>Commande et prix de vente<\/strong><\/h2>\n<p>R\u00e9serv\u00e9 aux revendeurs. Les commandes de VisualARQ sont g\u00e9r\u00e9es en ligne \u00e0 travers la <strong><a href=\"https:\/\/shop.asuni.com\/\">boutique d\u2019Asuni<\/a><\/strong>. La boutique d\u2019Asuni calcule les remises pour les revendeurs en fonction de la quantit\u00e9 command\u00e9e et permet de payer par carte bancaire ou virement. Vous recevrez un nom d\u2019utilisateur et un mot de passe d\u00e8s que vous deviendrez revendeur de VisualARQ.<\/p>\n<p>Rendez-vous sur le site de la <strong><a href=\"https:\/\/shop.asuni.com\/\">boutique d\u2019Asuni<\/a><\/strong>.<\/p>\n<p>Liste des prix de VisualARQ <a href=\"https:\/\/stg.visualarq.com\/fr\/sales\/\">ici<\/a>.<\/p>[\/et_pb_text][et_pb_divider _builder_version=\u00a0\u00bb4.16&Prime; global_colors_info=\u00a0\u00bb{}\u00a0\u00bb][\/et_pb_divider][et_pb_text admin_label=\u00a0\u00bbDiscounts\u00a0\u00bb module_id=\u00a0\u00bbdiscounts\u00a0\u00bb _builder_version=\u00a0\u00bb4.27.0&Prime; global_colors_info=\u00a0\u00bb{}\u00a0\u00bb]<h2><strong>Remises<\/strong><\/h2>\n<p>Les remises pour les revendeurs sont calcul\u00e9es en fonction des quantit\u00e9s command\u00e9es\u00a0:<\/p>\n<table id=\"table1\" border=\"0\" cellspacing=\"0\" cellpadding=\"0\">\n<tbody>\n<tr>\n<td colspan=\"2\" valign=\"top\"><strong>Licences \u00e9ducation et commerciales<\/strong><\/td>\n<\/tr>\n<tr>\n<td valign=\"top\">Quantit\u00e9<\/td>\n<td valign=\"top\">Remise<\/td>\n<\/tr>\n<tr>\n<td valign=\"top\">1<\/td>\n<td valign=\"top\">15\u00a0%<\/td>\n<\/tr>\n<tr>\n<td valign=\"top\">2-9<\/td>\n<td valign=\"top\">25\u00a0%<\/td>\n<\/tr>\n<tr>\n<td valign=\"top\">10+<\/td>\n<td valign=\"top\">35\u00a0%<\/td>\n<\/tr>\n<\/tbody>\n<\/table>\n<p>\u00a0<\/p>\n<table id=\"table1\" border=\"0\" cellspacing=\"0\" cellpadding=\"0\">\n<tbody>\n<tr>\n<td colspan=\"2\" valign=\"top\"><strong>Licences Lab et Kits \u00e9coles\u00a0<\/strong><\/td>\n<\/tr>\n<tr>\n<td valign=\"top\">Quantit\u00e9<\/td>\n<td valign=\"top\">Remise<\/td>\n<\/tr>\n<tr>\n<td valign=\"top\">1+<\/td>\n<td valign=\"top\">30\u00a0%<\/td>\n<\/tr>\n<\/tbody>\n<\/table>\n<p>\u00a0<\/p>[\/et_pb_text][et_pb_divider _builder_version=\u00a0\u00bb4.16&Prime; global_colors_info=\u00a0\u00bb{}\u00a0\u00bb][\/et_pb_divider][et_pb_text admin_label=\u00a0\u00bbMarketing\u00a0\u00bb module_id=\u00a0\u00bbmarketing\u00a0\u00bb _builder_version=\u00a0\u00bb4.27.4&Prime; hover_enabled=\u00a0\u00bb0&Prime; global_colors_info=\u00a0\u00bb{}\u00a0\u00bb sticky_enabled=\u00a0\u00bb0&Prime;]<h2><strong>Marketing<\/strong><\/h2>\n<p>Du mat\u00e9riel de marketing est mis \u00e0 votre disposition pour votre site Internet, vos d\u00e9monstrations et vos pr\u00e9sentations\u00a0:<\/p>\n<h4>Brochures<\/h4>\n<ul class='post-list'><li class='post'>\t<a href='\/wp-content\/uploads\/sites\/2\/marketing\/brochures\/VisualARQ 2-Flyer-2017_en.pdf' title='VisualARQ 2-Flyer-2017_en.pdf' download>VisualARQ 2-Flyer-2017_en.pdf\t<\/a><\/li><\/ul>\n<h4>Logos<\/h4>\n<ul class='post-list'><li class='post'>\t<a href='\/wp-content\/uploads\/sites\/2\/marketing\/logos\/VA 2 Icon 1000.png' title='VA 2 Icon 1000.png' download>VA 2 Icon 1000.png\t<\/a><\/li><li class='post'>\t<a href='\/wp-content\/uploads\/sites\/2\/marketing\/logos\/VisualARQ 2 Components for GH.png' title='VisualARQ 2 Components for GH.png' download>VisualARQ 2 Components for GH.png\t<\/a><\/li><li class='post'>\t<a href='\/wp-content\/uploads\/sites\/2\/marketing\/logos\/VisualARQ 2 Logo 3 500.png' title='VisualARQ 2 Logo 3 500.png' download>VisualARQ 2 Logo 3 500.png\t<\/a><\/li><li class='post'>\t<a href='\/wp-content\/uploads\/sites\/2\/marketing\/logos\/VisualARQ 2 logo 1500.png' title='VisualARQ 2 logo 1500.png' download>VisualARQ 2 logo 1500.png\t<\/a><\/li><li class='post'>\t<a href='\/wp-content\/uploads\/sites\/2\/marketing\/logos\/DEF_VisualARQ.ai' title='DEF_VisualARQ.ai' download>DEF_VisualARQ.ai\t<\/a><\/li><\/ul>\n<h4>Images<\/h4>\n<ul class='post-list'><li class='post'>\t<a href='\/wp-content\/uploads\/sites\/2\/marketing\/images\/MEDIATIC Section L7 VisualARQ2.jpg' title='MEDIATIC Section L7 VisualARQ2.jpg' download>MEDIATIC Section L7 VisualARQ2.jpg\t<\/a><\/li><li class='post'>\t<a href='\/wp-content\/uploads\/sites\/2\/marketing\/images\/MediaTIC Render VisualARQ2.jpg' title='MediaTIC Render VisualARQ2.jpg' download>MediaTIC Render VisualARQ2.jpg\t<\/a><\/li><li class='post'>\t<a href='\/wp-content\/uploads\/sites\/2\/marketing\/images\/Banner VisualARQ2.png' title='Banner VisualARQ2.png' download>Banner VisualARQ2.png\t<\/a><\/li><li class='post'>\t<a href='\/wp-content\/uploads\/sites\/2\/marketing\/images\/Banner4food4Rhino.png' title='Banner4food4Rhino.png' download>Banner4food4Rhino.png\t<\/a><\/li><\/ul>\n<h4>Mod\u00e8les<\/h4>\n<ul class='post-list'><li class='post'>\t<a href='\/wp-content\/uploads\/sites\/2\/marketing\/models\/The Ville Savoye demo.3dm' title='The Ville Savoye demo.3dm' download>The Ville Savoye demo.3dm\t<\/a><\/li><\/ul>\n<h4>Vid\u00e9os<\/h4>\n<ul>\n<li><a href=\"https:\/\/stg.visualarq.com\/wp-content\/uploads\/2025\/12\/Whats-new-VA3-Compressed.mp4\">Quelles sont les nouveaut\u00e9s de VisualARQ\u00a03\u00a0?<\/a><\/li>\n<li><a href=\"https:\/\/stg.visualarq.com\/wp-content\/uploads\/2024\/09\/Freeform-modeling-VA3.mp4\">Vid\u00e9o\u00a0: mod\u00e9lisation de formes libres<\/a><\/li>\n<li><a href=\"https:\/\/stg.visualarq.com\/wp-content\/uploads\/2024\/09\/IFC-VA3-WEB-Sample-Model.mp4\">Vid\u00e9o\u00a0: IFC<\/a><\/li>\n<li><a href=\"https:\/\/stg.visualarq.com\/wp-content\/uploads\/2024\/09\/Documentation-Home-Video-VA3-compressed.mp4\">Vid\u00e9o\u00a0: outils de documentation<\/a><\/li>\n<li><a href=\"https:\/\/stg.visualarq.com\/wp-content\/uploads\/2024\/09\/VA-GH-Components-Video-1024x720-Q40.mp4\">Vid\u00e9o\u00a0: int\u00e9gration de Grasshopper<\/a><\/li>\n<\/ul>\n<h4>Autres<\/h4>\n<ul>\n<li><a href=\"https:\/\/www.flickr.com\/photos\/28656665@N02\/\" target=\"_blank\" rel=\"noopener noreferrer\">Images (VisualARQ sur Flickr)<\/a><\/li>\n<li><a href=\"https:\/\/www.youtube.com\/user\/VisualARQ\" target=\"_blank\" rel=\"noopener noreferrer\">Vid\u00e9os (VisualARQ sur YouTube)<\/a><\/li>\n<\/ul>\n<p>\u00a0<\/p>[\/et_pb_text][\/et_pb_column][\/et_pb_row][\/et_pb_section]","protected":false},"excerpt":{"rendered":"<p>Nouveaux revendeurs Kit de d\u00e9marrage pour revendeur Commande et prix de vente Remises pour les revendeurs Marketing Nouveaux revendeurs Si vous souhaitez devenir revendeur officiel de VisualARQ, ce qui suit vous concerne. Nous vous demandons de\u00a0: Lire les conditions\u00a0: Les revendeurs doivent veiller \u00e0 ce que les informations sur VisualARQ qu\u2019ils publient sur leur site [&hellip;]<\/p>\n","protected":false},"author":6,"featured_media":0,"parent":0,"menu_order":998,"comment_status":"closed","ping_status":"closed","template":"","meta":{"_et_pb_use_builder":"on","_et_pb_old_content":"","_et_gb_content_width":"","footnotes":""},"class_list":["post-39240","page","type-page","status-publish","hentry"],"yoast_head":"<!-- This site is optimized with the Yoast SEO plugin v27.3 - https:\/\/yoast.com\/product\/yoast-seo-wordpress\/ -->\n<title>Revendeur - VisualARQ<\/title>\n<meta name=\"robots\" content=\"noindex, follow, max-snippet:-1, max-image-preview:large, max-video-preview:-1\" \/>\n<meta property=\"og:locale\" content=\"fr_FR\" \/>\n<meta property=\"og:type\" content=\"article\" \/>\n<meta property=\"og:title\" content=\"Revendeur - VisualARQ\" \/>\n<meta property=\"og:description\" content=\"Nouveaux revendeurs Kit de d\u00e9marrage pour revendeur Commande et prix de vente Remises pour les revendeurs Marketing Nouveaux revendeurs Si vous souhaitez devenir revendeur officiel de VisualARQ, ce qui suit vous concerne. Nous vous demandons de\u00a0: Lire les conditions\u00a0: Les revendeurs doivent veiller \u00e0 ce que les informations sur VisualARQ qu\u2019ils publient sur leur site [&hellip;]\" \/>\n<meta property=\"og:url\" content=\"https:\/\/stg.visualarq.com\/fr\/reseller\/\" \/>\n<meta property=\"og:site_name\" content=\"VisualARQ\" \/>\n<meta property=\"article:publisher\" content=\"https:\/\/www.facebook.com\/visualarq\" \/>\n<meta property=\"article:modified_time\" content=\"2026-01-08T08:45:03+00:00\" \/>\n<meta name=\"twitter:card\" content=\"summary_large_image\" \/>\n<meta name=\"twitter:site\" content=\"@VisualARQ\" \/>\n<meta name=\"twitter:label1\" content=\"Dur\u00e9e de lecture estim\u00e9e\" \/>\n\t<meta name=\"twitter:data1\" content=\"4 minutes\" \/>\n<script type=\"application\/ld+json\" class=\"yoast-schema-graph\">{\"@context\":\"https:\\\/\\\/schema.org\",\"@graph\":[{\"@type\":\"WebPage\",\"@id\":\"https:\\\/\\\/stg.visualarq.com\\\/fr\\\/reseller\\\/\",\"url\":\"https:\\\/\\\/stg.visualarq.com\\\/fr\\\/reseller\\\/\",\"name\":\"Revendeur - VisualARQ\",\"isPartOf\":{\"@id\":\"https:\\\/\\\/stg.visualarq.com\\\/fr\\\/#website\"},\"datePublished\":\"2024-09-04T13:52:37+00:00\",\"dateModified\":\"2026-01-08T08:45:03+00:00\",\"breadcrumb\":{\"@id\":\"https:\\\/\\\/stg.visualarq.com\\\/fr\\\/reseller\\\/#breadcrumb\"},\"inLanguage\":\"fr-FR\",\"potentialAction\":[{\"@type\":\"ReadAction\",\"target\":[\"https:\\\/\\\/stg.visualarq.com\\\/fr\\\/reseller\\\/\"]}]},{\"@type\":\"BreadcrumbList\",\"@id\":\"https:\\\/\\\/stg.visualarq.com\\\/fr\\\/reseller\\\/#breadcrumb\",\"itemListElement\":[{\"@type\":\"ListItem\",\"position\":1,\"name\":\"Home\",\"item\":\"https:\\\/\\\/stg.visualarq.com\\\/fr\\\/home\\\/\"},{\"@type\":\"ListItem\",\"position\":2,\"name\":\"Revendeur\"}]},{\"@type\":\"WebSite\",\"@id\":\"https:\\\/\\\/stg.visualarq.com\\\/fr\\\/#website\",\"url\":\"https:\\\/\\\/stg.visualarq.com\\\/fr\\\/\",\"name\":\"VisualARQ\",\"description\":\"Flexible BIM for Rhino\",\"potentialAction\":[{\"@type\":\"SearchAction\",\"target\":{\"@type\":\"EntryPoint\",\"urlTemplate\":\"https:\\\/\\\/stg.visualarq.com\\\/fr\\\/?s={search_term_string}\"},\"query-input\":{\"@type\":\"PropertyValueSpecification\",\"valueRequired\":true,\"valueName\":\"search_term_string\"}}],\"inLanguage\":\"fr-FR\"}]}<\/script>\n<!-- \/ Yoast SEO plugin. -->","yoast_head_json":{"title":"Revendeur - VisualARQ","robots":{"index":"noindex","follow":"follow","max-snippet":"max-snippet:-1","max-image-preview":"max-image-preview:large","max-video-preview":"max-video-preview:-1"},"og_locale":"fr_FR","og_type":"article","og_title":"Revendeur - VisualARQ","og_description":"Nouveaux revendeurs Kit de d\u00e9marrage pour revendeur Commande et prix de vente Remises pour les revendeurs Marketing Nouveaux revendeurs Si vous souhaitez devenir revendeur officiel de VisualARQ, ce qui suit vous concerne. Nous vous demandons de\u00a0: Lire les conditions\u00a0: Les revendeurs doivent veiller \u00e0 ce que les informations sur VisualARQ qu\u2019ils publient sur leur site [&hellip;]","og_url":"https:\/\/stg.visualarq.com\/fr\/reseller\/","og_site_name":"VisualARQ","article_publisher":"https:\/\/www.facebook.com\/visualarq","article_modified_time":"2026-01-08T08:45:03+00:00","twitter_card":"summary_large_image","twitter_site":"@VisualARQ","twitter_misc":{"Dur\u00e9e de lecture estim\u00e9e":"4 minutes"},"schema":{"@context":"https:\/\/schema.org","@graph":[{"@type":"WebPage","@id":"https:\/\/stg.visualarq.com\/fr\/reseller\/","url":"https:\/\/stg.visualarq.com\/fr\/reseller\/","name":"Revendeur - VisualARQ","isPartOf":{"@id":"https:\/\/stg.visualarq.com\/fr\/#website"},"datePublished":"2024-09-04T13:52:37+00:00","dateModified":"2026-01-08T08:45:03+00:00","breadcrumb":{"@id":"https:\/\/stg.visualarq.com\/fr\/reseller\/#breadcrumb"},"inLanguage":"fr-FR","potentialAction":[{"@type":"ReadAction","target":["https:\/\/stg.visualarq.com\/fr\/reseller\/"]}]},{"@type":"BreadcrumbList","@id":"https:\/\/stg.visualarq.com\/fr\/reseller\/#breadcrumb","itemListElement":[{"@type":"ListItem","position":1,"name":"Home","item":"https:\/\/stg.visualarq.com\/fr\/home\/"},{"@type":"ListItem","position":2,"name":"Revendeur"}]},{"@type":"WebSite","@id":"https:\/\/stg.visualarq.com\/fr\/#website","url":"https:\/\/stg.visualarq.com\/fr\/","name":"VisualARQ","description":"Flexible BIM for Rhino","potentialAction":[{"@type":"SearchAction","target":{"@type":"EntryPoint","urlTemplate":"https:\/\/stg.visualarq.com\/fr\/?s={search_term_string}"},"query-input":{"@type":"PropertyValueSpecification","valueRequired":true,"valueName":"search_term_string"}}],"inLanguage":"fr-FR"}]}},"_links":{"self":[{"href":"https:\/\/stg.visualarq.com\/fr\/wp-json\/wp\/v2\/pages\/39240","targetHints":{"allow":["GET"]}}],"collection":[{"href":"https:\/\/stg.visualarq.com\/fr\/wp-json\/wp\/v2\/pages"}],"about":[{"href":"https:\/\/stg.visualarq.com\/fr\/wp-json\/wp\/v2\/types\/page"}],"author":[{"embeddable":true,"href":"https:\/\/stg.visualarq.com\/fr\/wp-json\/wp\/v2\/users\/6"}],"replies":[{"embeddable":true,"href":"https:\/\/stg.visualarq.com\/fr\/wp-json\/wp\/v2\/comments?post=39240"}],"version-history":[{"count":14,"href":"https:\/\/stg.visualarq.com\/fr\/wp-json\/wp\/v2\/pages\/39240\/revisions"}],"predecessor-version":[{"id":42946,"href":"https:\/\/stg.visualarq.com\/fr\/wp-json\/wp\/v2\/pages\/39240\/revisions\/42946"}],"wp:attachment":[{"href":"https:\/\/stg.visualarq.com\/fr\/wp-json\/wp\/v2\/media?parent=39240"}],"curies":[{"name":"wp","href":"https:\/\/api.w.org\/{rel}","templated":true}]}}