{"id":41219,"date":"2024-10-07T09:40:33","date_gmt":"2024-10-07T09:40:33","guid":{"rendered":"https:\/\/stg.visualarq.com\/?page_id=41219"},"modified":"2024-10-09T16:30:50","modified_gmt":"2024-10-09T16:30:50","slug":"v3","status":"publish","type":"page","link":"https:\/\/stg.visualarq.com\/fr\/download\/update\/v3\/","title":{"rendered":"Version 3"},"content":{"rendered":"<h1>Merci d&rsquo;avoir t\u00e9l\u00e9charg\u00e9 VisualARQ 3<\/h1>\r\n<p>Veuillez s\u00e9lectionner la version de VisualARQ que vous souhaitez t\u00e9l\u00e9charger :<\/p>\r\n<ul>\r\n<li><a href=\"https:\/\/stg.visualarq.com\/fr\/download\/update\/v3\/rhino8\/\">VisualARQ 3 pour Rhinoceros 8<\/a><\/li>\r\n<li><a href=\"https:\/\/stg.visualarq.com\/fr\/download\/update\/v3\/rhino7\/\">VisualARQ 3 pour Rhinoceros 7<\/a><\/li>\r\n<\/ul>","protected":false},"excerpt":{"rendered":"<p>Merci d&rsquo;avoir t\u00e9l\u00e9charg\u00e9 VisualARQ 3 Veuillez s\u00e9lectionner la version de VisualARQ que vous souhaitez t\u00e9l\u00e9charger : VisualARQ 3 pour Rhinoceros 8 VisualARQ 3 pour Rhinoceros 7<\/p>\n","protected":false},"author":1,"featured_media":0,"parent":11031,"menu_order":0,"comment_status":"closed","ping_status":"closed","template":"","meta":{"_et_pb_use_builder":"","_et_pb_old_content":"","_et_gb_content_width":"","footnotes":""},"class_list":["post-41219","page","type-page","status-publish","hentry"],"yoast_head":"<!-- This site is optimized with the Yoast SEO plugin v27.3 - https:\/\/yoast.com\/product\/yoast-seo-wordpress\/ -->\n<title>Version 3 - VisualARQ<\/title>\n<meta name=\"robots\" content=\"noindex, follow, max-snippet:-1, max-image-preview:large, max-video-preview:-1\" \/>\n<meta property=\"og:locale\" content=\"fr_FR\" \/>\n<meta property=\"og:type\" content=\"article\" \/>\n<meta property=\"og:title\" content=\"Version 3 - VisualARQ\" \/>\n<meta property=\"og:description\" content=\"Merci d&rsquo;avoir t\u00e9l\u00e9charg\u00e9 VisualARQ 3 Veuillez s\u00e9lectionner la version de VisualARQ que vous souhaitez t\u00e9l\u00e9charger : VisualARQ 3 pour Rhinoceros 8 VisualARQ 3 pour Rhinoceros 7\" \/>\n<meta property=\"og:url\" content=\"https:\/\/stg.visualarq.com\/fr\/download\/update\/v3\/\" \/>\n<meta property=\"og:site_name\" content=\"VisualARQ\" \/>\n<meta property=\"article:publisher\" content=\"https:\/\/www.facebook.com\/visualarq\" \/>\n<meta property=\"article:modified_time\" content=\"2024-10-09T16:30:50+00:00\" \/>\n<meta name=\"twitter:card\" content=\"summary_large_image\" \/>\n<meta name=\"twitter:site\" content=\"@VisualARQ\" \/>\n<script type=\"application\/ld+json\" class=\"yoast-schema-graph\">{\"@context\":\"https:\\\/\\\/schema.org\",\"@graph\":[{\"@type\":\"WebPage\",\"@id\":\"https:\\\/\\\/stg.visualarq.com\\\/fr\\\/download\\\/update\\\/v3\\\/\",\"url\":\"https:\\\/\\\/stg.visualarq.com\\\/fr\\\/download\\\/update\\\/v3\\\/\",\"name\":\"Version 3 - VisualARQ\",\"isPartOf\":{\"@id\":\"https:\\\/\\\/stg.visualarq.com\\\/fr\\\/#website\"},\"datePublished\":\"2024-10-07T09:40:33+00:00\",\"dateModified\":\"2024-10-09T16:30:50+00:00\",\"breadcrumb\":{\"@id\":\"https:\\\/\\\/stg.visualarq.com\\\/fr\\\/download\\\/update\\\/v3\\\/#breadcrumb\"},\"inLanguage\":\"fr-FR\",\"potentialAction\":[{\"@type\":\"ReadAction\",\"target\":[\"https:\\\/\\\/stg.visualarq.com\\\/fr\\\/download\\\/update\\\/v3\\\/\"]}]},{\"@type\":\"BreadcrumbList\",\"@id\":\"https:\\\/\\\/stg.visualarq.com\\\/fr\\\/download\\\/update\\\/v3\\\/#breadcrumb\",\"itemListElement\":[{\"@type\":\"ListItem\",\"position\":1,\"name\":\"Home\",\"item\":\"https:\\\/\\\/stg.visualarq.com\\\/fr\\\/home\\\/\"},{\"@type\":\"ListItem\",\"position\":2,\"name\":\"Version 3\"}]},{\"@type\":\"WebSite\",\"@id\":\"https:\\\/\\\/stg.visualarq.com\\\/fr\\\/#website\",\"url\":\"https:\\\/\\\/stg.visualarq.com\\\/fr\\\/\",\"name\":\"VisualARQ\",\"description\":\"Flexible BIM for Rhino\",\"potentialAction\":[{\"@type\":\"SearchAction\",\"target\":{\"@type\":\"EntryPoint\",\"urlTemplate\":\"https:\\\/\\\/stg.visualarq.com\\\/fr\\\/?s={search_term_string}\"},\"query-input\":{\"@type\":\"PropertyValueSpecification\",\"valueRequired\":true,\"valueName\":\"search_term_string\"}}],\"inLanguage\":\"fr-FR\"}]}<\/script>\n<!-- \/ Yoast SEO plugin. -->","yoast_head_json":{"title":"Version 3 - VisualARQ","robots":{"index":"noindex","follow":"follow","max-snippet":"max-snippet:-1","max-image-preview":"max-image-preview:large","max-video-preview":"max-video-preview:-1"},"og_locale":"fr_FR","og_type":"article","og_title":"Version 3 - VisualARQ","og_description":"Merci d&rsquo;avoir t\u00e9l\u00e9charg\u00e9 VisualARQ 3 Veuillez s\u00e9lectionner la version de VisualARQ que vous souhaitez t\u00e9l\u00e9charger : VisualARQ 3 pour Rhinoceros 8 VisualARQ 3 pour Rhinoceros 7","og_url":"https:\/\/stg.visualarq.com\/fr\/download\/update\/v3\/","og_site_name":"VisualARQ","article_publisher":"https:\/\/www.facebook.com\/visualarq","article_modified_time":"2024-10-09T16:30:50+00:00","twitter_card":"summary_large_image","twitter_site":"@VisualARQ","schema":{"@context":"https:\/\/schema.org","@graph":[{"@type":"WebPage","@id":"https:\/\/stg.visualarq.com\/fr\/download\/update\/v3\/","url":"https:\/\/stg.visualarq.com\/fr\/download\/update\/v3\/","name":"Version 3 - VisualARQ","isPartOf":{"@id":"https:\/\/stg.visualarq.com\/fr\/#website"},"datePublished":"2024-10-07T09:40:33+00:00","dateModified":"2024-10-09T16:30:50+00:00","breadcrumb":{"@id":"https:\/\/stg.visualarq.com\/fr\/download\/update\/v3\/#breadcrumb"},"inLanguage":"fr-FR","potentialAction":[{"@type":"ReadAction","target":["https:\/\/stg.visualarq.com\/fr\/download\/update\/v3\/"]}]},{"@type":"BreadcrumbList","@id":"https:\/\/stg.visualarq.com\/fr\/download\/update\/v3\/#breadcrumb","itemListElement":[{"@type":"ListItem","position":1,"name":"Home","item":"https:\/\/stg.visualarq.com\/fr\/home\/"},{"@type":"ListItem","position":2,"name":"Version 3"}]},{"@type":"WebSite","@id":"https:\/\/stg.visualarq.com\/fr\/#website","url":"https:\/\/stg.visualarq.com\/fr\/","name":"VisualARQ","description":"Flexible BIM for Rhino","potentialAction":[{"@type":"SearchAction","target":{"@type":"EntryPoint","urlTemplate":"https:\/\/stg.visualarq.com\/fr\/?s={search_term_string}"},"query-input":{"@type":"PropertyValueSpecification","valueRequired":true,"valueName":"search_term_string"}}],"inLanguage":"fr-FR"}]}},"_links":{"self":[{"href":"https:\/\/stg.visualarq.com\/fr\/wp-json\/wp\/v2\/pages\/41219","targetHints":{"allow":["GET"]}}],"collection":[{"href":"https:\/\/stg.visualarq.com\/fr\/wp-json\/wp\/v2\/pages"}],"about":[{"href":"https:\/\/stg.visualarq.com\/fr\/wp-json\/wp\/v2\/types\/page"}],"author":[{"embeddable":true,"href":"https:\/\/stg.visualarq.com\/fr\/wp-json\/wp\/v2\/users\/1"}],"replies":[{"embeddable":true,"href":"https:\/\/stg.visualarq.com\/fr\/wp-json\/wp\/v2\/comments?post=41219"}],"version-history":[{"count":1,"href":"https:\/\/stg.visualarq.com\/fr\/wp-json\/wp\/v2\/pages\/41219\/revisions"}],"predecessor-version":[{"id":41302,"href":"https:\/\/stg.visualarq.com\/fr\/wp-json\/wp\/v2\/pages\/41219\/revisions\/41302"}],"up":[{"embeddable":true,"href":"https:\/\/stg.visualarq.com\/fr\/wp-json\/wp\/v2\/pages\/11031"}],"wp:attachment":[{"href":"https:\/\/stg.visualarq.com\/fr\/wp-json\/wp\/v2\/media?parent=41219"}],"curies":[{"name":"wp","href":"https:\/\/api.w.org\/{rel}","templated":true}]}}