{"id":41811,"date":"2024-12-12T15:23:08","date_gmt":"2024-12-12T15:23:08","guid":{"rendered":"https:\/\/stg.visualarq.com\/download\/bibliotheque-de-styles-de-visualarq\/"},"modified":"2025-01-23T12:50:32","modified_gmt":"2025-01-23T12:50:32","slug":"styles-library","status":"publish","type":"page","link":"https:\/\/stg.visualarq.com\/fr\/download\/styles-library\/","title":{"rendered":"Biblioth\u00e8que de styles de VisualARQ"},"content":{"rendered":"\n<h1 class=\"wp-block-heading\">Biblioth\u00e8que de styles de VisualARQ<\/h1>\n\n<p>Les styles de VisualARQ sont enregistr\u00e9s dans des fichiers <strong><em>.val<\/em><\/strong> (fichiers de la &quot;biblioth\u00e8que de VisualARQ&quot;). Importez-les dans votre document \u00e0 l&apos;aide de la commande <code>vaStylesImport <\/code>.<\/p>\n\n<p><\/p>\n\n<h3 class=\"wp-block-heading\">Biblioth\u00e8ques par d\u00e9faut dans les mod\u00e8les de VisualARQ<\/h3>\n\n<p>VisualARQ (la version commerciale comme la version d&apos;\u00e9valuation) est livr\u00e9 avec une biblioth\u00e8que de styles d&apos;objets par d\u00e9faut. Ils sont disponibles dans les mod\u00e8les de VisualARQ, mais vous trouverez \u00e9galement ces fichiers .val dans les r\u00e9pertoires suivants pour importer ces styles dans des documents cr\u00e9\u00e9s \u00e0 partir de mod\u00e8les Rhino\u00a0:<\/p>\n\n<ul class=\"wp-block-list\">\n<li><strong>Rhino 7<\/strong>\u00a0:\u00a0<code>C:\\Program Files\\AsuniCAD\\VisualARQ 3\\RHINO7\\en-US\\Libraries<\/code><\/li>\n\n\n\n<li><strong>Rhino 8<\/strong>\u00a0:\u00a0<code>C:\\Program Files\\AsuniCAD\\VisualARQ 3\\RHINO8\\en-US\\Libraries<\/code><\/li>\n<\/ul>\n\n<p><\/p>\n\n<h3 class=\"wp-block-heading\">Objets personnalis\u00e9s par les utilisateurs<\/h3>\n\n<ul class=\"wp-block-list\">\n<li><a href=\"https:\/\/www.food4rhino.com\/browse?lang=en&amp;sort_by=ds_changed&amp;f%5B0%5D=im_field_unified_type%3A783&amp;f%5B1%5D=im_field_term_reference_type%3A804\">Nouveaux styles d&apos;objets de VisualARQ partag\u00e9s par des utilisateurs sur food4Rhino.<\/a><\/li>\n<\/ul>\n\n<p><\/p>\n\n<h3 class=\"wp-block-heading\">Biblioth\u00e8ques de profil\u00e9s structurels<\/h3>\n\n<ul class=\"wp-block-list\">\n<li><a href=\"https:\/\/www.food4rhino.com\/en\/resource\/australian-structural-profiles\"><img loading=\"lazy\" decoding=\"async\" width=\"24\" height=\"24\" class=\"wp-image-33069\" style=\"width: 24px;\" src=\"https:\/\/stg.visualarq.com\/wp-content\/uploads\/2023\/12\/val-file-VA2.png\" alt=\"\" srcset=\"https:\/\/stg.visualarq.com\/wp-content\/uploads\/2023\/12\/val-file-VA2.png 256w, https:\/\/stg.visualarq.com\/wp-content\/uploads\/2023\/12\/val-file-VA2-150x150.png 150w\" sizes=\"(max-width: 24px) 100vw, 24px\" \/> Biblioth\u00e8que de profil\u00e9s structurels conformes \u00e0 la norme australienne<\/a><\/li>\n\n\n\n<li><a href=\"https:\/\/www.food4rhino.com\/en\/resource\/chinese-structural-profiles\"><img loading=\"lazy\" decoding=\"async\" width=\"24\" height=\"24\" class=\"wp-image-33069\" style=\"width: 24px;\" src=\"https:\/\/stg.visualarq.com\/wp-content\/uploads\/2023\/12\/val-file-VA2.png\" alt=\"\" srcset=\"https:\/\/stg.visualarq.com\/wp-content\/uploads\/2023\/12\/val-file-VA2.png 256w, https:\/\/stg.visualarq.com\/wp-content\/uploads\/2023\/12\/val-file-VA2-150x150.png 150w\" sizes=\"(max-width: 24px) 100vw, 24px\" \/> Biblioth\u00e8que de profil\u00e9s structurels conformes \u00e0 la norme chinoise<\/a><\/li>\n\n\n\n<li><a href=\"https:\/\/www.food4rhino.com\/en\/resource\/din-structural-profiles\"><img loading=\"lazy\" decoding=\"async\" width=\"24\" height=\"24\" class=\"wp-image-33069\" style=\"width: 24px;\" src=\"https:\/\/stg.visualarq.com\/wp-content\/uploads\/2023\/12\/val-file-VA2.png\" alt=\"\" srcset=\"https:\/\/stg.visualarq.com\/wp-content\/uploads\/2023\/12\/val-file-VA2.png 256w, https:\/\/stg.visualarq.com\/wp-content\/uploads\/2023\/12\/val-file-VA2-150x150.png 150w\" sizes=\"(max-width: 24px) 100vw, 24px\" \/> Biblioth\u00e8que de profil\u00e9s structurels conformes \u00e0 la norme DIN<\/a><\/li>\n\n\n\n<li><a href=\"https:\/\/www.food4rhino.com\/en\/resource\/indian-structural-profiles\"><img loading=\"lazy\" decoding=\"async\" width=\"24\" height=\"24\" class=\"wp-image-33069\" style=\"width: 24px;\" src=\"https:\/\/stg.visualarq.com\/wp-content\/uploads\/2023\/12\/val-file-VA2.png\" alt=\"\" srcset=\"https:\/\/stg.visualarq.com\/wp-content\/uploads\/2023\/12\/val-file-VA2.png 256w, https:\/\/stg.visualarq.com\/wp-content\/uploads\/2023\/12\/val-file-VA2-150x150.png 150w\" sizes=\"(max-width: 24px) 100vw, 24px\" \/> Biblioth\u00e8que de profil\u00e9s structurels conformes \u00e0 la norme indienne<\/a><\/li>\n\n\n\n<li><a href=\"https:\/\/www.food4rhino.com\/en\/resource\/japan-structural-profiles\"><img loading=\"lazy\" decoding=\"async\" width=\"24\" height=\"24\" class=\"wp-image-33069\" style=\"width: 24px;\" src=\"https:\/\/stg.visualarq.com\/wp-content\/uploads\/2023\/12\/val-file-VA2.png\" alt=\"\" srcset=\"https:\/\/stg.visualarq.com\/wp-content\/uploads\/2023\/12\/val-file-VA2.png 256w, https:\/\/stg.visualarq.com\/wp-content\/uploads\/2023\/12\/val-file-VA2-150x150.png 150w\" sizes=\"(max-width: 24px) 100vw, 24px\" \/> Normes industrielles japonaises (JIS)<\/a><\/li>\n\n\n\n<li><a href=\"https:\/\/www.food4rhino.com\/en\/resource\/korean-structural-profiles\"><img loading=\"lazy\" decoding=\"async\" width=\"24\" height=\"24\" class=\"wp-image-33069\" style=\"width: 24px;\" src=\"https:\/\/stg.visualarq.com\/wp-content\/uploads\/2023\/12\/val-file-VA2.png\" alt=\"\" srcset=\"https:\/\/stg.visualarq.com\/wp-content\/uploads\/2023\/12\/val-file-VA2.png 256w, https:\/\/stg.visualarq.com\/wp-content\/uploads\/2023\/12\/val-file-VA2-150x150.png 150w\" sizes=\"(max-width: 24px) 100vw, 24px\" \/> Biblioth\u00e8que de profil\u00e9s structurels conformes \u00e0 la norme cor\u00e9enne<\/a><\/li>\n\n\n\n<li><a href=\"https:\/\/www.food4rhino.com\/en\/resource\/uk-structural-profiles\"><img loading=\"lazy\" decoding=\"async\" width=\"24\" height=\"24\" class=\"wp-image-33069\" style=\"width: 24px;\" src=\"https:\/\/stg.visualarq.com\/wp-content\/uploads\/2023\/12\/val-file-VA2.png\" alt=\"\" srcset=\"https:\/\/stg.visualarq.com\/wp-content\/uploads\/2023\/12\/val-file-VA2.png 256w, https:\/\/stg.visualarq.com\/wp-content\/uploads\/2023\/12\/val-file-VA2-150x150.png 150w\" sizes=\"(max-width: 24px) 100vw, 24px\" \/> Profil\u00e9s conformes \u00e0 la norme britannique<\/a><\/li>\n\n\n\n<li><a href=\"https:\/\/www.food4rhino.com\/en\/resource\/wood-structural-profiles\"><img loading=\"lazy\" decoding=\"async\" width=\"24\" height=\"24\" class=\"wp-image-33069\" style=\"width: 24px;\" src=\"https:\/\/stg.visualarq.com\/wp-content\/uploads\/2023\/12\/val-file-VA2.png\" alt=\"\" srcset=\"https:\/\/stg.visualarq.com\/wp-content\/uploads\/2023\/12\/val-file-VA2.png 256w, https:\/\/stg.visualarq.com\/wp-content\/uploads\/2023\/12\/val-file-VA2-150x150.png 150w\" sizes=\"(max-width: 24px) 100vw, 24px\" \/> Biblioth\u00e8que de profil\u00e9s structurels en bois<\/a><\/li>\n<\/ul>\n\n<p><\/p>\n\n<h3 class=\"wp-block-heading\">Profil\u00e9s structurels inclus dans les mod\u00e8les de VisualARQ<\/h3>\n\n<ul class=\"wp-block-list\">\n<li><a href=\"https:\/\/stg.visualarq.com\/wp-content\/uploads\/2024\/12\/EURO.zip\"><img loading=\"lazy\" decoding=\"async\" width=\"24\" height=\"24\" class=\"wp-image-33069\" style=\"width: 24px;\" src=\"https:\/\/stg.visualarq.com\/wp-content\/uploads\/2023\/12\/val-file-VA2.png\" alt=\"\" srcset=\"https:\/\/stg.visualarq.com\/wp-content\/uploads\/2023\/12\/val-file-VA2.png 256w, https:\/\/stg.visualarq.com\/wp-content\/uploads\/2023\/12\/val-file-VA2-150x150.png 150w\" sizes=\"(max-width: 24px) 100vw, 24px\" \/> Biblioth\u00e8que de profil\u00e9s structurels conformes \u00e0 la norme europ\u00e9enne (syst\u00e8me m\u00e9trique)<\/a><\/li>\n\n\n\n<li><a href=\"https:\/\/stg.visualarq.com\/wp-content\/uploads\/2024\/12\/AISC.zip\"><img loading=\"lazy\" decoding=\"async\" width=\"24\" height=\"24\" class=\"wp-image-33069\" style=\"width: 24px;\" src=\"https:\/\/stg.visualarq.com\/wp-content\/uploads\/2023\/12\/val-file-VA2.png\" alt=\"\" srcset=\"https:\/\/stg.visualarq.com\/wp-content\/uploads\/2023\/12\/val-file-VA2.png 256w, https:\/\/stg.visualarq.com\/wp-content\/uploads\/2023\/12\/val-file-VA2-150x150.png 150w\" sizes=\"(max-width: 24px) 100vw, 24px\" \/> Biblioth\u00e8que de profil\u00e9s structurels conformes \u00e0 la norme am\u00e9ricaine (AISC) (syst\u00e8me imp\u00e9rial)<\/a><\/li>\n<\/ul>\n","protected":false},"excerpt":{"rendered":"<p>Biblioth\u00e8que de styles de VisualARQ Les styles de VisualARQ sont enregistr\u00e9s dans des fichiers .val (fichiers de la &quot;biblioth\u00e8que de VisualARQ&quot;). Importez-les dans votre document \u00e0 l&apos;aide de la commande vaStylesImport . Biblioth\u00e8ques par d\u00e9faut dans les mod\u00e8les de VisualARQ VisualARQ (la version commerciale comme la version d&apos;\u00e9valuation) est livr\u00e9 avec une biblioth\u00e8que de styles [&hellip;]<\/p>\n","protected":false},"author":6,"featured_media":0,"parent":11160,"menu_order":0,"comment_status":"closed","ping_status":"closed","template":"","meta":{"_et_pb_use_builder":"off","_et_pb_old_content":"","_et_gb_content_width":"","footnotes":""},"class_list":["post-41811","page","type-page","status-publish","hentry"],"yoast_head":"<!-- This site is optimized with the Yoast SEO plugin v27.3 - https:\/\/yoast.com\/product\/yoast-seo-wordpress\/ -->\n<title>Biblioth\u00e8que de styles de VisualARQ - VisualARQ<\/title>\n<meta name=\"robots\" content=\"noindex, follow, max-snippet:-1, max-image-preview:large, max-video-preview:-1\" \/>\n<meta property=\"og:locale\" content=\"fr_FR\" \/>\n<meta property=\"og:type\" content=\"article\" \/>\n<meta property=\"og:title\" content=\"Biblioth\u00e8que de styles de VisualARQ - VisualARQ\" \/>\n<meta property=\"og:description\" content=\"Biblioth\u00e8que de styles de VisualARQ Les styles de VisualARQ sont enregistr\u00e9s dans des fichiers .val (fichiers de la &quot;biblioth\u00e8que de VisualARQ&quot;). Importez-les dans votre document \u00e0 l&amp;apos;aide de la commande vaStylesImport . Biblioth\u00e8ques par d\u00e9faut dans les mod\u00e8les de VisualARQ VisualARQ (la version commerciale comme la version d&amp;apos;\u00e9valuation) est livr\u00e9 avec une biblioth\u00e8que de styles [&hellip;]\" \/>\n<meta property=\"og:url\" content=\"https:\/\/stg.visualarq.com\/fr\/download\/styles-library\/\" \/>\n<meta property=\"og:site_name\" content=\"VisualARQ\" \/>\n<meta property=\"article:publisher\" content=\"https:\/\/www.facebook.com\/visualarq\" \/>\n<meta property=\"article:modified_time\" content=\"2025-01-23T12:50:32+00:00\" \/>\n<meta property=\"og:image\" content=\"https:\/\/stg.visualarq.com\/wp-content\/uploads\/2023\/12\/val-file-VA2.png\" \/>\n<meta name=\"twitter:card\" content=\"summary_large_image\" \/>\n<meta name=\"twitter:site\" content=\"@VisualARQ\" \/>\n<meta name=\"twitter:label1\" content=\"Dur\u00e9e de lecture estim\u00e9e\" \/>\n\t<meta name=\"twitter:data1\" content=\"1 minute\" \/>\n<script type=\"application\/ld+json\" class=\"yoast-schema-graph\">{\"@context\":\"https:\\\/\\\/schema.org\",\"@graph\":[{\"@type\":\"WebPage\",\"@id\":\"https:\\\/\\\/stg.visualarq.com\\\/fr\\\/download\\\/styles-library\\\/\",\"url\":\"https:\\\/\\\/stg.visualarq.com\\\/fr\\\/download\\\/styles-library\\\/\",\"name\":\"Biblioth\u00e8que de styles de VisualARQ - VisualARQ\",\"isPartOf\":{\"@id\":\"https:\\\/\\\/stg.visualarq.com\\\/fr\\\/#website\"},\"primaryImageOfPage\":{\"@id\":\"https:\\\/\\\/stg.visualarq.com\\\/fr\\\/download\\\/styles-library\\\/#primaryimage\"},\"image\":{\"@id\":\"https:\\\/\\\/stg.visualarq.com\\\/fr\\\/download\\\/styles-library\\\/#primaryimage\"},\"thumbnailUrl\":\"https:\\\/\\\/stg.visualarq.com\\\/wp-content\\\/uploads\\\/2023\\\/12\\\/val-file-VA2.png\",\"datePublished\":\"2024-12-12T15:23:08+00:00\",\"dateModified\":\"2025-01-23T12:50:32+00:00\",\"breadcrumb\":{\"@id\":\"https:\\\/\\\/stg.visualarq.com\\\/fr\\\/download\\\/styles-library\\\/#breadcrumb\"},\"inLanguage\":\"fr-FR\",\"potentialAction\":[{\"@type\":\"ReadAction\",\"target\":[\"https:\\\/\\\/stg.visualarq.com\\\/fr\\\/download\\\/styles-library\\\/\"]}]},{\"@type\":\"ImageObject\",\"inLanguage\":\"fr-FR\",\"@id\":\"https:\\\/\\\/stg.visualarq.com\\\/fr\\\/download\\\/styles-library\\\/#primaryimage\",\"url\":\"https:\\\/\\\/stg.visualarq.com\\\/wp-content\\\/uploads\\\/2023\\\/12\\\/val-file-VA2.png\",\"contentUrl\":\"https:\\\/\\\/stg.visualarq.com\\\/wp-content\\\/uploads\\\/2023\\\/12\\\/val-file-VA2.png\"},{\"@type\":\"BreadcrumbList\",\"@id\":\"https:\\\/\\\/stg.visualarq.com\\\/fr\\\/download\\\/styles-library\\\/#breadcrumb\",\"itemListElement\":[{\"@type\":\"ListItem\",\"position\":1,\"name\":\"Home\",\"item\":\"https:\\\/\\\/stg.visualarq.com\\\/fr\\\/home\\\/\"},{\"@type\":\"ListItem\",\"position\":2,\"name\":\"Biblioth\u00e8que de styles de VisualARQ\"}]},{\"@type\":\"WebSite\",\"@id\":\"https:\\\/\\\/stg.visualarq.com\\\/fr\\\/#website\",\"url\":\"https:\\\/\\\/stg.visualarq.com\\\/fr\\\/\",\"name\":\"VisualARQ\",\"description\":\"Flexible BIM for Rhino\",\"potentialAction\":[{\"@type\":\"SearchAction\",\"target\":{\"@type\":\"EntryPoint\",\"urlTemplate\":\"https:\\\/\\\/stg.visualarq.com\\\/fr\\\/?s={search_term_string}\"},\"query-input\":{\"@type\":\"PropertyValueSpecification\",\"valueRequired\":true,\"valueName\":\"search_term_string\"}}],\"inLanguage\":\"fr-FR\"}]}<\/script>\n<!-- \/ Yoast SEO plugin. -->","yoast_head_json":{"title":"Biblioth\u00e8que de styles de VisualARQ - VisualARQ","robots":{"index":"noindex","follow":"follow","max-snippet":"max-snippet:-1","max-image-preview":"max-image-preview:large","max-video-preview":"max-video-preview:-1"},"og_locale":"fr_FR","og_type":"article","og_title":"Biblioth\u00e8que de styles de VisualARQ - VisualARQ","og_description":"Biblioth\u00e8que de styles de VisualARQ Les styles de VisualARQ sont enregistr\u00e9s dans des fichiers .val (fichiers de la &quot;biblioth\u00e8que de VisualARQ&quot;). Importez-les dans votre document \u00e0 l&apos;aide de la commande vaStylesImport . Biblioth\u00e8ques par d\u00e9faut dans les mod\u00e8les de VisualARQ VisualARQ (la version commerciale comme la version d&apos;\u00e9valuation) est livr\u00e9 avec une biblioth\u00e8que de styles [&hellip;]","og_url":"https:\/\/stg.visualarq.com\/fr\/download\/styles-library\/","og_site_name":"VisualARQ","article_publisher":"https:\/\/www.facebook.com\/visualarq","article_modified_time":"2025-01-23T12:50:32+00:00","og_image":[{"url":"https:\/\/stg.visualarq.com\/wp-content\/uploads\/2023\/12\/val-file-VA2.png","type":"","width":"","height":""}],"twitter_card":"summary_large_image","twitter_site":"@VisualARQ","twitter_misc":{"Dur\u00e9e de lecture estim\u00e9e":"1 minute"},"schema":{"@context":"https:\/\/schema.org","@graph":[{"@type":"WebPage","@id":"https:\/\/stg.visualarq.com\/fr\/download\/styles-library\/","url":"https:\/\/stg.visualarq.com\/fr\/download\/styles-library\/","name":"Biblioth\u00e8que de styles de VisualARQ - VisualARQ","isPartOf":{"@id":"https:\/\/stg.visualarq.com\/fr\/#website"},"primaryImageOfPage":{"@id":"https:\/\/stg.visualarq.com\/fr\/download\/styles-library\/#primaryimage"},"image":{"@id":"https:\/\/stg.visualarq.com\/fr\/download\/styles-library\/#primaryimage"},"thumbnailUrl":"https:\/\/stg.visualarq.com\/wp-content\/uploads\/2023\/12\/val-file-VA2.png","datePublished":"2024-12-12T15:23:08+00:00","dateModified":"2025-01-23T12:50:32+00:00","breadcrumb":{"@id":"https:\/\/stg.visualarq.com\/fr\/download\/styles-library\/#breadcrumb"},"inLanguage":"fr-FR","potentialAction":[{"@type":"ReadAction","target":["https:\/\/stg.visualarq.com\/fr\/download\/styles-library\/"]}]},{"@type":"ImageObject","inLanguage":"fr-FR","@id":"https:\/\/stg.visualarq.com\/fr\/download\/styles-library\/#primaryimage","url":"https:\/\/stg.visualarq.com\/wp-content\/uploads\/2023\/12\/val-file-VA2.png","contentUrl":"https:\/\/stg.visualarq.com\/wp-content\/uploads\/2023\/12\/val-file-VA2.png"},{"@type":"BreadcrumbList","@id":"https:\/\/stg.visualarq.com\/fr\/download\/styles-library\/#breadcrumb","itemListElement":[{"@type":"ListItem","position":1,"name":"Home","item":"https:\/\/stg.visualarq.com\/fr\/home\/"},{"@type":"ListItem","position":2,"name":"Biblioth\u00e8que de styles de VisualARQ"}]},{"@type":"WebSite","@id":"https:\/\/stg.visualarq.com\/fr\/#website","url":"https:\/\/stg.visualarq.com\/fr\/","name":"VisualARQ","description":"Flexible BIM for Rhino","potentialAction":[{"@type":"SearchAction","target":{"@type":"EntryPoint","urlTemplate":"https:\/\/stg.visualarq.com\/fr\/?s={search_term_string}"},"query-input":{"@type":"PropertyValueSpecification","valueRequired":true,"valueName":"search_term_string"}}],"inLanguage":"fr-FR"}]}},"_links":{"self":[{"href":"https:\/\/stg.visualarq.com\/fr\/wp-json\/wp\/v2\/pages\/41811","targetHints":{"allow":["GET"]}}],"collection":[{"href":"https:\/\/stg.visualarq.com\/fr\/wp-json\/wp\/v2\/pages"}],"about":[{"href":"https:\/\/stg.visualarq.com\/fr\/wp-json\/wp\/v2\/types\/page"}],"author":[{"embeddable":true,"href":"https:\/\/stg.visualarq.com\/fr\/wp-json\/wp\/v2\/users\/6"}],"replies":[{"embeddable":true,"href":"https:\/\/stg.visualarq.com\/fr\/wp-json\/wp\/v2\/comments?post=41811"}],"version-history":[{"count":9,"href":"https:\/\/stg.visualarq.com\/fr\/wp-json\/wp\/v2\/pages\/41811\/revisions"}],"predecessor-version":[{"id":41895,"href":"https:\/\/stg.visualarq.com\/fr\/wp-json\/wp\/v2\/pages\/41811\/revisions\/41895"}],"up":[{"embeddable":true,"href":"https:\/\/stg.visualarq.com\/fr\/wp-json\/wp\/v2\/pages\/11160"}],"wp:attachment":[{"href":"https:\/\/stg.visualarq.com\/fr\/wp-json\/wp\/v2\/media?parent=41811"}],"curies":[{"name":"wp","href":"https:\/\/api.w.org\/{rel}","templated":true}]}}