{"id":42981,"date":"2026-01-14T11:17:38","date_gmt":"2026-01-14T11:17:38","guid":{"rendered":"https:\/\/stg.visualarq.com\/?page_id=42981"},"modified":"2026-01-14T11:24:09","modified_gmt":"2026-01-14T11:24:09","slug":"legal-notice","status":"publish","type":"page","link":"https:\/\/stg.visualarq.com\/fr\/legal\/legal-notice\/","title":{"rendered":"Mention L\u00e9gale"},"content":{"rendered":"[et_pb_section fb_built=\u00a0\u00bb1&Prime; admin_label=\u00a0\u00bbsection\u00a0\u00bb _builder_version=\u00a0\u00bb3.22&Prime;][et_pb_row admin_label=\u00a0\u00bbrow\u00a0\u00bb _builder_version=\u00a0\u00bb3.25&Prime; background_size=\u00a0\u00bbinitial\u00a0\u00bb background_position=\u00a0\u00bbtop_left\u00a0\u00bb background_repeat=\u00a0\u00bbrepeat\u00a0\u00bb][et_pb_column type=\u00a0\u00bb4_4&Prime; _builder_version=\u00a0\u00bb3.25&Prime; custom_padding=\u00a0\u00bb|||\u00a0\u00bb custom_padding__hover=\u00a0\u00bb|||\u00a0\u00bb][et_pb_post_title meta=\u00a0\u00bboff\u00a0\u00bb featured_image=\u00a0\u00bboff\u00a0\u00bb admin_label=\u00a0\u00bbTitulo de la p\u00e1gina\u00a0\u00bb _builder_version=\u00a0\u00bb3.0.87&Prime; title_font=\u00a0\u00bb|on|||\u00a0\u00bb title_font_size=\u00a0\u00bb30px\u00a0\u00bb title_all_caps=\u00a0\u00bboff\u00a0\u00bb background_color=\u00a0\u00bbrgba(255,255,255,0)\u00a0\u00bb parallax=\u00a0\u00bbon\u00a0\u00bb parallax_method=\u00a0\u00bboff\u00a0\u00bb parallax_effect=\u00a0\u00bbon\u00a0\u00bb module_bg_color=\u00a0\u00bbrgba(255,255,255,0)\u00a0\u00bb use_border_color=\u00a0\u00bboff\u00a0\u00bb border_color=\u00a0\u00bb#ffffff\u00a0\u00bb border_style=\u00a0\u00bbsolid\u00a0\u00bb saved_tabs=\u00a0\u00bball\u00a0\u00bb][\/et_pb_post_title][et_pb_accordion _builder_version=\u00a0\u00bb4.6.5&Prime; hover_enabled=\u00a0\u00bb0&Prime; border_style=\u00a0\u00bbsolid\u00a0\u00bb sticky_enabled=\u00a0\u00bb0&Prime;][et_pb_accordion_item title=\u00a0\u00bbNotice l\u00e9gale\u00a0\u00bb open=\u00a0\u00bbon\u00a0\u00bb _builder_version=\u00a0\u00bb4.6.5&Prime; hover_enabled=\u00a0\u00bb0&Prime; sticky_enabled=\u00a0\u00bb0&Prime;]<p><strong>MENTION L\u00c9GALE<\/strong><\/p>\n<p>L\u2019acc\u00e8s \u00e0 ce site est enti\u00e8rement volontaire et attribue \u00e0 la personne qui y acc\u00e8de le statut d\u2019utilisateur. En acc\u00e9dant \u00e0 ce site vous acceptez pleinement et sans aucune r\u00e9serve, les termes et conditions g\u00e9n\u00e9rales \u00e9tablies ci-apr\u00e8s. En acc\u00e9dant \u00e0 ce site et en l&rsquo;utilisant, l\u2019utilisateur prend connaissance, comprend et accepte que les donn\u00e9es et informations sur les produits et services, et toutes autres donn\u00e9es et informations contenues dans ces \u00e9l\u00e9ments, apparaissent uniquement et exclusivement \u00e0 titre informatif, et qu\u2019elles peuvent \u00e0 tout moment contenir des erreurs, des impr\u00e9cisions ou ne pas \u00eatre mises \u00e0 jour. Asuni CAD, S.A., ci-apr\u00e8s Asuni, se r\u00e9serve le droit de suspendre provisoirement ou d\u2019annuler d\u00e9finitivement sans avis pr\u00e9alable, l\u2019acc\u00e8s \u00e0 son site Internet afin de r\u00e9aliser des op\u00e9rations de maintenance, des r\u00e9parations, des mises \u00e0 jour ou des am\u00e9liorations. Par ailleurs, Asuni se r\u00e9serve le droit unilat\u00e9ral de modifier les conditions d\u2019acc\u00e8s \u00e0 son site et \u00e0 son contenu.<\/p>\n<p><strong>LIMITE DE RESPONSABILITE<\/strong><\/p>\n<p>Dans les limites de la loi, Asuni ne garantit en aucune fa\u00e7on que son site ou les informations, logiciels, mat\u00e9riels et programmes qu&rsquo;il contient fonctionnent correctement. Aussi bien l\u2019acc\u00e8s que l\u2019utilisation du site et des informations, logiciels, mat\u00e9riels et produits qu\u2019il contient sont la responsabilit\u00e9 exclusive de l\u2019utilisateur. Asuni ne saurait \u00eatre responsable des dommages, directs ou indirects, \u00e9ventuellement occasionn\u00e9s par l\u2019interruption ou la non-continuit\u00e9 du site Internet, de l\u2019acc\u00e8s et de l\u2019utilisation des informations qu\u2019il contient, ni des \u00e9ventuels dommages occasionn\u00e9s au syst\u00e8me informatique de l\u2019utilisateur, aux fichiers ou documents stock\u00e9s sur celui-ci, en cons\u00e9quence de la pr\u00e9sence de virus sur l\u2019ordinateur de l\u2019utilisateur employ\u00e9 pour se connecter au site Internet d&rsquo;Asuni, du mauvais fonctionnement du navigateur ou de l\u2019usage de versions non mises \u00e0 jour de ce navigateur.<\/p>\n<p><strong>PROPRIETE INTELLECTUELLE ET INDUSTRIELLE<\/strong><\/p>\n<p>L\u2019utilisateur s\u2019engage \u00e0 utiliser le site Internet et ses contenus sans enfreindre la l\u00e9gislation espagnole en vigueur ni le principe de bonne foi. De m\u00eame, il est interdit d\u2019utiliser le site \u00e0 des fins illicites ou pr\u00e9judiciables \u00e0 l\u2019encontre d&rsquo;Asuni ou d&rsquo;un tiers ou de quelque fa\u00e7on qui pourrait porter pr\u00e9judice ou emp\u00eacher le fonctionnement normal du site Internet. Le contenu du site Internet (fichiers, textes, graphiques, fichiers de son, images, photographies, etc.) est prot\u00e9g\u00e9 par les lois espagnoles et les conventions internationales sur la propri\u00e9t\u00e9 intellectuelle et industrielle. L\u2019offre de contenus ou l\u2019acc\u00e8s \u00e0 ce site n\u2019implique en aucun cas la renonciation, la transmission ou la cession totale ou partielle de ces droits, ni ne conf\u00e8re un droit quelconque d\u2019utilisation, de modification, d\u2019exploitation, de reproduction, de distribution, de transformation ou de communication publique de ces contenus sans l\u2019accord pr\u00e9alable et formel d&rsquo;Asuni. Vous pouvez voir et obtenir une copie de sauvegarde personnelle et non commerciale du contenu du site \u00e0 condition que : (i) ce droit soit exerc\u00e9 selon le principe de bonne foi, (ii) le contenu reste inalt\u00e9r\u00e9 dans tous les cas, (iii) figurent sur l\u2019\u00e9ventuelle copie priv\u00e9e de sauvagarde le copyright et autres donn\u00e9es d\u2019identification des droits d&rsquo;Asuni et (iv) cette copie reste exclusivement pour l&rsquo;utilisation personnelle et non commerciale de l\u2019utilisateur. \u00a9 Asuni CAD, S.A., 2015. Tous droits r\u00e9serv\u00e9s<\/p>\n<p><strong>POLITIQUE CONCERNANT LES COOKIES<\/strong><\/p>\n<p><a href=\"\/fr\/legal\/cookie-policy\/\">Politique concernant les cookies<\/a><\/p>\n<p><strong>POLITIQUE DE CONFIDENTIALITE<\/strong><\/p>\n<p><a href=\"\/fr\/legal\/privacy-policy\/\">Politique de confidentialit\u00e9<\/a><\/p>[\/et_pb_accordion_item][et_pb_accordion_item title=\u00a0\u00bbLicences \u00a0\u00bb _builder_version=\u00a0\u00bb4.6.5&Prime; hover_enabled=\u00a0\u00bb0&Prime; open=\u00a0\u00bboff\u00a0\u00bb sticky_enabled=\u00a0\u00bb0&Prime;]<h2>Contrat de licence de VisualARQ<\/h2>\n<p><a href=\"https:\/\/files.asuni.com\/visualarq\/legal\/licenses\/eula.zip\">T\u00e9l\u00e9charger le contrat de licence de VisualARQ<\/a> (Contrat de licence de l&rsquo;utilisateur final). <hr class=\"separator\"><\/p>\n<h2>CSTB IFC-SDK<\/h2>\n<p><a href=\"https:\/\/joinup.ec.europa.eu\/software\/ifc-sdk\/home\">https:\/\/joinup.ec.europa.eu\/software\/ifc-sdk\/home<\/a><\/p>\n<h3>Licence :<\/h3>\n<p><a href=\"https:\/\/joinup.ec.europa.eu\/svn\/ifc-sdk\/trunk\/Licence.txt\">Licence publique g\u00e9n\u00e9rale limit\u00e9e GNU (LGPL)<\/a><\/p>\n<h3>Description :<\/h3>\n<p>Le SDK IFC apporte des outils de d\u00e9veloppement pour la lecture et l&rsquo;\u00e9criture d&rsquo;un mod\u00e8le d&rsquo;informations unique du b\u00e2timent (BIM) d\u00e9fini dans le format Industry Foundation Classes (IFC). La premi\u00e8re version du SDK IFC est fourni en langage C++. Elle est compatible avec la norme IFC 2X3 TC1 d\u00e9velopp\u00e9e par l&rsquo;International Alliance for Interoperability (IAI \u2013 BuildingSmart, voir : <a href=\"https:\/\/www.buildingsmart.com\/\">https:\/\/www.buildingsmart.com\/<\/a>).<\/p>\n<h3>Caract\u00e9ristiques\u00a0:<\/h3>\n<p>Principales caract\u00e9ristiques du projet du SDK IFC :<\/p>\n<ol>\n<li>lecture et \u00e9criture d&rsquo;un mod\u00e8le BIM d\u00e9fini au format ASCII ISO-10303-21 Step Physical File (SPF) et conforme au mod\u00e8le de donn\u00e9es IFC 2X3 TC1 ISO-103030-11 EXPRESS ;<\/li>\n<li>possibilit\u00e9 d&rsquo;analyser et de g\u00e9rer tout l&rsquo;ensemble d&rsquo;entit\u00e9s de la norme IFC 2X3 TC1 ;<\/li>\n<li>analyse et gestion des attributs\u00a0EXPRESS INVERSE et DERIVED<\/li>\n<li>gestion du BIM dans la m\u00e9moire<\/li>\n<li>multi-mod\u00e8les<\/li>\n<\/ol>\n<h3>Code source<\/h3>\n<p><a href=\"https:\/\/files.asuni.com\/visualarq\/legal\/licenses\/ifc-sdk-1.0.3.11.zip\">ifc-sdk-1.0.3.11.zip<\/a> <hr class=\"separator\"><\/p>\n<h2>VLD<\/h2>\n<p><a href=\"https:\/\/vld.codeplex.com\">https:\/\/vld.codeplex.com<\/a><\/p>\n<h3>Licence :<\/h3>\n<p><a href=\"https:\/\/vld.codeplex.com\/license\">Licence publique g\u00e9n\u00e9rale limit\u00e9e GNU (LGPL)<\/a><\/p>\n<h3>Description du projet :<\/h3>\n<p>Visual Leak Detector est un syst\u00e8me de d\u00e9tection de fuites de m\u00e9moire open-source, gratuit et robuste pour Visual C++. Il est assez facile \u00e0 utiliser. Apr\u00e8s son installation, il suffit de dire \u00e0 C++ o\u00f9 trouver le fichier d&rsquo;en-t\u00eate et de biblioth\u00e8que associ\u00e9. Il peut ensuite \u00eatre utilis\u00e9 avec n&rsquo;importe quel projet C\/C++ en ajoutant simplement la ligne suivante dans votre code : <code>#include &lt;vld.h&gt;<\/code> Lorsque vous lancez votre programme sous le d\u00e9bogueur de Visual Studio, Visual Leak Detector \u00e9ditera un rapport de fuite de m\u00e9moire \u00e0 la fin de la session de d\u00e9bogage. Le rapport de fuite comprend la pile compl\u00e8te d&rsquo;appels montrant comment les blocs de m\u00e9moire perdus ont \u00e9t\u00e9 allou\u00e9s. Double cliquez sur une ligne dans la pile d&rsquo;appels pour voir ce fichier et cette ligne dans la fen\u00eatre de l&rsquo;\u00e9diteur. C&rsquo;est une fa\u00e7on tr\u00e8s efficace de diagnostiquer et r\u00e9parer rapidement des fuites de m\u00e9moire dans les applications C\/C++.<\/p>\n[\/et_pb_accordion_item][\/et_pb_accordion][\/et_pb_column][\/et_pb_row][\/et_pb_section]","protected":false},"excerpt":{"rendered":"<p>MENTION L\u00c9GALE L\u2019acc\u00e8s \u00e0 ce site est enti\u00e8rement volontaire et attribue \u00e0 la personne qui y acc\u00e8de le statut d\u2019utilisateur. En acc\u00e9dant \u00e0 ce site vous acceptez pleinement et sans aucune r\u00e9serve, les termes et conditions g\u00e9n\u00e9rales \u00e9tablies ci-apr\u00e8s. En acc\u00e9dant \u00e0 ce site et en l&rsquo;utilisant, l\u2019utilisateur prend connaissance, comprend et accepte que les [&hellip;]<\/p>\n","protected":false},"author":1,"featured_media":0,"parent":11064,"menu_order":100,"comment_status":"closed","ping_status":"closed","template":"","meta":{"_et_pb_use_builder":"on","_et_pb_old_content":"<h1>Legal information<\/h1>","_et_gb_content_width":"","footnotes":""},"class_list":["post-42981","page","type-page","status-publish","hentry"],"yoast_head":"<!-- This site is optimized with the Yoast SEO plugin v27.3 - https:\/\/yoast.com\/product\/yoast-seo-wordpress\/ -->\n<title>Mention L\u00e9gale - VisualARQ<\/title>\n<meta name=\"robots\" content=\"noindex, follow, max-snippet:-1, max-image-preview:large, max-video-preview:-1\" \/>\n<meta property=\"og:locale\" content=\"fr_FR\" \/>\n<meta property=\"og:type\" content=\"article\" \/>\n<meta property=\"og:title\" content=\"Mention L\u00e9gale - VisualARQ\" \/>\n<meta property=\"og:description\" content=\"MENTION L\u00c9GALE L\u2019acc\u00e8s \u00e0 ce site est enti\u00e8rement volontaire et attribue \u00e0 la personne qui y acc\u00e8de le statut d\u2019utilisateur. En acc\u00e9dant \u00e0 ce site vous acceptez pleinement et sans aucune r\u00e9serve, les termes et conditions g\u00e9n\u00e9rales \u00e9tablies ci-apr\u00e8s. En acc\u00e9dant \u00e0 ce site et en l&#039;utilisant, l\u2019utilisateur prend connaissance, comprend et accepte que les [&hellip;]\" \/>\n<meta property=\"og:url\" content=\"https:\/\/stg.visualarq.com\/fr\/legal\/legal-notice\/\" \/>\n<meta property=\"og:site_name\" content=\"VisualARQ\" \/>\n<meta property=\"article:publisher\" content=\"https:\/\/www.facebook.com\/visualarq\" \/>\n<meta property=\"article:modified_time\" content=\"2026-01-14T11:24:09+00:00\" \/>\n<meta name=\"twitter:card\" content=\"summary_large_image\" \/>\n<meta name=\"twitter:site\" content=\"@VisualARQ\" \/>\n<meta name=\"twitter:label1\" content=\"Dur\u00e9e de lecture estim\u00e9e\" \/>\n\t<meta name=\"twitter:data1\" content=\"6 minutes\" \/>\n<script type=\"application\/ld+json\" class=\"yoast-schema-graph\">{\"@context\":\"https:\\\/\\\/schema.org\",\"@graph\":[{\"@type\":\"WebPage\",\"@id\":\"https:\\\/\\\/stg.visualarq.com\\\/fr\\\/legal\\\/legal-notice\\\/\",\"url\":\"https:\\\/\\\/stg.visualarq.com\\\/fr\\\/legal\\\/legal-notice\\\/\",\"name\":\"Mention L\u00e9gale - VisualARQ\",\"isPartOf\":{\"@id\":\"https:\\\/\\\/stg.visualarq.com\\\/fr\\\/#website\"},\"datePublished\":\"2026-01-14T11:17:38+00:00\",\"dateModified\":\"2026-01-14T11:24:09+00:00\",\"breadcrumb\":{\"@id\":\"https:\\\/\\\/stg.visualarq.com\\\/fr\\\/legal\\\/legal-notice\\\/#breadcrumb\"},\"inLanguage\":\"fr-FR\",\"potentialAction\":[{\"@type\":\"ReadAction\",\"target\":[\"https:\\\/\\\/stg.visualarq.com\\\/fr\\\/legal\\\/legal-notice\\\/\"]}]},{\"@type\":\"BreadcrumbList\",\"@id\":\"https:\\\/\\\/stg.visualarq.com\\\/fr\\\/legal\\\/legal-notice\\\/#breadcrumb\",\"itemListElement\":[{\"@type\":\"ListItem\",\"position\":1,\"name\":\"Home\",\"item\":\"https:\\\/\\\/stg.visualarq.com\\\/fr\\\/home\\\/\"},{\"@type\":\"ListItem\",\"position\":2,\"name\":\"Mention L\u00e9gale\"}]},{\"@type\":\"WebSite\",\"@id\":\"https:\\\/\\\/stg.visualarq.com\\\/fr\\\/#website\",\"url\":\"https:\\\/\\\/stg.visualarq.com\\\/fr\\\/\",\"name\":\"VisualARQ\",\"description\":\"Flexible BIM for Rhino\",\"potentialAction\":[{\"@type\":\"SearchAction\",\"target\":{\"@type\":\"EntryPoint\",\"urlTemplate\":\"https:\\\/\\\/stg.visualarq.com\\\/fr\\\/?s={search_term_string}\"},\"query-input\":{\"@type\":\"PropertyValueSpecification\",\"valueRequired\":true,\"valueName\":\"search_term_string\"}}],\"inLanguage\":\"fr-FR\"}]}<\/script>\n<!-- \/ Yoast SEO plugin. -->","yoast_head_json":{"title":"Mention L\u00e9gale - VisualARQ","robots":{"index":"noindex","follow":"follow","max-snippet":"max-snippet:-1","max-image-preview":"max-image-preview:large","max-video-preview":"max-video-preview:-1"},"og_locale":"fr_FR","og_type":"article","og_title":"Mention L\u00e9gale - VisualARQ","og_description":"MENTION L\u00c9GALE L\u2019acc\u00e8s \u00e0 ce site est enti\u00e8rement volontaire et attribue \u00e0 la personne qui y acc\u00e8de le statut d\u2019utilisateur. En acc\u00e9dant \u00e0 ce site vous acceptez pleinement et sans aucune r\u00e9serve, les termes et conditions g\u00e9n\u00e9rales \u00e9tablies ci-apr\u00e8s. En acc\u00e9dant \u00e0 ce site et en l'utilisant, l\u2019utilisateur prend connaissance, comprend et accepte que les [&hellip;]","og_url":"https:\/\/stg.visualarq.com\/fr\/legal\/legal-notice\/","og_site_name":"VisualARQ","article_publisher":"https:\/\/www.facebook.com\/visualarq","article_modified_time":"2026-01-14T11:24:09+00:00","twitter_card":"summary_large_image","twitter_site":"@VisualARQ","twitter_misc":{"Dur\u00e9e de lecture estim\u00e9e":"6 minutes"},"schema":{"@context":"https:\/\/schema.org","@graph":[{"@type":"WebPage","@id":"https:\/\/stg.visualarq.com\/fr\/legal\/legal-notice\/","url":"https:\/\/stg.visualarq.com\/fr\/legal\/legal-notice\/","name":"Mention L\u00e9gale - VisualARQ","isPartOf":{"@id":"https:\/\/stg.visualarq.com\/fr\/#website"},"datePublished":"2026-01-14T11:17:38+00:00","dateModified":"2026-01-14T11:24:09+00:00","breadcrumb":{"@id":"https:\/\/stg.visualarq.com\/fr\/legal\/legal-notice\/#breadcrumb"},"inLanguage":"fr-FR","potentialAction":[{"@type":"ReadAction","target":["https:\/\/stg.visualarq.com\/fr\/legal\/legal-notice\/"]}]},{"@type":"BreadcrumbList","@id":"https:\/\/stg.visualarq.com\/fr\/legal\/legal-notice\/#breadcrumb","itemListElement":[{"@type":"ListItem","position":1,"name":"Home","item":"https:\/\/stg.visualarq.com\/fr\/home\/"},{"@type":"ListItem","position":2,"name":"Mention L\u00e9gale"}]},{"@type":"WebSite","@id":"https:\/\/stg.visualarq.com\/fr\/#website","url":"https:\/\/stg.visualarq.com\/fr\/","name":"VisualARQ","description":"Flexible BIM for Rhino","potentialAction":[{"@type":"SearchAction","target":{"@type":"EntryPoint","urlTemplate":"https:\/\/stg.visualarq.com\/fr\/?s={search_term_string}"},"query-input":{"@type":"PropertyValueSpecification","valueRequired":true,"valueName":"search_term_string"}}],"inLanguage":"fr-FR"}]}},"_links":{"self":[{"href":"https:\/\/stg.visualarq.com\/fr\/wp-json\/wp\/v2\/pages\/42981","targetHints":{"allow":["GET"]}}],"collection":[{"href":"https:\/\/stg.visualarq.com\/fr\/wp-json\/wp\/v2\/pages"}],"about":[{"href":"https:\/\/stg.visualarq.com\/fr\/wp-json\/wp\/v2\/types\/page"}],"author":[{"embeddable":true,"href":"https:\/\/stg.visualarq.com\/fr\/wp-json\/wp\/v2\/users\/1"}],"replies":[{"embeddable":true,"href":"https:\/\/stg.visualarq.com\/fr\/wp-json\/wp\/v2\/comments?post=42981"}],"version-history":[{"count":2,"href":"https:\/\/stg.visualarq.com\/fr\/wp-json\/wp\/v2\/pages\/42981\/revisions"}],"predecessor-version":[{"id":43003,"href":"https:\/\/stg.visualarq.com\/fr\/wp-json\/wp\/v2\/pages\/42981\/revisions\/43003"}],"up":[{"embeddable":true,"href":"https:\/\/stg.visualarq.com\/fr\/wp-json\/wp\/v2\/pages\/11064"}],"wp:attachment":[{"href":"https:\/\/stg.visualarq.com\/fr\/wp-json\/wp\/v2\/media?parent=42981"}],"curies":[{"name":"wp","href":"https:\/\/api.w.org\/{rel}","templated":true}]}}