{"id":43126,"date":"2026-01-16T09:21:49","date_gmt":"2026-01-16T09:21:49","guid":{"rendered":"https:\/\/stg.visualarq.com\/features\/feuille-de-route\/"},"modified":"2026-02-05T10:22:58","modified_gmt":"2026-02-05T10:22:58","slug":"roadmap","status":"publish","type":"page","link":"https:\/\/stg.visualarq.com\/fr\/features\/roadmap\/","title":{"rendered":"Feuille de route"},"content":{"rendered":"\n<h1 class=\"wp-block-heading\">Feuille de route de VisualARQ<\/h1>\n\n<p>L\u2019\u00e9quipe de VisualARQ travaille actuellement sur la version 4 de VisualARQ.<\/p>\n\n<p>La liste ci-dessous pr\u00e9sente les nouvelles fonctionnalit\u00e9s que nous aimerions inclure dans VisualARQ\u00a04 ou dans les versions futures.<\/p>\n\n<p><\/p>\n\n<div class=\"wp-block-columns cuadrogris is-layout-flex wp-container-core-columns-is-layout-9d6595d7 wp-block-columns-is-layout-flex\" id=\"Interface\">\n<div class=\"wp-block-column is-layout-flow wp-block-column-is-layout-flow\">\n<h4 class=\"wp-block-heading\"><strong>Interface<\/strong><\/h4>\n\n\n\n<ul>\n<li>Regrouper les styles par dossiers dans la bo\u00eete de dialogue des styles. <span class=\"tag tag_planned\">Pr\u00e9vu<\/span><\/li>\n<li>Prise en charge du mode sombre. <span class=\"tag tag_planned\">Pr\u00e9vu<\/span><\/li>\n<li>Ic\u00f4nes vectorielles dans les barres d\u2019outils de VisualARQ. <span class=\"tag tag_planned\">Pr\u00e9vu<\/span><\/li>\n<\/ul>\n<\/div>\n<\/div>\n\n<p><\/p>\n\n<p><\/p>\n\n<div class=\"wp-block-columns cuadrogris is-layout-flex wp-container-core-columns-is-layout-9d6595d7 wp-block-columns-is-layout-flex\" id=\"Objects\">\n<div class=\"wp-block-column is-layout-flow wp-block-column-is-layout-flow\">\n<h4 class=\"wp-block-heading\"><strong>Objets<\/strong><\/h4>\n\n\n\n<ul>\n<li>Groupes d\u2019interf\u00e9rence\u00a0: option permettant de pr\u00e9ciser les objets qui s\u2019entrecroisent avec d\u2019autres selon des groupes. <span class=\"tag tag_planned\">Pr\u00e9vu<\/span><\/li>\n<li>Cr\u00e9er un objet de VisualARQ \u00e0 partir d\u2019un bloc <span class=\"tag tag_planned\">Pr\u00e9vu<\/span><\/li>\n<li>Biblioth\u00e8que de styles d\u2019objets enrichie dans les fichiers mod\u00e8les de VisualARQ. <span class=\"tag tag_inprogress\">En cours<\/span><\/li>\n<li>Attributs de hachures pour les objets dans les projections. <span class=\"tag tag_planned\">Pr\u00e9vu<\/span><\/li>\n<li>Nouvel objet Rampe. <span class=\"tag tag_planned\">Pr\u00e9vu<\/span><\/li>\n<li>Hauteur des objets par niveau. <span class=\"tag tag_planned\">Pr\u00e9vu<\/span><\/li>\n<li>Repr\u00e9sentation a\u00e9rienne de la g\u00e9om\u00e9trie de Rhino. <span class=\"tag tag_planned\">Pr\u00e9vu<\/span><\/li>\n<li>Attribut de silhouette pour les contours des objet avec plusieurs composants. <span class=\"tag tag_planned\">Pr\u00e9vu<\/span><\/li>\n<\/ul>\n<\/div>\n<\/div>\n\n<p><\/p>\n\n<p><\/p>\n\n<div class=\"wp-block-columns cuadrogris is-layout-flex wp-container-core-columns-is-layout-9d6595d7 wp-block-columns-is-layout-flex\" id=\"Walls\">\n<div class=\"wp-block-column is-layout-flow wp-block-column-is-layout-flow\">\n<h4 class=\"wp-block-heading\"><strong>Murs<\/strong><\/h4>\n\n\n\n<ul>\n\n<li>Murs \u00e0 partir de surfaces. <span class=\"tag tag_planned\">Pr\u00e9vu<\/span><\/li>\n<li>Murs inclin\u00e9s. <span class=\"tag tag_planned\">Pr\u00e9vu<\/span><\/li>\n<li>Faire arr\u00eater tous les retours des composants des murs au niveau du cadre de l\u2019ouverture. <span class=\"tag tag_planned\">Pr\u00e9vu<\/span><\/li>\n<li>Composants de structure. <span class=\"tag tag_planned\">Pr\u00e9vu<\/span><\/li>\n<li>Am\u00e9lioration des intersections des murs. <span class=\"tag tag_instudy\">\u00c0 l\u2019\u00e9tude<\/span><\/li>\n<\/ul>\n<\/div>\n<\/div>\n\n<p><\/p>\n\n<p><\/p>\n\n<div class=\"wp-block-columns cuadrogris is-layout-flex wp-container-core-columns-is-layout-9d6595d7 wp-block-columns-is-layout-flex\" id=\"Openings\">\n<div class=\"wp-block-column is-layout-flow wp-block-column-is-layout-flow\">\n<h4 class=\"wp-block-heading\"><strong>Portes et fen\u00eatres<\/strong><\/h4>\n\n\n\n<ul>\n<li>Solide en tant que profil d\u2019ouverture. <span class=\"tag tag_planned\">Pr\u00e9vu<\/span><\/li>\n<li>Afficher les lignes des ouvertures dans les vues en coupe et en \u00e9l\u00e9vation. <span class=\"tag tag_planned\">Pr\u00e9vu<\/span><\/li>\n<li>Profil\u00e9 personnalis\u00e9 pour le composant cadre. <span class=\"tag tag_planned\">Pr\u00e9vu<\/span><\/li>\n<\/ul>\n<\/div>\n<\/div>\n\n<p><\/p>\n\n<p><\/p>\n\n<div class=\"wp-block-columns cuadrogris is-layout-flex wp-container-core-columns-is-layout-9d6595d7 wp-block-columns-is-layout-flex\" id=\"Stairs\">\n<div class=\"wp-block-column is-layout-flow wp-block-column-is-layout-flow\">\n<h4 class=\"wp-block-heading\"><strong>Escaliers<\/strong><\/h4>\n\n\n\n<ul>\n<li>Escaliers \u00e0 partir de courbes. <span class=\"tag tag_planned\">Pr\u00e9vu<\/span><\/li>\n<li>Composant Limon. <span class=\"tag tag_planned\">Pr\u00e9vu<\/span><\/li>\n<li>Garde-corps li\u00e9s aux escaliers. <span class=\"tag tag_instudy\">\u00c0 l\u2019\u00e9tude<\/span><\/li>\n<li>Option permettant de ne pas dessiner la derni\u00e8re marche d\u2019un escalier. <span class=\"tag tag_planned\">Pr\u00e9vu<\/span><\/li>\n<\/ul>\n<\/div>\n<\/div>\n\n<p><\/p>\n\n<p><\/p>\n\n<div class=\"wp-block-columns cuadrogris is-layout-flex wp-container-core-columns-is-layout-9d6595d7 wp-block-columns-is-layout-flex\" id=\"IFC\">\n<div class=\"wp-block-column is-layout-flow wp-block-column-is-layout-flow\">\n<h4 class=\"wp-block-heading\"><strong>IFC<\/strong><\/h4>\n\n\n\n<ul>\n<li>Exportation IFC\u00a04. (Sera disponible dans une mise \u00e0 jour de VisualARQ 3.x) <span class=\"tag tag_inprogress\">En cours<\/span><\/li>\n<li>Lien entre les param\u00e8tres personnalis\u00e9s et les propri\u00e9t\u00e9s IFC. <span class=\"tag tag_planned\">Pr\u00e9vu<\/span><\/li>\n<li>Conservation des ID lors de l\u2019importation ou exportation de fichiers IFC. <span class=\"tag tag_instudy\">\u00c0 l\u2019\u00e9tude<\/span><\/li>\n<li>Prise en charge du point de d\u00e9f\u00e9rence du mod\u00e8le <span class=\"tag tag_planned\">Pr\u00e9vu<\/span><\/li>\n<li>Attribution de diff\u00e9rents types IFC aux objets de VisualARQ <span class=\"tag tag_planned\">Pr\u00e9vu<\/span><\/li>\n<\/ul>\n<\/div>\n<\/div>\n\n<p><\/p>\n\n<p><\/p>\n\n<div class=\"wp-block-columns cuadrogris is-layout-flex wp-container-core-columns-is-layout-9d6595d7 wp-block-columns-is-layout-flex\" id=\"GH-Styles\">\n<div class=\"wp-block-column is-layout-flow wp-block-column-is-layout-flow\">\n<h4 class=\"wp-block-heading\"><strong>Styles de Grasshopper<\/strong><\/h4>\n\n\n\n<ul>\n<li>Donn\u00e9es de d\u00e9part multiples. <span class=\"tag tag_planned\">Pr\u00e9vu<\/span><\/li>\n<li>Meubles et \u00e9l\u00e9ments \u00e0 partir d\u2019une surface ou d\u2019une courbe guide en tant que g\u00e9om\u00e9trie d\u2019entr\u00e9e. <span class=\"tag tag_planned\">Pr\u00e9vu<\/span><\/li>\n<li>Courbes de d\u00e9part pour les escaliers. <span class=\"tag tag_planned\">Pr\u00e9vu<\/span><\/li>\n<li>Objets et styles de VisualARQ comme entr\u00e9es (assemblages). <span class=\"tag tag_planned\">Pr\u00e9vu<\/span><\/li>\n<li>Objets de VisualARQ en tant que composants de sortie (ensembles d\u2019objets). <span class=\"tag tag_planned\">Pr\u00e9vu<\/span><\/li>\n<li>Acc\u00e8s \u00e0 la d\u00e9finition de Grasshopper des styles de Grasshopper <span class=\"tag tag_planned\">Pr\u00e9vu<\/span><\/li>\n<li>Enregistrement de la configuration des valeurs dans les styles de Grasshopper sous forme de pr\u00e9r\u00e9glages. <span class=\"tag tag_planned\">Pr\u00e9vu<\/span><\/li>\n<\/ul>\n<\/div>\n<\/div>\n\n<p><\/p>\n\n<p><\/p>\n\n<div class=\"wp-block-columns cuadrogris is-layout-flex wp-container-core-columns-is-layout-9d6595d7 wp-block-columns-is-layout-flex\" id=\"GH-Components\">\n<div class=\"wp-block-column is-layout-flow wp-block-column-is-layout-flow\">\n<h4 class=\"wp-block-heading\"><strong>Composants de Grasshopper<\/strong><\/h4>\n\n\n\n<ul>\n<li>Ajouter une option pour calculer les intersection entre les objets de VisualARQ dans Grashopper. <span class=\"tag tag_planned\">Pr\u00e9vu<\/span><\/li>\n<li>Exporter vers IFC depuis Grasshopper. <span class=\"tag tag_planned\">Pr\u00e9vu<\/span><\/li>\n<li>Assigner et obtenir des attributs sur des objets et des styles. <span class=\"tag tag_planned\">Pr\u00e9vu<\/span><\/li>\n<li>Internaliser les objets et styles de VisualARQ <span class=\"tag tag_planned\">Pr\u00e9vu<\/span><\/li>\n<li>Obtenir les textes et hachures \u00e0 partir de blocs et d\u2019objets de VisualARQ. <span class=\"tag tag_planned\">Pr\u00e9vu<\/span><\/li>\n<li>\u00c9tiqueter des composants d\u2019objets. <span class=\"tag tag_planned\">Pr\u00e9vu<\/span><\/li>\n<\/ul>\n<\/div>\n<\/div>\n\n<p><\/p>\n\n<p><\/p>\n\n<div class=\"wp-block-columns cuadrogris is-layout-flex wp-container-core-columns-is-layout-9d6595d7 wp-block-columns-is-layout-flex\" id=\"Documentation\">\n<div class=\"wp-block-column is-layout-flow wp-block-column-is-layout-flow\">\n<h4 class=\"wp-block-heading\"><strong>Documentation<\/strong><\/h4>\n\n\n\n<ul>\n<li>Show tags in Perspective and Elevation views. <span class=\"tag tag_planned\">Planned<\/span><\/li>\n<li>Tags with leaders <span class=\"tag tag_planned\">Planned<\/span><\/li>\n<li>Section views from curves (\u00ab\u00a0Unrolled Section views\u00a0\u00bb). <span class=\"tag tag_planned\">Planned<\/span><\/li>\n<li>Calculated parameters. <span class=\"tag tag_planned\">Planned<\/span><\/li>\n<li>Generate dimensions from walls and openings automatically. <span class=\"tag tag_planned\">Planned<\/span><\/li>\n<li>Dimensions linked to VisualARQ objects. <span class=\"tag tag_planned\">Planned<\/span><\/li>\n<li>Annotation Callout. <span class=\"tag tag_planned\">Planned<\/span><\/li>\n<li>Calculate real volume of spaces. <span class=\"tag tag_planned\">Planned<\/span><\/li>\n<\/ul>\n<\/div>\n<\/div>\n\n<p><\/p>\n\n<p><\/p>\n\n<div class=\"wp-block-columns cuadrogris is-layout-flex wp-container-core-columns-is-layout-9d6595d7 wp-block-columns-is-layout-flex\" id=\"Views\">\n<div class=\"wp-block-column is-layout-flow wp-block-column-is-layout-flow\">\n<h4 class=\"wp-block-heading\"><strong>Vues<\/strong><\/h4>\n\n\n\n<ul>\n<li>Panneau Gestionnaire de vues avec la liste des vues du projet (plans, coupes, \u00e9l\u00e9vations, vues 3D&#8230;) <span class=\"tag tag_planned\">Pr\u00e9vu<\/span><\/li>\n<li>G\u00e9rer les vues sur diff\u00e9rents niveaux de d\u00e9tails. <span class=\"tag tag_planned\">Pr\u00e9vu<\/span><\/li>\n<\/ul>\n<\/div>\n<\/div>\n\n<p><\/p>\n\n<p><\/p>\n\n<div class=\"wp-block-columns cuadrogris is-layout-flex wp-container-core-columns-is-layout-9d6595d7 wp-block-columns-is-layout-flex\" id=\"Hidden-Line-Vector-Output\">\n<div class=\"wp-block-column is-layout-flow wp-block-column-is-layout-flow\">\n<h4 class=\"wp-block-heading\"><strong>Sortie vectorielle lignes cach\u00e9es<\/strong><\/h4>\n\n\n\n<ul>\n<li>Am\u00e9lioration du moteur de sortie vectorielle de lignes cach\u00e9es. <span class=\"tag tag_planned\">Pr\u00e9vu<\/span><\/li>\n<li>Affichage des lignes cach\u00e9es. <span class=\"tag tag_planned\">Pr\u00e9vu<\/span><\/li>\n<li>Ombres vectorielles. <span class=\"tag tag_planned\">Pr\u00e9vu<\/span><\/li>\n<li>Attribut de silhouette en mode d\u2019affichage Cach\u00e9. <span class=\"tag tag_planned\">Pr\u00e9vu<\/span><\/li>\n<li>Effet de demi-teinte dans les vues. <span class=\"tag tag_planned\">Pr\u00e9vu<\/span><\/li>\n<\/ul>\n<\/div>\n<\/div>\n\n<p><\/p>\n\n<p><\/p>\n\n<div class=\"wp-block-columns cuadrogris is-layout-flex wp-container-core-columns-is-layout-9d6595d7 wp-block-columns-is-layout-flex\" id=\"Tables\">\n<div class=\"wp-block-column is-layout-flow wp-block-column-is-layout-flow\">\n<h4 class=\"wp-block-heading\"><strong>Nomenclatures<\/strong><\/h4>\n\n\n\n<ul>\n<li>Liste des informations sur les composants du style d\u2019objet. <span class=\"tag tag_planned\">Pr\u00e9vu<\/span><\/li>\n<li>Formules dans les tableaux. <span class=\"tag tag_planned\">Pr\u00e9vu<\/span><\/li>\n<li>Liste des informations de base de la g\u00e9om\u00e9trie de Rhino (longueur, aire et volume). <span class=\"tag tag_planned\">Pr\u00e9vu<\/span><\/li>\n<\/ul>\n<\/div>\n<\/div>\n\n<p><\/p>\n\n<p><\/p>\n\n<div class=\"wp-block-columns cuadrogris is-layout-flex wp-container-core-columns-is-layout-9d6595d7 wp-block-columns-is-layout-flex\" id=\"Other\">\n<div class=\"wp-block-column is-layout-flow wp-block-column-is-layout-flow\">\n<h4 class=\"wp-block-heading\"><strong>Autre<\/strong><\/h4>\n\n\n\n<ul>\n<li>Enrichir les fonctions de l\u2019API SDK disponibles pour VisualARQ. <span class=\"tag tag_released\">Sorti<\/span><span class=\"tag tag_inprogress\">En cours<\/span><\/li>\n<li>Attributs (y compris les attributs de section) par mat\u00e9riau. <span class=\"tag tag_planned\">Pr\u00e9vu<\/span><\/li>\n<li>G\u00e9rer la visibilit\u00e9 du projet et les attributs et par phase de construction. <span class=\"tag tag_planned\">Pr\u00e9vu<\/span><\/li>\n<li>Copier les propri\u00e9t\u00e9s pour les attributs et propri\u00e9t\u00e9s des objets de VisualARQ. <span class=\"tag tag_planned\">Pr\u00e9vu<\/span><\/li>\n\n<li>Outil pour rechercher et s\u00e9lectionner des objets en fonction de leurs param\u00e8tres. <span class=\"tag tag_planned\">Pr\u00e9vu<\/span><\/li>\n<li>VisualARQ pour MAC. <span class=\"tag tag_instudy\">\u00c0 l\u2019\u00e9tude<\/span><\/li>\n<\/ul>\n<\/div>\n<\/div>\n\n<hr class=\"wp-block-separator has-alpha-channel-opacity\"\/>\n\n<h2 class=\"wp-block-heading\">L\u00e9gende des fonctions<\/h2>\n\n<figure class=\"wp-block-table is-style-stripes\">\n<table>\n<tbody>\n<tr>\n<td><span class=\"tag tag_instudy\">\u00c0 l\u2019\u00e9tude<\/span><\/td>\n<td>Fonction qui peut \u00eatre consid\u00e9r\u00e9e pour les futures versions de VisualARQ.<\/td>\n<\/tr>\n<tr>\n<td><span class=\"tag tag_planned\">Pr\u00e9vu<\/span><\/td>\n<td>Fonction que nous avons pr\u00e9vu de d\u00e9velopper dans une future version de VisualARQ, mais dont le d\u00e9veloppement n\u2019a pas commenc\u00e9.<\/td>\n<\/tr>\n<tr>\n<td><span class=\"tag tag_inprogress\">En cours<\/span><\/td>\n<td>Fonction actuellement en cours de d\u00e9veloppement.<\/td>\n<\/tr>\n<tr>\n<td><span class=\"tag tag_intesting\">En cours de test<\/span><\/td>\n<td>Fonction implant\u00e9e dans notre version WIP et en cours de v\u00e9rification.<\/td>\n<\/tr>\n<tr>\n<td><span class=\"tag tag_completed\">Termin\u00e9<\/span><\/td>\n<td>Fonction implant\u00e9e dans notre version WIP et fonctionnant correctement.<\/td>\n<\/tr>\n<tr>\n<td><span class=\"tag tag_released\">Sorti<\/span><\/td>\n<td>Fonction disponible dans la version publique actuelle.<\/td>\n<\/tr>\n<\/tbody>\n<\/table>\n<\/figure>\n","protected":false},"excerpt":{"rendered":"<p>Feuille de route de VisualARQ L\u2019\u00e9quipe de VisualARQ travaille actuellement sur la version 4 de VisualARQ. La liste ci-dessous pr\u00e9sente les nouvelles fonctionnalit\u00e9s que nous aimerions inclure dans VisualARQ\u00a04 ou dans les versions futures. Interface Regrouper les styles par dossiers dans la bo\u00eete de dialogue des styles. Pr\u00e9vu Prise en charge du mode sombre. Pr\u00e9vu [&hellip;]<\/p>\n","protected":false},"author":6,"featured_media":0,"parent":38781,"menu_order":0,"comment_status":"closed","ping_status":"closed","template":"","meta":{"_et_pb_use_builder":"off","_et_pb_old_content":"","_et_gb_content_width":"","footnotes":""},"class_list":["post-43126","page","type-page","status-publish","hentry"],"yoast_head":"<!-- This site is optimized with the Yoast SEO plugin v27.2 - https:\/\/yoast.com\/product\/yoast-seo-wordpress\/ -->\n<title>Feuille de route - VisualARQ<\/title>\n<meta name=\"robots\" content=\"noindex, follow, max-snippet:-1, max-image-preview:large, max-video-preview:-1\" \/>\n<meta property=\"og:locale\" content=\"fr_FR\" \/>\n<meta property=\"og:type\" content=\"article\" \/>\n<meta property=\"og:title\" content=\"Feuille de route - VisualARQ\" \/>\n<meta property=\"og:description\" content=\"Feuille de route de VisualARQ L\u2019\u00e9quipe de VisualARQ travaille actuellement sur la version 4 de VisualARQ. La liste ci-dessous pr\u00e9sente les nouvelles fonctionnalit\u00e9s que nous aimerions inclure dans VisualARQ\u00a04 ou dans les versions futures. Interface Regrouper les styles par dossiers dans la bo\u00eete de dialogue des styles. Pr\u00e9vu Prise en charge du mode sombre. Pr\u00e9vu [&hellip;]\" \/>\n<meta property=\"og:url\" content=\"https:\/\/stg.visualarq.com\/fr\/features\/roadmap\/\" \/>\n<meta property=\"og:site_name\" content=\"VisualARQ\" \/>\n<meta property=\"article:publisher\" content=\"https:\/\/www.facebook.com\/visualarq\" \/>\n<meta property=\"article:modified_time\" content=\"2026-02-05T10:22:58+00:00\" \/>\n<meta name=\"twitter:card\" content=\"summary_large_image\" \/>\n<meta name=\"twitter:site\" content=\"@VisualARQ\" \/>\n<meta name=\"twitter:label1\" content=\"Dur\u00e9e de lecture estim\u00e9e\" \/>\n\t<meta name=\"twitter:data1\" content=\"4 minutes\" \/>\n<script type=\"application\/ld+json\" class=\"yoast-schema-graph\">{\"@context\":\"https:\/\/schema.org\",\"@graph\":[{\"@type\":\"WebPage\",\"@id\":\"https:\/\/stg.visualarq.com\/fr\/features\/roadmap\/\",\"url\":\"https:\/\/stg.visualarq.com\/fr\/features\/roadmap\/\",\"name\":\"Feuille de route - VisualARQ\",\"isPartOf\":{\"@id\":\"https:\/\/stg.visualarq.com\/fr\/#website\"},\"datePublished\":\"2026-01-16T09:21:49+00:00\",\"dateModified\":\"2026-02-05T10:22:58+00:00\",\"breadcrumb\":{\"@id\":\"https:\/\/stg.visualarq.com\/fr\/features\/roadmap\/#breadcrumb\"},\"inLanguage\":\"fr-FR\",\"potentialAction\":[{\"@type\":\"ReadAction\",\"target\":[\"https:\/\/stg.visualarq.com\/fr\/features\/roadmap\/\"]}]},{\"@type\":\"BreadcrumbList\",\"@id\":\"https:\/\/stg.visualarq.com\/fr\/features\/roadmap\/#breadcrumb\",\"itemListElement\":[{\"@type\":\"ListItem\",\"position\":1,\"name\":\"Home\",\"item\":\"https:\/\/stg.visualarq.com\/fr\/home\/\"},{\"@type\":\"ListItem\",\"position\":2,\"name\":\"Feuille de route\"}]},{\"@type\":\"WebSite\",\"@id\":\"https:\/\/stg.visualarq.com\/fr\/#website\",\"url\":\"https:\/\/stg.visualarq.com\/fr\/\",\"name\":\"VisualARQ\",\"description\":\"Flexible BIM for Rhino\",\"potentialAction\":[{\"@type\":\"SearchAction\",\"target\":{\"@type\":\"EntryPoint\",\"urlTemplate\":\"https:\/\/stg.visualarq.com\/fr\/?s={search_term_string}\"},\"query-input\":{\"@type\":\"PropertyValueSpecification\",\"valueRequired\":true,\"valueName\":\"search_term_string\"}}],\"inLanguage\":\"fr-FR\"}]}<\/script>\n<!-- \/ Yoast SEO plugin. -->","yoast_head_json":{"title":"Feuille de route - VisualARQ","robots":{"index":"noindex","follow":"follow","max-snippet":"max-snippet:-1","max-image-preview":"max-image-preview:large","max-video-preview":"max-video-preview:-1"},"og_locale":"fr_FR","og_type":"article","og_title":"Feuille de route - VisualARQ","og_description":"Feuille de route de VisualARQ L\u2019\u00e9quipe de VisualARQ travaille actuellement sur la version 4 de VisualARQ. La liste ci-dessous pr\u00e9sente les nouvelles fonctionnalit\u00e9s que nous aimerions inclure dans VisualARQ\u00a04 ou dans les versions futures. Interface Regrouper les styles par dossiers dans la bo\u00eete de dialogue des styles. Pr\u00e9vu Prise en charge du mode sombre. Pr\u00e9vu [&hellip;]","og_url":"https:\/\/stg.visualarq.com\/fr\/features\/roadmap\/","og_site_name":"VisualARQ","article_publisher":"https:\/\/www.facebook.com\/visualarq","article_modified_time":"2026-02-05T10:22:58+00:00","twitter_card":"summary_large_image","twitter_site":"@VisualARQ","twitter_misc":{"Dur\u00e9e de lecture estim\u00e9e":"4 minutes"},"schema":{"@context":"https:\/\/schema.org","@graph":[{"@type":"WebPage","@id":"https:\/\/stg.visualarq.com\/fr\/features\/roadmap\/","url":"https:\/\/stg.visualarq.com\/fr\/features\/roadmap\/","name":"Feuille de route - VisualARQ","isPartOf":{"@id":"https:\/\/stg.visualarq.com\/fr\/#website"},"datePublished":"2026-01-16T09:21:49+00:00","dateModified":"2026-02-05T10:22:58+00:00","breadcrumb":{"@id":"https:\/\/stg.visualarq.com\/fr\/features\/roadmap\/#breadcrumb"},"inLanguage":"fr-FR","potentialAction":[{"@type":"ReadAction","target":["https:\/\/stg.visualarq.com\/fr\/features\/roadmap\/"]}]},{"@type":"BreadcrumbList","@id":"https:\/\/stg.visualarq.com\/fr\/features\/roadmap\/#breadcrumb","itemListElement":[{"@type":"ListItem","position":1,"name":"Home","item":"https:\/\/stg.visualarq.com\/fr\/home\/"},{"@type":"ListItem","position":2,"name":"Feuille de route"}]},{"@type":"WebSite","@id":"https:\/\/stg.visualarq.com\/fr\/#website","url":"https:\/\/stg.visualarq.com\/fr\/","name":"VisualARQ","description":"Flexible BIM for Rhino","potentialAction":[{"@type":"SearchAction","target":{"@type":"EntryPoint","urlTemplate":"https:\/\/stg.visualarq.com\/fr\/?s={search_term_string}"},"query-input":{"@type":"PropertyValueSpecification","valueRequired":true,"valueName":"search_term_string"}}],"inLanguage":"fr-FR"}]}},"_links":{"self":[{"href":"https:\/\/stg.visualarq.com\/fr\/wp-json\/wp\/v2\/pages\/43126","targetHints":{"allow":["GET"]}}],"collection":[{"href":"https:\/\/stg.visualarq.com\/fr\/wp-json\/wp\/v2\/pages"}],"about":[{"href":"https:\/\/stg.visualarq.com\/fr\/wp-json\/wp\/v2\/types\/page"}],"author":[{"embeddable":true,"href":"https:\/\/stg.visualarq.com\/fr\/wp-json\/wp\/v2\/users\/6"}],"replies":[{"embeddable":true,"href":"https:\/\/stg.visualarq.com\/fr\/wp-json\/wp\/v2\/comments?post=43126"}],"version-history":[{"count":1,"href":"https:\/\/stg.visualarq.com\/fr\/wp-json\/wp\/v2\/pages\/43126\/revisions"}],"predecessor-version":[{"id":43127,"href":"https:\/\/stg.visualarq.com\/fr\/wp-json\/wp\/v2\/pages\/43126\/revisions\/43127"}],"up":[{"embeddable":true,"href":"https:\/\/stg.visualarq.com\/fr\/wp-json\/wp\/v2\/pages\/38781"}],"wp:attachment":[{"href":"https:\/\/stg.visualarq.com\/fr\/wp-json\/wp\/v2\/media?parent=43126"}],"curies":[{"name":"wp","href":"https:\/\/api.w.org\/{rel}","templated":true}]}}