{"id":11405,"date":"2011-01-20T00:00:00","date_gmt":"2011-01-20T00:00:00","guid":{"rendered":"https:\/\/stg.visualarq.com\/legal\/"},"modified":"2020-10-18T13:38:08","modified_gmt":"2020-10-18T13:38:08","slug":"legal","status":"publish","type":"page","link":"https:\/\/stg.visualarq.com\/it\/legal\/","title":{"rendered":"Info legali"},"content":{"rendered":"[et_pb_section fb_built=&#8221;1&#8243; admin_label=&#8221;section&#8221; _builder_version=&#8221;3.22&#8243;][et_pb_row admin_label=&#8221;row&#8221; _builder_version=&#8221;3.25&#8243; background_size=&#8221;initial&#8221; background_position=&#8221;top_left&#8221; background_repeat=&#8221;repeat&#8221;][et_pb_column type=&#8221;4_4&#8243; _builder_version=&#8221;3.25&#8243; custom_padding=&#8221;|||&#8221; custom_padding__hover=&#8221;|||&#8221;][et_pb_post_title meta=&#8221;off&#8221; featured_image=&#8221;off&#8221; admin_label=&#8221;Titulo de la p\u00e1gina&#8221; _builder_version=&#8221;3.0.87&#8243; title_font=&#8221;|on|||&#8221; title_font_size=&#8221;30px&#8221; title_all_caps=&#8221;off&#8221; background_color=&#8221;rgba(255,255,255,0)&#8221; parallax=&#8221;on&#8221; parallax_method=&#8221;off&#8221; parallax_effect=&#8221;on&#8221; module_bg_color=&#8221;rgba(255,255,255,0)&#8221; use_border_color=&#8221;off&#8221; border_color=&#8221;#ffffff&#8221; border_style=&#8221;solid&#8221; saved_tabs=&#8221;all&#8221;][\/et_pb_post_title][et_pb_accordion _builder_version=&#8221;4.6.5&#8243; hover_enabled=&#8221;0&#8243; border_style=&#8221;solid&#8221; sticky_enabled=&#8221;0&#8243;][et_pb_accordion_item title=&#8221;Note legali&#8221; _builder_version=&#8221;4.6.5&#8243; hover_enabled=&#8221;0&#8243; open=&#8221;on&#8221; sticky_enabled=&#8221;0&#8243;]<p><strong>NOTE LEGALI<\/strong><\/p>\n<p>L\u2019accesso a questo sito \u00e8 del tutto volontario e conferisce a quanti vi provvedono, la condizione di utente. L&#8217;accesso comporta la piena accettazione senza riserva alcuna, da tale momento in poi, delle condizioni di cui alle Note Legali. Nell\u2019accesso al sito, l\u2019utente assume, conosce e accetta che i dati e le informazioni su prodotti e servizi nonch\u00e9 qualsiasi altro dato e informazione di cui al sito medesimo, vengono presentati unicamente ed esclusivamente a fini informativi e, in ogni istante, possono contenere errori, imprecisioni oppure non essere aggiornati. Asuni CAD, S.A. (da qui in avanti &#8220;Asuni&#8221;) si riserva il diritto di sospendere provvisoriamente oppure di annullare definitivamente, senza bisogno di preavviso, l\u2019accessibilit\u00e0 al proprio sito web in funzione delle operazioni di manutenzione, di riparazione, di aggiornamento e di miglioramento eventualmente necessarie. Inoltre, Asuni si riserva il diritto di modificare unilateralmente le condizioni di accesso al medesimo ed ai suoi contenuti.<\/p>\n<p><strong>LIMITAZIONE DI RESPONSABILIT\u00c0<\/strong><\/p>\n<p>Asuni non si fa garante del funzionamento corretto del sito web, delle informazioni, del software, dei materiali o dei prodotti riportati nel medesimo, conformemente a quanto previsto dalla legislazione. Sia l\u2019accesso che l\u2019uso del sito web nonch\u00e9 delle informazioni contenute nel medesimo, rientrano nella responsabilit\u00e0 esclusiva di quanti ne fanno uso. Asuni declina qualsivoglia responsabilit\u00e0 per gli eventuali danni, diretti e indiretti, derivanti dall\u2019interruzione o dalla mancata continuit\u00e0 del sito web, dall\u2019accesso e dall\u2019uso delle informazioni ivi contenute nonch\u00e9 degli eventuali danni arrecati al sistema informatico dell\u2019utente, ai file e ai documenti memorizzati nel medesimo, a seguito della presenza di virus nel computer dell\u2019utente, utilizzato per la connessione, del cattivo funzionamento del browser oppure dell\u2019uso di versioni non aggiornate del medesimo.<\/p>\n<p><strong>PROPRIET\u00c0 INTELLETTUALE E INDUSTRIALE<\/strong><\/p>\n<p>L\u2019utente si impegna a utilizzare il sito web e i rispettivi contenuti in ottemperanza alla legislazione spagnola vigente e al principio della buona fede. Ne viene, altres\u00ec, vietato l\u2019uso a scopi illeciti o lesivi di Asuni oppure di un qualsiasi terzo oppure fini comunque in grado di arrecare danni oppure di impedire il funzionamento normale del sito web. Il contenuto del sito web (file, testi, grafici, file audio, immagini, fotografie, ecc.) \u00e8 tutelato dalle leggi spagnole e dai trattati internazionali sulla propriet\u00e0 intellettuale e industriale. In nessun caso, la fornitura di contenuti e l\u2019accesso a tale sito web comporter\u00e0 rinuncia, trasferimento oppure cessione totale o parziale di tali diritti n\u00e9 conferir\u00e0 diritto alcuno in termini di utilizzo, alterazione, uso, riproduzione, distribuzione, trasformazione e comunicazione pubblica di tali contenuti se non autorizzati espressamente e previamente da Asuni. \u00c8 consentito visualizzare e ottenere una copia privata di sicurezza di tali contenuti purch\u00e9: (i) tale diritto venga esercitato secondo il principio della buona fede; (ii) in ogni caso, il contenuto rimanga invariato; (iii) l\u2019eventuale copia privata di sicurezza riporti il copyright e gli altri dati identificativi dei diritti di Asuni e (iv) non vi si provveda per fini commerciali ma esclusivamente a titolo di informazione personale dell\u2019utente. \u00a9 Asuni CAD, S.A., 2015. Tutti i diritti riservati<\/p>\n<p><strong>POLITICA SUI COOKIE<\/strong><\/p>\n<p><a href=\"\/it\/legal\/cookie-policy\/\">Politica sui cookie<\/a><\/p>\n<p><strong>POLITICA SULLA RISERVATEZZA<\/strong><\/p>\n<p><a href=\"\/it\/legal\/privacy-policy\/\">Politica sulla riservatezza<\/a><\/p>\n[\/et_pb_accordion_item][et_pb_accordion_item title=&#8221;Licenze utenti&#8221; _builder_version=&#8221;3.0.47&#8243; open=&#8221;off&#8221;]<h2>EULA di VisualARQ<\/h2>\n\n<a href=\"https:\/\/files.asuni.com\/visualarq\/legal\/licenses\/eula.zip\">Scarica l&#8217;EULA di VisualARQ<\/a> (Contratto di licenza d&#8217;uso per utenti finali). <hr class=\"separator\">\n\n<h2>CSTB IFC-SDK<\/h2>\n\n<a href=\"https:\/\/joinup.ec.europa.eu\/software\/ifc-sdk\/home\">https:\/\/joinup.ec.europa.eu\/software\/ifc-sdk\/home<\/a>\n\n<h3>Licenza:<\/h3>\n\n<a href=\"https:\/\/joinup.ec.europa.eu\/svn\/ifc-sdk\/trunk\/Licence.txt\">GNU Lesser General Public License (LGPL)<\/a>\n\n<h3>Descrizione:<\/h3>\n\nIl progetto IFC SDK fornisce un kit di sviluppo di software (SDK) per la lettura e la scrittura di modelli BIM (Building Information Modeling) definiti nel formato IFC (Industry Foundation Classes). La prima versione dell&#8217;IFC SDK viene offerta nel linguaggio di programmazione C++ ed \u00e8 compatibile con lo standard IFC 2\u00d73 TC1 sviluppato dall&#8217;IAI (International Alliance for Interoperability, BuildingSmart, si veda: <a href=\"https:\/\/www.buildingsmart.com\/\">https:\/\/www.buildingsmart.com\/<\/a>).\n\n<h3>Caratteristiche:<\/h3>\n\nLe principali caratteristiche del progetto IFC SDK sono:\n\n<ol>\n\n \t<li>lettura e scrittura di un modello BIM definito in formato ISO-10303-21 Step Physical File (SPF) ASCII e compatibile con il modello di dati IFC 2X3 TC1 ISO-103030-11 EXPRESS;<\/li>\n\n \t<li>funzionalit\u00e0 di analisi e di gestione dell&#8217;insieme completo di entit\u00e0 dello standard IFC 2X3 TC1;<\/li>\n\n \t<li>analisi e gestione degli attributi EXPRESS INVERSE e DERIVED<\/li>\n\n \t<li>gestione BIM nella memoria<\/li>\n\n \t<li>molteplici modelli<\/li>\n\n<\/ol>\n\n<h3>Codice sorgente<\/h3>\n\n<a href=\"https:\/\/files.asuni.com\/visualarq\/legal\/licenses\/ifc-sdk-1.0.3.11.zip\">ifc-sdk-1.0.3.11.zip<\/a> <hr class=\"separator\">\n\n<h2>VLD<\/h2>\n\n<a href=\"https:\/\/vld.codeplex.com\">https:\/\/vld.codeplex.com<\/a>\n\n<h3>Licenza:<\/h3>\n\n<a href=\"https:\/\/vld.codeplex.com\/license\">GNU Lesser General Public License (LGPL)<\/a>\n\n<h3>Descrizione del progetto:<\/h3>\n\nVisual Leak Detector \u00e8 un potente sistema di rilevazione di bug di perdita di memoria, gratuito ed open-source, per Visual C++. \u00c8 molto facile da usare. Una volta installato, basta solo indicare a Visual C++ dove si trovano l&#8217;intestazione ed il file di libreria inclusi. Si pu\u00f2 quindi usare con qualsiasi progetto di C\/C++ aggiungendo semplicemente la seguente riga al proprio codice: <code>#include &lt;vld.h&gt;<\/code> Quando si esegue il programma con il debugger di Visual Studio, Visual Leak Detector genera un rapporto di perdita di memoria alla fine della sessione di debug. Il rapporto sulla perdita di memoria include l&#8217;intero stack di chiamate che mostra come si sono allocati gli eventuali blocchi di memoria persi. Fare doppio clic su una riga dello stack di chiamate per passare a quel file e quella riga nella finestra dell&#8217;editor. Si tratta di un modo molto efficace di eseguire la diagnosi e di risolvere velocemente eventuali perdite di memoria nelle applicazioni C\/C++.[\/et_pb_accordion_item][\/et_pb_accordion][\/et_pb_column][\/et_pb_row][\/et_pb_section]","protected":false},"excerpt":{"rendered":"<p>NOTE LEGALI L\u2019accesso a questo sito \u00e8 del tutto volontario e conferisce a quanti vi provvedono, la condizione di utente. L&#8217;accesso comporta la piena accettazione senza riserva alcuna, da tale momento in poi, delle condizioni di cui alle Note Legali. Nell\u2019accesso al sito, l\u2019utente assume, conosce e accetta che i dati e le informazioni su [&hellip;]<\/p>\n","protected":false},"author":1,"featured_media":0,"parent":0,"menu_order":100,"comment_status":"closed","ping_status":"closed","template":"","meta":{"_et_pb_use_builder":"on","_et_pb_old_content":"<h1>Legal information<\/h1>","_et_gb_content_width":"","footnotes":""},"class_list":["post-11405","page","type-page","status-publish","hentry"],"yoast_head":"<!-- This site is optimized with the Yoast SEO plugin v27.2 - https:\/\/yoast.com\/product\/yoast-seo-wordpress\/ -->\n<title>Info legali - VisualARQ<\/title>\n<meta name=\"robots\" content=\"noindex, follow, max-snippet:-1, max-image-preview:large, max-video-preview:-1\" \/>\n<meta property=\"og:locale\" content=\"it_IT\" \/>\n<meta property=\"og:type\" content=\"article\" \/>\n<meta property=\"og:title\" content=\"Info legali - VisualARQ\" \/>\n<meta property=\"og:description\" content=\"NOTE LEGALI L\u2019accesso a questo sito \u00e8 del tutto volontario e conferisce a quanti vi provvedono, la condizione di utente. L&#039;accesso comporta la piena accettazione senza riserva alcuna, da tale momento in poi, delle condizioni di cui alle Note Legali. Nell\u2019accesso al sito, l\u2019utente assume, conosce e accetta che i dati e le informazioni su [&hellip;]\" \/>\n<meta property=\"og:url\" content=\"https:\/\/stg.visualarq.com\/it\/legal\/\" \/>\n<meta property=\"og:site_name\" content=\"VisualARQ\" \/>\n<meta property=\"article:publisher\" content=\"https:\/\/www.facebook.com\/visualarq\" \/>\n<meta property=\"article:modified_time\" content=\"2020-10-18T13:38:08+00:00\" \/>\n<meta name=\"twitter:card\" content=\"summary_large_image\" \/>\n<meta name=\"twitter:site\" content=\"@VisualARQ\" \/>\n<meta name=\"twitter:label1\" content=\"Tempo di lettura stimato\" \/>\n\t<meta name=\"twitter:data1\" content=\"5 minuti\" \/>\n<script type=\"application\/ld+json\" class=\"yoast-schema-graph\">{\"@context\":\"https:\/\/schema.org\",\"@graph\":[{\"@type\":\"WebPage\",\"@id\":\"https:\/\/stg.visualarq.com\/it\/legal\/\",\"url\":\"https:\/\/stg.visualarq.com\/it\/legal\/\",\"name\":\"Info legali - VisualARQ\",\"isPartOf\":{\"@id\":\"https:\/\/stg.visualarq.com\/it\/#website\"},\"datePublished\":\"2011-01-20T00:00:00+00:00\",\"dateModified\":\"2020-10-18T13:38:08+00:00\",\"breadcrumb\":{\"@id\":\"https:\/\/stg.visualarq.com\/it\/legal\/#breadcrumb\"},\"inLanguage\":\"it-IT\",\"potentialAction\":[{\"@type\":\"ReadAction\",\"target\":[\"https:\/\/stg.visualarq.com\/it\/legal\/\"]}]},{\"@type\":\"BreadcrumbList\",\"@id\":\"https:\/\/stg.visualarq.com\/it\/legal\/#breadcrumb\",\"itemListElement\":[{\"@type\":\"ListItem\",\"position\":1,\"name\":\"Home\",\"item\":\"https:\/\/stg.visualarq.com\/it\/home\/\"},{\"@type\":\"ListItem\",\"position\":2,\"name\":\"Info legali\"}]},{\"@type\":\"WebSite\",\"@id\":\"https:\/\/stg.visualarq.com\/it\/#website\",\"url\":\"https:\/\/stg.visualarq.com\/it\/\",\"name\":\"VisualARQ\",\"description\":\"Flexible BIM for Rhino\",\"potentialAction\":[{\"@type\":\"SearchAction\",\"target\":{\"@type\":\"EntryPoint\",\"urlTemplate\":\"https:\/\/stg.visualarq.com\/it\/?s={search_term_string}\"},\"query-input\":{\"@type\":\"PropertyValueSpecification\",\"valueRequired\":true,\"valueName\":\"search_term_string\"}}],\"inLanguage\":\"it-IT\"}]}<\/script>\n<!-- \/ Yoast SEO plugin. -->","yoast_head_json":{"title":"Info legali - VisualARQ","robots":{"index":"noindex","follow":"follow","max-snippet":"max-snippet:-1","max-image-preview":"max-image-preview:large","max-video-preview":"max-video-preview:-1"},"og_locale":"it_IT","og_type":"article","og_title":"Info legali - VisualARQ","og_description":"NOTE LEGALI L\u2019accesso a questo sito \u00e8 del tutto volontario e conferisce a quanti vi provvedono, la condizione di utente. L'accesso comporta la piena accettazione senza riserva alcuna, da tale momento in poi, delle condizioni di cui alle Note Legali. Nell\u2019accesso al sito, l\u2019utente assume, conosce e accetta che i dati e le informazioni su [&hellip;]","og_url":"https:\/\/stg.visualarq.com\/it\/legal\/","og_site_name":"VisualARQ","article_publisher":"https:\/\/www.facebook.com\/visualarq","article_modified_time":"2020-10-18T13:38:08+00:00","twitter_card":"summary_large_image","twitter_site":"@VisualARQ","twitter_misc":{"Tempo di lettura stimato":"5 minuti"},"schema":{"@context":"https:\/\/schema.org","@graph":[{"@type":"WebPage","@id":"https:\/\/stg.visualarq.com\/it\/legal\/","url":"https:\/\/stg.visualarq.com\/it\/legal\/","name":"Info legali - VisualARQ","isPartOf":{"@id":"https:\/\/stg.visualarq.com\/it\/#website"},"datePublished":"2011-01-20T00:00:00+00:00","dateModified":"2020-10-18T13:38:08+00:00","breadcrumb":{"@id":"https:\/\/stg.visualarq.com\/it\/legal\/#breadcrumb"},"inLanguage":"it-IT","potentialAction":[{"@type":"ReadAction","target":["https:\/\/stg.visualarq.com\/it\/legal\/"]}]},{"@type":"BreadcrumbList","@id":"https:\/\/stg.visualarq.com\/it\/legal\/#breadcrumb","itemListElement":[{"@type":"ListItem","position":1,"name":"Home","item":"https:\/\/stg.visualarq.com\/it\/home\/"},{"@type":"ListItem","position":2,"name":"Info legali"}]},{"@type":"WebSite","@id":"https:\/\/stg.visualarq.com\/it\/#website","url":"https:\/\/stg.visualarq.com\/it\/","name":"VisualARQ","description":"Flexible BIM for Rhino","potentialAction":[{"@type":"SearchAction","target":{"@type":"EntryPoint","urlTemplate":"https:\/\/stg.visualarq.com\/it\/?s={search_term_string}"},"query-input":{"@type":"PropertyValueSpecification","valueRequired":true,"valueName":"search_term_string"}}],"inLanguage":"it-IT"}]}},"_links":{"self":[{"href":"https:\/\/stg.visualarq.com\/it\/wp-json\/wp\/v2\/pages\/11405","targetHints":{"allow":["GET"]}}],"collection":[{"href":"https:\/\/stg.visualarq.com\/it\/wp-json\/wp\/v2\/pages"}],"about":[{"href":"https:\/\/stg.visualarq.com\/it\/wp-json\/wp\/v2\/types\/page"}],"author":[{"embeddable":true,"href":"https:\/\/stg.visualarq.com\/it\/wp-json\/wp\/v2\/users\/1"}],"replies":[{"embeddable":true,"href":"https:\/\/stg.visualarq.com\/it\/wp-json\/wp\/v2\/comments?post=11405"}],"version-history":[{"count":0,"href":"https:\/\/stg.visualarq.com\/it\/wp-json\/wp\/v2\/pages\/11405\/revisions"}],"wp:attachment":[{"href":"https:\/\/stg.visualarq.com\/it\/wp-json\/wp\/v2\/media?parent=11405"}],"curies":[{"name":"wp","href":"https:\/\/api.w.org\/{rel}","templated":true}]}}