{"id":11407,"date":"2011-01-21T00:00:00","date_gmt":"2011-01-21T00:00:00","guid":{"rendered":"https:\/\/stg.visualarq.com\/legal\/privacy-policy\/"},"modified":"2026-01-14T10:42:11","modified_gmt":"2026-01-14T10:42:11","slug":"privacy-policy","status":"publish","type":"page","link":"https:\/\/stg.visualarq.com\/it\/legal\/privacy-policy\/","title":{"rendered":"Politica sulla privacy"},"content":{"rendered":"[et_pb_section fb_built=&#8221;1&#8243; admin_label=&#8221;section&#8221; _builder_version=&#8221;4.16&#8243; da_disable_devices=&#8221;off|off|off&#8221; global_colors_info=&#8221;{}&#8221; da_is_popup=&#8221;off&#8221; da_exit_intent=&#8221;off&#8221; da_has_close=&#8221;on&#8221; da_alt_close=&#8221;off&#8221; da_dark_close=&#8221;off&#8221; da_not_modal=&#8221;on&#8221; da_is_singular=&#8221;off&#8221; da_with_loader=&#8221;off&#8221; da_has_shadow=&#8221;on&#8221;][et_pb_row admin_label=&#8221;row&#8221; _builder_version=&#8221;4.16&#8243; background_size=&#8221;initial&#8221; background_position=&#8221;top_left&#8221; background_repeat=&#8221;repeat&#8221; global_colors_info=&#8221;{}&#8221;][et_pb_column type=&#8221;4_4&#8243; _builder_version=&#8221;4.16&#8243; custom_padding=&#8221;|||&#8221; global_colors_info=&#8221;{}&#8221; custom_padding__hover=&#8221;|||&#8221;][et_pb_text admin_label=&#8221;Text&#8221; _builder_version=&#8221;4.27.5&#8243; background_size=&#8221;initial&#8221; background_position=&#8221;top_left&#8221; background_repeat=&#8221;repeat&#8221; hover_enabled=&#8221;0&#8243; global_colors_info=&#8221;{}&#8221; sticky_enabled=&#8221;0&#8243;]<h1>Politica sulla privacy<\/h1><br><p><em>Aggiornamento: 07 aprile 2025<\/em><\/p>[\/et_pb_text][et_pb_text admin_label=&#8221;Text&#8221; _builder_version=&#8221;4.24.3&#8243; background_size=&#8221;initial&#8221; background_position=&#8221;top_left&#8221; background_repeat=&#8221;repeat&#8221; global_colors_info=&#8221;{}&#8221;]Siamo un&#8217;azienda che punta sulla trasparenza informativa per stabilire rapporti di fiducia con le persone che integrano i nostri progetti e con i nostri fornitori e clienti, proteggere i dati personali di coloro che si fidano di noi \u00e8 di vitale importanza. Di conseguenza, vogliamo che questa Politica sulla privacy informi gli utenti su come raccogliamo, elaboriamo e utilizziamo i dati.<br><br>Questa Politica di tutela dei dati di carattere personale stabilisce le basi secondo cui la nostra azienda elabora i dati personali che gli utenti inviano volontariamente attraverso il sito web.<br><br>La presente Politica sulla privacy sar\u00e0 applicabile nella raccolta dei dati personali da parte dell&#8217;azienda, attraverso i vari moduli di contatto disponibili su questo sito web. Durante l&#8217;elaborazione dei dati personali, l&#8217;azienda operer\u00e0 come organismo di controllo dei dati. <br> [\/et_pb_text][et_pb_text admin_label=&#8221;Text&#8221; _builder_version=&#8221;4.24.3&#8243; background_size=&#8221;initial&#8221; background_position=&#8221;top_left&#8221; background_repeat=&#8221;repeat&#8221; global_colors_info=&#8221;{}&#8221;]<h3>IL NOSTRO IMPEGNO<\/h3><br><ul>\r\n<li>Rispettare la privacy dei nostri utenti ed elaborare i dati personali con il loro consento.<\/li>\r\n<li>Elaborare i dati personali strettamente necessari per fornire il servizio richiesto ed elaborarli in modo sicuro e riservato, adottando le opportune misure per evitare accessi non autorizzati e quindi un uso improprio.<\/li>\r\n<li>Non usare i dati personali per finalit\u00e0 diverse da quelle per cui abbiamo ricevuto il consento dell&#8217;utente.<\/li>\r\n<li>Non inviare n\u00e9 condividere i dati personali con terze parti.<\/li>\r\n<li>Conservare i dati personali per il tempo richiesto dalle finalit\u00e0 specifiche per cui sono stati forniti, con revisione periodica di tali finalit\u00e0 ed con eliminazione dei dati non necessari.<\/li>\r\n<\/ul>[\/et_pb_text][et_pb_text _builder_version=&#8221;4.24.3&#8243; _module_preset=&#8221;default&#8221; global_colors_info=&#8221;{}&#8221;]<h3>ORGANISMO DI CONTROLLO DEI DATI<\/h3><br><table border=\"1\" style=\"border-collapse: collapse; width: 100%;\">\r\n<tbody>\r\n<tr>\r\n<td style=\"width: 50%;\">Nome aziendale<\/td>\r\n<td style=\"width: 50%;\">Asuni Soft S.L.<\/td>\r\n<\/tr>\r\n<tr>\r\n<td style=\"width: 50%;\">PARTITA IVA<\/td>\r\n<td style=\"width: 50%;\">ESB62897731<\/td>\r\n<\/tr>\r\n<tr>\r\n<td style=\"width: 50%;\">Indirizzo<\/td>\r\n<td style=\"width: 50%;\">Roger de Flor, 32-34<\/td>\r\n<\/tr>\r\n<tr>\r\n<td style=\"width: 50%;\">Codice postale<\/td>\r\n<td style=\"width: 50%;\">08018<\/td>\r\n<\/tr>\r\n<tr>\r\n<td style=\"width: 50%;\">Dove<\/td>\r\n<td style=\"width: 50%;\">Barcellona<\/td>\r\n<\/tr>\r\n<tr>\r\n<td style=\"width: 50%;\">Paese<\/td>\r\n<td style=\"width: 50%;\">SPAGNA<\/td>\r\n<\/tr>\r\n<\/tbody>\r\n<\/table>[\/et_pb_text][et_pb_text _builder_version=&#8221;4.24.3&#8243; _module_preset=&#8221;default&#8221; global_colors_info=&#8221;{}&#8221;]<h3>DEFINIZIONE ED ELABORAZIONE DEI DATI PERSONALI<\/h3><br><p>Si definiscono Dati personali qualsiasi informazione relativa a una persona fisica identificata o identificabile (&#8220;l&#8217;interessato&#8221;); si considera identificabile qualsiasi persona che pu\u00f2 essere identificata, direttamente o indirettamente, in particolare riferendosi a un identificatore come un nome, un numero identificativo, dati sulla posizione, un identificatore online o uno o pi\u00f9 fattori specifici, caratteristici dell&#8217;identit\u00e0 fisica, fisiologica, genetica, psichica, economica, culturale o sociale di tale persona fisica.<\/p><br><p>Inoltre, il termine elaborazione fa riferimento a qualsiasi operazione eseguita sui dati personali, con o senza mezzi automatici, come la raccolta, la registrazione, l&#8217;organizzazione, la struttura, l&#8217;archiviazione, e ancora, l&#8217;adattamento, la modifica, il recupero, la consultazione, l&#8217;utilizzo, la divulgazione per trasmissione o diffusione o qualsiasi altra azione per rendere disponibili i dati, l&#8217;allineamento o combinazione, restrizione, eliminazione o distruzione.<\/p>[\/et_pb_text][et_pb_text _builder_version=&#8221;4.24.3&#8243; _module_preset=&#8221;default&#8221; global_colors_info=&#8221;{}&#8221;]<h3>ELABORAZIONE DATI E FINALIT\u00c0<\/h3><br><ul>\r\n\t<li>Richiesta di informazioni da parte dell&#8217;utente. Gestione delle informazioni inviate dall&#8217;utente mediante il modulo di contatto, il modulo per iscriversi ai processi di selezione e\/o attraverso e-mail, indirizzo postale, numero di telefono forniti sul sito web.<\/li>\r\n\t<li>Iscrizione alle newsletter. Gestire l&#8217;iscrizione alla newsletter.<\/li>\r\n<\/ul>[\/et_pb_text][et_pb_text _builder_version=&#8221;4.24.3&#8243; _module_preset=&#8221;default&#8221; global_colors_info=&#8221;{}&#8221;]<h3>TIPI DI DATI PERSONALI RACCOLTI<\/h3><br><p>Attraverso il nostro sito web raccogliamo dati personali per vari scopi:<\/p><br><ul>\r\n<li>Richiesta di informazioni da parte dell&#8217;utente. Acquisiamo i dati personali forniti dall&#8217;utente per dare risposta ad eventuali richieste.<\/li>\r\n<li>Iscrizione alle newsletter. Archiviamo l&#8217;indirizzo e-mail dell&#8217;utente.<\/li>\r\n<\/ul><br><p>A seconda della finalit\u00e0 per cui sono stati forniti di dati, verranno richiesti solo dati strettamente necessari.<\/p><br><p>L&#8217;utente deve essere consapevole dei dati forniti e delle finalit\u00e0 per cui vengono forniti, cos\u00ec facendo ne autorizza la raccolta, l&#8217;archiviazione e l&#8217;utilizzo per gli scopi richiesti. In qualsiasi momento, l&#8217;utente pu\u00f2 revocare il proprio consenso mediante i canali appropriati e tale consenso dell&#8217;utente rappresenta la base legale e legittima per l&#8217;elaborazione dei propri dati personali.<\/p>[\/et_pb_text][et_pb_text _builder_version=&#8221;4.24.3&#8243; _module_preset=&#8221;default&#8221; global_colors_info=&#8221;{}&#8221;]<h3>BASE LEGALE PER L&#8217;ELABORAZIONE DEI DATI PERSONALI<\/h3><br><p>In conformit\u00e0 alla normativa applicabile in materia di tutela dei dati personali, osserviamo una base legale per l&#8217;elaborazione dei dati personali dell&#8217;utente. In questo caso, la base legale \u00e8 rappresentata dal consenso dell&#8217;utente.<\/p>[\/et_pb_text][et_pb_text _builder_version=&#8221;4.24.3&#8243; _module_preset=&#8221;default&#8221; global_colors_info=&#8221;{}&#8221;]<h3>DIRITTI DELL&#8217;UTENTE RELATIVAMENTE AI DATI PERSONALI FORNITI<\/h3><br><p>L&#8217;utente pu\u00f2 esercitare in qualsiasi momento i seguenti diritti:<\/p><br><ul>\r\n<li><strong>Diritto di accesso<\/strong>: L&#8217;utente ha diritto ad ottenere conferma da parte dell&#8217;azienda se sta elaborando dati di carattere personale che lo riguardano e, in caso affermativo, pu\u00f2 accedere a tali dati personali.<\/li>\r\n<li><strong>Diritto di rettifica<\/strong>: L&#8217;utente ha diritto ad ottenere dall&#8217;azienda, senza indebito ritardo, la rettifica di dati personali erronei che lo riguardano. Nella richiesta di rettifica, l&#8217;utente deve specificare i dati personali da rettificare.<\/li>\r\n<li><strong>Diritto di opposizione<\/strong>: L&#8217;utente ha diritto ad opporsi in qualsiasi momento, per motivi legati alla propria situazione, all&#8217;elaborazione dei dati personali, nel proprio interesse legittimo. L&#8217;azienda non potr\u00e0 pi\u00f9 elaborare i dati personali dell&#8217;utente, a meno che non dimostri motivi legittimi e imperativi per l&#8217;elaborazione dei dati, che prevalgano sull&#8217;interesse, sui diritti e le libert\u00e0 dell&#8217;utente, per l&#8217;esercizio o difesa di reclami legali.<\/li>\r\n<li><strong>Diritto di eliminazione<\/strong>: L&#8217;utente ha diritto a ottenere da parte dell&#8217;azienda l&#8217;eliminazione dei propri dati personali.<\/li>\r\n<li><strong>Diritto di portabilit\u00e0 dei dati<\/strong>: L&#8217;utente ha diritto a ricevere i propri dati personali, forniti all&#8217;azienda, in un formato strutturato, di utilizzo comune e lettura meccanica, e ha diritto a trasmettere questi dati ad altri responsabili dell&#8217;elaborazione senza ostacoli da parte del responsabile a cui sono stati forniti i dati personali.<\/li>\r\n<li><strong>Diritto di limitazione all&#8217;elaborazione dei dati<\/strong>: L&#8217;utente ha diritto a ottenere dall&#8217;azienda la limitazione all&#8217;elaborazione dei data se: la precisione dei dati personali viene contestata dall&#8217;interessato; l&#8217;elaborazione dei dati non \u00e8 conforme alla legge e l&#8217;interessato si oppone all&#8217;eliminazione dei dati personali e ne richieda piuttosto la limitazione; al responsabile dell&#8217;elaborazione dei dati personali non occorrono pi\u00f9 tali dati per le finalit\u00e0 di elaborazione, ma l&#8217;interessato li richiede per l&#8217;esercizio o la difesa di reclami legali.<\/li>\r\n<\/ul><br><p>L&#8217;utente pu\u00f2 esercitare tali diritti inviando una richiesta all&#8217;indirizzo specificato sopra o mediante e-mail a privacy@asuni.com.<br \/>L&#8217;utente dovr\u00e0 allegare al messaggio di richiesta una copia del documento di identit\u00e0.<\/p><br><p>Informiamo inoltre gli utenti che, in caso di mancata conformit\u00e0 alle nostre risposte, possono presentare un reclamo all&#8217;autorit\u00e0 competente (<em>Agencia Espa\u00f1ola de Protecci\u00f3n de Datos<\/em>).<\/p>[\/et_pb_text][et_pb_text _builder_version=&#8221;4.24.3&#8243; _module_preset=&#8221;default&#8221; global_colors_info=&#8221;{}&#8221;]<h3>SICUREZZA E ARCHIVIAZIONE DEI DATI<\/h3><br><p>Conserveremo i dati solo durante il tempo strettamente necessario per la prestazione dei servizi richiesti e se l&#8217;interessato non ne richiede l&#8217;eliminazione, adottando le misure tecniche e organizzative adeguate contro l&#8217;elaborazione dei non autorizzata o illegale dei dati o la perdita, distruzione o danno accidentale, cercando di proteggere i dati e mantenerli al sicuro.<\/p>[\/et_pb_text][et_pb_text _builder_version=&#8221;4.24.3&#8243; _module_preset=&#8221;default&#8221; global_colors_info=&#8221;{}&#8221;]<h3>DESTINATARI DEI DATI PERSONALI:<\/h3><br><p>L&#8217;azienda non comunicher\u00e0 i dati di carattere personale a terze parti, a meno che non sia richiesto legalmente o non necessario per fornire i servizi richiesti.<\/p><br><p>Non \u00e8 previsto il trasferimento dei dati personali al livello internazionale.<\/p>[\/et_pb_text][et_pb_text _builder_version=&#8221;4.27.0&#8243; _module_preset=&#8221;default&#8221; global_colors_info=&#8221;{}&#8221;]<p><a href=\"https:\/\/stg.visualarq.com\/it\/legal\/cookie-policy\/\"><strong>Politica sui cookie<\/strong><\/a><\/p>[\/et_pb_text][\/et_pb_column][\/et_pb_row][\/et_pb_section]","protected":false},"excerpt":{"rendered":"<p>Politica sulla privacyAggiornamento: 07 aprile 2025Siamo un&#8217;azienda che punta sulla trasparenza informativa per stabilire rapporti di fiducia con le persone che integrano i nostri progetti e con i nostri fornitori e clienti, proteggere i dati personali di coloro che si fidano di noi \u00e8 di vitale importanza. Di conseguenza, vogliamo che questa Politica sulla privacy [&hellip;]<\/p>\n","protected":false},"author":1,"featured_media":0,"parent":11405,"menu_order":110,"comment_status":"closed","ping_status":"closed","template":"","meta":{"_et_pb_use_builder":"on","_et_pb_old_content":"","_et_gb_content_width":"","footnotes":""},"class_list":["post-11407","page","type-page","status-publish","hentry"],"yoast_head":"<!-- This site is optimized with the Yoast SEO plugin v27.3 - https:\/\/yoast.com\/product\/yoast-seo-wordpress\/ -->\n<title>Politica sulla privacy - VisualARQ<\/title>\n<meta name=\"robots\" content=\"noindex, follow, max-snippet:-1, max-image-preview:large, max-video-preview:-1\" \/>\n<meta property=\"og:locale\" content=\"it_IT\" \/>\n<meta property=\"og:type\" content=\"article\" \/>\n<meta property=\"og:title\" content=\"Politica sulla privacy - VisualARQ\" \/>\n<meta property=\"og:description\" content=\"Politica sulla privacyAggiornamento: 07 aprile 2025Siamo un&#039;azienda che punta sulla trasparenza informativa per stabilire rapporti di fiducia con le persone che integrano i nostri progetti e con i nostri fornitori e clienti, proteggere i dati personali di coloro che si fidano di noi \u00e8 di vitale importanza. Di conseguenza, vogliamo che questa Politica sulla privacy [&hellip;]\" \/>\n<meta property=\"og:url\" content=\"https:\/\/stg.visualarq.com\/it\/legal\/privacy-policy\/\" \/>\n<meta property=\"og:site_name\" content=\"VisualARQ\" \/>\n<meta property=\"article:publisher\" content=\"https:\/\/www.facebook.com\/visualarq\" \/>\n<meta property=\"article:modified_time\" content=\"2026-01-14T10:42:11+00:00\" \/>\n<meta name=\"twitter:card\" content=\"summary_large_image\" \/>\n<meta name=\"twitter:site\" content=\"@VisualARQ\" \/>\n<meta name=\"twitter:label1\" content=\"Tempo di lettura stimato\" \/>\n\t<meta name=\"twitter:data1\" content=\"7 minuti\" \/>\n<script type=\"application\/ld+json\" class=\"yoast-schema-graph\">{\"@context\":\"https:\\\/\\\/schema.org\",\"@graph\":[{\"@type\":\"WebPage\",\"@id\":\"https:\\\/\\\/stg.visualarq.com\\\/it\\\/legal\\\/privacy-policy\\\/\",\"url\":\"https:\\\/\\\/stg.visualarq.com\\\/it\\\/legal\\\/privacy-policy\\\/\",\"name\":\"Politica sulla privacy - VisualARQ\",\"isPartOf\":{\"@id\":\"https:\\\/\\\/stg.visualarq.com\\\/it\\\/#website\"},\"datePublished\":\"2011-01-21T00:00:00+00:00\",\"dateModified\":\"2026-01-14T10:42:11+00:00\",\"breadcrumb\":{\"@id\":\"https:\\\/\\\/stg.visualarq.com\\\/it\\\/legal\\\/privacy-policy\\\/#breadcrumb\"},\"inLanguage\":\"it-IT\",\"potentialAction\":[{\"@type\":\"ReadAction\",\"target\":[\"https:\\\/\\\/stg.visualarq.com\\\/it\\\/legal\\\/privacy-policy\\\/\"]}]},{\"@type\":\"BreadcrumbList\",\"@id\":\"https:\\\/\\\/stg.visualarq.com\\\/it\\\/legal\\\/privacy-policy\\\/#breadcrumb\",\"itemListElement\":[{\"@type\":\"ListItem\",\"position\":1,\"name\":\"Home\",\"item\":\"https:\\\/\\\/stg.visualarq.com\\\/it\\\/home\\\/\"},{\"@type\":\"ListItem\",\"position\":2,\"name\":\"Info legali\",\"item\":\"https:\\\/\\\/stg.visualarq.com\\\/it\\\/legal\\\/\"},{\"@type\":\"ListItem\",\"position\":3,\"name\":\"Politica sulla privacy\"}]},{\"@type\":\"WebSite\",\"@id\":\"https:\\\/\\\/stg.visualarq.com\\\/it\\\/#website\",\"url\":\"https:\\\/\\\/stg.visualarq.com\\\/it\\\/\",\"name\":\"VisualARQ\",\"description\":\"Flexible BIM for Rhino\",\"potentialAction\":[{\"@type\":\"SearchAction\",\"target\":{\"@type\":\"EntryPoint\",\"urlTemplate\":\"https:\\\/\\\/stg.visualarq.com\\\/it\\\/?s={search_term_string}\"},\"query-input\":{\"@type\":\"PropertyValueSpecification\",\"valueRequired\":true,\"valueName\":\"search_term_string\"}}],\"inLanguage\":\"it-IT\"}]}<\/script>\n<!-- \/ Yoast SEO plugin. -->","yoast_head_json":{"title":"Politica sulla privacy - VisualARQ","robots":{"index":"noindex","follow":"follow","max-snippet":"max-snippet:-1","max-image-preview":"max-image-preview:large","max-video-preview":"max-video-preview:-1"},"og_locale":"it_IT","og_type":"article","og_title":"Politica sulla privacy - VisualARQ","og_description":"Politica sulla privacyAggiornamento: 07 aprile 2025Siamo un'azienda che punta sulla trasparenza informativa per stabilire rapporti di fiducia con le persone che integrano i nostri progetti e con i nostri fornitori e clienti, proteggere i dati personali di coloro che si fidano di noi \u00e8 di vitale importanza. Di conseguenza, vogliamo che questa Politica sulla privacy [&hellip;]","og_url":"https:\/\/stg.visualarq.com\/it\/legal\/privacy-policy\/","og_site_name":"VisualARQ","article_publisher":"https:\/\/www.facebook.com\/visualarq","article_modified_time":"2026-01-14T10:42:11+00:00","twitter_card":"summary_large_image","twitter_site":"@VisualARQ","twitter_misc":{"Tempo di lettura stimato":"7 minuti"},"schema":{"@context":"https:\/\/schema.org","@graph":[{"@type":"WebPage","@id":"https:\/\/stg.visualarq.com\/it\/legal\/privacy-policy\/","url":"https:\/\/stg.visualarq.com\/it\/legal\/privacy-policy\/","name":"Politica sulla privacy - VisualARQ","isPartOf":{"@id":"https:\/\/stg.visualarq.com\/it\/#website"},"datePublished":"2011-01-21T00:00:00+00:00","dateModified":"2026-01-14T10:42:11+00:00","breadcrumb":{"@id":"https:\/\/stg.visualarq.com\/it\/legal\/privacy-policy\/#breadcrumb"},"inLanguage":"it-IT","potentialAction":[{"@type":"ReadAction","target":["https:\/\/stg.visualarq.com\/it\/legal\/privacy-policy\/"]}]},{"@type":"BreadcrumbList","@id":"https:\/\/stg.visualarq.com\/it\/legal\/privacy-policy\/#breadcrumb","itemListElement":[{"@type":"ListItem","position":1,"name":"Home","item":"https:\/\/stg.visualarq.com\/it\/home\/"},{"@type":"ListItem","position":2,"name":"Info legali","item":"https:\/\/stg.visualarq.com\/it\/legal\/"},{"@type":"ListItem","position":3,"name":"Politica sulla privacy"}]},{"@type":"WebSite","@id":"https:\/\/stg.visualarq.com\/it\/#website","url":"https:\/\/stg.visualarq.com\/it\/","name":"VisualARQ","description":"Flexible BIM for Rhino","potentialAction":[{"@type":"SearchAction","target":{"@type":"EntryPoint","urlTemplate":"https:\/\/stg.visualarq.com\/it\/?s={search_term_string}"},"query-input":{"@type":"PropertyValueSpecification","valueRequired":true,"valueName":"search_term_string"}}],"inLanguage":"it-IT"}]}},"_links":{"self":[{"href":"https:\/\/stg.visualarq.com\/it\/wp-json\/wp\/v2\/pages\/11407","targetHints":{"allow":["GET"]}}],"collection":[{"href":"https:\/\/stg.visualarq.com\/it\/wp-json\/wp\/v2\/pages"}],"about":[{"href":"https:\/\/stg.visualarq.com\/it\/wp-json\/wp\/v2\/types\/page"}],"author":[{"embeddable":true,"href":"https:\/\/stg.visualarq.com\/it\/wp-json\/wp\/v2\/users\/1"}],"replies":[{"embeddable":true,"href":"https:\/\/stg.visualarq.com\/it\/wp-json\/wp\/v2\/comments?post=11407"}],"version-history":[{"count":3,"href":"https:\/\/stg.visualarq.com\/it\/wp-json\/wp\/v2\/pages\/11407\/revisions"}],"predecessor-version":[{"id":42976,"href":"https:\/\/stg.visualarq.com\/it\/wp-json\/wp\/v2\/pages\/11407\/revisions\/42976"}],"up":[{"embeddable":true,"href":"https:\/\/stg.visualarq.com\/it\/wp-json\/wp\/v2\/pages\/11405"}],"wp:attachment":[{"href":"https:\/\/stg.visualarq.com\/it\/wp-json\/wp\/v2\/media?parent=11407"}],"curies":[{"name":"wp","href":"https:\/\/api.w.org\/{rel}","templated":true}]}}