{"id":11428,"date":"2011-01-08T00:00:00","date_gmt":"2011-01-08T00:00:00","guid":{"rendered":"https:\/\/stg.visualarq.com\/download\/update\/"},"modified":"2024-10-09T10:32:22","modified_gmt":"2024-10-09T10:32:22","slug":"update","status":"publish","type":"page","link":"https:\/\/stg.visualarq.com\/it\/download\/update\/","title":{"rendered":"Aggiornamento"},"content":{"rendered":"\n[et_pb_section fb_built=&#8221;1&#8243; admin_label=&#8221;section&#8221; _builder_version=&#8221;4.16&#8243; da_disable_devices=&#8221;off|off|off&#8221; global_colors_info=&#8221;{}&#8221; da_is_popup=&#8221;off&#8221; da_exit_intent=&#8221;off&#8221; da_has_close=&#8221;on&#8221; da_alt_close=&#8221;off&#8221; da_dark_close=&#8221;off&#8221; da_not_modal=&#8221;on&#8221; da_is_singular=&#8221;off&#8221; da_with_loader=&#8221;off&#8221; da_has_shadow=&#8221;on&#8221;][et_pb_row column_structure=&#8221;1_2,1_2&#8243; padding_mobile=&#8221;off&#8221; column_padding_mobile=&#8221;on&#8221; admin_label=&#8221;row&#8221; _builder_version=&#8221;4.16&#8243; background_size=&#8221;initial&#8221; background_position=&#8221;top_left&#8221; background_repeat=&#8221;repeat&#8221; custom_padding=&#8221;||0px|&#8221; make_fullwidth=&#8221;off&#8221; use_custom_width=&#8221;off&#8221; width_unit=&#8221;on&#8221; global_colors_info=&#8221;{}&#8221;][et_pb_column type=&#8221;1_2&#8243; _builder_version=&#8221;4.16&#8243; custom_padding=&#8221;|||&#8221; global_colors_info=&#8221;{}&#8221; custom_padding__hover=&#8221;|||&#8221;][et_pb_text admin_label=&#8221;T\u00edtulo (con variable)&#8221; _builder_version=&#8221;4.27.2&#8243; background_size=&#8221;initial&#8221; background_position=&#8221;top_left&#8221; background_repeat=&#8221;repeat&#8221; custom_margin=&#8221;||0px|&#8221; border_style=&#8221;solid&#8221; global_colors_info=&#8221;{}&#8221;]<h1>Download dell&#8217;aggiornamento VisualARQ 3.9<\/h1>[\/et_pb_text][et_pb_text _builder_version=&#8221;4.27.2&#8243; background_size=&#8221;initial&#8221; background_position=&#8221;top_left&#8221; background_repeat=&#8221;repeat&#8221; border_style=&#8221;solid&#8221; global_colors_info=&#8221;{}&#8221;]<p>Compila il modulo per scaricare VisualARQ 3.9.<\/p>\r\n<p>Si tratta di una service release gratuita per tutti gli utenti di VisualARQ 3.<\/p>\r\n<p>Se avete <strong>VisualARQ 2<\/strong>, potete scaricare l&#8217;ultima versione<strong><a href=\"https:\/\/stg.visualarq.com\/it\/download\/update\/v2\/\">qui<\/a><\/strong>.<\/p>[\/et_pb_text][et_pb_text admin_label=&#8221;Make a wish&#8221; _builder_version=&#8221;4.16&#8243; background_size=&#8221;initial&#8221; background_position=&#8221;top_left&#8221; background_repeat=&#8221;repeat&#8221; custom_margin=&#8221;||0px|&#8221; border_style=&#8221;solid&#8221; global_colors_info=&#8221;{}&#8221;]<h2>Funzionalit\u00e0 desiderate<\/h2>[\/et_pb_text][et_pb_text _builder_version=&#8221;4.16&#8243; background_size=&#8221;initial&#8221; background_position=&#8221;top_left&#8221; background_repeat=&#8221;repeat&#8221; border_style=&#8221;solid&#8221; global_colors_info=&#8221;{}&#8221;]Gli utenti possono suggerire eventuali miglioramenti di VisualARQ. Possono raccontarci la loro esperienza con VisualARQ e come possiamo migliorarlo. Basta solo 1 minuto![\/et_pb_text][et_pb_button button_url=&#8221;https:\/\/fz2.asuni.com\/form\/?fz=66&#8243; button_text=&#8221;Sondaggio&#8221; _builder_version=&#8221;4.16&#8243; _module_preset=&#8221;default&#8221; global_colors_info=&#8221;{}&#8221;][\/et_pb_button][\/et_pb_column][et_pb_column type=&#8221;1_2&#8243; _builder_version=&#8221;4.16&#8243; custom_padding=&#8221;|||&#8221; global_colors_info=&#8221;{}&#8221; custom_padding__hover=&#8221;|||&#8221;][et_pb_text _builder_version=&#8221;4.27.2&#8243; _module_preset=&#8221;default&#8221; custom_padding=&#8221;20px|36px|20px|40px|false|false&#8221; hover_enabled=&#8221;0&#8243; border_radii=&#8221;on|12px|12px|12px|12px&#8221; border_width_all=&#8221;1px&#8221; border_color_all=&#8221;#d6d6d6&#8243; box_shadow_style=&#8221;preset1&#8243; global_colors_info=&#8221;{}&#8221; sticky_enabled=&#8221;0&#8243;]<div class=\"frm_forms  with_frm_style frm_style_formidable-style\" id=\"frm_form_6_container\" data-token=\"55cde10f0a753fc0be91834fd3cc4901\">\n<form enctype=\"multipart\/form-data\" method=\"post\" class=\"frm-show-form  frm_pro_form \" id=\"form_fz78\" data-token=\"55cde10f0a753fc0be91834fd3cc4901\">\n<div class=\"frm_form_fields \">\n<fieldset>\n<legend class=\"frm_screen_reader\">Fz78 - VisualARQ3 - Download update<\/legend>\r\n\r\n<div class=\"frm_fields_container\">\n<input type=\"hidden\" name=\"frm_action\" value=\"create\" \/>\n<input type=\"hidden\" name=\"form_id\" value=\"6\" \/>\n<input type=\"hidden\" name=\"frm_hide_fields_6\" id=\"frm_hide_fields_6\" value=\"\" \/>\n<input type=\"hidden\" name=\"form_key\" value=\"fz78\" \/>\n<input type=\"hidden\" name=\"item_meta[0]\" value=\"\" \/>\n<input type=\"hidden\" id=\"frm_submit_entry_6\" name=\"frm_submit_entry_6\" value=\"2b719fd61d\" \/><input type=\"hidden\" name=\"_wp_http_referer\" value=\"\/it\/wp-json\/wp\/v2\/pages\/11428\" \/>\t\t<input  type=\"hidden\" name=\"item_meta[41]\" id=\"field_idioma78\" value=\"it\"  data-frmval=\"it\"   \/>\n\t\t<div id=\"frm_field_42_container\" class=\"frm_form_field form-field  frm_required_field frm_top_container\">\r\n\t<label for=\"field_name78\" id=\"field_name78_label\" class=\"frm_primary_label\">Nome\r\n\t\t<span class=\"frm_required\" aria-hidden=\"true\">*<\/span>\r\n\t<\/label>\r\n\t<input  type=\"text\" id=\"field_name78\" name=\"item_meta[42]\" value=\"\"  style=\"width:300px\" data-reqmsg=\"Nome non pu\u00f2 essere vuoto\" aria-required=\"true\" data-invmsg=\"Il formato di Nome non \u00e8 valido\" class=\"auto_width\" aria-invalid=\"false\"   \/>\r\n\t\r\n\t\r\n<\/div>\n<div id=\"frm_field_43_container\" class=\"frm_form_field form-field  frm_required_field frm_top_container\">\r\n\t<label for=\"field_email78\" id=\"field_email78_label\" class=\"frm_primary_label\">E-Mail\r\n\t\t<span class=\"frm_required\" aria-hidden=\"true\">*<\/span>\r\n\t<\/label>\r\n\t<input type=\"email\" id=\"field_email78\" name=\"item_meta[43]\" value=\"\"  autocomplete=\"email\"  style=\"width:300px\" data-reqmsg=\"E-Mail non pu\u00f2 essere vuoto\" aria-required=\"true\" data-invmsg=\"Il formato di E-Mail non \u00e8 valido\" class=\"auto_width\" aria-invalid=\"false\"  \/>\r\n\t\r\n\t\r\n<\/div>\n<div id=\"frm_field_44_container\" class=\"frm_form_field form-field  frm_required_field frm_top_container\">\r\n\t<label for=\"field_country78\" id=\"field_country78_label\" class=\"frm_primary_label\">Paese\r\n\t\t<span class=\"frm_required\" aria-hidden=\"true\">*<\/span>\r\n\t<\/label>\r\n\t\t\t<select name=\"item_meta[44]\" id=\"field_country78\"  data-reqmsg=\"Paese non pu\u00f2 essere vuoto\" aria-required=\"true\" data-invmsg=\"Paese non \u00e8 valido\" class=\"auto_width\" aria-invalid=\"false\"  >\n\t\t<option  value=\"0\"> <\/option><option  value=\"AF\">Afganistan<\/option><option  value=\"AL\">Albania<\/option><option  value=\"AD\">Andorra<\/option><option  value=\"AO\">Angola<\/option><option  value=\"AI\">Anguilla<\/option><option  value=\"AQ\">Antartide<\/option><option  value=\"AN\">Antille Olandesi<\/option><option  value=\"SA\">Arabia Saudita<\/option><option  value=\"DZ\">Argelia<\/option><option  value=\"AR\">Argentina<\/option><option  value=\"AM\">Armenia<\/option><option  value=\"AU\">Australia<\/option><option  value=\"AT\">Austria<\/option><option  value=\"AZ\">Azerbaijan<\/option><option  value=\"BS\">Bahamas<\/option><option  value=\"BH\">Bahrain<\/option><option  value=\"BD\">Bangladesh<\/option><option  value=\"BB\">Barbados<\/option><option  value=\"BE\">Belgio<\/option><option  value=\"BZ\">Belize<\/option><option  value=\"BJ\">Benin<\/option><option  value=\"BM\">Bermuda<\/option><option  value=\"BT\">Bhutan<\/option><option  value=\"BY\">Bielorussia<\/option><option  value=\"BO\">Bolivia<\/option><option  value=\"BA\">Bosnia Erzegovina<\/option><option  value=\"BW\">Botswana<\/option><option  value=\"BR\">Brasile<\/option><option  value=\"BN\">Brunei Darussalam<\/option><option  value=\"BG\">Bulgaria<\/option><option  value=\"BF\">Burkina Faso<\/option><option  value=\"BI\">Burundi<\/option><option  value=\"KH\">Cambogia<\/option><option  value=\"CM\">Camern<\/option><option  value=\"CA\">Canada<\/option><option  value=\"CV\">Capo Verde<\/option><option  value=\"TD\">Chad<\/option><option  value=\"CL\">Cile<\/option><option  value=\"CN\">Cina<\/option><option  value=\"CY\">Cipro<\/option><option  value=\"CO\">Colombia<\/option><option  value=\"CG\">Congo<\/option><option  value=\"KP\">Corea del Nord<\/option><option  value=\"KR\">Corea del Sud<\/option><option  value=\"CI\">Costa d&#039;Avorio<\/option><option  value=\"CR\">Costa Rica<\/option><option  value=\"HR\">Croazia<\/option><option  value=\"CU\">Cuba<\/option><option  value=\"DK\">Danimarca<\/option><option  value=\"DJ\">Djibouti<\/option><option  value=\"DM\">Dominica<\/option><option  value=\"EC\">Ecuador<\/option><option  value=\"EG\">Eggito<\/option><option  value=\"SV\">El Salvador<\/option><option  value=\"AE\">Emirati Arabi Uniti<\/option><option  value=\"ER\">Eritrea<\/option><option  value=\"EE\">Estonia<\/option><option  value=\"ET\">Etiopia<\/option><option  value=\"FJ\">Fiji<\/option><option  value=\"PH\">Filippine<\/option><option  value=\"FI\">Finlandia<\/option><option  value=\"FR\">Francia<\/option><option  value=\"GA\">Gabon<\/option><option  value=\"GM\">Gambia<\/option><option  value=\"GE\">Georgia<\/option><option  value=\"DE\">Germania<\/option><option  value=\"GH\">Ghana<\/option><option  value=\"JP\">Giappone<\/option><option  value=\"JO\">Giordania<\/option><option  value=\"GD\">Granada<\/option><option  value=\"GR\">Grecia<\/option><option  value=\"GL\">Groenlandia<\/option><option  value=\"GP\">Guadalupa<\/option><option  value=\"GT\">Guatemala<\/option><option  value=\"GF\">Guiana Francese<\/option><option  value=\"GN\">Guinea<\/option><option  value=\"GW\">Guinea Bissau<\/option><option  value=\"GQ\">Guinea Equatoriale<\/option><option  value=\"GY\">Guyana<\/option><option  value=\"HT\">Haiti<\/option><option  value=\"HN\">Honduras<\/option><option  value=\"HK\">Hong Kong<\/option><option  value=\"IN\">India<\/option><option  value=\"ID\">Indonesia<\/option><option  value=\"IQ\">Irak<\/option><option  value=\"IR\">Iran<\/option><option  value=\"IE\">Irlanda<\/option><option  value=\"IS\">Islanda<\/option><option  value=\"FO\">Isole Faroe<\/option><option  value=\"IL\">Israele<\/option><option  value=\"IT\">Italia<\/option><option  value=\"JM\">Jamaica<\/option><option  value=\"KZ\">Kazakhstan<\/option><option  value=\"KE\">Kenia<\/option><option  value=\"KI\">Kiribati<\/option><option  value=\"KW\">Kuwait<\/option><option  value=\"KG\">Kyrgyzstan<\/option><option  value=\"LA\">Laos<\/option><option  value=\"LS\">Lesotho<\/option><option  value=\"LV\">Lettonia<\/option><option  value=\"LB\">Libano<\/option><option  value=\"LR\">Liberia<\/option><option  value=\"LY\">Libia<\/option><option  value=\"LI\">Liechtenstein<\/option><option  value=\"LT\">Lituania<\/option><option  value=\"LU\">Lussemburgo<\/option><option  value=\"MO\">Macao<\/option><option  value=\"MK\">Macedonia<\/option><option  value=\"MG\">Madagascar<\/option><option  value=\"MW\">Malawi<\/option><option  value=\"MV\">Maldive<\/option><option  value=\"MY\">Malesia<\/option><option  value=\"ML\">Mali<\/option><option  value=\"MT\">Malta<\/option><option  value=\"MA\">Marocco<\/option><option  value=\"MQ\">Martinica<\/option><option  value=\"MR\">Mauritania<\/option><option  value=\"MU\">Maurizio<\/option><option  value=\"MX\">Messico<\/option><option  value=\"FM\">Micronesia<\/option><option  value=\"MD\">Moldova<\/option><option  value=\"MC\">Monaco<\/option><option  value=\"MN\">Mongolia<\/option><option  value=\"ME\">Montenegro<\/option><option  value=\"MZ\">Mozambico<\/option><option  value=\"NA\">Namibia<\/option><option  value=\"NR\">Nauru<\/option><option  value=\"NP\">Nepal<\/option><option  value=\"NI\">Nicaragua<\/option><option  value=\"NE\">Niger<\/option><option  value=\"NG\">Nigeria<\/option><option  value=\"NO\">Norvegia<\/option><option  value=\"NC\">Nuova Caledonia<\/option><option  value=\"NZ\">Nuova Zelanda<\/option><option  value=\"OM\">Oman<\/option><option  value=\"NL\">Paesi Bassi<\/option><option  value=\"PK\">Pakistan<\/option><option  value=\"PA\">Panama<\/option><option  value=\"PG\">Papua Nuova Guinea<\/option><option  value=\"PY\">Paraguay<\/option><option  value=\"PE\">Per\u00f9<\/option><option  value=\"PF\">Polinesia Francese<\/option><option  value=\"PL\">Polonia<\/option><option  value=\"PT\">Portogallo<\/option><option  value=\"PR\">Puerto Rico<\/option><option  value=\"QA\">Qatar<\/option><option  value=\"GB\">Regno Unito<\/option><option  value=\"CZ\">Repubblica Ceca<\/option><option  value=\"CF\">Repubblica Centrafricana<\/option><option  value=\"DO\">Repubblica Dominicana<\/option><option  value=\"RE\">Riunione<\/option><option  value=\"RW\">Ruanda<\/option><option  value=\"RO\">Rumania<\/option><option  value=\"RU\">Russia<\/option><option  value=\"EH\">Sahara Occidentale<\/option><option  value=\"WS\">Samoa<\/option><option  value=\"SM\">San Marino<\/option><option  value=\"SH\">Sant&#039;Elena<\/option><option  value=\"ST\">Sao Tome e Principe<\/option><option  value=\"SN\">Senegal<\/option><option  value=\"RS\">Serbia<\/option><option  value=\"SC\">Seychelles<\/option><option  value=\"SL\">Sierra Leona<\/option><option  value=\"SG\">Singapore<\/option><option  value=\"SY\">Siria<\/option><option  value=\"SK\">Slovacchia<\/option><option  value=\"SI\">Slovenia<\/option><option  value=\"SO\">Somalia<\/option><option  value=\"ES\">Spagna<\/option><option  value=\"LK\">Sri Lanka<\/option><option  value=\"US\">Stati Uniti d&#039;America<\/option><option  value=\"ZA\">Sud Africa<\/option><option  value=\"SD\">Sudan<\/option><option  value=\"SR\">Surinam<\/option><option  value=\"SE\">Svezia<\/option><option  value=\"CH\">Svizzera<\/option><option  value=\"SZ\">Swaziland<\/option><option  value=\"TH\">Tailandia<\/option><option  value=\"TW\">Taiwan<\/option><option  value=\"TJ\">Tajikistan<\/option><option  value=\"TZ\">Tanzania<\/option><option  value=\"TL\">Timor Orientale<\/option><option  value=\"TG\">Togo<\/option><option  value=\"TO\">Tonga<\/option><option  value=\"TT\">Trinidad e Tobago<\/option><option  value=\"TN\">Tunisia<\/option><option  value=\"TR\">Turchia<\/option><option  value=\"TM\">Turkmenistan<\/option><option  value=\"TV\">Tuvalu<\/option><option  value=\"UA\">Ucrania<\/option><option  value=\"UG\">Uganda<\/option><option  value=\"HU\">Ungheria<\/option><option  value=\"UY\">Uruguay<\/option><option  value=\"UZ\">Uzbekistan<\/option><option  value=\"VE\">Venezuela<\/option><option  value=\"VN\">Vietnam<\/option><option  value=\"YE\">Yemen<\/option><option  value=\"CD\">Zaire<\/option><option  value=\"ZM\">Zambia<\/option><option  value=\"ZW\">Zimbabwe<\/option>\t<\/select>\n\t\r\n\t\r\n\t\r\n<\/div>\n<div id=\"frm_field_45_container\" class=\"frm_form_field form-field  frm_none_container\">\r\n\t<label for=\"g-recaptcha-response\" id=\"field_vjvzg_label\" class=\"frm_primary_label\">Captcha\r\n\t\t<span class=\"frm_required\" aria-hidden=\"true\"><\/span>\r\n\t<\/label>\r\n\t<div  id=\"field_vjvzg\" class=\"frm-g-recaptcha\" data-sitekey=\"6LcUZkIiAAAAAEnYWQIj19x-tFuRxHJko-AjO_gl\" data-size=\"normal\" data-theme=\"light\"><\/div>\r\n\t\r\n\t\r\n<\/div>\n<div id=\"frm_field_40_container\" class=\"frm_form_field form-field \">\r\n\t<div class=\"frm_submit frm_flex\">\r\n<button class=\"frm_button_submit frm_final_submit\" type=\"submit\"   formnovalidate=\"formnovalidate\">Invia<\/button>\r\n\r\n\r\n\r\n<\/div>\r\n<\/div>\n\t<input type=\"hidden\" name=\"item_key\" value=\"\" \/>\n\t\t\t<div id=\"frm_field_50_container\">\n\t\t\t<label for=\"field_s2vux\" >\n\t\t\t\tSe sei un essere umano, lascia questo campo vuoto.\t\t\t<\/label>\n\t\t\t<input  id=\"field_s2vux\" type=\"text\" class=\"frm_form_field form-field frm_verify\" name=\"item_meta[50]\" value=\"\"  \/>\n\t\t<\/div>\n\t\t<input name=\"frm_state\" type=\"hidden\" value=\"w9rrrXYSD8GHK5fwi07Iu\/XG95BQ9U50UlkzjrQxrWhmtXCar9JeWwqDdrkCKZFo\" \/><\/div>\n<\/fieldset>\n<\/div>\n\n<\/form>\n<\/div>\n[\/et_pb_text][\/et_pb_column][\/et_pb_row][et_pb_row _builder_version=&#8221;4.27.2&#8243; _module_preset=&#8221;default&#8221; global_colors_info=&#8221;{}&#8221;][et_pb_column type=&#8221;4_4&#8243; _builder_version=&#8221;4.27.2&#8243; _module_preset=&#8221;default&#8221; global_colors_info=&#8221;{}&#8221;][et_pb_accordion _builder_version=&#8221;4.27.2&#8243; _module_preset=&#8221;default&#8221; custom_margin=&#8221;||||false|false&#8221; custom_padding=&#8221;||||false|false&#8221; global_colors_info=&#8221;{}&#8221;][et_pb_accordion_item title=&#8221;Hidden&#8221; open=&#8221;on&#8221; _builder_version=&#8221;4.27.2&#8243; _module_preset=&#8221;default&#8221; custom_css_main_element=&#8221;display: none;&#8221; global_colors_info=&#8221;{}&#8221;]<p>Hidden<\/p>[\/et_pb_accordion_item][et_pb_accordion_item title=&#8221;INFORMAZIONI DI BASE SULLA PROTEZIONE DEI DATI&#8221; _builder_version=&#8221;4.27.2&#8243; _module_preset=&#8221;default&#8221; global_colors_info=&#8221;{}&#8221; open=&#8221;off&#8221;]\n<p style=\"font-size:12px\">INFORMAZIONI DI BASE SULLA PROTEZIONE DEI DATI: In ottemperanza all&#8217;obbligo di informativa di cui il regolamento in materia di protezione dei dati, informiamo gli utenti riguardo al trattamento dei dati personali:<\/p>\n\n<figure class=\"wp-block-table is-style-stripes\" style=\"font-size:12px\"><table><tbody><tr><td>ORGANISMO DI CONTROLLO<\/td><td>Asuni Soft, SL &#8211; Tax ID Number: ESB62897731 &#8211; Address: Roger de Flor 32-34, 08018 &#8211; BARCELONA (SPAIN)<\/td><\/tr><tr><td>FINALIT\u00c0<\/td><td>Gestione e risposta alle richieste.<\/td><\/tr><tr><td>BASE LEGALE<\/td><td>Consenso<\/td><\/tr><tr><td>DESTINATARI<\/td><td>I dati personali non verranno condivisi con terze parti, salvo nei casi previsti dalla legge o se \u00e8 necessario per rispondere all&#8217;utente.<\/td><\/tr><tr><td>DIRITTI<\/td><td>L&#8217;utente pu\u00f2 esercitare il diritto di accesso, rettifica, soppressione, limitazione e portabilit\u00e0 dei dati e di opposizione. Inoltre, potr\u00e0 presentare un reclamo all&#8217;autorit\u00e0 di controllo.<\/td><\/tr><tr><td>ULTERIORI INFORMAZIONI<\/td><td>Gli utenti possono consultare qui ulteriori informazioni sul trattamento dei dati personali.<\/td><\/tr><\/tbody><\/table><\/figure>\n[\/et_pb_accordion_item][et_pb_accordion_item title=&#8221;Chiudi&#8221; open_toggle_background_color=&#8221;RGBA(255,255,255,0)&#8221; closed_toggle_background_color=&#8221;RGBA(255,255,255,0)&#8221; icon_color=&#8221;RGBA(255,255,255,0)&#8221; _builder_version=&#8221;4.27.2&#8243; _module_preset=&#8221;default&#8221; custom_margin=&#8221;0px||||false|false&#8221; custom_padding=&#8221;0px||||false|false&#8221; border_width_all=&#8221;0px&#8221; global_colors_info=&#8221;{}&#8221; toggle_text_color=&#8221;#2191ab&#8221; toggle_level=&#8221;h6&#8243; open=&#8221;off&#8221;][\/et_pb_accordion_item][\/et_pb_accordion][\/et_pb_column][\/et_pb_row][\/et_pb_section]\n","protected":false},"excerpt":{"rendered":"<p>Download dell&#8217;aggiornamento di VisualARQ.<\/p>\n","protected":false},"author":1,"featured_media":0,"parent":11525,"menu_order":2,"comment_status":"closed","ping_status":"closed","template":"","meta":{"_et_pb_use_builder":"on","_et_pb_old_content":"","_et_gb_content_width":"","footnotes":""},"class_list":["post-11428","page","type-page","status-publish","hentry"],"yoast_head":"<!-- This site is optimized with the Yoast SEO plugin v27.3 - https:\/\/yoast.com\/product\/yoast-seo-wordpress\/ -->\n<title>Aggiornamento - VisualARQ<\/title>\n<meta name=\"robots\" content=\"noindex, follow, max-snippet:-1, max-image-preview:large, max-video-preview:-1\" \/>\n<meta property=\"og:locale\" content=\"it_IT\" \/>\n<meta property=\"og:type\" content=\"article\" \/>\n<meta property=\"og:title\" content=\"Aggiornamento - VisualARQ\" \/>\n<meta property=\"og:description\" content=\"Download dell&#039;aggiornamento di VisualARQ.\" \/>\n<meta property=\"og:url\" content=\"https:\/\/stg.visualarq.com\/it\/download\/update\/\" \/>\n<meta property=\"og:site_name\" content=\"VisualARQ\" \/>\n<meta property=\"article:publisher\" content=\"https:\/\/www.facebook.com\/visualarq\" \/>\n<meta property=\"article:modified_time\" content=\"2024-10-09T10:32:22+00:00\" \/>\n<meta name=\"twitter:card\" content=\"summary_large_image\" \/>\n<meta name=\"twitter:site\" content=\"@VisualARQ\" \/>\n<meta name=\"twitter:label1\" content=\"Tempo di lettura stimato\" \/>\n\t<meta name=\"twitter:data1\" content=\"3 minuti\" \/>\n<script type=\"application\/ld+json\" class=\"yoast-schema-graph\">{\"@context\":\"https:\\\/\\\/schema.org\",\"@graph\":[{\"@type\":\"WebPage\",\"@id\":\"https:\\\/\\\/stg.visualarq.com\\\/it\\\/download\\\/update\\\/\",\"url\":\"https:\\\/\\\/stg.visualarq.com\\\/it\\\/download\\\/update\\\/\",\"name\":\"Aggiornamento - VisualARQ\",\"isPartOf\":{\"@id\":\"https:\\\/\\\/stg.visualarq.com\\\/it\\\/#website\"},\"datePublished\":\"2011-01-08T00:00:00+00:00\",\"dateModified\":\"2024-10-09T10:32:22+00:00\",\"breadcrumb\":{\"@id\":\"https:\\\/\\\/stg.visualarq.com\\\/it\\\/download\\\/update\\\/#breadcrumb\"},\"inLanguage\":\"it-IT\",\"potentialAction\":[{\"@type\":\"ReadAction\",\"target\":[\"https:\\\/\\\/stg.visualarq.com\\\/it\\\/download\\\/update\\\/\"]}]},{\"@type\":\"BreadcrumbList\",\"@id\":\"https:\\\/\\\/stg.visualarq.com\\\/it\\\/download\\\/update\\\/#breadcrumb\",\"itemListElement\":[{\"@type\":\"ListItem\",\"position\":1,\"name\":\"Home\",\"item\":\"https:\\\/\\\/stg.visualarq.com\\\/it\\\/home\\\/\"},{\"@type\":\"ListItem\",\"position\":2,\"name\":\"Download\",\"item\":\"https:\\\/\\\/stg.visualarq.com\\\/it\\\/download\\\/\"},{\"@type\":\"ListItem\",\"position\":3,\"name\":\"Aggiornamento\"}]},{\"@type\":\"WebSite\",\"@id\":\"https:\\\/\\\/stg.visualarq.com\\\/it\\\/#website\",\"url\":\"https:\\\/\\\/stg.visualarq.com\\\/it\\\/\",\"name\":\"VisualARQ\",\"description\":\"Flexible BIM for Rhino\",\"potentialAction\":[{\"@type\":\"SearchAction\",\"target\":{\"@type\":\"EntryPoint\",\"urlTemplate\":\"https:\\\/\\\/stg.visualarq.com\\\/it\\\/?s={search_term_string}\"},\"query-input\":{\"@type\":\"PropertyValueSpecification\",\"valueRequired\":true,\"valueName\":\"search_term_string\"}}],\"inLanguage\":\"it-IT\"}]}<\/script>\n<!-- \/ Yoast SEO plugin. -->","yoast_head_json":{"title":"Aggiornamento - VisualARQ","robots":{"index":"noindex","follow":"follow","max-snippet":"max-snippet:-1","max-image-preview":"max-image-preview:large","max-video-preview":"max-video-preview:-1"},"og_locale":"it_IT","og_type":"article","og_title":"Aggiornamento - VisualARQ","og_description":"Download dell'aggiornamento di VisualARQ.","og_url":"https:\/\/stg.visualarq.com\/it\/download\/update\/","og_site_name":"VisualARQ","article_publisher":"https:\/\/www.facebook.com\/visualarq","article_modified_time":"2024-10-09T10:32:22+00:00","twitter_card":"summary_large_image","twitter_site":"@VisualARQ","twitter_misc":{"Tempo di lettura stimato":"3 minuti"},"schema":{"@context":"https:\/\/schema.org","@graph":[{"@type":"WebPage","@id":"https:\/\/stg.visualarq.com\/it\/download\/update\/","url":"https:\/\/stg.visualarq.com\/it\/download\/update\/","name":"Aggiornamento - VisualARQ","isPartOf":{"@id":"https:\/\/stg.visualarq.com\/it\/#website"},"datePublished":"2011-01-08T00:00:00+00:00","dateModified":"2024-10-09T10:32:22+00:00","breadcrumb":{"@id":"https:\/\/stg.visualarq.com\/it\/download\/update\/#breadcrumb"},"inLanguage":"it-IT","potentialAction":[{"@type":"ReadAction","target":["https:\/\/stg.visualarq.com\/it\/download\/update\/"]}]},{"@type":"BreadcrumbList","@id":"https:\/\/stg.visualarq.com\/it\/download\/update\/#breadcrumb","itemListElement":[{"@type":"ListItem","position":1,"name":"Home","item":"https:\/\/stg.visualarq.com\/it\/home\/"},{"@type":"ListItem","position":2,"name":"Download","item":"https:\/\/stg.visualarq.com\/it\/download\/"},{"@type":"ListItem","position":3,"name":"Aggiornamento"}]},{"@type":"WebSite","@id":"https:\/\/stg.visualarq.com\/it\/#website","url":"https:\/\/stg.visualarq.com\/it\/","name":"VisualARQ","description":"Flexible BIM for Rhino","potentialAction":[{"@type":"SearchAction","target":{"@type":"EntryPoint","urlTemplate":"https:\/\/stg.visualarq.com\/it\/?s={search_term_string}"},"query-input":{"@type":"PropertyValueSpecification","valueRequired":true,"valueName":"search_term_string"}}],"inLanguage":"it-IT"}]}},"_links":{"self":[{"href":"https:\/\/stg.visualarq.com\/it\/wp-json\/wp\/v2\/pages\/11428","targetHints":{"allow":["GET"]}}],"collection":[{"href":"https:\/\/stg.visualarq.com\/it\/wp-json\/wp\/v2\/pages"}],"about":[{"href":"https:\/\/stg.visualarq.com\/it\/wp-json\/wp\/v2\/types\/page"}],"author":[{"embeddable":true,"href":"https:\/\/stg.visualarq.com\/it\/wp-json\/wp\/v2\/users\/1"}],"replies":[{"embeddable":true,"href":"https:\/\/stg.visualarq.com\/it\/wp-json\/wp\/v2\/comments?post=11428"}],"version-history":[{"count":11,"href":"https:\/\/stg.visualarq.com\/it\/wp-json\/wp\/v2\/pages\/11428\/revisions"}],"predecessor-version":[{"id":41434,"href":"https:\/\/stg.visualarq.com\/it\/wp-json\/wp\/v2\/pages\/11428\/revisions\/41434"}],"up":[{"embeddable":true,"href":"https:\/\/stg.visualarq.com\/it\/wp-json\/wp\/v2\/pages\/11525"}],"wp:attachment":[{"href":"https:\/\/stg.visualarq.com\/it\/wp-json\/wp\/v2\/media?parent=11428"}],"curies":[{"name":"wp","href":"https:\/\/api.w.org\/{rel}","templated":true}]}}