{"id":11462,"date":"2012-09-03T00:00:00","date_gmt":"2012-09-03T00:00:00","guid":{"rendered":"https:\/\/stg.visualarq.com\/sales\/what-is-an-educational-license\/"},"modified":"2019-01-02T16:15:34","modified_gmt":"2019-01-02T16:15:34","slug":"what-is-an-educational-license","status":"publish","type":"page","link":"https:\/\/stg.visualarq.com\/it\/sales\/what-is-an-educational-license\/","title":{"rendered":"Cos&#8217;\u00e8 una licenza educational?"},"content":{"rendered":"<h1>\n<strong>Una licenza educational<\/strong>:<\/h1>\n<ul>\n<li>\u00e8 una <strong>licenza commerciale<\/strong> completa ad un prezzo speciale per <strong>singoli utenti<\/strong>.<\/li>\n<li>\u00e8 una licenza che si rivolge esclusivamente a <strong>studenti, insegnanti<\/strong> (professori e docenti universitari) <strong><\/strong>e<strong> scuole<\/strong><em> (<a href=\"\/it\/sales\/proof-of-academic-status\/\">si richiede un certificato che attesti il loro stato attuale<\/a>).<\/em>\n<\/li>\n<li>\u00e8 utilizzabile sia per l&#8217;attivit\u00e0 docente che per quella commerciale.<\/li>\n<li>non \u00e8 trasferibile (non pu\u00f2 essere venduta o trasferita ad un altro utente).<\/li>\n<\/ul>","protected":false},"excerpt":{"rendered":"<p>Una licenza educational: \u00e8 una licenza commerciale completa ad un prezzo speciale per singoli utenti. \u00e8 una licenza che si rivolge esclusivamente a studenti, insegnanti (professori e docenti universitari) e scuole (si richiede un certificato che attesti il loro stato attuale). \u00e8 utilizzabile sia per l&#8217;attivit\u00e0 docente che per quella commerciale. non \u00e8 trasferibile (non [&hellip;]<\/p>\n","protected":false},"author":6,"featured_media":0,"parent":11395,"menu_order":0,"comment_status":"closed","ping_status":"closed","template":"","meta":{"_et_pb_use_builder":"","_et_pb_old_content":"","_et_gb_content_width":"","footnotes":""},"class_list":["post-11462","page","type-page","status-publish","hentry"],"yoast_head":"<!-- This site is optimized with the Yoast SEO plugin v27.3 - https:\/\/yoast.com\/product\/yoast-seo-wordpress\/ -->\n<title>Cos&#039;\u00e8 una licenza educational? - VisualARQ<\/title>\n<meta name=\"robots\" content=\"noindex, follow, max-snippet:-1, max-image-preview:large, max-video-preview:-1\" \/>\n<meta property=\"og:locale\" content=\"it_IT\" \/>\n<meta property=\"og:type\" content=\"article\" \/>\n<meta property=\"og:title\" content=\"Cos&#039;\u00e8 una licenza educational? - VisualARQ\" \/>\n<meta property=\"og:description\" content=\"Una licenza educational: \u00e8 una licenza commerciale completa ad un prezzo speciale per singoli utenti. \u00e8 una licenza che si rivolge esclusivamente a studenti, insegnanti (professori e docenti universitari) e scuole (si richiede un certificato che attesti il loro stato attuale). \u00e8 utilizzabile sia per l&#8217;attivit\u00e0 docente che per quella commerciale. non \u00e8 trasferibile (non [&hellip;]\" \/>\n<meta property=\"og:url\" content=\"https:\/\/stg.visualarq.com\/it\/sales\/what-is-an-educational-license\/\" \/>\n<meta property=\"og:site_name\" content=\"VisualARQ\" \/>\n<meta property=\"article:publisher\" content=\"https:\/\/www.facebook.com\/visualarq\" \/>\n<meta property=\"article:modified_time\" content=\"2019-01-02T16:15:34+00:00\" \/>\n<meta name=\"twitter:card\" content=\"summary_large_image\" \/>\n<meta name=\"twitter:site\" content=\"@VisualARQ\" \/>\n<script type=\"application\/ld+json\" class=\"yoast-schema-graph\">{\"@context\":\"https:\\\/\\\/schema.org\",\"@graph\":[{\"@type\":\"WebPage\",\"@id\":\"https:\\\/\\\/stg.visualarq.com\\\/it\\\/sales\\\/what-is-an-educational-license\\\/\",\"url\":\"https:\\\/\\\/stg.visualarq.com\\\/it\\\/sales\\\/what-is-an-educational-license\\\/\",\"name\":\"Cos'\u00e8 una licenza educational? - VisualARQ\",\"isPartOf\":{\"@id\":\"https:\\\/\\\/stg.visualarq.com\\\/it\\\/#website\"},\"datePublished\":\"2012-09-03T00:00:00+00:00\",\"dateModified\":\"2019-01-02T16:15:34+00:00\",\"breadcrumb\":{\"@id\":\"https:\\\/\\\/stg.visualarq.com\\\/it\\\/sales\\\/what-is-an-educational-license\\\/#breadcrumb\"},\"inLanguage\":\"it-IT\",\"potentialAction\":[{\"@type\":\"ReadAction\",\"target\":[\"https:\\\/\\\/stg.visualarq.com\\\/it\\\/sales\\\/what-is-an-educational-license\\\/\"]}]},{\"@type\":\"BreadcrumbList\",\"@id\":\"https:\\\/\\\/stg.visualarq.com\\\/it\\\/sales\\\/what-is-an-educational-license\\\/#breadcrumb\",\"itemListElement\":[{\"@type\":\"ListItem\",\"position\":1,\"name\":\"Home\",\"item\":\"https:\\\/\\\/stg.visualarq.com\\\/it\\\/home\\\/\"},{\"@type\":\"ListItem\",\"position\":2,\"name\":\"Vendita\",\"item\":\"https:\\\/\\\/stg.visualarq.com\\\/it\\\/sales\\\/\"},{\"@type\":\"ListItem\",\"position\":3,\"name\":\"Cos&#8217;\u00e8 una licenza educational?\"}]},{\"@type\":\"WebSite\",\"@id\":\"https:\\\/\\\/stg.visualarq.com\\\/it\\\/#website\",\"url\":\"https:\\\/\\\/stg.visualarq.com\\\/it\\\/\",\"name\":\"VisualARQ\",\"description\":\"Flexible BIM for Rhino\",\"potentialAction\":[{\"@type\":\"SearchAction\",\"target\":{\"@type\":\"EntryPoint\",\"urlTemplate\":\"https:\\\/\\\/stg.visualarq.com\\\/it\\\/?s={search_term_string}\"},\"query-input\":{\"@type\":\"PropertyValueSpecification\",\"valueRequired\":true,\"valueName\":\"search_term_string\"}}],\"inLanguage\":\"it-IT\"}]}<\/script>\n<!-- \/ Yoast SEO plugin. -->","yoast_head_json":{"title":"Cos'\u00e8 una licenza educational? - VisualARQ","robots":{"index":"noindex","follow":"follow","max-snippet":"max-snippet:-1","max-image-preview":"max-image-preview:large","max-video-preview":"max-video-preview:-1"},"og_locale":"it_IT","og_type":"article","og_title":"Cos'\u00e8 una licenza educational? - VisualARQ","og_description":"Una licenza educational: \u00e8 una licenza commerciale completa ad un prezzo speciale per singoli utenti. \u00e8 una licenza che si rivolge esclusivamente a studenti, insegnanti (professori e docenti universitari) e scuole (si richiede un certificato che attesti il loro stato attuale). \u00e8 utilizzabile sia per l&#8217;attivit\u00e0 docente che per quella commerciale. non \u00e8 trasferibile (non [&hellip;]","og_url":"https:\/\/stg.visualarq.com\/it\/sales\/what-is-an-educational-license\/","og_site_name":"VisualARQ","article_publisher":"https:\/\/www.facebook.com\/visualarq","article_modified_time":"2019-01-02T16:15:34+00:00","twitter_card":"summary_large_image","twitter_site":"@VisualARQ","schema":{"@context":"https:\/\/schema.org","@graph":[{"@type":"WebPage","@id":"https:\/\/stg.visualarq.com\/it\/sales\/what-is-an-educational-license\/","url":"https:\/\/stg.visualarq.com\/it\/sales\/what-is-an-educational-license\/","name":"Cos'\u00e8 una licenza educational? - VisualARQ","isPartOf":{"@id":"https:\/\/stg.visualarq.com\/it\/#website"},"datePublished":"2012-09-03T00:00:00+00:00","dateModified":"2019-01-02T16:15:34+00:00","breadcrumb":{"@id":"https:\/\/stg.visualarq.com\/it\/sales\/what-is-an-educational-license\/#breadcrumb"},"inLanguage":"it-IT","potentialAction":[{"@type":"ReadAction","target":["https:\/\/stg.visualarq.com\/it\/sales\/what-is-an-educational-license\/"]}]},{"@type":"BreadcrumbList","@id":"https:\/\/stg.visualarq.com\/it\/sales\/what-is-an-educational-license\/#breadcrumb","itemListElement":[{"@type":"ListItem","position":1,"name":"Home","item":"https:\/\/stg.visualarq.com\/it\/home\/"},{"@type":"ListItem","position":2,"name":"Vendita","item":"https:\/\/stg.visualarq.com\/it\/sales\/"},{"@type":"ListItem","position":3,"name":"Cos&#8217;\u00e8 una licenza educational?"}]},{"@type":"WebSite","@id":"https:\/\/stg.visualarq.com\/it\/#website","url":"https:\/\/stg.visualarq.com\/it\/","name":"VisualARQ","description":"Flexible BIM for Rhino","potentialAction":[{"@type":"SearchAction","target":{"@type":"EntryPoint","urlTemplate":"https:\/\/stg.visualarq.com\/it\/?s={search_term_string}"},"query-input":{"@type":"PropertyValueSpecification","valueRequired":true,"valueName":"search_term_string"}}],"inLanguage":"it-IT"}]}},"_links":{"self":[{"href":"https:\/\/stg.visualarq.com\/it\/wp-json\/wp\/v2\/pages\/11462","targetHints":{"allow":["GET"]}}],"collection":[{"href":"https:\/\/stg.visualarq.com\/it\/wp-json\/wp\/v2\/pages"}],"about":[{"href":"https:\/\/stg.visualarq.com\/it\/wp-json\/wp\/v2\/types\/page"}],"author":[{"embeddable":true,"href":"https:\/\/stg.visualarq.com\/it\/wp-json\/wp\/v2\/users\/6"}],"replies":[{"embeddable":true,"href":"https:\/\/stg.visualarq.com\/it\/wp-json\/wp\/v2\/comments?post=11462"}],"version-history":[{"count":0,"href":"https:\/\/stg.visualarq.com\/it\/wp-json\/wp\/v2\/pages\/11462\/revisions"}],"up":[{"embeddable":true,"href":"https:\/\/stg.visualarq.com\/it\/wp-json\/wp\/v2\/pages\/11395"}],"wp:attachment":[{"href":"https:\/\/stg.visualarq.com\/it\/wp-json\/wp\/v2\/media?parent=11462"}],"curies":[{"name":"wp","href":"https:\/\/api.w.org\/{rel}","templated":true}]}}