{"id":11476,"date":"2014-05-12T00:00:00","date_gmt":"2014-05-12T00:00:00","guid":{"rendered":"https:\/\/stg.visualarq.com\/download\/resources\/"},"modified":"2024-10-07T09:42:35","modified_gmt":"2024-10-07T09:42:35","slug":"resources","status":"publish","type":"page","link":"https:\/\/stg.visualarq.com\/it\/download\/resources\/","title":{"rendered":"Risorse"},"content":{"rendered":"[et_pb_section fb_built=&#8221;1&#8243; admin_label=&#8221;section&#8221; _builder_version=&#8221;4.16&#8243; da_disable_devices=&#8221;off|off|off&#8221; global_colors_info=&#8221;{}&#8221; da_is_popup=&#8221;off&#8221; da_exit_intent=&#8221;off&#8221; da_has_close=&#8221;on&#8221; da_alt_close=&#8221;off&#8221; da_dark_close=&#8221;off&#8221; da_not_modal=&#8221;on&#8221; da_is_singular=&#8221;off&#8221; da_with_loader=&#8221;off&#8221; da_has_shadow=&#8221;on&#8221;][et_pb_row admin_label=&#8221;row&#8221; _builder_version=&#8221;4.16&#8243; background_size=&#8221;initial&#8221; background_position=&#8221;top_left&#8221; background_repeat=&#8221;repeat&#8221; global_colors_info=&#8221;{}&#8221;][et_pb_column type=&#8221;4_4&#8243; _builder_version=&#8221;4.16&#8243; custom_padding=&#8221;|||&#8221; global_colors_info=&#8221;{}&#8221; custom_padding__hover=&#8221;|||&#8221;][et_pb_text _builder_version=&#8221;4.27.0&#8243; background_size=&#8221;initial&#8221; background_position=&#8221;top_left&#8221; background_repeat=&#8221;repeat&#8221; use_border_color=&#8221;off&#8221; border_color=&#8221;#ffffff&#8221; border_style=&#8221;solid&#8221; global_colors_info=&#8221;{}&#8221;]<p><a name=\"zoo\"><\/a><\/p>\n<h1>Plug-in Zoo per VisualARQ<\/h1>\n<p><a href=\"https:\/\/www.rhino3d.com\/download\/zoo\/6\/latest\"><img loading=\"lazy\" decoding=\"async\" class=\"alignright size-full wp-image-12359\" src=\"https:\/\/stg.visualarq.com\/wp-content\/uploads\/sites\/2\/2016\/04\/zooLogoshort.png\" alt=\"zooLogoshort\" width=\"300\" height=\"128\" \/><\/a>Il plug-in Zoo per VisualARQ consente la condivisione delle licenze di VisualARQ (codici prodotto) tra gli utenti di uno stesso gruppo di lavoro in rete.<\/p>\n<p>Il plug-in Zoo per VisualARQ \u00e8 disponibile per <strong>Lan Zoo 8:<\/strong><\/p>\n<p>Requisiti:<\/p>\n<ul>\n<li><strong>Lan Zoo 8 &#8211; Gestore licenze<\/strong>. (<a href=\"https:\/\/www.rhino3d.com\/download\/zoo\/latest\/\">Download<\/a>)<\/li>\n<li><strong>VisualARQ 2 o VisualARQ 3<\/strong><\/li>\n<\/ul>[\/et_pb_text][et_pb_button button_url=&#8221;https:\/\/visualarq.s3.amazonaws.com\/download\/VisualARQ3-Zoo8.msi&#8221; button_text=&#8221;Scarica il plug-in VisualARQ Zoo per Zoo 8&#8243; button_alignment=&#8221;left&#8221; admin_label=&#8221;Bot\u00f3n download para Zoo 8&#8243; _builder_version=&#8221;4.27.0&#8243; custom_button=&#8221;on&#8221; button_text_color=&#8221;#2191ab&#8221; button_border_color=&#8221;#2191ab&#8221; button_letter_spacing_hover=&#8221;0&#8243; saved_tabs=&#8221;all&#8221; global_colors_info=&#8221;{}&#8221; button_text_size__hover_enabled=&#8221;off&#8221; button_one_text_size__hover_enabled=&#8221;off&#8221; button_two_text_size__hover_enabled=&#8221;off&#8221; button_text_color__hover_enabled=&#8221;off&#8221; button_one_text_color__hover_enabled=&#8221;off&#8221; button_two_text_color__hover_enabled=&#8221;off&#8221; button_border_width__hover_enabled=&#8221;off&#8221; button_one_border_width__hover_enabled=&#8221;off&#8221; button_two_border_width__hover_enabled=&#8221;off&#8221; button_border_color__hover_enabled=&#8221;off&#8221; button_one_border_color__hover_enabled=&#8221;off&#8221; button_two_border_color__hover_enabled=&#8221;off&#8221; button_border_radius__hover_enabled=&#8221;off&#8221; button_one_border_radius__hover_enabled=&#8221;off&#8221; button_two_border_radius__hover_enabled=&#8221;off&#8221; button_letter_spacing__hover_enabled=&#8221;on&#8221; button_letter_spacing__hover=&#8221;0&#8243; button_one_letter_spacing__hover_enabled=&#8221;off&#8221; button_two_letter_spacing__hover_enabled=&#8221;off&#8221; button_bg_color__hover_enabled=&#8221;off&#8221; button_one_bg_color__hover_enabled=&#8221;off&#8221; button_two_bg_color__hover_enabled=&#8221;off&#8221;][\/et_pb_button][et_pb_text _builder_version=&#8221;4.16&#8243; background_size=&#8221;initial&#8221; background_position=&#8221;top_left&#8221; background_repeat=&#8221;repeat&#8221; use_border_color=&#8221;off&#8221; border_color=&#8221;#ffffff&#8221; border_style=&#8221;solid&#8221; global_colors_info=&#8221;{}&#8221;]<h2>Come funziona?<\/h2>\nQuando VisualARQ \u00e8 installato come nodo di gruppo anzich\u00e9 come prodotto standalone, funziona nel seguente modo:\n<ul>\n \t<li>Quando si avvia un nodo di gruppo, viene inviata allo Zoo una richiesta di licenza.<\/li>\n \t<li>Viene assegnata al nodo una licenza non in uso.<\/li>\n \t<li>Quando il nodo termina la sessione, la licenza viene restituita allo Zoo ed \u00e8 visibile tra le licenze disponibili.<\/li>\n<\/ul>\nPer cambiare la modalit\u00e0 di licenza in rete, esegui il comando <kbd>vaLicenza<\/kbd>  comando.  <a href=\"https:\/\/stg.visualarq.com\/it\/info\/license-modes\/\">Ulteriori informazioni sulle modalit\u00e0 di licenza<\/a>.\n\n<strong>Nota 2<\/strong>: le licenze in rete di VisualARQ possono essere gestite anche con <a href=\"https:\/\/stg.visualarq.com\/features\/collaboration\/#Zoo\">Cloud Zoo<\/a>.\n\n<h2 class=\"mt-3\"><a href=\"https:\/\/wiki.mcneel.com\/zoo\/home\">Che cos&#8217;\u00e8 lo Zoo?<\/a><\/h2>\n<iframe loading=\"lazy\" src=\"\/\/player.vimeo.com\/video\/89968285?title=0&amp;byline=0&amp;portrait=0\" width=\"900\" height=\"506\" frameborder=\"0\" allowfullscreen=\"allowfullscreen\"><\/iframe>[\/et_pb_text][et_pb_text admin_label=&#8221;Problems&#8221; _builder_version=&#8221;4.16&#8243; background_size=&#8221;initial&#8221; background_position=&#8221;top_left&#8221; background_repeat=&#8221;repeat&#8221; use_border_color=&#8221;off&#8221; border_color=&#8221;#ffffff&#8221; border_style=&#8221;solid&#8221; global_colors_info=&#8221;{}&#8221;]<h2>Problemi<\/h2>[\/et_pb_text][et_pb_toggle title=&#8221;Aggiungi nuovamente le licenza di VisualARQ a Zoo.&#8221; admin_label=&#8221;I can&#8217;t add the license&#8221; _builder_version=&#8221;4.16&#8243; global_colors_info=&#8221;{}&#8221;]Questo problema si verifica a causa di un file dll Microsoft mancante sul computer, in cui si installa il plug-in Zoo.\nPer risolvere il problema, segui questi passi:\n<ol>\n<li>Rimuovi le licenze di VisualARQ dallo Zoo (se esistenti). Per usare le licenze dello Zoo, occorre attivare l&#8217;opzione (menu Zoo > Strumenti > Opzioni).<\/li>\n<li>Disinstalla il plug-in dello Zoo per VisualARQ.<\/li>\n<li>Scarica e installa questo nuovo pacchetto di Microsoft: <a href=\"https:\/\/download.microsoft.com\/download\/C\/6\/D\/C6D0FD4E-9E53-4897-9B91-836EBA2AACD3\/vcredist_x86.exe\">https:\/\/download.microsoft.com\/download\/C\/6\/D\/C6D0FD4E-9E53-4897-9B91-836EBA2AACD3\/vcredist_x86.exe<\/a><\/li>\n<li>Assicurati che sul computer non \u00e8 installato nessun plug-in Zoo per VisualARQ (versione 1 o 2).<\/li>\n<li>Installa il plug-in Zoo di VisualARQ per corrispondente Zoo. Download disponibile su questa pagina<\/li>\n<li>Riavvia il server (consigliato).<\/li>\n<li>Esegui Zoo e aggiungi la licenza di VisualARQ.<\/li>\n<\/ol>[\/et_pb_toggle][et_pb_toggle title=&#8221;Non riesco a rimuovere una licenza di VisualARQ da Zoo.&#8221; admin_label=&#8221;unable to remove a VisualARQ license from the Zoo&#8221; _builder_version=&#8221;4.16&#8243; global_colors_info=&#8221;{}&#8221;]Si tratta di un errore del plug-in Zoo. Se il plug-in Zoo di terze parti non \u00e8 installato sul computer, non sar\u00e0 possibile rimuovere una licenza di plug-in di terze parti.\nPer risolvere il problema, installa nuovamente il plug-in Zoo per VisualARQ (scrivi a visualarq@asuni.com se ti occorre una versione precedente del plug-in Zoo per VisualARQ) e rimuovi la licenza di VisualARQ da Zoo.[\/et_pb_toggle][et_pb_toggle title=&#8221;Non riesco ad eseguire VisualARQ nella modalit\u00e0 in rete dopo un aggiornamento.&#8221; admin_label=&#8221;I cannot run VisualARQ in network mode after an update&#8221; _builder_version=&#8221;4.19.0&#8243; global_colors_info=&#8221;{}&#8221;]Se visualizzi questo errore: <em>&#8220;Questa versione di VisualARQ accetta solo licenze di rete dal server Zoo con il plug-in 2.1 dello Zoo per VisualARQ o superiore installato.&#8221;<\/em> Vuol dire che \u00e8 installata una versione obsoleta del plug-in Zoo per VisualARQ, che non \u00e8 compatibile con VisualARQ 2.\n\nIn seguito a una modifica di VisualARQ 2.1, le licenze di VisualARQ 2 aggiunte al server Zoo devono essere rimosse e aggiunte nuovamente con la versione attuale del plug-in Zoo di VisualARQ.\nPer risolvere il problema, seguire questi passi.\n<ol>\n<li>Prima di aggiornare il plug-in Zoo di VisualARQ alla versione attuale, rimuovi le licenze di VisualARQ 2 da Zoo.<\/li>\n<li>Disinstalla qualsiasi versione del plug-in Zoo per VisualARQ.<\/li>\n<li>Installa la versione pi\u00f9 recente del plug-in VisualARQ Zoo. Puoi scaricarlo da questa pagina.<\/li>\n<li>Aggiungere nuovamente le licenze di VisualARQ allo Zoo.<\/li>\n<li>Esegui il comando <code>vaLicenza<\/code>  e seleziona la modalit\u00e0 Rete. <\/li>\n<\/ol>[\/et_pb_toggle][et_pb_toggle title=&#8221;VisualARQ supporta Zoo Cloud?&#8221; admin_label=&#8221;Does VA support Cloud Zoo?&#8221; _builder_version=&#8221;4.16&#8243; global_colors_info=&#8221;{}&#8221;]Dalla versione 2.8 in poi, VisualARQ supporta Zoo Cloud.\nQuesta funzione \u00e8 disponibile solo in Rhino 6. Ulteriori informazioni <a href=\"https:\/\/stg.visualarq.com\/it\/info\/license-modes\/\">qui<\/a>.[\/et_pb_toggle][et_pb_toggle title=&#8221;\u00c8 possibile estrarre le licenze di VisualARQ?&#8221; admin_label=&#8221;checkout licenses&#8221; _builder_version=&#8221;4.16&#8243; global_colors_info=&#8221;{}&#8221;]S\u00ec. Funziona come una licenza di Rhino gestita con Zoo. Questa opzione \u00e8 disponibile in Opzioni di Rhino > Licenze, facendo clic sull&#8217;opzione che consente di <em>estrarre la licenza di VisualARQ<\/em>. \nQuesta opzione appare solo quando la licenza di VisualARQ \u00e8 utilizzata in modalit\u00e0 di rete. Se visualizzi un messaggio che indica che non \u00e8 possibile estrarre la licenza dal gestore delle licenze, contatta l&#8217;amministratore di sistema per attivare le opzioni di licenza da Zoo. \n\nQuesta funzionalit\u00e0 \u00e8 disponibile su VA 2.2.3 o successivo e la versione pi\u00f9 recente di Zoo.[\/et_pb_toggle][\/et_pb_column][\/et_pb_row][\/et_pb_section]","protected":false},"excerpt":{"rendered":"<p>Plug-in Zoo per VisualARQ Il plug-in Zoo per VisualARQ consente la condivisione delle licenze di VisualARQ (codici prodotto) tra gli utenti di uno stesso gruppo di lavoro in rete. Il plug-in Zoo per VisualARQ \u00e8 disponibile per Lan Zoo 8: Requisiti: Lan Zoo 8 &#8211; Gestore licenze. (Download) VisualARQ 2 o VisualARQ 3 Come funziona? [&hellip;]<\/p>\n","protected":false},"author":6,"featured_media":0,"parent":11525,"menu_order":50,"comment_status":"closed","ping_status":"closed","template":"","meta":{"_et_pb_use_builder":"on","_et_pb_old_content":"","_et_gb_content_width":"","footnotes":""},"class_list":["post-11476","page","type-page","status-publish","hentry"],"yoast_head":"<!-- This site is optimized with the Yoast SEO plugin v27.3 - https:\/\/yoast.com\/product\/yoast-seo-wordpress\/ -->\n<title>Risorse - VisualARQ<\/title>\n<meta name=\"robots\" content=\"noindex, follow, max-snippet:-1, max-image-preview:large, max-video-preview:-1\" \/>\n<meta property=\"og:locale\" content=\"it_IT\" \/>\n<meta property=\"og:type\" content=\"article\" \/>\n<meta property=\"og:title\" content=\"Risorse - VisualARQ\" \/>\n<meta property=\"og:description\" content=\"Plug-in Zoo per VisualARQ Il plug-in Zoo per VisualARQ consente la condivisione delle licenze di VisualARQ (codici prodotto) tra gli utenti di uno stesso gruppo di lavoro in rete. Il plug-in Zoo per VisualARQ \u00e8 disponibile per Lan Zoo 8: Requisiti: Lan Zoo 8 - Gestore licenze. (Download) VisualARQ 2 o VisualARQ 3 Come funziona? [&hellip;]\" \/>\n<meta property=\"og:url\" content=\"https:\/\/stg.visualarq.com\/it\/download\/resources\/\" \/>\n<meta property=\"og:site_name\" content=\"VisualARQ\" \/>\n<meta property=\"article:publisher\" content=\"https:\/\/www.facebook.com\/visualarq\" \/>\n<meta property=\"article:modified_time\" content=\"2024-10-07T09:42:35+00:00\" \/>\n<meta property=\"og:image\" content=\"https:\/\/stg.visualarq.com\/wp-content\/uploads\/sites\/2\/2016\/04\/zooLogoshort.png\" \/>\n<meta name=\"twitter:card\" content=\"summary_large_image\" \/>\n<meta name=\"twitter:site\" content=\"@VisualARQ\" \/>\n<meta name=\"twitter:label1\" content=\"Tempo di lettura stimato\" \/>\n\t<meta name=\"twitter:data1\" content=\"6 minuti\" \/>\n<script type=\"application\/ld+json\" class=\"yoast-schema-graph\">{\"@context\":\"https:\\\/\\\/schema.org\",\"@graph\":[{\"@type\":\"WebPage\",\"@id\":\"https:\\\/\\\/stg.visualarq.com\\\/it\\\/download\\\/resources\\\/\",\"url\":\"https:\\\/\\\/stg.visualarq.com\\\/it\\\/download\\\/resources\\\/\",\"name\":\"Risorse - VisualARQ\",\"isPartOf\":{\"@id\":\"https:\\\/\\\/stg.visualarq.com\\\/it\\\/#website\"},\"primaryImageOfPage\":{\"@id\":\"https:\\\/\\\/stg.visualarq.com\\\/it\\\/download\\\/resources\\\/#primaryimage\"},\"image\":{\"@id\":\"https:\\\/\\\/stg.visualarq.com\\\/it\\\/download\\\/resources\\\/#primaryimage\"},\"thumbnailUrl\":\"https:\\\/\\\/stg.visualarq.com\\\/wp-content\\\/uploads\\\/sites\\\/2\\\/2016\\\/04\\\/zooLogoshort.png\",\"datePublished\":\"2014-05-12T00:00:00+00:00\",\"dateModified\":\"2024-10-07T09:42:35+00:00\",\"breadcrumb\":{\"@id\":\"https:\\\/\\\/stg.visualarq.com\\\/it\\\/download\\\/resources\\\/#breadcrumb\"},\"inLanguage\":\"it-IT\",\"potentialAction\":[{\"@type\":\"ReadAction\",\"target\":[\"https:\\\/\\\/stg.visualarq.com\\\/it\\\/download\\\/resources\\\/\"]}]},{\"@type\":\"ImageObject\",\"inLanguage\":\"it-IT\",\"@id\":\"https:\\\/\\\/stg.visualarq.com\\\/it\\\/download\\\/resources\\\/#primaryimage\",\"url\":\"https:\\\/\\\/stg.visualarq.com\\\/wp-content\\\/uploads\\\/sites\\\/2\\\/2016\\\/04\\\/zooLogoshort.png\",\"contentUrl\":\"https:\\\/\\\/stg.visualarq.com\\\/wp-content\\\/uploads\\\/sites\\\/2\\\/2016\\\/04\\\/zooLogoshort.png\"},{\"@type\":\"BreadcrumbList\",\"@id\":\"https:\\\/\\\/stg.visualarq.com\\\/it\\\/download\\\/resources\\\/#breadcrumb\",\"itemListElement\":[{\"@type\":\"ListItem\",\"position\":1,\"name\":\"Home\",\"item\":\"https:\\\/\\\/stg.visualarq.com\\\/it\\\/home\\\/\"},{\"@type\":\"ListItem\",\"position\":2,\"name\":\"Download\",\"item\":\"https:\\\/\\\/stg.visualarq.com\\\/it\\\/download\\\/\"},{\"@type\":\"ListItem\",\"position\":3,\"name\":\"Risorse\"}]},{\"@type\":\"WebSite\",\"@id\":\"https:\\\/\\\/stg.visualarq.com\\\/it\\\/#website\",\"url\":\"https:\\\/\\\/stg.visualarq.com\\\/it\\\/\",\"name\":\"VisualARQ\",\"description\":\"Flexible BIM for Rhino\",\"potentialAction\":[{\"@type\":\"SearchAction\",\"target\":{\"@type\":\"EntryPoint\",\"urlTemplate\":\"https:\\\/\\\/stg.visualarq.com\\\/it\\\/?s={search_term_string}\"},\"query-input\":{\"@type\":\"PropertyValueSpecification\",\"valueRequired\":true,\"valueName\":\"search_term_string\"}}],\"inLanguage\":\"it-IT\"}]}<\/script>\n<!-- \/ Yoast SEO plugin. -->","yoast_head_json":{"title":"Risorse - VisualARQ","robots":{"index":"noindex","follow":"follow","max-snippet":"max-snippet:-1","max-image-preview":"max-image-preview:large","max-video-preview":"max-video-preview:-1"},"og_locale":"it_IT","og_type":"article","og_title":"Risorse - VisualARQ","og_description":"Plug-in Zoo per VisualARQ Il plug-in Zoo per VisualARQ consente la condivisione delle licenze di VisualARQ (codici prodotto) tra gli utenti di uno stesso gruppo di lavoro in rete. Il plug-in Zoo per VisualARQ \u00e8 disponibile per Lan Zoo 8: Requisiti: Lan Zoo 8 - Gestore licenze. (Download) VisualARQ 2 o VisualARQ 3 Come funziona? [&hellip;]","og_url":"https:\/\/stg.visualarq.com\/it\/download\/resources\/","og_site_name":"VisualARQ","article_publisher":"https:\/\/www.facebook.com\/visualarq","article_modified_time":"2024-10-07T09:42:35+00:00","og_image":[{"url":"https:\/\/stg.visualarq.com\/wp-content\/uploads\/sites\/2\/2016\/04\/zooLogoshort.png","type":"","width":"","height":""}],"twitter_card":"summary_large_image","twitter_site":"@VisualARQ","twitter_misc":{"Tempo di lettura stimato":"6 minuti"},"schema":{"@context":"https:\/\/schema.org","@graph":[{"@type":"WebPage","@id":"https:\/\/stg.visualarq.com\/it\/download\/resources\/","url":"https:\/\/stg.visualarq.com\/it\/download\/resources\/","name":"Risorse - VisualARQ","isPartOf":{"@id":"https:\/\/stg.visualarq.com\/it\/#website"},"primaryImageOfPage":{"@id":"https:\/\/stg.visualarq.com\/it\/download\/resources\/#primaryimage"},"image":{"@id":"https:\/\/stg.visualarq.com\/it\/download\/resources\/#primaryimage"},"thumbnailUrl":"https:\/\/stg.visualarq.com\/wp-content\/uploads\/sites\/2\/2016\/04\/zooLogoshort.png","datePublished":"2014-05-12T00:00:00+00:00","dateModified":"2024-10-07T09:42:35+00:00","breadcrumb":{"@id":"https:\/\/stg.visualarq.com\/it\/download\/resources\/#breadcrumb"},"inLanguage":"it-IT","potentialAction":[{"@type":"ReadAction","target":["https:\/\/stg.visualarq.com\/it\/download\/resources\/"]}]},{"@type":"ImageObject","inLanguage":"it-IT","@id":"https:\/\/stg.visualarq.com\/it\/download\/resources\/#primaryimage","url":"https:\/\/stg.visualarq.com\/wp-content\/uploads\/sites\/2\/2016\/04\/zooLogoshort.png","contentUrl":"https:\/\/stg.visualarq.com\/wp-content\/uploads\/sites\/2\/2016\/04\/zooLogoshort.png"},{"@type":"BreadcrumbList","@id":"https:\/\/stg.visualarq.com\/it\/download\/resources\/#breadcrumb","itemListElement":[{"@type":"ListItem","position":1,"name":"Home","item":"https:\/\/stg.visualarq.com\/it\/home\/"},{"@type":"ListItem","position":2,"name":"Download","item":"https:\/\/stg.visualarq.com\/it\/download\/"},{"@type":"ListItem","position":3,"name":"Risorse"}]},{"@type":"WebSite","@id":"https:\/\/stg.visualarq.com\/it\/#website","url":"https:\/\/stg.visualarq.com\/it\/","name":"VisualARQ","description":"Flexible BIM for Rhino","potentialAction":[{"@type":"SearchAction","target":{"@type":"EntryPoint","urlTemplate":"https:\/\/stg.visualarq.com\/it\/?s={search_term_string}"},"query-input":{"@type":"PropertyValueSpecification","valueRequired":true,"valueName":"search_term_string"}}],"inLanguage":"it-IT"}]}},"_links":{"self":[{"href":"https:\/\/stg.visualarq.com\/it\/wp-json\/wp\/v2\/pages\/11476","targetHints":{"allow":["GET"]}}],"collection":[{"href":"https:\/\/stg.visualarq.com\/it\/wp-json\/wp\/v2\/pages"}],"about":[{"href":"https:\/\/stg.visualarq.com\/it\/wp-json\/wp\/v2\/types\/page"}],"author":[{"embeddable":true,"href":"https:\/\/stg.visualarq.com\/it\/wp-json\/wp\/v2\/users\/6"}],"replies":[{"embeddable":true,"href":"https:\/\/stg.visualarq.com\/it\/wp-json\/wp\/v2\/comments?post=11476"}],"version-history":[{"count":5,"href":"https:\/\/stg.visualarq.com\/it\/wp-json\/wp\/v2\/pages\/11476\/revisions"}],"predecessor-version":[{"id":41227,"href":"https:\/\/stg.visualarq.com\/it\/wp-json\/wp\/v2\/pages\/11476\/revisions\/41227"}],"up":[{"embeddable":true,"href":"https:\/\/stg.visualarq.com\/it\/wp-json\/wp\/v2\/pages\/11525"}],"wp:attachment":[{"href":"https:\/\/stg.visualarq.com\/it\/wp-json\/wp\/v2\/media?parent=11476"}],"curies":[{"name":"wp","href":"https:\/\/api.w.org\/{rel}","templated":true}]}}