{"id":11496,"date":"2013-06-06T00:00:00","date_gmt":"2013-06-06T00:00:00","guid":{"rendered":"https:\/\/stg.visualarq.com\/features\/grasshopper\/exercises\/create-a-door\/"},"modified":"2019-01-02T16:17:04","modified_gmt":"2019-01-02T16:17:04","slug":"create-a-door","status":"publish","type":"page","link":"https:\/\/stg.visualarq.com\/it\/learn\/grasshopper-components\/create-a-door\/","title":{"rendered":"Esercizio 2. Creare una porta"},"content":{"rendered":"<h1>Esercizio 2. Creare una porta<\/h1>\n\n<p><img loading=\"lazy\" decoding=\"async\" alt=\"Door Exercise 2\" src=\"https:\/\/stg.visualarq.com\/wp-content\/uploads\/sites\/2\/2013\/06\/Door-Exercise-2.jpg\" width=\"900\" height=\"340\" \/><\/p>\n\n<h3>1. Creare una porta:<\/h3>\n\n<ul>\n\n<li>1. Trascinare un componente &#8220;<em><strong>Door<\/strong><\/em>&#8221; di VisualARQ <img loading=\"lazy\" decoding=\"async\" class=\"alignnone size-full wp-image-5108\" alt=\"VA_Door\" src=\"https:\/\/stg.visualarq.com\/wp-content\/uploads\/sites\/2\/2012\/06\/VA_Door.jpg\" width=\"26\" height=\"26\" \/>\u00a0sul canvas di Grasshopper. Questo componente porta ha tre input: \n\n<ol>\n\n<li><strong>W:<\/strong>\u00a0Muro in cui verr\u00e0 inserita la porta.<\/li>\n\n<li><strong>P: <\/strong>Punto di inserimento della porta. Determina la posizione<strong>\u00a0<\/strong>di una porta nel modello. Se il punto non si trova lungo la curva di percorso del muro, la porta verr\u00e0 inserita sul punto pi\u00f9 vicino alla curva di percorso del muro.<\/li>\n\n<li><strong>O:<\/strong>\u00a0Opzioni per specificare tutti i parametri della porta.<\/li>\n\n<\/ol>\n\n<\/li>\n\n<li>2. Assegnare un muro a questa porta: Connettere l&#8217;output <em>W<\/em> del componente <em>Wall<\/em> precedentemente creato all&#8217;input <em>W<\/em> del componente <em>Door<\/em>.<\/li>\n\n<li>3. Selezionare il punto di inserimento della porta. Ci\u00f2 si pu\u00f2 fare in vari modi:\n\n<ul>\n\n<li>Selezionare un punto esistente nel modello:Cliccare con il tasto destro sull&#8217;input <em>P<\/em> del componente <em>Door<\/em> e selezionare l&#8217;opzione &#8220;<em>Set one Point<\/em>&#8221; o &#8220;<em>Set multiple Points<\/em>&#8221; dall&#8217;elenco. Grasshopper rimane nascosto fino a quando non si seleziona un punto esistente nel modello (\u00e8 anche possibile sistemare un <em>Point Param\u00a0<img loading=\"lazy\" decoding=\"async\" class=\"alignnone size-full wp-image-7366\" alt=\" Point Param\" src=\"https:\/\/stg.visualarq.com\/wp-content\/uploads\/sites\/2\/2013\/06\/Point-Param.png\" width=\"60\" height=\"25\" \/><\/em> sul canvas, impostare un <em>Point<\/em> su questo componente e connetterlo all&#8217;input <em>P<\/em> del componente <em>Door<\/em>.) Verr\u00e0 creata una porta per ogni punto selezionato.<\/li>\n\n<li>Point on Curve: trascinare un componente <em>Point on Curve<\/em>  <img loading=\"lazy\" decoding=\"async\" class=\"alignnone size-full wp-image-7367\" alt=\"Point On Curve\" src=\"https:\/\/stg.visualarq.com\/wp-content\/uploads\/sites\/2\/2013\/06\/Point-On-Curve.png\" width=\"25\" height=\"25\" \/>\u00a0(scheda <em>Curve<\/em>) sul canvas e connetterlo all&#8217;input <em>P<\/em> del componente <em>Door<\/em>. Connettere la curva usata per generare il muro in cui \u00e8 inserita la porta al componente <em>Point on Curve<\/em>.  Questo componente trover\u00e0 un punto lungo la curva che va da <em>0.00<\/em> (punto iniziale) a <em>1.00<\/em> (punto finale).<\/li>\n\n<\/ul>\n\n<\/li>\n\n<\/ul>\n\n<h3>2. Definire i parametri della porta:<\/h3>\n\n<ul>\n\n<li>1. Trascinare un componente <em><strong>Door Options<\/strong><\/em> <img loading=\"lazy\" decoding=\"async\" class=\"alignnone size-full wp-image-7318\" alt=\"Door Options-24\" src=\"https:\/\/stg.visualarq.com\/wp-content\/uploads\/sites\/2\/2013\/06\/Door-Options-24.png\" width=\"24\" height=\"24\" \/>\u00a0sul canvas di Grasshopper. Questo componente ha vari input, i quali definiscono i parametri della porta.<\/li>\n\n<li>2. Connettere l&#8217;output O del componente <em>Door Options<\/em> all&#8217;input <em>O<\/em> del componente <em>Door<\/em>.<\/li>\n\n<li>3. Impostare le varie <em>Door Options<\/em>:\n\n<ul>\n\n<li><strong>(<em>S<\/em>) <em>Door Style<\/em>:\u00a0<img loading=\"lazy\" decoding=\"async\" class=\"alignnone size-full wp-image-7316\" alt=\"Door Styles-24\" src=\"https:\/\/stg.visualarq.com\/wp-content\/uploads\/sites\/2\/2013\/06\/Door-Styles-24.png\" width=\"24\" height=\"24\" \/><\/strong> \u00c8 possibile trascinare un componente <em>Door Style<\/em> sul canvas e connetterlo all&#8217;input <em>S<\/em> del componente <em>Door Options<\/em>. Al componente <em>Door\u00a0Style<\/em> \u00e8 stato assegnato di default uno stile di porta standard. Per assegnargli uno stile diverso, cliccare con il tasto destro sul componente e selezionare l&#8217;opzione &#8220;<em>Set one Door Style<\/em>&#8221; dall&#8217;elenco. Grasshopper rimane nascosto fino a quando non si seleziona uno stile di porta dall&#8217;elenco visualizzato nella nuova finestra pop-up. L&#8217;elenco mostra gli stili di porta disponibili nel documento di Rhino in cui si sta lavorando. (Per modificare o creare nuovi stili di porta, rimpicciolire la finestra di <em>Grasshopper<\/em> ed aprire la finestra di dialogo degli <em>stili di porta<\/em>, comando &#8220;<em>_vaDoorStyles<\/em>&#8220;).<\/li>\n\n<li><strong>(<em>P<\/em>) <em>Door Profile<\/em><\/strong>: Il profilo della porta determina la forma dell&#8217;apertura della porta all&#8217;interno del muro. Le porte assumono di default il profilo corrispondente allo stile della porta.<\/li>\n\n<li><strong>(<em>A<\/em>) <em>Door Alignment<\/em><\/strong>: <img loading=\"lazy\" decoding=\"async\" class=\"alignnone size-full wp-image-7315\" alt=\"9 point alignment-24\" src=\"https:\/\/stg.visualarq.com\/wp-content\/uploads\/sites\/2\/2013\/06\/9-point-alignment-24.png\" width=\"24\" height=\"24\" \/> La porta si pu\u00f2 allineare in 3 modi all&#8217;interno dello spessore del muro: (I<em>nterior, Center<\/em> ed <em>Exterior<\/em>) e due posizioni dell&#8217;altezza della porta: <em>Top<\/em> e <em>Bottom<\/em>. Trascinare un componente <em>Door\u00a0Alignment<\/em> sul canvas e connetterlo all&#8217;input <em>A<\/em> del componente <em>Door\u00a0Options<\/em>. Cliccare sul componente <em>Door<\/em>\u00a0<em>Alignment<\/em> e selezionare una delle seguenti sei opzioni: (<em>0=Bottom Interior, 1=Bottom Center, 2=Bottom Exterior, 3=Top Interior, 4=Top Center<\/em> e <em>5=Top Exterior<\/em>).<\/li>\n\n<li><strong>(<em>O<\/em>) <em>Door\u00a0Alignment Offset<\/em><\/strong>: Questo valore definisce la distanza della porta dal muro.<\/li>\n\n<li><strong><em>(Ap) Aperture<\/em><\/strong>: L&#8217;apertura della porta viene misurata come percentuale che definisce l&#8217;apertura con cui vengono visualizzate le ante della porta. Se il valore \u00e8 = 0.00, l&#8217;anta o le ante della porta sono chiuse. Se il valore \u00e8 = 1.00, l&#8217;anta o le ante della porta sono aperte al 100% (180\u00ba nelle porte <em>a battente<\/em>). Inserendo un valore negativo (<em>es: -1<\/em>), la porta si aprir\u00e0 verso l&#8217;altro lato del muro.<\/li>\n\n<li><strong><em>(E) Elevation<\/em><\/strong>: L&#8217;elevazione di una porta si misura sempre rispetto alla linea di base del muro in cui essa \u00e8 inserita.<\/li>\n\n<\/ul>\n\n<\/li>\n\n<\/ul>\n\n<h3>3. Modificare il profilo della porta<\/h3>\n\n<ul>\n\n<li><strong>Cambiare le dimensioni correnti del profilo della porta<\/strong>: Per modificare le dimensioni correnti del profilo della porta, prendere il profilo corrispondente della porta (<em>es: Rectangular<\/em>) <img loading=\"lazy\" decoding=\"async\" class=\"alignnone size-full wp-image-7313\" alt=\"Rectangular-24\" src=\"https:\/\/stg.visualarq.com\/wp-content\/uploads\/sites\/2\/2013\/06\/Rectangular-24.png\" width=\"24\" height=\"24\" \/> dalla scheda <em>Profiles<\/em>, trascinarlo sul canvas e connetterlo all&#8217;input <em>P<\/em> del componente <em>Door Options<\/em>. \u00c8 possibile inserire un componente numerico (per esempio un componente <em>Slider<\/em>) e connetterlo agli input <em>W<\/em> (Larghezza) ed <em>H<\/em> (Altezza) del profilo <em>Rectangular<\/em>.<\/li>\n\n<li><strong>Assegnare un profilo personalizzato<\/strong>: Per assegnare un profilo diverso alla porta, connettere il componente <em>Custom Profile<\/em> <img loading=\"lazy\" decoding=\"async\" class=\"alignnone size-full wp-image-7314\" alt=\"Custom-24\" src=\"https:\/\/stg.visualarq.com\/wp-content\/uploads\/sites\/2\/2013\/06\/Custom-24.png\" width=\"24\" height=\"24\" \/> all&#8217;input <em><em style=\"line-height: 24px\">P di Door Options<\/em><\/em>. <em>Custom Profile<\/em> funge da trasformatore di qualsiasi tipo di forma in un profilo valido per le porte. La forma va presa da una <em>curva<\/em> <em>chiusa<\/em>\u00a0<em>e planare<\/em> e pu\u00f2 essere selezionata da una curva esistente nel modello (il suo allineamento all&#8217;interno del muro sar\u00e0 determinato dalle coordinate XY del piano in cui \u00e8 contenuta la curva) oppure pu\u00f2 essere generata in Grasshopper. Se la curva non \u00e8 planare o chiusa, la porta ignorer\u00e0 questo profilo personalizzato e verr\u00e0 generata con il profilo dello stile di porta corrente.<\/li>\n\n<\/ul>\n\n<p><img loading=\"lazy\" decoding=\"async\" class=\"size-full wp-image-7368 aligncenter\" alt=\"Door from custom profile\" src=\"https:\/\/stg.visualarq.com\/wp-content\/uploads\/sites\/2\/2013\/06\/Door-from-custom-profile.png\" width=\"738\" height=\"257\" \/><\/p>\n\n<h3>3. Trasformare la porta in una geometria modificabile per Rhino con &#8220;Bake&#8221;: <img loading=\"lazy\" decoding=\"async\" class=\"alignnone size-full wp-image-7375\" alt=\"Bake\" src=\"https:\/\/stg.visualarq.com\/wp-content\/uploads\/sites\/2\/2013\/06\/Bake.png\" width=\"22\" height=\"22\" \/><\/h3>\n\n<ul>\n\n<li>Quando ritenete che l&#8217;oggetto porta sia pronto per diventare un oggetto su cui lavorare all&#8217;interno di Rhino, potete eseguirne il bake. Tenete conto del fatto che occorre eseguire il bake del muro in cui \u00e8 inserita la porta, altrimenti la porta apparir\u00e0 sospesa nel modello fino a quando non avr\u00e0 trovato un muro in cui essere inserita.<\/li>\n\n<\/ul>","protected":false},"excerpt":{"rendered":"<p>Esercizio 2. Creare una porta 1. Creare una porta: 1. Trascinare un componente &#8220;Door&#8221; di VisualARQ \u00a0sul canvas di Grasshopper. Questo componente porta ha tre input: W:\u00a0Muro in cui verr\u00e0 inserita la porta. P: Punto di inserimento della porta. Determina la posizione\u00a0di una porta nel modello. Se il punto non si trova lungo la curva [&hellip;]<\/p>\n","protected":false},"author":6,"featured_media":0,"parent":11492,"menu_order":1,"comment_status":"closed","ping_status":"closed","template":"","meta":{"_et_pb_use_builder":"","_et_pb_old_content":"","_et_gb_content_width":"","footnotes":""},"class_list":["post-11496","page","type-page","status-publish","hentry"],"yoast_head":"<!-- This site is optimized with the Yoast SEO plugin v27.3 - https:\/\/yoast.com\/product\/yoast-seo-wordpress\/ -->\n<title>Esercizio 2. Creare una porta - VisualARQ<\/title>\n<meta name=\"robots\" content=\"noindex, follow, max-snippet:-1, max-image-preview:large, max-video-preview:-1\" \/>\n<meta property=\"og:locale\" content=\"it_IT\" \/>\n<meta property=\"og:type\" content=\"article\" \/>\n<meta property=\"og:title\" content=\"Esercizio 2. Creare una porta - VisualARQ\" \/>\n<meta property=\"og:description\" content=\"Esercizio 2. Creare una porta 1. Creare una porta: 1. Trascinare un componente &#8220;Door&#8221; di VisualARQ \u00a0sul canvas di Grasshopper. Questo componente porta ha tre input: W:\u00a0Muro in cui verr\u00e0 inserita la porta. P: Punto di inserimento della porta. Determina la posizione\u00a0di una porta nel modello. Se il punto non si trova lungo la curva [&hellip;]\" \/>\n<meta property=\"og:url\" content=\"https:\/\/stg.visualarq.com\/it\/learn\/grasshopper-components\/create-a-door\/\" \/>\n<meta property=\"og:site_name\" content=\"VisualARQ\" \/>\n<meta property=\"article:publisher\" content=\"https:\/\/www.facebook.com\/visualarq\" \/>\n<meta property=\"article:modified_time\" content=\"2019-01-02T16:17:04+00:00\" \/>\n<meta property=\"og:image\" content=\"https:\/\/stg.visualarq.com\/wp-content\/uploads\/sites\/2\/2013\/06\/Door-Exercise-2.jpg\" \/>\n<meta name=\"twitter:card\" content=\"summary_large_image\" \/>\n<meta name=\"twitter:site\" content=\"@VisualARQ\" \/>\n<meta name=\"twitter:label1\" content=\"Tempo di lettura stimato\" \/>\n\t<meta name=\"twitter:data1\" content=\"4 minuti\" \/>\n<script type=\"application\/ld+json\" class=\"yoast-schema-graph\">{\"@context\":\"https:\\\/\\\/schema.org\",\"@graph\":[{\"@type\":\"WebPage\",\"@id\":\"https:\\\/\\\/stg.visualarq.com\\\/it\\\/learn\\\/grasshopper-components\\\/create-a-door\\\/\",\"url\":\"https:\\\/\\\/stg.visualarq.com\\\/it\\\/learn\\\/grasshopper-components\\\/create-a-door\\\/\",\"name\":\"Esercizio 2. Creare una porta - VisualARQ\",\"isPartOf\":{\"@id\":\"https:\\\/\\\/stg.visualarq.com\\\/it\\\/#website\"},\"primaryImageOfPage\":{\"@id\":\"https:\\\/\\\/stg.visualarq.com\\\/it\\\/learn\\\/grasshopper-components\\\/create-a-door\\\/#primaryimage\"},\"image\":{\"@id\":\"https:\\\/\\\/stg.visualarq.com\\\/it\\\/learn\\\/grasshopper-components\\\/create-a-door\\\/#primaryimage\"},\"thumbnailUrl\":\"https:\\\/\\\/stg.visualarq.com\\\/wp-content\\\/uploads\\\/sites\\\/2\\\/2013\\\/06\\\/Door-Exercise-2.jpg\",\"datePublished\":\"2013-06-06T00:00:00+00:00\",\"dateModified\":\"2019-01-02T16:17:04+00:00\",\"breadcrumb\":{\"@id\":\"https:\\\/\\\/stg.visualarq.com\\\/it\\\/learn\\\/grasshopper-components\\\/create-a-door\\\/#breadcrumb\"},\"inLanguage\":\"it-IT\",\"potentialAction\":[{\"@type\":\"ReadAction\",\"target\":[\"https:\\\/\\\/stg.visualarq.com\\\/it\\\/learn\\\/grasshopper-components\\\/create-a-door\\\/\"]}]},{\"@type\":\"ImageObject\",\"inLanguage\":\"it-IT\",\"@id\":\"https:\\\/\\\/stg.visualarq.com\\\/it\\\/learn\\\/grasshopper-components\\\/create-a-door\\\/#primaryimage\",\"url\":\"https:\\\/\\\/stg.visualarq.com\\\/wp-content\\\/uploads\\\/sites\\\/2\\\/2013\\\/06\\\/Door-Exercise-2.jpg\",\"contentUrl\":\"https:\\\/\\\/stg.visualarq.com\\\/wp-content\\\/uploads\\\/sites\\\/2\\\/2013\\\/06\\\/Door-Exercise-2.jpg\"},{\"@type\":\"BreadcrumbList\",\"@id\":\"https:\\\/\\\/stg.visualarq.com\\\/it\\\/learn\\\/grasshopper-components\\\/create-a-door\\\/#breadcrumb\",\"itemListElement\":[{\"@type\":\"ListItem\",\"position\":1,\"name\":\"Home\",\"item\":\"https:\\\/\\\/stg.visualarq.com\\\/it\\\/home\\\/\"},{\"@type\":\"ListItem\",\"position\":2,\"name\":\"Formazione\",\"item\":\"https:\\\/\\\/stg.visualarq.com\\\/it\\\/learn\\\/\"},{\"@type\":\"ListItem\",\"position\":3,\"name\":\"Componenti per Grasshopper\",\"item\":\"https:\\\/\\\/stg.visualarq.com\\\/it\\\/learn\\\/grasshopper-components\\\/\"},{\"@type\":\"ListItem\",\"position\":4,\"name\":\"Esercizio 2. Creare una porta\"}]},{\"@type\":\"WebSite\",\"@id\":\"https:\\\/\\\/stg.visualarq.com\\\/it\\\/#website\",\"url\":\"https:\\\/\\\/stg.visualarq.com\\\/it\\\/\",\"name\":\"VisualARQ\",\"description\":\"Flexible BIM for Rhino\",\"potentialAction\":[{\"@type\":\"SearchAction\",\"target\":{\"@type\":\"EntryPoint\",\"urlTemplate\":\"https:\\\/\\\/stg.visualarq.com\\\/it\\\/?s={search_term_string}\"},\"query-input\":{\"@type\":\"PropertyValueSpecification\",\"valueRequired\":true,\"valueName\":\"search_term_string\"}}],\"inLanguage\":\"it-IT\"}]}<\/script>\n<!-- \/ Yoast SEO plugin. -->","yoast_head_json":{"title":"Esercizio 2. Creare una porta - VisualARQ","robots":{"index":"noindex","follow":"follow","max-snippet":"max-snippet:-1","max-image-preview":"max-image-preview:large","max-video-preview":"max-video-preview:-1"},"og_locale":"it_IT","og_type":"article","og_title":"Esercizio 2. Creare una porta - VisualARQ","og_description":"Esercizio 2. Creare una porta 1. Creare una porta: 1. Trascinare un componente &#8220;Door&#8221; di VisualARQ \u00a0sul canvas di Grasshopper. Questo componente porta ha tre input: W:\u00a0Muro in cui verr\u00e0 inserita la porta. P: Punto di inserimento della porta. Determina la posizione\u00a0di una porta nel modello. Se il punto non si trova lungo la curva [&hellip;]","og_url":"https:\/\/stg.visualarq.com\/it\/learn\/grasshopper-components\/create-a-door\/","og_site_name":"VisualARQ","article_publisher":"https:\/\/www.facebook.com\/visualarq","article_modified_time":"2019-01-02T16:17:04+00:00","og_image":[{"url":"https:\/\/stg.visualarq.com\/wp-content\/uploads\/sites\/2\/2013\/06\/Door-Exercise-2.jpg","type":"","width":"","height":""}],"twitter_card":"summary_large_image","twitter_site":"@VisualARQ","twitter_misc":{"Tempo di lettura stimato":"4 minuti"},"schema":{"@context":"https:\/\/schema.org","@graph":[{"@type":"WebPage","@id":"https:\/\/stg.visualarq.com\/it\/learn\/grasshopper-components\/create-a-door\/","url":"https:\/\/stg.visualarq.com\/it\/learn\/grasshopper-components\/create-a-door\/","name":"Esercizio 2. Creare una porta - VisualARQ","isPartOf":{"@id":"https:\/\/stg.visualarq.com\/it\/#website"},"primaryImageOfPage":{"@id":"https:\/\/stg.visualarq.com\/it\/learn\/grasshopper-components\/create-a-door\/#primaryimage"},"image":{"@id":"https:\/\/stg.visualarq.com\/it\/learn\/grasshopper-components\/create-a-door\/#primaryimage"},"thumbnailUrl":"https:\/\/stg.visualarq.com\/wp-content\/uploads\/sites\/2\/2013\/06\/Door-Exercise-2.jpg","datePublished":"2013-06-06T00:00:00+00:00","dateModified":"2019-01-02T16:17:04+00:00","breadcrumb":{"@id":"https:\/\/stg.visualarq.com\/it\/learn\/grasshopper-components\/create-a-door\/#breadcrumb"},"inLanguage":"it-IT","potentialAction":[{"@type":"ReadAction","target":["https:\/\/stg.visualarq.com\/it\/learn\/grasshopper-components\/create-a-door\/"]}]},{"@type":"ImageObject","inLanguage":"it-IT","@id":"https:\/\/stg.visualarq.com\/it\/learn\/grasshopper-components\/create-a-door\/#primaryimage","url":"https:\/\/stg.visualarq.com\/wp-content\/uploads\/sites\/2\/2013\/06\/Door-Exercise-2.jpg","contentUrl":"https:\/\/stg.visualarq.com\/wp-content\/uploads\/sites\/2\/2013\/06\/Door-Exercise-2.jpg"},{"@type":"BreadcrumbList","@id":"https:\/\/stg.visualarq.com\/it\/learn\/grasshopper-components\/create-a-door\/#breadcrumb","itemListElement":[{"@type":"ListItem","position":1,"name":"Home","item":"https:\/\/stg.visualarq.com\/it\/home\/"},{"@type":"ListItem","position":2,"name":"Formazione","item":"https:\/\/stg.visualarq.com\/it\/learn\/"},{"@type":"ListItem","position":3,"name":"Componenti per Grasshopper","item":"https:\/\/stg.visualarq.com\/it\/learn\/grasshopper-components\/"},{"@type":"ListItem","position":4,"name":"Esercizio 2. Creare una porta"}]},{"@type":"WebSite","@id":"https:\/\/stg.visualarq.com\/it\/#website","url":"https:\/\/stg.visualarq.com\/it\/","name":"VisualARQ","description":"Flexible BIM for Rhino","potentialAction":[{"@type":"SearchAction","target":{"@type":"EntryPoint","urlTemplate":"https:\/\/stg.visualarq.com\/it\/?s={search_term_string}"},"query-input":{"@type":"PropertyValueSpecification","valueRequired":true,"valueName":"search_term_string"}}],"inLanguage":"it-IT"}]}},"_links":{"self":[{"href":"https:\/\/stg.visualarq.com\/it\/wp-json\/wp\/v2\/pages\/11496","targetHints":{"allow":["GET"]}}],"collection":[{"href":"https:\/\/stg.visualarq.com\/it\/wp-json\/wp\/v2\/pages"}],"about":[{"href":"https:\/\/stg.visualarq.com\/it\/wp-json\/wp\/v2\/types\/page"}],"author":[{"embeddable":true,"href":"https:\/\/stg.visualarq.com\/it\/wp-json\/wp\/v2\/users\/6"}],"replies":[{"embeddable":true,"href":"https:\/\/stg.visualarq.com\/it\/wp-json\/wp\/v2\/comments?post=11496"}],"version-history":[{"count":0,"href":"https:\/\/stg.visualarq.com\/it\/wp-json\/wp\/v2\/pages\/11496\/revisions"}],"up":[{"embeddable":true,"href":"https:\/\/stg.visualarq.com\/it\/wp-json\/wp\/v2\/pages\/11492"}],"wp:attachment":[{"href":"https:\/\/stg.visualarq.com\/it\/wp-json\/wp\/v2\/media?parent=11496"}],"curies":[{"name":"wp","href":"https:\/\/api.w.org\/{rel}","templated":true}]}}