{"id":16204,"date":"2019-07-04T09:34:19","date_gmt":"2019-07-04T09:34:19","guid":{"rendered":"https:\/\/stg.visualarq.com\/rhinobim\/"},"modified":"2024-09-30T13:13:47","modified_gmt":"2024-09-30T13:13:47","slug":"rhinobim","status":"publish","type":"page","link":"https:\/\/stg.visualarq.com\/it\/info\/rhinobim\/","title":{"rendered":"RhinoBIM"},"content":{"rendered":"<img loading=\"lazy\" decoding=\"async\" src=\"https:\/\/stg.visualarq.com\/wp-content\/uploads\/2019\/07\/RhinoBIM-Randall-Stout-500.jpg\" alt=\"\" width=\"500\" height=\"506\" class=\"alignright size-full wp-image-16105\" srcset=\"https:\/\/stg.visualarq.com\/wp-content\/uploads\/2019\/07\/RhinoBIM-Randall-Stout-500.jpg 500w, https:\/\/stg.visualarq.com\/wp-content\/uploads\/2019\/07\/RhinoBIM-Randall-Stout-500-296x300.jpg 296w\" sizes=\"(max-width: 500px) 100vw, 500px\" \/>\n<h1>RhinoBIM<\/h1>\nRhinoBIM era un plug-in di Rhino che fornisce strumenti di progettazione e analisi strutturali rivolti a migliorare Rhino per l&#8217;architettura, l&#8217;ingegneria e la costruzione. \n\nLo sviluppo, avviato da Virtual Build Technologies LLC. e Asuni, \u00e8 stato interrotto e il plug-in non \u00e8 pi\u00f9 disponibile.\n\n&nbsp;\n<h3>Cercare le funzionalit\u00e0 RhinoBIM in VisualARQ<\/h3>\nMolte delle funzionalit\u00e0 esistenti di RhinoBIM sono gi\u00e0 disponibili in VisualARQ:\n<ul>\n<li>Libreria di profili in acciaio (EURO e AISC) per la creazione di travi e colonne parametriche.<\/li>\n<li>Strumenti per creare travi da curve (<a href=\"https:\/\/youtu.be\/R54yzuQ9UWw\">video<\/a>).<\/li>\n<li>Componenti di Grasshopper per creare elementi strutturali (<a href=\"https:\/\/youtu.be\/SyX2MPU8b7k\">video<\/a>).<\/li>\n<li><a href=\"https:\/\/stg.visualarq.com\/features\/collaboration\/ifc\/\">Importazione ed esportazione IFC.<\/a><\/li>\n<li>Tabelle di computo di quantit\u00e0 (<a href=\"https:\/\/youtu.be\/JluPcjB02Is\">video<\/a>).<\/li>\n<\/ul>\n\n&nbsp;\n<h3>Prossimamente:<\/h3>\nEsistono altre funzioni che verranno integrate in VisualARQ 3:\n<ul>\n<li>Strumenti di conflitto e cancellazione.<\/li>\n<li>Librerie di profili in acciaio in tutto il mondo.<\/li>\n<\/ul>\n\nSe desideri proporre una qualsiasi funzionalit\u00e0 per RhinoBIM in VisualARQ, <a href=\"mailto:visualarq@asuni.com\">contattaci<\/a> e cercheremo di integrarla nelle versioni future.\n\nSe disponi di una licenza di RhinoBIM, puoi ottenere VisualARQ a un prezzo speciale. Scrivi un&#8217;e-mail a <a href=\"mailto:visualarq@asuni.com\">visualarq@asuni.com<\/a> per ulteriori informazioni.\n","protected":false},"excerpt":{"rendered":"<p>RhinoBIM RhinoBIM era un plug-in di Rhino che fornisce strumenti di progettazione e analisi strutturali rivolti a migliorare Rhino per l&#8217;architettura, l&#8217;ingegneria e la costruzione. Lo sviluppo, avviato da Virtual Build Technologies LLC. e Asuni, \u00e8 stato interrotto e il plug-in non \u00e8 pi\u00f9 disponibile. &nbsp; Cercare le funzionalit\u00e0 RhinoBIM in VisualARQ Molte delle funzionalit\u00e0 [&hellip;]<\/p>\n","protected":false},"author":6,"featured_media":0,"parent":11527,"menu_order":0,"comment_status":"closed","ping_status":"closed","template":"","meta":{"_et_pb_use_builder":"","_et_pb_old_content":"","_et_gb_content_width":"","footnotes":""},"class_list":["post-16204","page","type-page","status-publish","hentry"],"yoast_head":"<!-- This site is optimized with the Yoast SEO plugin v27.3 - https:\/\/yoast.com\/product\/yoast-seo-wordpress\/ -->\n<title>RhinoBIM - VisualARQ<\/title>\n<meta name=\"robots\" content=\"noindex, follow, max-snippet:-1, max-image-preview:large, max-video-preview:-1\" \/>\n<meta property=\"og:locale\" content=\"it_IT\" \/>\n<meta property=\"og:type\" content=\"article\" \/>\n<meta property=\"og:title\" content=\"RhinoBIM - VisualARQ\" \/>\n<meta property=\"og:description\" content=\"RhinoBIM RhinoBIM era un plug-in di Rhino che fornisce strumenti di progettazione e analisi strutturali rivolti a migliorare Rhino per l&#8217;architettura, l&#8217;ingegneria e la costruzione. Lo sviluppo, avviato da Virtual Build Technologies LLC. e Asuni, \u00e8 stato interrotto e il plug-in non \u00e8 pi\u00f9 disponibile. &nbsp; Cercare le funzionalit\u00e0 RhinoBIM in VisualARQ Molte delle funzionalit\u00e0 [&hellip;]\" \/>\n<meta property=\"og:url\" content=\"https:\/\/stg.visualarq.com\/it\/info\/rhinobim\/\" \/>\n<meta property=\"og:site_name\" content=\"VisualARQ\" \/>\n<meta property=\"article:publisher\" content=\"https:\/\/www.facebook.com\/visualarq\" \/>\n<meta property=\"article:modified_time\" content=\"2024-09-30T13:13:47+00:00\" \/>\n<meta property=\"og:image\" content=\"https:\/\/stg.visualarq.com\/wp-content\/uploads\/2019\/07\/RhinoBIM-Randall-Stout-500.jpg\" \/>\n<meta name=\"twitter:card\" content=\"summary_large_image\" \/>\n<meta name=\"twitter:site\" content=\"@VisualARQ\" \/>\n<meta name=\"twitter:label1\" content=\"Tempo di lettura stimato\" \/>\n\t<meta name=\"twitter:data1\" content=\"1 minuto\" \/>\n<script type=\"application\/ld+json\" class=\"yoast-schema-graph\">{\"@context\":\"https:\\\/\\\/schema.org\",\"@graph\":[{\"@type\":\"WebPage\",\"@id\":\"https:\\\/\\\/stg.visualarq.com\\\/it\\\/info\\\/rhinobim\\\/\",\"url\":\"https:\\\/\\\/stg.visualarq.com\\\/it\\\/info\\\/rhinobim\\\/\",\"name\":\"RhinoBIM - VisualARQ\",\"isPartOf\":{\"@id\":\"https:\\\/\\\/stg.visualarq.com\\\/it\\\/#website\"},\"primaryImageOfPage\":{\"@id\":\"https:\\\/\\\/stg.visualarq.com\\\/it\\\/info\\\/rhinobim\\\/#primaryimage\"},\"image\":{\"@id\":\"https:\\\/\\\/stg.visualarq.com\\\/it\\\/info\\\/rhinobim\\\/#primaryimage\"},\"thumbnailUrl\":\"https:\\\/\\\/stg.visualarq.com\\\/wp-content\\\/uploads\\\/2019\\\/07\\\/RhinoBIM-Randall-Stout-500.jpg\",\"datePublished\":\"2019-07-04T09:34:19+00:00\",\"dateModified\":\"2024-09-30T13:13:47+00:00\",\"breadcrumb\":{\"@id\":\"https:\\\/\\\/stg.visualarq.com\\\/it\\\/info\\\/rhinobim\\\/#breadcrumb\"},\"inLanguage\":\"it-IT\",\"potentialAction\":[{\"@type\":\"ReadAction\",\"target\":[\"https:\\\/\\\/stg.visualarq.com\\\/it\\\/info\\\/rhinobim\\\/\"]}]},{\"@type\":\"ImageObject\",\"inLanguage\":\"it-IT\",\"@id\":\"https:\\\/\\\/stg.visualarq.com\\\/it\\\/info\\\/rhinobim\\\/#primaryimage\",\"url\":\"https:\\\/\\\/stg.visualarq.com\\\/wp-content\\\/uploads\\\/2019\\\/07\\\/RhinoBIM-Randall-Stout-500.jpg\",\"contentUrl\":\"https:\\\/\\\/stg.visualarq.com\\\/wp-content\\\/uploads\\\/2019\\\/07\\\/RhinoBIM-Randall-Stout-500.jpg\"},{\"@type\":\"BreadcrumbList\",\"@id\":\"https:\\\/\\\/stg.visualarq.com\\\/it\\\/info\\\/rhinobim\\\/#breadcrumb\",\"itemListElement\":[{\"@type\":\"ListItem\",\"position\":1,\"name\":\"Home\",\"item\":\"https:\\\/\\\/stg.visualarq.com\\\/it\\\/home\\\/\"},{\"@type\":\"ListItem\",\"position\":2,\"name\":\"Info\",\"item\":\"https:\\\/\\\/stg.visualarq.com\\\/it\\\/info\\\/\"},{\"@type\":\"ListItem\",\"position\":3,\"name\":\"RhinoBIM\"}]},{\"@type\":\"WebSite\",\"@id\":\"https:\\\/\\\/stg.visualarq.com\\\/it\\\/#website\",\"url\":\"https:\\\/\\\/stg.visualarq.com\\\/it\\\/\",\"name\":\"VisualARQ\",\"description\":\"Flexible BIM for Rhino\",\"potentialAction\":[{\"@type\":\"SearchAction\",\"target\":{\"@type\":\"EntryPoint\",\"urlTemplate\":\"https:\\\/\\\/stg.visualarq.com\\\/it\\\/?s={search_term_string}\"},\"query-input\":{\"@type\":\"PropertyValueSpecification\",\"valueRequired\":true,\"valueName\":\"search_term_string\"}}],\"inLanguage\":\"it-IT\"}]}<\/script>\n<!-- \/ Yoast SEO plugin. -->","yoast_head_json":{"title":"RhinoBIM - VisualARQ","robots":{"index":"noindex","follow":"follow","max-snippet":"max-snippet:-1","max-image-preview":"max-image-preview:large","max-video-preview":"max-video-preview:-1"},"og_locale":"it_IT","og_type":"article","og_title":"RhinoBIM - VisualARQ","og_description":"RhinoBIM RhinoBIM era un plug-in di Rhino che fornisce strumenti di progettazione e analisi strutturali rivolti a migliorare Rhino per l&#8217;architettura, l&#8217;ingegneria e la costruzione. Lo sviluppo, avviato da Virtual Build Technologies LLC. e Asuni, \u00e8 stato interrotto e il plug-in non \u00e8 pi\u00f9 disponibile. &nbsp; Cercare le funzionalit\u00e0 RhinoBIM in VisualARQ Molte delle funzionalit\u00e0 [&hellip;]","og_url":"https:\/\/stg.visualarq.com\/it\/info\/rhinobim\/","og_site_name":"VisualARQ","article_publisher":"https:\/\/www.facebook.com\/visualarq","article_modified_time":"2024-09-30T13:13:47+00:00","og_image":[{"url":"https:\/\/stg.visualarq.com\/wp-content\/uploads\/2019\/07\/RhinoBIM-Randall-Stout-500.jpg","type":"","width":"","height":""}],"twitter_card":"summary_large_image","twitter_site":"@VisualARQ","twitter_misc":{"Tempo di lettura stimato":"1 minuto"},"schema":{"@context":"https:\/\/schema.org","@graph":[{"@type":"WebPage","@id":"https:\/\/stg.visualarq.com\/it\/info\/rhinobim\/","url":"https:\/\/stg.visualarq.com\/it\/info\/rhinobim\/","name":"RhinoBIM - VisualARQ","isPartOf":{"@id":"https:\/\/stg.visualarq.com\/it\/#website"},"primaryImageOfPage":{"@id":"https:\/\/stg.visualarq.com\/it\/info\/rhinobim\/#primaryimage"},"image":{"@id":"https:\/\/stg.visualarq.com\/it\/info\/rhinobim\/#primaryimage"},"thumbnailUrl":"https:\/\/stg.visualarq.com\/wp-content\/uploads\/2019\/07\/RhinoBIM-Randall-Stout-500.jpg","datePublished":"2019-07-04T09:34:19+00:00","dateModified":"2024-09-30T13:13:47+00:00","breadcrumb":{"@id":"https:\/\/stg.visualarq.com\/it\/info\/rhinobim\/#breadcrumb"},"inLanguage":"it-IT","potentialAction":[{"@type":"ReadAction","target":["https:\/\/stg.visualarq.com\/it\/info\/rhinobim\/"]}]},{"@type":"ImageObject","inLanguage":"it-IT","@id":"https:\/\/stg.visualarq.com\/it\/info\/rhinobim\/#primaryimage","url":"https:\/\/stg.visualarq.com\/wp-content\/uploads\/2019\/07\/RhinoBIM-Randall-Stout-500.jpg","contentUrl":"https:\/\/stg.visualarq.com\/wp-content\/uploads\/2019\/07\/RhinoBIM-Randall-Stout-500.jpg"},{"@type":"BreadcrumbList","@id":"https:\/\/stg.visualarq.com\/it\/info\/rhinobim\/#breadcrumb","itemListElement":[{"@type":"ListItem","position":1,"name":"Home","item":"https:\/\/stg.visualarq.com\/it\/home\/"},{"@type":"ListItem","position":2,"name":"Info","item":"https:\/\/stg.visualarq.com\/it\/info\/"},{"@type":"ListItem","position":3,"name":"RhinoBIM"}]},{"@type":"WebSite","@id":"https:\/\/stg.visualarq.com\/it\/#website","url":"https:\/\/stg.visualarq.com\/it\/","name":"VisualARQ","description":"Flexible BIM for Rhino","potentialAction":[{"@type":"SearchAction","target":{"@type":"EntryPoint","urlTemplate":"https:\/\/stg.visualarq.com\/it\/?s={search_term_string}"},"query-input":{"@type":"PropertyValueSpecification","valueRequired":true,"valueName":"search_term_string"}}],"inLanguage":"it-IT"}]}},"_links":{"self":[{"href":"https:\/\/stg.visualarq.com\/it\/wp-json\/wp\/v2\/pages\/16204","targetHints":{"allow":["GET"]}}],"collection":[{"href":"https:\/\/stg.visualarq.com\/it\/wp-json\/wp\/v2\/pages"}],"about":[{"href":"https:\/\/stg.visualarq.com\/it\/wp-json\/wp\/v2\/types\/page"}],"author":[{"embeddable":true,"href":"https:\/\/stg.visualarq.com\/it\/wp-json\/wp\/v2\/users\/6"}],"replies":[{"embeddable":true,"href":"https:\/\/stg.visualarq.com\/it\/wp-json\/wp\/v2\/comments?post=16204"}],"version-history":[{"count":1,"href":"https:\/\/stg.visualarq.com\/it\/wp-json\/wp\/v2\/pages\/16204\/revisions"}],"predecessor-version":[{"id":40736,"href":"https:\/\/stg.visualarq.com\/it\/wp-json\/wp\/v2\/pages\/16204\/revisions\/40736"}],"up":[{"embeddable":true,"href":"https:\/\/stg.visualarq.com\/it\/wp-json\/wp\/v2\/pages\/11527"}],"wp:attachment":[{"href":"https:\/\/stg.visualarq.com\/it\/wp-json\/wp\/v2\/media?parent=16204"}],"curies":[{"name":"wp","href":"https:\/\/api.w.org\/{rel}","templated":true}]}}