{"id":32416,"date":"2024-01-10T11:31:24","date_gmt":"2024-01-10T11:31:24","guid":{"rendered":"https:\/\/stg.visualarq.com\/?page_id=32416"},"modified":"2024-08-28T14:31:18","modified_gmt":"2024-08-28T14:31:18","slug":"rhino8","status":"publish","type":"page","link":"https:\/\/stg.visualarq.com\/it\/download\/beta\/rhino8\/","title":{"rendered":"Rhinoceros 8"},"content":{"rendered":"\n<h1 class=\"wp-block-heading\">Grazie per aver scaricato VisualARQ 3 Beta<\/h1>\n\n<p>Il download di <strong>VisualARQ 3 Beta per Rhinoceros 8<\/strong> inizier\u00e0 tra qualche secondo. Se il download non si avvia automaticamente, <a href=\"[download-link]\">fare clic qui<\/a>.<\/p>\n\n<h2 class=\"wp-block-heading\">Requisiti<\/h2>\n\n<ul class=\"wp-block-list\">\n<li>Windows 10 \/ 11 (a 64 bit)<\/li>\n\n\n\n<li>Rhino 8  (<a href=\"https:\/\/www.rhino3d.com\/download\/rhino-for-windows\/8\/latest\">o versione pi\u00f9 recente<\/a>)<\/li>\n<\/ul>\n\n\n<p><\/p>\n\n<h2 class=\"wp-block-heading\">Istruzioni di configurazione<\/h2>\n\n<ul class=\"wp-block-list\">\n<li>Segui le istruzioni su schermo per salvare il file sul computer.<\/li>\n\n\n\n<li>Chiudere tutte le istanze in esecuzione di Rhinoceros.<\/li>\n\n\n\n<li>Se \u00e8 gi\u00e0 stata installata una versione precedente di VisualARQ, disinstallarla usando l&#8217;opzione &#8220;Aggiungi o elimina programmi&#8221; sul pannello di controllo di Windows\u00ae.<\/li>\n\n\n\n<li>Eseguire il programma di installazione scaricato e seguire le istruzioni su schermo fino al termine della procedura.<\/li>\n\n\n\n<li>Se richiesto, riavviare il computer prima di eseguire Rhinoceros.<\/li>\n<\/ul>\n\n<p><\/p>\n\n<h2 class=\"wp-block-heading\">Convalida<\/h2>\n\n<p>Per eseguire VisualARQ 3, occorre una licenza di VisualARQ 2. Se \u00e8 gi\u00e0 stata convalidata una licenza di VisualARQ 2 sul computer su cui \u00e8 installato VisualARQ 3, Rhino rilever\u00e0 la licenza automaticamente. Diversamente, occorre convalidare VisualARQ digitando il comando <strong><em>vaLicenza<\/em><\/strong> e seguendo le istruzioni.<\/p>\n\n<p><\/p>\n\n<h2 class=\"wp-block-heading\">File<\/h2>\n\n<ul class=\"wp-block-list\">\n<li>VisualARQ 3 apre i file salvati con VisualARQ 2 o VisualARQ 1.<\/li>\n\n\n\n<li>I file salvati con VisualARQ 3 non funzioneranno correttamente su Rhino usando VisualARQ 2.<\/li>\n<\/ul>\n\n<p><\/p>\n\n<h2 class=\"wp-block-heading\">Nuove funzionalit\u00e0<\/h2>\n\n<p>Consultare l&#8217;elenco completo delle nuove funzionalit\u00e0 e miglioramenti in <a href=\"http:\/\/stg.visualarq.com\/features\/v3\/\">Novit\u00e0 di VisualARQ.<\/a><\/p>\n","protected":false},"excerpt":{"rendered":"<p>Grazie per aver scaricato VisualARQ 3 Beta Il download di VisualARQ 3 Beta per Rhinoceros 8 inizier\u00e0 tra qualche secondo. Se il download non si avvia automaticamente, fare clic qui. Requisiti Istruzioni di configurazione Convalida Per eseguire VisualARQ 3, occorre una licenza di VisualARQ 2. Se \u00e8 gi\u00e0 stata convalidata una licenza di VisualARQ 2 [&hellip;]<\/p>\n","protected":false},"author":6,"featured_media":0,"parent":33307,"menu_order":0,"comment_status":"closed","ping_status":"closed","template":"page-download.php","meta":{"_et_pb_use_builder":"","_et_pb_old_content":"","_et_gb_content_width":"","footnotes":""},"class_list":["post-32416","page","type-page","status-publish","hentry"],"yoast_head":"<!-- This site is optimized with the Yoast SEO plugin v27.3 - https:\/\/yoast.com\/product\/yoast-seo-wordpress\/ -->\n<title>Rhinoceros 8 - VisualARQ<\/title>\n<meta name=\"robots\" content=\"noindex, follow, max-snippet:-1, max-image-preview:large, max-video-preview:-1\" \/>\n<meta property=\"og:locale\" content=\"it_IT\" \/>\n<meta property=\"og:type\" content=\"article\" \/>\n<meta property=\"og:title\" content=\"Rhinoceros 8 - VisualARQ\" \/>\n<meta property=\"og:description\" content=\"Grazie per aver scaricato VisualARQ 3 Beta Il download di VisualARQ 3 Beta per Rhinoceros 8 inizier\u00e0 tra qualche secondo. Se il download non si avvia automaticamente, fare clic qui. Requisiti Istruzioni di configurazione Convalida Per eseguire VisualARQ 3, occorre una licenza di VisualARQ 2. Se \u00e8 gi\u00e0 stata convalidata una licenza di VisualARQ 2 [&hellip;]\" \/>\n<meta property=\"og:url\" content=\"https:\/\/stg.visualarq.com\/it\/download\/beta\/rhino8\/\" \/>\n<meta property=\"og:site_name\" content=\"VisualARQ\" \/>\n<meta property=\"article:publisher\" content=\"https:\/\/www.facebook.com\/visualarq\" \/>\n<meta property=\"article:modified_time\" content=\"2024-08-28T14:31:18+00:00\" \/>\n<meta name=\"twitter:card\" content=\"summary_large_image\" \/>\n<meta name=\"twitter:site\" content=\"@VisualARQ\" \/>\n<meta name=\"twitter:label1\" content=\"Tempo di lettura stimato\" \/>\n\t<meta name=\"twitter:data1\" content=\"1 minuto\" \/>\n<script type=\"application\/ld+json\" class=\"yoast-schema-graph\">{\"@context\":\"https:\\\/\\\/schema.org\",\"@graph\":[{\"@type\":\"WebPage\",\"@id\":\"https:\\\/\\\/stg.visualarq.com\\\/it\\\/download\\\/beta\\\/rhino8\\\/\",\"url\":\"https:\\\/\\\/stg.visualarq.com\\\/it\\\/download\\\/beta\\\/rhino8\\\/\",\"name\":\"Rhinoceros 8 - VisualARQ\",\"isPartOf\":{\"@id\":\"https:\\\/\\\/stg.visualarq.com\\\/it\\\/#website\"},\"datePublished\":\"2024-01-10T11:31:24+00:00\",\"dateModified\":\"2024-08-28T14:31:18+00:00\",\"breadcrumb\":{\"@id\":\"https:\\\/\\\/stg.visualarq.com\\\/it\\\/download\\\/beta\\\/rhino8\\\/#breadcrumb\"},\"inLanguage\":\"it-IT\",\"potentialAction\":[{\"@type\":\"ReadAction\",\"target\":[\"https:\\\/\\\/stg.visualarq.com\\\/it\\\/download\\\/beta\\\/rhino8\\\/\"]}]},{\"@type\":\"BreadcrumbList\",\"@id\":\"https:\\\/\\\/stg.visualarq.com\\\/it\\\/download\\\/beta\\\/rhino8\\\/#breadcrumb\",\"itemListElement\":[{\"@type\":\"ListItem\",\"position\":1,\"name\":\"Home\",\"item\":\"https:\\\/\\\/stg.visualarq.com\\\/it\\\/home\\\/\"},{\"@type\":\"ListItem\",\"position\":2,\"name\":\"Download\",\"item\":\"https:\\\/\\\/stg.visualarq.com\\\/it\\\/download\\\/\"},{\"@type\":\"ListItem\",\"position\":3,\"name\":\"Versione Beta\",\"item\":\"https:\\\/\\\/stg.visualarq.com\\\/it\\\/download\\\/beta\\\/\"},{\"@type\":\"ListItem\",\"position\":4,\"name\":\"Rhinoceros 8\"}]},{\"@type\":\"WebSite\",\"@id\":\"https:\\\/\\\/stg.visualarq.com\\\/it\\\/#website\",\"url\":\"https:\\\/\\\/stg.visualarq.com\\\/it\\\/\",\"name\":\"VisualARQ\",\"description\":\"Flexible BIM for Rhino\",\"potentialAction\":[{\"@type\":\"SearchAction\",\"target\":{\"@type\":\"EntryPoint\",\"urlTemplate\":\"https:\\\/\\\/stg.visualarq.com\\\/it\\\/?s={search_term_string}\"},\"query-input\":{\"@type\":\"PropertyValueSpecification\",\"valueRequired\":true,\"valueName\":\"search_term_string\"}}],\"inLanguage\":\"it-IT\"}]}<\/script>\n<!-- \/ Yoast SEO plugin. -->","yoast_head_json":{"title":"Rhinoceros 8 - VisualARQ","robots":{"index":"noindex","follow":"follow","max-snippet":"max-snippet:-1","max-image-preview":"max-image-preview:large","max-video-preview":"max-video-preview:-1"},"og_locale":"it_IT","og_type":"article","og_title":"Rhinoceros 8 - VisualARQ","og_description":"Grazie per aver scaricato VisualARQ 3 Beta Il download di VisualARQ 3 Beta per Rhinoceros 8 inizier\u00e0 tra qualche secondo. Se il download non si avvia automaticamente, fare clic qui. Requisiti Istruzioni di configurazione Convalida Per eseguire VisualARQ 3, occorre una licenza di VisualARQ 2. Se \u00e8 gi\u00e0 stata convalidata una licenza di VisualARQ 2 [&hellip;]","og_url":"https:\/\/stg.visualarq.com\/it\/download\/beta\/rhino8\/","og_site_name":"VisualARQ","article_publisher":"https:\/\/www.facebook.com\/visualarq","article_modified_time":"2024-08-28T14:31:18+00:00","twitter_card":"summary_large_image","twitter_site":"@VisualARQ","twitter_misc":{"Tempo di lettura stimato":"1 minuto"},"schema":{"@context":"https:\/\/schema.org","@graph":[{"@type":"WebPage","@id":"https:\/\/stg.visualarq.com\/it\/download\/beta\/rhino8\/","url":"https:\/\/stg.visualarq.com\/it\/download\/beta\/rhino8\/","name":"Rhinoceros 8 - VisualARQ","isPartOf":{"@id":"https:\/\/stg.visualarq.com\/it\/#website"},"datePublished":"2024-01-10T11:31:24+00:00","dateModified":"2024-08-28T14:31:18+00:00","breadcrumb":{"@id":"https:\/\/stg.visualarq.com\/it\/download\/beta\/rhino8\/#breadcrumb"},"inLanguage":"it-IT","potentialAction":[{"@type":"ReadAction","target":["https:\/\/stg.visualarq.com\/it\/download\/beta\/rhino8\/"]}]},{"@type":"BreadcrumbList","@id":"https:\/\/stg.visualarq.com\/it\/download\/beta\/rhino8\/#breadcrumb","itemListElement":[{"@type":"ListItem","position":1,"name":"Home","item":"https:\/\/stg.visualarq.com\/it\/home\/"},{"@type":"ListItem","position":2,"name":"Download","item":"https:\/\/stg.visualarq.com\/it\/download\/"},{"@type":"ListItem","position":3,"name":"Versione Beta","item":"https:\/\/stg.visualarq.com\/it\/download\/beta\/"},{"@type":"ListItem","position":4,"name":"Rhinoceros 8"}]},{"@type":"WebSite","@id":"https:\/\/stg.visualarq.com\/it\/#website","url":"https:\/\/stg.visualarq.com\/it\/","name":"VisualARQ","description":"Flexible BIM for Rhino","potentialAction":[{"@type":"SearchAction","target":{"@type":"EntryPoint","urlTemplate":"https:\/\/stg.visualarq.com\/it\/?s={search_term_string}"},"query-input":{"@type":"PropertyValueSpecification","valueRequired":true,"valueName":"search_term_string"}}],"inLanguage":"it-IT"}]}},"_links":{"self":[{"href":"https:\/\/stg.visualarq.com\/it\/wp-json\/wp\/v2\/pages\/32416","targetHints":{"allow":["GET"]}}],"collection":[{"href":"https:\/\/stg.visualarq.com\/it\/wp-json\/wp\/v2\/pages"}],"about":[{"href":"https:\/\/stg.visualarq.com\/it\/wp-json\/wp\/v2\/types\/page"}],"author":[{"embeddable":true,"href":"https:\/\/stg.visualarq.com\/it\/wp-json\/wp\/v2\/users\/6"}],"replies":[{"embeddable":true,"href":"https:\/\/stg.visualarq.com\/it\/wp-json\/wp\/v2\/comments?post=32416"}],"version-history":[{"count":0,"href":"https:\/\/stg.visualarq.com\/it\/wp-json\/wp\/v2\/pages\/32416\/revisions"}],"up":[{"embeddable":true,"href":"https:\/\/stg.visualarq.com\/it\/wp-json\/wp\/v2\/pages\/33307"}],"wp:attachment":[{"href":"https:\/\/stg.visualarq.com\/it\/wp-json\/wp\/v2\/media?parent=32416"}],"curies":[{"name":"wp","href":"https:\/\/api.w.org\/{rel}","templated":true}]}}